{"id":16318,"date":"2022-06-20T13:38:03","date_gmt":"2022-06-20T13:38:03","guid":{"rendered":"https:\/\/zecovalve.com\/?post_type=product&#038;p=16318"},"modified":"2023-06-15T12:51:11","modified_gmt":"2023-06-15T12:51:11","slug":"12-inch-gate-valve","status":"publish","type":"product","link":"https:\/\/zecovalve.com\/tr\/urun\/12-inch-gate-valve","title":{"rendered":"12 in\u00e7 S\u00fcrg\u00fcl\u00fc Vana"},"content":{"rendered":"<p>S\u00fcrg\u00fcl\u00fc vana 12 in\u00e7, boru hatlar\u0131nda yayg\u0131n bir vana boyutudur.<\/p>\r\n\r\n\r\n\r\n<figure class=\"wp-block-image alignnone size-medium wp-image-16319\">\r\n<p><img loading=\"lazy\" decoding=\"async\" class=\"size-medium wp-image-19563\" src=\"https:\/\/zecovalve.com\/wp-content\/uploads\/2022\/06\/12-inch-Gate-Valve-1-225x300.jpg\" alt=\"12 in\u00e7 S\u00fcrg\u00fcl\u00fc Vana\" width=\"225\" height=\"300\" srcset=\"https:\/\/zecovalve.com\/wp-content\/uploads\/2022\/06\/12-inch-Gate-Valve-1-225x300.jpg 225w, https:\/\/zecovalve.com\/wp-content\/uploads\/2022\/06\/12-inch-Gate-Valve-1-768x1024.jpg 768w, https:\/\/zecovalve.com\/wp-content\/uploads\/2022\/06\/12-inch-Gate-Valve-1-1152x1536.jpg 1152w, https:\/\/zecovalve.com\/wp-content\/uploads\/2022\/06\/12-inch-Gate-Valve-1-1536x2048.jpg 1536w, https:\/\/zecovalve.com\/wp-content\/uploads\/2022\/06\/12-inch-Gate-Valve-1-600x800.jpg 600w, https:\/\/zecovalve.com\/wp-content\/uploads\/2022\/06\/12-inch-Gate-Valve-1-scaled.jpg 1920w\" sizes=\"auto, (max-width: 225px) 100vw, 225px\" \/><\/p>\r\n<\/figure>\r\n\r\n\r\n<div class=\"gb-button-wrapper gb-button-wrapper-6d8495a3\">\r\n\r\n\r\n<p><a class=\"gb-button gb-button-3d442e11 gb-button-text\" href=\"mailto:commercial@zecovalve.com\" target=\"_blank\" rel=\"noopener noreferrer\"><strong>12\u2033 S\u00dcRG\u00dcL\u00dc VANA F\u0130YAT ALIN<\/strong><\/a><\/p>\r\n<\/div>\r\n\r\n\r\n\r\n\r\n<h2 class=\"wp-block-heading\" id=\"h-what-is-12-inch-gate-valve\">12 \u0130n\u00e7 S\u00fcrg\u00fcl\u00fc Vana Nedir?<\/h2>\r\n\r\n\r\n\r\n<p>ZECO 12 in\u00e7 s\u00fcrg\u00fcl\u00fc vanan\u0131n vana g\u00f6vdesi, minimum ak\u0131\u015f direncini ve d\u00f6nen ak\u0131\u015f\u0131 sa\u011flamak ve kullan\u0131c\u0131n\u0131n boru hatt\u0131ndaki maliyeti azaltmak i\u00e7in tamamen a\u00e7\u0131k durumdaki d\u00fcz boruya benzeyen yap\u0131 boyunca d\u00fczd\u00fcr. Valf g\u00f6vdesini ve kaputu ba\u011flaman\u0131n iki yolu vard\u0131r; biri valf g\u00f6vdesi kaputunun c\u0131vata ba\u011flant\u0131s\u0131d\u0131r, di\u011feri ise bas\u0131n\u00e7la kendinden s\u0131zd\u0131rmaz yap\u0131d\u0131r, her iki yap\u0131n\u0131n valf g\u00f6vdesinin i\u00e7 k\u0131sm\u0131 ayn\u0131d\u0131r, S\u0131zd\u0131rmazl\u0131k problemlerinin etkisinden sapmadan kaynaklanmayan, kap\u0131n\u0131n sabit hareketine izin veren k\u0131lavuz ray\u0131. Kapak ve braket, s\u00fcrg\u00fcl\u00fc vanan\u0131n boyutuna ba\u011fl\u0131 olarak entegre ve b\u00f6l\u00fcnm\u00fc\u015ft\u00fcr; genellikle 10 &quot;veya daha az, yaln\u0131zca tek par\u00e7al\u0131 kapak ve boyunduruktur ve 10&quot; veya daha fazlas\u0131, kaput boyunduru\u011fu b\u00f6l\u00fcnm\u00fc\u015ft\u00fcr.<\/p>\r\n\r\n\r\n\r\n<h2 class=\"wp-block-heading\" id=\"h-features-of-12-inch-gate-valve\">12 \u0130n\u00e7 S\u00fcrg\u00fcl\u00fc Vanan\u0131n \u00d6zellikleri:<\/h2>\r\n\r\n\r\n\r\n<ul class=\"wp-block-list\">\r\n<li>ZECO teknik m\u00fchendisleri, sat\u0131\u015f sonras\u0131 servisin zorlu\u011funu tamamen g\u00f6z \u00f6n\u00fcnde bulundurmu\u015flar, bu nedenle bak\u0131m\u0131n\u0131 kolayla\u015ft\u0131rmak amac\u0131yla yenilenebilir valf yuvas\u0131, \u00e7evrimi\u00e7i de\u011fi\u015ftirilebilir salmastra, \u00e7evrimi\u00e7i de\u011fi\u015ftirilebilir el \u00e7ark\u0131 vb. gibi \u00e7evrimi\u00e7i olarak bak\u0131m\u0131 yap\u0131labilecek yap\u0131y\u0131 geli\u015ftirdiler. sat\u0131\u015f sonras\u0131 personel;<\/li>\r\n<li>ZECO 12 in\u00e7 s\u00fcrg\u00fcl\u00fc vanan\u0131n takozu, oturma halkas\u0131na s\u0131k\u0131 bir \u015fekilde oturdu\u011fundan ve s\u0131k\u0131\u015fmad\u0131\u011f\u0131ndan emin olmak i\u00e7in montajdan \u00f6nce ayna y\u00fczeyine ta\u015flanm\u0131\u015ft\u0131r;<\/li>\r\n<li>ZECO 12 in\u00e7 s\u00fcrg\u00fcl\u00fc vanan\u0131n vana g\u00f6vdesi s\u0131zd\u0131rmazl\u0131\u011f\u0131, esnek ve dokuma grafit i\u015fbirli\u011fiyle ger\u00e7ekle\u015ftirilir ve daha g\u00fcvenilir bir s\u0131zd\u0131rmazl\u0131k sa\u011flan\u0131r;<\/li>\r\n<li>ZECO 12 in\u00e7 s\u00fcrg\u00fcl\u00fc vana, y\u00fcksek s\u0131cakl\u0131kta iyi bir s\u0131zd\u0131rmazl\u0131k performans\u0131na sahiptir ve kamal\u0131 vanan\u0131n \u0131s\u0131tmadan sonra s\u0131k\u0131\u015fmas\u0131 kolay de\u011fildir. Buhar, y\u00fcksek s\u0131cakl\u0131ktaki ya\u011f, ya\u011f, gaz ve di\u011fer ortamlar\u0131n yan\u0131 s\u0131ra s\u0131k s\u0131k anahtarlanan bile\u015fenler i\u00e7in uygundur. Kolayca kokla\u015fan ortamlar i\u00e7in uygun de\u011fildir.<\/li>\r\n<\/ul>\r\n\r\n\r\n\r\n<h2 class=\"wp-block-heading\">12 in\u00e7 S\u00fcrg\u00fcl\u00fc Vana Uygulamalar\u0131<\/h2>\r\n\r\n\r\n\r\n<p>12 in\u00e7 S\u00fcrg\u00fcl\u00fc vanalar, ekonomik kapatman\u0131n gerekli oldu\u011fu her yerde bulunabilir. S\u00fcrg\u00fcl\u00fc vanalar, s\u00fcrg\u00fc do\u011frudan kesebildi\u011fi i\u00e7in \u00e7amur i\u00e7eren her t\u00fcrl\u00fc uygulama i\u00e7in idealdir. S\u00fcrg\u00fcl\u00fc vanalar ayr\u0131ca a\u011f\u0131r ya\u011flar, hafif gres, vernik ve di\u011fer yan\u0131c\u0131 olmayan s\u0131v\u0131lar gibi s\u0131v\u0131lar\u0131n kullan\u0131ld\u0131\u011f\u0131 uygulamalarda da yayg\u0131nd\u0131r.<\/p>\r\n\r\n\r\n\r\n<h2 class=\"wp-block-heading\">12\u2033 S\u00fcrg\u00fcl\u00fc Vanan\u0131n Boyutlar\u0131 ve A\u011f\u0131rl\u0131\u011f\u0131<\/h2>\r\n\r\n\r\n\r\n<table border=\"=1\" width=\"800\">\r\n<tbody>\r\n<tr>\r\n<td rowspan=\"2\">Bas\u0131n\u00e7 Derecesi\u00a0<\/td>\r\n<td>Delik<\/td>\r\n<td colspan=\"3\">\u00a0Y\u00fcz Y\u00fcze Boyut (mm cinsinden)\u00a0 \u00a0<\/td>\r\n<td>A\u011f\u0131rl\u0131k<\/td>\r\n<\/tr>\r\n<tr>\r\n<td>(mm cinsinden)<\/td>\r\n<td>RF<\/td>\r\n<td>BW<\/td>\r\n<td>RTJ<\/td>\r\n<td>kg<\/td>\r\n<\/tr>\r\n<tr>\r\n<td>SINIF 150<\/td>\r\n<td>300<\/td>\r\n<td>356<\/td>\r\n<td>502<\/td>\r\n<td>368<\/td>\r\n<td>290<\/td>\r\n<\/tr>\r\n<tr>\r\n<td>SINIF 300<\/td>\r\n<td>300<\/td>\r\n<td>502<\/td>\r\n<td>502<\/td>\r\n<td>518<\/td>\r\n<td>486<\/td>\r\n<\/tr>\r\n<tr>\r\n<td>SINIF 600<\/td>\r\n<td>298<\/td>\r\n<td>838<\/td>\r\n<td>838<\/td>\r\n<td>841<\/td>\r\n<td>1068<\/td>\r\n<\/tr>\r\n<tr>\r\n<td>SINIF 900<\/td>\r\n<td>282<\/td>\r\n<td>965<\/td>\r\n<td>965<\/td>\r\n<td>968<\/td>\r\n<td>1542<\/td>\r\n<\/tr>\r\n<tr>\r\n<td>SINIF 1500<\/td>\r\n<td>263<\/td>\r\n<td>1130<\/td>\r\n<td>1130<\/td>\r\n<td>1146<\/td>\r\n<td>3816<\/td>\r\n<\/tr>\r\n<tr>\r\n<td>SINIF 2500<\/td>\r\n<td>218<\/td>\r\n<td>1422<\/td>\r\n<td>1422<\/td>\r\n<td>1445<\/td>\r\n<td>6500<\/td>\r\n<\/tr>\r\n<\/tbody>\r\n<\/table>\r\n\r\n\r\n\r\n<h2 class=\"wp-block-heading\" id=\"h-material-of-12-inch-gate-valve\">12 \u0130n\u00e7 S\u00fcrg\u00fcl\u00fc Vana Malzemesi:<\/h2>\r\n\r\n\r\n\r\n<figure class=\"wp-block-table is-style-stripes\">\r\n<table>\r\n<tbody>\r\n<tr>\r\n<td>Hay\u0131r<\/td>\r\n<td>Par\u00e7a<\/td>\r\n<td>Malzeme<\/td>\r\n<\/tr>\r\n<tr>\r\n<td>1<\/td>\r\n<td>V\u00fccut<\/td>\r\n<td>ASTM A217 WC9<\/td>\r\n<\/tr>\r\n<tr>\r\n<td>2<\/td>\r\n<td>Koltuk Halkas\u0131<\/td>\r\n<td>ASTM A182 F22 + STL<\/td>\r\n<\/tr>\r\n<tr>\r\n<td>3<\/td>\r\n<td>Kama<\/td>\r\n<td>ASTM A217 WC9 + STL<\/td>\r\n<\/tr>\r\n<tr>\r\n<td>4<\/td>\r\n<td>K\u00f6k<\/td>\r\n<td>ASTM A276 420<\/td>\r\n<\/tr>\r\n<tr>\r\n<td>5<\/td>\r\n<td>Kaput Contas\u0131<\/td>\r\n<td>Grafit + SS316<\/td>\r\n<\/tr>\r\n<tr>\r\n<td>6<\/td>\r\n<td>Kaput C\u0131vatas\u0131<\/td>\r\n<td>ASTM A193 B16<\/td>\r\n<\/tr>\r\n<tr>\r\n<td>7<\/td>\r\n<td>Kaput Somunu<\/td>\r\n<td>ASTM A194 4<\/td>\r\n<\/tr>\r\n<tr>\r\n<td>8<\/td>\r\n<td>Bone<\/td>\r\n<td>ASTM A217 WC9<\/td>\r\n<\/tr>\r\n<tr>\r\n<td>9<\/td>\r\n<td>Arka Koltuk<\/td>\r\n<td>ASTM A182 F6a<\/td>\r\n<\/tr>\r\n<tr>\r\n<td>10<\/td>\r\n<td>K\u00f6k Ambalaj<\/td>\r\n<td>G\u00fc\u00e7lendirilmi\u015f Grafit<\/td>\r\n<\/tr>\r\n<tr>\r\n<td>11<\/td>\r\n<td>El \u00c7ark\u0131<\/td>\r\n<td>KTH330-08<\/td>\r\n<\/tr>\r\n<\/tbody>\r\n<\/table>\r\n<\/figure>\r\n\r\n\r\n\r\n<h2 class=\"wp-block-heading\" id=\"h-12-inch-gate-valve-supplier\">12 in\u00e7 S\u00fcrg\u00fcl\u00fc Vana Tedarik\u00e7isi<\/h2>\r\n\r\n\r\n\r\n<p>API 6D ve API 600 sertifikal\u0131 bir vana \u015firketi olan ZECO Valve, 12 in\u00e7 s\u00fcrg\u00fcl\u00fc vanaya ek olarak 1\u2033 ile 88\u2033 aras\u0131nda de\u011fi\u015fen boyutlarda sunulan s\u00fcrg\u00fcl\u00fc vanalarda uzmanla\u015fm\u0131\u015ft\u0131r.<\/p>","protected":false},"excerpt":{"rendered":"<p>S\u00fcrg\u00fcl\u00fc vana 12 in\u00e7, boru hatlar\u0131nda yayg\u0131n bir vana boyutudur. 12 \u0130n\u00e7 S\u00fcrg\u00fcl\u00fc Vana Nedir? ZECO&#039;nun valf g\u00f6vdesi\u2026 <a title=\"12 in\u00e7 S\u00fcrg\u00fcl\u00fc Vana\" class=\"read-more\" href=\"https:\/\/zecovalve.com\/tr\/urun\/12-inch-gate-valve\" aria-label=\"12 in\u00e7 S\u00fcrg\u00fcl\u00fc Vana hakk\u0131nda daha fazlas\u0131\">Daha fazla bilgi edinin<\/a><\/p>","protected":false},"featured_media":27886,"comment_status":"closed","ping_status":"closed","template":"","meta":{"_generate-full-width-content":"","kt_blocks_editor_width":""},"product_cat":[2052,2458],"product_tag":[],"class_list":["post-16318","product","type-product","status-publish","has-post-thumbnail","hentry","product_cat-gate-valve","product_cat-gate-valve-by-inch","sales-flash-overlay","woocommerce-text-align-center","woocommerce-image-align-center","do-quantity-buttons"],"featured_image_src_large":["https:\/\/zecovalve.com\/wp-content\/uploads\/2022\/06\/12-inch-Gate-Valve-2.jpg",800,600,false],"author_info":[],"comment_info":0,"taxonomy_info":{"product_cat":[{"value":2052,"label":"Gate Valve"},{"value":2458,"label":"Gate Valve By Inch"}]},"yoast_head":"<!-- This site is optimized with the Yoast SEO Premium plugin v15.4 - https:\/\/yoast.com\/wordpress\/plugins\/seo\/ -->\n<title>12 inch Gate Valve Supplier | ZECO Valve - Gate Valve 12inch to 88 inch<\/title>\n<meta name=\"robots\" content=\"index, follow, max-snippet:-1, max-image-preview:large, max-video-preview:-1\" \/>\n<link rel=\"canonical\" href=\"https:\/\/zecovalve.com\/tr\/urun\/12-inch-gate-valve\" \/>\n<meta property=\"og:locale\" content=\"tr_TR\" \/>\n<meta property=\"og:type\" content=\"article\" \/>\n<meta property=\"og:title\" content=\"12 inch Gate Valve Supplier | ZECO Valve - Gate Valve 12inch to 88 inch\" \/>\n<meta property=\"og:description\" content=\"Gate valve 12 inch is a common valve size in pipelines. What is 12 Inch Gate Valve? The valve body of ZECO ... Read more\" \/>\n<meta property=\"og:url\" content=\"https:\/\/zecovalve.com\/tr\/urun\/12-inch-gate-valve\" \/>\n<meta property=\"og:site_name\" content=\"ZECO Valve\" \/>\n<meta property=\"article:modified_time\" content=\"2023-06-15T12:51:11+00:00\" \/>\n<meta property=\"og:image\" content=\"https:\/\/zecovalve.com\/wp-content\/uploads\/2022\/06\/12-inch-Gate-Valve-2.jpg\" \/>\n\t<meta property=\"og:image:width\" content=\"800\" \/>\n\t<meta property=\"og:image:height\" content=\"600\" \/>\n<meta name=\"twitter:card\" content=\"summary_large_image\" \/>\n<meta name=\"twitter:label1\" content=\"Yazan:\">\n\t<meta name=\"twitter:data1\" content=\"Jerry\">\n\t<meta name=\"twitter:label2\" content=\"Tahmini okuma s\u00fcresi\">\n\t<meta name=\"twitter:data2\" content=\"2 dakika\">\n<script type=\"application\/ld+json\" class=\"yoast-schema-graph\">{\"@context\":\"https:\/\/schema.org\",\"@graph\":[{\"@type\":\"WebSite\",\"@id\":\"https:\/\/zecovalve.com\/#website\",\"url\":\"https:\/\/zecovalve.com\/\",\"name\":\"ZECO Valve\",\"description\":\"Industrial Ball Valve, Gate Valve and Globe Valve Manufacturer\",\"potentialAction\":[{\"@type\":\"SearchAction\",\"target\":\"https:\/\/zecovalve.com\/?s={search_term_string}\",\"query-input\":\"required name=search_term_string\"}],\"inLanguage\":\"tr\"},{\"@type\":\"ImageObject\",\"@id\":\"https:\/\/zecovalve.com\/product\/12-inch-gate-valve#primaryimage\",\"inLanguage\":\"tr\",\"url\":\"https:\/\/zecovalve.com\/wp-content\/uploads\/2022\/06\/12-inch-Gate-Valve-2.jpg\",\"width\":800,\"height\":600,\"caption\":\"12 inch Gate Valve\"},{\"@type\":\"WebPage\",\"@id\":\"https:\/\/zecovalve.com\/product\/12-inch-gate-valve#webpage\",\"url\":\"https:\/\/zecovalve.com\/product\/12-inch-gate-valve\",\"name\":\"12 inch Gate Valve Supplier | ZECO Valve - Gate Valve 12inch to 88 inch\",\"isPartOf\":{\"@id\":\"https:\/\/zecovalve.com\/#website\"},\"primaryImageOfPage\":{\"@id\":\"https:\/\/zecovalve.com\/product\/12-inch-gate-valve#primaryimage\"},\"datePublished\":\"2022-06-20T13:38:03+00:00\",\"dateModified\":\"2023-06-15T12:51:11+00:00\",\"breadcrumb\":{\"@id\":\"https:\/\/zecovalve.com\/product\/12-inch-gate-valve#breadcrumb\"},\"inLanguage\":\"tr\",\"potentialAction\":[{\"@type\":\"ReadAction\",\"target\":[\"https:\/\/zecovalve.com\/product\/12-inch-gate-valve\"]}]},{\"@type\":\"BreadcrumbList\",\"@id\":\"https:\/\/zecovalve.com\/product\/12-inch-gate-valve#breadcrumb\",\"itemListElement\":[{\"@type\":\"ListItem\",\"position\":1,\"item\":{\"@type\":\"WebPage\",\"@id\":\"https:\/\/zecovalve.com\/\",\"url\":\"https:\/\/zecovalve.com\/\",\"name\":\"Home\"}},{\"@type\":\"ListItem\",\"position\":2,\"item\":{\"@type\":\"WebPage\",\"@id\":\"https:\/\/zecovalve.com\/product-category\",\"url\":\"https:\/\/zecovalve.com\/product-category\",\"name\":\"Industrial Valve Manufacturer | Water Valve Manufacturer\"}},{\"@type\":\"ListItem\",\"position\":3,\"item\":{\"@type\":\"WebPage\",\"@id\":\"https:\/\/zecovalve.com\/product\/12-inch-gate-valve\",\"url\":\"https:\/\/zecovalve.com\/product\/12-inch-gate-valve\",\"name\":\"12 inch Gate Valve\"}}]}]}<\/script>\n<!-- \/ Yoast SEO Premium plugin. -->","_links":{"self":[{"href":"https:\/\/zecovalve.com\/tr\/wp-json\/wp\/v2\/product\/16318","targetHints":{"allow":["GET"]}}],"collection":[{"href":"https:\/\/zecovalve.com\/tr\/wp-json\/wp\/v2\/product"}],"about":[{"href":"https:\/\/zecovalve.com\/tr\/wp-json\/wp\/v2\/types\/product"}],"replies":[{"embeddable":true,"href":"https:\/\/zecovalve.com\/tr\/wp-json\/wp\/v2\/comments?post=16318"}],"wp:featuredmedia":[{"embeddable":true,"href":"https:\/\/zecovalve.com\/tr\/wp-json\/wp\/v2\/media\/27886"}],"wp:attachment":[{"href":"https:\/\/zecovalve.com\/tr\/wp-json\/wp\/v2\/media?parent=16318"}],"wp:term":[{"taxonomy":"product_cat","embeddable":true,"href":"https:\/\/zecovalve.com\/tr\/wp-json\/wp\/v2\/product_cat?post=16318"},{"taxonomy":"product_tag","embeddable":true,"href":"https:\/\/zecovalve.com\/tr\/wp-json\/wp\/v2\/product_tag?post=16318"}],"curies":[{"name":"wp","href":"https:\/\/api.w.org\/{rel}","templated":true}]}}