{"id":16337,"date":"2022-06-20T14:45:35","date_gmt":"2022-06-20T14:45:35","guid":{"rendered":"https:\/\/zecovalve.com\/?post_type=product&#038;p=16337"},"modified":"2023-06-16T13:40:51","modified_gmt":"2023-06-16T13:40:51","slug":"flange-check-valve","status":"publish","type":"product","link":"https:\/\/zecovalve.com\/tr\/urun\/flange-check-valve","title":{"rendered":"Flan\u015fl\u0131 \u00c7ekvalf"},"content":{"rendered":"<p><img loading=\"lazy\" decoding=\"async\" class=\"size-medium wp-image-27916\" src=\"https:\/\/zecovalve.com\/wp-content\/uploads\/2022\/06\/Flange-Check-Valve-1-300x225.jpg\" alt=\"Flan\u015fl\u0131 \u00c7ekvalf\" width=\"300\" height=\"225\" srcset=\"https:\/\/zecovalve.com\/wp-content\/uploads\/2022\/06\/Flange-Check-Valve-1-300x225.jpg 300w, https:\/\/zecovalve.com\/wp-content\/uploads\/2022\/06\/Flange-Check-Valve-1-768x576.jpg 768w, https:\/\/zecovalve.com\/wp-content\/uploads\/2022\/06\/Flange-Check-Valve-1-600x450.jpg 600w, https:\/\/zecovalve.com\/wp-content\/uploads\/2022\/06\/Flange-Check-Valve-1.jpg 800w\" sizes=\"auto, (max-width: 300px) 100vw, 300px\" \/><\/p>\n<p class=\"sep-title\"><a style=\"font-size: 17px;\" href=\"https:\/\/zecovalve.com\/tr\/products\/flange-check-valve.html\/#form\">\u00a0VANA FI\u0307YATI ALIN<\/a><\/p>\n<div class=\"richtext\">\n<h2>A\u00e7\u0131klama:<\/h2>\n<p>ZECO flan\u015f \u00e7ek valf, yap\u0131s\u0131na uygun olarak flan\u015f kald\u0131rma tipi \u00e7ek valf, flan\u015f sal\u0131n\u0131ml\u0131 \u00e7ek valf ve flan\u015fl\u0131 \u00e7ift plakal\u0131 \u00e7ek valf olarak ayr\u0131lm\u0131\u015ft\u0131r. Flan\u015fl\u0131 kald\u0131rma tipi \u00e7ek valf: Disk, g\u00f6vdenin merkez hatt\u0131 boyunca kayar. k\u00fc\u00e7\u00fck hacimli, hafif, iyi proses performans\u0131. \u00c7ek Valflerin geli\u015fim y\u00f6nlerinden biri; Flan\u015f sal\u0131n\u0131ml\u0131 \u00e7ek valf: Disk, koltu\u011fun d\u0131\u015f pimi etraf\u0131nda d\u00f6ner; Flan\u015fl\u0131 \u00e7ift plakal\u0131 \u00e7ek valf: \u0130ki disk merkez \u015faft\u0131n etraf\u0131nda d\u00f6nmektedir. Flan\u015f kald\u0131rma \u00e7ek valfi yaln\u0131zca ak\u0131\u015fa g\u00f6re seviyeye monte edilir. Flan\u015fl\u0131 sal\u0131n\u0131ml\u0131 \u00e7ekvalf, ak\u0131\u015fa g\u00f6re dikey ve terazide, tercihen tesisat\u0131n hizas\u0131nda da monte edilebilir. Tan\u0131nm\u0131\u015f bir flan\u015f \u00e7ek valf \u00fcreticisi olarak ZECO&#039;nun, \u00e7ek valf kabuk testi, s\u0131zd\u0131rmazl\u0131k testi ve d\u00fc\u015f\u00fck bas\u0131n\u00e7l\u0131 gaz s\u0131zd\u0131rmazl\u0131k testi konusunda kat\u0131 gereksinimleri vard\u0131r. Fabrikan\u0131n 100% testi, her vanan\u0131n m\u00fc\u015fteri sahas\u0131na iyi durumda ve g\u00fcvenli bir \u015fekilde teslim edilmesini sa\u011flamak i\u00e7in API 598 standard\u0131na g\u00f6re bas\u0131n\u00e7 testi yapar.<\/p>\n<h2>\u00d6zellikler:<\/h2>\n<p>1. ZECO flan\u015f \u00e7ek valfinin yenilenebilir conta kaynakl\u0131 yata\u011f\u0131 stellite 6 ile standartt\u0131r, iste\u011fe ba\u011fl\u0131 olarak koltu\u011fa vidalanm\u0131\u015ft\u0131r;<\/p>\n<p>2. S\u0131n\u0131f 150 vanalar i\u00e7in esnek grafit conta, S\u0131n\u0131f 300 ve 600 vanalar i\u00e7in spiral sarg\u0131l\u0131 conta ve S\u0131n\u0131f 900 ve \u00fczeri vanalar i\u00e7in halka mafsal veya m\u00fc\u015fteri talebi \u00fczerine S\u0131n\u0131f 600 vanalar i\u00e7in bir se\u00e7enek olarak;<\/p>\n<p>3. ZECO flan\u015fl\u0131 \u00e7ek valf, kullan\u0131c\u0131n\u0131n gereksinimlerine g\u00f6re valf g\u00f6vdesinin merkez hatt\u0131n\u0131n alt k\u0131sm\u0131na yerle\u015ftirilebilir, valf g\u00f6vdesinin k\u00fc\u00e7\u00fck yabanc\u0131 maddeler taraf\u0131ndan bloke edilmesini sa\u011flar, bu k\u00fc\u00e7\u00fck yabanc\u0131 maddeleri gidermek i\u00e7in bir bak\u0131m noktas\u0131 vard\u0131r ;<\/p>\n<p>4. ZECO flan\u015f \u00e7ek valfi Basit ve Kompakt yap\u0131dad\u0131r, k\u00fc\u00e7\u00fck hacimlidir, d\u00fc\u015f\u00fck a\u011f\u0131rl\u0131kt\u0131r. H\u0131zl\u0131 a\u00e7ma\/kapama, g\u00fcvenilir s\u0131zd\u0131rmazl\u0131k ve m\u00fckemmel performans\u0131n ger\u00e7ekle\u015ftirilmesi kolayd\u0131r.<\/p>\n<h2>Malzeme:<\/h2>\n<table>\n<tbody>\n<tr class=\"firstRow\">\n<td valign=\"center\">Hay\u0131r<\/td>\n<td valign=\"center\">Par\u00e7a<\/td>\n<td valign=\"center\">Malzeme<\/td>\n<\/tr>\n<tr>\n<td valign=\"center\">1<\/td>\n<td valign=\"center\">V\u00fccut<\/td>\n<td valign=\"center\">ASTM A216 WCB<\/td>\n<\/tr>\n<tr>\n<td valign=\"center\">2<\/td>\n<td valign=\"center\">Koltuk<\/td>\n<td valign=\"center\">ASTM A105 +13Cr<\/td>\n<\/tr>\n<tr>\n<td valign=\"center\">3<\/td>\n<td valign=\"center\">Disk<\/td>\n<td valign=\"center\">ASTM A216 WCB+ 13Cr<\/td>\n<\/tr>\n<tr>\n<td valign=\"center\">4<\/td>\n<td valign=\"center\">Kol<\/td>\n<td valign=\"center\">ASTM A216 WCB<\/td>\n<\/tr>\n<tr>\n<td valign=\"center\">5<\/td>\n<td valign=\"center\">F\u0131nd\u0131k<\/td>\n<td valign=\"center\">ASTM A194 2H<\/td>\n<\/tr>\n<tr>\n<td valign=\"center\">6<\/td>\n<td valign=\"center\">Pim<\/td>\n<td valign=\"center\">ASTM A182 F6a<\/td>\n<\/tr>\n<tr>\n<td valign=\"center\">7<\/td>\n<td valign=\"center\">Ba\u011flay\u0131c\u0131<\/td>\n<td valign=\"center\">ASTM A216 WCB<\/td>\n<\/tr>\n<tr>\n<td valign=\"center\">8<\/td>\n<td valign=\"center\">Conta<\/td>\n<td valign=\"center\">Grafit + SS304<\/td>\n<\/tr>\n<tr>\n<td valign=\"center\">9<\/td>\n<td valign=\"center\">Bone<\/td>\n<td valign=\"center\">ASTM A216 WCB<\/td>\n<\/tr>\n<tr>\n<td valign=\"center\">10<\/td>\n<td valign=\"center\">C\u0131vata<\/td>\n<td valign=\"center\">ASTM A193 B7<\/td>\n<\/tr>\n<\/tbody>\n<\/table>\n<\/div>","protected":false},"excerpt":{"rendered":"<p>\u00a0VANA F\u0130YATI ALIN A\u00e7\u0131klama: ZECO flan\u015f \u00e7ekvalf, yap\u0131s\u0131na uygun olarak flan\u015fl\u0131 kald\u0131rma tipi \u00e7ekvalf, flan\u015fl\u0131\u2026 <a title=\"Flan\u015fl\u0131 \u00c7ekvalf\" class=\"read-more\" href=\"https:\/\/zecovalve.com\/tr\/urun\/flange-check-valve\" aria-label=\"Flan\u015f \u00c7ek Valf\u0131 hakk\u0131nda daha fazlas\u0131\">Daha fazla bilgi edinin<\/a><\/p>","protected":false},"featured_media":27916,"comment_status":"closed","ping_status":"closed","template":"","meta":{"_generate-full-width-content":"","kt_blocks_editor_width":""},"product_cat":[2455,2067],"product_tag":[2657,2661,2660],"class_list":["post-16337","product","type-product","status-publish","has-post-thumbnail","hentry","product_cat-check-valve","product_cat-swing-check-valve","product_tag-non-return-valve","product_tag-nrv-valve","product_tag-swing-check-valve","sales-flash-overlay","woocommerce-text-align-center","woocommerce-image-align-center","do-quantity-buttons"],"featured_image_src_large":["https:\/\/zecovalve.com\/wp-content\/uploads\/2022\/06\/Flange-Check-Valve-1.jpg",800,600,false],"author_info":[],"comment_info":0,"taxonomy_info":{"product_cat":[{"value":2455,"label":"Check Valve"},{"value":2067,"label":"Swing Check Valve"}],"product_tag":[{"value":2657,"label":"Non Return Valve"},{"value":2661,"label":"NRV Valve"},{"value":2660,"label":"Swing Check Valve"}]},"yoast_head":"<!-- This site is optimized with the Yoast SEO Premium plugin v15.4 - https:\/\/yoast.com\/wordpress\/plugins\/seo\/ -->\n<title>Flange Check Valve - ZECO Valve<\/title>\n<meta name=\"robots\" content=\"index, follow, max-snippet:-1, max-image-preview:large, max-video-preview:-1\" \/>\n<link rel=\"canonical\" href=\"https:\/\/zecovalve.com\/tr\/urun\/flange-check-valve\" \/>\n<meta property=\"og:locale\" content=\"tr_TR\" \/>\n<meta property=\"og:type\" content=\"article\" \/>\n<meta property=\"og:title\" content=\"Flange Check Valve - ZECO Valve\" \/>\n<meta property=\"og:description\" content=\"\u00a0GET VALVE PRICE Description: In accordance with the structure, ZECO flange check Valve is divided into flange lift type check valve, flange ... Read more\" \/>\n<meta property=\"og:url\" content=\"https:\/\/zecovalve.com\/tr\/urun\/flange-check-valve\" \/>\n<meta property=\"og:site_name\" content=\"ZECO Valve\" \/>\n<meta property=\"article:modified_time\" content=\"2023-06-16T13:40:51+00:00\" \/>\n<meta property=\"og:image\" content=\"https:\/\/zecovalve.com\/wp-content\/uploads\/2022\/06\/Flange-Check-Valve-1.jpg\" \/>\n\t<meta property=\"og:image:width\" content=\"800\" \/>\n\t<meta property=\"og:image:height\" content=\"600\" \/>\n<meta name=\"twitter:card\" content=\"summary_large_image\" \/>\n<meta name=\"twitter:label1\" content=\"Yazan:\">\n\t<meta name=\"twitter:data1\" content=\"Jerry\">\n\t<meta name=\"twitter:label2\" content=\"Tahmini okuma s\u00fcresi\">\n\t<meta name=\"twitter:data2\" content=\"1 dakika\">\n<script type=\"application\/ld+json\" class=\"yoast-schema-graph\">{\"@context\":\"https:\/\/schema.org\",\"@graph\":[{\"@type\":\"WebSite\",\"@id\":\"https:\/\/zecovalve.com\/#website\",\"url\":\"https:\/\/zecovalve.com\/\",\"name\":\"ZECO Valve\",\"description\":\"Industrial Ball Valve, Gate Valve and Globe Valve Manufacturer\",\"potentialAction\":[{\"@type\":\"SearchAction\",\"target\":\"https:\/\/zecovalve.com\/?s={search_term_string}\",\"query-input\":\"required name=search_term_string\"}],\"inLanguage\":\"tr\"},{\"@type\":\"ImageObject\",\"@id\":\"https:\/\/zecovalve.com\/product\/flange-check-valve#primaryimage\",\"inLanguage\":\"tr\",\"url\":\"https:\/\/zecovalve.com\/wp-content\/uploads\/2022\/06\/Flange-Check-Valve-1.jpg\",\"width\":800,\"height\":600,\"caption\":\"Flange Check Valve\"},{\"@type\":\"WebPage\",\"@id\":\"https:\/\/zecovalve.com\/product\/flange-check-valve#webpage\",\"url\":\"https:\/\/zecovalve.com\/product\/flange-check-valve\",\"name\":\"Flange Check Valve - ZECO Valve\",\"isPartOf\":{\"@id\":\"https:\/\/zecovalve.com\/#website\"},\"primaryImageOfPage\":{\"@id\":\"https:\/\/zecovalve.com\/product\/flange-check-valve#primaryimage\"},\"datePublished\":\"2022-06-20T14:45:35+00:00\",\"dateModified\":\"2023-06-16T13:40:51+00:00\",\"breadcrumb\":{\"@id\":\"https:\/\/zecovalve.com\/product\/flange-check-valve#breadcrumb\"},\"inLanguage\":\"tr\",\"potentialAction\":[{\"@type\":\"ReadAction\",\"target\":[\"https:\/\/zecovalve.com\/product\/flange-check-valve\"]}]},{\"@type\":\"BreadcrumbList\",\"@id\":\"https:\/\/zecovalve.com\/product\/flange-check-valve#breadcrumb\",\"itemListElement\":[{\"@type\":\"ListItem\",\"position\":1,\"item\":{\"@type\":\"WebPage\",\"@id\":\"https:\/\/zecovalve.com\/\",\"url\":\"https:\/\/zecovalve.com\/\",\"name\":\"Home\"}},{\"@type\":\"ListItem\",\"position\":2,\"item\":{\"@type\":\"WebPage\",\"@id\":\"https:\/\/zecovalve.com\/product-category\",\"url\":\"https:\/\/zecovalve.com\/product-category\",\"name\":\"Industrial Valve Manufacturer | Water Valve Manufacturer\"}},{\"@type\":\"ListItem\",\"position\":3,\"item\":{\"@type\":\"WebPage\",\"@id\":\"https:\/\/zecovalve.com\/product\/flange-check-valve\",\"url\":\"https:\/\/zecovalve.com\/product\/flange-check-valve\",\"name\":\"Flange Check Valve\"}}]}]}<\/script>\n<!-- \/ Yoast SEO Premium plugin. -->","_links":{"self":[{"href":"https:\/\/zecovalve.com\/tr\/wp-json\/wp\/v2\/product\/16337","targetHints":{"allow":["GET"]}}],"collection":[{"href":"https:\/\/zecovalve.com\/tr\/wp-json\/wp\/v2\/product"}],"about":[{"href":"https:\/\/zecovalve.com\/tr\/wp-json\/wp\/v2\/types\/product"}],"replies":[{"embeddable":true,"href":"https:\/\/zecovalve.com\/tr\/wp-json\/wp\/v2\/comments?post=16337"}],"wp:featuredmedia":[{"embeddable":true,"href":"https:\/\/zecovalve.com\/tr\/wp-json\/wp\/v2\/media\/27916"}],"wp:attachment":[{"href":"https:\/\/zecovalve.com\/tr\/wp-json\/wp\/v2\/media?parent=16337"}],"wp:term":[{"taxonomy":"product_cat","embeddable":true,"href":"https:\/\/zecovalve.com\/tr\/wp-json\/wp\/v2\/product_cat?post=16337"},{"taxonomy":"product_tag","embeddable":true,"href":"https:\/\/zecovalve.com\/tr\/wp-json\/wp\/v2\/product_tag?post=16337"}],"curies":[{"name":"wp","href":"https:\/\/api.w.org\/{rel}","templated":true}]}}