{"id":16344,"date":"2022-06-20T14:52:15","date_gmt":"2022-06-20T14:52:15","guid":{"rendered":"https:\/\/zecovalve.com\/?post_type=product&#038;p=16344"},"modified":"2023-06-15T12:51:34","modified_gmt":"2023-06-15T12:51:34","slug":"slab-gate-valve","status":"publish","type":"product","link":"https:\/\/zecovalve.com\/tr\/urun\/slab-gate-valve","title":{"rendered":"D\u00f6\u015feme S\u00fcrg\u00fcl\u00fc Vana - Kanal S\u00fcrg\u00fcl\u00fc Vana"},"content":{"rendered":"<p>Slab through konduit s\u00fcrg\u00fcl\u00fc vanalar, API 6D ve API 6A standartlar\u0131na uygun olarak ve \u00f6zellikle a\u00e7ma-kapama hizmetleri i\u00e7in tasarlan\u0131p \u00fcretilmektedir. Bu valf, y\u00fcksek bas\u0131n\u00e7 ve s\u0131cakl\u0131k ko\u015fullar\u0131 alt\u0131nda her t\u00fcrl\u00fc proses s\u0131v\u0131s\u0131na dayanmaya uygundur.<\/p>\r\n\r\n\r\n\r\n<figure class=\"wp-block-image alignnone size-medium wp-image-16345\"><img loading=\"lazy\" decoding=\"async\" width=\"300\" height=\"225\" class=\"wp-image-16345\" src=\"https:\/\/zecovalve.com\/wp-content\/uploads\/2022\/06\/slab-gate-valve-300x225.jpg\" alt=\"Slab S\u00fcrg\u00fcl\u00fc Vana\" srcset=\"https:\/\/zecovalve.com\/wp-content\/uploads\/2022\/06\/slab-gate-valve-300x225.jpg 300w, https:\/\/zecovalve.com\/wp-content\/uploads\/2022\/06\/slab-gate-valve-768x576.jpg 768w, https:\/\/zecovalve.com\/wp-content\/uploads\/2022\/06\/slab-gate-valve-600x450.jpg 600w, https:\/\/zecovalve.com\/wp-content\/uploads\/2022\/06\/slab-gate-valve.jpg 800w\" sizes=\"auto, (max-width: 300px) 100vw, 300px\" \/><\/figure>\r\n\r\n\r\n<div class=\"gb-button-wrapper gb-button-wrapper-6d8495a3\">\r\n\r\n\r\n<p><a class=\"gb-button gb-button-3d442e11 gb-button-text\" href=\"mailto:commercial@zecovalve.com\" target=\"_blank\" rel=\"noopener noreferrer\"><strong>SLAB S\u00dcRG\u00dcL\u00dc VANA F\u0130YATI ALIN<\/strong><\/a><\/p>\r\n<p>&nbsp;<\/p>\r\n<\/div>\r\n\r\n\r\n\r\n\r\n<h2 class=\"wp-block-heading\" id=\"h-what-is-a-slab-gate-valve\">D\u00f6\u015feme S\u00fcrg\u00fcl\u00fc Vana Nedir?<\/h2>\r\n\r\n\r\n\r\n<p>D\u00f6\u015feme s\u00fcrg\u00fcl\u00fc vanalar\u0131 tam yollu vanalard\u0131r; bu, kap\u0131daki deli\u011fin boruyla tam olarak ayn\u0131 boyutta oldu\u011fu anlam\u0131na gelir. Bu tam port tasar\u0131m\u0131, vana boyunca tam ak\u0131\u015f ve d\u00fc\u015f\u00fck bas\u0131n\u00e7 d\u00fc\u015f\u00fc\u015f\u00fc sa\u011flar ve <a href=\"https:\/\/zecovalve.com\/tr\/understanding-pigging-and-pig-valves-in-industrial-pipelines-zeco-valve-blog.html\/\" data-internallinksmanager029f6b8e52c=\"12\" title=\"PIGING\" target=\"_blank\" rel=\"noopener\">PIGING<\/a> ihtiya\u00e7 duyuldu\u011funda hat.<\/p>\r\n\r\n\r\n\r\n<p>Y\u00f6nlendirme delikli ZECO d\u00f6\u015feme s\u00fcrg\u00fcl\u00fc vanas\u0131n\u0131n ak\u0131\u015f \u00f6zellikleri, ayn\u0131 \u00e7aptaki boru hatt\u0131n\u0131nkiyle ayn\u0131d\u0131r. Di\u011fer iki tip vana ile kar\u015f\u0131la\u015ft\u0131r\u0131ld\u0131\u011f\u0131nda, y\u00f6nlendirme deli\u011fi olmayan ayar tipi levha s\u00fcrg\u00fcl\u00fc vanan\u0131n ak\u0131\u015f \u00f6zellikleri, y\u00f6nlendirme deli\u011fi olmayan s\u0131radan tipteki vanalardan daha iyidir. Bu nedenle, uzun boru hatt\u0131nda, do\u011fal gazda, petrol end\u00fcstrisinde, y\u00f6nlendirme delikli d\u00f6\u015feme s\u00fcrg\u00fcl\u00fc vana \u00f6zellikle yayg\u0131n olarak kullan\u0131lmaktad\u0131r. \u00c7in&#039;de tan\u0131nm\u0131\u015f bir d\u00f6\u015feme s\u00fcrg\u00fcl\u00fc vana \u00fcreticisi olan ZECO Valve Group, API 6D standartlar\u0131na tam uygun olarak b\u00fcy\u00fck \u00f6l\u00e7ekli, m\u00fckemmel kalitede ve zarif g\u00f6r\u00fcn\u00fcml\u00fc d\u00f6\u015feme s\u00fcrg\u00fcl\u00fc vanalar\u0131 sunabilmektedir.<\/p>\r\n\r\n\r\n\r\n<h2 class=\"wp-block-heading\">D\u00f6\u015feme S\u00fcrg\u00fcl\u00fc Vanalar\u0131n \u00d6zellikleri<\/h2>\r\n\r\n\r\n\r\n<figure class=\"wp-block-table is-style-stripes\">\r\n<table>\r\n<tbody>\r\n<tr>\r\n<th>Boyut<\/th>\r\n<td>NPS2&quot;~48&quot;<\/td>\r\n<\/tr>\r\n<tr>\r\n<th>Bas\u0131n\u00e7 Derecesi<\/th>\r\n<td>S\u0131n\u0131f 150~1500<\/td>\r\n<\/tr>\r\n<tr>\r\n<th>Malzeme<\/th>\r\n<td>WCB,LCB,CF8,CF8M,CF3,CF3M<\/td>\r\n<\/tr>\r\n<tr>\r\n<th>Tasar\u0131m ve \u00dcretim Standard\u0131<\/th>\r\n<td>ASME B16.34, API 6D<\/td>\r\n<\/tr>\r\n<tr>\r\n<th>Y\u00fcz Y\u00fcze<\/th>\r\n<td>ASME B 16.10, BSEN 588, API 6D<\/td>\r\n<\/tr>\r\n<tr>\r\n<th>U\u00e7 Ba\u011flant\u0131s\u0131<\/th>\r\n<td>ASME B16.5,ASME B16.47,BSEN 1092<\/td>\r\n<\/tr>\r\n<tr>\r\n<th>Test Standard\u0131<\/th>\r\n<td>ISO 5208, API 6D, BSEN 12266<\/td>\r\n<\/tr>\r\n<tr>\r\n<th>Yap\u0131 Tipi<\/th>\r\n<td>Ge\u00e7i\u015f kanall\u0131\/kanals\u0131z Tek Kap\u0131, ge\u00e7i\u015f kanall\u0131\/kanals\u0131z \u00c7ift Kap\u0131<\/td>\r\n<\/tr>\r\n<tr>\r\n<th>\u00c7al\u0131\u015ft\u0131rma Y\u00f6ntemi<\/th>\r\n<td>Manuel, Sonsuz Di\u015fli, Elektrikli Akt\u00fcat\u00f6r, Pn\u00f6matik Akt\u00fcat\u00f6r<\/td>\r\n<\/tr>\r\n<\/tbody>\r\n<\/table>\r\n<\/figure>\r\n\r\n\r\n\r\n<h2 class=\"wp-block-heading\">D\u00f6\u015feme S\u00fcrg\u00fcl\u00fc Vanalar\u0131n S\u0131zd\u0131rmazl\u0131\u011f\u0131<\/h2>\r\n\r\n\r\n\r\n<ul class=\"wp-block-list\">\r\n<li>G\u00f6vde S\u0131zd\u0131rmazl\u0131\u011f\u0131\r\n<ul>\r\n<li>T\u00fcm ana g\u00f6vde contalar\u0131 metalden metale, spiral yaralara veya halka tipi ba\u011flant\u0131lara sahiptir.<\/li>\r\n<li>Istek \u00fczerine Mevcut:\r\n<ul>\r\n<li>Yedekli bir bariyer olu\u015fturmak i\u00e7in ikincil yumu\u015fak conta<\/li>\r\n<li>S\u0131z\u0131nt\u0131 portu dedekt\u00f6r\u00fc<\/li>\r\n<\/ul>\r\n<\/li>\r\n<\/ul>\r\n<\/li>\r\n<\/ul>\r\n\r\n\r\n\r\n<ul class=\"wp-block-list\">\r\n<li>K\u00f6k S\u0131zd\u0131rmazl\u0131k\r\n<ul>\r\n<li>PTFE \u015eerit Tipi: Termoplastik \u00e7oklu V-halkalar\u0131, fener halkal\u0131 veya halkas\u0131z.<\/li>\r\n<li>Istek \u00fczerine Mevcut:\r\n<ul>\r\n<li>O-halka s\u0131zd\u0131rmazl\u0131k<\/li>\r\n<li>Grafit s\u0131zd\u0131rmazl\u0131k<\/li>\r\n<li>Standart termoplastik contalara ek olarak metalden metale g\u00f6vde contalar\u0131<\/li>\r\n<li>S\u0131zd\u0131rmazl\u0131k maddesi enjeksiyon kapasitesi (iste\u011fe ba\u011fl\u0131)<\/li>\r\n<li>Yedekli elastomerik (AED) g\u00f6vde contas\u0131<\/li>\r\n<li>S\u0131z\u0131nt\u0131 portu dedekt\u00f6r\u00fc<\/li>\r\n<\/ul>\r\n<\/li>\r\n<\/ul>\r\n<\/li>\r\n<\/ul>\r\n\r\n\r\n\r\n<ul class=\"wp-block-list\">\r\n<li>Koltuk S\u0131zd\u0131rmazl\u0131\u011f\u0131\r\n<ul>\r\n<li>ZECO Slab s\u00fcrg\u00fcl\u00fc vana yap\u0131s\u0131, yukar\u0131 veya a\u015fa\u011f\u0131 y\u00f6ndeki bas\u0131n\u00e7 ko\u015fullar\u0131ndan ba\u011f\u0131ms\u0131z olarak her iki tarafta pozitif oturma sa\u011flayan yay enerjili y\u00fczer yuvalar i\u00e7erir. Yatak contalar\u0131, d\u00fc\u015f\u00fck bas\u0131n\u00e7 ko\u015fullar\u0131nda s\u0131zd\u0131rmazl\u0131k sa\u011flamak i\u00e7in yay enerjilidir. Hat bas\u0131nc\u0131 artt\u0131\u011f\u0131nda, pozitif bir kapatma sa\u011flamak i\u00e7in koltuktan kap\u0131ya temas bas\u0131nc\u0131 da buna uygun olarak artar. Her iki koltu\u011fa da koltu\u011fun kendisindeki diferansiyel bas\u0131n\u00e7la ayr\u0131 ayr\u0131 enerji verildi\u011fi i\u00e7in, yukar\u0131 ve\/veya a\u015fa\u011f\u0131 ak\u0131\u015f taraf\u0131 bas\u0131n\u00e7land\u0131r\u0131ld\u0131\u011f\u0131nda valf bo\u015flu\u011fu havaland\u0131r\u0131labilir. Valf, ak\u0131\u015f y\u00f6n\u00fcne ve\/veya diferansiyel bas\u0131nc\u0131n y\u00f6n\u00fcne bak\u0131lmaks\u0131z\u0131n ayn\u0131 performans\u0131 g\u00f6sterir.<\/li>\r\n<\/ul>\r\n<\/li>\r\n<\/ul>\r\n\r\n\r\n\r\n<h2 class=\"wp-block-heading\" id=\"h-features-of-slab-gate-valve\">D\u00f6\u015feme S\u00fcrg\u00fcl\u00fc Vanalar\u0131n \u00d6zellikleri<\/h2>\r\n\r\n\r\n\r\n<ul class=\"wp-block-list\">\r\n<li>D\u00f6\u015feme s\u00fcrg\u00fcl\u00fc vanalar\u0131, iki oturma halkas\u0131 aras\u0131nda y\u00fckselen ve al\u00e7alan tek bir kap\u0131 \u00fcnitesinden olu\u015fur. S\u00fcrg\u00fcn\u00fcn koltuklar aras\u0131nda kaymas\u0131 nedeniyle, levha s\u00fcrg\u00fcl\u00fc vanalar as\u0131l\u0131 par\u00e7ac\u0131klar\u0131n bulundu\u011fu ortamlar i\u00e7in uygundur. Plaka s\u00fcrg\u00fcl\u00fc vanalar\u0131n s\u0131zd\u0131rmazl\u0131k y\u00fczeyi neredeyse kendi kendine konumland\u0131r\u0131l\u0131r ve g\u00f6vdenin termal deformasyonundan zarar g\u00f6rmez. Valf so\u011fuk durumda kapat\u0131lsa bile, g\u00f6vdenin s\u0131cak uzamas\u0131 s\u0131zd\u0131rmazl\u0131k y\u00fczeyine a\u015f\u0131r\u0131 y\u00fcklenmez ve y\u00f6nlendirme delikleri olmayan d\u00f6\u015feme s\u00fcrg\u00fcl\u00fc valfler, ge\u00e7idin kapanma konumunda y\u00fcksek hassasiyet gerektirmez. Valf tamamen a\u00e7\u0131k oldu\u011funda, delik p\u00fcr\u00fczs\u00fcz ve do\u011frusald\u0131r ve ak\u0131\u015f direnci katsay\u0131s\u0131 minimum d\u00fczeydedir, sabitlenebilir ve bas\u0131n\u00e7 kayb\u0131 olmaz.<\/li>\r\n<li>ZECO d\u00f6\u015feme s\u00fcrg\u00fcl\u00fc vanas\u0131 bir gres enjeksiyon deli\u011fi ile donat\u0131lm\u0131\u015ft\u0131r, s\u0131zd\u0131rmazl\u0131k y\u00fczeyinin hasar g\u00f6rmesi durumunda bak\u0131m personeli, vanan\u0131n normal anahtarlama performans\u0131n\u0131 sa\u011flamak i\u00e7in s\u0131zd\u0131rmazl\u0131k y\u00fczeyini korumak i\u00e7in gres enjeksiyon deli\u011finden s\u0131zd\u0131rmazl\u0131k maddesini kolayca enjekte edebilir. bak\u0131m, valfin normal servis \u00f6mr\u00fcn\u00fc uzatmak i\u00e7in s\u0131zd\u0131rmazl\u0131k y\u00fczeyini ya\u011flamak \u00fczere enjeksiyon s\u0131zd\u0131rmazl\u0131k maddesi sa\u011flay\u0131n;<\/li>\r\n<li>ZECO d\u00f6\u015feme s\u00fcrg\u00fcl\u00fc vana tamamen a\u00e7\u0131k oldu\u011funda, kanal d\u00fcz boru hatt\u0131d\u0131r, ak\u0131\u015f direnci katsay\u0131s\u0131 ve bas\u0131n\u00e7 kayb\u0131 \u00e7ok k\u00fc\u00e7\u00fckt\u00fcr ve neredeyse ihmal edilebilir d\u00fczeydedir, bu da kullan\u0131c\u0131lar i\u00e7in boru hatt\u0131 i\u015fletme maliyetini azaltabilir ve haplar temizlik i\u00e7in kullan\u0131labilir. boru hatt\u0131n\u0131n temizlenmesi;<\/li>\r\n<li>ZECO d\u00f6\u015feme s\u00fcrg\u00fcl\u00fc vanas\u0131, vanan\u0131n g\u00fcvenli kullan\u0131m\u0131n\u0131 korumak i\u00e7in vana g\u00f6vdesinin orta b\u00f6lmesindeki a\u015f\u0131r\u0131 bas\u0131n\u00e7 durumunda bas\u0131nc\u0131 otomatik olarak tahliye edebilen otomatik bir bas\u0131n\u00e7 tahliye koruma cihaz\u0131 ile donat\u0131lm\u0131\u015ft\u0131r;<\/li>\r\n<li>ZECO levha s\u00fcrg\u00fcl\u00fc vanan\u0131n y\u00fczer yatak yap\u0131s\u0131, vanan\u0131n her iki y\u00f6nde de s\u0131zd\u0131rmaz hale getirilmesini sa\u011flar.<\/li>\r\n<\/ul>\r\n\r\n\r\n\r\n<h2 class=\"wp-block-heading\">D\u00f6\u015feme S\u00fcrg\u00fcl\u00fc Vanan\u0131n Dezavantajlar\u0131<\/h2>\r\n\r\n\r\n\r\n<p>Plaka s\u00fcrg\u00fcl\u00fc vanalar\u0131n da baz\u0131 dezavantajlar\u0131 vard\u0131r: orta bas\u0131n\u00e7 d\u00fc\u015f\u00fck oldu\u011funda, metal s\u0131zd\u0131rmazl\u0131k y\u00fczeyi tamamen s\u0131zd\u0131rmaz hale gelmeyebilir; bunun yerine, orta bas\u0131n\u00e7 \u00e7ok y\u00fcksek oldu\u011funda, y\u00fcksek frekansl\u0131 a\u00e7ma ve kapama, s\u0131zd\u0131rmazl\u0131k y\u00fczeyinin \u00e7ok fazla a\u015f\u0131nmas\u0131na neden olabilir. ortam veya ya\u011flama yoktur. Di\u011fer bir dezavantaj ise, dairesel bir kanal \u00fczerinde yatay olarak hareket eden dairesel bir kap\u0131n\u0131n, ak\u0131\u015f\u0131 yaln\u0131zca vanan\u0131n kapal\u0131 konumunun 50%&#039;sinde oldu\u011funda etkili bir \u015fekilde kontrol etmesidir.<\/p>\r\n\r\n\r\n\r\n<h2 class=\"wp-block-heading\" id=\"h-material-of-slab-gate-valve\">Ge\u00e7i\u015fli S\u00fcrg\u00fcl\u00fc Vanalar\u0131n Malzemesi<\/h2>\r\n\r\n\r\n\r\n<figure class=\"wp-block-table is-style-regular\">\r\n<table>\r\n<tbody>\r\n<tr>\r\n<td>G\u00f6vde Kaput Disk Yuvas\u0131 Mil S\u0131zd\u0131rmazl\u0131k halkas\u0131 S\u0131zd\u0131rmazl\u0131k y\u00fczeyi malzemesi O-halkas\u0131 C\u0131vata Somunu Yay Mil somunu Conta Salmastra<\/td>\r\n<td>WCB\/LCB\/CF8M\/CF8\/CF3M\/CF3\/WC6\/WC9\/CD3MN WCB\/LCB\/CF8M\/CF8\/CF3M\/CF3\/WC6\/WC9\/CD3MN A105+ENP\/LF2+ENP\/F304\/F316\/F304L\/F316L\/ F51 A105+ENP\/LF2+ENP\/F304\/F316\/F304L\/F316L\/F51 F6a\/F304\/F316\/F304L\/F316L\/F51 PTFE\/NYLON\/PEEK\/TEFLON 1~12 Trim malzemesi VITON\/NBR B7M\/B8M\/L7M\/ B16M 2HM\/8M\/7M\/4M 17-4PH\/Inconel C95200\/D2\/A536 Esnek grafit+304\/Esnek grafit+316 Esnek grafit\/PTFE<\/td>\r\n<\/tr>\r\n<\/tbody>\r\n<\/table>\r\n<\/figure>","protected":false},"excerpt":{"rendered":"<p>Slab through konduit s\u00fcrg\u00fcl\u00fc vanalar, API 6D ve API 6A standartlar\u0131na uygun olarak ve \u00f6zellikle a\u00e7ma-kapama i\u00e7in tasarlan\u0131p \u00fcretilmektedir. <a title=\"D\u00f6\u015feme S\u00fcrg\u00fcl\u00fc Vana \u2013 Boru \u0130\u00e7i S\u00fcrg\u00fcl\u00fc Vana\" class=\"read-more\" href=\"https:\/\/zecovalve.com\/tr\/urun\/slab-gate-valve\" aria-label=\"D\u00f6\u015feme S\u00fcrg\u00fcl\u00fc Vanas\u0131 hakk\u0131nda daha fazlas\u0131 - Boru \u0130\u00e7i S\u00fcrg\u00fcl\u00fc Vana\">Daha fazla bilgi edinin<\/a><\/p>","protected":false},"featured_media":27887,"comment_status":"closed","ping_status":"closed","template":"","meta":{"_generate-full-width-content":"","kt_blocks_editor_width":""},"product_cat":[2052,2456],"product_tag":[2798],"class_list":["post-16344","product","type-product","status-publish","has-post-thumbnail","hentry","product_cat-gate-valve","product_cat-gate-valve-by-form","product_tag-osy-valve","sales-flash-overlay","woocommerce-text-align-center","woocommerce-image-align-center","do-quantity-buttons"],"featured_image_src_large":["https:\/\/zecovalve.com\/wp-content\/uploads\/2022\/06\/Slab-Gate-Valve-1.jpg",800,600,false],"author_info":[],"comment_info":0,"taxonomy_info":{"product_cat":[{"value":2052,"label":"Gate Valve"},{"value":2456,"label":"Gate Valve By Form"}],"product_tag":[{"value":2798,"label":"OS&amp;Y Valve"}]},"yoast_head":"<!-- This site is optimized with the Yoast SEO Premium plugin v15.4 - https:\/\/yoast.com\/wordpress\/plugins\/seo\/ -->\n<title>Slab Gate Valve - Through Conduit Gate Valve | ZECO Valve<\/title>\n<meta name=\"robots\" content=\"index, follow, max-snippet:-1, max-image-preview:large, max-video-preview:-1\" \/>\n<link rel=\"canonical\" href=\"https:\/\/zecovalve.com\/tr\/urun\/slab-gate-valve\" \/>\n<meta property=\"og:locale\" content=\"tr_TR\" \/>\n<meta property=\"og:type\" content=\"article\" \/>\n<meta property=\"og:title\" content=\"Slab Gate Valve - Through Conduit Gate Valve | ZECO Valve\" \/>\n<meta property=\"og:description\" content=\"Slab through conduit gate valves are designed and manufactured in accordance with API 6D and API 6A standards and specifically for on-off ... Read more\" \/>\n<meta property=\"og:url\" content=\"https:\/\/zecovalve.com\/tr\/urun\/slab-gate-valve\" \/>\n<meta property=\"og:site_name\" content=\"ZECO Valve\" \/>\n<meta property=\"article:modified_time\" content=\"2023-06-15T12:51:34+00:00\" \/>\n<meta property=\"og:image\" content=\"https:\/\/zecovalve.com\/wp-content\/uploads\/2022\/06\/Slab-Gate-Valve-1.jpg\" \/>\n\t<meta property=\"og:image:width\" content=\"800\" \/>\n\t<meta property=\"og:image:height\" content=\"600\" \/>\n<meta name=\"twitter:card\" content=\"summary_large_image\" \/>\n<meta name=\"twitter:label1\" content=\"Yazan:\">\n\t<meta name=\"twitter:data1\" content=\"Jerry\">\n\t<meta name=\"twitter:label2\" content=\"Tahmini okuma s\u00fcresi\">\n\t<meta name=\"twitter:data2\" content=\"4 dakika\">\n<script type=\"application\/ld+json\" class=\"yoast-schema-graph\">{\"@context\":\"https:\/\/schema.org\",\"@graph\":[{\"@type\":\"WebSite\",\"@id\":\"https:\/\/zecovalve.com\/#website\",\"url\":\"https:\/\/zecovalve.com\/\",\"name\":\"ZECO Valve\",\"description\":\"Industrial Ball Valve, Gate Valve and Globe Valve Manufacturer\",\"potentialAction\":[{\"@type\":\"SearchAction\",\"target\":\"https:\/\/zecovalve.com\/?s={search_term_string}\",\"query-input\":\"required name=search_term_string\"}],\"inLanguage\":\"tr\"},{\"@type\":\"ImageObject\",\"@id\":\"https:\/\/zecovalve.com\/product\/slab-gate-valve#primaryimage\",\"inLanguage\":\"tr\",\"url\":\"https:\/\/zecovalve.com\/wp-content\/uploads\/2022\/06\/Slab-Gate-Valve-1.jpg\",\"width\":800,\"height\":600,\"caption\":\"Slab Gate Valve\"},{\"@type\":\"WebPage\",\"@id\":\"https:\/\/zecovalve.com\/product\/slab-gate-valve#webpage\",\"url\":\"https:\/\/zecovalve.com\/product\/slab-gate-valve\",\"name\":\"Slab Gate Valve - Through Conduit Gate Valve | ZECO Valve\",\"isPartOf\":{\"@id\":\"https:\/\/zecovalve.com\/#website\"},\"primaryImageOfPage\":{\"@id\":\"https:\/\/zecovalve.com\/product\/slab-gate-valve#primaryimage\"},\"datePublished\":\"2022-06-20T14:52:15+00:00\",\"dateModified\":\"2023-06-15T12:51:34+00:00\",\"breadcrumb\":{\"@id\":\"https:\/\/zecovalve.com\/product\/slab-gate-valve#breadcrumb\"},\"inLanguage\":\"tr\",\"potentialAction\":[{\"@type\":\"ReadAction\",\"target\":[\"https:\/\/zecovalve.com\/product\/slab-gate-valve\"]}]},{\"@type\":\"BreadcrumbList\",\"@id\":\"https:\/\/zecovalve.com\/product\/slab-gate-valve#breadcrumb\",\"itemListElement\":[{\"@type\":\"ListItem\",\"position\":1,\"item\":{\"@type\":\"WebPage\",\"@id\":\"https:\/\/zecovalve.com\/\",\"url\":\"https:\/\/zecovalve.com\/\",\"name\":\"Home\"}},{\"@type\":\"ListItem\",\"position\":2,\"item\":{\"@type\":\"WebPage\",\"@id\":\"https:\/\/zecovalve.com\/product-category\",\"url\":\"https:\/\/zecovalve.com\/product-category\",\"name\":\"Industrial Valve Manufacturer | Water Valve Manufacturer\"}},{\"@type\":\"ListItem\",\"position\":3,\"item\":{\"@type\":\"WebPage\",\"@id\":\"https:\/\/zecovalve.com\/product\/slab-gate-valve\",\"url\":\"https:\/\/zecovalve.com\/product\/slab-gate-valve\",\"name\":\"Slab Gate Valve &#8211; Through Conduit Gate Valve\"}}]}]}<\/script>\n<!-- \/ Yoast SEO Premium plugin. -->","_links":{"self":[{"href":"https:\/\/zecovalve.com\/tr\/wp-json\/wp\/v2\/product\/16344","targetHints":{"allow":["GET"]}}],"collection":[{"href":"https:\/\/zecovalve.com\/tr\/wp-json\/wp\/v2\/product"}],"about":[{"href":"https:\/\/zecovalve.com\/tr\/wp-json\/wp\/v2\/types\/product"}],"replies":[{"embeddable":true,"href":"https:\/\/zecovalve.com\/tr\/wp-json\/wp\/v2\/comments?post=16344"}],"wp:featuredmedia":[{"embeddable":true,"href":"https:\/\/zecovalve.com\/tr\/wp-json\/wp\/v2\/media\/27887"}],"wp:attachment":[{"href":"https:\/\/zecovalve.com\/tr\/wp-json\/wp\/v2\/media?parent=16344"}],"wp:term":[{"taxonomy":"product_cat","embeddable":true,"href":"https:\/\/zecovalve.com\/tr\/wp-json\/wp\/v2\/product_cat?post=16344"},{"taxonomy":"product_tag","embeddable":true,"href":"https:\/\/zecovalve.com\/tr\/wp-json\/wp\/v2\/product_tag?post=16344"}],"curies":[{"name":"wp","href":"https:\/\/api.w.org\/{rel}","templated":true}]}}