{"id":16388,"date":"2022-06-21T03:50:16","date_gmt":"2022-06-21T03:50:16","guid":{"rendered":"https:\/\/zecovalve.com\/?post_type=product&#038;p=16388"},"modified":"2022-09-10T08:34:43","modified_gmt":"2022-09-10T08:34:43","slug":"96-inch-butterfly-valve","status":"publish","type":"product","link":"https:\/\/zecovalve.com\/tr\/urun\/96-inch-butterfly-valve","title":{"rendered":"B\u00fcy\u00fck Kelebek Vana"},"content":{"rendered":"<figure class=\"wp-block-image alignnone size-large is-resized size-medium wp-image-16389\"><img loading=\"lazy\" decoding=\"async\" class=\"wp-image-27106\" src=\"https:\/\/zecovalve.com\/wp-content\/uploads\/2022\/09\/96-inch-Butterfly-Valve-2-1024x768.jpg\" alt=\"\" width=\"512\" height=\"384\" srcset=\"https:\/\/zecovalve.com\/wp-content\/uploads\/2022\/09\/96-inch-Butterfly-Valve-2-1024x768.jpg 1024w, https:\/\/zecovalve.com\/wp-content\/uploads\/2022\/09\/96-inch-Butterfly-Valve-2-300x225.jpg 300w, https:\/\/zecovalve.com\/wp-content\/uploads\/2022\/09\/96-inch-Butterfly-Valve-2-768x576.jpg 768w, https:\/\/zecovalve.com\/wp-content\/uploads\/2022\/09\/96-inch-Butterfly-Valve-2-600x450.jpg 600w, https:\/\/zecovalve.com\/wp-content\/uploads\/2022\/09\/96-inch-Butterfly-Valve-2.jpg 1440w\" sizes=\"auto, (max-width: 512px) 100vw, 512px\" \/><\/figure>\r\n\r\n\r\n\r\n\r\n<div class=\"gb-button-wrapper gb-button-wrapper-6d8495a3\">\r\n\r\n<a class=\"gb-button gb-button-3d442e11 gb-button-text\" href=\"mailto:commercial@zecovalve.com\" target=\"_blank\" rel=\"noopener noreferrer\"><strong>96 IN\u00c7 KELEBEK VANA FIYATI ALIN<\/strong><\/a>\r\n\r\n<\/div>\r\n\r\n\r\n<h2 class=\"wp-block-heading\">Kelebek Vana Nedir?<\/h2>\r\n\r\n\r\n\r\n\r\nKelebek vanalar, boru hatlar\u0131nda ak\u0131\u015f\u0131 durdurmak, d\u00fczenlemek ve ba\u015flatmak i\u00e7in kullan\u0131lan \u00e7eyrek turlu d\u00f6nme hareketli vanalard\u0131r.\r\n\r\n\r\n\r\n\r\n\r\nKelebek vanalar, vanay\u0131 tamamen kapatabilen veya a\u00e7abilen kolun 90\u00b0'lik bir d\u00f6n\u00fc\u015f\u00fc, kullan\u0131m\u0131 kolay ve h\u0131zl\u0131d\u0131r.\r\n\r\n\r\n\r\n\r\n\r\nDi\u011fer vanalarla kar\u015f\u0131la\u015ft\u0131r\u0131ld\u0131\u011f\u0131nda kelebek vanalar aras\u0131ndaki temel fark disktir. Kelebek vana diski her zaman ak\u0131\u015f\u0131n i\u00e7indedir ve vanan\u0131n herhangi bir konumu i\u00e7in bas\u0131n\u00e7 de\u011fi\u015fikli\u011fine neden olur.\r\n\r\n\r\n\r\n\r\n<h2 class=\"wp-block-heading\">Kelebek Vana \u00c7e\u015fitleri Nelerdir?<\/h2>\r\n\r\n\r\n\r\n\r\nKelebek vanalar genellikle k\u0131sa dairesel bir g\u00f6vde, yuvarlak diskler, metal-metal veya yumu\u015fak yataklar, \u00fcst ve alt mil yataklar\u0131 ve salmastra kutular\u0131ndan olu\u015fur.\r\n\r\n\r\n\r\n\r\n\r\nWafer tipi ve Lug tipi olmak \u00fczere iki ana tip Kelebek vana g\u00f6vdesi vard\u0131r. Gofret tipi, iki flan\u015f aras\u0131na oturan yayg\u0131n olarak kullan\u0131lan bir tasar\u0131md\u0131r, pabu\u00e7 tipi ise genellikle iki flan\u015f\u0131 birle\u015ftiren c\u0131vatalarla iki flan\u015f aras\u0131ndaki yerde kullan\u0131l\u0131r.\r\n\r\n\r\n\r\n\r\n\r\nKelebek vanalar, b\u00fcy\u00fck vana uygulamalar\u0131nda kullan\u0131ld\u0131\u011f\u0131nda s\u00fcrg\u00fcl\u00fc, glob, tapal\u0131 ve k\u00fcresel vanalara k\u0131yasla \u00e7ok az avantaja sahiptir. A\u011f\u0131rl\u0131k, alan ve maliyet en belirgin avantajlard\u0131r, bak\u0131m maliyeti genellikle d\u00fc\u015f\u00fckt\u00fcr \u00e7\u00fcnk\u00fc sadece minimum say\u0131da hareketli par\u00e7a vard\u0131r ve s\u0131v\u0131 tutucu i\u00e7in bir cep yoktur.\r\n\r\n\r\n\r\n\r\n\r\nKelebek vanalar, nispeten d\u00fc\u015f\u00fck bas\u0131n\u00e7ta b\u00fcy\u00fck bir s\u0131v\u0131 veya gaz ak\u0131\u015f\u0131n\u0131 i\u015flerken m\u00fckemmeldir. Ayr\u0131ca \u00e7ok say\u0131da ask\u0131da kat\u0131 madde i\u00e7eren bulama\u00e7lar\u0131n veya s\u0131v\u0131lar\u0131n i\u015flenmesi i\u00e7in de uygundur.\r\n\r\n\r\n\r\n\r\n\r\nKelebek vanalar\u0131n tan\u0131m\u0131, ekseni dikey veya yatay olarak d\u00f6nen biti\u015fik borunun i\u00e7 \u00e7ap\u0131 ile neredeyse ayn\u0131 \u00e7apta bir diskten olu\u015fan ak\u0131\u015f kontrol eleman\u0131 ile boru damperi prensibine dayanmaktad\u0131r.\r\n\r\n\r\n\r\n\r\n\r\nKelebek vanalar, disk pippinge paralel oldu\u011funda tamamen a\u00e7\u0131l\u0131r ve disk dik konumlara yakla\u015ft\u0131\u011f\u0131nda vanalar kapan\u0131r. Kelebek vana, k\u0131sma amac\u0131yla ara konumlara da getirilebilir ve bu i\u015flem, kol kilitleme cihazlar\u0131 kullan\u0131larak yerinde sabitlenebilir.\r\n\r\n\r\n\r\n\r\n<h2 class=\"wp-block-heading\" id=\"h-large-butterfly-valve-for-sale\">Sat\u0131l\u0131k B\u00fcy\u00fck Kelebek Vana<\/h2>\r\n\r\n\r\n\r\n\r\nZECO 96 in\u00e7 kelebek vana \u00e7ift eksantrik yap\u0131 veya \u00fc\u00e7l\u00fc eksantrik yap\u0131 se\u00e7ebilir, \u00e7ift eksantrik yumu\u015fak s\u0131zd\u0131rmazl\u0131k yap\u0131s\u0131 veya sert s\u0131zd\u0131rmazl\u0131k yap\u0131s\u0131 kullanabilir, \u00fc\u00e7l\u00fc eksantrik yap\u0131 tek y\u00f6nl\u00fc s\u0131zd\u0131rmazl\u0131k yap\u0131s\u0131 ve iki y\u00f6nl\u00fc s\u0131zd\u0131rmazl\u0131k yap\u0131s\u0131 kullanabilir. B\u00fcy\u00fck \u00e7apl\u0131 bir kelebek vana boru hatt\u0131na hemen monte edilmeyebilir, bu nedenle \u00f6zellikle kurulum ve bak\u0131mdan \u00f6nce vanaya dikkat edin. Ortama temas eden pars ve g\u00f6vde bir vanan\u0131n temel par\u00e7alar\u0131d\u0131r, a\u015fa\u011f\u0131daki \u00f6nlemler al\u0131n\u0131r.\r\n\r\n\r\n\r\n\r\n<ul class=\"wp-block-list\">\r\n \t<li>Vanan\u0131n i\u00e7 taraf\u0131, vanan\u0131n temizli\u011fini ve kurulu\u011funu korumak i\u00e7in tortu ve leke olmadan temizlenmelidir.<\/li>\r\n \t<li>Vana kapatma par\u00e7alar\u0131 kapanma durumunda olmal\u0131d\u0131r. Vanan\u0131n kald\u0131r\u0131lmas\u0131 gerekiyorsa, kald\u0131r\u0131rken dikkatli olun, f\u0131rlatma veya d\u00fc\u015fme kesinlikle yasakt\u0131r, \u00f6zellikle el \u00e7ark\u0131 ve g\u00f6vde kald\u0131rma noktas\u0131 olmamal\u0131d\u0131r. ZECO, s\u00fcper b\u00fcy\u00fck boyutlu kelebek vana \u00fcreticisi olarak, \u00fcretimde ve hatta kullan\u0131c\u0131lara teslimatta, \u00fcr\u00fcnleri depolarken olu\u015fabilecek sorunlar\u0131 ara\u015ft\u0131rmaya ve tasarlamaya kendini adam\u0131\u015ft\u0131r ve daha sonra olas\u0131 olu\u015fumu \u00f6nlemek i\u00e7in ilgili \u00f6nceden planlar vermektedir.<\/li>\r\n<\/ul>\r\n\r\n\r\n\r\n<h2 class=\"wp-block-heading\">B\u00fcy\u00fck Kelebek Vana Maliyeti<\/h2>\r\n\r\n\r\n\r\n\r\nKelebek vanalar, yaln\u0131zca ilk maliyetleri a\u00e7\u0131s\u0131ndan de\u011fil, ayn\u0131 zamanda kurulum maliyetleri a\u00e7\u0131s\u0131ndan da genellikle demir s\u00fcrg\u00fcl\u00fc vanalardan 40% daha ucuzdur. Do\u011fru \u015fekilde monte edilen kelebek vanalar neredeyse kendi kendini temizler ve \u00e7\u00f6p birikiminden kaynaklanan ar\u0131zalara kar\u015f\u0131 \u00e7ok daha az hassast\u0131r.\r\n\r\n\r\n\r\n\r\n\r\nMaliyetler &amp; Fiyatlara ula\u015fmak i\u00e7in ZECO Vana'da kelebek vana sat\u0131\u015f\u0131 yapan firmalar\u0131n bilgilerini ileti\u015fim bilgileri ile birlikte bulabilirsiniz.\r\n\r\n\r\n\r\n\r\n<h2 class=\"wp-block-heading\" id=\"h-features-of-large-butterfly-valve\">B\u00fcy\u00fck Kelebek Vana \u00d6zellikleri<\/h2>\r\n\r\n\r\n\r\n<ol class=\"wp-block-list\">\r\n \t<li>ZECO 96 in\u00e7 b\u00fcy\u00fck kelebek vana \u00e7ift ofset kau\u00e7uk koltuk se\u00e7ilebilir. NBR yuvalar, s\u0131zd\u0131rmazl\u0131k performans\u0131n\u0131 art\u0131ran \u00e7er\u00e7eveye s\u00fclf\u00fcrlenmi\u015ftir. Disk y\u00fczeyi, temas alan\u0131n\u0131 ve s\u00fcrt\u00fcnme kuvvetini azaltmak i\u00e7in k\u00fcre tipinde tasarlanm\u0131\u015ft\u0131r;<\/li>\r\n \t<li>ZECO b\u00fcy\u00fck kelebek vana \u00e7ift ofset PTFE yatak se\u00e7ilebilir. PTFE yatak ve disk aras\u0131ndaki fazlal\u0131k d\u00fc\u015f\u00fck bas\u0131n\u00e7ta s\u0131zd\u0131rmazl\u0131k sa\u011flar;<\/li>\r\n \t<li>ZECO b\u00fcy\u00fck kelebek vana \u00fc\u00e7l\u00fc ofset metal yatak se\u00e7ilebilir;<\/li>\r\n \t<li>ZECO b\u00fcy\u00fck kelebek vana \u00e7ift ofset metal yatak se\u00e7ilebilir.<\/li>\r\n<\/ol>\r\n\r\n\r\n\r\n<h2 class=\"wp-block-heading\">Centric Tip Kelebek Vana Detaylar\u0131<\/h2>\r\n\r\n\r\n\r\n<figure class=\"wp-block-table\">\r\n<table>\r\n<tbody>\r\n<tr>\r\n<th>Model<\/th>\r\n<td>Kau\u00e7uk Koltuk Tipi, Teflon Koltuk Tipi, Metal Koltuk Tipi, Damper &amp; Di\u011fer<\/td>\r\n<\/tr>\r\n<tr>\r\n<th>Malzeme<\/th>\r\n<td>D\u00f6kme Demir, Sfero D\u00f6k\u00fcm, Karbon \u00c7elik, Paslanmaz \u00c7elik, Al\u00fcminyum Bronz ve Di\u011fer<\/td>\r\n<\/tr>\r\n<tr>\r\n<th>Bas\u0131n\u00e7 S\u0131n\u0131f\u0131<\/th>\r\n<td>JIS10K-20K, ANSI150Lb-300Lb<\/td>\r\n<\/tr>\r\n<tr>\r\n<th>U\u00e7 Ba\u011flant\u0131s\u0131<\/th>\r\n<td>Wafer Tip, Lug Tip, Flan\u015fl\u0131 Tip<\/td>\r\n<\/tr>\r\n<tr>\r\n<th>Operasyon<\/th>\r\n<td>Manuel, Pn\u00f6matik, Hidrolik, Elektrik Motoru<\/td>\r\n<\/tr>\r\n<tr>\r\n<th>Boyut<\/th>\r\n<td>1-1\/2\u2033(40mm)-96\u2033(2400mm)<\/td>\r\n<\/tr>\r\n<\/tbody>\r\n<\/table>\r\n<\/figure>\r\n\r\n\r\n\r\n<h2 class=\"wp-block-heading\">Eksantrik Tip Kelebek Vana Detaylar\u0131<\/h2>\r\n\r\n\r\n\r\n<figure class=\"wp-block-table\">\r\n<table>\r\n<tbody>\r\n<tr>\r\n<th>Model<\/th>\r\n<td>Teflon Koltuk Tipi, Metal Koltuk Tipi, Laminat Koltuk Tipi &amp; Di\u011fer<\/td>\r\n<\/tr>\r\n<tr>\r\n<th>Malzeme<\/th>\r\n<td>Karbon \u00c7elik, Paslanmaz \u00c7elik ve Di\u011fer<\/td>\r\n<\/tr>\r\n<tr>\r\n<th>Bas\u0131n\u00e7 S\u0131n\u0131f\u0131<\/th>\r\n<td>JIS10K-20K, ANSI150Lb-900Lb<\/td>\r\n<\/tr>\r\n<tr>\r\n<th>U\u00e7 Ba\u011flant\u0131s\u0131<\/th>\r\n<td>Wafer Tip, Lug Tip, Flan\u015fl\u0131 Tip<\/td>\r\n<\/tr>\r\n<tr>\r\n<th>Operasyon<\/th>\r\n<td>Manuel, Pn\u00f6matik, Hidrolik, Elektrik Motoru<\/td>\r\n<\/tr>\r\n<tr>\r\n<th>Boyut<\/th>\r\n<td>2\u2033(50mm) - 96\u2033(2400mm)<\/td>\r\n<\/tr>\r\n<\/tbody>\r\n<\/table>\r\n<\/figure>","protected":false},"excerpt":{"rendered":"<p>Kelebek Vana Nedir? Kelebek vanalar, boru hatlar\u0131nda ak\u0131\u015f\u0131 durdurmak, d\u00fczenlemek ve ba\u015flatmak i\u00e7in kullan\u0131lan \u00e7eyrek turlu d\u00f6nme hareketine sahip vanalard\u0131r. Kelebek vana, \u2026 <a title=\"B\u00fcy\u00fck Kelebek Vana\" class=\"read-more\" href=\"https:\/\/zecovalve.com\/tr\/urun\/96-inch-butterfly-valve\" aria-label=\"B\u00fcy\u00fck Kelebek Vana hakk\u0131nda daha fazla bilgi\">Daha fazla bilgi edinin<\/a><\/p>","protected":false},"featured_media":27106,"comment_status":"closed","ping_status":"closed","template":"","meta":{"_generate-full-width-content":"","kt_blocks_editor_width":""},"product_cat":[2044,2470],"product_tag":[],"class_list":["post-16388","product","type-product","status-publish","has-post-thumbnail","hentry","product_cat-butterfly-valve","product_cat-butterfly-valve-by-inch","sales-flash-overlay","woocommerce-text-align-center","woocommerce-image-align-center","do-quantity-buttons"],"featured_image_src_large":["https:\/\/zecovalve.com\/wp-content\/uploads\/2022\/09\/96-inch-Butterfly-Valve-2-1024x768.jpg",1024,768,true],"author_info":[],"comment_info":0,"taxonomy_info":{"product_cat":[{"value":2044,"label":"Butterfly Valve"},{"value":2470,"label":"Butterfly Valve By Inch"}]},"yoast_head":"<!-- This site is optimized with the Yoast SEO Premium plugin v15.4 - https:\/\/yoast.com\/wordpress\/plugins\/seo\/ -->\n<title>Large Butterfly Valve For Sale - Big Size Butterfly Valve Cost | ZECO Valve<\/title>\n<meta name=\"robots\" content=\"index, follow, max-snippet:-1, max-image-preview:large, max-video-preview:-1\" \/>\n<link rel=\"canonical\" href=\"https:\/\/zecovalve.com\/tr\/urun\/96-inch-butterfly-valve\" \/>\n<meta property=\"og:locale\" content=\"tr_TR\" \/>\n<meta property=\"og:type\" content=\"article\" \/>\n<meta property=\"og:title\" content=\"Large Butterfly Valve For Sale - Big Size Butterfly Valve Cost | ZECO Valve\" \/>\n<meta property=\"og:description\" content=\"What is Butterfly Valve? Butterfly valves are quarter-turn rotational motion valves used in pipelines to stop, regulate and start flow. Butterfly valves, ... Read more\" \/>\n<meta property=\"og:url\" content=\"https:\/\/zecovalve.com\/tr\/urun\/96-inch-butterfly-valve\" \/>\n<meta property=\"og:site_name\" content=\"ZECO Valve\" \/>\n<meta property=\"article:modified_time\" content=\"2022-09-10T08:34:43+00:00\" \/>\n<meta property=\"og:image\" content=\"https:\/\/zecovalve.com\/wp-content\/uploads\/2022\/09\/96-inch-Butterfly-Valve-2.jpg\" \/>\n\t<meta property=\"og:image:width\" content=\"1440\" \/>\n\t<meta property=\"og:image:height\" content=\"1080\" \/>\n<meta name=\"twitter:card\" content=\"summary_large_image\" \/>\n<meta name=\"twitter:label1\" content=\"Yazan:\">\n\t<meta name=\"twitter:data1\" content=\"Jerry\">\n\t<meta name=\"twitter:label2\" content=\"Tahmini okuma s\u00fcresi\">\n\t<meta name=\"twitter:data2\" content=\"3 dakika\">\n<script type=\"application\/ld+json\" class=\"yoast-schema-graph\">{\"@context\":\"https:\/\/schema.org\",\"@graph\":[{\"@type\":\"WebSite\",\"@id\":\"https:\/\/zecovalve.com\/#website\",\"url\":\"https:\/\/zecovalve.com\/\",\"name\":\"ZECO Valve\",\"description\":\"Industrial Ball Valve, Gate Valve and Globe Valve Manufacturer\",\"potentialAction\":[{\"@type\":\"SearchAction\",\"target\":\"https:\/\/zecovalve.com\/?s={search_term_string}\",\"query-input\":\"required name=search_term_string\"}],\"inLanguage\":\"tr\"},{\"@type\":\"ImageObject\",\"@id\":\"https:\/\/zecovalve.com\/product\/96-inch-butterfly-valve#primaryimage\",\"inLanguage\":\"tr\",\"url\":\"https:\/\/zecovalve.com\/wp-content\/uploads\/2022\/09\/96-inch-Butterfly-Valve-2.jpg\",\"width\":1440,\"height\":1080},{\"@type\":\"WebPage\",\"@id\":\"https:\/\/zecovalve.com\/product\/96-inch-butterfly-valve#webpage\",\"url\":\"https:\/\/zecovalve.com\/product\/96-inch-butterfly-valve\",\"name\":\"Large Butterfly Valve For Sale - Big Size Butterfly Valve Cost | ZECO Valve\",\"isPartOf\":{\"@id\":\"https:\/\/zecovalve.com\/#website\"},\"primaryImageOfPage\":{\"@id\":\"https:\/\/zecovalve.com\/product\/96-inch-butterfly-valve#primaryimage\"},\"datePublished\":\"2022-06-21T03:50:16+00:00\",\"dateModified\":\"2022-09-10T08:34:43+00:00\",\"breadcrumb\":{\"@id\":\"https:\/\/zecovalve.com\/product\/96-inch-butterfly-valve#breadcrumb\"},\"inLanguage\":\"tr\",\"potentialAction\":[{\"@type\":\"ReadAction\",\"target\":[\"https:\/\/zecovalve.com\/product\/96-inch-butterfly-valve\"]}]},{\"@type\":\"BreadcrumbList\",\"@id\":\"https:\/\/zecovalve.com\/product\/96-inch-butterfly-valve#breadcrumb\",\"itemListElement\":[{\"@type\":\"ListItem\",\"position\":1,\"item\":{\"@type\":\"WebPage\",\"@id\":\"https:\/\/zecovalve.com\/\",\"url\":\"https:\/\/zecovalve.com\/\",\"name\":\"Home\"}},{\"@type\":\"ListItem\",\"position\":2,\"item\":{\"@type\":\"WebPage\",\"@id\":\"https:\/\/zecovalve.com\/product-category\",\"url\":\"https:\/\/zecovalve.com\/product-category\",\"name\":\"Industrial Valve Manufacturer | Water Valve Manufacturer\"}},{\"@type\":\"ListItem\",\"position\":3,\"item\":{\"@type\":\"WebPage\",\"@id\":\"https:\/\/zecovalve.com\/product\/96-inch-butterfly-valve\",\"url\":\"https:\/\/zecovalve.com\/product\/96-inch-butterfly-valve\",\"name\":\"Large Butterfly Valve\"}}]}]}<\/script>\n<!-- \/ Yoast SEO Premium plugin. -->","_links":{"self":[{"href":"https:\/\/zecovalve.com\/tr\/wp-json\/wp\/v2\/product\/16388","targetHints":{"allow":["GET"]}}],"collection":[{"href":"https:\/\/zecovalve.com\/tr\/wp-json\/wp\/v2\/product"}],"about":[{"href":"https:\/\/zecovalve.com\/tr\/wp-json\/wp\/v2\/types\/product"}],"replies":[{"embeddable":true,"href":"https:\/\/zecovalve.com\/tr\/wp-json\/wp\/v2\/comments?post=16388"}],"wp:featuredmedia":[{"embeddable":true,"href":"https:\/\/zecovalve.com\/tr\/wp-json\/wp\/v2\/media\/27106"}],"wp:attachment":[{"href":"https:\/\/zecovalve.com\/tr\/wp-json\/wp\/v2\/media?parent=16388"}],"wp:term":[{"taxonomy":"product_cat","embeddable":true,"href":"https:\/\/zecovalve.com\/tr\/wp-json\/wp\/v2\/product_cat?post=16388"},{"taxonomy":"product_tag","embeddable":true,"href":"https:\/\/zecovalve.com\/tr\/wp-json\/wp\/v2\/product_tag?post=16388"}],"curies":[{"name":"wp","href":"https:\/\/api.w.org\/{rel}","templated":true}]}}