{"id":16391,"date":"2022-06-21T03:52:37","date_gmt":"2022-06-21T03:52:37","guid":{"rendered":"https:\/\/zecovalve.com\/?post_type=product&#038;p=16391"},"modified":"2023-06-07T07:05:33","modified_gmt":"2023-06-07T07:05:33","slug":"4-inch-ball-valve","status":"publish","type":"product","link":"https:\/\/zecovalve.com\/tr\/urun\/4-inch-ball-valve","title":{"rendered":"4 in\u00e7 K\u00fcresel Vana"},"content":{"rendered":"<p>Bronz, pirin\u00e7, kur\u015funsuz*, karbon \u00e7eli\u011fi veya paslanmaz \u00e7elik malzemelerden olu\u015fan geni\u015f bir ZECO k\u00fcresel vana yelpazesi mevcuttur. Tek par\u00e7al\u0131, iki par\u00e7al\u0131, \u00fc\u00e7 par\u00e7al\u0131, tam portlu veya geleneksel portlu olarak do\u011fru k\u00fcresel vanay\u0131 se\u00e7in. \u00c7e\u015fitli kaplama malzemeleri mevcuttur.<\/p>\r\n\r\n\r\n\r\n<figure class=\"wp-block-image size-large is-resized\"><img loading=\"lazy\" decoding=\"async\" class=\"wp-image-27052\" src=\"https:\/\/zecovalve.com\/wp-content\/uploads\/2022\/08\/4-inch-ball-valve-1024x768.jpg\" alt=\"\" width=\"512\" height=\"384\" srcset=\"https:\/\/zecovalve.com\/wp-content\/uploads\/2022\/08\/4-inch-ball-valve-1024x768.jpg 1024w, https:\/\/zecovalve.com\/wp-content\/uploads\/2022\/08\/4-inch-ball-valve-300x225.jpg 300w, https:\/\/zecovalve.com\/wp-content\/uploads\/2022\/08\/4-inch-ball-valve-768x576.jpg 768w, https:\/\/zecovalve.com\/wp-content\/uploads\/2022\/08\/4-inch-ball-valve-600x450.jpg 600w, https:\/\/zecovalve.com\/wp-content\/uploads\/2022\/08\/4-inch-ball-valve.jpg 1440w\" sizes=\"auto, (max-width: 512px) 100vw, 512px\" \/><\/figure>\r\n\r\n\r\n\r\n\r\n<div class=\"gb-button-wrapper gb-button-wrapper-6d8495a3\">\r\n\r\n\r\n<p><a class=\"gb-button gb-button-3d442e11 gb-button-text\" href=\"mailto:commercial@zecovalve.com\" target=\"_blank\" rel=\"noopener noreferrer\"><strong>4 \u0130N\u00c7 K\u00dcRESEL VANA F\u0130YAT ALIN<\/strong><\/a><\/p>\r\n<\/div>\r\n\r\n\r\n<h2 class=\"wp-block-heading\">K\u00fcresel Vana 4 \u0130n\u00e7 Nedir?<\/h2>\r\n\r\n\r\n\r\n<p>4 in\u00e7 k\u00fcresel vana, \u00e7eyrek d\u00f6n\u00fc\u015fl\u00fc bir a\u00e7ma\/kapama cihaz\u0131d\u0131r. Valfin ortas\u0131ndaki d\u00f6ner bilye, s\u0131v\u0131 veya gaz ortam\u0131n\u0131n ak\u0131\u015f\u0131n\u0131 kontrol eder.<\/p>\r\n\r\n\r\n\r\n<p>D\u00f6nen bilye d\u00f6ner bilye olarak bilinir ve merkezinde bir delik (bir delik) olacak \u015fekilde tasarlanm\u0131\u015ft\u0131r. Topun \u00fcst\u00fcndeki bir mil, vanay\u0131 a\u00e7mak veya kapatmak i\u00e7in topu d\u00f6nd\u00fcr\u00fcr. Mil, manuel kollar veya otomasyon kullan\u0131larak d\u00f6nd\u00fcr\u00fclebilir.<\/p>\r\n\r\n\r\n\r\n<p>ZECO 4 in\u00e7 k\u00fcresel vana ayn\u0131 zamanda en yayg\u0131n toplu \u00fcr\u00fcn olup, esas olarak y\u00fczer k\u00fcresel vanalard\u0131r. \u00d6zel \u00e7al\u0131\u015fma ko\u015fullar\u0131ndan dolay\u0131 bazen sabit k\u00fcresel vanalar da kullan\u0131labilir. ZECO ve Ulusal Pompa ve Valf Test Merkezi uzun vadeli stratejik ortaklard\u0131r. ZECO, uzun vadeli \u00fcretim s\u00fcrecinde olas\u0131 herhangi bir de\u011fi\u015fiklik nedeniyle \u00fcr\u00fcnlerin de\u011fi\u015fmedi\u011fini do\u011frulamak amac\u0131yla her y\u0131l test i\u00e7in rutin kullan\u0131m i\u00e7in \u00fcr\u00fcn numunelerini test merkezine d\u00fczenli olarak g\u00f6ndermektedir.<\/p>\r\n\r\n\r\n\r\n<h2 class=\"wp-block-heading\">4 \u0130n\u00e7 K\u00fcresel Vanan\u0131n Boyutlar\u0131 ve A\u011f\u0131rl\u0131\u011f\u0131<\/h2>\r\n\r\n\r\n\r\n<table border=\"=1\" width=\"800\">\r\n<tbody>\r\n<tr>\r\n<td rowspan=\"2\">Bas\u0131n\u00e7 Derecesi<\/td>\r\n<td style=\"text-align: center;\">Delik<\/td>\r\n<td style=\"text-align: center;\" colspan=\"3\">\u00a0Y\u00fcz Y\u00fcze Boyut (mm cinsinden)<\/td>\r\n<td style=\"text-align: center;\">A\u011f\u0131rl\u0131k<\/td>\r\n<\/tr>\r\n<tr>\r\n<td style=\"text-align: center;\">(mm cinsinden)<\/td>\r\n<td style=\"text-align: center;\">RF<\/td>\r\n<td style=\"text-align: center;\">BW<\/td>\r\n<td style=\"text-align: center;\">RTJ<\/td>\r\n<td style=\"text-align: center;\">kg<\/td>\r\n<\/tr>\r\n<tr>\r\n<td>SINIF 150<\/td>\r\n<td style=\"text-align: center;\">100<\/td>\r\n<td style=\"text-align: center;\">229<\/td>\r\n<td style=\"text-align: center;\">305<\/td>\r\n<td style=\"text-align: center;\">241<\/td>\r\n<td style=\"text-align: center;\">35<\/td>\r\n<\/tr>\r\n<tr>\r\n<td>SINIF 300<\/td>\r\n<td style=\"text-align: center;\">100<\/td>\r\n<td style=\"text-align: center;\">305<\/td>\r\n<td style=\"text-align: center;\">305<\/td>\r\n<td style=\"text-align: center;\">321<\/td>\r\n<td style=\"text-align: center;\">55<\/td>\r\n<\/tr>\r\n<tr>\r\n<td>SINIF 600<\/td>\r\n<td style=\"text-align: center;\">100<\/td>\r\n<td style=\"text-align: center;\">432<\/td>\r\n<td style=\"text-align: center;\">432<\/td>\r\n<td style=\"text-align: center;\">435<\/td>\r\n<td style=\"text-align: center;\">102<\/td>\r\n<\/tr>\r\n<tr>\r\n<td>SINIF 900<\/td>\r\n<td style=\"text-align: center;\">100<\/td>\r\n<td style=\"text-align: center;\">457<\/td>\r\n<td style=\"text-align: center;\">457<\/td>\r\n<td style=\"text-align: center;\">460<\/td>\r\n<td style=\"text-align: center;\">146<\/td>\r\n<\/tr>\r\n<tr>\r\n<td>SINIF 1500<\/td>\r\n<td style=\"text-align: center;\">100<\/td>\r\n<td style=\"text-align: center;\">546<\/td>\r\n<td style=\"text-align: center;\">546<\/td>\r\n<td style=\"text-align: center;\">549<\/td>\r\n<td style=\"text-align: center;\">216<\/td>\r\n<\/tr>\r\n<tr>\r\n<td>SINIF 2500<\/td>\r\n<td style=\"text-align: center;\">87<\/td>\r\n<td style=\"text-align: center;\">673<\/td>\r\n<td style=\"text-align: center;\">673<\/td>\r\n<td style=\"text-align: center;\">683<\/td>\r\n<td style=\"text-align: center;\">263<\/td>\r\n<\/tr>\r\n<\/tbody>\r\n<\/table>\r\n\r\n\r\n\r\n<h2 class=\"wp-block-heading\">K\u00fcresel Vanadaki 4 nas\u0131l \u00e7al\u0131\u015f\u0131r?<\/h2>\r\n\r\n\r\n\r\n<p>4 in\u00e7lik k\u00fcresel vana, bir deli\u011fe sahip d\u00f6ner bir bilye arac\u0131l\u0131\u011f\u0131yla bir s\u0131v\u0131n\u0131n veya gaz\u0131n ak\u0131\u015f\u0131n\u0131 kontrol eden bir kapatma vanas\u0131d\u0131r. Topun kendi ekseni etraf\u0131nda \u00e7eyrek tur (90 derece) d\u00f6nd\u00fcr\u00fclmesiyle ortam akabilir veya bloke edilebilir.<\/p>\r\n\r\n\r\n\r\n<h2 class=\"wp-block-heading\">4in\u00e7 K\u00fcresel Vanan\u0131n \u00d6zellikleri<\/h2>\r\n\r\n\r\n\r\n<ul class=\"wp-block-list\">\r\n<li>1. ZECO 4 in\u00e7 k\u00fcresel vana, otomatik bas\u0131n\u00e7 tahliye yap\u0131s\u0131yla tasarlanm\u0131\u015ft\u0131r. Boru hatt\u0131ndaki bas\u0131n\u00e7 veya s\u0131cakl\u0131k de\u011fi\u015fimi, vana g\u00f6vdesinde anormal bir bas\u0131n\u00e7 art\u0131\u015f\u0131na neden oldu\u011funda, vana ve boru hatt\u0131n\u0131n g\u00fcvenli\u011fini sa\u011flamak i\u00e7in ortam, otomatik bas\u0131n\u00e7 tahliyesi i\u00e7in a\u015f\u0131r\u0131 bas\u0131n\u00e7 bas\u0131nc\u0131yla s\u0131zd\u0131rmazl\u0131k halkas\u0131n\u0131 a\u00e7acakt\u0131r. ;<\/li>\r\n<li>2. ZECO 4 in\u00e7 k\u00fcresel vana, d\u00fc\u015f\u00fck bas\u0131n\u00e7ta g\u00fcvenilir bir oturma tasar\u0131m\u0131na sahiptir. \u00c7ok al\u00e7ak bas\u0131n\u00e7l\u0131 hatlarda koltu\u011fun kendisine ba\u011fl\u0131 olarak s\u0131zd\u0131rmazl\u0131k garanti edilemeyebilir, k\u00fc\u00e7\u00fck bir s\u0131z\u0131nt\u0131 olabilir. Bu nedenle ZECO, plaka yay\u0131 taraf\u0131ndan y\u00fcklenen valf yuvas\u0131 s\u0131zd\u0131rmazl\u0131k formunu tasarlad\u0131. D\u00fc\u015f\u00fck bas\u0131n\u00e7 ko\u015fullar\u0131nda, plaka yay\u0131n\u0131n bas\u0131nc\u0131, valf yuvas\u0131n\u0131 topa yak\u0131n hale getirir, bu da uzun s\u00fcreli kullan\u0131mda k\u00fcresel valfin g\u00fcvenilir s\u0131zd\u0131rmazl\u0131\u011f\u0131n\u0131 ve s\u0131zd\u0131rmazl\u0131k performans\u0131n\u0131 sa\u011flar;<\/li>\r\n<li>3. ZECO 4 in\u00e7 k\u00fcresel vana, y\u00fcksek s\u0131cakl\u0131kta g\u00fcvenilir bir oturma tasar\u0131m\u0131na sahiptir. Orta ve y\u00fcksek s\u0131cakl\u0131k yap\u0131lar\u0131n\u0131n oturmas\u0131nda, conta malzemesi olarak para polistireni kullanan ZECO, 300 \u00b0 C s\u0131cakl\u0131kta kullan\u0131labilece\u011fi gibi, y\u00fcksek s\u0131cakl\u0131\u011fa dayan\u0131kl\u0131 malzemenin metal conta kombinasyonu kullan\u0131larak daha y\u00fcksek s\u0131cakl\u0131klar da tasarlanm\u0131\u015ft\u0131r;<\/li>\r\n<li>4. ZECO 4 in\u00e7 k\u00fcresel vana ayr\u0131ca yang\u0131ndan korunma yap\u0131s\u0131na, patlama \u00f6nleyici g\u00f6vdeye ve anti-statik uluslararas\u0131 standart yap\u0131ya sahiptir.<\/li>\r\n<\/ul>\r\n\r\n\r\n\r\n<h2 class=\"wp-block-heading\">4\u2033 K\u00fcresel Vana Malzemesi<\/h2>\r\n\r\n\r\n\r\n<figure class=\"wp-block-table\">\r\n<table>\r\n<tbody>\r\n<tr>\r\n<td>Hay\u0131r<\/td>\r\n<td>Par\u00e7a<\/td>\r\n<td>Malzeme<\/td>\r\n<\/tr>\r\n<tr>\r\n<td>1<\/td>\r\n<td>V\u00fccut<\/td>\r\n<td>ASTM A105<\/td>\r\n<\/tr>\r\n<tr>\r\n<td>2<\/td>\r\n<td>Bone<\/td>\r\n<td>ASTM A105<\/td>\r\n<\/tr>\r\n<tr>\r\n<td>3<\/td>\r\n<td>Top<\/td>\r\n<td>ASTM A182 F304<\/td>\r\n<\/tr>\r\n<tr>\r\n<td>4<\/td>\r\n<td>Koltuk<\/td>\r\n<td>ASTM A182 F304<\/td>\r\n<\/tr>\r\n<tr>\r\n<td>5<\/td>\r\n<td>K\u00f6k<\/td>\r\n<td>ASTM A276 304<\/td>\r\n<\/tr>\r\n<tr>\r\n<td>6<\/td>\r\n<td>Anti-statik Cihaz<\/td>\r\n<td>SS304<\/td>\r\n<\/tr>\r\n<tr>\r\n<td>7<\/td>\r\n<td>Conta<\/td>\r\n<td>Grafit + SS304<\/td>\r\n<\/tr>\r\n<tr>\r\n<td>8<\/td>\r\n<td>C\u0131vata<\/td>\r\n<td>ASTM A193 B7<\/td>\r\n<\/tr>\r\n<tr>\r\n<td>9<\/td>\r\n<td>F\u0131nd\u0131k<\/td>\r\n<td>ASTM A194 2H<\/td>\r\n<\/tr>\r\n<tr>\r\n<td>10<\/td>\r\n<td>O-ring<\/td>\r\n<td>Viton A<\/td>\r\n<\/tr>\r\n<tr>\r\n<td>11<\/td>\r\n<td>Kol<\/td>\r\n<td>ASTM A216 WCB<\/td>\r\n<\/tr>\r\n<\/tbody>\r\n<\/table>\r\n<\/figure>\r\n\r\n\r\n\r\n<h2 class=\"wp-block-heading\">4 in\u00e7 K\u00fcresel Vana Fiyat\u0131<\/h2>\r\n\r\n\r\n\r\n<p>ZECO Valve, \u00c7in&#039;de API 6D, API 607 sertifikas\u0131 ile onaylanm\u0131\u015f profesyonel bir 4\u2033 K\u00fcresel Vana \u00dcreticisidir. Rekabet\u00e7i bir 4 in\u00e7 k\u00fcresel vana fiyat\u0131 sunabiliriz, sorular\u0131n\u0131z varsa l\u00fctfen bizimle ileti\u015fime ge\u00e7in.<\/p>","protected":false},"excerpt":{"rendered":"<p>Bronz, pirin\u00e7, kur\u015funsuz*, karbon \u00e7eli\u011fi veya paslanmaz \u00e7elik malzemelerden olu\u015fan geni\u015f bir ZECO k\u00fcresel vana yelpazesi mevcuttur. Do\u011fruyu se\u00e7in\u2026 <a title=\"4 in\u00e7 K\u00fcresel Vana\" class=\"read-more\" href=\"https:\/\/zecovalve.com\/tr\/urun\/4-inch-ball-valve\" aria-label=\"4 in\u00e7 K\u00fcresel Vana hakk\u0131nda daha fazlas\u0131\">Daha fazla bilgi edinin<\/a><\/p>","protected":false},"featured_media":27858,"comment_status":"closed","ping_status":"closed","template":"","meta":{"_generate-full-width-content":"","kt_blocks_editor_width":""},"product_cat":[2047,2462],"product_tag":[2802,3913],"class_list":["post-16391","product","type-product","status-publish","has-post-thumbnail","hentry","product_cat-ball-valve","product_cat-ball-valve-by-size","product_tag-ball-valve-price","product_tag-full-port-ball-valve","sales-flash-overlay","woocommerce-text-align-center","woocommerce-image-align-center","do-quantity-buttons"],"featured_image_src_large":["https:\/\/zecovalve.com\/wp-content\/uploads\/2022\/06\/4-inch-Ball-Valve-1.jpg",800,600,false],"author_info":[],"comment_info":0,"taxonomy_info":{"product_cat":[{"value":2047,"label":"Ball Valve"},{"value":2462,"label":"Ball Valve By Size"}],"product_tag":[{"value":2802,"label":"Ball Valve Price"},{"value":3913,"label":"Full Port Ball Valve"}]},"yoast_head":"<!-- This site is optimized with the Yoast SEO Premium plugin v15.4 - https:\/\/yoast.com\/wordpress\/plugins\/seo\/ -->\n<title>Ball Valve 4 Inch - Competitive 4 Inch Ball Valve Price - 4&quot; Ball Valve Manufacturer | ZECO<\/title>\n<meta name=\"robots\" content=\"index, follow, max-snippet:-1, max-image-preview:large, max-video-preview:-1\" \/>\n<link rel=\"canonical\" href=\"https:\/\/zecovalve.com\/tr\/urun\/4-inch-ball-valve\" \/>\n<meta property=\"og:locale\" content=\"tr_TR\" \/>\n<meta property=\"og:type\" content=\"article\" \/>\n<meta property=\"og:title\" content=\"Ball Valve 4 Inch - Competitive 4 Inch Ball Valve Price - 4&quot; Ball Valve Manufacturer | ZECO\" \/>\n<meta property=\"og:description\" content=\"A wide selection of ZECO ball valves is available in bronze, brass, lead-free*, carbon steel, or stainless steel materials. Select the right ... Read more\" \/>\n<meta property=\"og:url\" content=\"https:\/\/zecovalve.com\/tr\/urun\/4-inch-ball-valve\" \/>\n<meta property=\"og:site_name\" content=\"ZECO Valve\" \/>\n<meta property=\"article:modified_time\" content=\"2023-06-07T07:05:33+00:00\" \/>\n<meta property=\"og:image\" content=\"https:\/\/zecovalve.com\/wp-content\/uploads\/2022\/06\/4-inch-Ball-Valve-1.jpg\" \/>\n\t<meta property=\"og:image:width\" content=\"800\" \/>\n\t<meta property=\"og:image:height\" content=\"600\" \/>\n<meta name=\"twitter:card\" content=\"summary_large_image\" \/>\n<meta name=\"twitter:label1\" content=\"Yazan:\">\n\t<meta name=\"twitter:data1\" content=\"Jerry\">\n\t<meta name=\"twitter:label2\" content=\"Tahmini okuma s\u00fcresi\">\n\t<meta name=\"twitter:data2\" content=\"2 dakika\">\n<script type=\"application\/ld+json\" class=\"yoast-schema-graph\">{\"@context\":\"https:\/\/schema.org\",\"@graph\":[{\"@type\":\"WebSite\",\"@id\":\"https:\/\/zecovalve.com\/#website\",\"url\":\"https:\/\/zecovalve.com\/\",\"name\":\"ZECO Valve\",\"description\":\"Industrial Ball Valve, Gate Valve and Globe Valve Manufacturer\",\"potentialAction\":[{\"@type\":\"SearchAction\",\"target\":\"https:\/\/zecovalve.com\/?s={search_term_string}\",\"query-input\":\"required name=search_term_string\"}],\"inLanguage\":\"tr\"},{\"@type\":\"ImageObject\",\"@id\":\"https:\/\/zecovalve.com\/product\/4-inch-ball-valve#primaryimage\",\"inLanguage\":\"tr\",\"url\":\"https:\/\/zecovalve.com\/wp-content\/uploads\/2022\/06\/4-inch-Ball-Valve-1.jpg\",\"width\":800,\"height\":600,\"caption\":\"4 inch Ball Valve\"},{\"@type\":\"WebPage\",\"@id\":\"https:\/\/zecovalve.com\/product\/4-inch-ball-valve#webpage\",\"url\":\"https:\/\/zecovalve.com\/product\/4-inch-ball-valve\",\"name\":\"Ball Valve 4 Inch - Competitive 4 Inch Ball Valve Price - 4\\\" Ball Valve Manufacturer | ZECO\",\"isPartOf\":{\"@id\":\"https:\/\/zecovalve.com\/#website\"},\"primaryImageOfPage\":{\"@id\":\"https:\/\/zecovalve.com\/product\/4-inch-ball-valve#primaryimage\"},\"datePublished\":\"2022-06-21T03:52:37+00:00\",\"dateModified\":\"2023-06-07T07:05:33+00:00\",\"breadcrumb\":{\"@id\":\"https:\/\/zecovalve.com\/product\/4-inch-ball-valve#breadcrumb\"},\"inLanguage\":\"tr\",\"potentialAction\":[{\"@type\":\"ReadAction\",\"target\":[\"https:\/\/zecovalve.com\/product\/4-inch-ball-valve\"]}]},{\"@type\":\"BreadcrumbList\",\"@id\":\"https:\/\/zecovalve.com\/product\/4-inch-ball-valve#breadcrumb\",\"itemListElement\":[{\"@type\":\"ListItem\",\"position\":1,\"item\":{\"@type\":\"WebPage\",\"@id\":\"https:\/\/zecovalve.com\/\",\"url\":\"https:\/\/zecovalve.com\/\",\"name\":\"Home\"}},{\"@type\":\"ListItem\",\"position\":2,\"item\":{\"@type\":\"WebPage\",\"@id\":\"https:\/\/zecovalve.com\/product-category\",\"url\":\"https:\/\/zecovalve.com\/product-category\",\"name\":\"Industrial Valve Manufacturer | Water Valve Manufacturer\"}},{\"@type\":\"ListItem\",\"position\":3,\"item\":{\"@type\":\"WebPage\",\"@id\":\"https:\/\/zecovalve.com\/product\/4-inch-ball-valve\",\"url\":\"https:\/\/zecovalve.com\/product\/4-inch-ball-valve\",\"name\":\"4 inch Ball Valve\"}}]}]}<\/script>\n<!-- \/ Yoast SEO Premium plugin. -->","_links":{"self":[{"href":"https:\/\/zecovalve.com\/tr\/wp-json\/wp\/v2\/product\/16391","targetHints":{"allow":["GET"]}}],"collection":[{"href":"https:\/\/zecovalve.com\/tr\/wp-json\/wp\/v2\/product"}],"about":[{"href":"https:\/\/zecovalve.com\/tr\/wp-json\/wp\/v2\/types\/product"}],"replies":[{"embeddable":true,"href":"https:\/\/zecovalve.com\/tr\/wp-json\/wp\/v2\/comments?post=16391"}],"wp:featuredmedia":[{"embeddable":true,"href":"https:\/\/zecovalve.com\/tr\/wp-json\/wp\/v2\/media\/27858"}],"wp:attachment":[{"href":"https:\/\/zecovalve.com\/tr\/wp-json\/wp\/v2\/media?parent=16391"}],"wp:term":[{"taxonomy":"product_cat","embeddable":true,"href":"https:\/\/zecovalve.com\/tr\/wp-json\/wp\/v2\/product_cat?post=16391"},{"taxonomy":"product_tag","embeddable":true,"href":"https:\/\/zecovalve.com\/tr\/wp-json\/wp\/v2\/product_tag?post=16391"}],"curies":[{"name":"wp","href":"https:\/\/api.w.org\/{rel}","templated":true}]}}