{"id":16395,"date":"2022-06-21T04:07:01","date_gmt":"2022-06-21T04:07:01","guid":{"rendered":"https:\/\/zecovalve.com\/?post_type=product&#038;p=16395"},"modified":"2023-06-15T12:52:54","modified_gmt":"2023-06-15T12:52:54","slug":"2-inch-gate-valve","status":"publish","type":"product","link":"https:\/\/zecovalve.com\/tr\/urun\/2-inch-gate-valve","title":{"rendered":"2 in\u00e7 S\u00fcrg\u00fcl\u00fc Vana"},"content":{"rendered":"<p>2 in\u00e7 S\u00fcrg\u00fcl\u00fc vanalar, ticari ve end\u00fcstriyel uygulamalara y\u00f6nelik \u00e7ok ama\u00e7l\u0131 \u00e7ift y\u00f6nl\u00fc kapatma vanalar\u0131d\u0131r.<\/p>\r\n\r\n\r\n\r\n<div class=\"wp-block-columns is-layout-flex wp-container-core-columns-is-layout-9d6595d7 wp-block-columns-is-layout-flex\">\r\n<div class=\"wp-block-column is-layout-flow wp-block-column-is-layout-flow\">\r\n<figure class=\"wp-block-image size-full is-resized\"><img loading=\"lazy\" decoding=\"async\" class=\"wp-image-16182\" src=\"https:\/\/zecovalve.com\/wp-content\/uploads\/2022\/06\/carbon-steel-gate-valve.jpg\" alt=\"Karbon \u00c7elik S\u00fcrg\u00fcl\u00fc Vana\" width=\"400\" height=\"300\" srcset=\"https:\/\/zecovalve.com\/wp-content\/uploads\/2022\/06\/carbon-steel-gate-valve.jpg 800w, https:\/\/zecovalve.com\/wp-content\/uploads\/2022\/06\/carbon-steel-gate-valve-300x225.jpg 300w, https:\/\/zecovalve.com\/wp-content\/uploads\/2022\/06\/carbon-steel-gate-valve-768x576.jpg 768w, https:\/\/zecovalve.com\/wp-content\/uploads\/2022\/06\/carbon-steel-gate-valve-600x450.jpg 600w\" sizes=\"auto, (max-width: 400px) 100vw, 400px\" \/><\/figure>\r\n<\/div>\r\n\r\n\r\n\r\n<div class=\"wp-block-column is-layout-flow wp-block-column-is-layout-flow\">\r\n<figure class=\"wp-block-image size-full is-resized\"><img loading=\"lazy\" decoding=\"async\" class=\"wp-image-16295\" src=\"https:\/\/zecovalve.com\/wp-content\/uploads\/2022\/06\/forged-gate-valve.jpg\" alt=\"d\u00f6vme giri\u015f valfi\" width=\"400\" height=\"300\" srcset=\"https:\/\/zecovalve.com\/wp-content\/uploads\/2022\/06\/forged-gate-valve.jpg 800w, https:\/\/zecovalve.com\/wp-content\/uploads\/2022\/06\/forged-gate-valve-300x225.jpg 300w, https:\/\/zecovalve.com\/wp-content\/uploads\/2022\/06\/forged-gate-valve-768x576.jpg 768w, https:\/\/zecovalve.com\/wp-content\/uploads\/2022\/06\/forged-gate-valve-600x450.jpg 600w\" sizes=\"auto, (max-width: 400px) 100vw, 400px\" \/><\/figure>\r\n<\/div>\r\n<\/div>\r\n\r\n\r\n<div class=\"gb-button-wrapper gb-button-wrapper-6d8495a3\">\r\n\r\n\r\n<p><a class=\"gb-button gb-button-3d442e11 gb-button-text\" href=\"mailto:commercial@zecovalve.com\" target=\"_blank\" rel=\"noopener noreferrer\"><strong>2 \u0130N\u00c7 S\u00dcRG\u00dcL\u00dc VANA F\u0130YATI ALIN<\/strong><\/a><\/p>\r\n<\/div>\r\n\r\n\r\n<h2 class=\"wp-block-heading\">S\u00fcrg\u00fcl\u00fc Vana 2 in\u00e7 nedir?<\/h2>\r\n\r\n\r\n\r\n<p>ZECO 2 in\u00e7 s\u00fcrg\u00fcl\u00fc vana, g\u00f6vde ve kaportay\u0131 tasarlayarak her y\u00f6ne maksimum stres da\u011f\u0131l\u0131m\u0131 ve minimum t\u00fcrb\u00fclans ve ak\u0131\u015f direnci sa\u011flayacak \u015fekilde tasarlanm\u0131\u015ft\u0131r. ZECO 2 in\u00e7 s\u00fcrg\u00fcl\u00fc vana, esas olarak kullan\u0131c\u0131lar\u0131n \u00f6zel ihtiya\u00e7lar\u0131na g\u00f6re d\u00f6vme vana g\u00f6vdesini veya d\u00f6k\u00fcm vana g\u00f6vdesini se\u00e7ebilir. 2 in\u00e7lik k\u00fc\u00e7\u00fck kalibreli bir valf olan ZECO&#039;nun t\u00fcm ekibi, onu bir zanaat gibi i\u015flemek, monte etmek, test etmek ve nakletmek i\u00e7in \u00e7ok \u00e7al\u0131\u015ft\u0131. ZECO, b\u00fcy\u00fck boyutlu vana veya k\u00fc\u00e7\u00fck boyutlu vana ne olursa olsun, kullan\u0131c\u0131lar\u0131 memnun etmek ve istikrarl\u0131 ve g\u00fcvenli \u00e7al\u0131\u015fmay\u0131 s\u00fcrd\u00fcrmek i\u00e7in \u00fcr\u00fcnleri her ayr\u0131nt\u0131s\u0131na kadar hassas ve hassas bir \u015fekilde ele alaca\u011f\u0131 ve sonunda bunlar\u0131 kullan\u0131c\u0131lara teslim edece\u011fi ilkesine ba\u011fl\u0131 kalmaktad\u0131r. uzun zamand\u0131r.<\/p>\r\n\r\n\r\n\r\n<h2 class=\"wp-block-heading\" id=\"h-types-of-gate-valve-2-inch\">S\u00fcrg\u00fcl\u00fc Vana \u00c7e\u015fitleri 2 \u0130n\u00e7<\/h2>\r\n\r\n\r\n\r\n<ul class=\"wp-block-list\">\r\n<li>2 \u0130n\u00e7 Paslanmaz \u00c7elik S\u00fcrg\u00fcl\u00fc Vana\r\n<ul>\r\n<li>Al\u00fcminyum el \u00e7ark\u0131 ve 316 paslanmaz \u00e7elikten y\u00fckselmeyen g\u00f6vde, kapak, g\u00f6vde ve kama ile korozyona dayan\u0131kl\u0131 yap\u0131ya sahip olan bu s\u00fcrg\u00fcl\u00fc vanalar rafineri, kimya ve di\u011fer proses uygulamalar\u0131 i\u00e7in idealdir.<\/li>\r\n<\/ul>\r\n<\/li>\r\n<li>2 \u0130n\u00e7 Pirin\u00e7 S\u00fcrg\u00fcl\u00fc Vana\r\n<ul>\r\n<li>D\u00f6kme demir \u00e7ark kollar\u0131 ve pirin\u00e7 diskler, takozlar, g\u00f6vdeler ve vidal\u0131 kapaklarla tasarlanan bu tam portlu ana kapatma vanalar\u0131, su ve bas\u0131n\u00e7l\u0131 hava uygulamalar\u0131nda tamamen a\u00e7\u0131k veya tamamen kapal\u0131 olarak kullan\u0131labilir. Y\u00fckselmeyen g\u00f6vdeler s\u0131n\u0131rl\u0131 dikey alanda kullan\u0131labilir.<\/li>\r\n<\/ul>\r\n<\/li>\r\n<li>2 \u0130n\u00e7 Caron \u00c7elik S\u00fcrg\u00fcl\u00fc Vana\r\n<ul>\r\n<li>D\u00f6kme \u00e7elik vanalar gaz, ya\u011f, buhar, su ve genel servis uygulamalar\u0131 i\u00e7in uygundur. Harici valf g\u00f6vdesi di\u015fleri ak\u0131\u015f ortam\u0131ndan kaynaklanan kirlenmeyi \u00f6nler.<\/li>\r\n<\/ul>\r\n<\/li>\r\n<li>2 \u0130n\u00e7 Bronz S\u00fcrg\u00fcl\u00fc Vana\r\n<ul>\r\n<li>Pozitif kapatma i\u015flevi g\u00f6ren bu tam yollu vanalar, buhar, su ve bas\u0131n\u00e7l\u0131 hava uygulamalar\u0131nda tamamen a\u00e7\u0131k veya tamamen kapal\u0131 olarak kullan\u0131labilir.<\/li>\r\n<\/ul>\r\n<\/li>\r\n<\/ul>\r\n\r\n\r\n\r\n<h2 class=\"wp-block-heading\">2 \u0130n\u00e7 S\u00fcrg\u00fcl\u00fc Vanan\u0131n Avantajlar\u0131<\/h2>\r\n\r\n\r\n\r\n<ul class=\"wp-block-list\">\r\n<li>Y\u00fcksek Korozyon ve Darbe Dayan\u0131m\u0131<\/li>\r\n<li>Ak\u0131\u015f De\u011fi\u015fimlerini Kapsayan Esneklik<\/li>\r\n<li>Kolay bak\u0131m<\/li>\r\n<li>ZECO 2 in\u00e7 s\u00fcrg\u00fcl\u00fc vana son derece se\u00e7icidir, ASTM A182 standard\u0131ndan ASTM A216 standard\u0131na ve ASTM A351 standard\u0131na kadar d\u00f6vme vana g\u00f6vdesi veya d\u00f6k\u00fcm vana g\u00f6vdesi se\u00e7ebilir, ZECO&#039;nun \u00fcretim aral\u0131\u011f\u0131d\u0131r, bas\u0131n\u00e7 s\u0131n\u0131flar\u0131 150 lb ila 1500 lb aras\u0131nda se\u00e7im yapabilir,<\/li>\r\n<li>ZECO 2 in\u00e7 s\u00fcrg\u00fcl\u00fc vanan\u0131n takozuna g\u00f6vde ba\u011flant\u0131s\u0131, g\u00f6vdeye entegre (kaynaks\u0131z) bir T ba\u015fl\u0131 tasar\u0131md\u0131r. Boyutlardaki ve y\u00fczeylerdeki do\u011fruluk, paketleme alan\u0131nda m\u00fckemmel bir s\u0131zd\u0131rmazl\u0131k ile uzun bir kullan\u0131m \u00f6mr\u00fc sa\u011flar ve bu da daha d\u00fc\u015f\u00fck ka\u00e7ak emisyonlara yol a\u00e7ar;<\/li>\r\n<li>ZECO 2 in\u00e7 s\u00fcrg\u00fcl\u00fc vanan\u0131n g\u00f6vde salmastras\u0131, \u00e7al\u0131\u015fma s\u0131ras\u0131nda veya konumdayken g\u00f6vde boyunca maksimum s\u0131zd\u0131rmazl\u0131k sa\u011flayacak \u015fekilde tasarlanm\u0131\u015f ve d\u00fczenlenmi\u015ftir, b\u00f6ylece ka\u00e7ak emisyonlarda daha fazla azalmaya olanak sa\u011flar. Ambalajlar\u0131m\u0131z ASBEST OLMAYAN tipte olup;<\/li>\r\n<li>ZECO profesyonel bir s\u00fcrg\u00fcl\u00fc vana \u00fcreticisidir. ZECO, son kullan\u0131c\u0131lara y\u00fcksek kaliteli \u00fcr\u00fcnler sunma kapasitesine sahiptir.<\/li>\r\n<\/ul>\r\n\r\n\r\n\r\n<h2 class=\"wp-block-heading\">2 \u0130n\u00e7 S\u00fcrg\u00fcl\u00fc Vanan\u0131n Boyutlar\u0131 ve A\u011f\u0131rl\u0131\u011f\u0131<\/h2>\r\n\r\n\r\n\r\n<table border=\"=1\" width=\"800\">\r\n<tbody>\r\n<tr>\r\n<td rowspan=\"2\">Bas\u0131n\u00e7 Derecesi<\/td>\r\n<td style=\"text-align: center;\">Delik<\/td>\r\n<td style=\"text-align: center;\" colspan=\"3\">\u00a0Y\u00fcz Y\u00fcze Boyut (mm cinsinden)<\/td>\r\n<td style=\"text-align: center;\">A\u011f\u0131rl\u0131k<\/td>\r\n<\/tr>\r\n<tr>\r\n<td style=\"text-align: center;\">(mm cinsinden)<\/td>\r\n<td style=\"text-align: center;\">RF<\/td>\r\n<td style=\"text-align: center;\">BW<\/td>\r\n<td style=\"text-align: center;\">RTJ<\/td>\r\n<td style=\"text-align: center;\">kg<\/td>\r\n<\/tr>\r\n<tr>\r\n<td>SINIF 150<\/td>\r\n<td style=\"text-align: center;\">50<\/td>\r\n<td style=\"text-align: center;\">178<\/td>\r\n<td style=\"text-align: center;\">216<\/td>\r\n<td style=\"text-align: center;\">191<\/td>\r\n<td style=\"text-align: center;\">27<\/td>\r\n<\/tr>\r\n<tr>\r\n<td>SINIF 300<\/td>\r\n<td style=\"text-align: center;\">50<\/td>\r\n<td style=\"text-align: center;\">216<\/td>\r\n<td style=\"text-align: center;\">216<\/td>\r\n<td style=\"text-align: center;\">232<\/td>\r\n<td style=\"text-align: center;\">32<\/td>\r\n<\/tr>\r\n<tr>\r\n<td>SINIF 600<\/td>\r\n<td style=\"text-align: center;\">50<\/td>\r\n<td style=\"text-align: center;\">292<\/td>\r\n<td style=\"text-align: center;\">292<\/td>\r\n<td style=\"text-align: center;\">295<\/td>\r\n<td style=\"text-align: center;\">50<\/td>\r\n<\/tr>\r\n<tr>\r\n<td>SINIF 900<\/td>\r\n<td style=\"text-align: center;\">47<\/td>\r\n<td style=\"text-align: center;\">368<\/td>\r\n<td style=\"text-align: center;\">368<\/td>\r\n<td style=\"text-align: center;\">371<\/td>\r\n<td style=\"text-align: center;\">116<\/td>\r\n<\/tr>\r\n<tr>\r\n<td>SINIF 1500<\/td>\r\n<td style=\"text-align: center;\">47<\/td>\r\n<td style=\"text-align: center;\">368<\/td>\r\n<td style=\"text-align: center;\">368<\/td>\r\n<td style=\"text-align: center;\">371<\/td>\r\n<td style=\"text-align: center;\">116<\/td>\r\n<\/tr>\r\n<tr>\r\n<td>SINIF 2500<\/td>\r\n<td style=\"text-align: center;\">38<\/td>\r\n<td style=\"text-align: center;\">451<\/td>\r\n<td style=\"text-align: center;\">451<\/td>\r\n<td style=\"text-align: center;\">454<\/td>\r\n<td style=\"text-align: center;\">156<\/td>\r\n<\/tr>\r\n<\/tbody>\r\n<\/table>\r\n\r\n\r\n\r\n<h2 class=\"wp-block-heading\">2 \u0130n\u00e7 S\u00fcrg\u00fcl\u00fc Vana Fiyat\u0131<\/h2>\r\n\r\n\r\n\r\n<p>ZECO Valve, profesyonel bir 2 in\u00e7 S\u00fcrg\u00fcl\u00fc Vana \u00dcreticisidir. Herhangi bir sorunuz varsa, l\u00fctfen bizimle ileti\u015fime ge\u00e7in. Rekabet\u00e7i bir 2 in\u00e7 s\u00fcrg\u00fcl\u00fc vana fiyat\u0131 sa\u011flayabiliriz.<\/p>\r\n\r\n\r\n\r\n<h2 class=\"wp-block-heading\">S\u00fcrg\u00fcl\u00fc Vana Malzemesi 2 \u0130n\u00e7<\/h2>\r\n\r\n\r\n\r\n<figure class=\"wp-block-table\">\r\n<table>\r\n<tbody>\r\n<tr>\r\n<td>Hay\u0131r<\/td>\r\n<td>Par\u00e7a<\/td>\r\n<td>Malzeme<\/td>\r\n<\/tr>\r\n<tr>\r\n<td>1<\/td>\r\n<td>V\u00fccut<\/td>\r\n<td>ASTM A217 WC6<\/td>\r\n<\/tr>\r\n<tr>\r\n<td>2<\/td>\r\n<td>Koltuk Halkas\u0131<\/td>\r\n<td>ASTM A182 F11 + STL<\/td>\r\n<\/tr>\r\n<tr>\r\n<td>3<\/td>\r\n<td>Kama<\/td>\r\n<td>ASTM A217 WC6 + STL<\/td>\r\n<\/tr>\r\n<tr>\r\n<td>4<\/td>\r\n<td>K\u00f6k<\/td>\r\n<td>ASTM A276 410<\/td>\r\n<\/tr>\r\n<tr>\r\n<td>5<\/td>\r\n<td>Kaput Contas\u0131<\/td>\r\n<td>Grafit + SS316<\/td>\r\n<\/tr>\r\n<tr>\r\n<td>6<\/td>\r\n<td>Kaput C\u0131vatas\u0131<\/td>\r\n<td>ASTM A193 B16<\/td>\r\n<\/tr>\r\n<tr>\r\n<td>7<\/td>\r\n<td>Kaput Somunu<\/td>\r\n<td>ASTM A194 4<\/td>\r\n<\/tr>\r\n<tr>\r\n<td>8<\/td>\r\n<td>Bone<\/td>\r\n<td>ASTM A217 WC6<\/td>\r\n<\/tr>\r\n<tr>\r\n<td>9<\/td>\r\n<td>Arka Koltuk<\/td>\r\n<td>ASTM A182 F6a<\/td>\r\n<\/tr>\r\n<tr>\r\n<td>10<\/td>\r\n<td>K\u00f6k Ambalaj<\/td>\r\n<td>G\u00fc\u00e7lendirilmi\u015f Grafit<\/td>\r\n<\/tr>\r\n<tr>\r\n<td>11<\/td>\r\n<td>El \u00c7ark\u0131<\/td>\r\n<td>KTH330-08<\/td>\r\n<\/tr>\r\n<\/tbody>\r\n<\/table>\r\n<\/figure>","protected":false},"excerpt":{"rendered":"<p>2 in\u00e7 S\u00fcrg\u00fcl\u00fc vanalar, ticari ve end\u00fcstriyel uygulamalara y\u00f6nelik \u00e7ok ama\u00e7l\u0131 \u00e7ift y\u00f6nl\u00fc kapatma vanalar\u0131d\u0131r. S\u00fcrg\u00fcl\u00fc Vana 2 in\u00e7 nedir? ZECO\u2026 <a title=\"2 in\u00e7 S\u00fcrg\u00fcl\u00fc Vana\" class=\"read-more\" href=\"https:\/\/zecovalve.com\/tr\/urun\/2-inch-gate-valve\" aria-label=\"2 in\u00e7 S\u00fcrg\u00fcl\u00fc Vana hakk\u0131nda daha fazlas\u0131\">Daha fazla bilgi edinin<\/a><\/p>","protected":false},"featured_media":27888,"comment_status":"closed","ping_status":"closed","template":"","meta":{"_generate-full-width-content":"","kt_blocks_editor_width":""},"product_cat":[2052,2458],"product_tag":[],"class_list":["post-16395","product","type-product","status-publish","has-post-thumbnail","hentry","product_cat-gate-valve","product_cat-gate-valve-by-inch","sales-flash-overlay","woocommerce-text-align-center","woocommerce-image-align-center","do-quantity-buttons"],"featured_image_src_large":["https:\/\/zecovalve.com\/wp-content\/uploads\/2022\/06\/2-inch-Gate-Valve-1.jpg",800,600,false],"author_info":[],"comment_info":0,"taxonomy_info":{"product_cat":[{"value":2052,"label":"Gate Valve"},{"value":2458,"label":"Gate Valve By Inch"}]},"yoast_head":"<!-- This site is optimized with the Yoast SEO Premium plugin v15.4 - https:\/\/yoast.com\/wordpress\/plugins\/seo\/ -->\n<title>Gate Valve 2 Inch - Competitive 2 Inch Gate Valve Price | ZECO Valve<\/title>\n<meta name=\"robots\" content=\"index, follow, max-snippet:-1, max-image-preview:large, max-video-preview:-1\" \/>\n<link rel=\"canonical\" href=\"https:\/\/zecovalve.com\/tr\/urun\/2-inch-gate-valve\" \/>\n<meta property=\"og:locale\" content=\"tr_TR\" \/>\n<meta property=\"og:type\" content=\"article\" \/>\n<meta property=\"og:title\" content=\"Gate Valve 2 Inch - Competitive 2 Inch Gate Valve Price | ZECO Valve\" \/>\n<meta property=\"og:description\" content=\"2 inch Gate valves are multi-purpose bi-directional shutoff valves for commercial and industrial applications. What is a Gate Valve 2 inch? ZECO ... Read more\" \/>\n<meta property=\"og:url\" content=\"https:\/\/zecovalve.com\/tr\/urun\/2-inch-gate-valve\" \/>\n<meta property=\"og:site_name\" content=\"ZECO Valve\" \/>\n<meta property=\"article:modified_time\" content=\"2023-06-15T12:52:54+00:00\" \/>\n<meta property=\"og:image\" content=\"https:\/\/zecovalve.com\/wp-content\/uploads\/2022\/06\/2-inch-Gate-Valve-1.jpg\" \/>\n\t<meta property=\"og:image:width\" content=\"800\" \/>\n\t<meta property=\"og:image:height\" content=\"600\" \/>\n<meta name=\"twitter:card\" content=\"summary_large_image\" \/>\n<meta name=\"twitter:label1\" content=\"Yazan:\">\n\t<meta name=\"twitter:data1\" content=\"Jerry\">\n\t<meta name=\"twitter:label2\" content=\"Tahmini okuma s\u00fcresi\">\n\t<meta name=\"twitter:data2\" content=\"2 dakika\">\n<script type=\"application\/ld+json\" class=\"yoast-schema-graph\">{\"@context\":\"https:\/\/schema.org\",\"@graph\":[{\"@type\":\"WebSite\",\"@id\":\"https:\/\/zecovalve.com\/#website\",\"url\":\"https:\/\/zecovalve.com\/\",\"name\":\"ZECO Valve\",\"description\":\"Industrial Ball Valve, Gate Valve and Globe Valve Manufacturer\",\"potentialAction\":[{\"@type\":\"SearchAction\",\"target\":\"https:\/\/zecovalve.com\/?s={search_term_string}\",\"query-input\":\"required name=search_term_string\"}],\"inLanguage\":\"tr\"},{\"@type\":\"ImageObject\",\"@id\":\"https:\/\/zecovalve.com\/product\/2-inch-gate-valve#primaryimage\",\"inLanguage\":\"tr\",\"url\":\"https:\/\/zecovalve.com\/wp-content\/uploads\/2022\/06\/2-inch-Gate-Valve-1.jpg\",\"width\":800,\"height\":600,\"caption\":\"2 inch Gate Valve\"},{\"@type\":\"WebPage\",\"@id\":\"https:\/\/zecovalve.com\/product\/2-inch-gate-valve#webpage\",\"url\":\"https:\/\/zecovalve.com\/product\/2-inch-gate-valve\",\"name\":\"Gate Valve 2 Inch - Competitive 2 Inch Gate Valve Price | ZECO Valve\",\"isPartOf\":{\"@id\":\"https:\/\/zecovalve.com\/#website\"},\"primaryImageOfPage\":{\"@id\":\"https:\/\/zecovalve.com\/product\/2-inch-gate-valve#primaryimage\"},\"datePublished\":\"2022-06-21T04:07:01+00:00\",\"dateModified\":\"2023-06-15T12:52:54+00:00\",\"breadcrumb\":{\"@id\":\"https:\/\/zecovalve.com\/product\/2-inch-gate-valve#breadcrumb\"},\"inLanguage\":\"tr\",\"potentialAction\":[{\"@type\":\"ReadAction\",\"target\":[\"https:\/\/zecovalve.com\/product\/2-inch-gate-valve\"]}]},{\"@type\":\"BreadcrumbList\",\"@id\":\"https:\/\/zecovalve.com\/product\/2-inch-gate-valve#breadcrumb\",\"itemListElement\":[{\"@type\":\"ListItem\",\"position\":1,\"item\":{\"@type\":\"WebPage\",\"@id\":\"https:\/\/zecovalve.com\/\",\"url\":\"https:\/\/zecovalve.com\/\",\"name\":\"Home\"}},{\"@type\":\"ListItem\",\"position\":2,\"item\":{\"@type\":\"WebPage\",\"@id\":\"https:\/\/zecovalve.com\/product-category\",\"url\":\"https:\/\/zecovalve.com\/product-category\",\"name\":\"Industrial Valve Manufacturer | Water Valve Manufacturer\"}},{\"@type\":\"ListItem\",\"position\":3,\"item\":{\"@type\":\"WebPage\",\"@id\":\"https:\/\/zecovalve.com\/product\/2-inch-gate-valve\",\"url\":\"https:\/\/zecovalve.com\/product\/2-inch-gate-valve\",\"name\":\"2 inch Gate Valve\"}}]}]}<\/script>\n<!-- \/ Yoast SEO Premium plugin. -->","_links":{"self":[{"href":"https:\/\/zecovalve.com\/tr\/wp-json\/wp\/v2\/product\/16395","targetHints":{"allow":["GET"]}}],"collection":[{"href":"https:\/\/zecovalve.com\/tr\/wp-json\/wp\/v2\/product"}],"about":[{"href":"https:\/\/zecovalve.com\/tr\/wp-json\/wp\/v2\/types\/product"}],"replies":[{"embeddable":true,"href":"https:\/\/zecovalve.com\/tr\/wp-json\/wp\/v2\/comments?post=16395"}],"wp:featuredmedia":[{"embeddable":true,"href":"https:\/\/zecovalve.com\/tr\/wp-json\/wp\/v2\/media\/27888"}],"wp:attachment":[{"href":"https:\/\/zecovalve.com\/tr\/wp-json\/wp\/v2\/media?parent=16395"}],"wp:term":[{"taxonomy":"product_cat","embeddable":true,"href":"https:\/\/zecovalve.com\/tr\/wp-json\/wp\/v2\/product_cat?post=16395"},{"taxonomy":"product_tag","embeddable":true,"href":"https:\/\/zecovalve.com\/tr\/wp-json\/wp\/v2\/product_tag?post=16395"}],"curies":[{"name":"wp","href":"https:\/\/api.w.org\/{rel}","templated":true}]}}