{"id":16397,"date":"2022-06-21T04:44:32","date_gmt":"2022-06-21T04:44:32","guid":{"rendered":"https:\/\/zecovalve.com\/?post_type=product&#038;p=16397"},"modified":"2023-06-15T12:53:16","modified_gmt":"2023-06-15T12:53:16","slug":"56-inch-gate-valve","status":"publish","type":"product","link":"https:\/\/zecovalve.com\/tr\/urun\/56-inch-gate-valve","title":{"rendered":"B\u00fcy\u00fck S\u00fcrg\u00fcl\u00fc Vana"},"content":{"rendered":"<p>36 \u0130n\u00e7 S\u00fcrg\u00fcl\u00fc Vana ve 30 \u0130n\u00e7 S\u00fcrg\u00fcl\u00fc Vanalar, Wafer Sal\u0131n\u0131ml\u0131 \u00c7ek Valf ve Trunnion K\u00fcresel Vana, Wafer Kelebek Vana ve \u00c7ift Plakal\u0131 Vana i\u00e7in rekabet\u00e7i bir fiyat, ola\u011fan\u00fcst\u00fc kaliteli \u00fcr\u00fcnler ve ayn\u0131 zamanda h\u0131zl\u0131 teslimat sunmaya kendimizi adad\u0131k. . D\u00fcnyan\u0131n en iyi \u00fcr\u00fcn tedarik\u00e7isi olarak b\u00fcy\u00fck itibar\u0131m\u0131z\u0131 korumaya \u00e7al\u0131\u015faca\u011f\u0131z. Herhangi bir sorunuz veya yorumunuz varsa l\u00fctfen bizimle serbest\u00e7e ileti\u015fime ge\u00e7in. \u00dcr\u00fcn Avrupa, Amerika, Avustralya, Endonezya, Hollanda, Cancun ve Jakarta gibi d\u00fcnyan\u0131n her yerine tedarik edilecek. Farkl\u0131 tasar\u0131mlar ve uzman hizmetlerle \u00e7ok daha iyi \u00fcr\u00fcnler sunaca\u011f\u0131z. D\u00fcnyan\u0131n her yerinden arkada\u015flar\u0131m\u0131z\u0131 \u015firketimizi ziyaret etmeye ve uzun vadeli ve kar\u015f\u0131l\u0131kl\u0131 yararlar temelinde bizimle i\u015fbirli\u011fi yapmaya i\u00e7tenlikle davet ediyoruz.<\/p>\r\n\r\n\r\n<div class=\"gb-button-wrapper gb-button-wrapper-6d8495a3\">\r\n\r\n\r\n<p><a class=\"gb-button gb-button-3d442e11 gb-button-text\" href=\"https:\/\/zecovalve.com\/tr\/contact\/\" target=\"_blank\" rel=\"noopener noreferrer\"><strong>30 \u0130N\u00c7 S\u00dcRG\u00dcL\u00dc VANA &amp; 36 \u0130N\u00c7 S\u00dcRG\u00dcL\u00dc VANA F\u0130YATI ALIN<\/strong><\/a><\/p>\r\n<\/div>\r\n\r\n\r\n\r\n\r\n<h2 class=\"wp-block-heading\" id=\"h-description-of-30-inch-gate-valve-36-inch-gate-valve\">30 \u0130n\u00e7 S\u00fcrg\u00fcl\u00fc Vana ve 36 \u0130n\u00e7 S\u00fcrg\u00fcl\u00fc Vanan\u0131n A\u00e7\u0131klamas\u0131<\/h2>\r\n\r\n\r\n\r\n<p>ZECO, 30 in\u00e7 ve 36 in\u00e7lik en b\u00fcy\u00fck s\u00fcrg\u00fcl\u00fc vana boyutunu \u00fcretebilir, ancak ayn\u0131 zamanda s\u00fcrg\u00fcl\u00fc vana ge\u00e7mi\u015fine de sahiptir; Kelamayi petrol sahas\u0131 projesi bir kap\u0131ya ihtiya\u00e7 duydu\u011funda, \u00c7in&#039;de 30 in\u00e7 ve 36 in\u00e7lik s\u00fcrg\u00fcl\u00fc vana kal\u0131plar\u0131 \u00e7ok vard\u0131. az say\u0131da, ancak ZECO cesaret ve g\u00fc\u00e7le listeyi takip ediyor, ZECO teknolojisiyle <a href=\"https:\/\/zecovalve.com\/tr\/\" data-internallinksmanager029f6b8e52c=\"9\" title=\"end\u00fcstriyel vana \u00fcreticisi\" target=\"_blank\" rel=\"noopener\">\u00c7in vana<\/a> derne\u011fin genel teknik dan\u0131\u015fman\u0131 ayn\u0131 y\u0131l di\u011fer \u00f6\u011frenciler aras\u0131ndaki ili\u015fki, iki ki\u015fi gece g\u00fcnd\u00fcz birbirine yak\u0131n ara\u015ft\u0131rmalar\u0131 tart\u0131\u015fmak i\u00e7in bir ay boyunca, son olarak 30 in\u00e7 ve 36 in\u00e7 s\u00fcrg\u00fcl\u00fc vanan\u0131n tasar\u0131m\u0131n\u0131 sonu\u00e7land\u0131rmak ve takibini yapmakt\u0131r. kal\u0131p geli\u015ftirme ve \u00fcretim s\u00fcre\u00e7leri ve sonunda teslimat tamamlan\u0131r. ZECO, d\u00fcnyan\u0131n her yerindeki kullan\u0131c\u0131lar\u0131n ihtiya\u00e7lar\u0131n\u0131 kar\u015f\u0131lamak i\u00e7in daha b\u00fcy\u00fck boyutlu s\u00fcrg\u00fcl\u00fc vanalar\u0131 tamamlama yetene\u011fine ve g\u00fcc\u00fcne sahiptir. \u00d6zel \u00f6zelle\u015ftirilmi\u015f gereksinimleriniz varsa, l\u00fctfen bizimle ileti\u015fime ge\u00e7mekten \u00e7ekinmeyin.<\/p>\r\n\r\n\r\n<div class=\"wp-block-image\">\r\n<figure class=\"aligncenter size-large is-resized\"><img loading=\"lazy\" decoding=\"async\" class=\"wp-image-26860\" src=\"https:\/\/zecovalve.com\/wp-content\/uploads\/2022\/08\/1267-P17-542x1024.jpg\" alt=\"\" width=\"271\" height=\"512\" srcset=\"https:\/\/zecovalve.com\/wp-content\/uploads\/2022\/08\/1267-P17-542x1024.jpg 542w, https:\/\/zecovalve.com\/wp-content\/uploads\/2022\/08\/1267-P17-159x300.jpg 159w, https:\/\/zecovalve.com\/wp-content\/uploads\/2022\/08\/1267-P17-768x1451.jpg 768w, https:\/\/zecovalve.com\/wp-content\/uploads\/2022\/08\/1267-P17-813x1536.jpg 813w, https:\/\/zecovalve.com\/wp-content\/uploads\/2022\/08\/1267-P17-1084x2048.jpg 1084w, https:\/\/zecovalve.com\/wp-content\/uploads\/2022\/08\/1267-P17-600x1134.jpg 600w, https:\/\/zecovalve.com\/wp-content\/uploads\/2022\/08\/1267-P17-scaled.jpg 1355w\" sizes=\"auto, (max-width: 271px) 100vw, 271px\" \/><\/figure>\r\n<\/div>\r\n\r\n\r\n<h2 class=\"wp-block-heading\">30 \u0130n\u00e7 S\u00fcrg\u00fcl\u00fc Vana ve 36 \u0130n\u00e7 S\u00fcrg\u00fcl\u00fc Vana Standartlar\u0131<\/h2>\r\n\r\n\r\n\r\n<figure class=\"wp-block-table is-style-stripes\">\r\n<table>\r\n<tbody>\r\n<tr>\r\n<td>Tasar\u0131m Standard\u0131<\/td>\r\n<td>API 6D, ASME B12634<\/td>\r\n<\/tr>\r\n<tr>\r\n<td>Y\u00fcz Y\u00fcze<\/td>\r\n<td>ASTM B16.10, API 6D<\/td>\r\n<\/tr>\r\n<tr>\r\n<td>U\u00e7 Flan\u015f Boyutlar\u0131<\/td>\r\n<td>ASME B16.5, MSS SP44<\/td>\r\n<\/tr>\r\n<tr>\r\n<td>Muayene ve Test<\/td>\r\n<td>API 598, API 6D<\/td>\r\n<\/tr>\r\n<\/tbody>\r\n<\/table>\r\n<\/figure>\r\n\r\n\r\n\r\n<h2 class=\"wp-block-heading\" id=\"h-features-of-30-inch-gate-valve-36-inch-gate-valve\">30 \u0130n\u00e7 S\u00fcrg\u00fcl\u00fc Vana ve 36 \u0130n\u00e7 S\u00fcrg\u00fcl\u00fc Vanan\u0131n \u00d6zellikleri<\/h2>\r\n\r\n\r\n\r\n<ul class=\"wp-block-list\">\r\n<li>Boyutlar \u2013 30\u2033 ve 36\u2033<\/li>\r\n<li>Flan\u015f u\u00e7lar\u0131 ASME B16.10&#039;a uygundur<\/li>\r\n<li>D\u00f6rt noktal\u0131 kama mekanizmal\u0131 \u00e7ift diskli paralel koltuk<\/li>\r\n<li>Y\u00fckselmeyen g\u00f6vde (NRS) ve (D\u0131\u015f Vida ve Boyunduruk) OS&amp;Y<\/li>\r\n<li>2\u201d kare anahtar somunu \u2013 sola a\u00e7\u0131k veya sa\u011fa a\u00e7\u0131k<\/li>\r\n<li>150 PSIG (1000 kPa\/10 barg) maksimum \u00e7al\u0131\u015fma bas\u0131nc\u0131; 300 PSIG(2100 kPa\/21 barg) test bas\u0131nc\u0131<\/li>\r\n<li>\u0130\u00e7me suyu uygulamalar\u0131 i\u00e7in tasarlanm\u0131\u015ft\u0131r<\/li>\r\n<\/ul>\r\n\r\n\r\n\r\n<h2 class=\"wp-block-heading\" id=\"h-material-of-30-inch-gate-valve-36-inch-gate-valve\">30 \u0130n\u00e7 S\u00fcrg\u00fcl\u00fc Vana ve 36 \u0130n\u00e7 S\u00fcrg\u00fcl\u00fc Vana Malzemesi<\/h2>\r\n\r\n\r\n\r\n<figure class=\"wp-block-table\">\r\n<table>\r\n<tbody>\r\n<tr>\r\n<td>Hay\u0131r<\/td>\r\n<td>Par\u00e7a<\/td>\r\n<td>Malzeme<\/td>\r\n<\/tr>\r\n<tr>\r\n<td>1<\/td>\r\n<td>V\u00fccut<\/td>\r\n<td>ASTM A216 WCB<\/td>\r\n<\/tr>\r\n<tr>\r\n<td>2<\/td>\r\n<td>Koltuk Halkas\u0131<\/td>\r\n<td>ASTM A105 + STL<\/td>\r\n<\/tr>\r\n<tr>\r\n<td>3<\/td>\r\n<td>Kama<\/td>\r\n<td>ASTM A216 WCB + STL<\/td>\r\n<\/tr>\r\n<tr>\r\n<td>4<\/td>\r\n<td>K\u00f6k<\/td>\r\n<td>ASTM A276 410<\/td>\r\n<\/tr>\r\n<tr>\r\n<td>5<\/td>\r\n<td>Kaput Contas\u0131<\/td>\r\n<td>Grafit + SS304<\/td>\r\n<\/tr>\r\n<tr>\r\n<td>6<\/td>\r\n<td>Kaput C\u0131vatas\u0131<\/td>\r\n<td>ASTM A193 B7<\/td>\r\n<\/tr>\r\n<tr>\r\n<td>7<\/td>\r\n<td>Kaput Somunu<\/td>\r\n<td>ASTM A194 2H<\/td>\r\n<\/tr>\r\n<tr>\r\n<td>8<\/td>\r\n<td>Bone<\/td>\r\n<td>ASTM A216 WCB<\/td>\r\n<\/tr>\r\n<tr>\r\n<td>9<\/td>\r\n<td>Arka Koltuk<\/td>\r\n<td>ASTM A182 F6a<\/td>\r\n<\/tr>\r\n<tr>\r\n<td>10<\/td>\r\n<td>K\u00f6k Ambalaj<\/td>\r\n<td>G\u00fc\u00e7lendirilmi\u015f Grafit<\/td>\r\n<\/tr>\r\n<tr>\r\n<td>11<\/td>\r\n<td>Di\u015fli Akt\u00fcat\u00f6r<\/td>\r\n<td>KTH330-08<\/td>\r\n<\/tr>\r\n<\/tbody>\r\n<\/table>\r\n<\/figure>\r\n<p>ZECO Valve ayr\u0131ca 2 in\u00e7 s\u00fcrg\u00fcl\u00fc vanalar ve 1 in\u00e7 s\u00fcrg\u00fcl\u00fc vanalar gibi k\u00fc\u00e7\u00fck s\u00fcrg\u00fcl\u00fc vanalar da \u00fcretmektedir, 1 in\u00e7 s\u00fcrg\u00fcl\u00fc vana fiyat\u0131na ihtiyac\u0131n\u0131z varsa bizimle de ileti\u015fime ge\u00e7ebilirsiniz.<\/p>","protected":false},"excerpt":{"rendered":"<p>36 \u0130n\u00e7 S\u00fcrg\u00fcl\u00fc Vana i\u00e7in rekabet\u00e7i bir fiyat, ola\u011fan\u00fcst\u00fc kaliteli \u00fcr\u00fcnler ve h\u0131zl\u0131 teslimat sunmaya kendimizi adad\u0131k\u2026 <a title=\"B\u00fcy\u00fck S\u00fcrg\u00fcl\u00fc Vana\" class=\"read-more\" href=\"https:\/\/zecovalve.com\/tr\/urun\/56-inch-gate-valve\" aria-label=\"B\u00fcy\u00fck S\u00fcrg\u00fcl\u00fc Vana hakk\u0131nda daha fazlas\u0131\">Daha fazla bilgi edinin<\/a><\/p>","protected":false},"featured_media":27889,"comment_status":"closed","ping_status":"closed","template":"","meta":{"_generate-full-width-content":"","kt_blocks_editor_width":""},"product_cat":[2052,2458,2454],"product_tag":[],"class_list":["post-16397","product","type-product","status-publish","has-post-thumbnail","hentry","product_cat-gate-valve","product_cat-gate-valve-by-inch","product_cat-gate-valve-by-material","sales-flash-overlay","woocommerce-text-align-center","woocommerce-image-align-center","do-quantity-buttons"],"featured_image_src_large":["https:\/\/zecovalve.com\/wp-content\/uploads\/2022\/06\/Large-Gate-Valve.jpg",800,600,false],"author_info":[],"comment_info":0,"taxonomy_info":{"product_cat":[{"value":2052,"label":"Gate Valve"},{"value":2458,"label":"Gate Valve By Inch"},{"value":2454,"label":"Gate Valve By Material"}]},"yoast_head":"<!-- This site is optimized with the Yoast SEO Premium plugin v15.4 - https:\/\/yoast.com\/wordpress\/plugins\/seo\/ -->\n<title>Large Gate Valve - 30 Inch Gate Valve &amp; 36 Inch Gate Valve | ZECO Valve<\/title>\n<meta name=\"robots\" content=\"index, follow, max-snippet:-1, max-image-preview:large, max-video-preview:-1\" \/>\n<link rel=\"canonical\" href=\"https:\/\/zecovalve.com\/tr\/urun\/56-inch-gate-valve\" \/>\n<meta property=\"og:locale\" content=\"tr_TR\" \/>\n<meta property=\"og:type\" content=\"article\" \/>\n<meta property=\"og:title\" content=\"Large Gate Valve - 30 Inch Gate Valve &amp; 36 Inch Gate Valve | ZECO Valve\" \/>\n<meta property=\"og:description\" content=\"We&#8217;ve been committed to offering a competitive rate, outstanding merchandise of good quality, too as fast delivery for 36 Inch Gate Valve ... Read more\" \/>\n<meta property=\"og:url\" content=\"https:\/\/zecovalve.com\/tr\/urun\/56-inch-gate-valve\" \/>\n<meta property=\"og:site_name\" content=\"ZECO Valve\" \/>\n<meta property=\"article:modified_time\" content=\"2023-06-15T12:53:16+00:00\" \/>\n<meta property=\"og:image\" content=\"https:\/\/zecovalve.com\/wp-content\/uploads\/2022\/06\/Large-Gate-Valve.jpg\" \/>\n\t<meta property=\"og:image:width\" content=\"800\" \/>\n\t<meta property=\"og:image:height\" content=\"600\" \/>\n<meta name=\"twitter:card\" content=\"summary_large_image\" \/>\n<meta name=\"twitter:label1\" content=\"Yazan:\">\n\t<meta name=\"twitter:data1\" content=\"Jerry\">\n\t<meta name=\"twitter:label2\" content=\"Tahmini okuma s\u00fcresi\">\n\t<meta name=\"twitter:data2\" content=\"2 dakika\">\n<script type=\"application\/ld+json\" class=\"yoast-schema-graph\">{\"@context\":\"https:\/\/schema.org\",\"@graph\":[{\"@type\":\"WebSite\",\"@id\":\"https:\/\/zecovalve.com\/#website\",\"url\":\"https:\/\/zecovalve.com\/\",\"name\":\"ZECO Valve\",\"description\":\"Industrial Ball Valve, Gate Valve and Globe Valve Manufacturer\",\"potentialAction\":[{\"@type\":\"SearchAction\",\"target\":\"https:\/\/zecovalve.com\/?s={search_term_string}\",\"query-input\":\"required name=search_term_string\"}],\"inLanguage\":\"tr\"},{\"@type\":\"ImageObject\",\"@id\":\"https:\/\/zecovalve.com\/product\/56-inch-gate-valve#primaryimage\",\"inLanguage\":\"tr\",\"url\":\"https:\/\/zecovalve.com\/wp-content\/uploads\/2022\/06\/Large-Gate-Valve.jpg\",\"width\":800,\"height\":600,\"caption\":\"Large Gate Valve\"},{\"@type\":\"WebPage\",\"@id\":\"https:\/\/zecovalve.com\/product\/56-inch-gate-valve#webpage\",\"url\":\"https:\/\/zecovalve.com\/product\/56-inch-gate-valve\",\"name\":\"Large Gate Valve - 30 Inch Gate Valve & 36 Inch Gate Valve | ZECO Valve\",\"isPartOf\":{\"@id\":\"https:\/\/zecovalve.com\/#website\"},\"primaryImageOfPage\":{\"@id\":\"https:\/\/zecovalve.com\/product\/56-inch-gate-valve#primaryimage\"},\"datePublished\":\"2022-06-21T04:44:32+00:00\",\"dateModified\":\"2023-06-15T12:53:16+00:00\",\"breadcrumb\":{\"@id\":\"https:\/\/zecovalve.com\/product\/56-inch-gate-valve#breadcrumb\"},\"inLanguage\":\"tr\",\"potentialAction\":[{\"@type\":\"ReadAction\",\"target\":[\"https:\/\/zecovalve.com\/product\/56-inch-gate-valve\"]}]},{\"@type\":\"BreadcrumbList\",\"@id\":\"https:\/\/zecovalve.com\/product\/56-inch-gate-valve#breadcrumb\",\"itemListElement\":[{\"@type\":\"ListItem\",\"position\":1,\"item\":{\"@type\":\"WebPage\",\"@id\":\"https:\/\/zecovalve.com\/\",\"url\":\"https:\/\/zecovalve.com\/\",\"name\":\"Home\"}},{\"@type\":\"ListItem\",\"position\":2,\"item\":{\"@type\":\"WebPage\",\"@id\":\"https:\/\/zecovalve.com\/product-category\",\"url\":\"https:\/\/zecovalve.com\/product-category\",\"name\":\"Industrial Valve Manufacturer | Water Valve Manufacturer\"}},{\"@type\":\"ListItem\",\"position\":3,\"item\":{\"@type\":\"WebPage\",\"@id\":\"https:\/\/zecovalve.com\/product\/56-inch-gate-valve\",\"url\":\"https:\/\/zecovalve.com\/product\/56-inch-gate-valve\",\"name\":\"Large Gate Valve\"}}]}]}<\/script>\n<!-- \/ Yoast SEO Premium plugin. -->","_links":{"self":[{"href":"https:\/\/zecovalve.com\/tr\/wp-json\/wp\/v2\/product\/16397","targetHints":{"allow":["GET"]}}],"collection":[{"href":"https:\/\/zecovalve.com\/tr\/wp-json\/wp\/v2\/product"}],"about":[{"href":"https:\/\/zecovalve.com\/tr\/wp-json\/wp\/v2\/types\/product"}],"replies":[{"embeddable":true,"href":"https:\/\/zecovalve.com\/tr\/wp-json\/wp\/v2\/comments?post=16397"}],"wp:featuredmedia":[{"embeddable":true,"href":"https:\/\/zecovalve.com\/tr\/wp-json\/wp\/v2\/media\/27889"}],"wp:attachment":[{"href":"https:\/\/zecovalve.com\/tr\/wp-json\/wp\/v2\/media?parent=16397"}],"wp:term":[{"taxonomy":"product_cat","embeddable":true,"href":"https:\/\/zecovalve.com\/tr\/wp-json\/wp\/v2\/product_cat?post=16397"},{"taxonomy":"product_tag","embeddable":true,"href":"https:\/\/zecovalve.com\/tr\/wp-json\/wp\/v2\/product_tag?post=16397"}],"curies":[{"name":"wp","href":"https:\/\/api.w.org\/{rel}","templated":true}]}}