{"id":16405,"date":"2022-06-21T04:53:40","date_gmt":"2022-06-21T04:53:40","guid":{"rendered":"https:\/\/zecovalve.com\/?post_type=product&#038;p=16405"},"modified":"2023-06-07T07:06:02","modified_gmt":"2023-06-07T07:06:02","slug":"manual-ball-valve","status":"publish","type":"product","link":"https:\/\/zecovalve.com\/tr\/urun\/manual-ball-valve","title":{"rendered":"Manuel K\u00fcresel Vana"},"content":{"rendered":"<p>K\u00fcresel vanalar \u00e7ok iyi kapatma yetenekleri sunar. Basit bir \u00e7eyrek d\u00f6n\u00fc\u015f (90\u00b0) vanay\u0131 tamamen a\u00e7ar veya kapat\u0131r. Bu \u00f6zellik, valfin \u00e7al\u0131\u015fma s\u00fcresini en aza indirir ve salmastra contas\u0131ndaki a\u015f\u0131nma nedeniyle s\u0131z\u0131nt\u0131 olas\u0131l\u0131\u011f\u0131n\u0131 azalt\u0131r.<\/p>\r\n\r\n\r\n\r\n<div class=\"wp-block-columns is-layout-flex wp-container-core-columns-is-layout-9d6595d7 wp-block-columns-is-layout-flex\">\r\n<div class=\"wp-block-column is-layout-flow wp-block-column-is-layout-flow\">\r\n<figure class=\"wp-block-image size-large\"><img decoding=\"async\" src=\"https:\/\/zecovalve.com\/wp-content\/uploads\/2022\/06\/manual-ball-valve-1-300x225.jpg\" alt=\"\" \/><\/figure>\r\n<\/div>\r\n\r\n\r\n\r\n<div class=\"wp-block-column is-layout-flow wp-block-column-is-layout-flow\">\r\n<figure class=\"wp-block-image size-large\"><img decoding=\"async\" src=\"https:\/\/zecovalve.com\/wp-content\/uploads\/2022\/06\/manual-ball-valve-2-300x225.jpg\" alt=\"\" \/><\/figure>\r\n<\/div>\r\n\r\n\r\n\r\n<div class=\"wp-block-column is-layout-flow wp-block-column-is-layout-flow\">\r\n<figure class=\"wp-block-image size-large\"><img decoding=\"async\" src=\"https:\/\/zecovalve.com\/wp-content\/uploads\/2022\/06\/manual-ball-valve-3-300x225.jpg\" alt=\"\" \/><\/figure>\r\n<\/div>\r\n\r\n\r\n\r\n<div class=\"wp-block-column is-layout-flow wp-block-column-is-layout-flow\">\r\n<figure class=\"wp-block-image size-large\"><img decoding=\"async\" src=\"https:\/\/zecovalve.com\/wp-content\/uploads\/2022\/06\/manual-ball-valve-4-300x225.jpg\" alt=\"\" \/><\/figure>\r\n<\/div>\r\n<\/div>\r\n\r\n\r\n\r\n<div class=\"wp-block-columns is-layout-flex wp-container-core-columns-is-layout-9d6595d7 wp-block-columns-is-layout-flex\">\r\n<div class=\"wp-block-column is-layout-flow wp-block-column-is-layout-flow\">\r\n<figure class=\"wp-block-image size-large\"><img decoding=\"async\" src=\"https:\/\/zecovalve.com\/wp-content\/uploads\/2022\/06\/manual-ball-valve-5-300x225.jpg\" alt=\"\" \/><\/figure>\r\n<\/div>\r\n\r\n\r\n\r\n<div class=\"wp-block-column is-layout-flow wp-block-column-is-layout-flow\">\r\n<figure class=\"wp-block-image size-large\"><img decoding=\"async\" src=\"https:\/\/zecovalve.com\/wp-content\/uploads\/2022\/06\/manual-ball-valve-6-300x225.jpg\" alt=\"\" \/><\/figure>\r\n<\/div>\r\n\r\n\r\n\r\n<div class=\"wp-block-column is-layout-flow wp-block-column-is-layout-flow\">\r\n<figure class=\"wp-block-image size-large\"><img decoding=\"async\" src=\"https:\/\/zecovalve.com\/wp-content\/uploads\/2022\/06\/manual-ball-valve-7-300x225.jpg\" alt=\"\" \/><\/figure>\r\n<\/div>\r\n<\/div>\r\n\r\n\r\n\r\n\r\n<div class=\"gb-button-wrapper gb-button-wrapper-6d8495a3\">\r\n\r\n\r\n<p><a class=\"gb-button gb-button-3d442e11 gb-button-text\" href=\"https:\/\/zecovalve.com\/tr\/contact\/\" target=\"_blank\" rel=\"noopener noreferrer\"><strong>MANUEL K\u00dcRESEL VANA F\u0130YAT ALIN<\/strong><\/a><\/p>\r\n<\/div>\r\n\r\n\r\n<h2 class=\"wp-block-heading\" id=\"h-what-is-a-manual-ball-valve\">Manuel K\u00fcresel Vana Nedir?<\/h2>\r\n\r\n\r\n\r\n<p>ZECO manuel k\u00fcresel vana esas olarak boru hatt\u0131ndaki ortam\u0131n ak\u0131\u015f y\u00f6n\u00fcn\u00fc kesmek, da\u011f\u0131tmak ve de\u011fi\u015ftirmek i\u00e7in kullan\u0131l\u0131r. Ayr\u0131ca s\u0131v\u0131 reg\u00fclasyonu ve kontrol\u00fc i\u00e7in de kullan\u0131labilir. Manuel k\u00fcresel vana, esas olarak k\u00fcresel vana tahrikinin el \u00e7ark\u0131 veya kolun d\u00f6nd\u00fcr\u00fclmesi ve adland\u0131r\u0131lmas\u0131na dayanmaktad\u0131r. K\u00fc\u00e7\u00fck \u00e7apl\u0131 k\u00fcresel vanan\u0131n torku d\u00fc\u015f\u00fck oldu\u011fundan normalde manuel olarak a\u00e7\u0131labilir, dolay\u0131s\u0131yla t\u00fcrbin \u00e7al\u0131\u015fmas\u0131na veya elektrikli akt\u00fcat\u00f6r\u00fcn \u00e7al\u0131\u015fmas\u0131na gerek yoktur.<\/p>\r\n\r\n\r\n\r\n<h2 class=\"wp-block-heading\" id=\"h-features-of-manual-ball-valve\">Manuel K\u00fcresel Vanan\u0131n \u00d6zellikleri<\/h2>\r\n\r\n\r\n\r\n<ul class=\"wp-block-list\">\r\n<li>ZECO manuel k\u00fcresel vana anahtar\u0131 torku d\u00fc\u015f\u00fckt\u00fcr, manuel olarak a\u00e7\u0131labilir, kullan\u0131m\u0131 kolayd\u0131r, a\u00e7ma ve kapama h\u0131z\u0131 h\u0131zl\u0131d\u0131r, 90% d\u00f6n\u00fc\u015f\u00fc kadar tamamen a\u00e7\u0131ktan tamamen a\u00e7\u0131ka;<\/li>\r\n<li>G\u00fcvenlik a\u00e7\u0131s\u0131ndan, limit anahtarl\u0131 ZECO manuel k\u00fcresel vana, boru hatt\u0131 bak\u0131m\u0131 s\u0131ras\u0131nda bas\u0131n\u00e7tan dolay\u0131 milin d\u0131\u015far\u0131 itilmesini \u00f6nlemek i\u00e7in uygundur. ZECO g\u00f6vdenin \u00fcfleme \u00f6nleyici yap\u0131s\u0131n\u0131 tasarlad\u0131. \u00dcst sap\u0131n i\u015flenmesinde salmastra kutusunun olu\u011funa s\u0131k\u0131\u015fabilen ve personel g\u00fcvenli\u011fi endi\u015fesi olmadan salmastran\u0131n g\u00fcvenli bir \u015fekilde de\u011fi\u015ftirilebildi\u011fi bir \u00e7\u0131k\u0131nt\u0131 bulunmaktad\u0131r;<\/li>\r\n<li>ZECO manuel k\u00fcresel vana d\u00f6vme malzemeleri ve d\u00f6k\u00fcm malzemelerinden yap\u0131lm\u0131\u015ft\u0131r. Her malzeme ZECO tasar\u0131m departman\u0131 taraf\u0131ndan do\u011fruland\u0131 ve t\u00fcm par\u00e7alar\u0131n d\u00fcnya standartlar\u0131n\u0131n gerekliliklerini kar\u015f\u0131layabilmesini ve m\u00fc\u015fteriler taraf\u0131ndan uzun s\u00fcreli kullan\u0131m\u0131n garanti alt\u0131na al\u0131nmas\u0131n\u0131 sa\u011flamak i\u00e7in daha sonraki denetim departman\u0131nda malzeme denetimi, kimyasal analiz ve fiziksel performans ara\u015ft\u0131rmas\u0131 ger\u00e7ekle\u015ftirilecek. kalite sorunlar\u0131 konusunda endi\u015felenmek;<\/li>\r\n<li>Limit anahtarl\u0131 ZECO manuel k\u00fcresel vana, \u00fcretimin her s\u00fcrecinde ERP sisteminin izlenebilirli\u011fine sahiptir ve g\u00f6nderilen \u00fcr\u00fcnlerin hala de\u011fi\u015ftirilebilir par\u00e7alara ve kaliteye sahip olmas\u0131n\u0131 sa\u011flamak i\u00e7in her denetim verisi ve her \u00fcretim verisi ZECO&#039;nun ERP sistemine kaydedilecektir. Y\u0131llar sonra izlenebilirlik.<\/li>\r\n<li>K\u00fcresel vana, i\u00e7i bo\u015f bir d\u00f6ner bilya boyunca bir gaz\u0131n veya s\u0131v\u0131n\u0131n ak\u0131\u015f\u0131n\u0131 kontrol edebilen \u00e7eyrek d\u00f6n\u00fc\u015fl\u00fc bir vanad\u0131r.<\/li>\r\n<li>G\u00fcvenilirdirler, dayan\u0131kl\u0131d\u0131rlar, iyi s\u0131zd\u0131rmazl\u0131k sa\u011flarlar, \u00e7ok \u00e7e\u015fitli ortamlar i\u00e7in kullan\u0131labilirler ve uzun \u00f6m\u00fcrl\u00fcd\u00fcrler.<\/li>\r\n<li>Bilya tasar\u0131m\u0131, delik tasar\u0131m\u0131 ve k\u00fcresel vanada kullan\u0131lan malzemeler aras\u0131ndaki farkl\u0131l\u0131klar\u0131 anlamak, bunun uygulama i\u00e7in do\u011fru \u015fekilde belirlenmesini sa\u011flayacakt\u0131r.<\/li>\r\n<li>K\u00fcresel vanalar genellikle su hatlar\u0131nda, s\u0131v\u0131lar i\u00e7in d\u00fc\u015f\u00fck noktal\u0131 drenajlarda, gaz i\u00e7in y\u00fcksek noktal\u0131 havaland\u0131rmalarda, buhar hizmetlerinde veya gaz i\u015fleme uygulamalar\u0131nda kullan\u0131l\u0131r.<\/li>\r\n<\/ul>\r\n\r\n\r\n\r\n<h2 class=\"wp-block-heading\">Limit Switchli K\u00fcresel Vana<\/h2>\r\n\r\n\r\n\r\n<p>Valf akt\u00fcat\u00f6r\u00fc limit anahtar\u0131, PLC veya DCS olarak da bilinen kontrol istasyonuna, genellikle a\u00e7\u0131k veya kapal\u0131 valf konumuyla ilgili olarak uzaktan sinyal sa\u011flamak \u00fczere tasarlanm\u0131\u015f bir cihazd\u0131r.<\/p>\r\n\r\n\r\n\r\n<h2 class=\"wp-block-heading\">Manuel K\u00fcresel Vanalarda Neden Limit Switch Kullan\u0131yoruz?<\/h2>\r\n\r\n\r\n\r\n<p>Bir kontrol sisteminin par\u00e7as\u0131 olarak, bir g\u00fcvenlik kilidi olarak veya bir noktadan ge\u00e7en nesneleri numaraland\u0131ran bir saya\u00e7 olarak makineleri kontrol etmek i\u00e7in bir limit anahtar\u0131 kullan\u0131labilir. Limit anahtarlar\u0131 sa\u011flaml\u0131klar\u0131, kurulum kolayl\u0131klar\u0131 ve \u00e7al\u0131\u015fma g\u00fcvenilirlikleri nedeniyle \u00e7e\u015fitli uygulamalarda ve ortamlarda kullan\u0131l\u0131r.<\/p>\r\n\r\n\r\n\r\n<h2 class=\"wp-block-heading\">Manuel K\u00fcresel Vana ve Otomatik K\u00fcresel Vana Aras\u0131ndaki Fark<\/h2>\r\n\r\n\r\n\r\n<p>Bir valfin manuel olarak \u00e7al\u0131\u015ft\u0131r\u0131lmas\u0131, el \u00e7ark\u0131, kol veya di\u015fli operat\u00f6r\u00fc ile do\u011frudan fiziksel temas\u0131 i\u00e7erir; elektrikli otomatik \u00e7al\u0131\u015ft\u0131rma ise ak\u0131\u015f ko\u015fullar\u0131, izleme sistemleri veya fiziksel temas gerektirmeyen di\u011fer ara\u00e7lar taraf\u0131ndan kontrol edilen hava bas\u0131nc\u0131n\u0131, elektri\u011fi veya hidrolik bas\u0131nc\u0131 kullan\u0131r. vana ile.<\/p>\r\n\r\n\r\n\r\n<h2 class=\"wp-block-heading\" id=\"h-material-of-manual-ball-valve\">Manuel K\u00fcresel Vana Malzemesi<\/h2>\r\n\r\n\r\n\r\n<figure class=\"wp-block-table\">\r\n<table>\r\n<tbody>\r\n<tr>\r\n<td>Hay\u0131r<\/td>\r\n<td>Par\u00e7a<\/td>\r\n<td>Malzeme<\/td>\r\n<\/tr>\r\n<tr>\r\n<td>1<\/td>\r\n<td>V\u00fccut<\/td>\r\n<td>ASTM A105<\/td>\r\n<\/tr>\r\n<tr>\r\n<td>2<\/td>\r\n<td>Bone<\/td>\r\n<td>ASTM A105<\/td>\r\n<\/tr>\r\n<tr>\r\n<td>3<\/td>\r\n<td>Top<\/td>\r\n<td>ASTM A105<\/td>\r\n<\/tr>\r\n<tr>\r\n<td>4<\/td>\r\n<td>Koltuk<\/td>\r\n<td>ASTM A105 + PTFE<\/td>\r\n<\/tr>\r\n<tr>\r\n<td>5<\/td>\r\n<td>K\u00f6k<\/td>\r\n<td>ASTM A182 F6a<\/td>\r\n<\/tr>\r\n<tr>\r\n<td>6<\/td>\r\n<td>Anti-statik Cihaz<\/td>\r\n<td>SS304<\/td>\r\n<\/tr>\r\n<tr>\r\n<td>7<\/td>\r\n<td>Conta<\/td>\r\n<td>Grafit + SS304<\/td>\r\n<\/tr>\r\n<tr>\r\n<td>8<\/td>\r\n<td>C\u0131vata<\/td>\r\n<td>ASTM A193 B7<\/td>\r\n<\/tr>\r\n<tr>\r\n<td>9<\/td>\r\n<td>F\u0131nd\u0131k<\/td>\r\n<td>ASTM A194 2H<\/td>\r\n<\/tr>\r\n<tr>\r\n<td>10<\/td>\r\n<td>O-ring<\/td>\r\n<td>Viton A<\/td>\r\n<\/tr>\r\n<tr>\r\n<td>11<\/td>\r\n<td>Kol<\/td>\r\n<td>ASTM A216 WCB<\/td>\r\n<\/tr>\r\n<\/tbody>\r\n<\/table>\r\n<\/figure>","protected":false},"excerpt":{"rendered":"<p>K\u00fcresel vanalar \u00e7ok iyi kapatma yetenekleri sunar. Basit bir \u00e7eyrek d\u00f6n\u00fc\u015f (90\u00b0) vanay\u0131 tamamen a\u00e7ar veya kapat\u0131r. Bu \u00f6zellik valf \u00e7al\u0131\u015fmas\u0131n\u0131 en aza indirir\u2026 <a title=\"Manuel K\u00fcresel Vana\" class=\"read-more\" href=\"https:\/\/zecovalve.com\/tr\/urun\/manual-ball-valve\" aria-label=\"Manuel K\u00fcresel Vana hakk\u0131nda daha fazlas\u0131\">Daha fazla bilgi edinin<\/a><\/p>","protected":false},"featured_media":27859,"comment_status":"closed","ping_status":"closed","template":"","meta":{"_generate-full-width-content":"","kt_blocks_editor_width":""},"product_cat":[2047,2460],"product_tag":[2655,2804,2656,2802],"class_list":["post-16405","product","type-product","status-publish","has-post-thumbnail","hentry","product_cat-ball-valve","product_cat-ball-valve-by-drive-mode","product_tag-1-2-ball-valve","product_tag-2-inch-ball-valve","product_tag-3-4-ball-valve","product_tag-ball-valve-price","sales-flash-overlay","woocommerce-text-align-center","woocommerce-image-align-center","do-quantity-buttons"],"featured_image_src_large":["https:\/\/zecovalve.com\/wp-content\/uploads\/2022\/06\/Manual-Ball-Valve.jpg",800,600,false],"author_info":[],"comment_info":0,"taxonomy_info":{"product_cat":[{"value":2047,"label":"Ball Valve"},{"value":2460,"label":"Ball Valve By Drive Mode"}],"product_tag":[{"value":2655,"label":"1 2 ball valve"},{"value":2804,"label":"2 inch Ball Valve"},{"value":2656,"label":"3 4 ball valve"},{"value":2802,"label":"Ball Valve Price"}]},"yoast_head":"<!-- This site is optimized with the Yoast SEO Premium plugin v15.4 - https:\/\/yoast.com\/wordpress\/plugins\/seo\/ -->\n<title>Manual Ball Valve - Ball Valve with Limit Switch | Competitive Ball Valve Price<\/title>\n<meta name=\"robots\" content=\"index, follow, max-snippet:-1, max-image-preview:large, max-video-preview:-1\" \/>\n<link rel=\"canonical\" href=\"https:\/\/zecovalve.com\/tr\/urun\/manual-ball-valve\" \/>\n<meta property=\"og:locale\" content=\"tr_TR\" \/>\n<meta property=\"og:type\" content=\"article\" \/>\n<meta property=\"og:title\" content=\"Manual Ball Valve - Ball Valve with Limit Switch | Competitive Ball Valve Price\" \/>\n<meta property=\"og:description\" content=\"Ball valves offer very good shut-off capabilities. A simple quarter-turn (90\u00b0) completely opens or closes the valve. This characteristic minimizes valve operation ... Read more\" \/>\n<meta property=\"og:url\" content=\"https:\/\/zecovalve.com\/tr\/urun\/manual-ball-valve\" \/>\n<meta property=\"og:site_name\" content=\"ZECO Valve\" \/>\n<meta property=\"article:modified_time\" content=\"2023-06-07T07:06:02+00:00\" \/>\n<meta property=\"og:image\" content=\"https:\/\/zecovalve.com\/wp-content\/uploads\/2022\/06\/Manual-Ball-Valve.jpg\" \/>\n\t<meta property=\"og:image:width\" content=\"800\" \/>\n\t<meta property=\"og:image:height\" content=\"600\" \/>\n<meta name=\"twitter:card\" content=\"summary_large_image\" \/>\n<meta name=\"twitter:label1\" content=\"Yazan:\">\n\t<meta name=\"twitter:data1\" content=\"Jerry\">\n\t<meta name=\"twitter:label2\" content=\"Tahmini okuma s\u00fcresi\">\n\t<meta name=\"twitter:data2\" content=\"3 dakika\">\n<script type=\"application\/ld+json\" class=\"yoast-schema-graph\">{\"@context\":\"https:\/\/schema.org\",\"@graph\":[{\"@type\":\"WebSite\",\"@id\":\"https:\/\/zecovalve.com\/#website\",\"url\":\"https:\/\/zecovalve.com\/\",\"name\":\"ZECO Valve\",\"description\":\"Industrial Ball Valve, Gate Valve and Globe Valve Manufacturer\",\"potentialAction\":[{\"@type\":\"SearchAction\",\"target\":\"https:\/\/zecovalve.com\/?s={search_term_string}\",\"query-input\":\"required name=search_term_string\"}],\"inLanguage\":\"tr\"},{\"@type\":\"ImageObject\",\"@id\":\"https:\/\/zecovalve.com\/product\/manual-ball-valve#primaryimage\",\"inLanguage\":\"tr\",\"url\":\"https:\/\/zecovalve.com\/wp-content\/uploads\/2022\/06\/Manual-Ball-Valve.jpg\",\"width\":800,\"height\":600,\"caption\":\"Manual Ball Valve\"},{\"@type\":\"WebPage\",\"@id\":\"https:\/\/zecovalve.com\/product\/manual-ball-valve#webpage\",\"url\":\"https:\/\/zecovalve.com\/product\/manual-ball-valve\",\"name\":\"Manual Ball Valve - Ball Valve with Limit Switch | Competitive Ball Valve Price\",\"isPartOf\":{\"@id\":\"https:\/\/zecovalve.com\/#website\"},\"primaryImageOfPage\":{\"@id\":\"https:\/\/zecovalve.com\/product\/manual-ball-valve#primaryimage\"},\"datePublished\":\"2022-06-21T04:53:40+00:00\",\"dateModified\":\"2023-06-07T07:06:02+00:00\",\"breadcrumb\":{\"@id\":\"https:\/\/zecovalve.com\/product\/manual-ball-valve#breadcrumb\"},\"inLanguage\":\"tr\",\"potentialAction\":[{\"@type\":\"ReadAction\",\"target\":[\"https:\/\/zecovalve.com\/product\/manual-ball-valve\"]}]},{\"@type\":\"BreadcrumbList\",\"@id\":\"https:\/\/zecovalve.com\/product\/manual-ball-valve#breadcrumb\",\"itemListElement\":[{\"@type\":\"ListItem\",\"position\":1,\"item\":{\"@type\":\"WebPage\",\"@id\":\"https:\/\/zecovalve.com\/\",\"url\":\"https:\/\/zecovalve.com\/\",\"name\":\"Home\"}},{\"@type\":\"ListItem\",\"position\":2,\"item\":{\"@type\":\"WebPage\",\"@id\":\"https:\/\/zecovalve.com\/product-category\",\"url\":\"https:\/\/zecovalve.com\/product-category\",\"name\":\"Industrial Valve Manufacturer | Water Valve Manufacturer\"}},{\"@type\":\"ListItem\",\"position\":3,\"item\":{\"@type\":\"WebPage\",\"@id\":\"https:\/\/zecovalve.com\/product\/manual-ball-valve\",\"url\":\"https:\/\/zecovalve.com\/product\/manual-ball-valve\",\"name\":\"Manual Ball Valve\"}}]}]}<\/script>\n<!-- \/ Yoast SEO Premium plugin. -->","_links":{"self":[{"href":"https:\/\/zecovalve.com\/tr\/wp-json\/wp\/v2\/product\/16405","targetHints":{"allow":["GET"]}}],"collection":[{"href":"https:\/\/zecovalve.com\/tr\/wp-json\/wp\/v2\/product"}],"about":[{"href":"https:\/\/zecovalve.com\/tr\/wp-json\/wp\/v2\/types\/product"}],"replies":[{"embeddable":true,"href":"https:\/\/zecovalve.com\/tr\/wp-json\/wp\/v2\/comments?post=16405"}],"wp:featuredmedia":[{"embeddable":true,"href":"https:\/\/zecovalve.com\/tr\/wp-json\/wp\/v2\/media\/27859"}],"wp:attachment":[{"href":"https:\/\/zecovalve.com\/tr\/wp-json\/wp\/v2\/media?parent=16405"}],"wp:term":[{"taxonomy":"product_cat","embeddable":true,"href":"https:\/\/zecovalve.com\/tr\/wp-json\/wp\/v2\/product_cat?post=16405"},{"taxonomy":"product_tag","embeddable":true,"href":"https:\/\/zecovalve.com\/tr\/wp-json\/wp\/v2\/product_tag?post=16405"}],"curies":[{"name":"wp","href":"https:\/\/api.w.org\/{rel}","templated":true}]}}