{"id":16415,"date":"2022-06-21T04:57:53","date_gmt":"2022-06-21T04:57:53","guid":{"rendered":"https:\/\/zecovalve.com\/?post_type=product&#038;p=16415"},"modified":"2022-06-28T03:25:31","modified_gmt":"2022-06-28T03:25:31","slug":"manual-butterfly-valve","status":"publish","type":"product","link":"https:\/\/zecovalve.com\/tr\/urun\/manual-butterfly-valve","title":{"rendered":"Manuel Kelebek Vana"},"content":{"rendered":"<h1 class=\"sep-title\">Manuel Kelebek Vana<\/h1>\n<div class=\"sep-box-detail clearfix\">\n<div class=\"box-lf\">\n<div class=\"thumb\">\n<figure id=\"attachment_16416\" aria-describedby=\"caption-attachment-16416\" style=\"width: 290px\" class=\"wp-caption alignnone\"><img loading=\"lazy\" decoding=\"async\" class=\"size-medium wp-image-16416\" src=\"https:\/\/zecovalve.com\/wp-content\/uploads\/2022\/06\/manual-butterfly-valve-300x225.jpg\" alt=\"Manuel Kelebek Vana\" width=\"300\" height=\"225\" srcset=\"https:\/\/zecovalve.com\/wp-content\/uploads\/2022\/06\/manual-butterfly-valve-300x225.jpg 300w, https:\/\/zecovalve.com\/wp-content\/uploads\/2022\/06\/manual-butterfly-valve-768x576.jpg 768w, https:\/\/zecovalve.com\/wp-content\/uploads\/2022\/06\/manual-butterfly-valve-600x450.jpg 600w, https:\/\/zecovalve.com\/wp-content\/uploads\/2022\/06\/manual-butterfly-valve.jpg 800w\" sizes=\"auto, (max-width: 300px) 100vw, 300px\" \/><figcaption id=\"caption-attachment-16416\" class=\"wp-caption-text\">Manuel Kelebek Vana<\/figcaption><\/figure>\n<\/div>\n<div class=\"info\"><a href=\"https:\/\/zecovalve.com\/tr\/products\/manual-butterfly-valve.html\/#form\"><i class=\"fa fa-commenting-o\" aria-hidden=\"true\"><\/i>\u00a0VANA FI\u0307YATI ALIN<\/a><\/div>\n<\/div>\n<div class=\"box-rt\">\n<div class=\"gg\">\n<div class=\"swiper-container swiper-container-initialized swiper-container-vertical\">\n<div class=\"swiper-wrapper\"><\/div>\n<\/div>\n<\/div>\n<\/div>\n<\/div>\n<div class=\"richtext\">\n<h2>Manuel Kelebek Vana A\u00e7\u0131klamas\u0131:<\/h2>\n<p>ZECO kelebek vana ad\u0131n\u0131 manuel \u00e7al\u0131\u015fmadan al\u0131r ve manuel \u00e7al\u0131\u015fmaya g\u00f6re adland\u0131r\u0131l\u0131r; Manuel olarak \u00e7al\u0131\u015ft\u0131r\u0131lan kelebek vana, tutamakla tutulabilir veya di\u015fli ile \u00e7al\u0131\u015ft\u0131r\u0131labilir. Kolla \u00e7al\u0131\u015ft\u0131r\u0131lan kelebek vana genellikle k\u00fc\u00e7\u00fck \u00e7apl\u0131 kelebek vana i\u00e7in kullan\u0131l\u0131r. D\u00fc\u015f\u00fck a\u00e7ma torku nedeniyle operat\u00f6rler kolu kullanabilir. B\u00fcy\u00fck boyutlu kelebek vanalarda ise, b\u00fcy\u00fck bir a\u00e7ma torkuna sahip olsa bile operat\u00f6r\u00fcn vanay\u0131 a\u00e7mas\u0131 zordur. Bu nedenle, di\u015fli \u00e7al\u0131\u015fmas\u0131 benimsenmi\u015ftir. Di\u015fli \u00e7al\u0131\u015fmas\u0131, \u00e7ok kademeli di\u015fliler arac\u0131l\u0131\u011f\u0131yla a\u00e7ma kuvvetini \u00e7ok d\u00fc\u015f\u00fck bir seviyeye indirir.<\/p>\n<p>&nbsp;<\/p>\n<h2>Manuel Kelebek Vana \u00d6zellikleri:<\/h2>\n<p>1. Tasar\u0131m s\u00fcrecinde ZECO manuel kelebek vana, \u00f6zellikle bu sorunun uygulanmas\u0131n\u0131 ayarlayan kelebek vanada dikkate al\u0131nm\u0131\u015f, \u00fc\u00e7l\u00fc eksantrik kelebek vanan\u0131n s\u0131zd\u0131rmazl\u0131k prensibini tam olarak kullanm\u0131\u015f, tasar\u0131m s\u00fcrecinin A\u00e7\u0131s\u0131n\u0131 eksik alan olmadan a\u00e7m\u0131\u015f, b\u00f6ylece sorunlar\u0131 ortadan kald\u0131rm\u0131\u015ft\u0131r. b\u00f6lgesel ayar uygulamas\u0131n\u0131 ayarlayamaz, d\u00fc\u015f\u00fck a\u00e7\u0131lma durumunu daha fazla d\u0131\u015flar, s\u00fcrt\u00fcnme nedeniyle normal fenomeni ayarlayamaz;<\/p>\n<p>2. ZECO manuel kelebek vanan\u0131n tasar\u0131m\u0131, geleneksel esnek oturmal\u0131 kelebek vanan\u0131n uyamayaca\u011f\u0131 daha geni\u015f s\u0131cakl\u0131k ve bas\u0131n\u00e7 aral\u0131klar\u0131 gerektirir, bu da y\u00fcksek performansl\u0131 kelebek vana veya \u00fc\u00e7l\u00fc ofset kelebek vanan\u0131n geli\u015ftirilmesine yol a\u00e7m\u0131\u015ft\u0131r;<\/p>\n<p>3. ZECO manuel kelebek vanan\u0131n \u015faft\u0131, hat bas\u0131nc\u0131 itmesinden kaynaklanan herhangi bir yan y\u00fck\u00fc \u00f6nlemek i\u00e7in \u015faft yata\u011f\u0131 ve salmastra takip\u00e7isi taraf\u0131ndan tamamen y\u00f6nlendirilir;<\/p>\n<p>4. ZECO manuel kelebek vanan\u0131n s\u0131zd\u0131rmazl\u0131k halkas\u0131 de\u011fi\u015ftirilecek \u015fekilde tasarlanm\u0131\u015ft\u0131r, uzun s\u00fcreli kullan\u0131m s\u00fcrecinde, yuva ve klape s\u0131zd\u0131rmazl\u0131k y\u00fczeyleri ka\u00e7\u0131n\u0131lmaz olarak s\u0131zd\u0131rmazl\u0131k y\u00fczeyine zarar verir ve etkiler ve bu sorunlar\u0131 s\u00fcrd\u00fcrme ihtiyac\u0131, ola\u011fan yakla\u015f\u0131m t\u00fcm vanay\u0131 de\u011fi\u015ftirmek i\u00e7in vanay\u0131 \u00e7\u0131karmakt\u0131r, bu t\u00fcr i\u015flemler vana ile bak\u0131m de\u011fi\u015fimi sat\u0131n almak ve vanan\u0131n uzun bir teslimat s\u00fcrecini beklemek i\u00e7in \u00e7ok paraya mal olur.ZECO'nun de\u011fi\u015ftirilebilir vana yuvas\u0131 ve s\u0131zd\u0131rmazl\u0131k halkas\u0131 tasar\u0131m\u0131, vanan\u0131n bak\u0131ma ihtiyac\u0131 oldu\u011funda do\u011frudan yerinde onar\u0131labilir, zamandan ve paradan tasarruf sa\u011flar.<\/p>\n<p>&nbsp;<\/p>\n<h2>Manuel Kelebek Vana Malzemesi:<\/h2>\n<table>\n<tbody>\n<tr class=\"firstRow\">\n<td valign=\"center\">Hay\u0131r<\/td>\n<td valign=\"center\">Par\u00e7a<\/td>\n<td valign=\"center\">Malzeme<\/td>\n<\/tr>\n<tr>\n<td valign=\"center\">1<\/td>\n<td valign=\"center\">V\u00fccut<\/td>\n<td valign=\"center\">ASTM A351 CF8M<\/td>\n<\/tr>\n<tr>\n<td valign=\"center\">2<\/td>\n<td valign=\"center\">Conta Halkas\u0131<\/td>\n<td valign=\"center\">Grafit + SS316<\/td>\n<\/tr>\n<tr>\n<td valign=\"center\">3<\/td>\n<td valign=\"center\">Tutucu Flan\u015f<\/td>\n<td valign=\"center\">ASTM A182 F316<\/td>\n<\/tr>\n<tr>\n<td valign=\"center\">4<\/td>\n<td valign=\"center\">Pim<\/td>\n<td valign=\"center\">ASTM A276 316<\/td>\n<\/tr>\n<tr>\n<td valign=\"center\">5<\/td>\n<td valign=\"center\">Disk<\/td>\n<td valign=\"center\">ASTM A351 CF8M<\/td>\n<\/tr>\n<tr>\n<td valign=\"center\">6<\/td>\n<td valign=\"center\">K\u00f6k<\/td>\n<td valign=\"center\">ASTM A276 316<\/td>\n<\/tr>\n<tr>\n<td valign=\"center\">7<\/td>\n<td valign=\"center\">K\u00f6k Ambalaj<\/td>\n<td valign=\"center\">Grafit<\/td>\n<\/tr>\n<tr>\n<td valign=\"center\">8<\/td>\n<td valign=\"center\">K\u00f6k Daya\u011f\u0131<\/td>\n<td valign=\"center\">SS316 + PTFE<\/td>\n<\/tr>\n<tr>\n<td valign=\"center\">9<\/td>\n<td valign=\"center\">C\u0131vata<\/td>\n<td valign=\"center\">ASTM A193 B8<\/td>\n<\/tr>\n<tr>\n<td valign=\"center\">10<\/td>\n<td valign=\"center\">F\u0131nd\u0131k<\/td>\n<td valign=\"center\">ASTM A194 8<\/td>\n<\/tr>\n<tr>\n<td valign=\"center\">11<\/td>\n<td valign=\"center\">Boyunduruk<\/td>\n<td valign=\"center\">ASTM A216 WCB<\/td>\n<\/tr>\n<\/tbody>\n<\/table>\n<\/div>","protected":false},"excerpt":{"rendered":"<p>Manuel Kelebek Vana VANA F\u0130YATI ALIN Manuel Kelebek Vanan\u0131n A\u00e7\u0131klamas\u0131: ZECO kelebek vana, ad\u0131n\u0131 manuel \u00e7al\u0131\u015ft\u0131rmadan al\u0131r ve\u2026 <a title=\"Manuel Kelebek Vana\" class=\"read-more\" href=\"https:\/\/zecovalve.com\/tr\/urun\/manual-butterfly-valve\" aria-label=\"Manuel Kelebek Vana hakk\u0131nda daha fazla bilgi\">Daha fazla bilgi edinin<\/a><\/p>","protected":false},"featured_media":16416,"comment_status":"closed","ping_status":"closed","template":"","meta":{"_generate-full-width-content":"","kt_blocks_editor_width":""},"product_cat":[2044,2468,2604],"product_tag":[],"class_list":["post-16415","product","type-product","status-publish","has-post-thumbnail","hentry","product_cat-butterfly-valve","product_cat-butterfly-valve-by-drive-mode","product_cat-triple-offset-butterfly-valve","sales-flash-overlay","woocommerce-text-align-center","woocommerce-image-align-center","do-quantity-buttons"],"featured_image_src_large":["https:\/\/zecovalve.com\/wp-content\/uploads\/2022\/06\/manual-butterfly-valve.jpg",800,600,false],"author_info":[],"comment_info":0,"taxonomy_info":{"product_cat":[{"value":2044,"label":"Butterfly Valve"},{"value":2468,"label":"Butterfly Valve By Drive Mode"},{"value":2604,"label":"Triple Offset Butterfly Valve"}]},"yoast_head":"<!-- This site is optimized with the Yoast SEO Premium plugin v15.4 - https:\/\/yoast.com\/wordpress\/plugins\/seo\/ -->\n<title>Manual Butterfly Valve - ZECO Valve<\/title>\n<meta name=\"robots\" content=\"index, follow, max-snippet:-1, max-image-preview:large, max-video-preview:-1\" \/>\n<link rel=\"canonical\" href=\"https:\/\/zecovalve.com\/tr\/urun\/manual-butterfly-valve\" \/>\n<meta property=\"og:locale\" content=\"tr_TR\" \/>\n<meta property=\"og:type\" content=\"article\" \/>\n<meta property=\"og:title\" content=\"Manual Butterfly Valve - ZECO Valve\" \/>\n<meta property=\"og:description\" content=\"Manual Butterfly Valve \u00a0GET VALVE PRICE Description of Manual Butterfly Valve: The ZECO butterfly valve is named after the manual operation and ... Read more\" \/>\n<meta property=\"og:url\" content=\"https:\/\/zecovalve.com\/tr\/urun\/manual-butterfly-valve\" \/>\n<meta property=\"og:site_name\" content=\"ZECO Valve\" \/>\n<meta property=\"article:modified_time\" content=\"2022-06-28T03:25:31+00:00\" \/>\n<meta property=\"og:image\" content=\"https:\/\/zecovalve.com\/wp-content\/uploads\/2022\/06\/manual-butterfly-valve.jpg\" \/>\n\t<meta property=\"og:image:width\" content=\"800\" \/>\n\t<meta property=\"og:image:height\" content=\"600\" \/>\n<meta name=\"twitter:card\" content=\"summary_large_image\" \/>\n<meta name=\"twitter:label1\" content=\"Yazan:\">\n\t<meta name=\"twitter:data1\" content=\"Jerry\">\n\t<meta name=\"twitter:label2\" content=\"Tahmini okuma s\u00fcresi\">\n\t<meta name=\"twitter:data2\" content=\"2 dakika\">\n<script type=\"application\/ld+json\" class=\"yoast-schema-graph\">{\"@context\":\"https:\/\/schema.org\",\"@graph\":[{\"@type\":\"WebSite\",\"@id\":\"https:\/\/zecovalve.com\/#website\",\"url\":\"https:\/\/zecovalve.com\/\",\"name\":\"ZECO Valve\",\"description\":\"Industrial Ball Valve, Gate Valve and Globe Valve Manufacturer\",\"potentialAction\":[{\"@type\":\"SearchAction\",\"target\":\"https:\/\/zecovalve.com\/?s={search_term_string}\",\"query-input\":\"required name=search_term_string\"}],\"inLanguage\":\"tr\"},{\"@type\":\"ImageObject\",\"@id\":\"https:\/\/zecovalve.com\/product\/manual-butterfly-valve#primaryimage\",\"inLanguage\":\"tr\",\"url\":\"https:\/\/zecovalve.com\/wp-content\/uploads\/2022\/06\/manual-butterfly-valve.jpg\",\"width\":800,\"height\":600,\"caption\":\"Manual Butterfly Valve\"},{\"@type\":\"WebPage\",\"@id\":\"https:\/\/zecovalve.com\/product\/manual-butterfly-valve#webpage\",\"url\":\"https:\/\/zecovalve.com\/product\/manual-butterfly-valve\",\"name\":\"Manual Butterfly Valve - ZECO Valve\",\"isPartOf\":{\"@id\":\"https:\/\/zecovalve.com\/#website\"},\"primaryImageOfPage\":{\"@id\":\"https:\/\/zecovalve.com\/product\/manual-butterfly-valve#primaryimage\"},\"datePublished\":\"2022-06-21T04:57:53+00:00\",\"dateModified\":\"2022-06-28T03:25:31+00:00\",\"breadcrumb\":{\"@id\":\"https:\/\/zecovalve.com\/product\/manual-butterfly-valve#breadcrumb\"},\"inLanguage\":\"tr\",\"potentialAction\":[{\"@type\":\"ReadAction\",\"target\":[\"https:\/\/zecovalve.com\/product\/manual-butterfly-valve\"]}]},{\"@type\":\"BreadcrumbList\",\"@id\":\"https:\/\/zecovalve.com\/product\/manual-butterfly-valve#breadcrumb\",\"itemListElement\":[{\"@type\":\"ListItem\",\"position\":1,\"item\":{\"@type\":\"WebPage\",\"@id\":\"https:\/\/zecovalve.com\/\",\"url\":\"https:\/\/zecovalve.com\/\",\"name\":\"Home\"}},{\"@type\":\"ListItem\",\"position\":2,\"item\":{\"@type\":\"WebPage\",\"@id\":\"https:\/\/zecovalve.com\/product-category\",\"url\":\"https:\/\/zecovalve.com\/product-category\",\"name\":\"Industrial Valve Manufacturer | Water Valve Manufacturer\"}},{\"@type\":\"ListItem\",\"position\":3,\"item\":{\"@type\":\"WebPage\",\"@id\":\"https:\/\/zecovalve.com\/product\/manual-butterfly-valve\",\"url\":\"https:\/\/zecovalve.com\/product\/manual-butterfly-valve\",\"name\":\"Manual Butterfly Valve\"}}]}]}<\/script>\n<!-- \/ Yoast SEO Premium plugin. -->","_links":{"self":[{"href":"https:\/\/zecovalve.com\/tr\/wp-json\/wp\/v2\/product\/16415","targetHints":{"allow":["GET"]}}],"collection":[{"href":"https:\/\/zecovalve.com\/tr\/wp-json\/wp\/v2\/product"}],"about":[{"href":"https:\/\/zecovalve.com\/tr\/wp-json\/wp\/v2\/types\/product"}],"replies":[{"embeddable":true,"href":"https:\/\/zecovalve.com\/tr\/wp-json\/wp\/v2\/comments?post=16415"}],"wp:featuredmedia":[{"embeddable":true,"href":"https:\/\/zecovalve.com\/tr\/wp-json\/wp\/v2\/media\/16416"}],"wp:attachment":[{"href":"https:\/\/zecovalve.com\/tr\/wp-json\/wp\/v2\/media?parent=16415"}],"wp:term":[{"taxonomy":"product_cat","embeddable":true,"href":"https:\/\/zecovalve.com\/tr\/wp-json\/wp\/v2\/product_cat?post=16415"},{"taxonomy":"product_tag","embeddable":true,"href":"https:\/\/zecovalve.com\/tr\/wp-json\/wp\/v2\/product_tag?post=16415"}],"curies":[{"name":"wp","href":"https:\/\/api.w.org\/{rel}","templated":true}]}}