{"id":16417,"date":"2022-06-21T05:02:27","date_gmt":"2022-06-21T05:02:27","guid":{"rendered":"https:\/\/zecovalve.com\/?post_type=product&#038;p=16417"},"modified":"2023-06-17T00:58:13","modified_gmt":"2023-06-17T00:58:13","slug":"stainless-steel-swing-check-valve","status":"publish","type":"product","link":"https:\/\/zecovalve.com\/tr\/urun\/stainless-steel-swing-check-valve","title":{"rendered":"Paslanmaz \u00c7elik Sal\u0131ncak \u00c7ekvalf"},"content":{"rendered":"<p>\u00c7ek valfler, ak\u0131\u015fkan\u0131n (s\u0131v\u0131 veya gaz) hayati proses sistemlerine geri akmas\u0131n\u0131 \u00f6nlemek i\u00e7in tasarlanm\u0131\u015f geri ak\u0131\u015f \u00f6nleme cihazlar\u0131d\u0131r. Sal\u0131n\u0131ml\u0131 \u00c7ek valf, paslanmaz \u00e7elik bir g\u00f6vdeye ve flan\u015fl\u0131 bir ba\u011flant\u0131yla birlikte trimlere sahiptir. Bas\u0131n\u00e7 derecesi 150LB ila 2500LB aras\u0131nda olabilir<\/p>\r\n\r\n\r\n\r\n<figure class=\"wp-block-image alignnone size-medium wp-image-16418\">\r\n<p><img loading=\"lazy\" decoding=\"async\" class=\"wp-image-27924 size-medium\" src=\"https:\/\/zecovalve.com\/wp-content\/uploads\/2022\/06\/Stainless-Steel-Swing-Check-Valve-1-300x225.jpg\" alt=\"Paslanmaz \u00c7elik Sal\u0131ncak \u00c7ekvalf\" width=\"300\" height=\"225\" srcset=\"https:\/\/zecovalve.com\/wp-content\/uploads\/2022\/06\/Stainless-Steel-Swing-Check-Valve-1-300x225.jpg 300w, https:\/\/zecovalve.com\/wp-content\/uploads\/2022\/06\/Stainless-Steel-Swing-Check-Valve-1-768x576.jpg 768w, https:\/\/zecovalve.com\/wp-content\/uploads\/2022\/06\/Stainless-Steel-Swing-Check-Valve-1-600x450.jpg 600w, https:\/\/zecovalve.com\/wp-content\/uploads\/2022\/06\/Stainless-Steel-Swing-Check-Valve-1.jpg 800w\" sizes=\"auto, (max-width: 300px) 100vw, 300px\" \/><\/p>\r\n<\/figure>\r\n\r\n\r\n\r\n\r\n<div class=\"gb-button-wrapper gb-button-wrapper-6d8495a3\">\r\n\r\n\r\n<p><a class=\"gb-button gb-button-3d442e11 gb-button-text\" href=\"mailto:commercial@zecovalve.com\" target=\"_blank\" rel=\"noopener noreferrer\"><strong>PASLANMAZ \u00c7EL\u0130K SALINCAK \u00c7EKVALF F\u0130YAT ALIN<\/strong><\/a><\/p>\r\n<\/div>\r\n\r\n\r\n<h2 class=\"wp-block-heading\" id=\"h-what-is-a-stainless-steel-swing-check-valve\">Paslanmaz \u00c7elik Sal\u0131n\u0131ml\u0131 \u00c7ek Valf Nedir?<\/h2>\r\n\r\n\r\n\r\n<p>Paslanmaz \u00e7elik sal\u0131n\u0131ml\u0131 \u00e7ek valfler, API 6D, BS1868, ASME B16.34 veya E\u015fde\u011fer Uluslararas\u0131 Standartlar\u0131na s\u0131k\u0131 s\u0131k\u0131ya g\u00f6re tasarlanm\u0131\u015f ve \u00fcretilmi\u015ftir, o ak\u0131\u015f direncini ve bas\u0131n\u00e7 d\u00fc\u015f\u00fc\u015f\u00fcn\u00fc m\u00fcmk\u00fcn olan en aza indirir, yaln\u0131zca yatay konumda monte edilmeye uygundur, \u00dcst \u00fcste bindirilmi\u015f ve vidalanm\u0131\u015f oturma halkas\u0131, s\u0131k\u0131 kapatma ve uzun s\u00fcreli servis sa\u011flar. Valve&#039;\u0131n diski, kompakt yap\u0131 ve D\u00fc\u015f\u00fck emisyon hizmeti \u00f6zelli\u011fiyle birlikte, s\u0131f\u0131r bas\u0131n\u00e7ta verimli otomatik kapatma i\u00e7in m\u00fckemmel \u015fekilde tasarlanm\u0131\u015f, hassas bir \u015fekilde i\u015flenmi\u015f ve y\u00f6nlendirilmi\u015ftir. Hem Sal\u0131ncak hem de Piston Yap\u0131lar\u0131nda.<\/p>\r\n\r\n\r\n\r\n<p>ZECO, sal\u0131n\u0131ml\u0131 \u00e7ek valflerin profesyonel bir \u00fcreticisidir; paslanmaz \u00e7elik malzemeler ASTM A351 CF8, ASTM A351 CF8M, ASTM A351 CF3, ASTM A351 CF3M, UNS S32205 veya s\u00fcper paslanmaz \u00e7elik malzemeler vb. olarak se\u00e7ilebilir. ZECO, hammaddelerin test edilmesi konusunda \u00e7ok kat\u0131d\u0131r. T\u00fcm paslanmaz \u00e7elik malzemeler fabrikaya vard\u0131klar\u0131nda spektral testlerden ve fiziksel analizlerden ge\u00e7melidir ve ancak uluslararas\u0131 standartlar\u0131n gerekliliklerini kar\u015f\u0131lad\u0131klar\u0131nda fabrikaya girmelerine ve resmi i\u015fleme s\u00fcrecine ba\u015flamalar\u0131na izin verilebilir. ZECO&#039;nun paslanmaz \u00e7elik sal\u0131n\u0131ml\u0131 \u00e7ek valfi, disk ortam\u0131 ak\u0131\u015f\u0131n\u0131 \u00f6nlemek ve ak\u0131\u015f direncini art\u0131rmak i\u00e7in diski hatta tamamen a\u00e7ar. Sal\u0131n\u0131ml\u0131 \u00e7ek valf, disk s\u0131zd\u0131rmazl\u0131k y\u00fczeyinde ve valf g\u00f6vdesi s\u0131zd\u0131rmazl\u0131k y\u00fczeyindeki en \u00f6nemli i\u015flem gereksinimidir \u00e7\u00fcnk\u00fc s\u0131zd\u0131rmazl\u0131\u011fa yard\u0131mc\u0131 olacak harici bir kuvvet yoktur, bu nedenle tam s\u0131zd\u0131rmazl\u0131k durumunu elde etmek i\u00e7in yaln\u0131zca disk ve valf yata\u011f\u0131 s\u0131zd\u0131rmazl\u0131k y\u00fczeyi yak\u0131ndan e\u015fle\u015ftirilebilir. ayn\u0131 zamanda \u00e7al\u0131\u015fma ko\u015fullar\u0131n\u0131n gereklerine g\u00f6re istenen etkiyi elde etmek i\u00e7in disk s\u0131zd\u0131rmazl\u0131k y\u00fczeyinin malzemesini de\u011fi\u015ftirebilir.<\/p>\r\n\r\n\r\n\r\n<h2 class=\"wp-block-heading\" id=\"h-features-of-stainless-steel-swing-check-valve\">Paslanmaz \u00c7elik Sal\u0131n\u0131m \u00c7ek Valf\u0131n\u0131n \u00d6zellikleri:<\/h2>\r\n\r\n\r\n\r\n<ul class=\"wp-block-list\">\r\n<li>ZECO paslanmaz \u00e7elik sal\u0131n\u0131ml\u0131 \u00e7ek valfin malzemesi, uluslararas\u0131 standartlar\u0131 kar\u015f\u0131lamak \u00fczere s\u0131k\u0131 bir \u015fekilde test edilmi\u015ftir;<\/li>\r\n<li>ZECO paslanmaz \u00e7elik swing \u00e7ekvalfin mente\u015fe ve mente\u015fe pimi, diskin tam hareketine izin verecek \u015fekilde sa\u011flan\u0131p monte edilir. ZECO da diskin g\u00f6vde i\u00e7erisinde tamamen a\u00e7\u0131lmas\u0131n\u0131 sa\u011fl\u0131yor;<\/li>\r\n<li>ZECO paslanmaz \u00e7elik sal\u0131n\u0131ml\u0131 \u00e7ek valfin yuvas\u0131 yenilenebilir;<\/li>\r\n<li>S\u0131v\u0131 servis uygulamas\u0131 i\u00e7in yatay konumda veya s\u0131v\u0131n\u0131n a\u015fa\u011f\u0131dan yukar\u0131ya do\u011fru akt\u0131\u011f\u0131 dikey konumda kullan\u0131lan standart d\u00f6ner disk tipi.<\/li>\r\n<li>API 6D, BS1868 veya ASME B16.34&#039;e g\u00f6re Tasarlanm\u0131\u015f ve \u00dcretilmi\u015ftir;<\/li>\r\n<li>ASME B16.10&#039;a g\u00f6re Y\u00fcz Y\u00fcze Boyutlar;<\/li>\r\n<li>C\u0131vatal\u0131 Kapakta Yap\u0131land\u0131r\u0131lm\u0131\u015ft\u0131r;<\/li>\r\n<li>Opsiyonel Baypas sistemi ve Kar\u015f\u0131 A\u011f\u0131rl\u0131k Tertibat\u0131;<\/li>\r\n<li>Valf diskinin h\u0131zl\u0131 kapanmas\u0131 ve esnek hareketleri;<\/li>\r\n<li>K\u00fc\u00e7\u00fck kapanma etkisi, su darbesi olu\u015fmas\u0131 muhtemel de\u011fildir;<\/li>\r\n<li>Sal\u0131ncak tipi disk;<\/li>\r\n<li>S\u00f6n\u00fcmleme Silindiri ile tasarlanabilir.<\/li>\r\n<\/ul>\r\n\r\n\r\n\r\n<h2 class=\"wp-block-heading\" id=\"h-product-range-of-stainless-steel-swing-check-valves\">Paslanmaz \u00c7elik Swing \u00c7ek Valf \u00dcr\u00fcn Yelpazesi<\/h2>\r\n\r\n\r\n\r\n<ul class=\"wp-block-list\">\r\n<li><span style=\"background-color: var(--base-3); color: var(--contrast);\">Nominal \u00e7ap:1\/2\u2033~60\u2033<\/span><\/li>\r\n<li>Bas\u0131n\u00e7 aral\u0131\u011f\u0131: Class150 \u20131500<\/li>\r\n<li>U\u00e7 Ba\u011flant\u0131s\u0131: RF, RTJ, BW<\/li>\r\n<li>\u00c7al\u0131\u015fma s\u0131cakl\u0131\u011f\u0131:-46\u00b0C~+560\u00b0C<\/li>\r\n<\/ul>\r\n\r\n\r\n\r\n<h2 class=\"wp-block-heading\">Sal\u0131n\u0131m \u00c7ek Valf\u0131 Dikey veya Yatay Olarak Tak\u0131lmal\u0131 m\u0131?<\/h2>\r\n\r\n\r\n\r\n<p>Pek \u00e7ok ki\u015finin &quot;Swing \u00e7ekvalfler dikey olarak monte edilebilir mi?&quot; diye sordu\u011funu duyuyoruz.<\/p>\r\n\r\n\r\n\r\n<p>Bu sorunun basit cevab\u0131 evettir, swing \u00e7ekvalfler her iki y\u00f6nde de monte edilebilir. Ancak \u00e7ok a\u00e7\u0131k olmak gerekirse, yatay bir boru hatt\u0131na sal\u0131n\u0131ml\u0131 \u00e7ek valf takmak asl\u0131nda valf dikeymi\u015f gibi g\u00f6r\u00fcnebilir. Dikey bir boru hatt\u0131na \u00e7ek valf takt\u0131\u011f\u0131n\u0131zda valf yatay olacakt\u0131r.<\/p>\r\n\r\n\r\n\r\n<p>Ancak yatay bir boru hatt\u0131na sal\u0131n\u0131ml\u0131 \u00e7ek valf tak\u0131lmas\u0131 en yayg\u0131n olan\u0131d\u0131r. \u0130nsanlar sal\u0131n\u0131ml\u0131 \u00e7ek valflerin dikey olarak monte edilip edilemeyece\u011fini sordu\u011funda genellikle boru hatt\u0131n\u0131 kastediyorlar.<\/p>\r\n\r\n\r\n\r\n<h2 class=\"wp-block-heading\">Swing \u00c7ek Valflerin Dikey Olarak Tak\u0131lmas\u0131<\/h2>\r\n\r\n\r\n\r\n<p>Dikey bir boru hatt\u0131na sal\u0131n\u0131ml\u0131 \u00e7ek valf takmak kurulum s\u00fcrecini de\u011fi\u015ftirmez ancak ak\u0131\u015f okunun yukar\u0131y\u0131 g\u00f6sterdi\u011finden emin olman\u0131z gerekir. Bu, boru hatt\u0131ndaki su ak\u0131\u015f\u0131n\u0131n yukar\u0131 do\u011fru hareket etmesini sa\u011flar ve yer\u00e7ekiminin onu geri \u00e7ekmesini ve su kayna\u011f\u0131n\u0131 kirletmesini \u00f6nler.<\/p>\r\n\r\n\r\n\r\n<p>Sal\u0131n\u0131ml\u0131 \u00e7ek valflerin farkl\u0131 boyutlar\u0131 ve stilleri olmas\u0131na ra\u011fmen i\u00e7eriden nas\u0131l \u00e7al\u0131\u015ft\u0131\u011f\u0131n\u0131 g\u00f6rmek i\u00e7in bu \u015femaya bakabilirsiniz.<\/p>\r\n\r\n\r\n\r\n<h3 class=\"wp-block-heading\">Sal\u0131n\u0131m \u00c7ek Valf\u0131n\u0131 Takma Ad\u0131mlar\u0131<\/h3>\r\n\r\n\r\n\r\n<p>Bir boru hatt\u0131na sal\u0131n\u0131ml\u0131 \u00e7ek valf takma i\u015fi son derece kolayd\u0131r, ancak yava\u015f ilerlemenin ve i\u015fleri dikkatlice kontrol etmenin zaman ay\u0131rmaya de\u011fer oldu\u011funu g\u00f6receksiniz. Kurulum s\u0131ras\u0131nda bir sorunu yakalamak, sal\u0131n\u0131ml\u0131 \u00e7ek valfinizi s\u00f6kmekten veya de\u011fi\u015ftirmekten \u00e7ok daha kolayd\u0131r.<\/p>\r\n\r\n\r\n\r\n<p>Sal\u0131n\u0131ml\u0131 \u00e7ek valf takman\u0131n ad\u0131mlar\u0131 \u015funlard\u0131r:<\/p>\r\n\r\n\r\n\r\n<ol class=\"wp-block-list\">\r\n<li><strong>\u00c7ek Valf Boyutu<\/strong> Sal\u0131n\u0131ml\u0131 \u00e7ek valfinizi sat\u0131n almadan \u00f6nce ihtiyac\u0131n\u0131z olan boyut ve stili bildi\u011finizden emin olun. Vanay\u0131 takaca\u011f\u0131n\u0131z borular\u0131 \u00f6l\u00e7\u00fcn ve malzemesini kontrol edin. Di\u015fli vanalar, soketli vanalar ve karbon \u00e7eli\u011fi, paslanmaz \u00e7elik ve PVC gibi malzemeler bulunmaktad\u0131r. Burada daha da fazla se\u00e7enek g\u00f6rebilirsiniz.<\/li>\r\n<li><strong>Vanan\u0131n \u0130\u00e7ine Bak\u0131n<\/strong> Valfin i\u00e7ine h\u0131zl\u0131 bir \u015fekilde bakmak, nakliye s\u0131ras\u0131nda i\u00e7eriye hi\u00e7bir \u015feyin s\u0131k\u0131\u015fmamas\u0131n\u0131 sa\u011flayacakt\u0131r. Sal\u0131n\u0131m \u00e7ek valfinin i\u00e7ine k\u00fc\u00e7\u00fck bir \u015fey girerse, bu durum potansiyel olarak klapenin s\u0131k\u0131\u015fmas\u0131na ve t\u00fcm suyun akmas\u0131n\u0131 engellemesine neden olabilir. Bu, saatlerce zaman kazanman\u0131z\u0131 ve hayal k\u0131r\u0131kl\u0131\u011f\u0131 ya\u015faman\u0131z\u0131 sa\u011flayabilecek h\u0131zl\u0131 ve kolay bir ad\u0131md\u0131r.<\/li>\r\n<li><strong>Kenarlar\u0131 Kontrol Edin<\/strong> Flan\u015fl\u0131 swing \u00e7ekvalf ihtiyac\u0131n\u0131z olsun ya da olmas\u0131n, kenarlar\u0131n\u0131 yak\u0131ndan kontrol etmelisiniz. Valfinizin do\u011fru \u015fekilde s\u0131zd\u0131rmazl\u0131\u011f\u0131n\u0131 engelleyebilecek d\u00fczg\u00fcn olmayan kenarlar, \u00e7izikler veya ba\u015fka herhangi bir \u015fey olup olmad\u0131\u011f\u0131na bak\u0131n.<\/li>\r\n<li><strong>Valf Yerle\u015fimini Onaylay\u0131n<\/strong> Bu, boru hatt\u0131n\u0131z\u0131n y\u00f6n\u00fcne ba\u011fl\u0131 olarak de\u011fi\u015fecek tek ad\u0131md\u0131r. Ak\u0131\u015f y\u00f6n\u00fcn\u00fc g\u00f6steren bir ok i\u00e7in vanan\u0131za bak\u0131n. Sal\u0131n\u0131ml\u0131 \u00e7ek valfinizi yatay bir boru hatt\u0131na monte ediyorsan\u0131z uygun y\u00f6ne yerle\u015ftirin.<\/li>\r\n<\/ol>\r\n\r\n\r\n\r\n<p>Sal\u0131n\u0131ml\u0131 \u00e7ek valfinizi dikey bir boru hatt\u0131na monte ediyorsan\u0131z ak\u0131\u015f okunun yukar\u0131 bakt\u0131\u011f\u0131ndan emin olun.<\/p>\r\n\r\n\r\n\r\n<ol class=\"wp-block-list\" start=\"5\">\r\n<li><strong>Sal\u0131n\u0131ml\u0131 \u00c7ek Valf\u0131 Boru Hatt\u0131na Takma<\/strong> Son olarak sal\u0131n\u0131ml\u0131 \u00e7ek valfinizi boru hatt\u0131n\u0131za takabilirsiniz. Kulland\u0131\u011f\u0131n\u0131z vanan\u0131n t\u00fcr\u00fcne ba\u011fl\u0131 olarak ya elinizle vidalaman\u0131z ya da par\u00e7alar\u0131 bir araya getirip sa\u011flam olduklar\u0131ndan emin olman\u0131z gerekecektir.<\/li>\r\n<li><strong>Vanay\u0131 Test Edin<\/strong> Suyunuzu a\u00e7\u0131p akt\u0131\u011f\u0131ndan emin olarak swing \u00e7ek valfinizin \u00e7al\u0131\u015f\u0131p \u00e7al\u0131\u015fmad\u0131\u011f\u0131n\u0131 test edebilirsiniz. Bunun gibi \u015feffaf bir PVC vana kullan\u0131rsan\u0131z test etmek kolayd\u0131r \u00e7\u00fcnk\u00fc vanan\u0131n nas\u0131l performans g\u00f6sterdi\u011fini g\u00f6rebilirsiniz.<\/li>\r\n<\/ol>\r\n\r\n\r\n\r\n<p>Test s\u0131ras\u0131nda su ak\u0131\u015f\u0131n\u0131z\u0131n engellendi\u011fini fark ederseniz, sal\u0131n\u0131ml\u0131 \u00e7ek valfinizin y\u00f6n\u00fcn\u00fc bir kez daha kontrol etmelisiniz. S\u0131z\u0131nt\u0131 veya ba\u015fka bir sorun fark ederseniz a\u015fa\u011f\u0131daki ipu\u00e7lar\u0131n\u0131 kullanarak sorunu giderebilirsiniz.<\/p>\r\n\r\n\r\n\r\n<h2 class=\"wp-block-heading\" id=\"h-material-of-stainless-steel-swing-check-valves\">Paslanmaz \u00c7elik Sal\u0131n\u0131m \u00c7ek Valflerinin Malzemesi<\/h2>\r\n\r\n\r\n\r\n<figure class=\"wp-block-table\">\r\n<table>\r\n<tbody>\r\n<tr>\r\n<td>Hay\u0131r<\/td>\r\n<td>Par\u00e7a<\/td>\r\n<td>Malzeme<\/td>\r\n<\/tr>\r\n<tr>\r\n<td>1<\/td>\r\n<td>V\u00fccut<\/td>\r\n<td>ASTM A351 CF8<\/td>\r\n<\/tr>\r\n<tr>\r\n<td>2<\/td>\r\n<td>Koltuk<\/td>\r\n<td>ASTM A182 F304<\/td>\r\n<\/tr>\r\n<tr>\r\n<td>3<\/td>\r\n<td>Disk<\/td>\r\n<td>ASTM A351 CF8<\/td>\r\n<\/tr>\r\n<tr>\r\n<td>4<\/td>\r\n<td>Kol<\/td>\r\n<td>ASTM A351 CF8<\/td>\r\n<\/tr>\r\n<tr>\r\n<td>5<\/td>\r\n<td>F\u0131nd\u0131k<\/td>\r\n<td>ASTM A194 8<\/td>\r\n<\/tr>\r\n<tr>\r\n<td>6<\/td>\r\n<td>Pim<\/td>\r\n<td>ASTM A182 F304<\/td>\r\n<\/tr>\r\n<tr>\r\n<td>7<\/td>\r\n<td>Ba\u011flay\u0131c\u0131<\/td>\r\n<td>ASTM A351 CF8<\/td>\r\n<\/tr>\r\n<tr>\r\n<td>8<\/td>\r\n<td>Conta<\/td>\r\n<td>Grafit + SS304<\/td>\r\n<\/tr>\r\n<tr>\r\n<td>9<\/td>\r\n<td>Bone<\/td>\r\n<td>ASTM A351 CF8<\/td>\r\n<\/tr>\r\n<tr>\r\n<td>10<\/td>\r\n<td>C\u0131vata<\/td>\r\n<td>ASTM A193 B8<\/td>\r\n<\/tr>\r\n<\/tbody>\r\n<\/table>\r\n<\/figure>","protected":false},"excerpt":{"rendered":"<p>\u00c7ek valfler, ak\u0131\u015fkan\u0131n (s\u0131v\u0131 veya gaz) hayati proses sistemlerine geri akmas\u0131n\u0131 \u00f6nlemek i\u00e7in tasarlanm\u0131\u015f geri ak\u0131\u015f \u00f6nleme cihazlar\u0131d\u0131r. \u2026 <a title=\"Paslanmaz \u00c7elik Sal\u0131ncak \u00c7ekvalf\" class=\"read-more\" href=\"https:\/\/zecovalve.com\/tr\/urun\/stainless-steel-swing-check-valve\" aria-label=\"Paslanmaz \u00c7elik Sal\u0131n\u0131ml\u0131 \u00c7ek Valf hakk\u0131nda daha fazlas\u0131\">Daha fazla bilgi edinin<\/a><\/p>","protected":false},"featured_media":27924,"comment_status":"closed","ping_status":"closed","template":"","meta":{"_generate-full-width-content":"","kt_blocks_editor_width":""},"product_cat":[2455,2067],"product_tag":[2657,2661,2660,2723],"class_list":["post-16417","product","type-product","status-publish","has-post-thumbnail","hentry","product_cat-check-valve","product_cat-swing-check-valve","product_tag-non-return-valve","product_tag-nrv-valve","product_tag-swing-check-valve","product_tag-what-is-a-valve","sales-flash-overlay","woocommerce-text-align-center","woocommerce-image-align-center","do-quantity-buttons"],"featured_image_src_large":["https:\/\/zecovalve.com\/wp-content\/uploads\/2022\/06\/Stainless-Steel-Swing-Check-Valve-1.jpg",800,600,false],"author_info":[],"comment_info":0,"taxonomy_info":{"product_cat":[{"value":2455,"label":"Check Valve"},{"value":2067,"label":"Swing Check Valve"}],"product_tag":[{"value":2657,"label":"Non Return Valve"},{"value":2661,"label":"NRV Valve"},{"value":2660,"label":"Swing Check Valve"},{"value":2723,"label":"What is a Valve"}]},"yoast_head":"<!-- This site is optimized with the Yoast SEO Premium plugin v15.4 - https:\/\/yoast.com\/wordpress\/plugins\/seo\/ -->\n<title>Stainless Steel Swing Check Valve - Check Valve Types | ZECO Valve<\/title>\n<meta name=\"robots\" content=\"index, follow, max-snippet:-1, max-image-preview:large, max-video-preview:-1\" \/>\n<link rel=\"canonical\" href=\"https:\/\/zecovalve.com\/tr\/urun\/stainless-steel-swing-check-valve\" \/>\n<meta property=\"og:locale\" content=\"tr_TR\" \/>\n<meta property=\"og:type\" content=\"article\" \/>\n<meta property=\"og:title\" content=\"Stainless Steel Swing Check Valve - Check Valve Types | ZECO Valve\" \/>\n<meta property=\"og:description\" content=\"Check valves are backflow prevention devices designed to prevent the fluid (liquid or gas) from flowing backward into vital process systems. The ... Read more\" \/>\n<meta property=\"og:url\" content=\"https:\/\/zecovalve.com\/tr\/urun\/stainless-steel-swing-check-valve\" \/>\n<meta property=\"og:site_name\" content=\"ZECO Valve\" \/>\n<meta property=\"article:modified_time\" content=\"2023-06-17T00:58:13+00:00\" \/>\n<meta property=\"og:image\" content=\"https:\/\/zecovalve.com\/wp-content\/uploads\/2022\/06\/Stainless-Steel-Swing-Check-Valve-1.jpg\" \/>\n\t<meta property=\"og:image:width\" content=\"800\" \/>\n\t<meta property=\"og:image:height\" content=\"600\" \/>\n<meta name=\"twitter:card\" content=\"summary_large_image\" \/>\n<meta name=\"twitter:label1\" content=\"Yazan:\">\n\t<meta name=\"twitter:data1\" content=\"Jerry\">\n\t<meta name=\"twitter:label2\" content=\"Tahmini okuma s\u00fcresi\">\n\t<meta name=\"twitter:data2\" content=\"5 dakika\">\n<script type=\"application\/ld+json\" class=\"yoast-schema-graph\">{\"@context\":\"https:\/\/schema.org\",\"@graph\":[{\"@type\":\"WebSite\",\"@id\":\"https:\/\/zecovalve.com\/#website\",\"url\":\"https:\/\/zecovalve.com\/\",\"name\":\"ZECO Valve\",\"description\":\"Industrial Ball Valve, Gate Valve and Globe Valve Manufacturer\",\"potentialAction\":[{\"@type\":\"SearchAction\",\"target\":\"https:\/\/zecovalve.com\/?s={search_term_string}\",\"query-input\":\"required name=search_term_string\"}],\"inLanguage\":\"tr\"},{\"@type\":\"ImageObject\",\"@id\":\"https:\/\/zecovalve.com\/product\/stainless-steel-swing-check-valve#primaryimage\",\"inLanguage\":\"tr\",\"url\":\"https:\/\/zecovalve.com\/wp-content\/uploads\/2022\/06\/Stainless-Steel-Swing-Check-Valve-1.jpg\",\"width\":800,\"height\":600,\"caption\":\"Stainless Steel Swing Check Valve\"},{\"@type\":\"WebPage\",\"@id\":\"https:\/\/zecovalve.com\/product\/stainless-steel-swing-check-valve#webpage\",\"url\":\"https:\/\/zecovalve.com\/product\/stainless-steel-swing-check-valve\",\"name\":\"Stainless Steel Swing Check Valve - Check Valve Types | ZECO Valve\",\"isPartOf\":{\"@id\":\"https:\/\/zecovalve.com\/#website\"},\"primaryImageOfPage\":{\"@id\":\"https:\/\/zecovalve.com\/product\/stainless-steel-swing-check-valve#primaryimage\"},\"datePublished\":\"2022-06-21T05:02:27+00:00\",\"dateModified\":\"2023-06-17T00:58:13+00:00\",\"breadcrumb\":{\"@id\":\"https:\/\/zecovalve.com\/product\/stainless-steel-swing-check-valve#breadcrumb\"},\"inLanguage\":\"tr\",\"potentialAction\":[{\"@type\":\"ReadAction\",\"target\":[\"https:\/\/zecovalve.com\/product\/stainless-steel-swing-check-valve\"]}]},{\"@type\":\"BreadcrumbList\",\"@id\":\"https:\/\/zecovalve.com\/product\/stainless-steel-swing-check-valve#breadcrumb\",\"itemListElement\":[{\"@type\":\"ListItem\",\"position\":1,\"item\":{\"@type\":\"WebPage\",\"@id\":\"https:\/\/zecovalve.com\/\",\"url\":\"https:\/\/zecovalve.com\/\",\"name\":\"Home\"}},{\"@type\":\"ListItem\",\"position\":2,\"item\":{\"@type\":\"WebPage\",\"@id\":\"https:\/\/zecovalve.com\/product-category\",\"url\":\"https:\/\/zecovalve.com\/product-category\",\"name\":\"Industrial Valve Manufacturer | Water Valve Manufacturer\"}},{\"@type\":\"ListItem\",\"position\":3,\"item\":{\"@type\":\"WebPage\",\"@id\":\"https:\/\/zecovalve.com\/product\/stainless-steel-swing-check-valve\",\"url\":\"https:\/\/zecovalve.com\/product\/stainless-steel-swing-check-valve\",\"name\":\"Stainless Steel Swing Check Valve\"}}]}]}<\/script>\n<!-- \/ Yoast SEO Premium plugin. -->","_links":{"self":[{"href":"https:\/\/zecovalve.com\/tr\/wp-json\/wp\/v2\/product\/16417","targetHints":{"allow":["GET"]}}],"collection":[{"href":"https:\/\/zecovalve.com\/tr\/wp-json\/wp\/v2\/product"}],"about":[{"href":"https:\/\/zecovalve.com\/tr\/wp-json\/wp\/v2\/types\/product"}],"replies":[{"embeddable":true,"href":"https:\/\/zecovalve.com\/tr\/wp-json\/wp\/v2\/comments?post=16417"}],"wp:featuredmedia":[{"embeddable":true,"href":"https:\/\/zecovalve.com\/tr\/wp-json\/wp\/v2\/media\/27924"}],"wp:attachment":[{"href":"https:\/\/zecovalve.com\/tr\/wp-json\/wp\/v2\/media?parent=16417"}],"wp:term":[{"taxonomy":"product_cat","embeddable":true,"href":"https:\/\/zecovalve.com\/tr\/wp-json\/wp\/v2\/product_cat?post=16417"},{"taxonomy":"product_tag","embeddable":true,"href":"https:\/\/zecovalve.com\/tr\/wp-json\/wp\/v2\/product_tag?post=16417"}],"curies":[{"name":"wp","href":"https:\/\/api.w.org\/{rel}","templated":true}]}}