{"id":16425,"date":"2022-06-21T05:08:05","date_gmt":"2022-06-21T05:08:05","guid":{"rendered":"https:\/\/zecovalve.com\/?post_type=product&#038;p=16425"},"modified":"2023-06-07T07:06:40","modified_gmt":"2023-06-07T07:06:40","slug":"8-inch-ball-valve","status":"publish","type":"product","link":"https:\/\/zecovalve.com\/tr\/urun\/8-inch-ball-valve","title":{"rendered":"8 in\u00e7 K\u00fcresel Vana"},"content":{"rendered":"<p>ZECO Valve, 1991&#039;den beri \u00c7in&#039;de end\u00fcstriyel k\u00fcresel vana \u00fcreticisi ve tedarik\u00e7isidir. 30 y\u0131l\u0131 a\u015fk\u0131n API sertifikas\u0131na sahip lider ve profesyonel bir \u00c7in k\u00fcresel vana fabrikas\u0131 olarak \u015firketimiz, bir, iki ve gibi end\u00fcstriyel muylu ve y\u00fczer k\u00fcresel vana tasar\u0131mlar\u0131 \u00fcretmektedir. farkl\u0131 malzemelere sahip \u00fc\u00e7 par\u00e7al\u0131 k\u00fcresel vanalar; ve ayr\u0131ca di\u015fliyle \u00e7al\u0131\u015ft\u0131r\u0131lan k\u00fcresel vanalar dahil olmak \u00fczere elle \u00e7al\u0131\u015ft\u0131r\u0131lan valfler.<\/p>\r\n\r\n\r\n\r\n<figure class=\"wp-block-image size-full is-resized\"><img loading=\"lazy\" decoding=\"async\" class=\"wp-image-16510\" src=\"https:\/\/zecovalve.com\/wp-content\/uploads\/2022\/06\/trunnion-mounted-ball-valve-4.jpg\" alt=\"\" width=\"400\" height=\"300\" srcset=\"https:\/\/zecovalve.com\/wp-content\/uploads\/2022\/06\/trunnion-mounted-ball-valve-4.jpg 800w, https:\/\/zecovalve.com\/wp-content\/uploads\/2022\/06\/trunnion-mounted-ball-valve-4-300x225.jpg 300w, https:\/\/zecovalve.com\/wp-content\/uploads\/2022\/06\/trunnion-mounted-ball-valve-4-768x576.jpg 768w, https:\/\/zecovalve.com\/wp-content\/uploads\/2022\/06\/trunnion-mounted-ball-valve-4-600x450.jpg 600w\" sizes=\"auto, (max-width: 400px) 100vw, 400px\" \/><\/figure>\r\n\r\n\r\n\r\n\r\n<div class=\"gb-button-wrapper gb-button-wrapper-6d8495a3\">\r\n\r\n\r\n<p><a class=\"gb-button gb-button-3d442e11 gb-button-text\" href=\"mailto:commercial@zecovalve.com\" target=\"_blank\" rel=\"noopener noreferrer\"><strong>8 \u0130N\u00c7 K\u00dcRESEL VANA F\u0130YAT ALIN<\/strong><\/a><\/p>\r\n<\/div>\r\n\r\n\r\n<h2 class=\"wp-block-heading\">8 \u0130n\u00e7 K\u00fcresel Vana Nedir?<\/h2>\r\n\r\n\r\n\r\n<p>8 in\u00e7 k\u00fcresel vanalar, gaz veya s\u0131v\u0131n\u0131n ak\u0131\u015f\u0131n\u0131 kontrol edecek bir t\u00fcr kapatma vanas\u0131d\u0131r. Bu, deli\u011fi olan bir d\u00f6ner bilya kullan\u0131larak yap\u0131labilir. Topun 90 derece d\u00f6nd\u00fcr\u00fclmesiyle gaz veya s\u0131v\u0131 bloke edilir veya i\u00e7inden akmas\u0131na izin verilir. Belirli bir s\u00fcre kullan\u0131lmad\u0131klar\u0131nda dahi stabil s\u0131zd\u0131rmazl\u0131k sa\u011flad\u0131klar\u0131 bilinmektedir. Ayr\u0131ca daha uzun bir kullan\u0131m \u00f6mr\u00fcne sahiptirler. Ayr\u0131ca kirletici maddelere kar\u015f\u0131 daha iyi bir dirence sahip olmalar\u0131, di\u011fer vanalar aras\u0131nda onlar\u0131 daha pop\u00fcler bir se\u00e7im haline getiriyor.<\/p>\r\n\r\n\r\n\r\n<p>ZECO 8 in\u00e7 k\u00fcresel vanan\u0131n iki se\u00e7ene\u011fi vard\u0131r; y\u00fczer k\u00fcresel vana veya muyluya monteli k\u00fcresel vanay\u0131 se\u00e7ebilir ve malzemeyi d\u00f6kmeyi veya d\u00f6vmeyi se\u00e7ebilirsiniz. Valf, proses kontroll\u00fc bir boru hatt\u0131nda bas\u0131n\u00e7 i\u00e7eren ekipmanlardan biri olarak hizmet etti\u011finden, \u00f6zellikle y\u00fcksek s\u0131cakl\u0131k ve y\u00fcksek bas\u0131n\u00e7l\u0131 hizmetlerde, \u00fcr\u00fcn \u00f6mr\u00fc, personel ve \u00e7evre g\u00fcvenli\u011fi a\u00e7\u0131s\u0131ndan valf d\u00f6k\u00fcm kalitesi birincil \u00f6neme sahiptir. Bu nedenle, bir vana \u00fcreticisinin nitelikli bir tedarik\u00e7i olarak \u00f6n yeterlilik kazanmas\u0131ndan ve onaylanmas\u0131ndan \u00f6nce, d\u00f6k\u00fcmler her zaman \u00f6ncelikle m\u00fc\u015fteriler taraf\u0131ndan sertifikaland\u0131r\u0131l\u0131r.<\/p>\r\n\r\n\r\n\r\n<h2 class=\"wp-block-heading\" id=\"h-dimensions-weight-of-8-inch-ball-valve\">8 \u0130n\u00e7 K\u00fcresel Vanan\u0131n Boyutlar\u0131 ve A\u011f\u0131rl\u0131\u011f\u0131<\/h2>\r\n\r\n\r\n\r\n<table border=\"=1\" width=\"800\">\r\n<tbody>\r\n<tr>\r\n<td rowspan=\"2\">Bas\u0131n\u00e7 Derecesi<\/td>\r\n<td style=\"text-align: center;\">Delik<\/td>\r\n<td style=\"text-align: center;\" colspan=\"3\">\u00a0Y\u00fcz Y\u00fcze Boyut (mm cinsinden)<\/td>\r\n<td style=\"text-align: center;\">A\u011f\u0131rl\u0131k<\/td>\r\n<\/tr>\r\n<tr>\r\n<td style=\"text-align: center;\">(mm cinsinden)<\/td>\r\n<td style=\"text-align: center;\">RF<\/td>\r\n<td style=\"text-align: center;\">BW<\/td>\r\n<td style=\"text-align: center;\">RTJ<\/td>\r\n<td style=\"text-align: center;\">kg<\/td>\r\n<\/tr>\r\n<tr>\r\n<td>SINIF 150<\/td>\r\n<td style=\"text-align: center;\">201<\/td>\r\n<td style=\"text-align: center;\">457<\/td>\r\n<td style=\"text-align: center;\">521<\/td>\r\n<td style=\"text-align: center;\">470<\/td>\r\n<td style=\"text-align: center;\">205<\/td>\r\n<\/tr>\r\n<tr>\r\n<td>SINIF 300<\/td>\r\n<td style=\"text-align: center;\">201<\/td>\r\n<td style=\"text-align: center;\">502<\/td>\r\n<td style=\"text-align: center;\">521<\/td>\r\n<td style=\"text-align: center;\">518<\/td>\r\n<td style=\"text-align: center;\">255<\/td>\r\n<\/tr>\r\n<tr>\r\n<td>SINIF 600<\/td>\r\n<td style=\"text-align: center;\">201<\/td>\r\n<td style=\"text-align: center;\">660<\/td>\r\n<td style=\"text-align: center;\">660<\/td>\r\n<td style=\"text-align: center;\">664<\/td>\r\n<td style=\"text-align: center;\">390<\/td>\r\n<\/tr>\r\n<tr>\r\n<td>SINIF 900<\/td>\r\n<td style=\"text-align: center;\">201<\/td>\r\n<td style=\"text-align: center;\">737<\/td>\r\n<td style=\"text-align: center;\">737<\/td>\r\n<td style=\"text-align: center;\">740<\/td>\r\n<td style=\"text-align: center;\">640<\/td>\r\n<\/tr>\r\n<tr>\r\n<td>SINIF 1500<\/td>\r\n<td style=\"text-align: center;\">192<\/td>\r\n<td style=\"text-align: center;\">832<\/td>\r\n<td style=\"text-align: center;\">832<\/td>\r\n<td style=\"text-align: center;\">841<\/td>\r\n<td style=\"text-align: center;\">870<\/td>\r\n<\/tr>\r\n<tr>\r\n<td>SINIF 2500<\/td>\r\n<td style=\"text-align: center;\">179<\/td>\r\n<td style=\"text-align: center;\">1022<\/td>\r\n<td style=\"text-align: center;\">1022<\/td>\r\n<td style=\"text-align: center;\">1038<\/td>\r\n<td style=\"text-align: center;\">1017<\/td>\r\n<\/tr>\r\n<\/tbody>\r\n<\/table>\r\n\r\n\r\n\r\n<h2 class=\"wp-block-heading\">K\u00fcresel Vana 8 \u0130n\u00e7 Ne \u0130\u00e7in Kullan\u0131l\u0131r?<\/h2>\r\n\r\n\r\n\r\n<p>Neredeyse t\u00fcm end\u00fcstriyel uygulamalar s\u0131z\u0131nt\u0131lara kar\u015f\u0131 korunmaya ihtiya\u00e7 duyar. Bu \u00f6zellikle s\u0131k\u0131 kapatma mekanizmalar\u0131na ihtiya\u00e7 duyanlar i\u00e7in \u00f6nemlidir. Bu t\u00fcr \u00f6rnekler, do\u011fal gaz end\u00fcstrileri, kimyasal depolama ve a\u015f\u0131nd\u0131r\u0131c\u0131 ak\u0131\u015fkanlarla \u00e7al\u0131\u015fanlar da dahil olmak \u00fczere tamamen s\u0131v\u0131 veya gazl\u0131 uygulamalard\u0131r. Bulama\u00e7lar bu valfler i\u00e7in iyi \u00e7al\u0131\u015fmaz.<\/p>\r\n\r\n\r\n\r\n<h2 class=\"wp-block-heading\">8\u2033 K\u00fcresel Vanan\u0131n \u00d6zellikleri<\/h2>\r\n\r\n\r\n\r\n<ul class=\"wp-block-list\">\r\n<li>ZECO 8 in\u00e7 k\u00fcresel vana, bo\u015fluklu bas\u0131n\u00e7 tahliye tasar\u0131m\u0131na sahiptir. Bo\u015fluk bas\u0131nc\u0131n\u0131n olu\u015fturdu\u011fu kuvvet, hat bas\u0131nc\u0131n\u0131n olu\u015fturdu\u011fu kuvvetten daha d\u00fc\u015f\u00fck oldu\u011funda, s\u0131k\u0131 bir s\u0131zd\u0131rmazl\u0131k sa\u011flamak \u00fczere bilya ile yuva halkas\u0131 aras\u0131ndaki temas sa\u011flan\u0131r; Bo\u015fluk bas\u0131nc\u0131, yatak yay kuvveti art\u0131 hat bas\u0131nc\u0131ndan daha y\u00fcksek oldu\u011funda, kendi kendini bo\u015faltma hareketi, valf yata\u011f\u0131n\u0131n bilye y\u00fczeyinden hafif\u00e7e uzakla\u015fmas\u0131na olanak tan\u0131r. Bu nedenle, g\u00f6vde bo\u015flu\u011fu i\u00e7indeki herhangi bir a\u015f\u0131r\u0131 bas\u0131n\u00e7, g\u00f6vde bo\u015flu\u011fu ile boru hatt\u0131 (yukar\u0131 veya a\u015fa\u011f\u0131 ak\u0131\u015f taraf\u0131) aras\u0131ndaki dengeyi yeniden sa\u011flamak i\u00e7in boru hatt\u0131na bo\u015falt\u0131l\u0131r;<\/li>\r\n<li>ZECO 8 in\u00e7 k\u00fcresel vana, g\u00f6vde s\u0131z\u0131nt\u0131s\u0131n\u0131 \u00f6nlemek i\u00e7in harici m\u00fcdahalelere izin veren acil durum s\u0131zd\u0131rmazl\u0131k maddesi enjeksiyon ba\u011flant\u0131 par\u00e7as\u0131 tasar\u0131m\u0131na sahiptir. Bak\u0131mda, acil bak\u0131m ve uzun s\u00fcreli bak\u0131m i\u00e7in basit ve kullan\u0131\u015fl\u0131, yaln\u0131zca acil durum gres deli\u011fi arac\u0131l\u0131\u011f\u0131yla valf g\u00f6vdesi ve s\u0131zd\u0131rmazl\u0131k yap\u0131s\u0131ndaki yuva olabilir;<\/li>\r\n<li>ZECO 8 in\u00e7 k\u00fcresel vana, her t\u00fcrl\u00fc bas\u0131n\u00e7ta g\u00f6vde s\u0131zd\u0131rmazl\u0131\u011f\u0131n\u0131 garanti eden bir g\u00fcvenlik \u00f6zelli\u011fi olan, patlamaya dayan\u0131kl\u0131 g\u00f6vde tasar\u0131m\u0131na sahiptir;<\/li>\r\n<li>ZECO 8 in\u00e7 k\u00fcresel vana, birincil esnek yuva malzemesi yang\u0131n nedeniyle bozuldu\u011funda metal-metale kapatma sa\u011flayan yedek bir metalden metale s\u0131zd\u0131rmazl\u0131k tasar\u0131m\u0131na sahiptir.<\/li>\r\n<\/ul>\r\n\r\n\r\n\r\n<h2 class=\"wp-block-heading\">8 \u0130n\u00e7 K\u00fcresel Vanan\u0131n Malzemesi<\/h2>\r\n\r\n\r\n\r\n<figure class=\"wp-block-table\">\r\n<table>\r\n<tbody>\r\n<tr>\r\n<td>Hay\u0131r<\/td>\r\n<td>Par\u00e7a<\/td>\r\n<td>Malzeme<\/td>\r\n<\/tr>\r\n<tr>\r\n<td>1<\/td>\r\n<td>V\u00fccut<\/td>\r\n<td>ASTM A105<\/td>\r\n<\/tr>\r\n<tr>\r\n<td>2<\/td>\r\n<td>Bone<\/td>\r\n<td>ASTM A105<\/td>\r\n<\/tr>\r\n<tr>\r\n<td>3<\/td>\r\n<td>Top<\/td>\r\n<td>ASTM A182 F316<\/td>\r\n<\/tr>\r\n<tr>\r\n<td>4<\/td>\r\n<td>Koltuk<\/td>\r\n<td>ASTM A182 F316 + PTFE<\/td>\r\n<\/tr>\r\n<tr>\r\n<td>5<\/td>\r\n<td>K\u00f6k<\/td>\r\n<td>ASTM A276 316<\/td>\r\n<\/tr>\r\n<tr>\r\n<td>6<\/td>\r\n<td>Anti-statik Cihaz<\/td>\r\n<td>SS316<\/td>\r\n<\/tr>\r\n<tr>\r\n<td>7<\/td>\r\n<td>Conta<\/td>\r\n<td>Grafit + SS316<\/td>\r\n<\/tr>\r\n<tr>\r\n<td>8<\/td>\r\n<td>C\u0131vata<\/td>\r\n<td>ASTM A193 B7<\/td>\r\n<\/tr>\r\n<tr>\r\n<td>9<\/td>\r\n<td>F\u0131nd\u0131k<\/td>\r\n<td>ASTM A194 2H<\/td>\r\n<\/tr>\r\n<tr>\r\n<td>10<\/td>\r\n<td>O-ring<\/td>\r\n<td>Viton A<\/td>\r\n<\/tr>\r\n<tr>\r\n<td>11<\/td>\r\n<td>Kol<\/td>\r\n<td>ASTM A216 WCB<\/td>\r\n<\/tr>\r\n<\/tbody>\r\n<\/table>\r\n<\/figure>\r\n\r\n\r\n\r\n<h2 class=\"wp-block-heading\">\u00c7in K\u00fcresel Vana \u00dcreticisi<\/h2>\r\n\r\n\r\n\r\n<p>K\u00fcresel vanalar, bir sistem boyunca ortam ak\u0131\u015f\u0131n\u0131n aktar\u0131lmas\u0131nda d\u00f6nen bir bilya kullanan h\u0131zl\u0131 etkili \u00e7eyrek turlu vanalard\u0131r. S\u0131k\u0131 kapatma \u00f6zelli\u011fi sayesinde bir\u00e7ok sekt\u00f6rde \u00f6nem kazanmaktad\u0131r. Petrol ve gaz end\u00fcstrilerinde, petrokimyada, enerji end\u00fcstrisinde, boru hatlar\u0131nda ve ak\u0131\u015fkan\u0131n kapat\u0131lmas\u0131n\u0131 gerektiren pratik olarak her t\u00fcrl\u00fc uygulamada kullan\u0131l\u0131rlar.<\/p>\r\n\r\n\r\n\r\n<p>K\u00fcresel vanalar farkl\u0131 tiplerde gelir ve farkl\u0131 eklentilere sahiptir; bu da tak\u0131lmas\u0131 zor olabilir. Ayr\u0131ca, k\u00fcresel vanalar esas olarak a\u00e7ma\/kapama uygulamalar\u0131 i\u00e7in kullan\u0131l\u0131rken, baz\u0131 t\u00fcrler k\u0131sma uygulamalar\u0131 i\u00e7in de kullan\u0131\u015fl\u0131 hale gelmi\u015ftir. T\u00fcm bunlar uygulaman\u0131za en uygun k\u00fcresel vana tipini se\u00e7meyi zorla\u015ft\u0131r\u0131r.<\/p>\r\n\r\n\r\n\r\n<p>K\u00fcresel vanalar \u00e7ok karma\u015f\u0131k oldu\u011fundan, bu vana tipini daha iyi anlaman\u0131z\u0131 sa\u011flamak i\u00e7in t\u00fcm temel hususlar\u0131 \u00f6zetledik. Bu k\u0131lavuz, hangi k\u00fcresel vanan\u0131n size istedi\u011finiz sonu\u00e7lar\u0131 sunaca\u011f\u0131n\u0131 belirlemenize yard\u0131mc\u0131 olacakt\u0131r.<\/p>","protected":false},"excerpt":{"rendered":"<p>ZECO Valve, 1991&#039;den beri \u00c7in&#039;de end\u00fcstriyel k\u00fcresel vana \u00fcreticisi ve tedarik\u00e7isidir. \u00c7in&#039;in \u00f6nde gelen ve profesyonel k\u00fcresel vanalar\u0131ndan biri olarak\u2026 <a title=\"8 in\u00e7 K\u00fcresel Vana\" class=\"read-more\" href=\"https:\/\/zecovalve.com\/tr\/urun\/8-inch-ball-valve\" aria-label=\"8 in\u00e7 K\u00fcresel Vana hakk\u0131nda daha fazlas\u0131\">Daha fazla bilgi edinin<\/a><\/p>","protected":false},"featured_media":27860,"comment_status":"closed","ping_status":"closed","template":"","meta":{"_generate-full-width-content":"","kt_blocks_editor_width":""},"product_cat":[2047,2462],"product_tag":[3896,3913],"class_list":["post-16425","product","type-product","status-publish","has-post-thumbnail","hentry","product_cat-ball-valve","product_cat-ball-valve-by-size","product_tag-flanged-ball-valve","product_tag-full-port-ball-valve","sales-flash-overlay","woocommerce-text-align-center","woocommerce-image-align-center","do-quantity-buttons"],"featured_image_src_large":["https:\/\/zecovalve.com\/wp-content\/uploads\/2022\/06\/8-inch-Ball-Valve-1.jpg",800,600,false],"author_info":[],"comment_info":0,"taxonomy_info":{"product_cat":[{"value":2047,"label":"Ball Valve"},{"value":2462,"label":"Ball Valve By Size"}],"product_tag":[{"value":3896,"label":"Flanged Ball Valve"},{"value":3913,"label":"Full Port Ball Valve"}]},"yoast_head":"<!-- This site is optimized with the Yoast SEO Premium plugin v15.4 - https:\/\/yoast.com\/wordpress\/plugins\/seo\/ -->\n<title>8 Inch Ball Valve - China Ball Valve Manufacturer | ZECO Valve<\/title>\n<meta name=\"robots\" content=\"index, follow, max-snippet:-1, max-image-preview:large, max-video-preview:-1\" \/>\n<link rel=\"canonical\" href=\"https:\/\/zecovalve.com\/tr\/urun\/8-inch-ball-valve\" \/>\n<meta property=\"og:locale\" content=\"tr_TR\" \/>\n<meta property=\"og:type\" content=\"article\" \/>\n<meta property=\"og:title\" content=\"8 Inch Ball Valve - China Ball Valve Manufacturer | ZECO Valve\" \/>\n<meta property=\"og:description\" content=\"ZECO Valve is an industrial ball valve manufacturer &amp; supplier in China since 1991. As a leading &amp; professional China ball valve ... Read more\" \/>\n<meta property=\"og:url\" content=\"https:\/\/zecovalve.com\/tr\/urun\/8-inch-ball-valve\" \/>\n<meta property=\"og:site_name\" content=\"ZECO Valve\" \/>\n<meta property=\"article:modified_time\" content=\"2023-06-07T07:06:40+00:00\" \/>\n<meta property=\"og:image\" content=\"https:\/\/zecovalve.com\/wp-content\/uploads\/2022\/06\/8-inch-Ball-Valve-1.jpg\" \/>\n\t<meta property=\"og:image:width\" content=\"800\" \/>\n\t<meta property=\"og:image:height\" content=\"600\" \/>\n<meta name=\"twitter:card\" content=\"summary_large_image\" \/>\n<meta name=\"twitter:label1\" content=\"Yazan:\">\n\t<meta name=\"twitter:data1\" content=\"Jerry\">\n\t<meta name=\"twitter:label2\" content=\"Tahmini okuma s\u00fcresi\">\n\t<meta name=\"twitter:data2\" content=\"3 dakika\">\n<script type=\"application\/ld+json\" class=\"yoast-schema-graph\">{\"@context\":\"https:\/\/schema.org\",\"@graph\":[{\"@type\":\"WebSite\",\"@id\":\"https:\/\/zecovalve.com\/#website\",\"url\":\"https:\/\/zecovalve.com\/\",\"name\":\"ZECO Valve\",\"description\":\"Industrial Ball Valve, Gate Valve and Globe Valve Manufacturer\",\"potentialAction\":[{\"@type\":\"SearchAction\",\"target\":\"https:\/\/zecovalve.com\/?s={search_term_string}\",\"query-input\":\"required name=search_term_string\"}],\"inLanguage\":\"tr\"},{\"@type\":\"ImageObject\",\"@id\":\"https:\/\/zecovalve.com\/product\/8-inch-ball-valve#primaryimage\",\"inLanguage\":\"tr\",\"url\":\"https:\/\/zecovalve.com\/wp-content\/uploads\/2022\/06\/8-inch-Ball-Valve-1.jpg\",\"width\":800,\"height\":600,\"caption\":\"8 inch Ball Valve\"},{\"@type\":\"WebPage\",\"@id\":\"https:\/\/zecovalve.com\/product\/8-inch-ball-valve#webpage\",\"url\":\"https:\/\/zecovalve.com\/product\/8-inch-ball-valve\",\"name\":\"8 Inch Ball Valve - China Ball Valve Manufacturer | ZECO Valve\",\"isPartOf\":{\"@id\":\"https:\/\/zecovalve.com\/#website\"},\"primaryImageOfPage\":{\"@id\":\"https:\/\/zecovalve.com\/product\/8-inch-ball-valve#primaryimage\"},\"datePublished\":\"2022-06-21T05:08:05+00:00\",\"dateModified\":\"2023-06-07T07:06:40+00:00\",\"breadcrumb\":{\"@id\":\"https:\/\/zecovalve.com\/product\/8-inch-ball-valve#breadcrumb\"},\"inLanguage\":\"tr\",\"potentialAction\":[{\"@type\":\"ReadAction\",\"target\":[\"https:\/\/zecovalve.com\/product\/8-inch-ball-valve\"]}]},{\"@type\":\"BreadcrumbList\",\"@id\":\"https:\/\/zecovalve.com\/product\/8-inch-ball-valve#breadcrumb\",\"itemListElement\":[{\"@type\":\"ListItem\",\"position\":1,\"item\":{\"@type\":\"WebPage\",\"@id\":\"https:\/\/zecovalve.com\/\",\"url\":\"https:\/\/zecovalve.com\/\",\"name\":\"Home\"}},{\"@type\":\"ListItem\",\"position\":2,\"item\":{\"@type\":\"WebPage\",\"@id\":\"https:\/\/zecovalve.com\/product-category\",\"url\":\"https:\/\/zecovalve.com\/product-category\",\"name\":\"Industrial Valve Manufacturer | Water Valve Manufacturer\"}},{\"@type\":\"ListItem\",\"position\":3,\"item\":{\"@type\":\"WebPage\",\"@id\":\"https:\/\/zecovalve.com\/product\/8-inch-ball-valve\",\"url\":\"https:\/\/zecovalve.com\/product\/8-inch-ball-valve\",\"name\":\"8 inch Ball Valve\"}}]}]}<\/script>\n<!-- \/ Yoast SEO Premium plugin. -->","_links":{"self":[{"href":"https:\/\/zecovalve.com\/tr\/wp-json\/wp\/v2\/product\/16425","targetHints":{"allow":["GET"]}}],"collection":[{"href":"https:\/\/zecovalve.com\/tr\/wp-json\/wp\/v2\/product"}],"about":[{"href":"https:\/\/zecovalve.com\/tr\/wp-json\/wp\/v2\/types\/product"}],"replies":[{"embeddable":true,"href":"https:\/\/zecovalve.com\/tr\/wp-json\/wp\/v2\/comments?post=16425"}],"wp:featuredmedia":[{"embeddable":true,"href":"https:\/\/zecovalve.com\/tr\/wp-json\/wp\/v2\/media\/27860"}],"wp:attachment":[{"href":"https:\/\/zecovalve.com\/tr\/wp-json\/wp\/v2\/media?parent=16425"}],"wp:term":[{"taxonomy":"product_cat","embeddable":true,"href":"https:\/\/zecovalve.com\/tr\/wp-json\/wp\/v2\/product_cat?post=16425"},{"taxonomy":"product_tag","embeddable":true,"href":"https:\/\/zecovalve.com\/tr\/wp-json\/wp\/v2\/product_tag?post=16425"}],"curies":[{"name":"wp","href":"https:\/\/api.w.org\/{rel}","templated":true}]}}