{"id":16435,"date":"2022-06-21T05:19:51","date_gmt":"2022-06-21T05:19:51","guid":{"rendered":"https:\/\/zecovalve.com\/?post_type=product&#038;p=16435"},"modified":"2023-06-07T07:07:00","modified_gmt":"2023-06-07T07:07:00","slug":"3-inch-ball-valve","status":"publish","type":"product","link":"https:\/\/zecovalve.com\/tr\/urun\/3-inch-ball-valve","title":{"rendered":"3 in\u00e7 K\u00fcresel Vana"},"content":{"rendered":"<figure class=\"wp-block-image size-full is-resized\"><img loading=\"lazy\" decoding=\"async\" class=\"wp-image-17530\" src=\"https:\/\/zecovalve.com\/wp-content\/uploads\/2022\/06\/FL-1-104452.jpg\" alt=\"D\u00f6kme \u00c7elik Y\u00fczer K\u00fcresel Vana\" width=\"400\" height=\"300\" srcset=\"https:\/\/zecovalve.com\/wp-content\/uploads\/2022\/06\/FL-1-104452.jpg 800w, https:\/\/zecovalve.com\/wp-content\/uploads\/2022\/06\/FL-1-104452-300x225.jpg 300w, https:\/\/zecovalve.com\/wp-content\/uploads\/2022\/06\/FL-1-104452-768x576.jpg 768w, https:\/\/zecovalve.com\/wp-content\/uploads\/2022\/06\/FL-1-104452-600x450.jpg 600w\" sizes=\"auto, (max-width: 400px) 100vw, 400px\" \/><\/figure>\r\n\r\n\r\n<div class=\"gb-button-wrapper gb-button-wrapper-6d8495a3\">\r\n\r\n\r\n<p><a class=\"gb-button gb-button-3d442e11 gb-button-text\" href=\"https:\/\/zecovalve.com\/tr\/contact\/\" target=\"_blank\" rel=\"noopener noreferrer\"><strong>3 \u0130N\u00c7 K\u00dcRESEL VANA F\u0130YAT ALIN<\/strong><\/a><\/p>\r\n<\/div>\r\n\r\n\r\n<h2 class=\"wp-block-heading\" id=\"h-what-is-a-3-inch-ball-valve\">3 in\u00e7 K\u00fcresel Vana Nedir?<\/h2>\r\n\r\n\r\n\r\n<p>ZECO 3 in\u00e7 k\u00fcresel vana genellikle y\u00fczer bir k\u00fcresel vanad\u0131r, malzeme ayr\u0131ca d\u00f6k\u00fcm ve d\u00f6vme olmak \u00fczere iki t\u00fcre ayr\u0131labilir.<\/p>\r\n\r\n\r\n\r\n<p>PTFE contal\u0131 ve yuval\u0131 2 par\u00e7al\u0131 3 in\u00e7 Paslanmaz \u00e7elik k\u00fcresel vanalar. PTFE (Teflon) yuval\u0131 ve contal\u0131 3 in\u00e7 paslanmaz \u00e7elik k\u00fcresel vanalar \u00e7o\u011fu uygulama i\u00e7in m\u00fckemmel korozyon direnci sunar. Paslanmaz \u00e7elik ve PTFE, su, ya\u011f, gaz\/hava, hafif alkali ve asitler, biyodizel, yak\u0131tlar ve alkoller dahil ancak bunlarla s\u0131n\u0131rl\u0131 olmamak \u00fczere uygulamalarda iyi \u00e7al\u0131\u015f\u0131r. Bu k\u00fcresel vanalar, s\u0131z\u0131nt\u0131 olmamas\u0131n\u0131 ve uzun y\u0131llar s\u0131k kullan\u0131mdan sonra uzun \u00f6m\u00fcrl\u00fc bir s\u0131zd\u0131rmazl\u0131k sa\u011flamak i\u00e7in s\u0131k\u0131 contalarla donat\u0131lm\u0131\u015ft\u0131r.<\/p>\r\n\r\n\r\n\r\n<h2 class=\"wp-block-heading\">3\u2033 K\u00fcresel Vanan\u0131n Boyutlar\u0131 ve A\u011f\u0131rl\u0131\u011f\u0131<\/h2>\r\n\r\n\r\n\r\n<table border=\"=1\" width=\"800\">\r\n<tbody>\r\n<tr>\r\n<td rowspan=\"2\">Bas\u0131n\u00e7 Derecesi<\/td>\r\n<td style=\"text-align: center;\">Delik<\/td>\r\n<td style=\"text-align: center;\" colspan=\"3\">\u00a0Y\u00fcz Y\u00fcze Boyut (mm cinsinden)<\/td>\r\n<td style=\"text-align: center;\">A\u011f\u0131rl\u0131k<\/td>\r\n<\/tr>\r\n<tr>\r\n<td style=\"text-align: center;\">(mm cinsinden)<\/td>\r\n<td style=\"text-align: center;\">RF<\/td>\r\n<td style=\"text-align: center;\">BW<\/td>\r\n<td style=\"text-align: center;\">RTJ<\/td>\r\n<td style=\"text-align: center;\">kg<\/td>\r\n<\/tr>\r\n<tr>\r\n<td>SINIF 150<\/td>\r\n<td style=\"text-align: center;\">74<\/td>\r\n<td style=\"text-align: center;\">203<\/td>\r\n<td style=\"text-align: center;\">283<\/td>\r\n<td style=\"text-align: center;\">216<\/td>\r\n<td style=\"text-align: center;\">19<\/td>\r\n<\/tr>\r\n<tr>\r\n<td>SINIF 300<\/td>\r\n<td style=\"text-align: center;\">74<\/td>\r\n<td style=\"text-align: center;\">283<\/td>\r\n<td style=\"text-align: center;\">283<\/td>\r\n<td style=\"text-align: center;\">298<\/td>\r\n<td style=\"text-align: center;\">25<\/td>\r\n<\/tr>\r\n<tr>\r\n<td>SINIF 600<\/td>\r\n<td style=\"text-align: center;\">74<\/td>\r\n<td style=\"text-align: center;\">356<\/td>\r\n<td style=\"text-align: center;\">356<\/td>\r\n<td style=\"text-align: center;\">359<\/td>\r\n<td style=\"text-align: center;\">48<\/td>\r\n<\/tr>\r\n<tr>\r\n<td>SINIF 900<\/td>\r\n<td style=\"text-align: center;\">74<\/td>\r\n<td style=\"text-align: center;\">381<\/td>\r\n<td style=\"text-align: center;\">381<\/td>\r\n<td style=\"text-align: center;\">384<\/td>\r\n<td style=\"text-align: center;\">70<\/td>\r\n<\/tr>\r\n<tr>\r\n<td>SINIF 1500<\/td>\r\n<td style=\"text-align: center;\">74<\/td>\r\n<td style=\"text-align: center;\">470<\/td>\r\n<td style=\"text-align: center;\">470<\/td>\r\n<td style=\"text-align: center;\">473<\/td>\r\n<td style=\"text-align: center;\">82<\/td>\r\n<\/tr>\r\n<tr>\r\n<td>SINIF 2500<\/td>\r\n<td style=\"text-align: center;\">62<\/td>\r\n<td style=\"text-align: center;\">578<\/td>\r\n<td style=\"text-align: center;\">578<\/td>\r\n<td style=\"text-align: center;\">584<\/td>\r\n<td style=\"text-align: center;\">117<\/td>\r\n<\/tr>\r\n<\/tbody>\r\n<\/table>\r\n\r\n\r\n\r\n<h2 class=\"wp-block-heading\">3in\u00e7 K\u00fcresel Vanan\u0131n \u00d6zellikleri:<\/h2>\r\n\r\n\r\n\r\n<ul class=\"wp-block-list\">\r\n<li>Mil y\u00fczey p\u00fcr\u00fczl\u00fcl\u00fc\u011f\u00fc Ra0.4 ile Ra0.8 aras\u0131nda s\u0131k\u0131 bir \u015fekilde s\u0131n\u0131rland\u0131r\u0131lm\u0131\u015ft\u0131r; bu, grafit paketleme tozunun k\u00fc\u00e7\u00fck g\u00f6vde \u00e7iziklerine girerek ya\u011flay\u0131c\u0131 olarak i\u015flev g\u00f6rmesini sa\u011flar ve g\u00f6vde etraf\u0131ndaki s\u0131z\u0131nt\u0131lar\u0131 en aza indirir. Salmastra kutusunun maksimum p\u00fcr\u00fczl\u00fcl\u00fc\u011f\u00fc RA3.2&#039;dir; bu, salmastra halkas\u0131n\u0131 yerinde tutmak ve daha iyi s\u0131zd\u0131rmazl\u0131k performans\u0131 sa\u011flamak i\u00e7in uygun bir de\u011ferdir;<\/li>\r\n<li>Salmastra, esnek grafit ile i\u015flenmi\u015f, kal\u0131pla \u015fekillendirilmi\u015f grafit halkadan yap\u0131lm\u0131\u015f, \u0131s\u0131 direncini, daha az stres gev\u015femesini ve d\u00fc\u015f\u00fck s\u00fcr\u00fcnmeyi karakterize eden paralel ve dikey katmanlar\u0131n bir kombinasyonudur. \u00d6zel yap\u0131, d\u00f6ner g\u00f6vde \u00fczerinde d\u00fc\u015f\u00fck s\u00fcrt\u00fcnme anlam\u0131na gelir ve s\u0131k \u00e7al\u0131\u015fma ko\u015fullar\u0131nda valf i\u00e7in uzun s\u00fcre boyunca stabil s\u0131zd\u0131rmazl\u0131k \u00f6zelli\u011fi sa\u011flar;<\/li>\r\n<li>Dudakl\u0131 conta, Elgiloy veya Inconel yay\u0131 ve PTFE ceketi i\u00e7eren yay enerjili contad\u0131r. son derece a\u015f\u0131nd\u0131r\u0131c\u0131 kimyasal maddeler, y\u00fcksek asitli gaz, d\u00fc\u015f\u00fck s\u0131cakl\u0131k veya kriyojenik hizmet gibi \u00e7ok \u00e7e\u015fitli uygulamalarda etkilidir;<\/li>\r\n<li>ZECO, toplu \u00fcr\u00fcnlerin kalitesini 100% denetimiyle s\u0131k\u0131 bir \u015fekilde kontrol eder.<\/li>\r\n<\/ul>\r\n\r\n\r\n\r\n<h2 class=\"wp-block-heading\">3 \u0130n\u00e7 K\u00fcresel Vanay\u0131 nas\u0131l se\u00e7erim?<\/h2>\r\n\r\n\r\n\r\n<p>Do\u011fru K\u00fcresel Vanay\u0131 se\u00e7mek i\u00e7in bas\u0131n\u00e7 seviyesinin belirlenmesi de zorunludur \u00e7\u00fcnk\u00fc ilgili malzemeye g\u00f6re \u00f6zel vanan\u0131n se\u00e7ilmesine yard\u0131mc\u0131 olacakt\u0131r. \u0130deal olarak, farkl\u0131 s\u0131v\u0131 ak\u0131\u015f\u0131 t\u00fcrlerini vurgulamak i\u00e7in K\u00fcresel Vanalar paslanmaz \u00e7elik, seramik ve hatta bronz olarak mevcuttur.<\/p>\r\n\r\n\r\n\r\n<h2 class=\"wp-block-heading\">3 \u0130n\u00e7 K\u00fcresel Vana Malzemesi:<\/h2>\r\n\r\n\r\n\r\n<figure class=\"wp-block-table\">\r\n<table>\r\n<tbody>\r\n<tr>\r\n<td>Hay\u0131r<\/td>\r\n<td>Par\u00e7a<\/td>\r\n<td>Malzeme<\/td>\r\n<\/tr>\r\n<tr>\r\n<td>1<\/td>\r\n<td>V\u00fccut<\/td>\r\n<td>ASTM A182 F304<\/td>\r\n<\/tr>\r\n<tr>\r\n<td>2<\/td>\r\n<td>Bone<\/td>\r\n<td>ASTM A182 F304<\/td>\r\n<\/tr>\r\n<tr>\r\n<td>3<\/td>\r\n<td>Top<\/td>\r\n<td>ASTM A182 F316<\/td>\r\n<\/tr>\r\n<tr>\r\n<td>4<\/td>\r\n<td>Koltuk<\/td>\r\n<td>ASTM A182 F316<\/td>\r\n<\/tr>\r\n<tr>\r\n<td>5<\/td>\r\n<td>K\u00f6k<\/td>\r\n<td>ASTM A276 316<\/td>\r\n<\/tr>\r\n<tr>\r\n<td>6<\/td>\r\n<td>Anti-statik Cihaz<\/td>\r\n<td>SS316<\/td>\r\n<\/tr>\r\n<tr>\r\n<td>7<\/td>\r\n<td>Conta<\/td>\r\n<td>Grafit + SS316<\/td>\r\n<\/tr>\r\n<tr>\r\n<td>8<\/td>\r\n<td>C\u0131vata<\/td>\r\n<td>ASTM A193 B8<\/td>\r\n<\/tr>\r\n<tr>\r\n<td>9<\/td>\r\n<td>F\u0131nd\u0131k<\/td>\r\n<td>ASTM A194 8<\/td>\r\n<\/tr>\r\n<tr>\r\n<td>10<\/td>\r\n<td>O-ring<\/td>\r\n<td>Viton A<\/td>\r\n<\/tr>\r\n<tr>\r\n<td>11<\/td>\r\n<td>Kol<\/td>\r\n<td>ASTM A216 WCB<\/td>\r\n<\/tr>\r\n<\/tbody>\r\n<\/table>\r\n<\/figure>","protected":false},"excerpt":{"rendered":"<p>3 in\u00e7 K\u00fcresel Vana Nedir? ZECO 3 in\u00e7 k\u00fcresel vana genellikle y\u00fczer bir k\u00fcresel vanad\u0131r, malzeme de b\u00f6l\u00fcnebilir\u2026 <a title=\"3 in\u00e7 K\u00fcresel Vana\" class=\"read-more\" href=\"https:\/\/zecovalve.com\/tr\/urun\/3-inch-ball-valve\" aria-label=\"3 in\u00e7 K\u00fcresel Vana hakk\u0131nda daha fazlas\u0131\">Daha fazla bilgi edinin<\/a><\/p>","protected":false},"featured_media":27861,"comment_status":"closed","ping_status":"closed","template":"","meta":{"_generate-full-width-content":"","kt_blocks_editor_width":""},"product_cat":[2047,2462],"product_tag":[3896,3914],"class_list":["post-16435","product","type-product","status-publish","has-post-thumbnail","hentry","product_cat-ball-valve","product_cat-ball-valve-by-size","product_tag-flanged-ball-valve","product_tag-reduced-bore-ball-valve","sales-flash-overlay","woocommerce-text-align-center","woocommerce-image-align-center","do-quantity-buttons"],"featured_image_src_large":["https:\/\/zecovalve.com\/wp-content\/uploads\/2022\/06\/3-inch-Ball-Valve-1.jpg",800,600,false],"author_info":[],"comment_info":0,"taxonomy_info":{"product_cat":[{"value":2047,"label":"Ball Valve"},{"value":2462,"label":"Ball Valve By Size"}],"product_tag":[{"value":3896,"label":"Flanged Ball Valve"},{"value":3914,"label":"Reduced Bore Ball Valve"}]},"yoast_head":"<!-- This site is optimized with the Yoast SEO Premium plugin v15.4 - https:\/\/yoast.com\/wordpress\/plugins\/seo\/ -->\n<title>3 Inch Ball Valve - 3 Ball Valve Price | ZECO Valve<\/title>\n<meta name=\"robots\" content=\"index, follow, max-snippet:-1, max-image-preview:large, max-video-preview:-1\" \/>\n<link rel=\"canonical\" href=\"https:\/\/zecovalve.com\/tr\/urun\/3-inch-ball-valve\" \/>\n<meta property=\"og:locale\" content=\"tr_TR\" \/>\n<meta property=\"og:type\" content=\"article\" \/>\n<meta property=\"og:title\" content=\"3 Inch Ball Valve - 3 Ball Valve Price | ZECO Valve\" \/>\n<meta property=\"og:description\" content=\"What is a 3 inch Ball Valve? ZECO\u00a03 inch ball valve\u00a0is usually a floating ball valve, the material can also be divided ... Read more\" \/>\n<meta property=\"og:url\" content=\"https:\/\/zecovalve.com\/tr\/urun\/3-inch-ball-valve\" \/>\n<meta property=\"og:site_name\" content=\"ZECO Valve\" \/>\n<meta property=\"article:modified_time\" content=\"2023-06-07T07:07:00+00:00\" \/>\n<meta property=\"og:image\" content=\"https:\/\/zecovalve.com\/wp-content\/uploads\/2022\/06\/3-inch-Ball-Valve-1.jpg\" \/>\n\t<meta property=\"og:image:width\" content=\"800\" \/>\n\t<meta property=\"og:image:height\" content=\"600\" \/>\n<meta name=\"twitter:card\" content=\"summary_large_image\" \/>\n<meta name=\"twitter:label1\" content=\"Yazan:\">\n\t<meta name=\"twitter:data1\" content=\"Jerry\">\n\t<meta name=\"twitter:label2\" content=\"Tahmini okuma s\u00fcresi\">\n\t<meta name=\"twitter:data2\" content=\"2 dakika\">\n<script type=\"application\/ld+json\" class=\"yoast-schema-graph\">{\"@context\":\"https:\/\/schema.org\",\"@graph\":[{\"@type\":\"WebSite\",\"@id\":\"https:\/\/zecovalve.com\/#website\",\"url\":\"https:\/\/zecovalve.com\/\",\"name\":\"ZECO Valve\",\"description\":\"Industrial Ball Valve, Gate Valve and Globe Valve Manufacturer\",\"potentialAction\":[{\"@type\":\"SearchAction\",\"target\":\"https:\/\/zecovalve.com\/?s={search_term_string}\",\"query-input\":\"required name=search_term_string\"}],\"inLanguage\":\"tr\"},{\"@type\":\"ImageObject\",\"@id\":\"https:\/\/zecovalve.com\/product\/3-inch-ball-valve#primaryimage\",\"inLanguage\":\"tr\",\"url\":\"https:\/\/zecovalve.com\/wp-content\/uploads\/2022\/06\/3-inch-Ball-Valve-1.jpg\",\"width\":800,\"height\":600,\"caption\":\"3 inch Ball Valve\"},{\"@type\":\"WebPage\",\"@id\":\"https:\/\/zecovalve.com\/product\/3-inch-ball-valve#webpage\",\"url\":\"https:\/\/zecovalve.com\/product\/3-inch-ball-valve\",\"name\":\"3 Inch Ball Valve - 3 Ball Valve Price | ZECO Valve\",\"isPartOf\":{\"@id\":\"https:\/\/zecovalve.com\/#website\"},\"primaryImageOfPage\":{\"@id\":\"https:\/\/zecovalve.com\/product\/3-inch-ball-valve#primaryimage\"},\"datePublished\":\"2022-06-21T05:19:51+00:00\",\"dateModified\":\"2023-06-07T07:07:00+00:00\",\"breadcrumb\":{\"@id\":\"https:\/\/zecovalve.com\/product\/3-inch-ball-valve#breadcrumb\"},\"inLanguage\":\"tr\",\"potentialAction\":[{\"@type\":\"ReadAction\",\"target\":[\"https:\/\/zecovalve.com\/product\/3-inch-ball-valve\"]}]},{\"@type\":\"BreadcrumbList\",\"@id\":\"https:\/\/zecovalve.com\/product\/3-inch-ball-valve#breadcrumb\",\"itemListElement\":[{\"@type\":\"ListItem\",\"position\":1,\"item\":{\"@type\":\"WebPage\",\"@id\":\"https:\/\/zecovalve.com\/\",\"url\":\"https:\/\/zecovalve.com\/\",\"name\":\"Home\"}},{\"@type\":\"ListItem\",\"position\":2,\"item\":{\"@type\":\"WebPage\",\"@id\":\"https:\/\/zecovalve.com\/product-category\",\"url\":\"https:\/\/zecovalve.com\/product-category\",\"name\":\"Industrial Valve Manufacturer | Water Valve Manufacturer\"}},{\"@type\":\"ListItem\",\"position\":3,\"item\":{\"@type\":\"WebPage\",\"@id\":\"https:\/\/zecovalve.com\/product\/3-inch-ball-valve\",\"url\":\"https:\/\/zecovalve.com\/product\/3-inch-ball-valve\",\"name\":\"3 inch Ball Valve\"}}]}]}<\/script>\n<!-- \/ Yoast SEO Premium plugin. -->","_links":{"self":[{"href":"https:\/\/zecovalve.com\/tr\/wp-json\/wp\/v2\/product\/16435","targetHints":{"allow":["GET"]}}],"collection":[{"href":"https:\/\/zecovalve.com\/tr\/wp-json\/wp\/v2\/product"}],"about":[{"href":"https:\/\/zecovalve.com\/tr\/wp-json\/wp\/v2\/types\/product"}],"replies":[{"embeddable":true,"href":"https:\/\/zecovalve.com\/tr\/wp-json\/wp\/v2\/comments?post=16435"}],"wp:featuredmedia":[{"embeddable":true,"href":"https:\/\/zecovalve.com\/tr\/wp-json\/wp\/v2\/media\/27861"}],"wp:attachment":[{"href":"https:\/\/zecovalve.com\/tr\/wp-json\/wp\/v2\/media?parent=16435"}],"wp:term":[{"taxonomy":"product_cat","embeddable":true,"href":"https:\/\/zecovalve.com\/tr\/wp-json\/wp\/v2\/product_cat?post=16435"},{"taxonomy":"product_tag","embeddable":true,"href":"https:\/\/zecovalve.com\/tr\/wp-json\/wp\/v2\/product_tag?post=16435"}],"curies":[{"name":"wp","href":"https:\/\/api.w.org\/{rel}","templated":true}]}}