{"id":16468,"date":"2022-06-21T06:25:05","date_gmt":"2022-06-21T06:25:05","guid":{"rendered":"https:\/\/zecovalve.com\/?post_type=product&#038;p=16468"},"modified":"2023-06-07T07:07:23","modified_gmt":"2023-06-07T07:07:23","slug":"3pc-ball-valve","status":"publish","type":"product","link":"https:\/\/zecovalve.com\/tr\/urun\/3pc-ball-valve","title":{"rendered":"3 Par\u00e7a Paslanmaz \u00c7elik K\u00fcresel Vana"},"content":{"rendered":"<p>3 Par\u00e7al\u0131 K\u00fcresel Vana, kolay temizlik i\u00e7in par\u00e7alara ayr\u0131labilecek \u015fekilde tasarlanm\u0131\u015ft\u0131r.<\/p>\r\n\r\n\r\n\r\n<div class=\"wp-block-columns is-layout-flex wp-container-core-columns-is-layout-9d6595d7 wp-block-columns-is-layout-flex\">\r\n<div class=\"wp-block-column is-layout-flow wp-block-column-is-layout-flow\">\r\n<figure class=\"wp-block-image size-large is-resized\"><img loading=\"lazy\" decoding=\"async\" class=\"wp-image-19545\" src=\"https:\/\/zecovalve.com\/wp-content\/uploads\/2022\/07\/3-piece-stainless-steel-ball-valve-1-1024x1024.jpg\" alt=\"\" width=\"512\" height=\"512\" srcset=\"https:\/\/zecovalve.com\/wp-content\/uploads\/2022\/07\/3-piece-stainless-steel-ball-valve-1-1024x1024.jpg 1024w, https:\/\/zecovalve.com\/wp-content\/uploads\/2022\/07\/3-piece-stainless-steel-ball-valve-1-300x300.jpg 300w, https:\/\/zecovalve.com\/wp-content\/uploads\/2022\/07\/3-piece-stainless-steel-ball-valve-1-150x150.jpg 150w, https:\/\/zecovalve.com\/wp-content\/uploads\/2022\/07\/3-piece-stainless-steel-ball-valve-1-768x768.jpg 768w, https:\/\/zecovalve.com\/wp-content\/uploads\/2022\/07\/3-piece-stainless-steel-ball-valve-1-1536x1536.jpg 1536w, https:\/\/zecovalve.com\/wp-content\/uploads\/2022\/07\/3-piece-stainless-steel-ball-valve-1-2048x2048.jpg 2048w, https:\/\/zecovalve.com\/wp-content\/uploads\/2022\/07\/3-piece-stainless-steel-ball-valve-1-400x400.jpg 400w, https:\/\/zecovalve.com\/wp-content\/uploads\/2022\/07\/3-piece-stainless-steel-ball-valve-1-600x600.jpg 600w, https:\/\/zecovalve.com\/wp-content\/uploads\/2022\/07\/3-piece-stainless-steel-ball-valve-1-100x100.jpg 100w\" sizes=\"auto, (max-width: 512px) 100vw, 512px\" \/><\/figure>\r\n<\/div>\r\n\r\n\r\n\r\n<div class=\"wp-block-column is-layout-flow wp-block-column-is-layout-flow\">\r\n<figure class=\"wp-block-image size-large is-resized\"><img loading=\"lazy\" decoding=\"async\" class=\"wp-image-19547\" src=\"https:\/\/zecovalve.com\/wp-content\/uploads\/2022\/07\/3-piece-stainless-steel-ball-valve-2-1024x1024.jpg\" alt=\"\" width=\"512\" height=\"512\" srcset=\"https:\/\/zecovalve.com\/wp-content\/uploads\/2022\/07\/3-piece-stainless-steel-ball-valve-2-1024x1024.jpg 1024w, https:\/\/zecovalve.com\/wp-content\/uploads\/2022\/07\/3-piece-stainless-steel-ball-valve-2-300x300.jpg 300w, https:\/\/zecovalve.com\/wp-content\/uploads\/2022\/07\/3-piece-stainless-steel-ball-valve-2-150x150.jpg 150w, https:\/\/zecovalve.com\/wp-content\/uploads\/2022\/07\/3-piece-stainless-steel-ball-valve-2-768x768.jpg 768w, https:\/\/zecovalve.com\/wp-content\/uploads\/2022\/07\/3-piece-stainless-steel-ball-valve-2-1536x1536.jpg 1536w, https:\/\/zecovalve.com\/wp-content\/uploads\/2022\/07\/3-piece-stainless-steel-ball-valve-2-2048x2048.jpg 2048w, https:\/\/zecovalve.com\/wp-content\/uploads\/2022\/07\/3-piece-stainless-steel-ball-valve-2-400x400.jpg 400w, https:\/\/zecovalve.com\/wp-content\/uploads\/2022\/07\/3-piece-stainless-steel-ball-valve-2-600x600.jpg 600w, https:\/\/zecovalve.com\/wp-content\/uploads\/2022\/07\/3-piece-stainless-steel-ball-valve-2-100x100.jpg 100w\" sizes=\"auto, (max-width: 512px) 100vw, 512px\" \/><\/figure>\r\n<\/div>\r\n\r\n\r\n\r\n<div class=\"wp-block-column is-layout-flow wp-block-column-is-layout-flow\">\r\n<figure class=\"wp-block-image size-large is-resized\"><img loading=\"lazy\" decoding=\"async\" class=\"wp-image-19546\" src=\"https:\/\/zecovalve.com\/wp-content\/uploads\/2022\/07\/3-piece-stainless-steel-ball-valve-3-1024x1024.jpg\" alt=\"\" width=\"512\" height=\"512\" srcset=\"https:\/\/zecovalve.com\/wp-content\/uploads\/2022\/07\/3-piece-stainless-steel-ball-valve-3-1024x1024.jpg 1024w, https:\/\/zecovalve.com\/wp-content\/uploads\/2022\/07\/3-piece-stainless-steel-ball-valve-3-300x300.jpg 300w, https:\/\/zecovalve.com\/wp-content\/uploads\/2022\/07\/3-piece-stainless-steel-ball-valve-3-150x150.jpg 150w, https:\/\/zecovalve.com\/wp-content\/uploads\/2022\/07\/3-piece-stainless-steel-ball-valve-3-768x768.jpg 768w, https:\/\/zecovalve.com\/wp-content\/uploads\/2022\/07\/3-piece-stainless-steel-ball-valve-3-1536x1536.jpg 1536w, https:\/\/zecovalve.com\/wp-content\/uploads\/2022\/07\/3-piece-stainless-steel-ball-valve-3-2048x2048.jpg 2048w, https:\/\/zecovalve.com\/wp-content\/uploads\/2022\/07\/3-piece-stainless-steel-ball-valve-3-400x400.jpg 400w, https:\/\/zecovalve.com\/wp-content\/uploads\/2022\/07\/3-piece-stainless-steel-ball-valve-3-600x600.jpg 600w, https:\/\/zecovalve.com\/wp-content\/uploads\/2022\/07\/3-piece-stainless-steel-ball-valve-3-100x100.jpg 100w\" sizes=\"auto, (max-width: 512px) 100vw, 512px\" \/><\/figure>\r\n<\/div>\r\n<\/div>\r\n\r\n\r\n<div class=\"gb-button-wrapper gb-button-wrapper-6d8495a3\">\r\n\r\n\r\n<p><a class=\"gb-button gb-button-3d442e11 gb-button-text\" href=\"https:\/\/zecovalve.com\/tr\/contact\/\" target=\"_blank\" rel=\"noopener noreferrer\"><strong>VANA FI\u0307YATI ALIN<\/strong><\/a><\/p>\r\n<\/div>\r\n\r\n\r\n\r\n\r\n<h2 class=\"wp-block-heading\" id=\"h-what-is-a-3-piece-stainless-steel-ball-valve\">3 Par\u00e7al\u0131 K\u00fcresel Vana Nedir?<\/h2>\r\n\r\n\r\n\r\n<p>ZECO 3 par\u00e7al\u0131 paslanmaz \u00e7elik k\u00fcresel vana genellikle muylu k\u00fcresel vana ve y\u00fczer k\u00fcresel vanad\u0131r.<\/p>\r\n\r\n\r\n\r\n<p>3 par\u00e7al\u0131 k\u00fcresel vana, boru hatt\u0131ndaki ortam ak\u0131\u015f\u0131n\u0131 durdurmak i\u00e7in bilyeyi di\u015fli veya kol arac\u0131l\u0131\u011f\u0131yla yaln\u0131zca 90 derece d\u00f6nd\u00fcrmeye ihtiya\u00e7 duyar. Bilye g\u00f6vdesinin haznesi, s\u00fcrg\u00fcl\u00fc vana gibi, tamamen a\u00e7\u0131kken neredeyse borunun bir b\u00f6l\u00fcm\u00fc kadar s\u0131f\u0131r ak\u0131\u015f direncine yak\u0131nd\u0131r, bu da d\u00fcz bir \u00e7izgiye e\u015fde\u011ferdir. Ancak 3 par\u00e7al\u0131 k\u00fcresel vana \u00f6zel ko\u015fullar i\u00e7in \u00f6zel olarak tasarlanabildi\u011finden, k\u00fcresel vana da yava\u015f yava\u015f kesik bir vanadan ak\u0131\u015f\u0131 k\u0131sabilen ve kontrol edebilen bir vanaya d\u00f6n\u00fc\u015f\u00fcr.<\/p>\r\n\r\n\r\n\r\n<h2 class=\"wp-block-heading\">3 Par\u00e7a Paslanmaz \u00c7elik K\u00fcresel Vana Uygulamalar\u0131<\/h2>\r\n\r\n\r\n\r\n<p>ZECO 3 par\u00e7al\u0131 paslanmaz \u00e7elik k\u00fcresel vana, petrol, kimya ve do\u011fal gaz end\u00fcstrisinde yayg\u0131n olarak kullan\u0131lmaktad\u0131r ve API 6D tasar\u0131m standard\u0131n\u0131n gereksinimlerini kar\u015f\u0131lamaktad\u0131r.<\/p>\r\n\r\n\r\n\r\n<h2 class=\"wp-block-heading\" id=\"h-features-of-3-piece-stainless-steel-ball-valve\">3 Adet Paslanmaz \u00c7elik K\u00fcresel Vanan\u0131n \u00d6zellikleri:<\/h2>\r\n\r\n\r\n\r\n<ul class=\"wp-block-list\">\r\n<li>Bir vanay\u0131 \u00e7al\u0131\u015ft\u0131r\u0131rken, k\u00fcre ve s\u0131zd\u0131rmazl\u0131k y\u00fczeyi aras\u0131ndaki s\u00fcrt\u00fcnme statik y\u00fck olu\u015fturacak ve k\u00fcre \u00fczerinde birikecektir. Statik k\u0131v\u0131lc\u0131m\u0131 \u00f6nlemek i\u00e7in, statik y\u00fckleri d\u0131\u015far\u0131 atmak \u00fczere vana \u00fczerinde anti-statik cihaz tasarlanm\u0131\u015ft\u0131r;<\/li>\r\n<li>M\u00fc\u015fterinin gereksinimlerine veya \u00e7al\u0131\u015fma sistemi gereksinimlerine g\u00f6re, g\u00f6vde bir tahliye vanas\u0131 ile donat\u0131lm\u0131\u015ft\u0131r. ZECO 3 par\u00e7al\u0131 paslanmaz \u00e7elik k\u00fcresel vanan\u0131n iki taraf\u0131 bloke edildi\u011finde ve bas\u0131n\u00e7 eklendi\u011finde, bo\u015fluk i\u00e7indeki tortular tahliye edilecektir;<\/li>\r\n<li>Bo\u015flukta anormal y\u00fcksek bas\u0131n\u00e7 ortaya \u00e7\u0131kt\u0131\u011f\u0131nda, tek s\u0131zd\u0131rmazl\u0131k yap\u0131s\u0131 ZECO 3 par\u00e7al\u0131 paslanmaz \u00e7elik k\u00fcresel vana kendi kendine bas\u0131n\u00e7 tahliye i\u015flevine sahiptir; Bir vanan\u0131n duvar kal\u0131nl\u0131\u011f\u0131 korozif ama\u00e7 i\u00e7in daha kal\u0131n tasarlanm\u0131\u015ft\u0131r. Stem, muylu, g\u00f6vde yata\u011f\u0131 ve alt kapak ASTM B733 ve ASTM B656'ya g\u00f6re kaplanm\u0131\u015ft\u0131r;<\/li>\r\n<li>Kilitleme cihaz\u0131 ile tasarlanm\u0131\u015f tam a\u00e7ma \/ kapama konumu i\u00e7in manuel \u00e7al\u0131\u015ft\u0131rma, b\u00f6ylece ZECO 3 par\u00e7al\u0131 paslanmaz \u00e7elik k\u00fcresel vanay\u0131 a\u00e7mak \/ kapatmak i\u00e7in hatal\u0131 \u00e7al\u0131\u015fma ve \u00f6ng\u00f6r\u00fclemeyen hat titre\u015fimi \u00f6nlenir.<\/li>\r\n<\/ul>\r\n\r\n\r\n\r\n<h2 class=\"wp-block-heading\" id=\"h-material-of-3-piece-stainless-steel-ball-valve\">3 Adet Paslanmaz \u00c7elik K\u00fcresel Vanan\u0131n Malzemesi:<\/h2>\r\n\r\n\r\n\r\n<figure class=\"wp-block-table\">\r\n<table>\r\n<tbody>\r\n<tr>\r\n<td>Hay\u0131r<\/td>\r\n<td>Par\u00e7a<\/td>\r\n<td>Malzeme<\/td>\r\n<\/tr>\r\n<tr>\r\n<td>1<\/td>\r\n<td>V\u00fccut<\/td>\r\n<td>ASTM A351 CF8M<\/td>\r\n<\/tr>\r\n<tr>\r\n<td>2<\/td>\r\n<td>Bone<\/td>\r\n<td>ASTM A351 CF8M<\/td>\r\n<\/tr>\r\n<tr>\r\n<td>3<\/td>\r\n<td>Kaput C\u0131vatas\u0131<\/td>\r\n<td>ASTM A193 B8M<\/td>\r\n<\/tr>\r\n<tr>\r\n<td>4<\/td>\r\n<td>Kaput Somunu<\/td>\r\n<td>ASTM A194 8M<\/td>\r\n<\/tr>\r\n<tr>\r\n<td>5<\/td>\r\n<td>Kaput Contas\u0131<\/td>\r\n<td>Grafit +SS316<\/td>\r\n<\/tr>\r\n<tr>\r\n<td>6<\/td>\r\n<td>Koltuk Halkas\u0131<\/td>\r\n<td>DEVELON<\/td>\r\n<\/tr>\r\n<tr>\r\n<td>7<\/td>\r\n<td>Top<\/td>\r\n<td>ASTM A182 F316<\/td>\r\n<\/tr>\r\n<tr>\r\n<td>8<\/td>\r\n<td>K\u00f6k<\/td>\r\n<td>ASTM A276 316<\/td>\r\n<\/tr>\r\n<tr>\r\n<td>9<\/td>\r\n<td>K\u00f6k Ambalaj<\/td>\r\n<td>Grafit<\/td>\r\n<\/tr>\r\n<tr>\r\n<td>10<\/td>\r\n<td>Bez<\/td>\r\n<td>ASTM A351 CF8M<\/td>\r\n<\/tr>\r\n<tr>\r\n<td>11<\/td>\r\n<td>Durdurma Tasmas\u0131<\/td>\r\n<td>ANSI 1025<\/td>\r\n<\/tr>\r\n<\/tbody>\r\n<\/table>\r\n<\/figure>","protected":false},"excerpt":{"rendered":"<p>3 Par\u00e7al\u0131 K\u00fcresel Vana, kolay temizlik i\u00e7in s\u00f6k\u00fclebilecek \u015fekilde tasarlanm\u0131\u015ft\u0131r. 3 Par\u00e7al\u0131 K\u00fcresel Vana Nedir? ZECO 3\u2026 <a title=\"3 Par\u00e7a Paslanmaz \u00c7elik K\u00fcresel Vana\" class=\"read-more\" href=\"https:\/\/zecovalve.com\/tr\/urun\/3pc-ball-valve\" aria-label=\"3 Par\u00e7al\u0131 Paslanmaz \u00c7elik K\u00fcresel Vana hakk\u0131nda daha fazla bilgi\">Daha fazla bilgi edinin<\/a><\/p>","protected":false},"featured_media":27862,"comment_status":"closed","ping_status":"closed","template":"","meta":{"_generate-full-width-content":"","kt_blocks_editor_width":""},"product_cat":[2047],"product_tag":[3089,3254,2658,3914,3244,2832],"class_list":["post-16468","product","type-product","status-publish","has-post-thumbnail","hentry","product_cat-ball-valve","product_tag-3-piece-ball-valve","product_tag-ball-valve-stainless-steel","product_tag-isolation-valve","product_tag-reduced-bore-ball-valve","product_tag-stainless-ball-valve","product_tag-stainless-steel-ball-valve","sales-flash-overlay","woocommerce-text-align-center","woocommerce-image-align-center","do-quantity-buttons"],"featured_image_src_large":["https:\/\/zecovalve.com\/wp-content\/uploads\/2022\/06\/3-Piece-Stainless-Steel-Ball-Valve.jpg",800,600,false],"author_info":[],"comment_info":0,"taxonomy_info":{"product_cat":[{"value":2047,"label":"Ball Valve"}],"product_tag":[{"value":3089,"label":"3 Piece Ball Valve"},{"value":3254,"label":"Ball Valve Stainless Steel"},{"value":2658,"label":"Isolation Valve"},{"value":3914,"label":"Reduced Bore Ball Valve"},{"value":3244,"label":"Stainless Ball Valve"},{"value":2832,"label":"Stainless Steel Ball Valve"}]},"yoast_head":"<!-- This site is optimized with the Yoast SEO Premium plugin v15.4 - https:\/\/yoast.com\/wordpress\/plugins\/seo\/ -->\n<title>3 Piece Stainless Steel Ball Valve - 3 Piece Ball Valve | ZECO Valve<\/title>\n<meta name=\"robots\" content=\"index, follow, max-snippet:-1, max-image-preview:large, max-video-preview:-1\" \/>\n<link rel=\"canonical\" href=\"https:\/\/zecovalve.com\/tr\/urun\/3pc-ball-valve\" \/>\n<meta property=\"og:locale\" content=\"tr_TR\" \/>\n<meta property=\"og:type\" content=\"article\" \/>\n<meta property=\"og:title\" content=\"3 Piece Stainless Steel Ball Valve - 3 Piece Ball Valve | ZECO Valve\" \/>\n<meta property=\"og:description\" content=\"3 Piece Ball Valve is designed to be taken apart for easy cleaning. What is a 3 Piece Ball Valve? ZECO 3 ... Read more\" \/>\n<meta property=\"og:url\" content=\"https:\/\/zecovalve.com\/tr\/urun\/3pc-ball-valve\" \/>\n<meta property=\"og:site_name\" content=\"ZECO Valve\" \/>\n<meta property=\"article:modified_time\" content=\"2023-06-07T07:07:23+00:00\" \/>\n<meta property=\"og:image\" content=\"https:\/\/zecovalve.com\/wp-content\/uploads\/2022\/06\/3-Piece-Stainless-Steel-Ball-Valve.jpg\" \/>\n\t<meta property=\"og:image:width\" content=\"800\" \/>\n\t<meta property=\"og:image:height\" content=\"600\" \/>\n<meta name=\"twitter:card\" content=\"summary_large_image\" \/>\n<meta name=\"twitter:label1\" content=\"Yazan:\">\n\t<meta name=\"twitter:data1\" content=\"Jerry\">\n\t<meta name=\"twitter:label2\" content=\"Tahmini okuma s\u00fcresi\">\n\t<meta name=\"twitter:data2\" content=\"2 dakika\">\n<script type=\"application\/ld+json\" class=\"yoast-schema-graph\">{\"@context\":\"https:\/\/schema.org\",\"@graph\":[{\"@type\":\"WebSite\",\"@id\":\"https:\/\/zecovalve.com\/#website\",\"url\":\"https:\/\/zecovalve.com\/\",\"name\":\"ZECO Valve\",\"description\":\"Industrial Ball Valve, Gate Valve and Globe Valve Manufacturer\",\"potentialAction\":[{\"@type\":\"SearchAction\",\"target\":\"https:\/\/zecovalve.com\/?s={search_term_string}\",\"query-input\":\"required name=search_term_string\"}],\"inLanguage\":\"tr\"},{\"@type\":\"ImageObject\",\"@id\":\"https:\/\/zecovalve.com\/product\/3pc-ball-valve#primaryimage\",\"inLanguage\":\"tr\",\"url\":\"https:\/\/zecovalve.com\/wp-content\/uploads\/2022\/06\/3-Piece-Stainless-Steel-Ball-Valve.jpg\",\"width\":800,\"height\":600,\"caption\":\"3 Piece Stainless Steel Ball Valve\"},{\"@type\":\"WebPage\",\"@id\":\"https:\/\/zecovalve.com\/product\/3pc-ball-valve#webpage\",\"url\":\"https:\/\/zecovalve.com\/product\/3pc-ball-valve\",\"name\":\"3 Piece Stainless Steel Ball Valve - 3 Piece Ball Valve | ZECO Valve\",\"isPartOf\":{\"@id\":\"https:\/\/zecovalve.com\/#website\"},\"primaryImageOfPage\":{\"@id\":\"https:\/\/zecovalve.com\/product\/3pc-ball-valve#primaryimage\"},\"datePublished\":\"2022-06-21T06:25:05+00:00\",\"dateModified\":\"2023-06-07T07:07:23+00:00\",\"breadcrumb\":{\"@id\":\"https:\/\/zecovalve.com\/product\/3pc-ball-valve#breadcrumb\"},\"inLanguage\":\"tr\",\"potentialAction\":[{\"@type\":\"ReadAction\",\"target\":[\"https:\/\/zecovalve.com\/product\/3pc-ball-valve\"]}]},{\"@type\":\"BreadcrumbList\",\"@id\":\"https:\/\/zecovalve.com\/product\/3pc-ball-valve#breadcrumb\",\"itemListElement\":[{\"@type\":\"ListItem\",\"position\":1,\"item\":{\"@type\":\"WebPage\",\"@id\":\"https:\/\/zecovalve.com\/\",\"url\":\"https:\/\/zecovalve.com\/\",\"name\":\"Home\"}},{\"@type\":\"ListItem\",\"position\":2,\"item\":{\"@type\":\"WebPage\",\"@id\":\"https:\/\/zecovalve.com\/product-category\",\"url\":\"https:\/\/zecovalve.com\/product-category\",\"name\":\"Industrial Valve Manufacturer | Water Valve Manufacturer\"}},{\"@type\":\"ListItem\",\"position\":3,\"item\":{\"@type\":\"WebPage\",\"@id\":\"https:\/\/zecovalve.com\/product\/3pc-ball-valve\",\"url\":\"https:\/\/zecovalve.com\/product\/3pc-ball-valve\",\"name\":\"3 Piece Stainless Steel Ball Valve\"}}]}]}<\/script>\n<!-- \/ Yoast SEO Premium plugin. -->","_links":{"self":[{"href":"https:\/\/zecovalve.com\/tr\/wp-json\/wp\/v2\/product\/16468","targetHints":{"allow":["GET"]}}],"collection":[{"href":"https:\/\/zecovalve.com\/tr\/wp-json\/wp\/v2\/product"}],"about":[{"href":"https:\/\/zecovalve.com\/tr\/wp-json\/wp\/v2\/types\/product"}],"replies":[{"embeddable":true,"href":"https:\/\/zecovalve.com\/tr\/wp-json\/wp\/v2\/comments?post=16468"}],"wp:featuredmedia":[{"embeddable":true,"href":"https:\/\/zecovalve.com\/tr\/wp-json\/wp\/v2\/media\/27862"}],"wp:attachment":[{"href":"https:\/\/zecovalve.com\/tr\/wp-json\/wp\/v2\/media?parent=16468"}],"wp:term":[{"taxonomy":"product_cat","embeddable":true,"href":"https:\/\/zecovalve.com\/tr\/wp-json\/wp\/v2\/product_cat?post=16468"},{"taxonomy":"product_tag","embeddable":true,"href":"https:\/\/zecovalve.com\/tr\/wp-json\/wp\/v2\/product_tag?post=16468"}],"curies":[{"name":"wp","href":"https:\/\/api.w.org\/{rel}","templated":true}]}}