{"id":16513,"date":"2022-06-21T06:54:43","date_gmt":"2022-06-21T06:54:43","guid":{"rendered":"https:\/\/zecovalve.com\/?post_type=product&#038;p=16513"},"modified":"2022-08-19T06:06:54","modified_gmt":"2022-08-19T06:06:54","slug":"high-performance-butterfly-valve","status":"publish","type":"product","link":"https:\/\/zecovalve.com\/tr\/urun\/high-performance-butterfly-valve","title":{"rendered":"Y\u00fcksek Performansl\u0131 Kelebek Vana"},"content":{"rendered":"<figure class=\"wp-block-image alignnone size-medium wp-image-16514\"><img loading=\"lazy\" decoding=\"async\" width=\"300\" height=\"225\" class=\"wp-image-16514\" src=\"https:\/\/zecovalve.com\/wp-content\/uploads\/2022\/06\/high-performance-butterfly-valve-300x225.jpg\" alt=\"Y\u00fcksek Performansl\u0131 Kelebek Vana\" srcset=\"https:\/\/zecovalve.com\/wp-content\/uploads\/2022\/06\/high-performance-butterfly-valve-300x225.jpg 300w, https:\/\/zecovalve.com\/wp-content\/uploads\/2022\/06\/high-performance-butterfly-valve-768x576.jpg 768w, https:\/\/zecovalve.com\/wp-content\/uploads\/2022\/06\/high-performance-butterfly-valve-600x450.jpg 600w, https:\/\/zecovalve.com\/wp-content\/uploads\/2022\/06\/high-performance-butterfly-valve.jpg 800w\" sizes=\"auto, (max-width: 300px) 100vw, 300px\" \/><\/figure>\r\n\r\n\r\n\r\n\r\n<div class=\"gb-button-wrapper gb-button-wrapper-6d8495a3\">\r\n\r\n<a class=\"gb-button gb-button-3d442e11 gb-button-text\" href=\"https:\/\/zecovalve.com\/tr\/contact\/\" target=\"_blank\" rel=\"noopener noreferrer\"><strong>Y\u00dcKSEK PERFORMANSLI KELEBEK VANA FIYATI ALIN<\/strong><\/a>\r\n\r\n<\/div>\r\n\r\n\r\n<h2 class=\"wp-block-heading\" id=\"h-what-is-a-high-performance-butterfly-valve\">Y\u00fcksek Performansl\u0131 Kelebek Vana Nedir?<\/h2>\r\n\r\n\r\n\r\n\r\nY\u00fcksek Performansl\u0131 Kelebek Vana, geli\u015fmi\u015f d\u00fcnya lideri teknolojiye sahip yenilik\u00e7i bir \u00e7ift ofset tasar\u0131m \u00fcr\u00fcn\u00fcd\u00fcr. Bu kelebek vana, ultra g\u00fcvenilir s\u0131zd\u0131rmazl\u0131k performans\u0131, geni\u015f \u00e7al\u0131\u015fma ko\u015fullar\u0131 ve d\u00fc\u015f\u00fck \u00e7al\u0131\u015fma torku ile benzersiz bir yap\u0131ya sahiptir.\r\n\r\n\r\n\r\n\r\n<h2 class=\"wp-block-heading\">Y\u00fcksek Performansl\u0131 Kelebek Vanalar\u0131n \u00d6zellikleri<\/h2>\r\n\r\n\r\n\r\n<figure class=\"wp-block-table is-style-stripes\">\r\n<table>\r\n<tbody>\r\n<tr>\r\n<td>\u0130sim<\/td>\r\n<td>\u00a0Y\u00fcksek performansl\u0131 kelebek vana<\/td>\r\n<\/tr>\r\n<tr>\r\n<td>Tasar\u0131m<\/td>\r\n<td>\u00a0API 609\/ASME B16.34<\/td>\r\n<\/tr>\r\n<tr>\r\n<td>U\u00e7 Ba\u011flant\u0131s\u0131<\/td>\r\n<td>\u00a0Wafer\/Lug\/\u00c7ift flan\u015fl\u0131<\/td>\r\n<\/tr>\r\n<tr>\r\n<td>Operasyon<\/td>\r\n<td>\u00a0Manuel\/Pn\u00f6matik\/Elektrikli<\/td>\r\n<\/tr>\r\n<tr>\r\n<td>Boyut Aral\u0131\u011f\u0131<\/td>\r\n<td>\u00a0NPS 2\u2033-60\u2033 (DN50-DN1500)<\/td>\r\n<\/tr>\r\n<tr>\r\n<td>Bas\u0131n\u00e7 Derecesi<\/td>\r\n<td>\u00a0ASME Class150-300-600(PN16-PN25-PN40)<\/td>\r\n<\/tr>\r\n<tr>\r\n<td>G\u00f6vde Malzemesi<\/td>\r\n<td>\u00a0Karbon \u00e7eli\u011fi, Paslanmaz \u00e7elik, Ala\u015f\u0131ml\u0131 \u00e7elik, Dubleks paslanmaz \u00e7elik<\/td>\r\n<\/tr>\r\n<tr>\r\n<td>Koltuk Malzemesi<\/td>\r\n<td>\u00a0PTFE, RPTFE, PPL<\/td>\r\n<\/tr>\r\n<tr>\r\n<td>S\u0131cakl\u0131k<\/td>\r\n<td>\u00a0-29\u2103 ila 250\u2103<\/td>\r\n<\/tr>\r\n<\/tbody>\r\n<\/table>\r\n<\/figure>\r\n\r\n\r\n\r\n<h2 class=\"wp-block-heading\" id=\"h-features-of-high-performance-butterfly-valve\">Y\u00fcksek Performansl\u0131 Kelebek Vana \u00d6zellikleri:<\/h2>\r\n\r\n\r\n\r\n<ul class=\"wp-block-list\">\r\n \t<li>ZECO y\u00fcksek performansl\u0131 kelebek vanan\u0131n esnek yatak tasar\u0131m\u0131, a\u015f\u0131nma ve d\u00fc\u015f\u00fck tork gereksinimleri ile saha i\u00e7in daha optimize bir \u00e7\u00f6z\u00fcm sa\u011flamak ve \u00f6zel aletlere ihtiya\u00e7 duymadan yatak hasar\u0131ndan sonra yata\u011f\u0131 kolayca de\u011fi\u015ftirmek i\u00e7in tasarlanm\u0131\u015ft\u0131r;<\/li>\r\n \t<li>ZECO y\u00fcksek performansl\u0131 kelebek vana, diskin \u00fcst\u00fcndeki ve alt\u0131ndaki g\u00f6vdede kompozit yataklarla donat\u0131lm\u0131\u015ft\u0131r. Kompozit rulmanlar PTFE ve epoksi filament sarg\u0131s\u0131na sahiptir, bu da anahtardaki torku azalt\u0131r ve daha uzun hizmet i\u00e7in g\u00f6vde ile g\u00f6vde aras\u0131ndaki a\u015f\u0131nmay\u0131 azalt\u0131r;<\/li>\r\n \t<li>ZECO y\u00fcksek performansl\u0131 kelebek vanan\u0131n yanmaz \u00e7ift y\u00f6nl\u00fc esnek yatak tasar\u0131m\u0131, normal \u00e7al\u0131\u015fma s\u0131ras\u0131nda vanan\u0131n s\u0131f\u0131r s\u0131z\u0131nt\u0131 yapmas\u0131n\u0131 sa\u011flar. Yang\u0131n sonras\u0131nda yuvan\u0131n metal-metal s\u0131zd\u0131rmazl\u0131\u011f\u0131, end\u00fcstrinin \"yang\u0131n g\u00fcvenli\u011fi\" spesifikasyonunu kar\u015f\u0131lar veya a\u015far;<\/li>\r\n \t<li>ZECO y\u00fcksek performansl\u0131 kelebek vanan\u0131n salmastra flan\u015f\u0131 tasar\u0131m\u0131, harici s\u0131z\u0131nt\u0131y\u0131 \u00f6nlemek i\u00e7in salmastra bilezi\u011fine kar\u015f\u0131 y\u00fck uygular. Tamamen ayarlanabilir.<\/li>\r\n \t<li>\u00c7ok \u00e7e\u015fitli akt\u00fcat\u00f6rlerin, kollar\u0131n ve di\u015flilerin do\u011frudan montaj\u0131 i\u00e7in ISO 5211 \u00fcst plaka<\/li>\r\n \t<li>Ayarlanabilir g\u00f6vde salmastras\u0131, akt\u00fcat\u00f6r\u00fc \u00e7\u0131karmadan kolay eri\u015fim sa\u011flayan a\u015fa\u011f\u0131 \u00e7ekme rakoruna sahiptir<\/li>\r\n \t<li>Te\u011fetsel kama pimleri g\u00f6vdenin merkezinden kayd\u0131r\u0131larak kesme yerine s\u0131k\u0131\u015ft\u0131rma i\u015flemine tabi tutulur<\/li>\r\n \t<li>Disk durdurucu, diskin yanl\u0131\u015f y\u00f6nde d\u00f6nmesini ve olas\u0131 yuva hasar\u0131n\u0131 \u00f6nlemek i\u00e7in tasarlanm\u0131\u015ft\u0131r<\/li>\r\n \t<li>Tutucu klips patlamaya dayan\u0131kl\u0131 g\u00f6vde sa\u011flar<\/li>\r\n \t<li>Bir dizi Belleville yay\u0131 ile canl\u0131 y\u00fckl\u00fc g\u00f6vde conta sistemi. Rocker \u015fekilli salmastra k\u00f6pr\u00fcs\u00fc, salmastra c\u0131vatalar\u0131n\u0131n d\u00fczensiz ayarlanmas\u0131n\u0131 telafi eder<\/li>\r\n \t<li>\"Bear-X\" rulman m\u00fckemmel termal, kimyasal ve a\u015f\u0131nma direncine sahiptir<\/li>\r\n \t<li>Uzat\u0131lm\u0131\u015f boyunlu tek par\u00e7a g\u00f6vde<\/li>\r\n \t<li>Kendinden enerji veren esnek dudakl\u0131 conta yumu\u015fak yuva tasar\u0131m\u0131. Yang\u0131na kar\u015f\u0131 g\u00fcvenli metal koltuk tasar\u0131m\u0131nda iki temas noktas\u0131<\/li>\r\n<\/ul>\r\n\r\n\r\n\r\n<h2 class=\"wp-block-heading\">Y\u00fcksek Performansl\u0131 Kelebek Vana Uygulamalar\u0131<\/h2>\r\n\r\n\r\n\r\n\r\nY\u00fcksek Performansl\u0131 Kelebek Vanalar, d\u00fcnya \u00e7ap\u0131nda kimya, hidrokarbon i\u015fleme, ka\u011f\u0131t hamuru ve ka\u011f\u0131t, su ve at\u0131k su ve HVAC end\u00fcstrilerindeki uygulamalar i\u00e7in \u00f6zel olarak tasarlanm\u0131\u015ft\u0131r. Vana, proses end\u00fcstrilerinin toplam sahip olma maliyetini azalt\u0131rken ola\u011fan\u00fcst\u00fc performans sa\u011flayan \u00fcr\u00fcnlere ihtiya\u00e7 duydu\u011fu anlay\u0131\u015f\u0131yla tasarlanm\u0131\u015ft\u0131r.\r\n\r\n\r\n\r\n\r\n<h2 class=\"wp-block-heading\" id=\"h-high-performance-butterfly-valve-manufacturers\">Y\u00fcksek Performansl\u0131 Kelebek Vana \u00dcreticileri<\/h2>\r\n\r\n\r\n\r\n\r\nZECO Vana, d\u00fcnyan\u0131n \u00f6nde gelen y\u00fcksek performansl\u0131 kelebek vana \u00fcreticilerinden biridir. Uzun y\u0131llara dayanan ara\u015ft\u0131rma, geli\u015ftirme ve saha deneyimine dayanan ZECO tasar\u0131m\u0131, di\u011fer \u00fcreticiler taraf\u0131ndan sunulan y\u00fcksek performansl\u0131 kelebek vana tasar\u0131m\u0131ndan daha \u00fcst\u00fcn ve \u00e7ok y\u00f6nl\u00fcd\u00fcr. ZECO \u00fcr\u00fcnleri ISO9001 kalite y\u00f6netim sistemi alt\u0131nda \u00fcretilmektedir. Her \u00fcretim s\u00fcreci, her vanan\u0131n uluslararas\u0131 standartlar\u0131 veya kullan\u0131c\u0131 gereksinimlerini kar\u015f\u0131lamas\u0131n\u0131 veya a\u015fmas\u0131n\u0131 sa\u011flamak i\u00e7in ilgili y\u00f6netim sistemi belgelerine ve y\u00f6netim sistemi prosed\u00fcrlerine sahiptir. ZECO y\u00fcksek performansl\u0131 kelebek vana, petrol ve gaz i\u015fleme, \u0131s\u0131tma, enerji, su ve at\u0131k su ar\u0131tma end\u00fcstrileri i\u00e7in olgun bir \u00fcr\u00fcnd\u00fcr, \u00f6zellikle zorlu ortamlar ve nominal bas\u0131n\u00e7 ve s\u0131cakl\u0131k derecesi gerektiren end\u00fcstriyel uygulamalar i\u00e7in uygundur. ZECO, hizmet verdi\u011fi sekt\u00f6rlerde \u00fcst\u00fcn kalite kay\u0131tlar\u0131 ve h\u0131zl\u0131 teslimat s\u00fcreleri ile y\u00fcksek performansl\u0131 kelebek vanalarda profesyonel \u00fcretim deneyimine sahiptir.","protected":false},"excerpt":{"rendered":"<p>Y\u00fcksek Performansl\u0131 Kelebek Vana Nedir? Y\u00fcksek Performansl\u0131 Kelebek Vana, ileri d\u00fcnya lideri teknolojiye sahip, yenilik\u00e7i, \u00e7ift ofset tasar\u0131ml\u0131 bir \u00fcr\u00fcnd\u00fcr. \u2026 <a title=\"Y\u00fcksek Performansl\u0131 Kelebek Vana\" class=\"read-more\" href=\"https:\/\/zecovalve.com\/tr\/urun\/high-performance-butterfly-valve\" aria-label=\"Y\u00fcksek Performansl\u0131 Kelebek Vana hakk\u0131nda daha fazla bilgi\">Daha fazla bilgi edinin<\/a><\/p>","protected":false},"featured_media":16514,"comment_status":"closed","ping_status":"closed","template":"","meta":{"_generate-full-width-content":"","kt_blocks_editor_width":""},"product_cat":[2044,2467],"product_tag":[],"class_list":["post-16513","product","type-product","status-publish","has-post-thumbnail","hentry","product_cat-butterfly-valve","product_cat-butterfly-valve-by-form","sales-flash-overlay","woocommerce-text-align-center","woocommerce-image-align-center","do-quantity-buttons"],"featured_image_src_large":["https:\/\/zecovalve.com\/wp-content\/uploads\/2022\/06\/high-performance-butterfly-valve.jpg",800,600,false],"author_info":[],"comment_info":0,"taxonomy_info":{"product_cat":[{"value":2044,"label":"Butterfly Valve"},{"value":2467,"label":"Butterfly Valve By Form"}]},"yoast_head":"<!-- This site is optimized with the Yoast SEO Premium plugin v15.4 - https:\/\/yoast.com\/wordpress\/plugins\/seo\/ -->\n<title>High Performance Butterfly Valve Manufacturers | ZECO Valve<\/title>\n<meta name=\"robots\" content=\"index, follow, max-snippet:-1, max-image-preview:large, max-video-preview:-1\" \/>\n<link rel=\"canonical\" href=\"https:\/\/zecovalve.com\/tr\/urun\/high-performance-butterfly-valve\" \/>\n<meta property=\"og:locale\" content=\"tr_TR\" \/>\n<meta property=\"og:type\" content=\"article\" \/>\n<meta property=\"og:title\" content=\"High Performance Butterfly Valve Manufacturers | ZECO Valve\" \/>\n<meta property=\"og:description\" content=\"What is a High Performance Butterfly Valve? Hgh Performance Butterfly Valve is an innovative double offset design product with advanced world-leading technology. ... Read more\" \/>\n<meta property=\"og:url\" content=\"https:\/\/zecovalve.com\/tr\/urun\/high-performance-butterfly-valve\" \/>\n<meta property=\"og:site_name\" content=\"ZECO Valve\" \/>\n<meta property=\"article:modified_time\" content=\"2022-08-19T06:06:54+00:00\" \/>\n<meta property=\"og:image\" content=\"https:\/\/zecovalve.com\/wp-content\/uploads\/2022\/06\/high-performance-butterfly-valve.jpg\" \/>\n\t<meta property=\"og:image:width\" content=\"800\" \/>\n\t<meta property=\"og:image:height\" content=\"600\" \/>\n<meta name=\"twitter:card\" content=\"summary_large_image\" \/>\n<meta name=\"twitter:label1\" content=\"Yazan:\">\n\t<meta name=\"twitter:data1\" content=\"Jerry\">\n\t<meta name=\"twitter:label2\" content=\"Tahmini okuma s\u00fcresi\">\n\t<meta name=\"twitter:data2\" content=\"2 dakika\">\n<script type=\"application\/ld+json\" class=\"yoast-schema-graph\">{\"@context\":\"https:\/\/schema.org\",\"@graph\":[{\"@type\":\"WebSite\",\"@id\":\"https:\/\/zecovalve.com\/#website\",\"url\":\"https:\/\/zecovalve.com\/\",\"name\":\"ZECO Valve\",\"description\":\"Industrial Ball Valve, Gate Valve and Globe Valve Manufacturer\",\"potentialAction\":[{\"@type\":\"SearchAction\",\"target\":\"https:\/\/zecovalve.com\/?s={search_term_string}\",\"query-input\":\"required name=search_term_string\"}],\"inLanguage\":\"tr\"},{\"@type\":\"ImageObject\",\"@id\":\"https:\/\/zecovalve.com\/product\/high-performance-butterfly-valve#primaryimage\",\"inLanguage\":\"tr\",\"url\":\"https:\/\/zecovalve.com\/wp-content\/uploads\/2022\/06\/high-performance-butterfly-valve.jpg\",\"width\":800,\"height\":600,\"caption\":\"High Performance Butterfly Valve\"},{\"@type\":\"WebPage\",\"@id\":\"https:\/\/zecovalve.com\/product\/high-performance-butterfly-valve#webpage\",\"url\":\"https:\/\/zecovalve.com\/product\/high-performance-butterfly-valve\",\"name\":\"High Performance Butterfly Valve Manufacturers | ZECO Valve\",\"isPartOf\":{\"@id\":\"https:\/\/zecovalve.com\/#website\"},\"primaryImageOfPage\":{\"@id\":\"https:\/\/zecovalve.com\/product\/high-performance-butterfly-valve#primaryimage\"},\"datePublished\":\"2022-06-21T06:54:43+00:00\",\"dateModified\":\"2022-08-19T06:06:54+00:00\",\"breadcrumb\":{\"@id\":\"https:\/\/zecovalve.com\/product\/high-performance-butterfly-valve#breadcrumb\"},\"inLanguage\":\"tr\",\"potentialAction\":[{\"@type\":\"ReadAction\",\"target\":[\"https:\/\/zecovalve.com\/product\/high-performance-butterfly-valve\"]}]},{\"@type\":\"BreadcrumbList\",\"@id\":\"https:\/\/zecovalve.com\/product\/high-performance-butterfly-valve#breadcrumb\",\"itemListElement\":[{\"@type\":\"ListItem\",\"position\":1,\"item\":{\"@type\":\"WebPage\",\"@id\":\"https:\/\/zecovalve.com\/\",\"url\":\"https:\/\/zecovalve.com\/\",\"name\":\"Home\"}},{\"@type\":\"ListItem\",\"position\":2,\"item\":{\"@type\":\"WebPage\",\"@id\":\"https:\/\/zecovalve.com\/product-category\",\"url\":\"https:\/\/zecovalve.com\/product-category\",\"name\":\"Industrial Valve Manufacturer | Water Valve Manufacturer\"}},{\"@type\":\"ListItem\",\"position\":3,\"item\":{\"@type\":\"WebPage\",\"@id\":\"https:\/\/zecovalve.com\/product\/high-performance-butterfly-valve\",\"url\":\"https:\/\/zecovalve.com\/product\/high-performance-butterfly-valve\",\"name\":\"High Performance Butterfly Valve\"}}]}]}<\/script>\n<!-- \/ Yoast SEO Premium plugin. -->","_links":{"self":[{"href":"https:\/\/zecovalve.com\/tr\/wp-json\/wp\/v2\/product\/16513","targetHints":{"allow":["GET"]}}],"collection":[{"href":"https:\/\/zecovalve.com\/tr\/wp-json\/wp\/v2\/product"}],"about":[{"href":"https:\/\/zecovalve.com\/tr\/wp-json\/wp\/v2\/types\/product"}],"replies":[{"embeddable":true,"href":"https:\/\/zecovalve.com\/tr\/wp-json\/wp\/v2\/comments?post=16513"}],"wp:featuredmedia":[{"embeddable":true,"href":"https:\/\/zecovalve.com\/tr\/wp-json\/wp\/v2\/media\/16514"}],"wp:attachment":[{"href":"https:\/\/zecovalve.com\/tr\/wp-json\/wp\/v2\/media?parent=16513"}],"wp:term":[{"taxonomy":"product_cat","embeddable":true,"href":"https:\/\/zecovalve.com\/tr\/wp-json\/wp\/v2\/product_cat?post=16513"},{"taxonomy":"product_tag","embeddable":true,"href":"https:\/\/zecovalve.com\/tr\/wp-json\/wp\/v2\/product_tag?post=16513"}],"curies":[{"name":"wp","href":"https:\/\/api.w.org\/{rel}","templated":true}]}}