{"id":16515,"date":"2022-06-21T06:56:11","date_gmt":"2022-06-21T06:56:11","guid":{"rendered":"https:\/\/zecovalve.com\/?post_type=product&#038;p=16515"},"modified":"2022-09-01T00:49:59","modified_gmt":"2022-09-01T00:49:59","slug":"6-inch-butterfly-valve","status":"publish","type":"product","link":"https:\/\/zecovalve.com\/tr\/urun\/6-inch-butterfly-valve","title":{"rendered":"6 in\u00e7 Gofret Tipi Kelebek Vana"},"content":{"rendered":"<p>Butterflly vana 6 in\u00e7, vana boyutunun 6 in\u00e7 oldu\u011fu ve DN cinsinden DN150 oldu\u011fu anlam\u0131na gelir.<\/p>\r\n\r\n\r\n\r\n<figure class=\"wp-block-image size-full\"><img loading=\"lazy\" decoding=\"async\" width=\"391\" height=\"298\" class=\"wp-image-11857\" src=\"https:\/\/zecovalve.com\/wp-content\/uploads\/2022\/01\/20220104161938-61d4739ab54a2.jpg\" alt=\"\" srcset=\"https:\/\/zecovalve.com\/wp-content\/uploads\/2022\/01\/20220104161938-61d4739ab54a2.jpg 391w, https:\/\/zecovalve.com\/wp-content\/uploads\/2022\/01\/20220104161938-61d4739ab54a2-300x229.jpg 300w\" sizes=\"auto, (max-width: 391px) 100vw, 391px\" \/><\/figure>\r\n\r\n\r\n<div class=\"gb-button-wrapper gb-button-wrapper-6d8495a3\">\r\n\r\n\r\n<p><a class=\"gb-button gb-button-3d442e11 gb-button-text\" href=\"mailto:commercial@zecovalve.com\" target=\"_blank\" rel=\"noopener noreferrer\"><strong>6 IN\u00c7 KELEBEK VANA FIYATI ALIN<\/strong><\/a><\/p>\r\n<\/div>\r\n\r\n\r\n\r\n\r\n<h2 class=\"wp-block-heading\" id=\"h-what-is-a-6-inch-wafer-type-butterfly-valve\">6 \u0130n\u00e7 Gofret Tipi Kelebek Vana Nedir?<\/h2>\r\n\r\n\r\n\r\n<p>Hava, ya\u011f ve yap\u0131 malzemeleriyle uyumlu di\u011fer ortamlar\u0131n a\u00e7ma-kapama kontrol\u00fc i\u00e7in 6 in\u00e7 kelebek vana. Wafer tarz\u0131 vana sandvi\u00e7i, m\u00fc\u015fteri taraf\u0131ndan tedarik edilen ANSI \/ASME S\u0131n\u0131f 150 ve di\u011fer uluslararas\u0131 standart flan\u015flar aras\u0131na monte edilir.<\/p>\r\n\r\n\r\n\r\n<h2 class=\"wp-block-heading\">Boyutlar ve A\u011f\u0131rl\u0131k 6 Kelebek Vana<\/h2>\r\n\r\n\r\n\r\n<table border=\"=1\" width=\"800\">\r\n<tbody>\r\n<tr>\r\n<td rowspan=\"2\">Bas\u0131n\u00e7 Derecesi<\/td>\r\n<td style=\"text-align: center;\" colspan=\"4\">\u00a0Y\u00fcz Y\u00fcze Boyut (mm cinsinden)<\/td>\r\n<td style=\"text-align: center;\">A\u011f\u0131rl\u0131k<\/td>\r\n<\/tr>\r\n<tr>\r\n<td style=\"text-align: center;\">RF Uzun Desen<\/td>\r\n<td style=\"text-align: center;\">RF K\u0131sa Desen<\/td>\r\n<td style=\"text-align: center;\">Gofret Tipi<\/td>\r\n<td style=\"text-align: center;\">Pabu\u00e7 Tipi<\/td>\r\n<td style=\"text-align: center;\">kg<\/td>\r\n<\/tr>\r\n<tr>\r\n<td>SINIF 150<\/td>\r\n<td style=\"text-align: center;\">267<\/td>\r\n<td style=\"text-align: center;\">140<\/td>\r\n<td style=\"text-align: center;\">57<\/td>\r\n<td style=\"text-align: center;\">57<\/td>\r\n<td style=\"text-align: center;\">65<\/td>\r\n<\/tr>\r\n<tr>\r\n<td>SINIF 300<\/td>\r\n<td style=\"text-align: center;\">403<\/td>\r\n<td style=\"text-align: center;\">210<\/td>\r\n<td style=\"text-align: center;\">59<\/td>\r\n<td style=\"text-align: center;\">59<\/td>\r\n<td style=\"text-align: center;\">90<\/td>\r\n<\/tr>\r\n<tr>\r\n<td>SINIF 600<\/td>\r\n<td style=\"text-align: center;\">559<\/td>\r\n<td style=\"text-align: center;\">210<\/td>\r\n<td style=\"text-align: center;\">78<\/td>\r\n<td style=\"text-align: center;\">78<\/td>\r\n<td style=\"text-align: center;\">170<\/td>\r\n<\/tr>\r\n<\/tbody>\r\n<\/table>\r\n\r\n\r\n\r\n<h2 class=\"wp-block-heading\">Kelebek Vana Montaj\u0131 6 in\u00e7<\/h2>\r\n\r\n\r\n\r\n<p>ZECO, 6 in\u00e7 kelebek vanan\u0131n y\u00fcksek performans\u0131n\u0131 ve uzun hizmet \u00f6mr\u00fcn\u00fc sa\u011flamak i\u00e7in ayr\u0131nt\u0131l\u0131 kurulum talimatlar\u0131 sa\u011flar. Boru flan\u015flar\u0131n\u0131n ve vanalar\u0131n kapasitesi contalar\u0131n deformasyonuna ba\u011fl\u0131d\u0131r. C\u0131vatalaman\u0131n etki kuvveti sadece ba\u011flant\u0131y\u0131 gev\u015fetme kuvvetine direnmekle kalmaz, ayn\u0131 zamanda gerekli s\u0131k\u0131\u015ft\u0131rma gerilimini de korur. Kuvvetin conta y\u00fck\u00fcn\u00fc ve bas\u0131n\u00e7 y\u00fck\u00fcn\u00fc a\u015fmad\u0131\u011f\u0131na dikkat edin.<\/p>\r\n\r\n\r\n\r\n<p>\u0130yi bir ba\u011flant\u0131 sa\u011flamak i\u00e7in a\u015fa\u011f\u0131daki talimatlara dikkat edilmelidir.<\/p>\r\n\r\n\r\n\r\n<ul class=\"wp-block-list\">\r\n<li>Flan\u015f y\u00fczeyini kontrol edin, herhangi bir kusur s\u0131z\u0131nt\u0131, oluk veya bask\u0131 g\u00f6r\u00fcl\u00fcrse, montajdan \u00f6nce onar\u0131n;<\/li>\r\n<li>D\u00f6kme demir flan\u015f\u0131n montaj talepleri sfero d\u00f6k\u00fcm demire g\u00f6re daha fazlad\u0131r. \u00d6ng\u00f6r\u00fclen gerilimi a\u015fma olas\u0131l\u0131\u011f\u0131n\u0131n a\u015f\u0131r\u0131 \u00f6n s\u0131k\u0131\u015ft\u0131rma flan\u015f\u0131n\u0131n bir sonucu olarak azaltmak i\u00e7in d\u00fc\u015f\u00fck mukavemetli \u00e7elik C\u0131vatal\u0131 kullan\u0131lmas\u0131 \u00f6nerilmektedir. C\u0131vata flan\u015f\u0131 hasar\u0131n\u0131n a\u015f\u0131r\u0131 torkunu \u00f6nlemek i\u00e7in d\u00fcz flan\u015fa d\u00fcz flan\u015f contas\u0131 takmak. Y\u00fckl\u00fc flan\u015f\u0131n d\u0131\u015fb\u00fckey d\u00fczlemsel flan\u015f\u0131 ile kar\u0131\u015ft\u0131r\u0131lmamal\u0131d\u0131r D\u00f6kme demir flan\u015f ba\u011flant\u0131s\u0131nda, a\u015f\u0131r\u0131 y\u00fck c\u0131vatal\u0131 conta ko\u015fullar\u0131n\u0131n yoklu\u011funda uygun bir s\u0131k\u0131\u015ft\u0131rma kuvveti olu\u015fturmas\u0131n\u0131 sa\u011flamak i\u00e7in \u00fcst k\u0131sm\u0131n daha iyi monte edilmesi \u00f6zellikle \u00f6nemlidir;<\/li>\r\n<li>Contalar deformasyona ve hasara kar\u015f\u0131 diren\u00e7 g\u00f6sterme kapasitesine sahiptir;<\/li>\r\n<li>Montaj par\u00e7as\u0131 flan\u015flar\u0131n\u0131n merkezlenmesini kontrol edin, C\u0131vatalar\u0131n di\u015flerini ya\u011flay\u0131n. Flan\u015f ve conta aras\u0131nda d\u00fcz bir temas sa\u011flamak i\u00e7in c\u0131vatalar s\u0131rayla sabitlenmelidir.<\/li>\r\n<\/ul>\r\n\r\n\r\n\r\n<h2 class=\"wp-block-heading\" id=\"h-features-of-6-butterfly-valve\">6 Kelebek Vanan\u0131n \u00d6zellikleri:<\/h2>\r\n\r\n\r\n\r\n<ul class=\"wp-block-list\">\r\n<li><span style=\"background-color: var(--base-3); color: var(--contrast);\">Benzersiz dalga hatt\u0131 yata\u011f\u0131 ve disk \u015fekli, gerekli torku azalt\u0131r ve vanan\u0131n \u00f6mr\u00fcn\u00fc uzat\u0131r. <\/span><\/li>\r\n<li>Disk yuvas\u0131, oturma torkunun pozitif kontrol\u00fcn\u00fc garanti ederken yuvan\u0131n bozulmas\u0131n\u0131 ortadan kald\u0131ran fenolik bir yedek halkaya vulkanize edilmi\u015ftir.<\/li>\r\n<li>\u0130ki par\u00e7al\u0131 g\u00f6vde (\u015faft) yap\u0131s\u0131na sahip hassas i\u015flenmi\u015f 316SS disk, vanan\u0131n ak\u0131\u015f kapasitesini art\u0131r\u0131r ve t\u00fcrb\u00fclans\u0131 azalt\u0131r.<\/li>\r\n<li>G\u00f6vde, s\u0131z\u0131nt\u0131y\u0131 \u00f6nlemek i\u00e7in V tipi halka contal\u0131 PTFE\/grafit rulmanlar kullan\u0131r.<\/li>\r\n<li><span style=\"background-color: var(--base-3); color: var(--contrast);\">Tahrik cihaz\u0131na ba\u011fl\u0131 braket ISO5211 standard\u0131na uygundur;<\/span><\/li>\r\n<li>G\u00f6vde, patlamaya dayan\u0131kl\u0131 bir tasar\u0131mla API 609 gereksinimlerini kar\u015f\u0131layacak \u015fekilde tasarlanm\u0131\u015ft\u0131r.<\/li>\r\n<\/ul>\r\n\r\n\r\n\r\n<h2 class=\"wp-block-heading\" id=\"h-material-of-6-inch-butterfly-valve\">6 \u0130n\u00e7 Kelebek Vana Malzemesi:<\/h2>\r\n\r\n\r\n\r\n<figure class=\"wp-block-table is-style-stripes\">\r\n<table>\r\n<tbody>\r\n<tr>\r\n<td>Hay\u0131r<\/td>\r\n<td>Par\u00e7a<\/td>\r\n<td>Malzeme<\/td>\r\n<\/tr>\r\n<tr>\r\n<td>1<\/td>\r\n<td>V\u00fccut<\/td>\r\n<td>ASTM A351 CF8M<\/td>\r\n<\/tr>\r\n<tr>\r\n<td>2<\/td>\r\n<td>Conta Halkas\u0131<\/td>\r\n<td>Grafit + SS316<\/td>\r\n<\/tr>\r\n<tr>\r\n<td>3<\/td>\r\n<td>Tutucu Flan\u015f<\/td>\r\n<td>ASTM A182 F316<\/td>\r\n<\/tr>\r\n<tr>\r\n<td>4<\/td>\r\n<td>Pim<\/td>\r\n<td>ASTM A276 316<\/td>\r\n<\/tr>\r\n<tr>\r\n<td>5<\/td>\r\n<td>Disk<\/td>\r\n<td>ASTM A351 CF8M<\/td>\r\n<\/tr>\r\n<tr>\r\n<td>6<\/td>\r\n<td>K\u00f6k<\/td>\r\n<td>ASTM A276 316<\/td>\r\n<\/tr>\r\n<tr>\r\n<td>7<\/td>\r\n<td>K\u00f6k Ambalaj<\/td>\r\n<td>Grafit<\/td>\r\n<\/tr>\r\n<tr>\r\n<td>8<\/td>\r\n<td>K\u00f6k Daya\u011f\u0131<\/td>\r\n<td>SS316 + PTFE<\/td>\r\n<\/tr>\r\n<tr>\r\n<td>9<\/td>\r\n<td>C\u0131vata<\/td>\r\n<td>ASTM A193 B8<\/td>\r\n<\/tr>\r\n<tr>\r\n<td>10<\/td>\r\n<td>F\u0131nd\u0131k<\/td>\r\n<td>ASTM A194 8<\/td>\r\n<\/tr>\r\n<tr>\r\n<td>11<\/td>\r\n<td>Boyunduruk<\/td>\r\n<td>ASTM A216 WCB<\/td>\r\n<\/tr>\r\n<\/tbody>\r\n<\/table>\r\n<\/figure>","protected":false},"excerpt":{"rendered":"<p>Kelebek vana 6 in\u00e7, vana boyutunun 6 in\u00e7 oldu\u011fu anlam\u0131na gelir ve DN&#039;de DN150&#039;dir. 6 in\u00e7 nedir? <a title=\"6 in\u00e7 Gofret Tipi Kelebek Vana\" class=\"read-more\" href=\"https:\/\/zecovalve.com\/tr\/urun\/6-inch-butterfly-valve\" aria-label=\"6 in\u00e7 Gofret Tipi Kelebek Vana hakk\u0131nda daha fazla bilgi\">Daha fazla bilgi edinin<\/a><\/p>","protected":false},"featured_media":11857,"comment_status":"closed","ping_status":"closed","template":"","meta":{"_generate-full-width-content":"","kt_blocks_editor_width":""},"product_cat":[2044,2470],"product_tag":[2806,2801],"class_list":["post-16515","product","type-product","status-publish","has-post-thumbnail","hentry","product_cat-butterfly-valve","product_cat-butterfly-valve-by-inch","product_tag-butterfly-valve-wafer-type","product_tag-wafer-type-butterfly-valve","sales-flash-overlay","woocommerce-text-align-center","woocommerce-image-align-center","do-quantity-buttons"],"featured_image_src_large":["https:\/\/zecovalve.com\/wp-content\/uploads\/2022\/01\/20220104161938-61d4739ab54a2.jpg",391,298,false],"author_info":[],"comment_info":0,"taxonomy_info":{"product_cat":[{"value":2044,"label":"Butterfly Valve"},{"value":2470,"label":"Butterfly Valve By Inch"}],"product_tag":[{"value":2806,"label":"Butterfly Valve Wafer Type"},{"value":2801,"label":"Wafer Type Butterfly Valve"}]},"yoast_head":"<!-- This site is optimized with the Yoast SEO Premium plugin v15.4 - https:\/\/yoast.com\/wordpress\/plugins\/seo\/ -->\n<title>6 inch Wafer Type Butterfly Valve - 6 Butterfly Valve Manufacturer | ZECO<\/title>\n<meta name=\"robots\" content=\"index, follow, max-snippet:-1, max-image-preview:large, max-video-preview:-1\" \/>\n<link rel=\"canonical\" href=\"https:\/\/zecovalve.com\/tr\/urun\/6-inch-butterfly-valve\" \/>\n<meta property=\"og:locale\" content=\"tr_TR\" \/>\n<meta property=\"og:type\" content=\"article\" \/>\n<meta property=\"og:title\" content=\"6 inch Wafer Type Butterfly Valve - 6 Butterfly Valve Manufacturer | ZECO\" \/>\n<meta property=\"og:description\" content=\"Butterflly valve 6 inch means the valve size is 6 inch, and in DN it is DN150. What is a 6 Inch ... Read more\" \/>\n<meta property=\"og:url\" content=\"https:\/\/zecovalve.com\/tr\/urun\/6-inch-butterfly-valve\" \/>\n<meta property=\"og:site_name\" content=\"ZECO Valve\" \/>\n<meta property=\"article:modified_time\" content=\"2022-09-01T00:49:59+00:00\" \/>\n<meta property=\"og:image\" content=\"https:\/\/zecovalve.com\/wp-content\/uploads\/2022\/01\/20220104161938-61d4739ab54a2.jpg\" \/>\n\t<meta property=\"og:image:width\" content=\"391\" \/>\n\t<meta property=\"og:image:height\" content=\"298\" \/>\n<meta name=\"twitter:card\" content=\"summary_large_image\" \/>\n<meta name=\"twitter:label1\" content=\"Yazan:\">\n\t<meta name=\"twitter:data1\" content=\"Jerry\">\n\t<meta name=\"twitter:label2\" content=\"Tahmini okuma s\u00fcresi\">\n\t<meta name=\"twitter:data2\" content=\"2 dakika\">\n<script type=\"application\/ld+json\" class=\"yoast-schema-graph\">{\"@context\":\"https:\/\/schema.org\",\"@graph\":[{\"@type\":\"WebSite\",\"@id\":\"https:\/\/zecovalve.com\/#website\",\"url\":\"https:\/\/zecovalve.com\/\",\"name\":\"ZECO Valve\",\"description\":\"Industrial Ball Valve, Gate Valve and Globe Valve Manufacturer\",\"potentialAction\":[{\"@type\":\"SearchAction\",\"target\":\"https:\/\/zecovalve.com\/?s={search_term_string}\",\"query-input\":\"required name=search_term_string\"}],\"inLanguage\":\"tr\"},{\"@type\":\"ImageObject\",\"@id\":\"https:\/\/zecovalve.com\/product\/6-inch-butterfly-valve#primaryimage\",\"inLanguage\":\"tr\",\"url\":\"https:\/\/zecovalve.com\/wp-content\/uploads\/2022\/01\/20220104161938-61d4739ab54a2.jpg\",\"width\":391,\"height\":298},{\"@type\":\"WebPage\",\"@id\":\"https:\/\/zecovalve.com\/product\/6-inch-butterfly-valve#webpage\",\"url\":\"https:\/\/zecovalve.com\/product\/6-inch-butterfly-valve\",\"name\":\"6 inch Wafer Type Butterfly Valve - 6 Butterfly Valve Manufacturer | ZECO\",\"isPartOf\":{\"@id\":\"https:\/\/zecovalve.com\/#website\"},\"primaryImageOfPage\":{\"@id\":\"https:\/\/zecovalve.com\/product\/6-inch-butterfly-valve#primaryimage\"},\"datePublished\":\"2022-06-21T06:56:11+00:00\",\"dateModified\":\"2022-09-01T00:49:59+00:00\",\"breadcrumb\":{\"@id\":\"https:\/\/zecovalve.com\/product\/6-inch-butterfly-valve#breadcrumb\"},\"inLanguage\":\"tr\",\"potentialAction\":[{\"@type\":\"ReadAction\",\"target\":[\"https:\/\/zecovalve.com\/product\/6-inch-butterfly-valve\"]}]},{\"@type\":\"BreadcrumbList\",\"@id\":\"https:\/\/zecovalve.com\/product\/6-inch-butterfly-valve#breadcrumb\",\"itemListElement\":[{\"@type\":\"ListItem\",\"position\":1,\"item\":{\"@type\":\"WebPage\",\"@id\":\"https:\/\/zecovalve.com\/\",\"url\":\"https:\/\/zecovalve.com\/\",\"name\":\"Home\"}},{\"@type\":\"ListItem\",\"position\":2,\"item\":{\"@type\":\"WebPage\",\"@id\":\"https:\/\/zecovalve.com\/product-category\",\"url\":\"https:\/\/zecovalve.com\/product-category\",\"name\":\"Industrial Valve Manufacturer | Water Valve Manufacturer\"}},{\"@type\":\"ListItem\",\"position\":3,\"item\":{\"@type\":\"WebPage\",\"@id\":\"https:\/\/zecovalve.com\/product\/6-inch-butterfly-valve\",\"url\":\"https:\/\/zecovalve.com\/product\/6-inch-butterfly-valve\",\"name\":\"6 inch Wafer Type Butterfly Valve\"}}]}]}<\/script>\n<!-- \/ Yoast SEO Premium plugin. -->","_links":{"self":[{"href":"https:\/\/zecovalve.com\/tr\/wp-json\/wp\/v2\/product\/16515","targetHints":{"allow":["GET"]}}],"collection":[{"href":"https:\/\/zecovalve.com\/tr\/wp-json\/wp\/v2\/product"}],"about":[{"href":"https:\/\/zecovalve.com\/tr\/wp-json\/wp\/v2\/types\/product"}],"replies":[{"embeddable":true,"href":"https:\/\/zecovalve.com\/tr\/wp-json\/wp\/v2\/comments?post=16515"}],"wp:featuredmedia":[{"embeddable":true,"href":"https:\/\/zecovalve.com\/tr\/wp-json\/wp\/v2\/media\/11857"}],"wp:attachment":[{"href":"https:\/\/zecovalve.com\/tr\/wp-json\/wp\/v2\/media?parent=16515"}],"wp:term":[{"taxonomy":"product_cat","embeddable":true,"href":"https:\/\/zecovalve.com\/tr\/wp-json\/wp\/v2\/product_cat?post=16515"},{"taxonomy":"product_tag","embeddable":true,"href":"https:\/\/zecovalve.com\/tr\/wp-json\/wp\/v2\/product_tag?post=16515"}],"curies":[{"name":"wp","href":"https:\/\/api.w.org\/{rel}","templated":true}]}}