{"id":16523,"date":"2022-06-21T07:07:21","date_gmt":"2022-06-21T07:07:21","guid":{"rendered":"https:\/\/zecovalve.com\/?post_type=product&#038;p=16523"},"modified":"2022-09-01T00:48:27","modified_gmt":"2022-09-01T00:48:27","slug":"4-inch-butterfly-valve","status":"publish","type":"product","link":"https:\/\/zecovalve.com\/tr\/urun\/4-inch-butterfly-valve","title":{"rendered":"4 in\u00e7 Kelebek Vana"},"content":{"rendered":"<figure class=\"wp-block-image size-full is-resized\"><img loading=\"lazy\" decoding=\"async\" class=\"wp-image-16939\" src=\"https:\/\/zecovalve.com\/wp-content\/uploads\/2022\/06\/wafer-butterfly-valve.jpg\" alt=\"Wafer Kelebek Vana\" width=\"248\" height=\"225\" srcset=\"https:\/\/zecovalve.com\/wp-content\/uploads\/2022\/06\/wafer-butterfly-valve.jpg 330w, https:\/\/zecovalve.com\/wp-content\/uploads\/2022\/06\/wafer-butterfly-valve-300x273.jpg 300w\" sizes=\"auto, (max-width: 248px) 100vw, 248px\" \/><\/figure>\r\n\r\n\r\n<div class=\"gb-button-wrapper gb-button-wrapper-6d8495a3\">\r\n\r\n\r\n<p><a class=\"gb-button gb-button-3d442e11 gb-button-text\" href=\"mailto:commercial@zecovalve.com\" target=\"_blank\" rel=\"noopener noreferrer\"><strong>4'L\u00dc KELEBEK VANA FIYATI ALIN<\/strong><\/a><\/p>\r\n<\/div>\r\n\r\n\r\n\r\n\r\n<h2 class=\"wp-block-heading\" id=\"h-what-is-4-in-butterfly-valve\">Kelebek Vanada 4 nedir?<\/h2>\r\n\r\n\r\n\r\n<p>ZECO 4 in\u00e7 kelebek vana g\u00f6vde, disk, g\u00f6vde, koltuk, salmastra kutusu, di\u015fli vb. ZECO kelebek vana, k\u00fc\u00e7\u00fck boru hatlar\u0131nda en yayg\u0131n kullan\u0131lan boyuttur, bu nedenle stoklama ile ilgili bir sorun vard\u0131r. Stoklamadaki sorunlar, teslimat haz\u0131rl\u0131\u011f\u0131 ile neredeyse ayn\u0131d\u0131r. Zaman kilit fakt\u00f6rd\u00fcr, genellikle s\u00fcrg\u00fcl\u00fc vana stoklama s\u00fcresine s\u0131zd\u0131rmazl\u0131k malzemesi taraf\u0131ndan karar verilir. Vanan\u0131n birka\u00e7 hafta veya ay boyunca stoklanmas\u0131 gerekiyorsa, daha iyi stoklama ko\u015fullar\u0131na ihtiya\u00e7 vard\u0131r. Vana genellikle i\u00e7 mekanlarda stoklan\u0131r ve stoklama ortam s\u0131cakl\u0131\u011f\u0131 \u00e7i\u011flenme noktas\u0131ndan y\u00fcksek olmal\u0131d\u0131r. Vanalar a\u00e7\u0131k havada stoklan\u0131yorsa, toprakla temas etmedi\u011finden emin olmak i\u00e7in vanay\u0131 destekleyin, ayn\u0131 zamanda vanaya su ge\u00e7irmez bir kapak eklenmelidir.<\/p>\r\n\r\n\r\n\r\n<h2 class=\"wp-block-heading\">4 in\u00e7 Kelebek Vanaya Genel Bak\u0131\u015f<\/h2>\r\n\r\n\r\n\r\n<ul class=\"wp-block-list\">\r\n<li>G\u00f6vde Malzemesi: Epoksi Boyal\u0131 D\u00fcktil Demir \/ Karbon \u00c7elik \/ Paslanmaz \u00c7elik<\/li>\r\n<li>Boyut ve Ba\u011flant\u0131: 4 in\u00e7 Wafer, RF, RTJ<\/li>\r\n<li>Koltuklar: EPDM<\/li>\r\n<li>Disk: Paslanmaz \u00c7elik<\/li>\r\n<li>Akt\u00fcat\u00f6r: 10 konumlu manuel kol (herhangi bir konumda kilitlenebilir)<\/li>\r\n<\/ul>\r\n\r\n\r\n\r\n<h2 class=\"wp-block-heading\">Kelebek Vana Boyutlar\u0131 ve A\u011f\u0131rl\u0131\u011f\u0131 4 \u0130n\u00e7<\/h2>\r\n\r\n\r\n\r\n<p>&nbsp;<\/p>\r\n<table border=\"=1\" width=\"800\">\r\n<tbody>\r\n<tr>\r\n<td rowspan=\"2\">Bas\u0131n\u00e7 Derecesi<\/td>\r\n<td style=\"text-align: center;\">Delik<\/td>\r\n<td style=\"text-align: center;\" colspan=\"3\">\u00a0Y\u00fcz Y\u00fcze Boyut (mm cinsinden)<\/td>\r\n<td style=\"text-align: center;\">A\u011f\u0131rl\u0131k<\/td>\r\n<\/tr>\r\n<tr>\r\n<td style=\"text-align: center;\">(mm cinsinden)<\/td>\r\n<td style=\"text-align: center;\">RF<\/td>\r\n<td style=\"text-align: center;\">Gofret<\/td>\r\n<td style=\"text-align: center;\">Lug<\/td>\r\n<td style=\"text-align: center;\">kg<\/td>\r\n<\/tr>\r\n<tr>\r\n<td>SINIF 150<\/td>\r\n<td style=\"text-align: center;\">100<\/td>\r\n<td style=\"text-align: center;\">229\/127<\/td>\r\n<td style=\"text-align: center;\">52\/54<\/td>\r\n<td style=\"text-align: center;\">52\/54<\/td>\r\n<td style=\"text-align: center;\">11<\/td>\r\n<\/tr>\r\n<tr>\r\n<td>SINIF 300<\/td>\r\n<td style=\"text-align: center;\">100<\/td>\r\n<td style=\"text-align: center;\">305\/190<\/td>\r\n<td style=\"text-align: center;\">54<\/td>\r\n<td style=\"text-align: center;\">54<\/td>\r\n<td style=\"text-align: center;\">16<\/td>\r\n<\/tr>\r\n<tr>\r\n<td>SINIF 600<\/td>\r\n<td style=\"text-align: center;\">100<\/td>\r\n<td style=\"text-align: center;\">432\/190<\/td>\r\n<td style=\"text-align: center;\">64<\/td>\r\n<td style=\"text-align: center;\">64<\/td>\r\n<td style=\"text-align: center;\">35<\/td>\r\n<\/tr>\r\n<\/tbody>\r\n<\/table>\r\n\r\n\r\n\r\n<h2 class=\"wp-block-heading\" id=\"h-features-of-4-inch-butterfly-valve\">4 \u0130n\u00e7 Kelebek Vana \u00d6zellikleri:<\/h2>\r\n\r\n\r\n\r\n<ul class=\"wp-block-list\">\r\n<li>1. ZECO 4 in\u00e7 kelebek vanalar\u0131n bak\u0131m\u0131 kolayca yap\u0131l\u0131r. Herhangi bir zamanda s\u0131zd\u0131rmazl\u0131k y\u00fczeyine ve \u015faft contas\u0131na dikkat edin, S\u0131zd\u0131rmazl\u0131k y\u00fczeyinde a\u015f\u0131nma veya s\u0131z\u0131nt\u0131 oldu\u011funda, Genel olarak, \u00e7\u00f6zmek i\u00e7in vida plakas\u0131n\u0131n preslenmi\u015f contas\u0131n\u0131 kullan\u0131n, daha b\u00fcy\u00fckte s\u0131z\u0131nt\u0131 meydana geldi\u011finde, i\u00e7 halka ayarlanabilir art\u0131-bir-\u00e7ip \u00e7\u00f6z\u00fclebilir, contalarda hasar varsa, plaka contalar\u0131 \u00e7\u0131kar\u0131labilir, contalar\u0131n de\u011fi\u015ftirilmesi, conta s\u0131z\u0131nt\u0131s\u0131 oldu\u011funda, salmastra bilezi\u011fini veya conta halkas\u0131n\u0131 de\u011fi\u015ftirmeyi ayarlay\u0131n;<\/li>\r\n<li>2. ZECO 4 in\u00e7 kelebek vanan\u0131n \u00e7ift ofset tasar\u0131m\u0131 daha az a\u015f\u0131n\u0131r ve m\u00fckemmel s\u0131zd\u0131rmazl\u0131k kapasitesine sahiptir;<\/li>\r\n<li>3. ZECO 4 in\u00e7 kelebek vanan\u0131n limit anahtar cihaz\u0131, do\u011fru a\u00e7ma \/ kapama konumunu sa\u011flar;<\/li>\r\n<li>4. ZECO 4 in\u00e7 kelebek vanan\u0131n g\u00f6vdesi, diski ve mili yeterli mukavemet ve esnekli\u011fe sahiptir, s\u0131zd\u0131rmazl\u0131k vana i\u00e7inde de\u011fi\u015ftirilebilir.<\/li>\r\n<li>G\u00fcvenilir s\u0131zd\u0131rmazl\u0131k ve s\u0131k bak\u0131m gerektirmeyen uzun hizmet \u00f6mr\u00fc.<\/li>\r\n<li>Bas\u0131n\u00e7 Kayb\u0131\r\n<ul>\r\n<li>\u00c7ok fazla bas\u0131n\u00e7 kayb\u0131, ili\u015fkili enerji maliyetinin artmas\u0131na neden olacakt\u0131r. Kelebek vanalar, glob vanalardan \u00fc\u00e7 kat daha iyi ak\u0131\u015f \u00f6zelliklerine ve ayn\u0131 boyuttaki bir s\u00fcrg\u00fcl\u00fc vanan\u0131n yakla\u015f\u0131k 75%'sine sahiptir.<\/li>\r\n<\/ul>\r\n<\/li>\r\n<li>\u00c7ok Fonksiyonlu\r\n<ul>\r\n<li>Flan\u015fl\u0131 kelebek vana, a\u00e7ma\/kapama hizmeti ve k\u0131sma i\u00e7in kullan\u0131labilir. S\u00fcrg\u00fcl\u00fc vanalara k\u0131yasla \u00e7ok fonksiyonlu olarak daha \u00fcst\u00fcnd\u00fcrler. Kelebek vanalar, trim se\u00e7enekleri ve elastomerik astar se\u00e7imi nedeniyle kimyasal alanda yayg\u0131n olarak kullan\u0131labilir.<\/li>\r\n<\/ul>\r\n<\/li>\r\n<li>A\u011f\u0131rl\u0131k\r\n<ul>\r\n<li>Flan\u015fl\u0131 kelebek vanalar hafif ve k\u00fc\u00e7\u00fck boyutlu olma \u00f6zelliklerine sahiptir, \u00f6rne\u011fin 10\" kelebek vanan\u0131n a\u011f\u0131rl\u0131\u011f\u0131 ve boyutu 10\" s\u00fcrg\u00fcl\u00fc vanan\u0131n 1\/9 ve 1\/6's\u0131 kadard\u0131r. Bu nedenle, kelebek vanan\u0131n montaj\u0131 kolayd\u0131r ve boru sisteminin maliyetinden tasarruf sa\u011flar.<\/li>\r\n<\/ul>\r\n<\/li>\r\n<li>Kabarc\u0131k S\u0131k\u0131\r\n<ul>\r\n<li>Esnek yatak tasar\u0131m\u0131na sahip kelebek vanalar, metal yatakl\u0131 kap\u0131lar veya glob vanalara k\u0131yasla kabarc\u0131k ge\u00e7irmez olabilir.<\/li>\r\n<\/ul>\r\n<\/li>\r\n<li>Kolay kullan\u0131m\r\n<ul>\r\n<li>Kelebek vana 90 derece a\u00e7\u0131l\u0131p kapanma \u00f6zelli\u011fine sahiptir.<\/li>\r\n<\/ul>\r\n<\/li>\r\n<li>Bak\u0131m\r\n<ul>\r\n<li>D\u00fczg\u00fcn monte edilmi\u015f flan\u015fl\u0131 kelebek vanalar kendi kendini temizler ve borudaki \u00e7\u00f6p malzemesinden kaynaklanan ar\u0131zalara kar\u015f\u0131 daha az hassast\u0131r.<\/li>\r\n<\/ul>\r\n<\/li>\r\n<\/ul>\r\n\r\n\r\n\r\n<h2 class=\"wp-block-heading\" id=\"h-material-of-4-inch-butterfly-valve\">4 \u0130n\u00e7 Kelebek Vana Malzemesi:<\/h2>\r\n\r\n\r\n\r\n<figure class=\"wp-block-table\">\r\n<table>\r\n<tbody>\r\n<tr>\r\n<td>Hay\u0131r<\/td>\r\n<td>Par\u00e7a<\/td>\r\n<td>Malzeme<\/td>\r\n<\/tr>\r\n<tr>\r\n<td>1<\/td>\r\n<td>V\u00fccut<\/td>\r\n<td>GGG50<\/td>\r\n<\/tr>\r\n<tr>\r\n<td>2<\/td>\r\n<td>Conta Halkas\u0131<\/td>\r\n<td>EPDM<\/td>\r\n<\/tr>\r\n<tr>\r\n<td>3<\/td>\r\n<td>Tutucu Flan\u015f<\/td>\r\n<td>ASTM A182 F304<\/td>\r\n<\/tr>\r\n<tr>\r\n<td>4<\/td>\r\n<td>Pim<\/td>\r\n<td>ASTM A276 304<\/td>\r\n<\/tr>\r\n<tr>\r\n<td>5<\/td>\r\n<td>Disk<\/td>\r\n<td>ASTM A351 CF8<\/td>\r\n<\/tr>\r\n<tr>\r\n<td>6<\/td>\r\n<td>K\u00f6k<\/td>\r\n<td>ASTM A276 304<\/td>\r\n<\/tr>\r\n<tr>\r\n<td>7<\/td>\r\n<td>K\u00f6k Ambalaj<\/td>\r\n<td>Grafit<\/td>\r\n<\/tr>\r\n<tr>\r\n<td>8<\/td>\r\n<td>K\u00f6k Daya\u011f\u0131<\/td>\r\n<td>SS304 + PTFE<\/td>\r\n<\/tr>\r\n<tr>\r\n<td>9<\/td>\r\n<td>C\u0131vata<\/td>\r\n<td>ASTM A193 B7<\/td>\r\n<\/tr>\r\n<tr>\r\n<td>10<\/td>\r\n<td>F\u0131nd\u0131k<\/td>\r\n<td>ASTM A194 2H<\/td>\r\n<\/tr>\r\n<tr>\r\n<td>11<\/td>\r\n<td>Boyunduruk<\/td>\r\n<td>ASTM A216 WCB<\/td>\r\n<\/tr>\r\n<\/tbody>\r\n<\/table>\r\n<\/figure>","protected":false},"excerpt":{"rendered":"<p>Kelebek Vana&#039;da 4 nedir? ZECO 4 in\u00e7 kelebek vana g\u00f6vde, disk, mil, yuva, salmastra kutusu, di\u015fli vb. par\u00e7alardan olu\u015fur. <a title=\"4 in\u00e7 Kelebek Vana\" class=\"read-more\" href=\"https:\/\/zecovalve.com\/tr\/urun\/4-inch-butterfly-valve\" aria-label=\"4 in\u00e7 Kelebek Vana hakk\u0131nda daha fazla bilgi\">Daha fazla bilgi edinin<\/a><\/p>","protected":false},"featured_media":17037,"comment_status":"closed","ping_status":"closed","template":"","meta":{"_generate-full-width-content":"","kt_blocks_editor_width":""},"product_cat":[2044,2470],"product_tag":[2806,2801],"class_list":["post-16523","product","type-product","status-publish","has-post-thumbnail","hentry","product_cat-butterfly-valve","product_cat-butterfly-valve-by-inch","product_tag-butterfly-valve-wafer-type","product_tag-wafer-type-butterfly-valve","sales-flash-overlay","woocommerce-text-align-center","woocommerce-image-align-center","do-quantity-buttons"],"featured_image_src_large":["https:\/\/zecovalve.com\/wp-content\/uploads\/2022\/06\/wafer-butterfly-valve-1.jpg",330,300,false],"author_info":[],"comment_info":0,"taxonomy_info":{"product_cat":[{"value":2044,"label":"Butterfly Valve"},{"value":2470,"label":"Butterfly Valve By Inch"}],"product_tag":[{"value":2806,"label":"Butterfly Valve Wafer Type"},{"value":2801,"label":"Wafer Type Butterfly Valve"}]},"yoast_head":"<!-- This site is optimized with the Yoast SEO Premium plugin v15.4 - https:\/\/yoast.com\/wordpress\/plugins\/seo\/ -->\n<title>4 in Butterfly Valve - Butterfly Valve 4 Inch | 4 Inch Butterfly Valve | ZECO<\/title>\n<meta name=\"robots\" content=\"index, follow, max-snippet:-1, max-image-preview:large, max-video-preview:-1\" \/>\n<link rel=\"canonical\" href=\"https:\/\/zecovalve.com\/tr\/urun\/4-inch-butterfly-valve\" \/>\n<meta property=\"og:locale\" content=\"tr_TR\" \/>\n<meta property=\"og:type\" content=\"article\" \/>\n<meta property=\"og:title\" content=\"4 in Butterfly Valve - Butterfly Valve 4 Inch | 4 Inch Butterfly Valve | ZECO\" \/>\n<meta property=\"og:description\" content=\"What is 4 in Butterfly Valve? ZECO 4 inch butterfly valve is made of body, disc, stem, seat, stuffing box, gear, etc. ... Read more\" \/>\n<meta property=\"og:url\" content=\"https:\/\/zecovalve.com\/tr\/urun\/4-inch-butterfly-valve\" \/>\n<meta property=\"og:site_name\" content=\"ZECO Valve\" \/>\n<meta property=\"article:modified_time\" content=\"2022-09-01T00:48:27+00:00\" \/>\n<meta property=\"og:image\" content=\"https:\/\/zecovalve.com\/wp-content\/uploads\/2022\/06\/wafer-butterfly-valve-1.jpg\" \/>\n\t<meta property=\"og:image:width\" content=\"330\" \/>\n\t<meta property=\"og:image:height\" content=\"300\" \/>\n<meta name=\"twitter:card\" content=\"summary_large_image\" \/>\n<meta name=\"twitter:label1\" content=\"Yazan:\">\n\t<meta name=\"twitter:data1\" content=\"Jerry\">\n\t<meta name=\"twitter:label2\" content=\"Tahmini okuma s\u00fcresi\">\n\t<meta name=\"twitter:data2\" content=\"2 dakika\">\n<script type=\"application\/ld+json\" class=\"yoast-schema-graph\">{\"@context\":\"https:\/\/schema.org\",\"@graph\":[{\"@type\":\"WebSite\",\"@id\":\"https:\/\/zecovalve.com\/#website\",\"url\":\"https:\/\/zecovalve.com\/\",\"name\":\"ZECO Valve\",\"description\":\"Industrial Ball Valve, Gate Valve and Globe Valve Manufacturer\",\"potentialAction\":[{\"@type\":\"SearchAction\",\"target\":\"https:\/\/zecovalve.com\/?s={search_term_string}\",\"query-input\":\"required name=search_term_string\"}],\"inLanguage\":\"tr\"},{\"@type\":\"ImageObject\",\"@id\":\"https:\/\/zecovalve.com\/product\/4-inch-butterfly-valve#primaryimage\",\"inLanguage\":\"tr\",\"url\":\"https:\/\/zecovalve.com\/wp-content\/uploads\/2022\/06\/wafer-butterfly-valve-1.jpg\",\"width\":330,\"height\":300,\"caption\":\"Wafer Butterfly Valve\"},{\"@type\":\"WebPage\",\"@id\":\"https:\/\/zecovalve.com\/product\/4-inch-butterfly-valve#webpage\",\"url\":\"https:\/\/zecovalve.com\/product\/4-inch-butterfly-valve\",\"name\":\"4 in Butterfly Valve - Butterfly Valve 4 Inch | 4 Inch Butterfly Valve | ZECO\",\"isPartOf\":{\"@id\":\"https:\/\/zecovalve.com\/#website\"},\"primaryImageOfPage\":{\"@id\":\"https:\/\/zecovalve.com\/product\/4-inch-butterfly-valve#primaryimage\"},\"datePublished\":\"2022-06-21T07:07:21+00:00\",\"dateModified\":\"2022-09-01T00:48:27+00:00\",\"breadcrumb\":{\"@id\":\"https:\/\/zecovalve.com\/product\/4-inch-butterfly-valve#breadcrumb\"},\"inLanguage\":\"tr\",\"potentialAction\":[{\"@type\":\"ReadAction\",\"target\":[\"https:\/\/zecovalve.com\/product\/4-inch-butterfly-valve\"]}]},{\"@type\":\"BreadcrumbList\",\"@id\":\"https:\/\/zecovalve.com\/product\/4-inch-butterfly-valve#breadcrumb\",\"itemListElement\":[{\"@type\":\"ListItem\",\"position\":1,\"item\":{\"@type\":\"WebPage\",\"@id\":\"https:\/\/zecovalve.com\/\",\"url\":\"https:\/\/zecovalve.com\/\",\"name\":\"Home\"}},{\"@type\":\"ListItem\",\"position\":2,\"item\":{\"@type\":\"WebPage\",\"@id\":\"https:\/\/zecovalve.com\/product-category\",\"url\":\"https:\/\/zecovalve.com\/product-category\",\"name\":\"Industrial Valve Manufacturer | Water Valve Manufacturer\"}},{\"@type\":\"ListItem\",\"position\":3,\"item\":{\"@type\":\"WebPage\",\"@id\":\"https:\/\/zecovalve.com\/product\/4-inch-butterfly-valve\",\"url\":\"https:\/\/zecovalve.com\/product\/4-inch-butterfly-valve\",\"name\":\"4 inch Butterfly Valve\"}}]}]}<\/script>\n<!-- \/ Yoast SEO Premium plugin. -->","_links":{"self":[{"href":"https:\/\/zecovalve.com\/tr\/wp-json\/wp\/v2\/product\/16523","targetHints":{"allow":["GET"]}}],"collection":[{"href":"https:\/\/zecovalve.com\/tr\/wp-json\/wp\/v2\/product"}],"about":[{"href":"https:\/\/zecovalve.com\/tr\/wp-json\/wp\/v2\/types\/product"}],"replies":[{"embeddable":true,"href":"https:\/\/zecovalve.com\/tr\/wp-json\/wp\/v2\/comments?post=16523"}],"wp:featuredmedia":[{"embeddable":true,"href":"https:\/\/zecovalve.com\/tr\/wp-json\/wp\/v2\/media\/17037"}],"wp:attachment":[{"href":"https:\/\/zecovalve.com\/tr\/wp-json\/wp\/v2\/media?parent=16523"}],"wp:term":[{"taxonomy":"product_cat","embeddable":true,"href":"https:\/\/zecovalve.com\/tr\/wp-json\/wp\/v2\/product_cat?post=16523"},{"taxonomy":"product_tag","embeddable":true,"href":"https:\/\/zecovalve.com\/tr\/wp-json\/wp\/v2\/product_tag?post=16523"}],"curies":[{"name":"wp","href":"https:\/\/api.w.org\/{rel}","templated":true}]}}