{"id":16525,"date":"2022-06-21T07:10:57","date_gmt":"2022-06-21T07:10:57","guid":{"rendered":"https:\/\/zecovalve.com\/?post_type=product&#038;p=16525"},"modified":"2023-06-07T07:08:17","modified_gmt":"2023-06-07T07:08:17","slug":"industrial-ball-valve","status":"publish","type":"product","link":"https:\/\/zecovalve.com\/tr\/urun\/industrial-ball-valve","title":{"rendered":"End\u00fcstriyel K\u00fcresel Vana"},"content":{"rendered":"<h1 class=\"sep-title\">End\u00fcstriyel K\u00fcresel Vana<\/h1>\n<div class=\"sep-box-detail clearfix\">\n<div class=\"box-lf\">\n<div class=\"thumb\">\n<p><img loading=\"lazy\" decoding=\"async\" class=\"size-medium wp-image-16526\" src=\"https:\/\/zecovalve.com\/wp-content\/uploads\/2022\/06\/industrial-ball-valve-1_1638956977-300x225.jpg\" alt=\"End\u00fcstriyel K\u00fcresel Vana\" width=\"300\" height=\"225\" srcset=\"https:\/\/zecovalve.com\/wp-content\/uploads\/2022\/06\/industrial-ball-valve-1_1638956977-300x225.jpg 300w, https:\/\/zecovalve.com\/wp-content\/uploads\/2022\/06\/industrial-ball-valve-1_1638956977-768x576.jpg 768w, https:\/\/zecovalve.com\/wp-content\/uploads\/2022\/06\/industrial-ball-valve-1_1638956977-600x450.jpg 600w, https:\/\/zecovalve.com\/wp-content\/uploads\/2022\/06\/industrial-ball-valve-1_1638956977.jpg 800w\" sizes=\"auto, (max-width: 300px) 100vw, 300px\" \/><\/p>\n<p><img loading=\"lazy\" decoding=\"async\" class=\"alignnone size-medium wp-image-16527\" src=\"https:\/\/zecovalve.com\/wp-content\/uploads\/2022\/06\/industrial-ball-valve-2-300x225.jpg\" alt=\"\" width=\"300\" height=\"225\" srcset=\"https:\/\/zecovalve.com\/wp-content\/uploads\/2022\/06\/industrial-ball-valve-2-300x225.jpg 300w, https:\/\/zecovalve.com\/wp-content\/uploads\/2022\/06\/industrial-ball-valve-2-768x576.jpg 768w, https:\/\/zecovalve.com\/wp-content\/uploads\/2022\/06\/industrial-ball-valve-2-600x450.jpg 600w, https:\/\/zecovalve.com\/wp-content\/uploads\/2022\/06\/industrial-ball-valve-2.jpg 800w\" sizes=\"auto, (max-width: 300px) 100vw, 300px\" \/> <img loading=\"lazy\" decoding=\"async\" class=\"alignnone size-medium wp-image-16528\" src=\"https:\/\/zecovalve.com\/wp-content\/uploads\/2022\/06\/industrial-ball-valve-3-300x225.jpg\" alt=\"\" width=\"300\" height=\"225\" srcset=\"https:\/\/zecovalve.com\/wp-content\/uploads\/2022\/06\/industrial-ball-valve-3-300x225.jpg 300w, https:\/\/zecovalve.com\/wp-content\/uploads\/2022\/06\/industrial-ball-valve-3-768x576.jpg 768w, https:\/\/zecovalve.com\/wp-content\/uploads\/2022\/06\/industrial-ball-valve-3-600x450.jpg 600w, https:\/\/zecovalve.com\/wp-content\/uploads\/2022\/06\/industrial-ball-valve-3.jpg 800w\" sizes=\"auto, (max-width: 300px) 100vw, 300px\" \/> <img loading=\"lazy\" decoding=\"async\" class=\"alignnone size-medium wp-image-16529\" src=\"https:\/\/zecovalve.com\/wp-content\/uploads\/2022\/06\/industrial-ball-valve-4-300x225.jpg\" alt=\"\" width=\"300\" height=\"225\" srcset=\"https:\/\/zecovalve.com\/wp-content\/uploads\/2022\/06\/industrial-ball-valve-4-300x225.jpg 300w, https:\/\/zecovalve.com\/wp-content\/uploads\/2022\/06\/industrial-ball-valve-4-768x576.jpg 768w, https:\/\/zecovalve.com\/wp-content\/uploads\/2022\/06\/industrial-ball-valve-4-600x450.jpg 600w, https:\/\/zecovalve.com\/wp-content\/uploads\/2022\/06\/industrial-ball-valve-4.jpg 800w\" sizes=\"auto, (max-width: 300px) 100vw, 300px\" \/><\/p>\n<\/div>\n<div class=\"info\"><a href=\"https:\/\/zecovalve.com\/tr\/products\/industrial-ball-valve.html\/#form\"><i class=\"fa fa-commenting-o\" aria-hidden=\"true\"><\/i>\u00a0VANA FI\u0307YATI ALIN<\/a><\/div>\n<\/div>\n<div class=\"box-rt\">\n<div class=\"gg\">\n<div class=\"swiper-container swiper-container-initialized swiper-container-vertical\">\n<div class=\"swiper-wrapper\">\n<div class=\"swiper-slide swiper-slide-active\">\n<div class=\"img\"><\/div>\n<\/div>\n<\/div>\n<\/div>\n<\/div>\n<\/div>\n<\/div>\n<div class=\"richtext\">\n<h2>End\u00fcstriyel K\u00fcresel Vanan\u0131n Tan\u0131m\u0131:<\/h2>\n<p>ZECO end\u00fcstriyel k\u00fcresel vana petrokimya, rafineri, metalurji, a\u00e7\u0131k deniz platformu ve di\u011fer end\u00fcstrilerde yayg\u0131n olarak kullan\u0131lmaktad\u0131r. M\u00fc\u015fterilerimiz aras\u0131nda \u00c7in Ulusal Do\u011fal Gaz \u015eirketi, Kimyasal Ekipman \u015eirketi, CNOOC ve di\u011fer sabit nokta tedarik \u00fcyesi birimleri bulunmaktad\u0131r. ZECO end\u00fcstriyel vana \u015firketi, her bir end\u00fcstriyel k\u00fcresel vana \u00fczerinde s\u0131k\u0131 bir denetim ger\u00e7ekle\u015ftirir ve denet\u00e7iler, en geli\u015fmi\u015f test ekipmanlar\u0131 ve s\u0131k\u0131 kalite y\u00f6netim sistemi ile birlikte her bile\u015fenden b\u00fcy\u00fck \u00f6l\u00e7\u00fcde sorumludur, b\u00f6ylece her bir k\u00fcresel vana, m\u00fc\u015fterilerin dikkatli se\u00e7imine dayanabilir. End\u00fcstriyel k\u00fcresel vana \u00fcreticileri aras\u0131nda,\u00a0<a href=\"https:\/\/zecovalve.com\/tr\/\" target=\"_self\" rel=\"noopener\">ZECO \u015firketi<\/a>\u00a0Size en iyi \u00fcr\u00fcnleri sunaca\u011f\u0131ndan emin olabilirsiniz.<\/p>\n<h2>End\u00fcstriyel K\u00fcresel Vanan\u0131n \u00d6zellikleri:<\/h2>\n<p>1. ZECO end\u00fcstriyel k\u00fcresel vana, \u00f6zel bir yang\u0131n koruma tasar\u0131m\u0131na ve iki contaya sahiptir; birincisi esnek conta, ikincisi metal contad\u0131r. Yang\u0131n durumunda ilk etapta esnek conta yap\u0131s\u0131 bozulacakt\u0131r. \u015eu anda, metal conta yay taraf\u0131ndan topa itilecek ve orta s\u0131z\u0131nt\u0131y\u0131 azaltmak i\u00e7in topla s\u0131k\u0131ca kapat\u0131lacakt\u0131r;<\/p>\n<p>2. ZECO end\u00fcstriyel k\u00fcresel vana, anahtar elektrostatik etkisini \u00f6nlemek ve yan\u0131c\u0131 patlama tehlikesine yol a\u00e7mak i\u00e7in, her bir k\u00fcresel vana g\u00f6vdesinde, bilya ve g\u00f6vdede, paslanmaz \u00e7elik bilya ve yaydan olu\u015fan anti-statik cihaz tasarlanm\u0131\u015ft\u0131r. vanan\u0131n k\u00fcresinden h\u0131zl\u0131 bir \u015fekilde statik elektrik \u00fcretebilir ve vana g\u00f6vdesine, d\u00fczg\u00fcn teslimata ve g\u00f6vdeye yol a\u00e7abilir;<\/p>\n<p>3. ZECO end\u00fcstriyel k\u00fcresel vana, vanan\u0131n boru hatt\u0131nda uzun s\u00fcreli kullan\u0131m\u0131n\u0131 daha iyi hale getirmek i\u00e7in, bak\u0131m\u0131 kolay, bu nedenle g\u00f6vde ve koltuk tasar\u0131m\u0131nda gres deli\u011fi, dolay\u0131s\u0131yla d\u00fczenli bak\u0131m veya uzun s\u00fcreli kullan\u0131mda mikro s\u0131z\u0131nt\u0131dan sonra ihtiya\u00e7 duyulur. onar\u0131m, s\u0131zd\u0131rmazl\u0131k gresi gres ya\u011f\u0131 enjeksiyonu yoluyla basit bir i\u015flem olabilir, boru hatt\u0131ndaki k\u00fcresel vanan\u0131n normal kullan\u0131m\u0131n\u0131 sa\u011flar;<\/p>\n<p>4. ZECO end\u00fcstriyel k\u00fcresel vana, vanan\u0131n korozyona kar\u015f\u0131 daha iyi korunmas\u0131 amac\u0131yla m\u00fc\u015fteri gereksinimlerine ba\u011fl\u0131 olarak 1500\u03bcm kal\u0131nl\u0131\u011fa kadar epoksi kaplama ile kaplanabilmektedir. Bu i\u015flem, baz\u0131 a\u015f\u0131nd\u0131r\u0131c\u0131 ortam ko\u015fullar\u0131nda k\u00fcresel vanay\u0131 orta erozyonla etkili bir \u015fekilde \u00f6nleyebilir.<\/p>\n<h2>End\u00fcstriyel K\u00fcresel Vana Malzemesi:<\/h2>\n<table>\n<tbody>\n<tr class=\"firstRow\">\n<td valign=\"center\">Hay\u0131r<\/td>\n<td valign=\"center\">Par\u00e7a<\/td>\n<td valign=\"center\">Malzeme<\/td>\n<\/tr>\n<tr>\n<td valign=\"center\">1<\/td>\n<td valign=\"center\">V\u00fccut<\/td>\n<td valign=\"center\">ASTM A216 WCB<\/td>\n<\/tr>\n<tr>\n<td valign=\"center\">2<\/td>\n<td valign=\"center\">Bone<\/td>\n<td valign=\"center\">ASTM A216 WCB<\/td>\n<\/tr>\n<tr>\n<td valign=\"center\">3<\/td>\n<td valign=\"center\">Top<\/td>\n<td valign=\"center\">ASTM A182 F304<\/td>\n<\/tr>\n<tr>\n<td valign=\"center\">4<\/td>\n<td valign=\"center\">Koltuk<\/td>\n<td valign=\"center\">ASTM A182 F304 + PTFE<\/td>\n<\/tr>\n<tr>\n<td valign=\"center\">5<\/td>\n<td valign=\"center\">K\u00f6k<\/td>\n<td valign=\"center\">ASTM A276 304<\/td>\n<\/tr>\n<tr>\n<td valign=\"center\">6<\/td>\n<td valign=\"center\">Anti-statik Cihaz<\/td>\n<td valign=\"center\">SS304<\/td>\n<\/tr>\n<tr>\n<td valign=\"center\">7<\/td>\n<td valign=\"center\">Conta<\/td>\n<td valign=\"center\">Grafit + SS304<\/td>\n<\/tr>\n<tr>\n<td valign=\"center\">8<\/td>\n<td valign=\"center\">C\u0131vata<\/td>\n<td valign=\"center\">ASTM A193 B7<\/td>\n<\/tr>\n<tr>\n<td valign=\"center\">9<\/td>\n<td valign=\"center\">F\u0131nd\u0131k<\/td>\n<td valign=\"center\">ASTM A194 2H<\/td>\n<\/tr>\n<tr>\n<td valign=\"center\">10<\/td>\n<td valign=\"center\">O-ring<\/td>\n<td valign=\"center\">Viton A<\/td>\n<\/tr>\n<tr>\n<td valign=\"center\">11<\/td>\n<td valign=\"center\">Kol<\/td>\n<td valign=\"center\">ASTM A216 WCB<\/td>\n<\/tr>\n<\/tbody>\n<\/table>\n<\/div>","protected":false},"excerpt":{"rendered":"<p>End\u00fcstriyel K\u00fcresel Vana VANA F\u0130YATI ALIN End\u00fcstriyel K\u00fcresel Vana A\u00e7\u0131klamas\u0131: ZECO end\u00fcstriyel k\u00fcresel vana, petrokimya, rafinaj, metalurji,\u2026 <a title=\"End\u00fcstriyel K\u00fcresel Vana\" class=\"read-more\" href=\"https:\/\/zecovalve.com\/tr\/urun\/industrial-ball-valve\" aria-label=\"End\u00fcstriyel K\u00fcresel Vana hakk\u0131nda daha fazlas\u0131\">Daha fazla bilgi edinin<\/a><\/p>","protected":false},"featured_media":27864,"comment_status":"closed","ping_status":"closed","template":"","meta":{"_generate-full-width-content":"","kt_blocks_editor_width":""},"product_cat":[2047,2459,2465],"product_tag":[2804,3920,2658],"class_list":["post-16525","product","type-product","status-publish","has-post-thumbnail","hentry","product_cat-ball-valve","product_cat-ball-valve-by-form","product_cat-forged-steel-ball-valve","product_tag-2-inch-ball-valve","product_tag-api-6d-ball-valve","product_tag-isolation-valve","sales-flash-overlay","woocommerce-text-align-center","woocommerce-image-align-center","do-quantity-buttons"],"featured_image_src_large":["https:\/\/zecovalve.com\/wp-content\/uploads\/2022\/06\/Industrial-Ball-Valve.jpg",800,600,false],"author_info":[],"comment_info":0,"taxonomy_info":{"product_cat":[{"value":2047,"label":"Ball Valve"},{"value":2459,"label":"Ball Valve By Form"},{"value":2465,"label":"Forged Ball Valve"}],"product_tag":[{"value":2804,"label":"2 inch Ball Valve"},{"value":3920,"label":"API 6D Ball Valve"},{"value":2658,"label":"Isolation Valve"}]},"yoast_head":"<!-- This site is optimized with the Yoast SEO Premium plugin v15.4 - https:\/\/yoast.com\/wordpress\/plugins\/seo\/ -->\n<title>Industrial Ball Valve - ZECO Valve<\/title>\n<meta name=\"robots\" content=\"index, follow, max-snippet:-1, max-image-preview:large, max-video-preview:-1\" \/>\n<link rel=\"canonical\" href=\"https:\/\/zecovalve.com\/tr\/urun\/industrial-ball-valve\" \/>\n<meta property=\"og:locale\" content=\"tr_TR\" \/>\n<meta property=\"og:type\" content=\"article\" \/>\n<meta property=\"og:title\" content=\"Industrial Ball Valve - ZECO Valve\" \/>\n<meta property=\"og:description\" content=\"Industrial Ball Valve \u00a0GET VALVE PRICE Description of Industrial Ball Valve: ZECO industrial ball valve is widely used in petrochemical, refining, metallurgy, ... Read more\" \/>\n<meta property=\"og:url\" content=\"https:\/\/zecovalve.com\/tr\/urun\/industrial-ball-valve\" \/>\n<meta property=\"og:site_name\" content=\"ZECO Valve\" \/>\n<meta property=\"article:modified_time\" content=\"2023-06-07T07:08:17+00:00\" \/>\n<meta property=\"og:image\" content=\"https:\/\/zecovalve.com\/wp-content\/uploads\/2022\/06\/Industrial-Ball-Valve.jpg\" \/>\n\t<meta property=\"og:image:width\" content=\"800\" \/>\n\t<meta property=\"og:image:height\" content=\"600\" \/>\n<meta name=\"twitter:card\" content=\"summary_large_image\" \/>\n<meta name=\"twitter:label1\" content=\"Yazan:\">\n\t<meta name=\"twitter:data1\" content=\"Jerry\">\n\t<meta name=\"twitter:label2\" content=\"Tahmini okuma s\u00fcresi\">\n\t<meta name=\"twitter:data2\" content=\"2 dakika\">\n<script type=\"application\/ld+json\" class=\"yoast-schema-graph\">{\"@context\":\"https:\/\/schema.org\",\"@graph\":[{\"@type\":\"WebSite\",\"@id\":\"https:\/\/zecovalve.com\/#website\",\"url\":\"https:\/\/zecovalve.com\/\",\"name\":\"ZECO Valve\",\"description\":\"Industrial Ball Valve, Gate Valve and Globe Valve Manufacturer\",\"potentialAction\":[{\"@type\":\"SearchAction\",\"target\":\"https:\/\/zecovalve.com\/?s={search_term_string}\",\"query-input\":\"required name=search_term_string\"}],\"inLanguage\":\"tr\"},{\"@type\":\"ImageObject\",\"@id\":\"https:\/\/zecovalve.com\/product\/industrial-ball-valve#primaryimage\",\"inLanguage\":\"tr\",\"url\":\"https:\/\/zecovalve.com\/wp-content\/uploads\/2022\/06\/Industrial-Ball-Valve.jpg\",\"width\":800,\"height\":600,\"caption\":\"Industrial Ball Valve\"},{\"@type\":\"WebPage\",\"@id\":\"https:\/\/zecovalve.com\/product\/industrial-ball-valve#webpage\",\"url\":\"https:\/\/zecovalve.com\/product\/industrial-ball-valve\",\"name\":\"Industrial Ball Valve - ZECO Valve\",\"isPartOf\":{\"@id\":\"https:\/\/zecovalve.com\/#website\"},\"primaryImageOfPage\":{\"@id\":\"https:\/\/zecovalve.com\/product\/industrial-ball-valve#primaryimage\"},\"datePublished\":\"2022-06-21T07:10:57+00:00\",\"dateModified\":\"2023-06-07T07:08:17+00:00\",\"breadcrumb\":{\"@id\":\"https:\/\/zecovalve.com\/product\/industrial-ball-valve#breadcrumb\"},\"inLanguage\":\"tr\",\"potentialAction\":[{\"@type\":\"ReadAction\",\"target\":[\"https:\/\/zecovalve.com\/product\/industrial-ball-valve\"]}]},{\"@type\":\"BreadcrumbList\",\"@id\":\"https:\/\/zecovalve.com\/product\/industrial-ball-valve#breadcrumb\",\"itemListElement\":[{\"@type\":\"ListItem\",\"position\":1,\"item\":{\"@type\":\"WebPage\",\"@id\":\"https:\/\/zecovalve.com\/\",\"url\":\"https:\/\/zecovalve.com\/\",\"name\":\"Home\"}},{\"@type\":\"ListItem\",\"position\":2,\"item\":{\"@type\":\"WebPage\",\"@id\":\"https:\/\/zecovalve.com\/product-category\",\"url\":\"https:\/\/zecovalve.com\/product-category\",\"name\":\"Industrial Valve Manufacturer | Water Valve Manufacturer\"}},{\"@type\":\"ListItem\",\"position\":3,\"item\":{\"@type\":\"WebPage\",\"@id\":\"https:\/\/zecovalve.com\/product\/industrial-ball-valve\",\"url\":\"https:\/\/zecovalve.com\/product\/industrial-ball-valve\",\"name\":\"Industrial Ball Valve\"}}]}]}<\/script>\n<!-- \/ Yoast SEO Premium plugin. -->","_links":{"self":[{"href":"https:\/\/zecovalve.com\/tr\/wp-json\/wp\/v2\/product\/16525","targetHints":{"allow":["GET"]}}],"collection":[{"href":"https:\/\/zecovalve.com\/tr\/wp-json\/wp\/v2\/product"}],"about":[{"href":"https:\/\/zecovalve.com\/tr\/wp-json\/wp\/v2\/types\/product"}],"replies":[{"embeddable":true,"href":"https:\/\/zecovalve.com\/tr\/wp-json\/wp\/v2\/comments?post=16525"}],"wp:featuredmedia":[{"embeddable":true,"href":"https:\/\/zecovalve.com\/tr\/wp-json\/wp\/v2\/media\/27864"}],"wp:attachment":[{"href":"https:\/\/zecovalve.com\/tr\/wp-json\/wp\/v2\/media?parent=16525"}],"wp:term":[{"taxonomy":"product_cat","embeddable":true,"href":"https:\/\/zecovalve.com\/tr\/wp-json\/wp\/v2\/product_cat?post=16525"},{"taxonomy":"product_tag","embeddable":true,"href":"https:\/\/zecovalve.com\/tr\/wp-json\/wp\/v2\/product_tag?post=16525"}],"curies":[{"name":"wp","href":"https:\/\/api.w.org\/{rel}","templated":true}]}}