{"id":16546,"date":"2022-06-21T07:25:55","date_gmt":"2022-06-21T07:25:55","guid":{"rendered":"https:\/\/zecovalve.com\/?post_type=product&#038;p=16546"},"modified":"2023-06-07T07:08:45","modified_gmt":"2023-06-07T07:08:45","slug":"cryogenic-ball-valve","status":"publish","type":"product","link":"https:\/\/zecovalve.com\/tr\/urun\/cryogenic-ball-valve","title":{"rendered":"Kriyojenik K\u00fcresel Vana"},"content":{"rendered":"<figure class=\"wp-block-image alignnone size-medium wp-image-16547\"><img loading=\"lazy\" decoding=\"async\" width=\"300\" height=\"225\" class=\"wp-image-16547\" src=\"https:\/\/zecovalve.com\/wp-content\/uploads\/2022\/06\/cryogenic-ball-valve-300x225.jpg\" alt=\"Kriyojenik K\u00fcresel Vana\" srcset=\"https:\/\/zecovalve.com\/wp-content\/uploads\/2022\/06\/cryogenic-ball-valve-300x225.jpg 300w, https:\/\/zecovalve.com\/wp-content\/uploads\/2022\/06\/cryogenic-ball-valve-768x576.jpg 768w, https:\/\/zecovalve.com\/wp-content\/uploads\/2022\/06\/cryogenic-ball-valve-600x450.jpg 600w, https:\/\/zecovalve.com\/wp-content\/uploads\/2022\/06\/cryogenic-ball-valve.jpg 800w\" sizes=\"auto, (max-width: 300px) 100vw, 300px\" \/><\/figure>\r\n\r\n\r\n\r\n\r\n<div class=\"gb-button-wrapper gb-button-wrapper-6d8495a3\">\r\n\r\n\r\n<p><a class=\"gb-button gb-button-3d442e11 gb-button-text\" href=\"mailto:commercial@zecovalve.com\" target=\"_blank\" rel=\"noopener noreferrer\"><strong>KR\u0130YOJEN\u0130K K\u00dcRESEL VANA F\u0130YAT ALIN<\/strong><\/a><\/p>\r\n<\/div>\r\n\r\n\r\n<h2 class=\"wp-block-heading\">Kriyojenik Valf Nedir?<\/h2>\r\n\r\n\r\n\r\n<p>Kriyojenik valfler, kriyojenik gazlar\u0131 veya di\u011fer ortamlar\u0131 emniyetli ve emniyetli bir \u015fekilde muhafaza etmek i\u00e7in do\u011fal olarak kapal\u0131 konumda tutulur. Kriyojenik bir valf genellikle, gaz\u0131n veya di\u011fer ortamlar\u0131n kolayca akmas\u0131n\u0131 sa\u011flamak i\u00e7in valfi a\u00e7\u0131k konuma iten y\u00fcksek bas\u0131nca tepki verecek \u015fekilde tasarlanm\u0131\u015ft\u0131r.<\/p>\r\n\r\n\r\n\r\n<h2 class=\"wp-block-heading\" id=\"h-what-is-a-cryogenic-ball-valve\">Kriyojenik K\u00fcresel Vana Nedir?<\/h2>\r\n\r\n\r\n\r\n<p>ZECO kriyojenik k\u00fcresel vana, y\u00fczer bilyeli ve muyluya monteli bilyal\u0131 tipte tasarlanabilir. Valf g\u00f6vdesi bo\u015flu\u011funda anormal artan bas\u0131nc\u0131 \u00f6nlemek i\u00e7in, yukar\u0131 ak\u0131\u015f taraf\u0131nda, g\u00f6vde bo\u015flu\u011funu yukar\u0131 ak\u0131\u015f boru hatt\u0131 ile denge bas\u0131nc\u0131 aras\u0131na ba\u011flamak i\u00e7in topta bir delik a\u00e7\u0131lacakt\u0131r. Bu nedenle kurulum s\u0131ras\u0131nda orta ak\u0131\u015f y\u00f6n\u00fcn\u00fc dikkate almak gerekir. Valf yuvas\u0131 yap\u0131s\u0131, g\u00f6vde bo\u015flu\u011fu bas\u0131nc\u0131 anormal \u015fekilde y\u00fckseldi\u011finde, yukar\u0131 veya a\u015fa\u011f\u0131 boru hatt\u0131na bas\u0131nc\u0131 kendi kendine tahliye edebilen DBB tipi kullan\u0131l\u0131r. G\u00f6vde ve yuva aras\u0131ndaki conta tipi, \u00e7ift Dudakl\u0131 conta veya ters y\u00fckl\u00fc \u00e7ift Dudakl\u0131 conta ile tasarlanm\u0131\u015ft\u0131r. Mil ile salmastra aras\u0131nda Lip-conta + grafit tipi kullan\u0131l\u0131r. Gev\u015fekli\u011fi \u00f6nlemek i\u00e7in valf salmastras\u0131 Belleville yay\u0131na y\u00fcklenecektir. Valf kaputu uzat\u0131lm\u0131\u015f kaput tipinde tasarlanm\u0131\u015ft\u0131r. Salmastra yuvas\u0131 s\u0131cakl\u0131\u011f\u0131n\u0131 0\u00b0C&#039;nin \u00fczerinde tutmak i\u00e7in farkl\u0131 servis s\u0131cakl\u0131klar\u0131na.<\/p>\r\n\r\n\r\n\r\n<h2 class=\"wp-block-heading\">Kriyojenik K\u00fcresel Vanan\u0131n \u00d6zellikleri<\/h2>\r\n\r\n\r\n\r\n<ul class=\"wp-block-list\">\r\n<li>S\u0131n\u0131f 150&#039;den S\u0131n\u0131f 2500&#039;e<\/li>\r\n<li>Boyut Aral\u0131\u011f\u0131 \u00bc\u201d ila 24\u201d (S\u0131n\u0131fa Ba\u011fl\u0131)<\/li>\r\n<li>Y\u00fczer ve Muylu, Tam ve Azalt\u0131lm\u0131\u015f Ge\u00e7i\u015fli<\/li>\r\n<li>G\u00f6vde Et Kal\u0131nl\u0131\u011f\u0131 ASME B16.34, D\u00f6vme veya D\u00f6k\u00fcm Versiyonlar<\/li>\r\n<li>-196\u00b0C&#039;ye (-320\u00b0F) kadar kriyojenik olarak test edildi<\/li>\r\n<li>Yang\u0131na Dayan\u0131kl\u0131 Tasar\u0131m API 607<\/li>\r\n<li>Havaland\u0131rmal\u0131 Bilyal\u0131 Standart<\/li>\r\n<li>Patlamaya Dayan\u0131kl\u0131, D\u00fc\u015f\u00fck Torklu K\u0131lavuzlu G\u00f6vde Tasar\u0131m\u0131<\/li>\r\n<li>Canl\u0131 Y\u00fckl\u00fc Paketleme ve Anti-Statik \u00d6zellikli<\/li>\r\n<li>Ka\u00e7ak Emisyonlar ISO 15848<\/li>\r\n<li>PTFE, TFM, CTFM, PCTFE ve Metal Koltuklar Mevcuttur<\/li>\r\n<li>Valfler sevk\u0131yattan \u00f6nce ya\u011fdan ar\u0131nd\u0131r\u0131l\u0131r, temizlenir ve paketlenir<\/li>\r\n<li>M\u00fc\u015fteri \u0130htiyac\u0131na G\u00f6re \u00d6zel Y\u00fcz Y\u00fcze Uzunluklar Mevcuttur<\/li>\r\n<li>Manuel, Elektrikli, Pn\u00f6matik veya Elektro-Hidrolik Operat\u00f6rler Mevcuttur<\/li>\r\n<li>Yang\u0131n Testi: API 607, API 6FA, BS 6755 B\u00f6l\u00fcm II<\/li>\r\n<li>Test: API 598, API 17D, ISO 5208, BS 6755 B\u00f6l\u00fcm I, BS 6364<\/li>\r\n<li>\u0130\u015faretleme: MSS-SP-25, PED<\/li>\r\n<li>Sertifikalar: API607, SIL, NACE, MR0175, PED, Ka\u00e7ak Emisyonlar<\/li>\r\n<\/ul>\r\n\r\n\r\n\r\n<h2 class=\"wp-block-heading\">Neden Kriyojenik Valf Uzat\u0131lm\u0131\u015f Kaportaya Sahiptir?<\/h2>\r\n\r\n\r\n\r\n<p>Etilen, s\u0131v\u0131 oksijen, s\u0131v\u0131 hidrojen, s\u0131v\u0131la\u015ft\u0131r\u0131lm\u0131\u015f do\u011fal gaz, s\u0131v\u0131la\u015ft\u0131r\u0131lm\u0131\u015f petrol ve di\u011fer s\u0131v\u0131 ortamlar, kriyojenik valf transferleri yan\u0131c\u0131 ve patlay\u0131c\u0131d\u0131r. \u00dcstelik s\u0131cakl\u0131k artt\u0131\u011f\u0131nda y\u00fczlerce kez gazla\u015f\u0131p genle\u015fecekler.<\/p>\r\n\r\n\r\n\r\n<p>Bu t\u00fcr bir vana her zaman uzat\u0131lm\u0131\u015f bir ba\u015fl\u0131k veya uzat\u0131lm\u0131\u015f bir g\u00f6vde ile donat\u0131lm\u0131\u015ft\u0131r. O y\u00fczden:<\/p>\r\n\r\n\r\n\r\n<ul class=\"wp-block-list\">\r\n<li>Uzat\u0131lm\u0131\u015f kapak, kriyojenik valf ve di\u011fer valflerde \u00f6nemli bir rol oynayan salmastra kutusunun d\u00fc\u015f\u00fck s\u0131cakl\u0131ktan zarar g\u00f6rmesini \u00f6nleyebilir. S\u0131cakl\u0131k d\u00fc\u015ft\u00fck\u00e7e salmastra giderek daha az elastik hale gelecek ve s\u0131z\u0131nt\u0131y\u0131 \u00f6nleme \u00f6zelli\u011fini kaybedecektir. Daha sonra, salmastra ile sap aras\u0131ndaki bo\u015flukta orta derecede donma meydana gelir, bu da sap\u0131n hareketini engeller ve sap hareket ettik\u00e7e salmastran\u0131n \u00e7izilmesine neden olur. Sonu\u00e7ta \u015fiddetli s\u0131z\u0131nt\u0131 ortaya \u00e7\u0131k\u0131yor. Bu nedenle, salmastran\u0131n en az 8\u00b0C&#039;nin \u00fczerinde yeterince s\u0131cak olmas\u0131n\u0131 sa\u011flamak i\u00e7in uzat\u0131lm\u0131\u015f bir sap kullan\u0131l\u0131r.<\/li>\r\n<li>Kaputun uzat\u0131lm\u0131\u015f yap\u0131s\u0131, vanan\u0131n etraf\u0131na \u00f6zel malzemelerin sar\u0131lmas\u0131n\u0131 kolayla\u015ft\u0131rarak so\u011fuk enerji kayb\u0131n\u0131 \u00f6nler.<\/li>\r\n<li>Borular ve vanalar genellikle &#039;so\u011fuk kutu&#039; olarak adland\u0131r\u0131lan yere monte edilir, ancak &#039;uzun boynu&#039; &#039;so\u011fuk kutu&#039;nun duvar\u0131ndan ge\u00e7ebilir. Buna dayanarak, uzat\u0131lm\u0131\u015f g\u00f6vde, valfin ana par\u00e7alar\u0131n\u0131n kapaktan h\u0131zl\u0131 bir \u015fekilde s\u00f6k\u00fclmesini veya de\u011fi\u015ftirilmesini kolayla\u015ft\u0131r\u0131r.<\/li>\r\n<\/ul>\r\n\r\n\r\n\r\n<p>Bu nedenle, so\u011fuk kutunun s\u0131z\u0131nt\u0131s\u0131n\u0131 m\u00fcmk\u00fcn oldu\u011fu kadar azaltmak ve vanan\u0131n s\u0131zd\u0131rmazl\u0131k performans\u0131n\u0131 sa\u011flamak i\u00e7in vana g\u00f6vdesi ve boru hatt\u0131 birbirine kaynaklanm\u0131\u015ft\u0131r.<\/p>\r\n\r\n\r\n\r\n<h2 class=\"wp-block-heading\" id=\"h-features-of-cryogenic-ball-valve\">Kriyojenik K\u00fcresel Vanan\u0131n \u00d6zellikleri<\/h2>\r\n\r\n\r\n\r\n<ul class=\"wp-block-list\">\r\n<li>ZECO kriyojenik k\u00fcresel vana bas\u0131n\u00e7 par\u00e7alar\u0131, \u00e7\u00fcnk\u00fc i\u015flemeden \u00f6nce kriyojenik i\u015flemden sonra, s\u0131v\u0131 nitrojen tank\u0131nda - 196 \u00b0 C&#039;de son izolasyonu 1 ~ 2 saatte iki kez tekrarlay\u0131n, bu nedenle ZECO k\u00fcresel vana par\u00e7alar\u0131, \u0131s\u0131 sintinelerinin so\u011fuklu\u011fundan kaynaklanan orta s\u0131cakl\u0131ktaki de\u011fi\u015fiklik nedeniyle \u00e7al\u0131\u015fmayacakt\u0131r. b\u00fcz\u00fclme, s\u0131zd\u0131rmazl\u0131k yap\u0131s\u0131 d\u00fc\u015f\u00fck s\u0131cakl\u0131k nedeniyle deformasyona neden olmaz;<\/li>\r\n<li>Salmastra kutusunun uzun vadeli s\u0131zd\u0131rmazl\u0131k etkisini korumak i\u00e7in ZECO kriyojenik k\u00fcresel vanan\u0131n kapa\u011f\u0131, salmastra kutusunu d\u00fc\u015f\u00fck s\u0131cakl\u0131ktan uzak tutmak ve ona yal\u0131t\u0131m malzemesi eklemek i\u00e7in uzun boyunlu yap\u0131y\u0131 benimser;<\/li>\r\n<li>ZECO kriyojenik k\u00fcresel vanan\u0131n \u00f6zel olarak geli\u015ftirilmi\u015f contas\u0131, d\u00fc\u015f\u00fck s\u0131cakl\u0131kta ve normal s\u0131cakl\u0131kta normal \u00e7al\u0131\u015fmay\u0131 sa\u011flayabilir;<\/li>\r\n<li>ZECO kriyojenik k\u00fcresel vanan\u0131n g\u00f6vdesi ayn\u0131 zamanda krom kaplamal\u0131 ve nitr\u00fcrle i\u015flenmi\u015ftir, bu da g\u00f6vdenin y\u00fczey sertli\u011fini b\u00fcy\u00fck \u00f6l\u00e7\u00fcde art\u0131r\u0131r.<\/li>\r\n<li>Top \/ Koltuk Al\u0131\u015ft\u0131rma\r\n<ul>\r\n<li>Malzemeler ve s\u0131zd\u0131rmazl\u0131k gereklilikleri gerektirdi\u011finde al\u0131\u015ft\u0131r\u0131lm\u0131\u015f bilya ve yuva setleri kullan\u0131l\u0131r. Bu hassas \u00fcretim s\u00fcreci, bilya ve yuvalar i\u00e7in en d\u00fc\u015f\u00fck \u00e7al\u0131\u015fma torkunu ve m\u00fcmk\u00fcn olan en s\u0131k\u0131 s\u0131zd\u0131rmazl\u0131k kapasitesini sa\u011flarken ayn\u0131 zamanda ama\u00e7lanan uygulama i\u00e7in ola\u011fan\u00fcst\u00fc uzun bir hizmet \u00f6mr\u00fc sa\u011flar. Al\u0131\u015ft\u0131rma, olduk\u00e7a yak\u0131n e\u015fle\u015fme y\u00fczeyleri elde etmek i\u00e7in al\u0131\u015ft\u0131rma maddesi olarak son derece ince cilalama bile\u015fiklerinin kullan\u0131ld\u0131\u011f\u0131 bir y\u00fczey bitirme i\u015flemidir.<\/li>\r\n<\/ul>\r\n<\/li>\r\n<li>Enerji Tasarruflu Mil Uzant\u0131s\u0131\r\n<ul>\r\n<li>Mil uzatma muhafazas\u0131n\u0131n i\u00e7 \u00e7ap\u0131 ile d\u00f6vme sap\u0131n d\u0131\u015f \u00e7ap\u0131 aras\u0131ndaki bo\u015fluk 1 mm&#039;den az olacak \u015fekilde tasarlanm\u0131\u015ft\u0131r. Bu konfig\u00fcrasyon, \u0131s\u0131y\u0131 hattaki s\u0131v\u0131dan uzak tutacak ve b\u00f6ylece \u00f6nemli enerji maliyetlerinden tasarruf sa\u011flayacak \u015fekilde tasarlanm\u0131\u015ft\u0131r.<\/li>\r\n<\/ul>\r\n<\/li>\r\n<li>Kriyojenik Test\r\n<ul>\r\n<li>ZECO Valve, -196\u00b0C&#039;lik \u00e7ok d\u00fc\u015f\u00fck s\u0131cakl\u0131klarda tasar\u0131m testlerinin kan\u0131t\u0131n\u0131 i\u00e7eren BS 6364 ile tam uyumlu olarak kriyojenik servis k\u00fcresel vanalar\u0131 tasarlar. Kriyo testi \u00f6ncesinde ve sonras\u0131nda ayr\u0131nt\u0131l\u0131 kalite denetimleri ger\u00e7ekle\u015ftirilir ve do\u011frulama i\u00e7in valfler yeniden monte edilir ve ortam s\u0131cakl\u0131klar\u0131nda tekrar test edilir.<\/li>\r\n<\/ul>\r\n<\/li>\r\n<\/ul>\r\n\r\n\r\n\r\n<h2 class=\"wp-block-heading\" id=\"h-material-of-cryogenic-ball-valve\">Kriyojenik K\u00fcresel Vana Malzemesi<\/h2>\r\n\r\n\r\n\r\n<figure class=\"wp-block-table\">\r\n<table>\r\n<tbody>\r\n<tr>\r\n<td>Hay\u0131r<\/td>\r\n<td>Par\u00e7a<\/td>\r\n<td>Malzeme<\/td>\r\n<\/tr>\r\n<tr>\r\n<td>1<\/td>\r\n<td>V\u00fccut<\/td>\r\n<td>ASTM A350 LF2<\/td>\r\n<\/tr>\r\n<tr>\r\n<td>2<\/td>\r\n<td>Bone<\/td>\r\n<td>ASTM A350 LF2<\/td>\r\n<\/tr>\r\n<tr>\r\n<td>3<\/td>\r\n<td>Top<\/td>\r\n<td>ASTM A350 LF2<\/td>\r\n<\/tr>\r\n<tr>\r\n<td>4<\/td>\r\n<td>Koltuk<\/td>\r\n<td>ASTM A182 F316 + TFM<\/td>\r\n<\/tr>\r\n<tr>\r\n<td>5<\/td>\r\n<td>K\u00f6k<\/td>\r\n<td>17-4PH<\/td>\r\n<\/tr>\r\n<tr>\r\n<td>6<\/td>\r\n<td>Anti-statik Cihaz<\/td>\r\n<td>SS316<\/td>\r\n<\/tr>\r\n<tr>\r\n<td>7<\/td>\r\n<td>Conta<\/td>\r\n<td>Grafit + SS316<\/td>\r\n<\/tr>\r\n<tr>\r\n<td>8<\/td>\r\n<td>C\u0131vata<\/td>\r\n<td>ASTM A193 B8<\/td>\r\n<\/tr>\r\n<tr>\r\n<td>9<\/td>\r\n<td>F\u0131nd\u0131k<\/td>\r\n<td>ASTM A194 8<\/td>\r\n<\/tr>\r\n<tr>\r\n<td>10<\/td>\r\n<td>O-ring<\/td>\r\n<td>Viton A<\/td>\r\n<\/tr>\r\n<tr>\r\n<td>11<\/td>\r\n<td>Kol<\/td>\r\n<td>ASTM A216 WCB<\/td>\r\n<\/tr>\r\n<\/tbody>\r\n<\/table>\r\n<\/figure>","protected":false},"excerpt":{"rendered":"<p>Kriyojenik Valf Nedir? Kriyojenik valfler, kriyojenik gazlar\u0131 veya di\u011fer ortamlar\u0131 g\u00fcvende tutmak i\u00e7in do\u011fal kapal\u0131 konumda tutulur ve \u2026 <a title=\"Kriyojenik K\u00fcresel Vana\" class=\"read-more\" href=\"https:\/\/zecovalve.com\/tr\/urun\/cryogenic-ball-valve\" aria-label=\"Kriyojenik K\u00fcresel Vana hakk\u0131nda daha fazlas\u0131\">Daha fazla bilgi edinin<\/a><\/p>","protected":false},"featured_media":27865,"comment_status":"closed","ping_status":"closed","template":"","meta":{"_generate-full-width-content":"","kt_blocks_editor_width":""},"product_cat":[2047,2461],"product_tag":[3896],"class_list":["post-16546","product","type-product","status-publish","has-post-thumbnail","hentry","product_cat-ball-valve","product_cat-ball-valve-by-material","product_tag-flanged-ball-valve","sales-flash-overlay","woocommerce-text-align-center","woocommerce-image-align-center","do-quantity-buttons"],"featured_image_src_large":["https:\/\/zecovalve.com\/wp-content\/uploads\/2022\/06\/Cryogenic-Ball-Valve-4.jpg",800,600,false],"author_info":[],"comment_info":0,"taxonomy_info":{"product_cat":[{"value":2047,"label":"Ball Valve"},{"value":2461,"label":"Ball Valve By Material"}],"product_tag":[{"value":3896,"label":"Flanged Ball Valve"}]},"yoast_head":"<!-- This site is optimized with the Yoast SEO Premium plugin v15.4 - https:\/\/yoast.com\/wordpress\/plugins\/seo\/ -->\n<title>Cryogenic Valve - Cryogenic Ball Valve | Cryogenic Ball Valves Manufacturers<\/title>\n<meta name=\"robots\" content=\"index, follow, max-snippet:-1, max-image-preview:large, max-video-preview:-1\" \/>\n<link rel=\"canonical\" href=\"https:\/\/zecovalve.com\/tr\/urun\/cryogenic-ball-valve\" \/>\n<meta property=\"og:locale\" content=\"tr_TR\" \/>\n<meta property=\"og:type\" content=\"article\" \/>\n<meta property=\"og:title\" content=\"Cryogenic Valve - Cryogenic Ball Valve | Cryogenic Ball Valves Manufacturers\" \/>\n<meta property=\"og:description\" content=\"What is Cryogenic Valve? Cryogenic valves are kept in a natural closed position to keep cryogenic gasses or other mediums secure and ... Read more\" \/>\n<meta property=\"og:url\" content=\"https:\/\/zecovalve.com\/tr\/urun\/cryogenic-ball-valve\" \/>\n<meta property=\"og:site_name\" content=\"ZECO Valve\" \/>\n<meta property=\"article:modified_time\" content=\"2023-06-07T07:08:45+00:00\" \/>\n<meta property=\"og:image\" content=\"https:\/\/zecovalve.com\/wp-content\/uploads\/2022\/06\/Cryogenic-Ball-Valve-4.jpg\" \/>\n\t<meta property=\"og:image:width\" content=\"800\" \/>\n\t<meta property=\"og:image:height\" content=\"600\" \/>\n<meta name=\"twitter:card\" content=\"summary_large_image\" \/>\n<meta name=\"twitter:label1\" content=\"Yazan:\">\n\t<meta name=\"twitter:data1\" content=\"Jerry\">\n\t<meta name=\"twitter:label2\" content=\"Tahmini okuma s\u00fcresi\">\n\t<meta name=\"twitter:data2\" content=\"4 dakika\">\n<script type=\"application\/ld+json\" class=\"yoast-schema-graph\">{\"@context\":\"https:\/\/schema.org\",\"@graph\":[{\"@type\":\"WebSite\",\"@id\":\"https:\/\/zecovalve.com\/#website\",\"url\":\"https:\/\/zecovalve.com\/\",\"name\":\"ZECO Valve\",\"description\":\"Industrial Ball Valve, Gate Valve and Globe Valve Manufacturer\",\"potentialAction\":[{\"@type\":\"SearchAction\",\"target\":\"https:\/\/zecovalve.com\/?s={search_term_string}\",\"query-input\":\"required name=search_term_string\"}],\"inLanguage\":\"tr\"},{\"@type\":\"ImageObject\",\"@id\":\"https:\/\/zecovalve.com\/product\/cryogenic-ball-valve#primaryimage\",\"inLanguage\":\"tr\",\"url\":\"https:\/\/zecovalve.com\/wp-content\/uploads\/2022\/06\/Cryogenic-Ball-Valve-4.jpg\",\"width\":800,\"height\":600,\"caption\":\"Cryogenic Ball Valve\"},{\"@type\":\"WebPage\",\"@id\":\"https:\/\/zecovalve.com\/product\/cryogenic-ball-valve#webpage\",\"url\":\"https:\/\/zecovalve.com\/product\/cryogenic-ball-valve\",\"name\":\"Cryogenic Valve - Cryogenic Ball Valve | Cryogenic Ball Valves Manufacturers\",\"isPartOf\":{\"@id\":\"https:\/\/zecovalve.com\/#website\"},\"primaryImageOfPage\":{\"@id\":\"https:\/\/zecovalve.com\/product\/cryogenic-ball-valve#primaryimage\"},\"datePublished\":\"2022-06-21T07:25:55+00:00\",\"dateModified\":\"2023-06-07T07:08:45+00:00\",\"breadcrumb\":{\"@id\":\"https:\/\/zecovalve.com\/product\/cryogenic-ball-valve#breadcrumb\"},\"inLanguage\":\"tr\",\"potentialAction\":[{\"@type\":\"ReadAction\",\"target\":[\"https:\/\/zecovalve.com\/product\/cryogenic-ball-valve\"]}]},{\"@type\":\"BreadcrumbList\",\"@id\":\"https:\/\/zecovalve.com\/product\/cryogenic-ball-valve#breadcrumb\",\"itemListElement\":[{\"@type\":\"ListItem\",\"position\":1,\"item\":{\"@type\":\"WebPage\",\"@id\":\"https:\/\/zecovalve.com\/\",\"url\":\"https:\/\/zecovalve.com\/\",\"name\":\"Home\"}},{\"@type\":\"ListItem\",\"position\":2,\"item\":{\"@type\":\"WebPage\",\"@id\":\"https:\/\/zecovalve.com\/product-category\",\"url\":\"https:\/\/zecovalve.com\/product-category\",\"name\":\"Industrial Valve Manufacturer | Water Valve Manufacturer\"}},{\"@type\":\"ListItem\",\"position\":3,\"item\":{\"@type\":\"WebPage\",\"@id\":\"https:\/\/zecovalve.com\/product\/cryogenic-ball-valve\",\"url\":\"https:\/\/zecovalve.com\/product\/cryogenic-ball-valve\",\"name\":\"Cryogenic Ball Valve\"}}]}]}<\/script>\n<!-- \/ Yoast SEO Premium plugin. -->","_links":{"self":[{"href":"https:\/\/zecovalve.com\/tr\/wp-json\/wp\/v2\/product\/16546","targetHints":{"allow":["GET"]}}],"collection":[{"href":"https:\/\/zecovalve.com\/tr\/wp-json\/wp\/v2\/product"}],"about":[{"href":"https:\/\/zecovalve.com\/tr\/wp-json\/wp\/v2\/types\/product"}],"replies":[{"embeddable":true,"href":"https:\/\/zecovalve.com\/tr\/wp-json\/wp\/v2\/comments?post=16546"}],"wp:featuredmedia":[{"embeddable":true,"href":"https:\/\/zecovalve.com\/tr\/wp-json\/wp\/v2\/media\/27865"}],"wp:attachment":[{"href":"https:\/\/zecovalve.com\/tr\/wp-json\/wp\/v2\/media?parent=16546"}],"wp:term":[{"taxonomy":"product_cat","embeddable":true,"href":"https:\/\/zecovalve.com\/tr\/wp-json\/wp\/v2\/product_cat?post=16546"},{"taxonomy":"product_tag","embeddable":true,"href":"https:\/\/zecovalve.com\/tr\/wp-json\/wp\/v2\/product_tag?post=16546"}],"curies":[{"name":"wp","href":"https:\/\/api.w.org\/{rel}","templated":true}]}}