{"id":16561,"date":"2022-06-21T07:47:48","date_gmt":"2022-06-21T07:47:48","guid":{"rendered":"https:\/\/zecovalve.com\/?post_type=product&#038;p=16561"},"modified":"2023-06-15T12:53:48","modified_gmt":"2023-06-15T12:53:48","slug":"cast-steel-gate-valve","status":"publish","type":"product","link":"https:\/\/zecovalve.com\/tr\/urun\/cast-steel-gate-valve","title":{"rendered":"\u00c7elik D\u00f6k\u00fcm S\u00fcrg\u00fcl\u00fc Vana"},"content":{"rendered":"<h1 class=\"sep-title\">\u00c7elik D\u00f6k\u00fcm S\u00fcrg\u00fcl\u00fc Vana<\/h1>\n<div class=\"sep-box-detail clearfix\">\n<div class=\"box-lf\">\n<div class=\"thumb\">\n<p><img loading=\"lazy\" decoding=\"async\" class=\"wp-image-27891 size-medium\" src=\"https:\/\/zecovalve.com\/wp-content\/uploads\/2022\/06\/Cast-Steel-Gate-Valve-2-300x225.jpg\" alt=\"\u00c7elik D\u00f6k\u00fcm S\u00fcrg\u00fcl\u00fc Vana\" width=\"300\" height=\"225\" srcset=\"https:\/\/zecovalve.com\/wp-content\/uploads\/2022\/06\/Cast-Steel-Gate-Valve-2-300x225.jpg 300w, https:\/\/zecovalve.com\/wp-content\/uploads\/2022\/06\/Cast-Steel-Gate-Valve-2-768x576.jpg 768w, https:\/\/zecovalve.com\/wp-content\/uploads\/2022\/06\/Cast-Steel-Gate-Valve-2-600x450.jpg 600w, https:\/\/zecovalve.com\/wp-content\/uploads\/2022\/06\/Cast-Steel-Gate-Valve-2.jpg 800w\" sizes=\"auto, (max-width: 300px) 100vw, 300px\" \/><\/p>\n<\/div>\n<div class=\"info\"><a href=\"https:\/\/zecovalve.com\/tr\/products\/cast-steel-gate-valve.html\/#form\"><i class=\"fa fa-commenting-o\" aria-hidden=\"true\"><\/i>\u00a0VANA FI\u0307YATI ALIN<\/a><\/div>\n<\/div>\n<div class=\"box-rt\">\n<div class=\"gg\">\n<div class=\"swiper-container swiper-container-initialized swiper-container-vertical\">\n<div class=\"swiper-wrapper\"><\/div>\n<\/div>\n<\/div>\n<\/div>\n<\/div>\n<div class=\"richtext\">\n<h2>D\u00f6kme \u00c7elik S\u00fcrg\u00fcl\u00fc Vanan\u0131n A\u00e7\u0131klamas\u0131:<\/h2>\n<p>ZECO \u00e7elik d\u00f6k\u00fcm s\u00fcrg\u00fcl\u00fc vana, \u00fcretim ve imalat kalite g\u00fcvence sistemi alt\u0131nda kontrol edilmekte olup, t\u00fcm uluslararas\u0131 end\u00fcstri standartlar\u0131n\u0131 ve kullan\u0131c\u0131 gereksinimlerinin belgelenmi\u015f prosed\u00fcrlerini kar\u015f\u0131lam\u0131\u015ft\u0131r. Hammadde sat\u0131n alma ve do\u011frulama, proses kontrol\u00fc, montaj, test ve sevkiyat ile gerekli t\u00fcm belgeleri i\u00e7eren bu prosed\u00fcrler ve kontroller. ZECO kalite garanti sistemi ISO ve API onayl\u0131 k\u0131lavuz dosyas\u0131nda olu\u015fturulmu\u015ftur. ZECO, ISO 9001 sertifikal\u0131d\u0131r ve API 6D \u00fcr\u00fcn\u00fcn\u00fcn monogram\u0131na y\u00f6nelik lisansl\u0131d\u0131r. Her valf, i\u015flevsellik ve bas\u0131n\u00e7 testleri yoluyla uyumlulu\u011fun do\u011frulanmas\u0131 i\u00e7in tasarlanm\u0131\u015ft\u0131r. Bu, bas\u0131n\u00e7 ilave tahribats\u0131z muayeneler i\u00e7in kimyasal ve mekanik \u00f6zellikleri belgeleyen bir malzeme test raporuyla sonu\u00e7lan\u0131r, ayr\u0131ca kaydedilir ve vana seri numaras\u0131na referans verilir.<\/p>\n<h2>D\u00f6kme \u00c7elik S\u00fcrg\u00fcl\u00fc Vanan\u0131n \u00d6zellikleri:<\/h2>\n<p>1. ZECO d\u00f6kme \u00e7elik s\u00fcrg\u00fcl\u00fc vanan\u0131n y\u00fckselen g\u00f6vdesi, hassas ACME \u00e7ift di\u015fli ile tasarlanabilir. Bu tasar\u0131m, neredeyse iki kat daha h\u0131zl\u0131 a\u00e7man\u0131za veya kapatman\u0131za olanak tan\u0131r ve manuel \u00e7al\u0131\u015fmay\u0131 azalt\u0131r;<\/p>\n<p>2. ZECO d\u00f6kme \u00e7elik s\u00fcrg\u00fcl\u00fc vanan\u0131n g\u00f6vde salmastras\u0131, g\u00f6vdeden ortam s\u0131z\u0131nt\u0131s\u0131n\u0131 en iyi \u015fekilde kontrol edecek \u015fekilde tasarlanm\u0131\u015ft\u0131r. ZECO, valf g\u00f6vdesi s\u0131zd\u0131rmazl\u0131k alan\u0131n\u0131 iyi bir p\u00fcr\u00fczs\u00fczl\u00fckle i\u015flemek i\u00e7in CNC tak\u0131m tezgahlar\u0131n\u0131 kullan\u0131r. Valf g\u00f6vdesinin d\u00fczl\u00fc\u011f\u00fc, valf g\u00f6vdesi salmastras\u0131n\u0131n en iyi s\u0131zd\u0131rmazl\u0131k etkisini sa\u011flayan \u00f6zel a\u00e7\u0131 \u00f6l\u00e7\u00fcm cihaz\u0131yla \u00f6l\u00e7\u00fcl\u00fcr;<\/p>\n<p>3. ZECO d\u00f6kme \u00e7elik s\u00fcrg\u00fcl\u00fc vanan\u0131n arka koltuk tasar\u0131m\u0131, servis s\u0131ras\u0131nda vanan\u0131n bak\u0131ma ihtiyac\u0131 oldu\u011funda vanan\u0131n boru hatt\u0131ndan \u00e7\u0131kar\u0131lmas\u0131 sorununu azaltabilir;<\/p>\n<p>4. \u00c7al\u0131\u015fma ko\u015fullar\u0131na g\u00f6re, s\u0131zd\u0131rmazl\u0131k halkas\u0131n\u0131n a\u015f\u0131nma direncini ve korozyon direncini artt\u0131rmak i\u00e7in ZECO d\u00f6kme \u00e7elik s\u00fcrg\u00fcl\u00fc vanan\u0131n valf kama s\u0131zd\u0131rmazl\u0131k y\u00fczeyi ve valf yuvas\u0131 halkas\u0131 s\u0131zd\u0131rmazl\u0131k y\u00fczeyinin malzemesi olarak stellit kullan\u0131labilir.<\/p>\n<h2>D\u00f6kme \u00c7elik S\u00fcrg\u00fcl\u00fc Vana Malzemesi:<\/h2>\n<table>\n<tbody>\n<tr class=\"firstRow\">\n<td valign=\"center\">Hay\u0131r<\/td>\n<td valign=\"center\">Par\u00e7a<\/td>\n<td valign=\"center\">Malzeme<\/td>\n<\/tr>\n<tr>\n<td valign=\"center\">1<\/td>\n<td valign=\"center\">V\u00fccut<\/td>\n<td valign=\"center\">ASTM A216 WCB<\/td>\n<\/tr>\n<tr>\n<td valign=\"center\">2<\/td>\n<td valign=\"center\">Koltuk Halkas\u0131<\/td>\n<td valign=\"center\">ASTM A105 + STL<\/td>\n<\/tr>\n<tr>\n<td valign=\"center\">3<\/td>\n<td valign=\"center\">Kama<\/td>\n<td valign=\"center\">ASTM A216 WCB + STL<\/td>\n<\/tr>\n<tr>\n<td valign=\"center\">4<\/td>\n<td valign=\"center\">K\u00f6k<\/td>\n<td valign=\"center\">ASTM A276 410<\/td>\n<\/tr>\n<tr>\n<td valign=\"center\">5<\/td>\n<td valign=\"center\">Kaput Contas\u0131<\/td>\n<td valign=\"center\">Grafit + SS304<\/td>\n<\/tr>\n<tr>\n<td valign=\"center\">6<\/td>\n<td valign=\"center\">Kaput C\u0131vatas\u0131<\/td>\n<td valign=\"center\">ASTM A193 B7<\/td>\n<\/tr>\n<tr>\n<td valign=\"center\">7<\/td>\n<td valign=\"center\">Kaput Somunu<\/td>\n<td valign=\"center\">ASTM A194 2H<\/td>\n<\/tr>\n<tr>\n<td valign=\"center\">8<\/td>\n<td valign=\"center\">Bone<\/td>\n<td valign=\"center\">ASTM A216 WCB<\/td>\n<\/tr>\n<tr>\n<td valign=\"center\">9<\/td>\n<td valign=\"center\">Arka Koltuk<\/td>\n<td valign=\"center\">ASTM A182 F6a<\/td>\n<\/tr>\n<tr>\n<td valign=\"center\">10<\/td>\n<td valign=\"center\">K\u00f6k Ambalaj<\/td>\n<td valign=\"center\">G\u00fc\u00e7lendirilmi\u015f Grafit<\/td>\n<\/tr>\n<tr>\n<td valign=\"center\">11<\/td>\n<td valign=\"center\">El \u00c7ark\u0131<\/td>\n<td valign=\"center\">KTH330-08<\/td>\n<\/tr>\n<\/tbody>\n<\/table>\n<\/div>","protected":false},"excerpt":{"rendered":"<p>D\u00f6kme \u00c7elik S\u00fcrg\u00fcl\u00fc Vana VANA F\u0130YATI ALIN D\u00f6kme \u00c7elik S\u00fcrg\u00fcl\u00fc Vanan\u0131n A\u00e7\u0131klamas\u0131: ZECO d\u00f6kme \u00e7elik s\u00fcrg\u00fcl\u00fc vana kontrol alt\u0131nda\u2026 <a title=\"\u00c7elik D\u00f6k\u00fcm S\u00fcrg\u00fcl\u00fc Vana\" class=\"read-more\" href=\"https:\/\/zecovalve.com\/tr\/urun\/cast-steel-gate-valve\" aria-label=\"D\u00f6kme \u00c7elik S\u00fcrg\u00fcl\u00fc Vana hakk\u0131nda daha fazlas\u0131\">Daha fazla bilgi edinin<\/a><\/p>","protected":false},"featured_media":27891,"comment_status":"closed","ping_status":"closed","template":"","meta":{"_generate-full-width-content":"","kt_blocks_editor_width":""},"product_cat":[2052,2454],"product_tag":[2658,2798],"class_list":["post-16561","product","type-product","status-publish","has-post-thumbnail","hentry","product_cat-gate-valve","product_cat-gate-valve-by-material","product_tag-isolation-valve","product_tag-osy-valve","sales-flash-overlay","woocommerce-text-align-center","woocommerce-image-align-center","do-quantity-buttons"],"featured_image_src_large":["https:\/\/zecovalve.com\/wp-content\/uploads\/2022\/06\/Cast-Steel-Gate-Valve-2.jpg",800,600,false],"author_info":[],"comment_info":0,"taxonomy_info":{"product_cat":[{"value":2052,"label":"Gate Valve"},{"value":2454,"label":"Gate Valve By Material"}],"product_tag":[{"value":2658,"label":"Isolation Valve"},{"value":2798,"label":"OS&amp;Y Valve"}]},"yoast_head":"<!-- This site is optimized with the Yoast SEO Premium plugin v15.4 - https:\/\/yoast.com\/wordpress\/plugins\/seo\/ -->\n<title>Cast Steel Gate Valve - ZECO Valve<\/title>\n<meta name=\"robots\" content=\"index, follow, max-snippet:-1, max-image-preview:large, max-video-preview:-1\" \/>\n<link rel=\"canonical\" href=\"https:\/\/zecovalve.com\/tr\/urun\/cast-steel-gate-valve\" \/>\n<meta property=\"og:locale\" content=\"tr_TR\" \/>\n<meta property=\"og:type\" content=\"article\" \/>\n<meta property=\"og:title\" content=\"Cast Steel Gate Valve - ZECO Valve\" \/>\n<meta property=\"og:description\" content=\"Cast Steel Gate Valve \u00a0GET VALVE PRICE Description of Cast Steel Gate Valve: ZECO cast steel gate valve is in controlled under ... Read more\" \/>\n<meta property=\"og:url\" content=\"https:\/\/zecovalve.com\/tr\/urun\/cast-steel-gate-valve\" \/>\n<meta property=\"og:site_name\" content=\"ZECO Valve\" \/>\n<meta property=\"article:modified_time\" content=\"2023-06-15T12:53:48+00:00\" \/>\n<meta property=\"og:image\" content=\"https:\/\/zecovalve.com\/wp-content\/uploads\/2022\/06\/Cast-Steel-Gate-Valve-2.jpg\" \/>\n\t<meta property=\"og:image:width\" content=\"800\" \/>\n\t<meta property=\"og:image:height\" content=\"600\" \/>\n<meta name=\"twitter:card\" content=\"summary_large_image\" \/>\n<meta name=\"twitter:label1\" content=\"Yazan:\">\n\t<meta name=\"twitter:data1\" content=\"Jerry\">\n\t<meta name=\"twitter:label2\" content=\"Tahmini okuma s\u00fcresi\">\n\t<meta name=\"twitter:data2\" content=\"1 dakika\">\n<script type=\"application\/ld+json\" class=\"yoast-schema-graph\">{\"@context\":\"https:\/\/schema.org\",\"@graph\":[{\"@type\":\"WebSite\",\"@id\":\"https:\/\/zecovalve.com\/#website\",\"url\":\"https:\/\/zecovalve.com\/\",\"name\":\"ZECO Valve\",\"description\":\"Industrial Ball Valve, Gate Valve and Globe Valve Manufacturer\",\"potentialAction\":[{\"@type\":\"SearchAction\",\"target\":\"https:\/\/zecovalve.com\/?s={search_term_string}\",\"query-input\":\"required name=search_term_string\"}],\"inLanguage\":\"tr\"},{\"@type\":\"ImageObject\",\"@id\":\"https:\/\/zecovalve.com\/product\/cast-steel-gate-valve#primaryimage\",\"inLanguage\":\"tr\",\"url\":\"https:\/\/zecovalve.com\/wp-content\/uploads\/2022\/06\/Cast-Steel-Gate-Valve-2.jpg\",\"width\":800,\"height\":600,\"caption\":\"Cast Steel Gate Valve\"},{\"@type\":\"WebPage\",\"@id\":\"https:\/\/zecovalve.com\/product\/cast-steel-gate-valve#webpage\",\"url\":\"https:\/\/zecovalve.com\/product\/cast-steel-gate-valve\",\"name\":\"Cast Steel Gate Valve - ZECO Valve\",\"isPartOf\":{\"@id\":\"https:\/\/zecovalve.com\/#website\"},\"primaryImageOfPage\":{\"@id\":\"https:\/\/zecovalve.com\/product\/cast-steel-gate-valve#primaryimage\"},\"datePublished\":\"2022-06-21T07:47:48+00:00\",\"dateModified\":\"2023-06-15T12:53:48+00:00\",\"breadcrumb\":{\"@id\":\"https:\/\/zecovalve.com\/product\/cast-steel-gate-valve#breadcrumb\"},\"inLanguage\":\"tr\",\"potentialAction\":[{\"@type\":\"ReadAction\",\"target\":[\"https:\/\/zecovalve.com\/product\/cast-steel-gate-valve\"]}]},{\"@type\":\"BreadcrumbList\",\"@id\":\"https:\/\/zecovalve.com\/product\/cast-steel-gate-valve#breadcrumb\",\"itemListElement\":[{\"@type\":\"ListItem\",\"position\":1,\"item\":{\"@type\":\"WebPage\",\"@id\":\"https:\/\/zecovalve.com\/\",\"url\":\"https:\/\/zecovalve.com\/\",\"name\":\"Home\"}},{\"@type\":\"ListItem\",\"position\":2,\"item\":{\"@type\":\"WebPage\",\"@id\":\"https:\/\/zecovalve.com\/product-category\",\"url\":\"https:\/\/zecovalve.com\/product-category\",\"name\":\"Industrial Valve Manufacturer | Water Valve Manufacturer\"}},{\"@type\":\"ListItem\",\"position\":3,\"item\":{\"@type\":\"WebPage\",\"@id\":\"https:\/\/zecovalve.com\/product\/cast-steel-gate-valve\",\"url\":\"https:\/\/zecovalve.com\/product\/cast-steel-gate-valve\",\"name\":\"Cast Steel Gate Valve\"}}]}]}<\/script>\n<!-- \/ Yoast SEO Premium plugin. -->","_links":{"self":[{"href":"https:\/\/zecovalve.com\/tr\/wp-json\/wp\/v2\/product\/16561","targetHints":{"allow":["GET"]}}],"collection":[{"href":"https:\/\/zecovalve.com\/tr\/wp-json\/wp\/v2\/product"}],"about":[{"href":"https:\/\/zecovalve.com\/tr\/wp-json\/wp\/v2\/types\/product"}],"replies":[{"embeddable":true,"href":"https:\/\/zecovalve.com\/tr\/wp-json\/wp\/v2\/comments?post=16561"}],"wp:featuredmedia":[{"embeddable":true,"href":"https:\/\/zecovalve.com\/tr\/wp-json\/wp\/v2\/media\/27891"}],"wp:attachment":[{"href":"https:\/\/zecovalve.com\/tr\/wp-json\/wp\/v2\/media?parent=16561"}],"wp:term":[{"taxonomy":"product_cat","embeddable":true,"href":"https:\/\/zecovalve.com\/tr\/wp-json\/wp\/v2\/product_cat?post=16561"},{"taxonomy":"product_tag","embeddable":true,"href":"https:\/\/zecovalve.com\/tr\/wp-json\/wp\/v2\/product_tag?post=16561"}],"curies":[{"name":"wp","href":"https:\/\/api.w.org\/{rel}","templated":true}]}}