{"id":16567,"date":"2022-06-21T07:53:09","date_gmt":"2022-06-21T07:53:09","guid":{"rendered":"https:\/\/zecovalve.com\/?post_type=product&#038;p=16567"},"modified":"2023-06-17T02:31:26","modified_gmt":"2023-06-17T02:31:26","slug":"wafer-dual-plate-check-valve","status":"publish","type":"product","link":"https:\/\/zecovalve.com\/tr\/urun\/wafer-dual-plate-check-valve","title":{"rendered":"Wafer \u00c7ift Plakal\u0131 \u00c7ekvalf"},"content":{"rendered":"<figure class=\"wp-block-image alignnone size-medium wp-image-16568\">\r\n<p><img loading=\"lazy\" decoding=\"async\" class=\"wp-image-27931 size-medium\" src=\"https:\/\/zecovalve.com\/wp-content\/uploads\/2022\/06\/Wafer-Dual-Plate-Check-Valve-2-300x225.jpg\" alt=\"Wafer \u00c7ift Plakal\u0131 \u00c7ekvalf\" width=\"300\" height=\"225\" srcset=\"https:\/\/zecovalve.com\/wp-content\/uploads\/2022\/06\/Wafer-Dual-Plate-Check-Valve-2-300x225.jpg 300w, https:\/\/zecovalve.com\/wp-content\/uploads\/2022\/06\/Wafer-Dual-Plate-Check-Valve-2-768x576.jpg 768w, https:\/\/zecovalve.com\/wp-content\/uploads\/2022\/06\/Wafer-Dual-Plate-Check-Valve-2-600x450.jpg 600w, https:\/\/zecovalve.com\/wp-content\/uploads\/2022\/06\/Wafer-Dual-Plate-Check-Valve-2.jpg 800w\" sizes=\"auto, (max-width: 300px) 100vw, 300px\" \/><\/p>\r\n<\/figure>\r\n\r\n\r\n\r\n\r\n<div class=\"gb-button-wrapper gb-button-wrapper-6d8495a3\">\r\n\r\n\r\n<p><a class=\"gb-button gb-button-3d442e11 gb-button-text\" href=\"mailto:commercial@zecovalve.com\" target=\"_blank\" rel=\"noopener noreferrer\"><strong>GOFRET \u00c7IFT PLAKALI \u00c7EK VALF FIYATI ALIN<\/strong><\/a><\/p>\r\n<\/div>\r\n\r\n\r\n<h2 class=\"wp-block-heading\" id=\"h-what-is-a-wafer-dual-plate-check-valve\">Wafer \u00c7ift Plakal\u0131 \u00c7ekvalf Nedir?<\/h2>\r\n\r\n\r\n\r\n<p>\u00c7ift plakal\u0131 \u00e7ek valf, geleneksel bir sal\u0131n\u0131ml\u0131 \u00e7ek valf veya kald\u0131rma \u00e7ek valfine k\u0131yasla \u00e7ok daha g\u00fc\u00e7l\u00fc, daha hafif ve boyut olarak daha k\u00fc\u00e7\u00fck olan \u00e7ok ama\u00e7l\u0131 bir \u00e7ek valftir.<\/p>\r\n\r\n\r\n\r\n<p>\u00c7ift plakal\u0131 \u00e7ek valf, merkezi bir mente\u015fe pimi \u00fczerine mente\u015felenmi\u015f iki yayl\u0131 plaka kullan\u0131r. Ak\u0131\u015f azald\u0131\u011f\u0131nda, plakalar ters ak\u0131\u015f gerektirmeden burulma yay\u0131 hareketiyle kapan\u0131r.<\/p>\r\n\r\n\r\n\r\n<p>ZECO gofret \u00e7ift plakal\u0131 \u00e7ek valf\u0131n yap\u0131s\u0131, diskin sallanmak i\u00e7in g\u00f6vdenin merkez konumundaki pim boyunca olmas\u0131, k\u0131sa yap\u0131 boyutlar\u0131 ve k\u00fc\u00e7\u00fck hacimdir. Hafiftir, iyi proses performans\u0131 sa\u011flar, h\u0131zla a\u00e7\u0131l\u0131r ve kapan\u0131r. K\u00fc\u00e7\u00fck su \u00e7eki\u00e7 bas\u0131nc\u0131, daha k\u0131sa hareket, k\u00fc\u00e7\u00fck kapal\u0131 darbe bas\u0131nc\u0131, Yatay veya dikey boruda kullan\u0131labilir, hatta kolay kurulum. ZECO gofret \u00e7ift plakal\u0131 \u00e7ek valfin i\u00e7 tasar\u0131m\u0131, su darbesi sorununu en aza indirir, ayr\u0131ca b\u00fcy\u00fck boyutlu boru sistemi i\u00e7in \u00f6nemli olan ak\u0131\u015f verimlili\u011fini \u00f6nemli \u00f6l\u00e7\u00fcde art\u0131rabilir. Daha b\u00fcy\u00fck O.D. boru sistemleri i\u00e7in, 36\" ve \u00fczeri, \u00e7ift plakal\u0131 tasar\u0131m \u00f6nerilir ve tercih edilir. Wafer \u00e7ift plakal\u0131 \u00e7ek valf tasar\u0131m\u0131, sal\u0131n\u0131ml\u0131 \u00e7ek valflerin ak\u0131\u015fla ilgili sorunlar g\u00f6sterdi\u011fi daha k\u00fc\u00e7\u00fck O.D. boru sistemleri i\u00e7in de d\u00fc\u015f\u00fcn\u00fclmelidir. ZECO \u00e7ift plakal\u0131 \u00e7ekvalf k\u0131sa bir y\u00fcz y\u00fcze boyuta sahiptir ve a\u011f\u0131rl\u0131\u011f\u0131 kar\u015f\u0131la\u015ft\u0131r\u0131labilir boyuttaki bir sal\u0131n\u0131ml\u0131 \u00e7ekvalfin sadece 25%'si kadard\u0131r.<\/p>\r\n\r\n\r\n\r\n<h2 class=\"wp-block-heading\">\u00c7ift Plakal\u0131 Wafer \u00c7ekvalf Tasar\u0131m Standard\u0131<\/h2>\r\n\r\n\r\n\r\n<figure class=\"wp-block-table\">\r\n<table>\r\n<tbody>\r\n<tr>\r\n<td>Tasar\u0131m Standard\u0131<\/td>\r\n<td>API 594 \/ API 6D Standard\u0131<\/td>\r\n<\/tr>\r\n<tr>\r\n<td>Muayene ve Test Standard\u0131<\/td>\r\n<td>API 598<\/td>\r\n<\/tr>\r\n<tr>\r\n<td>Flan\u015f Flan\u015f Aras\u0131 Mesafe<\/td>\r\n<td>ANSI B API 594 \/ API 6D \/ ANSI B 16.10'a G\u00f6re<\/td>\r\n<\/tr>\r\n<tr>\r\n<td>U\u00e7 Ba\u011flant\u0131s\u0131<\/td>\r\n<td>Gofret Tipi, Flan\u015fs\u0131z, Sandvi\u00e7 Desenli<\/td>\r\n<\/tr>\r\n<tr>\r\n<td>\u00dcretim Boyut Aral\u0131\u011f\u0131<\/td>\r\n<td>3\u2033 (DN80) ila 48\u2033 (DN 1200)<\/td>\r\n<\/tr>\r\n<tr>\r\n<td>Valf Bas\u0131n\u00e7 De\u011feri<\/td>\r\n<td>S\u0131n\u0131f 150 - S\u0131n\u0131f 1500<\/td>\r\n<\/tr>\r\n<\/tbody>\r\n<\/table>\r\n<\/figure>\r\n\r\n\r\n\r\n<h2 class=\"wp-block-heading\" id=\"h-features-of-wafer-dual-plate-check-valve\">Wafer \u00c7ift Plakal\u0131 \u00c7ekvalf \u00d6zellikleri<\/h2>\r\n\r\n\r\n\r\n<ul class=\"wp-block-list\">\r\n<li>ZECO wafer \u00e7ift plakal\u0131 \u00e7ek valf g\u00f6vdeleri, g\u00f6vde duvar\u0131nda delik bulunmayan, harici pimlere veya tapalara ihtiya\u00e7 duymayan ve d\u0131\u015far\u0131ya do\u011fru s\u0131z\u0131nt\u0131 yapmayan tek par\u00e7al\u0131 ve k\u0131sa silindirli bir tasar\u0131ma sahiptir. Tehlikeli veya zehirli ortam gibi kritik hizmet uygulamalar\u0131 i\u00e7in bu, atmosfere istenmeyen s\u0131z\u0131nt\u0131y\u0131 en aza indirmek i\u00e7in \u00fcst\u00fcn bir se\u00e7imdir;<\/li>\r\n<li>ZECO gofret \u00e7ift plakal\u0131 \u00e7ek valfin iki y\u00fcksek burulma yay\u0131, valfin m\u00fcmk\u00fcn oldu\u011funca \u00e7abuk kapanmas\u0131n\u0131 sa\u011flar ve valf \u00f6mr\u00fcn\u00fc uzatmak ve sistem performans\u0131n\u0131 art\u0131rmak i\u00e7in su darbesini azalt\u0131r;<\/li>\r\n<li>ZECO gofret \u00e7ift plakal\u0131 \u00e7ekvalfin dikkatlice hesaplanm\u0131\u015f bo\u015flu\u011fa sahip bir g\u00f6vde yuvas\u0131, mente\u015fe pimine uyacak \u015fekilde tasarlanm\u0131\u015ft\u0131r ve mente\u015fe piminin tek ak\u0131\u015f y\u00f6n\u00fcnde hareket etmesine izin verir. Tasar\u0131m, \u00e7ift plakan\u0131n topu\u011fundan kaynaklanan s\u00fcrt\u00fcnme olas\u0131l\u0131\u011f\u0131n\u0131 ortadan kald\u0131r\u0131r;<\/li>\r\n<li>\u00c7ift plakan\u0131n arkas\u0131ndaki entegre d\u00f6k\u00fcm tampon, s\u0131k s\u0131k \u00e7arpmay\u0131 \u00f6nlemek i\u00e7in etkili bir tasar\u0131md\u0131r ve vana tamamen a\u00e7\u0131ld\u0131\u011f\u0131nda \u00e7ift plakan\u0131n stop pimine bast\u0131rmas\u0131n\u0131 azalt\u0131r, Bu, vanan\u0131n hizmet \u00f6mr\u00fcn\u00fc uzat\u0131r ve bak\u0131m maliyetini en aza indirir.<\/li>\r\n<li>D\u00fc\u015f\u00fck Bas\u0131n\u00e7 D\u00fc\u015f\u00fc\u015f\u00fc (Y\u00fcksek Cv)\r\n<ul>\r\n<li>\u00c7ift plakal\u0131 wafer \u00e7ekvalfler di\u011fer tasar\u0131mlara g\u00f6re daha geni\u015f bir a\u00e7\u0131k alana sahiptir, b\u00f6ylece sal\u0131ncak, kald\u0131rma veya di\u011fer \u00e7ekvalflere k\u0131yasla bas\u0131n\u00e7 d\u00fc\u015f\u00fc\u015f\u00fcn\u00fc azalt\u0131r.<\/li>\r\n<\/ul>\r\n<\/li>\r\n<li>Hafif A\u011f\u0131rl\u0131k\r\n<ul>\r\n<li>Geleneksel flan\u015fl\u0131 \u00e7ek valflere k\u0131yasla a\u011f\u0131rl\u0131\u011f\u0131 80-90% azalt\u0131r.<\/li>\r\n<\/ul>\r\n<\/li>\r\n<li>D\u00fc\u015f\u00fck Maliyet\r\n<ul>\r\n<li>Hafif, kompakt profiller ve flan\u015flar\u0131n ortadan kald\u0131r\u0131lmas\u0131, \u00f6zellikle boru \u00e7aplar\u0131 artt\u0131k\u00e7a \u00e7ift plakal\u0131 \u00e7ek valflerin di\u011fer tasar\u0131mlara g\u00f6re daha ekonomik bir \u015fekilde \u00fcretilmesine olanak tan\u0131r.<\/li>\r\n<\/ul>\r\n<\/li>\r\n<li>Su Darbesini Hafifletir\r\n<ul>\r\n<li>Yayl\u0131 disklerimiz valflerimizi h\u0131zl\u0131 bir \u015fekilde kapatmak \u00fczere tasarlanm\u0131\u015ft\u0131r. Bu, y\u00fcksek performans sa\u011flar, gevezeli\u011fi ortadan kald\u0131r\u0131r ve \u00e7arpmayan bir tasar\u0131mda dinamik tepki yarat\u0131r.<\/li>\r\n<\/ul>\r\n<\/li>\r\n<li>Basit Kurulum\r\n<ul>\r\n<li>Hem yeni hem de mevcut boru sistemlerinde kurulumu, s\u00f6k\u00fclmesi ve de\u011fi\u015ftirilmesi daha kolayd\u0131r.<\/li>\r\n<\/ul>\r\n<\/li>\r\n<\/ul>\r\n\r\n\r\n\r\n<h2 class=\"wp-block-heading\">\u00c7ift Plakal\u0131 Wafer \u00c7ekvalf Uygulamalar\u0131<\/h2>\r\n\r\n\r\n\r\n<p>\u00c7ift plakal\u0131 \u00e7ek valfler hava, gaz, s\u0131v\u0131lar ve buharlar i\u00e7in uygulanabilir. Tesislerimiz, ANSI \u00e7ift plakal\u0131 vana \u00fcretiminin kalitesinde fark yaratan ayr\u0131nt\u0131lara dikkat edilerek d\u00fczenli, temiz ve organize tutulmaktad\u0131r.<\/p>\r\n\r\n\r\n\r\n<h2 class=\"wp-block-heading\" id=\"h-material-of-wafer-dual-plate-check-valve\">Wafer \u00c7ift Plakal\u0131 \u00c7ekvalf Malzemesi<\/h2>\r\n\r\n\r\n\r\n<figure class=\"wp-block-table\">\r\n<table>\r\n<tbody>\r\n<tr>\r\n<td>Hay\u0131r<\/td>\r\n<td>Par\u00e7a<\/td>\r\n<td>Malzeme<\/td>\r\n<\/tr>\r\n<tr>\r\n<td>1<\/td>\r\n<td>V\u00fccut<\/td>\r\n<td>ASTM A216 WCB<\/td>\r\n<\/tr>\r\n<tr>\r\n<td>2<\/td>\r\n<td>Koltuk Halkas\u0131<\/td>\r\n<td>13Cr<\/td>\r\n<\/tr>\r\n<tr>\r\n<td>3<\/td>\r\n<td>Disk<\/td>\r\n<td>ASTM A216 WCB<\/td>\r\n<\/tr>\r\n<tr>\r\n<td>4<\/td>\r\n<td>Bahar<\/td>\r\n<td>Inconel X 750<\/td>\r\n<\/tr>\r\n<tr>\r\n<td>5<\/td>\r\n<td>Pim<\/td>\r\n<td>ASTM A182 F6a<\/td>\r\n<\/tr>\r\n<\/tbody>\r\n<\/table>\r\n<\/figure>","protected":false},"excerpt":{"rendered":"<p>Gofret \u00c7ift Plakal\u0131 \u00c7ek Valf Nedir? \u00c7ift plakal\u0131 \u00e7ek valf, \u00e7ok daha g\u00fc\u00e7l\u00fc, \u00e7ok ama\u00e7l\u0131 bir \u00e7ek valftir\u2026 <a title=\"Wafer \u00c7ift Plakal\u0131 \u00c7ekvalf\" class=\"read-more\" href=\"https:\/\/zecovalve.com\/tr\/urun\/wafer-dual-plate-check-valve\" aria-label=\"Wafer \u00c7ift Plakal\u0131 \u00c7ekvalf hakk\u0131nda daha fazla bilgi\">Daha fazla bilgi edinin<\/a><\/p>","protected":false},"featured_media":27931,"comment_status":"closed","ping_status":"closed","template":"","meta":{"_generate-full-width-content":"","kt_blocks_editor_width":""},"product_cat":[2455,2442],"product_tag":[2657,2661,2725],"class_list":["post-16567","product","type-product","status-publish","has-post-thumbnail","hentry","product_cat-check-valve","product_cat-wafer-check-valve","product_tag-non-return-valve","product_tag-nrv-valve","product_tag-wafer-check-valve","sales-flash-overlay","woocommerce-text-align-center","woocommerce-image-align-center","do-quantity-buttons"],"featured_image_src_large":["https:\/\/zecovalve.com\/wp-content\/uploads\/2022\/06\/Wafer-Dual-Plate-Check-Valve-2.jpg",800,600,false],"author_info":[],"comment_info":0,"taxonomy_info":{"product_cat":[{"value":2455,"label":"Check Valve"},{"value":2442,"label":"Wafer Check Valve"}],"product_tag":[{"value":2657,"label":"Non Return Valve"},{"value":2661,"label":"NRV Valve"},{"value":2725,"label":"Wafer Check Valve"}]},"yoast_head":"<!-- This site is optimized with the Yoast SEO Premium plugin v15.4 - https:\/\/yoast.com\/wordpress\/plugins\/seo\/ -->\n<title>Wafer Dual Plate Check Valve - Dual Plate Wafer Check Valve Manufacturer | ZECO<\/title>\n<meta name=\"robots\" content=\"index, follow, max-snippet:-1, max-image-preview:large, max-video-preview:-1\" \/>\n<link rel=\"canonical\" href=\"https:\/\/zecovalve.com\/tr\/urun\/wafer-dual-plate-check-valve\" \/>\n<meta property=\"og:locale\" content=\"tr_TR\" \/>\n<meta property=\"og:type\" content=\"article\" \/>\n<meta property=\"og:title\" content=\"Wafer Dual Plate Check Valve - Dual Plate Wafer Check Valve Manufacturer | ZECO\" \/>\n<meta property=\"og:description\" content=\"What is a Wafer Dual Plate Check Valve? The dual plate check valve is an all-purpose non-return valve that is much stronger, ... Read more\" \/>\n<meta property=\"og:url\" content=\"https:\/\/zecovalve.com\/tr\/urun\/wafer-dual-plate-check-valve\" \/>\n<meta property=\"og:site_name\" content=\"ZECO Valve\" \/>\n<meta property=\"article:modified_time\" content=\"2023-06-17T02:31:26+00:00\" \/>\n<meta property=\"og:image\" content=\"https:\/\/zecovalve.com\/wp-content\/uploads\/2022\/06\/Wafer-Dual-Plate-Check-Valve-2.jpg\" \/>\n\t<meta property=\"og:image:width\" content=\"800\" \/>\n\t<meta property=\"og:image:height\" content=\"600\" \/>\n<meta name=\"twitter:card\" content=\"summary_large_image\" \/>\n<meta name=\"twitter:label1\" content=\"Yazan:\">\n\t<meta name=\"twitter:data1\" content=\"Jerry\">\n\t<meta name=\"twitter:label2\" content=\"Tahmini okuma s\u00fcresi\">\n\t<meta name=\"twitter:data2\" content=\"3 dakika\">\n<script type=\"application\/ld+json\" class=\"yoast-schema-graph\">{\"@context\":\"https:\/\/schema.org\",\"@graph\":[{\"@type\":\"WebSite\",\"@id\":\"https:\/\/zecovalve.com\/#website\",\"url\":\"https:\/\/zecovalve.com\/\",\"name\":\"ZECO Valve\",\"description\":\"Industrial Ball Valve, Gate Valve and Globe Valve Manufacturer\",\"potentialAction\":[{\"@type\":\"SearchAction\",\"target\":\"https:\/\/zecovalve.com\/?s={search_term_string}\",\"query-input\":\"required name=search_term_string\"}],\"inLanguage\":\"tr\"},{\"@type\":\"ImageObject\",\"@id\":\"https:\/\/zecovalve.com\/product\/wafer-dual-plate-check-valve#primaryimage\",\"inLanguage\":\"tr\",\"url\":\"https:\/\/zecovalve.com\/wp-content\/uploads\/2022\/06\/Wafer-Dual-Plate-Check-Valve-2.jpg\",\"width\":800,\"height\":600,\"caption\":\"Wafer Dual Plate Check Valve\"},{\"@type\":\"WebPage\",\"@id\":\"https:\/\/zecovalve.com\/product\/wafer-dual-plate-check-valve#webpage\",\"url\":\"https:\/\/zecovalve.com\/product\/wafer-dual-plate-check-valve\",\"name\":\"Wafer Dual Plate Check Valve - Dual Plate Wafer Check Valve Manufacturer | ZECO\",\"isPartOf\":{\"@id\":\"https:\/\/zecovalve.com\/#website\"},\"primaryImageOfPage\":{\"@id\":\"https:\/\/zecovalve.com\/product\/wafer-dual-plate-check-valve#primaryimage\"},\"datePublished\":\"2022-06-21T07:53:09+00:00\",\"dateModified\":\"2023-06-17T02:31:26+00:00\",\"breadcrumb\":{\"@id\":\"https:\/\/zecovalve.com\/product\/wafer-dual-plate-check-valve#breadcrumb\"},\"inLanguage\":\"tr\",\"potentialAction\":[{\"@type\":\"ReadAction\",\"target\":[\"https:\/\/zecovalve.com\/product\/wafer-dual-plate-check-valve\"]}]},{\"@type\":\"BreadcrumbList\",\"@id\":\"https:\/\/zecovalve.com\/product\/wafer-dual-plate-check-valve#breadcrumb\",\"itemListElement\":[{\"@type\":\"ListItem\",\"position\":1,\"item\":{\"@type\":\"WebPage\",\"@id\":\"https:\/\/zecovalve.com\/\",\"url\":\"https:\/\/zecovalve.com\/\",\"name\":\"Home\"}},{\"@type\":\"ListItem\",\"position\":2,\"item\":{\"@type\":\"WebPage\",\"@id\":\"https:\/\/zecovalve.com\/product-category\",\"url\":\"https:\/\/zecovalve.com\/product-category\",\"name\":\"Industrial Valve Manufacturer | Water Valve Manufacturer\"}},{\"@type\":\"ListItem\",\"position\":3,\"item\":{\"@type\":\"WebPage\",\"@id\":\"https:\/\/zecovalve.com\/product\/wafer-dual-plate-check-valve\",\"url\":\"https:\/\/zecovalve.com\/product\/wafer-dual-plate-check-valve\",\"name\":\"Wafer Dual Plate Check Valve\"}}]}]}<\/script>\n<!-- \/ Yoast SEO Premium plugin. -->","_links":{"self":[{"href":"https:\/\/zecovalve.com\/tr\/wp-json\/wp\/v2\/product\/16567","targetHints":{"allow":["GET"]}}],"collection":[{"href":"https:\/\/zecovalve.com\/tr\/wp-json\/wp\/v2\/product"}],"about":[{"href":"https:\/\/zecovalve.com\/tr\/wp-json\/wp\/v2\/types\/product"}],"replies":[{"embeddable":true,"href":"https:\/\/zecovalve.com\/tr\/wp-json\/wp\/v2\/comments?post=16567"}],"wp:featuredmedia":[{"embeddable":true,"href":"https:\/\/zecovalve.com\/tr\/wp-json\/wp\/v2\/media\/27931"}],"wp:attachment":[{"href":"https:\/\/zecovalve.com\/tr\/wp-json\/wp\/v2\/media?parent=16567"}],"wp:term":[{"taxonomy":"product_cat","embeddable":true,"href":"https:\/\/zecovalve.com\/tr\/wp-json\/wp\/v2\/product_cat?post=16567"},{"taxonomy":"product_tag","embeddable":true,"href":"https:\/\/zecovalve.com\/tr\/wp-json\/wp\/v2\/product_tag?post=16567"}],"curies":[{"name":"wp","href":"https:\/\/api.w.org\/{rel}","templated":true}]}}