{"id":16590,"date":"2022-06-22T05:59:58","date_gmt":"2022-06-22T05:59:58","guid":{"rendered":"https:\/\/zecovalve.com\/?post_type=product&#038;p=16590"},"modified":"2023-06-15T12:54:11","modified_gmt":"2023-06-15T12:54:11","slug":"high-pressure-gate-valve","status":"publish","type":"product","link":"https:\/\/zecovalve.com\/tr\/urun\/high-pressure-gate-valve","title":{"rendered":"Y\u00fcksek Bas\u0131n\u00e7 S\u00fcrg\u00fcl\u00fc Vana"},"content":{"rendered":"<h1 class=\"sep-title\">Y\u00fcksek Bas\u0131n\u00e7 S\u00fcrg\u00fcl\u00fc Vana<\/h1>\n<div class=\"sep-box-detail clearfix\">\n<div class=\"box-lf\">\n<div class=\"thumb\">\n<figure id=\"attachment_16591\" aria-describedby=\"caption-attachment-16591\" style=\"width: 290px\" class=\"wp-caption alignnone\"><img loading=\"lazy\" decoding=\"async\" class=\"size-medium wp-image-16591\" src=\"https:\/\/zecovalve.com\/wp-content\/uploads\/2022\/06\/high-pressure-gate-valve-300x225.jpg\" alt=\"Y\u00fcksek Bas\u0131n\u00e7 S\u00fcrg\u00fcl\u00fc Vana\" width=\"300\" height=\"225\" srcset=\"https:\/\/zecovalve.com\/wp-content\/uploads\/2022\/06\/high-pressure-gate-valve-300x225.jpg 300w, https:\/\/zecovalve.com\/wp-content\/uploads\/2022\/06\/high-pressure-gate-valve-768x576.jpg 768w, https:\/\/zecovalve.com\/wp-content\/uploads\/2022\/06\/high-pressure-gate-valve-600x450.jpg 600w, https:\/\/zecovalve.com\/wp-content\/uploads\/2022\/06\/high-pressure-gate-valve.jpg 800w\" sizes=\"auto, (max-width: 300px) 100vw, 300px\" \/><figcaption id=\"caption-attachment-16591\" class=\"wp-caption-text\">Y\u00fcksek Bas\u0131n\u00e7 S\u00fcrg\u00fcl\u00fc Vana<\/figcaption><\/figure>\n<\/div>\n<div class=\"info\"><a href=\"https:\/\/zecovalve.com\/tr\/products\/high-pressure-gate-valve.html\/#form\"><i class=\"fa fa-commenting-o\" aria-hidden=\"true\"><\/i>\u00a0VANA FI\u0307YATI ALIN<\/a><\/div>\n<\/div>\n<div class=\"box-rt\">\n<div class=\"gg\">\n<div class=\"swiper-container swiper-container-initialized swiper-container-vertical\">\n<div class=\"swiper-wrapper\"><\/div>\n<\/div>\n<\/div>\n<\/div>\n<\/div>\n<div class=\"richtext\">\n<h2>Y\u00fcksek Bas\u0131n\u00e7 S\u00fcrg\u00fcl\u00fc Vanan\u0131n A\u00e7\u0131klamas\u0131:<\/h2>\n<p>Bas\u0131n\u00e7 d\u00fc\u015f\u00fck oldu\u011funda, flan\u015f kal\u0131nl\u0131\u011f\u0131 k\u00fc\u00e7\u00fckt\u00fcr, maliyet art\u0131\u015f\u0131 fazla de\u011fildir, \u0131s\u0131tma ve so\u011futma s\u0131ras\u0131nda olu\u015fan \u0131s\u0131 stresi k\u00fc\u00e7\u00fckt\u00fcr, c\u0131vata s\u0131kma kuvvetine ve contan\u0131n s\u0131zd\u0131rmazl\u0131\u011f\u0131 sa\u011flamas\u0131 kolayd\u0131r. Flan\u015f ba\u011flant\u0131s\u0131 kullan\u0131ld\u0131\u011f\u0131nda vanan\u0131n onar\u0131lmas\u0131 veya de\u011fi\u015ftirilmesi daha uygundur. ZECO y\u00fcksek bas\u0131n\u00e7l\u0131 s\u00fcrg\u00fcl\u00fc vanan\u0131n \u00e7al\u0131\u015fma bas\u0131nc\u0131 \u00e7ok y\u00fcksektir. Flan\u015f hala boruya ba\u011fl\u0131ysa flan\u015f kal\u0131nl\u0131\u011f\u0131 \u00e7ok b\u00fcy\u00fckt\u00fcr. Yaln\u0131zca flan\u015f ve c\u0131vatan\u0131n maliyeti a\u00e7\u0131k\u00e7a artmakla kalm\u0131yor, ayn\u0131 zamanda \u0131s\u0131tma ve so\u011futma nedeniyle olu\u015fan termal gerilim de \u00e7ok b\u00fcy\u00fck. Bas\u0131n\u00e7 artt\u0131k\u00e7a, \u00e7al\u0131\u015fma ortam\u0131n\u0131n s\u0131cakl\u0131\u011f\u0131 da artar, y\u00fcksek s\u0131cakl\u0131kta uzun s\u00fcreli \u00e7al\u0131\u015fmalarda c\u0131vatada gev\u015feme g\u00f6r\u00fcl\u00fcr, flan\u015f\u0131 conta bas\u0131nc\u0131na indirerek conta s\u0131z\u0131nt\u0131s\u0131na neden olur. S\u0131z\u0131nt\u0131n\u0131n \u00fc\u00e7\u00fcnc\u00fcs\u00fc sadece h\u0131zl\u0131 bir \u015fekilde geli\u015fmekle kalmaz, ortam\u0131n y\u00fcksek h\u0131zl\u0131 s\u0131z\u0131nt\u0131s\u0131 flan\u015f s\u0131zd\u0131rmazl\u0131k y\u00fczeyindeki delinme olu\u011fundan d\u0131\u015far\u0131 \u00fcflenmesi kolayd\u0131r, onar\u0131m\u0131 daha zordur. Vana ve boru kaynak yap\u0131l\u0131rsa a\u011f\u0131rl\u0131k ve maliyet b\u00fcy\u00fck \u00f6l\u00e7\u00fcde azal\u0131r, \u0131s\u0131tma ve so\u011futma s\u0131ras\u0131ndaki termal stres \u00f6nemli \u00f6l\u00e7\u00fcde azal\u0131r, s\u0131zd\u0131rmazl\u0131k performans\u0131 b\u00fcy\u00fck \u00f6l\u00e7\u00fcde artar ve s\u0131z\u0131nt\u0131 meydana geldi\u011finde bununla ba\u015fa \u00e7\u0131kmak kolayd\u0131r.<\/p>\n<h2>Y\u00fcksek Bas\u0131n\u00e7 S\u00fcrg\u00fcl\u00fc Vanan\u0131n \u00d6zellikleri:<\/h2>\n<p>1. ZECO y\u00fcksek bas\u0131n\u00e7l\u0131 s\u00fcrg\u00fcl\u00fc vana genellikle \u00e7atlaklar, kenarlar, kaynak \u00e7apaklar\u0131, kal\u0131plama kusurlar\u0131, yanma, s\u0131\u00e7rama vb. gibi belirgin kaynak kusurlar\u0131n\u0131 kontrol etmek amac\u0131yla kaynakl\u0131 \u00fcr\u00fcnler i\u00e7in VT&#039;yi (g\u00f6rsel muayene) kullan\u0131r. En temel g\u00f6rsel kontrolden ge\u00e7tikten sonra Muayenede PT, s\u0131zd\u0131rmazl\u0131k y\u00fczeyi y\u00fczeyinde \u00e7atlak olup olmad\u0131\u011f\u0131n\u0131 kontrol etmek ve s\u0131zd\u0131rmazl\u0131k y\u00fczeyinin sertli\u011fini test etmek i\u00e7in kullan\u0131l\u0131r;<\/p>\n<p>2. ZECO y\u00fcksek bas\u0131n\u00e7 s\u00fcrg\u00fcl\u00fc vanas\u0131n\u0131n g\u00f6vde somunu hat i\u00e7inde de\u011fi\u015ftirilebilir;<\/p>\n<p>3. ZECO y\u00fcksek bas\u0131n\u00e7 s\u00fcrg\u00fcl\u00fc vanas\u0131n\u0131n arka koltu\u011fu, tamamen oturdu\u011funda g\u00f6vde salmastras\u0131 \u00fczerindeki kar\u015f\u0131 bas\u0131nc\u0131 tahliye edecek \u015fekilde tasarlanm\u0131\u015ft\u0131r;<\/p>\n<p>4. ZECO y\u00fcksek bas\u0131n\u00e7 s\u00fcrg\u00fcl\u00fc vanas\u0131n\u0131n oturma halkalar\u0131, kabarc\u0131k ge\u00e7irmez bir ba\u011flant\u0131 sa\u011flamak \u00fczere s\u0131zd\u0131rmaz \u015fekilde kaynaklanm\u0131\u015ft\u0131r.<\/p>\n<p>&nbsp;<\/p>\n<h2>Y\u00fcksek Bas\u0131n\u00e7 S\u00fcrg\u00fcl\u00fc Vana Malzemesi:<\/h2>\n<table>\n<tbody>\n<tr class=\"firstRow\">\n<td valign=\"center\">Hay\u0131r<\/td>\n<td valign=\"center\">Par\u00e7a<\/td>\n<td valign=\"center\">Malzeme<\/td>\n<\/tr>\n<tr>\n<td valign=\"center\">1<\/td>\n<td valign=\"center\">V\u00fccut<\/td>\n<td valign=\"center\">\u00a0ASTM A217 WC9<\/td>\n<\/tr>\n<tr>\n<td valign=\"center\">2<\/td>\n<td valign=\"center\">Koltuk Halkas\u0131<\/td>\n<td valign=\"center\">ASTM A182 F22 + STL<\/td>\n<\/tr>\n<tr>\n<td valign=\"center\">3<\/td>\n<td valign=\"center\">Kama<\/td>\n<td valign=\"center\">ASTM A217 WC9 + STL<\/td>\n<\/tr>\n<tr>\n<td valign=\"center\">4<\/td>\n<td valign=\"center\">K\u00f6k<\/td>\n<td valign=\"center\">ASTM A276 420<\/td>\n<\/tr>\n<tr>\n<td valign=\"center\">5<\/td>\n<td valign=\"center\">Kaput Contas\u0131<\/td>\n<td valign=\"center\">Grafit + SS316<\/td>\n<\/tr>\n<tr>\n<td valign=\"center\">6<\/td>\n<td valign=\"center\">Kaput C\u0131vatas\u0131<\/td>\n<td valign=\"center\">ASTM A193 B16<\/td>\n<\/tr>\n<tr>\n<td valign=\"center\">7<\/td>\n<td valign=\"center\">Kaput Somunu<\/td>\n<td valign=\"center\">ASTM A194 4<\/td>\n<\/tr>\n<tr>\n<td valign=\"center\">8<\/td>\n<td valign=\"center\">Bone<\/td>\n<td valign=\"center\">ASTM A217 WC9<\/td>\n<\/tr>\n<tr>\n<td valign=\"center\">9<\/td>\n<td valign=\"center\">Arka Koltuk<\/td>\n<td valign=\"center\">ASTM A182 F6a<\/td>\n<\/tr>\n<tr>\n<td valign=\"center\">10<\/td>\n<td valign=\"center\">K\u00f6k Ambalaj<\/td>\n<td valign=\"center\">G\u00fc\u00e7lendirilmi\u015f Grafit<\/td>\n<\/tr>\n<tr>\n<td valign=\"center\">11<\/td>\n<td valign=\"center\">El \u00c7ark\u0131<\/td>\n<td valign=\"center\">KTH330-08<\/td>\n<\/tr>\n<\/tbody>\n<\/table>\n<\/div>","protected":false},"excerpt":{"rendered":"<p>Y\u00fcksek Bas\u0131n\u00e7 S\u00fcrg\u00fcl\u00fc Vana VANA F\u0130YATI ALIN Y\u00fcksek Bas\u0131n\u00e7 S\u00fcrg\u00fcl\u00fc Vanan\u0131n A\u00e7\u0131klamas\u0131: Bas\u0131n\u00e7 d\u00fc\u015f\u00fck oldu\u011funda flan\u015f kal\u0131nl\u0131\u011f\u0131\u2026 <a title=\"Y\u00fcksek Bas\u0131n\u00e7 S\u00fcrg\u00fcl\u00fc Vana\" class=\"read-more\" href=\"https:\/\/zecovalve.com\/tr\/urun\/high-pressure-gate-valve\" aria-label=\"Y\u00fcksek Bas\u0131n\u00e7 S\u00fcrg\u00fcl\u00fc Vana hakk\u0131nda daha fazlas\u0131\">Daha fazla bilgi edinin<\/a><\/p>","protected":false},"featured_media":27893,"comment_status":"closed","ping_status":"closed","template":"","meta":{"_generate-full-width-content":"","kt_blocks_editor_width":""},"product_cat":[2052,2454],"product_tag":[2658,2798],"class_list":["post-16590","product","type-product","status-publish","has-post-thumbnail","hentry","product_cat-gate-valve","product_cat-gate-valve-by-material","product_tag-isolation-valve","product_tag-osy-valve","sales-flash-overlay","woocommerce-text-align-center","woocommerce-image-align-center","do-quantity-buttons"],"featured_image_src_large":["https:\/\/zecovalve.com\/wp-content\/uploads\/2022\/06\/High-Pressure-Gate-Valve-2.jpg",800,600,false],"author_info":[],"comment_info":0,"taxonomy_info":{"product_cat":[{"value":2052,"label":"Gate Valve"},{"value":2454,"label":"Gate Valve By Material"}],"product_tag":[{"value":2658,"label":"Isolation Valve"},{"value":2798,"label":"OS&amp;Y Valve"}]},"yoast_head":"<!-- This site is optimized with the Yoast SEO Premium plugin v15.4 - https:\/\/yoast.com\/wordpress\/plugins\/seo\/ -->\n<title>High Pressure Gate Valve - ZECO Valve<\/title>\n<meta name=\"robots\" content=\"index, follow, max-snippet:-1, max-image-preview:large, max-video-preview:-1\" \/>\n<link rel=\"canonical\" href=\"https:\/\/zecovalve.com\/tr\/urun\/high-pressure-gate-valve\" \/>\n<meta property=\"og:locale\" content=\"tr_TR\" \/>\n<meta property=\"og:type\" content=\"article\" \/>\n<meta property=\"og:title\" content=\"High Pressure Gate Valve - ZECO Valve\" \/>\n<meta property=\"og:description\" content=\"High Pressure Gate Valve \u00a0GET VALVE PRICE Description of High Pressure Gate Valve: When the pressure is low, the flange thickness is ... Read more\" \/>\n<meta property=\"og:url\" content=\"https:\/\/zecovalve.com\/tr\/urun\/high-pressure-gate-valve\" \/>\n<meta property=\"og:site_name\" content=\"ZECO Valve\" \/>\n<meta property=\"article:modified_time\" content=\"2023-06-15T12:54:11+00:00\" \/>\n<meta property=\"og:image\" content=\"https:\/\/zecovalve.com\/wp-content\/uploads\/2022\/06\/High-Pressure-Gate-Valve-2.jpg\" \/>\n\t<meta property=\"og:image:width\" content=\"800\" \/>\n\t<meta property=\"og:image:height\" content=\"600\" \/>\n<meta name=\"twitter:card\" content=\"summary_large_image\" \/>\n<meta name=\"twitter:label1\" content=\"Yazan:\">\n\t<meta name=\"twitter:data1\" content=\"Jerry\">\n\t<meta name=\"twitter:label2\" content=\"Tahmini okuma s\u00fcresi\">\n\t<meta name=\"twitter:data2\" content=\"2 dakika\">\n<script type=\"application\/ld+json\" class=\"yoast-schema-graph\">{\"@context\":\"https:\/\/schema.org\",\"@graph\":[{\"@type\":\"WebSite\",\"@id\":\"https:\/\/zecovalve.com\/#website\",\"url\":\"https:\/\/zecovalve.com\/\",\"name\":\"ZECO Valve\",\"description\":\"Industrial Ball Valve, Gate Valve and Globe Valve Manufacturer\",\"potentialAction\":[{\"@type\":\"SearchAction\",\"target\":\"https:\/\/zecovalve.com\/?s={search_term_string}\",\"query-input\":\"required name=search_term_string\"}],\"inLanguage\":\"tr\"},{\"@type\":\"ImageObject\",\"@id\":\"https:\/\/zecovalve.com\/product\/high-pressure-gate-valve#primaryimage\",\"inLanguage\":\"tr\",\"url\":\"https:\/\/zecovalve.com\/wp-content\/uploads\/2022\/06\/High-Pressure-Gate-Valve-2.jpg\",\"width\":800,\"height\":600,\"caption\":\"High Pressure Gate Valve\"},{\"@type\":\"WebPage\",\"@id\":\"https:\/\/zecovalve.com\/product\/high-pressure-gate-valve#webpage\",\"url\":\"https:\/\/zecovalve.com\/product\/high-pressure-gate-valve\",\"name\":\"High Pressure Gate Valve - ZECO Valve\",\"isPartOf\":{\"@id\":\"https:\/\/zecovalve.com\/#website\"},\"primaryImageOfPage\":{\"@id\":\"https:\/\/zecovalve.com\/product\/high-pressure-gate-valve#primaryimage\"},\"datePublished\":\"2022-06-22T05:59:58+00:00\",\"dateModified\":\"2023-06-15T12:54:11+00:00\",\"breadcrumb\":{\"@id\":\"https:\/\/zecovalve.com\/product\/high-pressure-gate-valve#breadcrumb\"},\"inLanguage\":\"tr\",\"potentialAction\":[{\"@type\":\"ReadAction\",\"target\":[\"https:\/\/zecovalve.com\/product\/high-pressure-gate-valve\"]}]},{\"@type\":\"BreadcrumbList\",\"@id\":\"https:\/\/zecovalve.com\/product\/high-pressure-gate-valve#breadcrumb\",\"itemListElement\":[{\"@type\":\"ListItem\",\"position\":1,\"item\":{\"@type\":\"WebPage\",\"@id\":\"https:\/\/zecovalve.com\/\",\"url\":\"https:\/\/zecovalve.com\/\",\"name\":\"Home\"}},{\"@type\":\"ListItem\",\"position\":2,\"item\":{\"@type\":\"WebPage\",\"@id\":\"https:\/\/zecovalve.com\/product-category\",\"url\":\"https:\/\/zecovalve.com\/product-category\",\"name\":\"Industrial Valve Manufacturer | Water Valve Manufacturer\"}},{\"@type\":\"ListItem\",\"position\":3,\"item\":{\"@type\":\"WebPage\",\"@id\":\"https:\/\/zecovalve.com\/product\/high-pressure-gate-valve\",\"url\":\"https:\/\/zecovalve.com\/product\/high-pressure-gate-valve\",\"name\":\"High Pressure Gate Valve\"}}]}]}<\/script>\n<!-- \/ Yoast SEO Premium plugin. -->","_links":{"self":[{"href":"https:\/\/zecovalve.com\/tr\/wp-json\/wp\/v2\/product\/16590","targetHints":{"allow":["GET"]}}],"collection":[{"href":"https:\/\/zecovalve.com\/tr\/wp-json\/wp\/v2\/product"}],"about":[{"href":"https:\/\/zecovalve.com\/tr\/wp-json\/wp\/v2\/types\/product"}],"replies":[{"embeddable":true,"href":"https:\/\/zecovalve.com\/tr\/wp-json\/wp\/v2\/comments?post=16590"}],"wp:featuredmedia":[{"embeddable":true,"href":"https:\/\/zecovalve.com\/tr\/wp-json\/wp\/v2\/media\/27893"}],"wp:attachment":[{"href":"https:\/\/zecovalve.com\/tr\/wp-json\/wp\/v2\/media?parent=16590"}],"wp:term":[{"taxonomy":"product_cat","embeddable":true,"href":"https:\/\/zecovalve.com\/tr\/wp-json\/wp\/v2\/product_cat?post=16590"},{"taxonomy":"product_tag","embeddable":true,"href":"https:\/\/zecovalve.com\/tr\/wp-json\/wp\/v2\/product_tag?post=16590"}],"curies":[{"name":"wp","href":"https:\/\/api.w.org\/{rel}","templated":true}]}}