{"id":16644,"date":"2022-06-22T07:41:11","date_gmt":"2022-06-22T07:41:11","guid":{"rendered":"https:\/\/zecovalve.com\/?post_type=product&#038;p=16644"},"modified":"2022-07-10T02:25:36","modified_gmt":"2022-07-10T02:25:36","slug":"carbon-steel-ball-valve","status":"publish","type":"product","link":"https:\/\/zecovalve.com\/tr\/urun\/carbon-steel-ball-valve","title":{"rendered":"Karbon \u00c7elik K\u00fcresel Vana"},"content":{"rendered":"<h1 class=\"sep-title\">Karbon \u00c7elik K\u00fcresel Vana<\/h1>\n<div class=\"sep-box-detail clearfix\">\n<div class=\"box-lf\">\n<div class=\"thumb\">\n<figure id=\"attachment_16645\" aria-describedby=\"caption-attachment-16645\" style=\"width: 290px\" class=\"wp-caption alignnone\"><img loading=\"lazy\" decoding=\"async\" class=\"size-medium wp-image-16645\" src=\"https:\/\/zecovalve.com\/wp-content\/uploads\/2022\/06\/carbon-steel-ball-valve-1-300x225.jpg\" alt=\"Karbon \u00c7elik K\u00fcresel Vana\" width=\"300\" height=\"225\" srcset=\"https:\/\/zecovalve.com\/wp-content\/uploads\/2022\/06\/carbon-steel-ball-valve-1-300x225.jpg 300w, https:\/\/zecovalve.com\/wp-content\/uploads\/2022\/06\/carbon-steel-ball-valve-1-768x576.jpg 768w, https:\/\/zecovalve.com\/wp-content\/uploads\/2022\/06\/carbon-steel-ball-valve-1-600x450.jpg 600w, https:\/\/zecovalve.com\/wp-content\/uploads\/2022\/06\/carbon-steel-ball-valve-1.jpg 800w\" sizes=\"auto, (max-width: 300px) 100vw, 300px\" \/><figcaption id=\"caption-attachment-16645\" class=\"wp-caption-text\">Karbon \u00c7elik K\u00fcresel Vana<\/figcaption><\/figure>\n<p><img loading=\"lazy\" decoding=\"async\" class=\"alignnone size-medium wp-image-16646\" src=\"https:\/\/zecovalve.com\/wp-content\/uploads\/2022\/06\/carbon-steel-ball-valve-3-300x225.jpg\" alt=\"\" width=\"300\" height=\"225\" srcset=\"https:\/\/zecovalve.com\/wp-content\/uploads\/2022\/06\/carbon-steel-ball-valve-3-300x225.jpg 300w, https:\/\/zecovalve.com\/wp-content\/uploads\/2022\/06\/carbon-steel-ball-valve-3-768x576.jpg 768w, https:\/\/zecovalve.com\/wp-content\/uploads\/2022\/06\/carbon-steel-ball-valve-3-600x450.jpg 600w, https:\/\/zecovalve.com\/wp-content\/uploads\/2022\/06\/carbon-steel-ball-valve-3.jpg 800w\" sizes=\"auto, (max-width: 300px) 100vw, 300px\" \/> <img loading=\"lazy\" decoding=\"async\" class=\"alignnone size-medium wp-image-16647\" src=\"https:\/\/zecovalve.com\/wp-content\/uploads\/2022\/06\/carbon-steel-ball-valve-4-300x225.jpg\" alt=\"\" width=\"300\" height=\"225\" srcset=\"https:\/\/zecovalve.com\/wp-content\/uploads\/2022\/06\/carbon-steel-ball-valve-4-300x225.jpg 300w, https:\/\/zecovalve.com\/wp-content\/uploads\/2022\/06\/carbon-steel-ball-valve-4-768x576.jpg 768w, https:\/\/zecovalve.com\/wp-content\/uploads\/2022\/06\/carbon-steel-ball-valve-4-600x450.jpg 600w, https:\/\/zecovalve.com\/wp-content\/uploads\/2022\/06\/carbon-steel-ball-valve-4.jpg 800w\" sizes=\"auto, (max-width: 300px) 100vw, 300px\" \/> <img loading=\"lazy\" decoding=\"async\" class=\"alignnone size-medium wp-image-16648\" src=\"https:\/\/zecovalve.com\/wp-content\/uploads\/2022\/06\/gear-operated-ball-valve-5-300x225.jpg\" alt=\"\" width=\"300\" height=\"225\" srcset=\"https:\/\/zecovalve.com\/wp-content\/uploads\/2022\/06\/gear-operated-ball-valve-5-300x225.jpg 300w, https:\/\/zecovalve.com\/wp-content\/uploads\/2022\/06\/gear-operated-ball-valve-5-768x576.jpg 768w, https:\/\/zecovalve.com\/wp-content\/uploads\/2022\/06\/gear-operated-ball-valve-5-600x450.jpg 600w, https:\/\/zecovalve.com\/wp-content\/uploads\/2022\/06\/gear-operated-ball-valve-5.jpg 800w\" sizes=\"auto, (max-width: 300px) 100vw, 300px\" \/><\/div>\n<div class=\"info\"><a href=\"https:\/\/zecovalve.com\/tr\/products\/carbon-steel-ball-valve.html\/#form\"><i class=\"fa fa-commenting-o\" aria-hidden=\"true\"><\/i>\u00a0VANA FI\u0307YATI ALIN<\/a><\/div>\n<\/div>\n<div class=\"box-rt\">\n<div class=\"gg\">\n<div class=\"swiper-container swiper-container-initialized swiper-container-vertical\">\n<div class=\"swiper-wrapper\">\n<div class=\"swiper-slide swiper-slide-prev\">\n<div class=\"img\"><\/div>\n<\/div>\n<\/div>\n<\/div>\n<\/div>\n<div class=\"swiper-button-next swiper-button-disabled\" tabindex=\"0\" role=\"button\" aria-label=\"Sonraki slayt\" aria-disabled=\"true\"><\/div>\n<\/div>\n<\/div>\n<div class=\"richtext\">\n<h2>Karbon \u00c7elik K\u00fcresel Vanan\u0131n A\u00e7\u0131klamas\u0131:<\/h2>\n<p>ZECO karbon \u00e7eli\u011fi k\u00fcresel vana genellikle a\u015f\u0131nd\u0131r\u0131c\u0131 olmayan ortamlarda, belirli bir s\u0131cakl\u0131k aral\u0131\u011f\u0131 gibi belirli ko\u015fullar alt\u0131nda, baz\u0131 a\u015f\u0131nd\u0131r\u0131c\u0131 ortamlarda konsantrasyon ko\u015fullar\u0131 da kullan\u0131labilir. ASTM A216 \/ A216M, WCB, WCC&#039;nin WCA&#039;s\u0131 i\u00e7in yayg\u0131n olarak kullan\u0131lan marka olan \u2013 29 \u00b0 C ~ 425 \u00b0 C&#039;de uygun s\u0131cakl\u0131k. Mukavemet gereksinimi daha y\u00fcksek oldu\u011funda, WCC benimsenir \u00e7\u00fcnk\u00fc WCC&#039;deki Mn i\u00e7eri\u011fi daha y\u00fcksektir, bu da \u00e7eli\u011fin g\u00fc\u00e7lendirme etkisini art\u0131r\u0131r.<\/p>\n<h2>Karbon \u00c7elik K\u00fcresel Vanan\u0131n \u00d6zellikleri:<\/h2>\n<p>1. Tek piston etkisi, ZECO karbon \u00e7eli\u011fi k\u00fcresel vanan\u0131n standart tasar\u0131m\u0131d\u0131r. Hem yukar\u0131 hem de a\u015fa\u011f\u0131 y\u00f6ndeki bas\u0131n\u00e7, oturma halkalar\u0131n\u0131 topa do\u011fru iter. G\u00f6vde bo\u015flu\u011fu bas\u0131nc\u0131n\u0131n yaratt\u0131\u011f\u0131 kuvvet, \u00f6nceden y\u00fcklenmi\u015f yay kuvveti art\u0131 yukar\u0131 veya a\u015fa\u011f\u0131 y\u00f6ndeki bas\u0131nc\u0131n yaratt\u0131\u011f\u0131 kuvvetten daha b\u00fcy\u00fckse, koltuklar toptan uza\u011fa do\u011fru itilir. B\u00f6ylece valflerin tam a\u00e7\u0131k veya tam kapal\u0131 konumunda g\u00f6vde bo\u015flu\u011fundaki a\u015f\u0131r\u0131 bas\u0131n\u00e7 otomatik olarak ortadan kald\u0131r\u0131l\u0131r;<\/p>\n<p>2. ZECO karbon \u00e7eli\u011fi k\u00fcresel vana, yang\u0131na dayan\u0131kl\u0131 tasar\u0131ma sahiptir. Valf g\u00f6vdesi b\u00f6lgesinden s\u0131z\u0131nt\u0131, iki adet o-halka conta ve bir salmastra contas\u0131 ile \u00f6nlenir. Valf g\u00f6vdesi ba\u011flant\u0131s\u0131ndaki s\u0131z\u0131nt\u0131 da bir O-halkas\u0131 contas\u0131 ve g\u00f6vde contas\u0131 ile engellenir. Yang\u0131n nedeniyle halka contalar, salmastra ve g\u00f6vde contas\u0131 bozulduktan sonra, yang\u0131na dayan\u0131kl\u0131 g\u00f6vde salmastras\u0131 d\u0131\u015f s\u0131z\u0131nt\u0131y\u0131 \u00f6nler;<\/p>\n<p>3. ZECO karbon \u00e7eli\u011fi k\u00fcresel vana, boru hatt\u0131ndaki statik elektri\u011fin zarar\u0131n\u0131 \u00f6nleyen antistatik bir cihaza sahiptir;<\/p>\n<p>4. ZECO karbon \u00e7eli\u011fi k\u00fcresel vana, bak\u0131m s\u0131ras\u0131nda u\u00e7u\u015fan milin neden oldu\u011fu ki\u015fisel yaralanmalar\u0131 \u00f6nlemek i\u00e7in patlamay\u0131 \u00f6nleyici bir mil tasar\u0131m\u0131na sahiptir.<\/p>\n<h2>Karbon \u00c7elik K\u00fcresel Vana Malzemesi:<\/h2>\n<table>\n<tbody>\n<tr class=\"firstRow\">\n<td valign=\"center\">Hay\u0131r<\/td>\n<td valign=\"center\">Par\u00e7a<\/td>\n<td valign=\"center\">Malzeme<\/td>\n<\/tr>\n<tr>\n<td valign=\"center\">1<\/td>\n<td valign=\"center\">V\u00fccut<\/td>\n<td valign=\"center\">ASTM A216 WCB<\/td>\n<\/tr>\n<tr>\n<td valign=\"center\">2<\/td>\n<td valign=\"center\">Bone<\/td>\n<td valign=\"center\">ASTM A216 WCB<\/td>\n<\/tr>\n<tr>\n<td valign=\"center\">3<\/td>\n<td valign=\"center\">Top<\/td>\n<td valign=\"center\">ASTM A182 F316<\/td>\n<\/tr>\n<tr>\n<td valign=\"center\">4<\/td>\n<td valign=\"center\">Koltuk<\/td>\n<td valign=\"center\">ASTM A182 F316 + PTFE<\/td>\n<\/tr>\n<tr>\n<td valign=\"center\">5<\/td>\n<td valign=\"center\">K\u00f6k<\/td>\n<td valign=\"center\">ASTM A276 316<\/td>\n<\/tr>\n<tr>\n<td valign=\"center\">6<\/td>\n<td valign=\"center\">Anti-statik Cihaz<\/td>\n<td valign=\"center\">SS316<\/td>\n<\/tr>\n<tr>\n<td valign=\"center\">7<\/td>\n<td valign=\"center\">Conta<\/td>\n<td valign=\"center\">Grafit + SS316<\/td>\n<\/tr>\n<tr>\n<td valign=\"center\">8<\/td>\n<td valign=\"center\">C\u0131vata<\/td>\n<td valign=\"center\">ASTM A193 B7<\/td>\n<\/tr>\n<tr>\n<td valign=\"center\">9<\/td>\n<td valign=\"center\">F\u0131nd\u0131k<\/td>\n<td valign=\"center\">ASTM A194 2H<\/td>\n<\/tr>\n<tr>\n<td valign=\"center\">10<\/td>\n<td valign=\"center\">O-ring<\/td>\n<td valign=\"center\">Viton A<\/td>\n<\/tr>\n<tr>\n<td valign=\"center\">11<\/td>\n<td valign=\"center\">Kol<\/td>\n<td valign=\"center\">ASTM A216 WCB<\/td>\n<\/tr>\n<\/tbody>\n<\/table>\n<\/div>","protected":false},"excerpt":{"rendered":"<p>Karbon \u00c7elik K\u00fcresel Vana VANA F\u0130YATI ALIN Karbon \u00c7elik K\u00fcresel Vana A\u00e7\u0131klamas\u0131: ZECO karbon \u00e7elik k\u00fcresel vana genellikle a\u015f\u0131nd\u0131r\u0131c\u0131 olmayan ortamlarda kullan\u0131l\u0131r. <a title=\"Karbon \u00c7elik K\u00fcresel Vana\" class=\"read-more\" href=\"https:\/\/zecovalve.com\/tr\/urun\/carbon-steel-ball-valve\" aria-label=\"Karbon \u00c7elik K\u00fcresel Vana hakk\u0131nda daha fazlas\u0131\">Daha fazla bilgi edinin<\/a><\/p>","protected":false},"featured_media":16645,"comment_status":"closed","ping_status":"closed","template":"","meta":{"_generate-full-width-content":"","kt_blocks_editor_width":""},"product_cat":[2047,2461],"product_tag":[2804,2658],"class_list":["post-16644","product","type-product","status-publish","has-post-thumbnail","hentry","product_cat-ball-valve","product_cat-ball-valve-by-material","product_tag-2-inch-ball-valve","product_tag-isolation-valve","sales-flash-overlay","woocommerce-text-align-center","woocommerce-image-align-center","do-quantity-buttons"],"featured_image_src_large":["https:\/\/zecovalve.com\/wp-content\/uploads\/2022\/06\/carbon-steel-ball-valve-1.jpg",800,600,false],"author_info":[],"comment_info":0,"taxonomy_info":{"product_cat":[{"value":2047,"label":"Ball Valve"},{"value":2461,"label":"Ball Valve By Material"}],"product_tag":[{"value":2804,"label":"2 inch Ball Valve"},{"value":2658,"label":"Isolation Valve"}]},"yoast_head":"<!-- This site is optimized with the Yoast SEO Premium plugin v15.4 - https:\/\/yoast.com\/wordpress\/plugins\/seo\/ -->\n<title>Carbon Steel Ball Valve - ZECO Valve<\/title>\n<meta name=\"robots\" content=\"index, follow, max-snippet:-1, max-image-preview:large, max-video-preview:-1\" \/>\n<link rel=\"canonical\" href=\"https:\/\/zecovalve.com\/tr\/urun\/carbon-steel-ball-valve\" \/>\n<meta property=\"og:locale\" content=\"tr_TR\" \/>\n<meta property=\"og:type\" content=\"article\" \/>\n<meta property=\"og:title\" content=\"Carbon Steel Ball Valve - ZECO Valve\" \/>\n<meta property=\"og:description\" content=\"Carbon Steel Ball Valve \u00a0GET VALVE PRICE Description of Carbon Steel Ball Valve: ZECO\u00a0carbon steel\u00a0ball valve\u00a0is usually used in non-corrosive media, under ... Read more\" \/>\n<meta property=\"og:url\" content=\"https:\/\/zecovalve.com\/tr\/urun\/carbon-steel-ball-valve\" \/>\n<meta property=\"og:site_name\" content=\"ZECO Valve\" \/>\n<meta property=\"article:modified_time\" content=\"2022-07-10T02:25:36+00:00\" \/>\n<meta property=\"og:image\" content=\"https:\/\/zecovalve.com\/wp-content\/uploads\/2022\/06\/carbon-steel-ball-valve-1.jpg\" \/>\n\t<meta property=\"og:image:width\" content=\"800\" \/>\n\t<meta property=\"og:image:height\" content=\"600\" \/>\n<meta name=\"twitter:card\" content=\"summary_large_image\" \/>\n<meta name=\"twitter:label1\" content=\"Yazan:\">\n\t<meta name=\"twitter:data1\" content=\"Jerry\">\n\t<meta name=\"twitter:label2\" content=\"Tahmini okuma s\u00fcresi\">\n\t<meta name=\"twitter:data2\" content=\"1 dakika\">\n<script type=\"application\/ld+json\" class=\"yoast-schema-graph\">{\"@context\":\"https:\/\/schema.org\",\"@graph\":[{\"@type\":\"WebSite\",\"@id\":\"https:\/\/zecovalve.com\/#website\",\"url\":\"https:\/\/zecovalve.com\/\",\"name\":\"ZECO Valve\",\"description\":\"Industrial Ball Valve, Gate Valve and Globe Valve Manufacturer\",\"potentialAction\":[{\"@type\":\"SearchAction\",\"target\":\"https:\/\/zecovalve.com\/?s={search_term_string}\",\"query-input\":\"required name=search_term_string\"}],\"inLanguage\":\"tr\"},{\"@type\":\"ImageObject\",\"@id\":\"https:\/\/zecovalve.com\/product\/carbon-steel-ball-valve#primaryimage\",\"inLanguage\":\"tr\",\"url\":\"https:\/\/zecovalve.com\/wp-content\/uploads\/2022\/06\/carbon-steel-ball-valve-1.jpg\",\"width\":800,\"height\":600,\"caption\":\"Carbon Steel Ball Valve\"},{\"@type\":\"WebPage\",\"@id\":\"https:\/\/zecovalve.com\/product\/carbon-steel-ball-valve#webpage\",\"url\":\"https:\/\/zecovalve.com\/product\/carbon-steel-ball-valve\",\"name\":\"Carbon Steel Ball Valve - ZECO Valve\",\"isPartOf\":{\"@id\":\"https:\/\/zecovalve.com\/#website\"},\"primaryImageOfPage\":{\"@id\":\"https:\/\/zecovalve.com\/product\/carbon-steel-ball-valve#primaryimage\"},\"datePublished\":\"2022-06-22T07:41:11+00:00\",\"dateModified\":\"2022-07-10T02:25:36+00:00\",\"breadcrumb\":{\"@id\":\"https:\/\/zecovalve.com\/product\/carbon-steel-ball-valve#breadcrumb\"},\"inLanguage\":\"tr\",\"potentialAction\":[{\"@type\":\"ReadAction\",\"target\":[\"https:\/\/zecovalve.com\/product\/carbon-steel-ball-valve\"]}]},{\"@type\":\"BreadcrumbList\",\"@id\":\"https:\/\/zecovalve.com\/product\/carbon-steel-ball-valve#breadcrumb\",\"itemListElement\":[{\"@type\":\"ListItem\",\"position\":1,\"item\":{\"@type\":\"WebPage\",\"@id\":\"https:\/\/zecovalve.com\/\",\"url\":\"https:\/\/zecovalve.com\/\",\"name\":\"Home\"}},{\"@type\":\"ListItem\",\"position\":2,\"item\":{\"@type\":\"WebPage\",\"@id\":\"https:\/\/zecovalve.com\/product-category\",\"url\":\"https:\/\/zecovalve.com\/product-category\",\"name\":\"Industrial Valve Manufacturer | Water Valve Manufacturer\"}},{\"@type\":\"ListItem\",\"position\":3,\"item\":{\"@type\":\"WebPage\",\"@id\":\"https:\/\/zecovalve.com\/product\/carbon-steel-ball-valve\",\"url\":\"https:\/\/zecovalve.com\/product\/carbon-steel-ball-valve\",\"name\":\"Carbon Steel Ball Valve\"}}]}]}<\/script>\n<!-- \/ Yoast SEO Premium plugin. -->","_links":{"self":[{"href":"https:\/\/zecovalve.com\/tr\/wp-json\/wp\/v2\/product\/16644","targetHints":{"allow":["GET"]}}],"collection":[{"href":"https:\/\/zecovalve.com\/tr\/wp-json\/wp\/v2\/product"}],"about":[{"href":"https:\/\/zecovalve.com\/tr\/wp-json\/wp\/v2\/types\/product"}],"replies":[{"embeddable":true,"href":"https:\/\/zecovalve.com\/tr\/wp-json\/wp\/v2\/comments?post=16644"}],"wp:featuredmedia":[{"embeddable":true,"href":"https:\/\/zecovalve.com\/tr\/wp-json\/wp\/v2\/media\/16645"}],"wp:attachment":[{"href":"https:\/\/zecovalve.com\/tr\/wp-json\/wp\/v2\/media?parent=16644"}],"wp:term":[{"taxonomy":"product_cat","embeddable":true,"href":"https:\/\/zecovalve.com\/tr\/wp-json\/wp\/v2\/product_cat?post=16644"},{"taxonomy":"product_tag","embeddable":true,"href":"https:\/\/zecovalve.com\/tr\/wp-json\/wp\/v2\/product_tag?post=16644"}],"curies":[{"name":"wp","href":"https:\/\/api.w.org\/{rel}","templated":true}]}}