{"id":16663,"date":"2022-06-22T08:06:32","date_gmt":"2022-06-22T08:06:32","guid":{"rendered":"https:\/\/zecovalve.com\/?post_type=product&#038;p=16663"},"modified":"2022-06-28T03:25:21","modified_gmt":"2022-06-28T03:25:21","slug":"lug-butterfly-valve","status":"publish","type":"product","link":"https:\/\/zecovalve.com\/tr\/urun\/lug-butterfly-valve","title":{"rendered":"Lug Kelebek Vana"},"content":{"rendered":"<h1 class=\"sep-title\">Lug Kelebek Vana<\/h1>\n<div class=\"sep-box-detail clearfix\">\n<div class=\"box-lf\">\n<div class=\"thumb\">\n<figure id=\"attachment_16664\" aria-describedby=\"caption-attachment-16664\" style=\"width: 290px\" class=\"wp-caption alignnone\"><img loading=\"lazy\" decoding=\"async\" class=\"size-medium wp-image-16664\" src=\"https:\/\/zecovalve.com\/wp-content\/uploads\/2022\/06\/lug-butterfly-valve-300x225.jpg\" alt=\"Lug Kelebek Vana\" width=\"300\" height=\"225\" srcset=\"https:\/\/zecovalve.com\/wp-content\/uploads\/2022\/06\/lug-butterfly-valve-300x225.jpg 300w, https:\/\/zecovalve.com\/wp-content\/uploads\/2022\/06\/lug-butterfly-valve-768x576.jpg 768w, https:\/\/zecovalve.com\/wp-content\/uploads\/2022\/06\/lug-butterfly-valve-600x450.jpg 600w, https:\/\/zecovalve.com\/wp-content\/uploads\/2022\/06\/lug-butterfly-valve.jpg 800w\" sizes=\"auto, (max-width: 300px) 100vw, 300px\" \/><figcaption id=\"caption-attachment-16664\" class=\"wp-caption-text\">Lug Kelebek Vana<\/figcaption><\/figure>\n<\/div>\n<div class=\"info\"><a href=\"https:\/\/zecovalve.com\/tr\/products\/lug-butterfly-valve.html\/#form\"><i class=\"fa fa-commenting-o\" aria-hidden=\"true\"><\/i>\u00a0VANA FI\u0307YATI ALIN<\/a><\/div>\n<\/div>\n<div class=\"box-rt\">\n<div class=\"gg\">\n<div class=\"swiper-container swiper-container-initialized swiper-container-vertical\">\n<div class=\"swiper-wrapper\"><\/div>\n<\/div>\n<\/div>\n<\/div>\n<\/div>\n<div class=\"richtext\">\n<h2>A\u00e7\u0131klama:<\/h2>\n<p>ZECO lug kelebek vana, wafer kelebek vanalardan biridir. Tak\u0131ld\u0131\u011f\u0131nda, vana \u00e7ift ba\u015fl\u0131 c\u0131vatalarla iki boru flan\u015f\u0131 aras\u0131na ba\u011flan\u0131r. Genellikle boru terminali ve boru hatt\u0131n\u0131n mukavemetinin y\u00fcksek oldu\u011fu durumlarda kullan\u0131l\u0131r Lug kelebek vana, kullan\u0131c\u0131n\u0131n se\u00e7ece\u011fi fiili duruma g\u00f6re esnek conta yap\u0131s\u0131na ve metal conta yap\u0131s\u0131na sahiptir. ZECO lug kelebek vanan\u0131n flan\u015f u\u00e7 \u00f6l\u00e7\u00fcs\u00fc kullan\u0131c\u0131lar\u0131n ihtiya\u00e7lar\u0131na g\u00f6re \u00fcretilebilir. \u015eu anda kal\u0131plar\u0131m\u0131z, kullan\u0131c\u0131lar\u0131n ger\u00e7ek kurulum gereksinimlerini kar\u015f\u0131lamak i\u00e7in ASME B16.5, DIN ve BS standartlar\u0131n\u0131n gereksinimlerini kar\u015f\u0131layabilir. ZECO, \u00fcr\u00fcnleri t\u00fcm d\u00fcnyada petrol ve gaz \u015firketleri ve end\u00fcstriyel i\u015fletme \u015firketleri taraf\u0131ndan kullan\u0131lan profesyonel bir pabu\u00e7lu kelebek vana \u00fcreticisidir.<\/p>\n<p>&nbsp;<\/p>\n<p>&nbsp;<\/p>\n<h2>\u00d6zellikler:<\/h2>\n<p>1. ZECO lug kelebek vana \u00fc\u00e7l\u00fc ofset yap\u0131ya ve \u00e7ift ofset y\u00fcksek performansl\u0131 yap\u0131ya sahiptir, ihtiyaca g\u00f6re \u00fcretilebilir. E\u015fsiz kendinden ayarl\u0131 s\u0131zd\u0131rmazl\u0131k yuvas\u0131, \u00e7ift eksantrik yap\u0131da benimsenmi\u015ftir. Kelebek disk kapand\u0131\u011f\u0131nda ve a\u00e7\u0131lmaya haz\u0131r oldu\u011funda, PTFE s\u0131zd\u0131rmazl\u0131k halkas\u0131 otomatik olarak s\u0131f\u0131rlanacak ve orijinal elastik konumuna geri d\u00f6necektir. Kapan\u0131rken, PTFE s\u0131zd\u0131rmazl\u0131k halkas\u0131, s\u0131zd\u0131rmazl\u0131\u011f\u0131 sa\u011flamak i\u00e7in kelebek disk kapatma kuvveti taraf\u0131ndan s\u0131k\u0131\u015ft\u0131r\u0131lacakt\u0131r;<\/p>\n<p>2. ZECO lug kelebek vana, contay\u0131, uzun servis \u00f6mr\u00fcn\u00fc, d\u00fc\u015f\u00fck bak\u0131m maliyetlerini korumak i\u00e7in o-ring veya metal par\u00e7alar eklemeye gerek yoktur;<\/p>\n<p>3. ZECO lug kelebek vanan\u0131n dudak tipi s\u0131zd\u0131rmazl\u0131k yap\u0131s\u0131, s\u0131cakl\u0131k ve bas\u0131n\u00e7taki de\u011fi\u015fiklikleri telafi edebilir;<\/p>\n<p>4. S\u0131zd\u0131rmazl\u0131k testinde ZECO lug kelebek vana, her iki y\u00f6nde kabarc\u0131k ve s\u0131z\u0131nt\u0131 yok, kullan\u0131c\u0131lar\u0131n gereksinimlere g\u00f6re boru hatt\u0131na vana takabilmelerini sa\u011flar, y\u00f6n gereksinimi yoktur.<\/p>\n<p>&nbsp;<\/p>\n<p>&nbsp;<\/p>\n<p>&nbsp;<\/p>\n<h2>Malzeme:<\/h2>\n<table>\n<tbody>\n<tr class=\"firstRow\">\n<td valign=\"center\">Hay\u0131r<\/td>\n<td valign=\"center\">Par\u00e7a<\/td>\n<td valign=\"center\">Malzeme<\/td>\n<\/tr>\n<tr>\n<td valign=\"center\">1<\/td>\n<td valign=\"center\">V\u00fccut<\/td>\n<td valign=\"center\">ASTM A216 WCB<\/td>\n<\/tr>\n<tr>\n<td valign=\"center\">2<\/td>\n<td valign=\"center\">Conta Halkas\u0131<\/td>\n<td valign=\"center\">Grafit + SS304<\/td>\n<\/tr>\n<tr>\n<td valign=\"center\">3<\/td>\n<td valign=\"center\">Tutucu Flan\u015f<\/td>\n<td valign=\"center\">ASTM A105<\/td>\n<\/tr>\n<tr>\n<td valign=\"center\">4<\/td>\n<td valign=\"center\">Pim<\/td>\n<td valign=\"center\">ASTM A276 420<\/td>\n<\/tr>\n<tr>\n<td valign=\"center\">5<\/td>\n<td valign=\"center\">Disk<\/td>\n<td valign=\"center\">ASTM A216 WCB<\/td>\n<\/tr>\n<tr>\n<td valign=\"center\">6<\/td>\n<td valign=\"center\">K\u00f6k<\/td>\n<td valign=\"center\">ASTM A276 410<\/td>\n<\/tr>\n<tr>\n<td valign=\"center\">7<\/td>\n<td valign=\"center\">K\u00f6k Ambalaj<\/td>\n<td valign=\"center\">Grafit<\/td>\n<\/tr>\n<tr>\n<td valign=\"center\">8<\/td>\n<td valign=\"center\">K\u00f6k Daya\u011f\u0131<\/td>\n<td valign=\"center\">SS304 + PTFE<\/td>\n<\/tr>\n<tr>\n<td valign=\"center\">9<\/td>\n<td valign=\"center\">C\u0131vata<\/td>\n<td valign=\"center\">ASTM A193 B7<\/td>\n<\/tr>\n<tr>\n<td valign=\"center\">10<\/td>\n<td valign=\"center\">F\u0131nd\u0131k<\/td>\n<td valign=\"center\">ASTM A194 2H<\/td>\n<\/tr>\n<tr>\n<td valign=\"center\">11<\/td>\n<td valign=\"center\">Boyunduruk<\/td>\n<td valign=\"center\">ASTM A216 WCB<\/td>\n<\/tr>\n<\/tbody>\n<\/table>\n<\/div>","protected":false},"excerpt":{"rendered":"<p>Lug Kelebek Vana VANA F\u0130YATI ALIN A\u00e7\u0131klama: ZECO lug kelebek vana, wafer kelebek vanalardan biridir. Vana tak\u0131ld\u0131\u011f\u0131nda\u2026 <a title=\"Lug Kelebek Vana\" class=\"read-more\" href=\"https:\/\/zecovalve.com\/tr\/urun\/lug-butterfly-valve\" aria-label=\"Lug Kelebek Vana hakk\u0131nda daha fazla bilgi\">Daha fazla bilgi edinin<\/a><\/p>","protected":false},"featured_media":16664,"comment_status":"closed","ping_status":"closed","template":"","meta":{"_generate-full-width-content":"","kt_blocks_editor_width":""},"product_cat":[2044,2467,2604],"product_tag":[],"class_list":["post-16663","product","type-product","status-publish","has-post-thumbnail","hentry","product_cat-butterfly-valve","product_cat-butterfly-valve-by-form","product_cat-triple-offset-butterfly-valve","sales-flash-overlay","woocommerce-text-align-center","woocommerce-image-align-center","do-quantity-buttons"],"featured_image_src_large":["https:\/\/zecovalve.com\/wp-content\/uploads\/2022\/06\/lug-butterfly-valve.jpg",800,600,false],"author_info":[],"comment_info":0,"taxonomy_info":{"product_cat":[{"value":2044,"label":"Butterfly Valve"},{"value":2467,"label":"Butterfly Valve By Form"},{"value":2604,"label":"Triple Offset Butterfly Valve"}]},"yoast_head":"<!-- This site is optimized with the Yoast SEO Premium plugin v15.4 - https:\/\/yoast.com\/wordpress\/plugins\/seo\/ -->\n<title>Lug Butterfly Valve - ZECO Valve<\/title>\n<meta name=\"robots\" content=\"index, follow, max-snippet:-1, max-image-preview:large, max-video-preview:-1\" \/>\n<link rel=\"canonical\" href=\"https:\/\/zecovalve.com\/tr\/urun\/lug-butterfly-valve\" \/>\n<meta property=\"og:locale\" content=\"tr_TR\" \/>\n<meta property=\"og:type\" content=\"article\" \/>\n<meta property=\"og:title\" content=\"Lug Butterfly Valve - ZECO Valve\" \/>\n<meta property=\"og:description\" content=\"Lug Butterfly Valve \u00a0GET VALVE PRICE Description: ZECO lug butterfly valve is one of the wafer butterfly valves. When installed, the valve ... Read more\" \/>\n<meta property=\"og:url\" content=\"https:\/\/zecovalve.com\/tr\/urun\/lug-butterfly-valve\" \/>\n<meta property=\"og:site_name\" content=\"ZECO Valve\" \/>\n<meta property=\"article:modified_time\" content=\"2022-06-28T03:25:21+00:00\" \/>\n<meta property=\"og:image\" content=\"https:\/\/zecovalve.com\/wp-content\/uploads\/2022\/06\/lug-butterfly-valve.jpg\" \/>\n\t<meta property=\"og:image:width\" content=\"800\" \/>\n\t<meta property=\"og:image:height\" content=\"600\" \/>\n<meta name=\"twitter:card\" content=\"summary_large_image\" \/>\n<meta name=\"twitter:label1\" content=\"Yazan:\">\n\t<meta name=\"twitter:data1\" content=\"Jerry\">\n\t<meta name=\"twitter:label2\" content=\"Tahmini okuma s\u00fcresi\">\n\t<meta name=\"twitter:data2\" content=\"1 dakika\">\n<script type=\"application\/ld+json\" class=\"yoast-schema-graph\">{\"@context\":\"https:\/\/schema.org\",\"@graph\":[{\"@type\":\"WebSite\",\"@id\":\"https:\/\/zecovalve.com\/#website\",\"url\":\"https:\/\/zecovalve.com\/\",\"name\":\"ZECO Valve\",\"description\":\"Industrial Ball Valve, Gate Valve and Globe Valve Manufacturer\",\"potentialAction\":[{\"@type\":\"SearchAction\",\"target\":\"https:\/\/zecovalve.com\/?s={search_term_string}\",\"query-input\":\"required name=search_term_string\"}],\"inLanguage\":\"tr\"},{\"@type\":\"ImageObject\",\"@id\":\"https:\/\/zecovalve.com\/product\/lug-butterfly-valve#primaryimage\",\"inLanguage\":\"tr\",\"url\":\"https:\/\/zecovalve.com\/wp-content\/uploads\/2022\/06\/lug-butterfly-valve.jpg\",\"width\":800,\"height\":600,\"caption\":\"Lug Butterfly Valve\"},{\"@type\":\"WebPage\",\"@id\":\"https:\/\/zecovalve.com\/product\/lug-butterfly-valve#webpage\",\"url\":\"https:\/\/zecovalve.com\/product\/lug-butterfly-valve\",\"name\":\"Lug Butterfly Valve - ZECO Valve\",\"isPartOf\":{\"@id\":\"https:\/\/zecovalve.com\/#website\"},\"primaryImageOfPage\":{\"@id\":\"https:\/\/zecovalve.com\/product\/lug-butterfly-valve#primaryimage\"},\"datePublished\":\"2022-06-22T08:06:32+00:00\",\"dateModified\":\"2022-06-28T03:25:21+00:00\",\"breadcrumb\":{\"@id\":\"https:\/\/zecovalve.com\/product\/lug-butterfly-valve#breadcrumb\"},\"inLanguage\":\"tr\",\"potentialAction\":[{\"@type\":\"ReadAction\",\"target\":[\"https:\/\/zecovalve.com\/product\/lug-butterfly-valve\"]}]},{\"@type\":\"BreadcrumbList\",\"@id\":\"https:\/\/zecovalve.com\/product\/lug-butterfly-valve#breadcrumb\",\"itemListElement\":[{\"@type\":\"ListItem\",\"position\":1,\"item\":{\"@type\":\"WebPage\",\"@id\":\"https:\/\/zecovalve.com\/\",\"url\":\"https:\/\/zecovalve.com\/\",\"name\":\"Home\"}},{\"@type\":\"ListItem\",\"position\":2,\"item\":{\"@type\":\"WebPage\",\"@id\":\"https:\/\/zecovalve.com\/product-category\",\"url\":\"https:\/\/zecovalve.com\/product-category\",\"name\":\"Industrial Valve Manufacturer | Water Valve Manufacturer\"}},{\"@type\":\"ListItem\",\"position\":3,\"item\":{\"@type\":\"WebPage\",\"@id\":\"https:\/\/zecovalve.com\/product\/lug-butterfly-valve\",\"url\":\"https:\/\/zecovalve.com\/product\/lug-butterfly-valve\",\"name\":\"Lug Butterfly Valve\"}}]}]}<\/script>\n<!-- \/ Yoast SEO Premium plugin. -->","_links":{"self":[{"href":"https:\/\/zecovalve.com\/tr\/wp-json\/wp\/v2\/product\/16663","targetHints":{"allow":["GET"]}}],"collection":[{"href":"https:\/\/zecovalve.com\/tr\/wp-json\/wp\/v2\/product"}],"about":[{"href":"https:\/\/zecovalve.com\/tr\/wp-json\/wp\/v2\/types\/product"}],"replies":[{"embeddable":true,"href":"https:\/\/zecovalve.com\/tr\/wp-json\/wp\/v2\/comments?post=16663"}],"wp:featuredmedia":[{"embeddable":true,"href":"https:\/\/zecovalve.com\/tr\/wp-json\/wp\/v2\/media\/16664"}],"wp:attachment":[{"href":"https:\/\/zecovalve.com\/tr\/wp-json\/wp\/v2\/media?parent=16663"}],"wp:term":[{"taxonomy":"product_cat","embeddable":true,"href":"https:\/\/zecovalve.com\/tr\/wp-json\/wp\/v2\/product_cat?post=16663"},{"taxonomy":"product_tag","embeddable":true,"href":"https:\/\/zecovalve.com\/tr\/wp-json\/wp\/v2\/product_tag?post=16663"}],"curies":[{"name":"wp","href":"https:\/\/api.w.org\/{rel}","templated":true}]}}