{"id":16934,"date":"2022-06-25T10:33:12","date_gmt":"2022-06-25T10:33:12","guid":{"rendered":"https:\/\/zecovalve.com\/?post_type=product&#038;p=16934"},"modified":"2023-06-26T05:59:00","modified_gmt":"2023-06-26T05:59:00","slug":"differential-pressure-control-valve","status":"publish","type":"product","link":"https:\/\/zecovalve.com\/tr\/urun\/differential-pressure-control-valve","title":{"rendered":"Diferansiyel Bas\u0131n\u00e7 Kontrol Vanas\u0131"},"content":{"rendered":"<div class=\"sep-pages-boxs bgs clearfix\">\n<div class=\"sep-container clearfix\">\n<h1 class=\"titles sizes1 cens gtj-ff-bold\">Diferansiyel Bas\u0131n\u00e7 Kontrol Vanas\u0131<\/h1>\n<div class=\"bq-sep-pro-detail-thumbs ons clearfix\">\n<div class=\"thumbs\">\n<div class=\"imgs ons\">\n<div class=\"swiper-container swiper-container-initialized swiper-container-horizontal\">\n<div class=\"swiper-wrapper\">\n<div class=\"swiper-slide swiper-slide-active\">\n<figure id=\"attachment_16935\" aria-describedby=\"caption-attachment-16935\" style=\"width: 254px\" class=\"wp-caption alignnone\"><img loading=\"lazy\" decoding=\"async\" class=\"size-medium wp-image-16935\" src=\"https:\/\/zecovalve.com\/wp-content\/uploads\/2022\/06\/differential-pressure-control-valve-264x300.png\" alt=\"Diferansiyel Bas\u0131n\u00e7 Kontrol Vanas\u0131\" width=\"264\" height=\"300\" srcset=\"https:\/\/zecovalve.com\/wp-content\/uploads\/2022\/06\/differential-pressure-control-valve-264x300.png 264w, https:\/\/zecovalve.com\/wp-content\/uploads\/2022\/06\/differential-pressure-control-valve.png 400w\" sizes=\"auto, (max-width: 264px) 100vw, 264px\" \/><figcaption id=\"caption-attachment-16935\" class=\"wp-caption-text\">Diferansiyel Bas\u0131n\u00e7 Kontrol Vanas\u0131<\/figcaption><\/figure>\n<\/div>\n<\/div>\n<\/div>\n<div class=\"lr-lists-boxs\"><\/div>\n<\/div>\n<\/div>\n<\/div>\n<\/div>\n<\/div>\n<div class=\"sep-pages-boxs clearfix\">\n<div class=\"sep-container clearfix\">\n<div id=\"zf-nexts\" class=\"flex clearfix\">\n<div class=\"bq-zf-lefts\">\n<div class=\"richtext\">\n<h2>Fark Bas\u0131n\u00e7 Kontrol Vanas\u0131 Festures<\/h2>\n<div class=\"text-center\"><img loading=\"lazy\" decoding=\"async\" class=\"alignnone size-medium wp-image-16936\" src=\"https:\/\/zecovalve.com\/wp-content\/uploads\/2022\/06\/differential-pressure-control-valve-3-300x225.png\" alt=\"\" width=\"300\" height=\"225\" srcset=\"https:\/\/zecovalve.com\/wp-content\/uploads\/2022\/06\/differential-pressure-control-valve-3-300x225.png 300w, https:\/\/zecovalve.com\/wp-content\/uploads\/2022\/06\/differential-pressure-control-valve-3.png 600w\" sizes=\"auto, (max-width: 300px) 100vw, 300px\" \/><\/div>\n<ul class=\"list-paddingleft-2\">\n<li>Do\u011fru ve kararl\u0131 bas\u0131n\u00e7 fark\u0131 kontrol\u00fc;<\/li>\n<li>20-250Kpa Bas\u0131n\u00e7 fark\u0131 kontrol aral\u0131\u011f\u0131;<\/li>\n<li>Karma\u015f\u0131k elektrik kurulumu olmadan basit hata ay\u0131klama;<\/li>\n<li>Uzun \u00f6m\u00fcr ve dayan\u0131kl\u0131l\u0131k.<\/li>\n<\/ul>\n<\/div>\n<div class=\"richtext\">\n<h2>Fark Bas\u0131n\u00e7 Kontrol Vanas\u0131 \u00c7al\u0131\u015fma Prensibi<\/h2>\n<div class=\"text-center\"><img loading=\"lazy\" decoding=\"async\" class=\"alignnone size-medium wp-image-16937\" src=\"https:\/\/zecovalve.com\/wp-content\/uploads\/2022\/06\/differential-pressure-control-valve-4-300x225.png\" alt=\"\" width=\"300\" height=\"225\" srcset=\"https:\/\/zecovalve.com\/wp-content\/uploads\/2022\/06\/differential-pressure-control-valve-4-300x225.png 300w, https:\/\/zecovalve.com\/wp-content\/uploads\/2022\/06\/differential-pressure-control-valve-4.png 600w\" sizes=\"auto, (max-width: 300px) 100vw, 300px\" \/><\/div>\n<p>P1 su kayna\u011f\u0131n\u0131n bas\u0131nc\u0131d\u0131r, P2 vana i\u00e7indeki birikinti bas\u0131nc\u0131d\u0131r ve P3 vana d\u0131\u015f\u0131ndaki birikinti bas\u0131nc\u0131d\u0131r. P1-P3 artt\u0131\u011f\u0131nda, end\u00fcksiyon diyafram\u0131 diski yukar\u0131 do\u011fru hareket ettirerek ak\u0131\u015f alan\u0131n\u0131 azalt\u0131r ve P2-P3&#039;\u00fc artt\u0131r\u0131r, b\u00f6ylece P1-P2 sabit kal\u0131r, yani kontrol sistemindeki bas\u0131n\u00e7 fark\u0131 de\u011fi\u015fmeden kal\u0131r. Tersine, e\u011fer P1-P3 azal\u0131rsa disk a\u015fa\u011f\u0131 do\u011fru hareket edecek, P2-P3 azalacak ve P1-P2 de\u011fi\u015fmeden kalacakt\u0131r. P1-P3 de\u011fi\u015fmeden kal\u0131rsa ve kontrol edilen sistem i\u00e7indeki diren\u00e7 de\u011fi\u015firse, \u00f6rne\u011fin P1-P2 artarsa, disk bir miktar a\u00e7\u0131l\u0131r, b\u00f6ylece P2 orijinal de\u011ferine d\u00f6ner, yani P1-P2 de\u011fi\u015fmeden kal\u0131r. Dolay\u0131s\u0131yla bu vana kontroll\u00fc sistemin d\u0131\u015f\u0131nda sistemdeki bas\u0131n\u00e7 de\u011fi\u015fimlerini ayarlayabilmektedir.<\/p>\n<\/div>\n<div class=\"richtext\">\n<h2>Diferansiyel Bas\u0131n\u00e7 Kontrol Vanas\u0131 Montaj\u0131 ve Devreye Al\u0131nmas\u0131<\/h2>\n<div class=\"text-center\"><img loading=\"lazy\" decoding=\"async\" class=\"alignnone size-medium wp-image-16938\" src=\"https:\/\/zecovalve.com\/wp-content\/uploads\/2022\/06\/differential-pressure-control-valve-2-300x225.png\" alt=\"\" width=\"300\" height=\"225\" srcset=\"https:\/\/zecovalve.com\/wp-content\/uploads\/2022\/06\/differential-pressure-control-valve-2-300x225.png 300w, https:\/\/zecovalve.com\/wp-content\/uploads\/2022\/06\/differential-pressure-control-valve-2.png 600w\" sizes=\"auto, (max-width: 300px) 100vw, 300px\" \/><\/div>\n<p>Bu vana, su birikintisi kurulum y\u00f6ntemidir. Kontrol borusu su besleme borusunun ba\u011flant\u0131s\u0131na ba\u011flan\u0131r. Harici tip: Kontroll\u00fc sistemin \u00f6n ucundaki besleme borusuna ba\u011flan\u0131r ve u\u00e7ta bak\u0131r k\u0131lavuz vanan\u0131n \u00f6nceden ayarlanm\u0131\u015f kontrol aray\u00fcz\u00fcne ba\u011flan\u0131r; Bas\u0131n\u00e7 fark\u0131 kontrol vanas\u0131 ve balans vanas\u0131 birlikte kullan\u0131l\u0131r. Denge vanas\u0131, ak\u0131\u015f\u0131n \u00f6l\u00e7\u00fclmesinden, kapat\u0131lmas\u0131ndan ve bas\u0131n\u00e7 borusunun ba\u011flanmas\u0131ndan sorumludur. \u00d6zel kullan\u0131m i\u00e7in l\u00fctfen ZECO Vana Grubuna dan\u0131\u015f\u0131n.<\/p>\n<\/div>\n<div class=\"richtext\">\n<h2>Diferansiyel Bas\u0131n\u00e7 Kontrol Vanas\u0131 Malzemesi ve Standard\u0131<\/h2>\n<p>Boyut Aral\u0131\u011f\u0131: 2\u2033~12\u2033<\/p>\n<p>Bas\u0131n\u00e7 De\u011feri: 10bar ~ 25bar<\/p>\n<p>Y\u00fcz Y\u00fcze Boyutlar: AMSE B16.10, EN558-1<\/p>\n<p>Flan\u015f U\u00e7 \u00d6l\u00e7\u00fcs\u00fc: AMSE B16.1\/16.42, AS4087, EN1092-2<\/p>\n<p>Kaplama: F\u00fczyon Ba\u011flant\u0131l\u0131 Epoksi Kaplama<\/p>\n<p>Muayene ve Test: ISO 5208 \/ EN 12226-2<\/p>\n<p>&nbsp;<\/p>\n<div class=\"over-tabs\">\n<table width=\"1389\">\n<tbody>\n<tr class=\"firstRow\">\n<td>Par\u00e7a<\/td>\n<td>Malzeme<\/td>\n<td>Standart<\/td>\n<\/tr>\n<tr>\n<td>V\u00fccut<\/td>\n<td>Sfero D\u00f6k\u00fcm<\/td>\n<td>EN 1563\/DIN 1693<\/td>\n<\/tr>\n<tr>\n<td>Bone<\/td>\n<td>Sfero D\u00f6k\u00fcm + C37000<\/td>\n<td>EN 1563\/EN12167<\/td>\n<\/tr>\n<tr>\n<td>D\u00f6\u015feme<\/td>\n<td>Paslanmaz \u00c7elik 431<\/td>\n<td>EN10088-1\/ASTM A959<\/td>\n<\/tr>\n<tr>\n<td>Koltuk<\/td>\n<td>Paslanmaz \u00c7elik 431<\/td>\n<td>EN10088-1\/ASTM A959<\/td>\n<\/tr>\n<tr>\n<td>Diyafram<\/td>\n<td>EPDM \/ NBR<\/td>\n<td>ISO 4633<\/td>\n<\/tr>\n<tr>\n<td>Bahar<\/td>\n<td>Paslanmaz \u00c7elik 431<\/td>\n<td>EN10088-1\/ASTM A959<\/td>\n<\/tr>\n<tr>\n<td colspan=\"3\">Listede yer almayan malzeme se\u00e7enekleri i\u00e7in fabrikaya dan\u0131\u015f\u0131n.<\/p>\n<p>ZECO 50'den fazla farkl\u0131 ala\u015f\u0131mdan vana \u00fcretmektedir.<\/td>\n<\/tr>\n<\/tbody>\n<\/table>\n<\/div>\n<\/div>\n<\/div>\n<\/div>\n<\/div>\n<\/div>","protected":false},"excerpt":{"rendered":"<p>Diferansiyel Bas\u0131n\u00e7 Kontrol Vanas\u0131 Diferansiyel Bas\u0131n\u00e7 Kontrol Vanas\u0131n\u0131n \u00d6zellikleri Do\u011fru ve stabil bas\u0131n\u00e7 fark\u0131 kontrol\u00fc; 20-250Kpa Bas\u0131n\u00e7 fark\u0131 kontrol aral\u0131\u011f\u0131; Basit \u2026 <a title=\"Diferansiyel Bas\u0131n\u00e7 Kontrol Vanas\u0131\" class=\"read-more\" href=\"https:\/\/zecovalve.com\/tr\/urun\/differential-pressure-control-valve\" aria-label=\"Diferansiyel Bas\u0131n\u00e7 Kontrol Vanas\u0131 hakk\u0131nda daha fazla bilgi\">Daha fazla bilgi edinin<\/a><\/p>","protected":false},"featured_media":27953,"comment_status":"closed","ping_status":"closed","template":"","meta":{"_generate-full-width-content":"","kt_blocks_editor_width":""},"product_cat":[2512],"product_tag":[2724,2654],"class_list":["post-16934","product","type-product","status-publish","has-post-thumbnail","hentry","product_cat-balancing-valve","product_tag-balancing-valve","product_tag-hvac-valve","sales-flash-overlay","woocommerce-text-align-center","woocommerce-image-align-center","do-quantity-buttons"],"featured_image_src_large":["https:\/\/zecovalve.com\/wp-content\/uploads\/2022\/06\/Differential-Pressure-Control-Valve-1.jpg",800,600,false],"author_info":[],"comment_info":0,"taxonomy_info":{"product_cat":[{"value":2512,"label":"Balancing Valve"}],"product_tag":[{"value":2724,"label":"Balancing Valve"},{"value":2654,"label":"HVAC Valve"}]},"yoast_head":"<!-- This site is optimized with the Yoast SEO Premium plugin v15.4 - https:\/\/yoast.com\/wordpress\/plugins\/seo\/ -->\n<title>Differential Pressure Control Valve - ZECO Valve<\/title>\n<meta name=\"robots\" content=\"index, follow, max-snippet:-1, max-image-preview:large, max-video-preview:-1\" \/>\n<link rel=\"canonical\" href=\"https:\/\/zecovalve.com\/tr\/urun\/differential-pressure-control-valve\" \/>\n<meta property=\"og:locale\" content=\"tr_TR\" \/>\n<meta property=\"og:type\" content=\"article\" \/>\n<meta property=\"og:title\" content=\"Differential Pressure Control Valve - ZECO Valve\" \/>\n<meta property=\"og:description\" content=\"Differential Pressure Control Valve Festures of Differential Pressure Control Valve Accurate and stable pressure difference control\uff1b 20-250Kpa Pressure difference control range; Simple ... Read more\" \/>\n<meta property=\"og:url\" content=\"https:\/\/zecovalve.com\/tr\/urun\/differential-pressure-control-valve\" \/>\n<meta property=\"og:site_name\" content=\"ZECO Valve\" \/>\n<meta property=\"article:modified_time\" content=\"2023-06-26T05:59:00+00:00\" \/>\n<meta property=\"og:image\" content=\"https:\/\/zecovalve.com\/wp-content\/uploads\/2022\/06\/Differential-Pressure-Control-Valve-1.jpg\" \/>\n\t<meta property=\"og:image:width\" content=\"800\" \/>\n\t<meta property=\"og:image:height\" content=\"600\" \/>\n<meta name=\"twitter:card\" content=\"summary_large_image\" \/>\n<meta name=\"twitter:label1\" content=\"Yazan:\">\n\t<meta name=\"twitter:data1\" content=\"Jerry\">\n\t<meta name=\"twitter:label2\" content=\"Tahmini okuma s\u00fcresi\">\n\t<meta name=\"twitter:data2\" content=\"1 dakika\">\n<script type=\"application\/ld+json\" class=\"yoast-schema-graph\">{\"@context\":\"https:\/\/schema.org\",\"@graph\":[{\"@type\":\"WebSite\",\"@id\":\"https:\/\/zecovalve.com\/#website\",\"url\":\"https:\/\/zecovalve.com\/\",\"name\":\"ZECO Valve\",\"description\":\"Industrial Ball Valve, Gate Valve and Globe Valve Manufacturer\",\"potentialAction\":[{\"@type\":\"SearchAction\",\"target\":\"https:\/\/zecovalve.com\/?s={search_term_string}\",\"query-input\":\"required name=search_term_string\"}],\"inLanguage\":\"tr\"},{\"@type\":\"ImageObject\",\"@id\":\"https:\/\/zecovalve.com\/product\/differential-pressure-control-valve#primaryimage\",\"inLanguage\":\"tr\",\"url\":\"https:\/\/zecovalve.com\/wp-content\/uploads\/2022\/06\/Differential-Pressure-Control-Valve-1.jpg\",\"width\":800,\"height\":600,\"caption\":\"Differential Pressure Control Valve\"},{\"@type\":\"WebPage\",\"@id\":\"https:\/\/zecovalve.com\/product\/differential-pressure-control-valve#webpage\",\"url\":\"https:\/\/zecovalve.com\/product\/differential-pressure-control-valve\",\"name\":\"Differential Pressure Control Valve - ZECO Valve\",\"isPartOf\":{\"@id\":\"https:\/\/zecovalve.com\/#website\"},\"primaryImageOfPage\":{\"@id\":\"https:\/\/zecovalve.com\/product\/differential-pressure-control-valve#primaryimage\"},\"datePublished\":\"2022-06-25T10:33:12+00:00\",\"dateModified\":\"2023-06-26T05:59:00+00:00\",\"breadcrumb\":{\"@id\":\"https:\/\/zecovalve.com\/product\/differential-pressure-control-valve#breadcrumb\"},\"inLanguage\":\"tr\",\"potentialAction\":[{\"@type\":\"ReadAction\",\"target\":[\"https:\/\/zecovalve.com\/product\/differential-pressure-control-valve\"]}]},{\"@type\":\"BreadcrumbList\",\"@id\":\"https:\/\/zecovalve.com\/product\/differential-pressure-control-valve#breadcrumb\",\"itemListElement\":[{\"@type\":\"ListItem\",\"position\":1,\"item\":{\"@type\":\"WebPage\",\"@id\":\"https:\/\/zecovalve.com\/\",\"url\":\"https:\/\/zecovalve.com\/\",\"name\":\"Home\"}},{\"@type\":\"ListItem\",\"position\":2,\"item\":{\"@type\":\"WebPage\",\"@id\":\"https:\/\/zecovalve.com\/product-category\",\"url\":\"https:\/\/zecovalve.com\/product-category\",\"name\":\"Industrial Valve Manufacturer | Water Valve Manufacturer\"}},{\"@type\":\"ListItem\",\"position\":3,\"item\":{\"@type\":\"WebPage\",\"@id\":\"https:\/\/zecovalve.com\/product\/differential-pressure-control-valve\",\"url\":\"https:\/\/zecovalve.com\/product\/differential-pressure-control-valve\",\"name\":\"Differential Pressure Control Valve\"}}]}]}<\/script>\n<!-- \/ Yoast SEO Premium plugin. -->","_links":{"self":[{"href":"https:\/\/zecovalve.com\/tr\/wp-json\/wp\/v2\/product\/16934","targetHints":{"allow":["GET"]}}],"collection":[{"href":"https:\/\/zecovalve.com\/tr\/wp-json\/wp\/v2\/product"}],"about":[{"href":"https:\/\/zecovalve.com\/tr\/wp-json\/wp\/v2\/types\/product"}],"replies":[{"embeddable":true,"href":"https:\/\/zecovalve.com\/tr\/wp-json\/wp\/v2\/comments?post=16934"}],"wp:featuredmedia":[{"embeddable":true,"href":"https:\/\/zecovalve.com\/tr\/wp-json\/wp\/v2\/media\/27953"}],"wp:attachment":[{"href":"https:\/\/zecovalve.com\/tr\/wp-json\/wp\/v2\/media?parent=16934"}],"wp:term":[{"taxonomy":"product_cat","embeddable":true,"href":"https:\/\/zecovalve.com\/tr\/wp-json\/wp\/v2\/product_cat?post=16934"},{"taxonomy":"product_tag","embeddable":true,"href":"https:\/\/zecovalve.com\/tr\/wp-json\/wp\/v2\/product_tag?post=16934"}],"curies":[{"name":"wp","href":"https:\/\/api.w.org\/{rel}","templated":true}]}}