{"id":16976,"date":"2022-06-25T11:44:15","date_gmt":"2022-06-25T11:44:15","guid":{"rendered":"https:\/\/zecovalve.com\/?post_type=product&#038;p=16976"},"modified":"2023-06-26T06:02:17","modified_gmt":"2023-06-26T06:02:17","slug":"pressure-independent-control-valve","status":"publish","type":"product","link":"https:\/\/zecovalve.com\/tr\/urun\/pressure-independent-control-valve","title":{"rendered":"Bas\u0131n\u00e7tan Ba\u011f\u0131ms\u0131z Kontrol Vanas\u0131"},"content":{"rendered":"<div class=\"sep-pages-boxs bgs clearfix\">\n<div class=\"sep-container clearfix\">\n<h1 class=\"titles sizes1 cens gtj-ff-bold\">Bas\u0131n\u00e7tan Ba\u011f\u0131ms\u0131z Kontrol Vanas\u0131<\/h1>\n<div class=\"bq-sep-pro-detail-thumbs ons clearfix\">\n<div class=\"thumbs\">\n<div class=\"imgs ons\">\n<div class=\"swiper-container swiper-container-initialized swiper-container-horizontal\">\n<div class=\"swiper-wrapper\">\n<div class=\"swiper-slide swiper-slide-active\">\n<figure id=\"attachment_16977\" aria-describedby=\"caption-attachment-16977\" style=\"width: 254px\" class=\"wp-caption alignnone\"><img loading=\"lazy\" decoding=\"async\" class=\"size-medium wp-image-16977\" src=\"https:\/\/zecovalve.com\/wp-content\/uploads\/2022\/06\/pressure-independent-control-valve_1626230630-264x300.jpg\" alt=\"Bas\u0131n\u00e7tan Ba\u011f\u0131ms\u0131z Kontrol Vanas\u0131\" width=\"264\" height=\"300\" srcset=\"https:\/\/zecovalve.com\/wp-content\/uploads\/2022\/06\/pressure-independent-control-valve_1626230630-264x300.jpg 264w, https:\/\/zecovalve.com\/wp-content\/uploads\/2022\/06\/pressure-independent-control-valve_1626230630.jpg 400w\" sizes=\"auto, (max-width: 264px) 100vw, 264px\" \/><figcaption id=\"caption-attachment-16977\" class=\"wp-caption-text\">Bas\u0131n\u00e7tan Ba\u011f\u0131ms\u0131z Kontrol Vanas\u0131<\/figcaption><\/figure>\n<\/div>\n<\/div>\n<\/div>\n<div class=\"lr-lists-boxs\"><\/div>\n<\/div>\n<\/div>\n<\/div>\n<\/div>\n<\/div>\n<div class=\"sep-pages-boxs clearfix\">\n<div class=\"sep-container clearfix\">\n<div id=\"zf-nexts\" class=\"flex clearfix\">\n<div class=\"bq-zf-lefts\">\n<div class=\"richtext\">\n<h2>Bas\u0131n\u00e7tan Ba\u011f\u0131ms\u0131z Kontrol Vanas\u0131n\u0131n \u00d6zellikleri<\/h2>\n<div class=\"text-center\"><img loading=\"lazy\" decoding=\"async\" class=\"alignnone size-medium wp-image-16978\" src=\"https:\/\/zecovalve.com\/wp-content\/uploads\/2022\/06\/pressure-independent-control-valve-features-300x225.jpg\" alt=\"\" width=\"300\" height=\"225\" srcset=\"https:\/\/zecovalve.com\/wp-content\/uploads\/2022\/06\/pressure-independent-control-valve-features-300x225.jpg 300w, https:\/\/zecovalve.com\/wp-content\/uploads\/2022\/06\/pressure-independent-control-valve-features.jpg 600w\" sizes=\"auto, (max-width: 300px) 100vw, 300px\" \/><\/div>\n<ul class=\"list-paddingleft-2\">\n<li>Ak\u0131\u015f d\u00fczenlemesi ve hidrolik denge entegre edilmi\u015ftir;<\/li>\n<li>Kendinden etkili diyafram diferansiyel bas\u0131n\u00e7 kontrol\u00f6r\u00fc, ak\u0131\u015f h\u0131z\u0131 de\u011fi\u015fikli\u011fine h\u0131zla yan\u0131t verir;<\/li>\n<li>Klima sistemi vanalar\u0131n\u0131n kullan\u0131m\u0131n\u0131 azalt\u0131n;<\/li>\n<li>Su pompas\u0131 i\u015fleminin verimlili\u011fini art\u0131r\u0131n ve enerji tasarrufu yap\u0131n.<\/li>\n<\/ul>\n<\/div>\n<div class=\"richtext\">\n<h2>Bas\u0131n\u00e7tan Ba\u011f\u0131ms\u0131z Kontrol Vanas\u0131 \u00c7al\u0131\u015fma Prensibi<\/h2>\n<div class=\"text-center\"><img loading=\"lazy\" decoding=\"async\" class=\"alignnone size-medium wp-image-16979\" src=\"https:\/\/zecovalve.com\/wp-content\/uploads\/2022\/06\/pressure-independent-control-valve-principle-300x225.jpg\" alt=\"\" width=\"300\" height=\"225\" srcset=\"https:\/\/zecovalve.com\/wp-content\/uploads\/2022\/06\/pressure-independent-control-valve-principle-300x225.jpg 300w, https:\/\/zecovalve.com\/wp-content\/uploads\/2022\/06\/pressure-independent-control-valve-principle.jpg 600w\" sizes=\"auto, (max-width: 300px) 100vw, 300px\" \/><\/div>\n<p>PICV valfi yay kuvveti sayesinde \u2206P&#039;yi sabit tutar. Valf g\u00f6vdesi i\u00e7indeki bas\u0131n\u00e7 kanal\u0131, yap\u0131n\u0131n her iki ucundaki P1 ve P2 bas\u0131nc\u0131n\u0131 ayarlayarak diyafram\u0131n s\u0131ras\u0131yla \u00fcst ve alt u\u00e7lar\u0131na neden olur. P1=P2+P yay\u0131n denge durumu, yay kuvvetinin etkisi ile korunacakt\u0131r. P1 artarsa diyafram\u0131n alt k\u0131sm\u0131na etki eden kuvvet de buna ba\u011fl\u0131 olarak artar ve diyafram yukar\u0131 do\u011fru hareket ederek bas\u0131n\u00e7 fark\u0131 kontrol yap\u0131s\u0131 alan\u0131n\u0131 azalt\u0131r ve P2 buna g\u00f6re artarak yeni bir dengeye ula\u015f\u0131r. Ve tam tersi; Ve PICV valfi, Kv de\u011ferini de\u011fi\u015ftirecek \u015fekilde diski ayarlayarak ak\u0131\u015f h\u0131z\u0131n\u0131 ayarlar.<\/p>\n<\/div>\n<div class=\"richtext\">\n<h2>Bas\u0131n\u00e7tan Ba\u011f\u0131ms\u0131z Kontrol Vanas\u0131 Montaj\u0131 ve Devreye Al\u0131nmas\u0131<\/h2>\n<div class=\"text-center\"><img loading=\"lazy\" decoding=\"async\" class=\"alignnone size-medium wp-image-16980\" src=\"https:\/\/zecovalve.com\/wp-content\/uploads\/2022\/06\/pressure-independent-control-valve-installation-and-commissioning-300x225.jpg\" alt=\"\" width=\"300\" height=\"225\" srcset=\"https:\/\/zecovalve.com\/wp-content\/uploads\/2022\/06\/pressure-independent-control-valve-installation-and-commissioning-300x225.jpg 300w, https:\/\/zecovalve.com\/wp-content\/uploads\/2022\/06\/pressure-independent-control-valve-installation-and-commissioning.jpg 600w\" sizes=\"auto, (max-width: 300px) 100vw, 300px\" \/><\/div>\n<p>\u015eartnameler, klima kutusunun tasar\u0131m debisi ve bas\u0131n\u00e7tan ba\u011f\u0131ms\u0131z balans vanas\u0131n\u0131n izin verilen bas\u0131n\u00e7 aral\u0131\u011f\u0131na g\u00f6re belirlenir ve teknik parametreler gereksinimlere g\u00f6re belirlenir. \u00d6zel kullan\u0131m i\u00e7in l\u00fctfen Zeco Vana Grubuna dan\u0131\u015f\u0131n.<\/p>\n<\/div>\n<div class=\"richtext\">\n<h2>Bas\u0131n\u00e7tan Ba\u011f\u0131ms\u0131z Kontrol Vanas\u0131 Malzemesi ve Standard\u0131<\/h2>\n<p>Boyut Aral\u0131\u011f\u0131: 2\u2033~12\u2033<br \/>\nBas\u0131n\u00e7 De\u011feri: 10bar ~ 25bar<\/p>\n<p>Y\u00fcz Y\u00fcze Boyutlar: AMSE B16.10, EN558-1<\/p>\n<p>Flan\u015f U\u00e7 \u00d6l\u00e7\u00fcs\u00fc: AMSE B16.1\/16.42, AS4087, EN1092-2<\/p>\n<p>Kaplama: F\u00fczyon Ba\u011flant\u0131l\u0131 Epoksi Kaplama<\/p>\n<p>Muayene ve Test: ISO 5208 \/ EN 12226-2<\/p>\n<div class=\"over-tabs\">\n<table cellspacing=\"0\">\n<tbody>\n<tr class=\"firstRow\">\n<td valign=\"center\">Par\u00e7a<\/td>\n<td valign=\"center\">Malzeme<\/td>\n<td valign=\"center\">Standart<\/td>\n<\/tr>\n<tr>\n<td valign=\"center\">V\u00fccut<\/td>\n<td valign=\"center\">Sfero D\u00f6k\u00fcm<\/td>\n<td valign=\"center\">EN 1563\/DIN 1693<\/td>\n<\/tr>\n<tr>\n<td valign=\"center\">Bone<\/td>\n<td valign=\"center\">Sfero D\u00f6k\u00fcm<\/td>\n<td valign=\"center\">EN 1563\/DIN 1693<\/td>\n<\/tr>\n<tr>\n<td valign=\"center\">D\u00f6\u015feme<\/td>\n<td valign=\"center\">Paslanmaz \u00c7elik 304<\/td>\n<td valign=\"center\">EN10088-1\/ASTM A959<\/td>\n<\/tr>\n<tr>\n<td valign=\"center\">Koltuk<\/td>\n<td valign=\"center\">Paslanmaz \u00c7elik 304<\/td>\n<td valign=\"center\">EN10088-1\/ASTM A959<\/td>\n<\/tr>\n<tr>\n<td valign=\"center\">Diyafram<\/td>\n<td valign=\"center\">EPDM \/ NBR<\/td>\n<td valign=\"center\">ISO 4633<\/td>\n<\/tr>\n<tr>\n<td valign=\"center\">Elektrikli Akt\u00fcat\u00f6r<\/td>\n<td valign=\"center\">Honeywell&#039;in<\/td>\n<td valign=\"center\">ML7421A-A\/B<\/td>\n<\/tr>\n<tr>\n<td colspan=\"3\" valign=\"center\">Listede yer almayan malzeme se\u00e7enekleri i\u00e7in fabrikaya dan\u0131\u015f\u0131n.<\/p>\n<p>Zeco, 50'den fazla farkl\u0131 ala\u015f\u0131mdan valf \u00fcretmektedir.<\/td>\n<\/tr>\n<\/tbody>\n<\/table>\n<p>&nbsp;<\/p>\n<table border=\"1\">\n<tbody>\n<tr>\n<td>NPS<\/td>\n<td>\u0130\u00e7inde<\/td>\n<td>1<\/td>\n<td>1 1\/4<\/td>\n<td>1 1\/2<\/td>\n<td>2<\/td>\n<td>2 1\/2<\/td>\n<td>3<\/td>\n<td>4<\/td>\n<td>5<\/td>\n<td>6<\/td>\n<\/tr>\n<tr>\n<td>Bas\u0131n\u00e7 Aral\u0131\u011f\u0131<\/td>\n<td>Kpa<\/td>\n<td>30-300<\/td>\n<td>30-300<\/td>\n<td>30-300<\/td>\n<td>30-300<\/td>\n<td>30-300<\/td>\n<td>30-300<\/td>\n<td>30-300<\/td>\n<td>30-300<\/td>\n<td>30-300<\/td>\n<\/tr>\n<tr>\n<td>Maks. Ak\u0131\u015f<\/td>\n<td>m3\/saat<\/td>\n<td>2.9<\/td>\n<td>4.7<\/td>\n<td>7.7<\/td>\n<td>12.1<\/td>\n<td>20.4<\/td>\n<td>30.8<\/td>\n<td>45.3<\/td>\n<td>70.7<\/td>\n<td>101.8<\/td>\n<\/tr>\n<tr>\n<td>L<\/td>\n<td>mm<\/td>\n<td>150<\/td>\n<td>150<\/td>\n<td>200<\/td>\n<td>230<\/td>\n<td>290<\/td>\n<td>310<\/td>\n<td>350<\/td>\n<td>390<\/td>\n<td>480<\/td>\n<\/tr>\n<tr>\n<td>H<\/td>\n<td>mm<\/td>\n<td>185<\/td>\n<td>185<\/td>\n<td>205<\/td>\n<td>235<\/td>\n<td>275<\/td>\n<td>315<\/td>\n<td>335<\/td>\n<td>360<\/td>\n<td>400<\/td>\n<\/tr>\n<\/tbody>\n<\/table>\n<\/div>\n<\/div>\n<\/div>\n<\/div>\n<\/div>\n<\/div>","protected":false},"excerpt":{"rendered":"<p>Bas\u0131n\u00e7tan Ba\u011f\u0131ms\u0131z Kontrol Vanas\u0131 Bas\u0131n\u00e7tan Ba\u011f\u0131ms\u0131z Kontrol Vanas\u0131n\u0131n \u00d6zellikleri Ak\u0131\u015f reg\u00fclasyonu ve hidrolik denge entegre edilmi\u015ftir; Kendinden etkili diyafram diferansiyel bas\u0131nc\u0131\u2026 <a title=\"Bas\u0131n\u00e7tan Ba\u011f\u0131ms\u0131z Kontrol Vanas\u0131\" class=\"read-more\" href=\"https:\/\/zecovalve.com\/tr\/urun\/pressure-independent-control-valve\" aria-label=\"Bas\u0131n\u00e7tan Ba\u011f\u0131ms\u0131z Kontrol Vanas\u0131 hakk\u0131nda daha fazlas\u0131\">Daha fazla bilgi edinin<\/a><\/p>","protected":false},"featured_media":27956,"comment_status":"closed","ping_status":"closed","template":"","meta":{"_generate-full-width-content":"","kt_blocks_editor_width":""},"product_cat":[2512],"product_tag":[2724,2654,2766,2727,2723],"class_list":["post-16976","product","type-product","status-publish","has-post-thumbnail","hentry","product_cat-balancing-valve","product_tag-balancing-valve","product_tag-hvac-valve","product_tag-motorised-valve","product_tag-motorized-valve","product_tag-what-is-a-valve","sales-flash-overlay","woocommerce-text-align-center","woocommerce-image-align-center","do-quantity-buttons"],"featured_image_src_large":["https:\/\/zecovalve.com\/wp-content\/uploads\/2022\/06\/Pressure-Independent-Control-Valve-2.jpg",800,600,false],"author_info":[],"comment_info":0,"taxonomy_info":{"product_cat":[{"value":2512,"label":"Balancing Valve"}],"product_tag":[{"value":2724,"label":"Balancing Valve"},{"value":2654,"label":"HVAC Valve"},{"value":2766,"label":"Motorised Valve"},{"value":2727,"label":"Motorized Valve"},{"value":2723,"label":"What is a Valve"}]},"yoast_head":"<!-- This site is optimized with the Yoast SEO Premium plugin v15.4 - https:\/\/yoast.com\/wordpress\/plugins\/seo\/ -->\n<title>Pressure Independent Control Valve - ZECO Valve<\/title>\n<meta name=\"robots\" content=\"index, follow, max-snippet:-1, max-image-preview:large, max-video-preview:-1\" \/>\n<link rel=\"canonical\" href=\"https:\/\/zecovalve.com\/tr\/urun\/pressure-independent-control-valve\" \/>\n<meta property=\"og:locale\" content=\"tr_TR\" \/>\n<meta property=\"og:type\" content=\"article\" \/>\n<meta property=\"og:title\" content=\"Pressure Independent Control Valve - ZECO Valve\" \/>\n<meta property=\"og:description\" content=\"Pressure Independent Control Valve Features of Pressure Independent Control Valve Flow regulation and hydraulic balance are integrated; The self-acting diaphragm differential pressure ... Read more\" \/>\n<meta property=\"og:url\" content=\"https:\/\/zecovalve.com\/tr\/urun\/pressure-independent-control-valve\" \/>\n<meta property=\"og:site_name\" content=\"ZECO Valve\" \/>\n<meta property=\"article:modified_time\" content=\"2023-06-26T06:02:17+00:00\" \/>\n<meta property=\"og:image\" content=\"https:\/\/zecovalve.com\/wp-content\/uploads\/2022\/06\/Pressure-Independent-Control-Valve-2.jpg\" \/>\n\t<meta property=\"og:image:width\" content=\"800\" \/>\n\t<meta property=\"og:image:height\" content=\"600\" \/>\n<meta name=\"twitter:card\" content=\"summary_large_image\" \/>\n<meta name=\"twitter:label1\" content=\"Yazan:\">\n\t<meta name=\"twitter:data1\" content=\"Jerry\">\n\t<meta name=\"twitter:label2\" content=\"Tahmini okuma s\u00fcresi\">\n\t<meta name=\"twitter:data2\" content=\"1 dakika\">\n<script type=\"application\/ld+json\" class=\"yoast-schema-graph\">{\"@context\":\"https:\/\/schema.org\",\"@graph\":[{\"@type\":\"WebSite\",\"@id\":\"https:\/\/zecovalve.com\/#website\",\"url\":\"https:\/\/zecovalve.com\/\",\"name\":\"ZECO Valve\",\"description\":\"Industrial Ball Valve, Gate Valve and Globe Valve Manufacturer\",\"potentialAction\":[{\"@type\":\"SearchAction\",\"target\":\"https:\/\/zecovalve.com\/?s={search_term_string}\",\"query-input\":\"required name=search_term_string\"}],\"inLanguage\":\"tr\"},{\"@type\":\"ImageObject\",\"@id\":\"https:\/\/zecovalve.com\/product\/pressure-independent-control-valve#primaryimage\",\"inLanguage\":\"tr\",\"url\":\"https:\/\/zecovalve.com\/wp-content\/uploads\/2022\/06\/Pressure-Independent-Control-Valve-2.jpg\",\"width\":800,\"height\":600,\"caption\":\"Pressure Independent Control Valve\"},{\"@type\":\"WebPage\",\"@id\":\"https:\/\/zecovalve.com\/product\/pressure-independent-control-valve#webpage\",\"url\":\"https:\/\/zecovalve.com\/product\/pressure-independent-control-valve\",\"name\":\"Pressure Independent Control Valve - ZECO Valve\",\"isPartOf\":{\"@id\":\"https:\/\/zecovalve.com\/#website\"},\"primaryImageOfPage\":{\"@id\":\"https:\/\/zecovalve.com\/product\/pressure-independent-control-valve#primaryimage\"},\"datePublished\":\"2022-06-25T11:44:15+00:00\",\"dateModified\":\"2023-06-26T06:02:17+00:00\",\"breadcrumb\":{\"@id\":\"https:\/\/zecovalve.com\/product\/pressure-independent-control-valve#breadcrumb\"},\"inLanguage\":\"tr\",\"potentialAction\":[{\"@type\":\"ReadAction\",\"target\":[\"https:\/\/zecovalve.com\/product\/pressure-independent-control-valve\"]}]},{\"@type\":\"BreadcrumbList\",\"@id\":\"https:\/\/zecovalve.com\/product\/pressure-independent-control-valve#breadcrumb\",\"itemListElement\":[{\"@type\":\"ListItem\",\"position\":1,\"item\":{\"@type\":\"WebPage\",\"@id\":\"https:\/\/zecovalve.com\/\",\"url\":\"https:\/\/zecovalve.com\/\",\"name\":\"Home\"}},{\"@type\":\"ListItem\",\"position\":2,\"item\":{\"@type\":\"WebPage\",\"@id\":\"https:\/\/zecovalve.com\/product-category\",\"url\":\"https:\/\/zecovalve.com\/product-category\",\"name\":\"Industrial Valve Manufacturer | Water Valve Manufacturer\"}},{\"@type\":\"ListItem\",\"position\":3,\"item\":{\"@type\":\"WebPage\",\"@id\":\"https:\/\/zecovalve.com\/product\/pressure-independent-control-valve\",\"url\":\"https:\/\/zecovalve.com\/product\/pressure-independent-control-valve\",\"name\":\"Pressure Independent Control Valve\"}}]}]}<\/script>\n<!-- \/ Yoast SEO Premium plugin. -->","_links":{"self":[{"href":"https:\/\/zecovalve.com\/tr\/wp-json\/wp\/v2\/product\/16976","targetHints":{"allow":["GET"]}}],"collection":[{"href":"https:\/\/zecovalve.com\/tr\/wp-json\/wp\/v2\/product"}],"about":[{"href":"https:\/\/zecovalve.com\/tr\/wp-json\/wp\/v2\/types\/product"}],"replies":[{"embeddable":true,"href":"https:\/\/zecovalve.com\/tr\/wp-json\/wp\/v2\/comments?post=16976"}],"wp:featuredmedia":[{"embeddable":true,"href":"https:\/\/zecovalve.com\/tr\/wp-json\/wp\/v2\/media\/27956"}],"wp:attachment":[{"href":"https:\/\/zecovalve.com\/tr\/wp-json\/wp\/v2\/media?parent=16976"}],"wp:term":[{"taxonomy":"product_cat","embeddable":true,"href":"https:\/\/zecovalve.com\/tr\/wp-json\/wp\/v2\/product_cat?post=16976"},{"taxonomy":"product_tag","embeddable":true,"href":"https:\/\/zecovalve.com\/tr\/wp-json\/wp\/v2\/product_tag?post=16976"}],"curies":[{"name":"wp","href":"https:\/\/api.w.org\/{rel}","templated":true}]}}