{"id":16985,"date":"2022-06-25T12:42:42","date_gmt":"2022-06-25T12:42:42","guid":{"rendered":"https:\/\/zecovalve.com\/?post_type=product&#038;p=16985"},"modified":"2023-06-26T05:24:32","modified_gmt":"2023-06-26T05:24:32","slug":"pump-control-valve","status":"publish","type":"product","link":"https:\/\/zecovalve.com\/tr\/urun\/pump-control-valve","title":{"rendered":"Pompa Kontrol Vanas\u0131"},"content":{"rendered":"<div class=\"sep-pages-boxs bgs clearfix\">\n<div class=\"sep-container clearfix\">\n<h1 class=\"titles sizes1 cens gtj-ff-bold\">Pompa Kontrol Vanas\u0131<\/h1>\n<div class=\"bq-sep-pro-detail-thumbs ons clearfix\">\n<div class=\"thumbs\">\n<div class=\"imgs ons\">\n<div class=\"swiper-container swiper-container-initialized swiper-container-horizontal\">\n<div class=\"swiper-wrapper\">\n<div class=\"swiper-slide swiper-slide-active\">\n<figure id=\"attachment_16986\" aria-describedby=\"caption-attachment-16986\" style=\"width: 254px\" class=\"wp-caption alignnone\"><img loading=\"lazy\" decoding=\"async\" class=\"size-medium wp-image-16986\" src=\"https:\/\/zecovalve.com\/wp-content\/uploads\/2022\/06\/pump-control-valve1532668795_1626831694-264x300.png\" alt=\"Pompa Kontrol Vanas\u0131\" width=\"264\" height=\"300\" srcset=\"https:\/\/zecovalve.com\/wp-content\/uploads\/2022\/06\/pump-control-valve1532668795_1626831694-264x300.png 264w, https:\/\/zecovalve.com\/wp-content\/uploads\/2022\/06\/pump-control-valve1532668795_1626831694.png 400w\" sizes=\"auto, (max-width: 264px) 100vw, 264px\" \/><figcaption id=\"caption-attachment-16986\" class=\"wp-caption-text\">Pompa Kontrol Vanas\u0131<\/figcaption><\/figure>\n<\/div>\n<\/div>\n<\/div>\n<div class=\"lr-lists-boxs\"><\/div>\n<\/div>\n<\/div>\n<\/div>\n<\/div>\n<\/div>\n<div class=\"sep-pages-boxs clearfix\">\n<div class=\"sep-container clearfix\">\n<div id=\"zf-nexts\" class=\"flex clearfix\">\n<div class=\"bq-zf-lefts\">\n<div class=\"richtext\">\n<h2>Pompa Kontrol Vanas\u0131 Fest\u00fcrleri<\/h2>\n<div class=\"text-center\"><img loading=\"lazy\" decoding=\"async\" class=\"alignnone size-medium wp-image-16988\" src=\"https:\/\/zecovalve.com\/wp-content\/uploads\/2022\/06\/pressure-control-valve1532668131_1626831137-300x225.png\" alt=\"\" width=\"300\" height=\"225\" srcset=\"https:\/\/zecovalve.com\/wp-content\/uploads\/2022\/06\/pressure-control-valve1532668131_1626831137-300x225.png 300w, https:\/\/zecovalve.com\/wp-content\/uploads\/2022\/06\/pressure-control-valve1532668131_1626831137.png 600w\" sizes=\"auto, (max-width: 300px) 100vw, 300px\" \/><\/div>\n<ul class=\"list-paddingleft-2\">\n<li>Yava\u015f kapanma etkili bir \u015fekilde su darbesini \u00f6nler.<\/li>\n<li>Pompay\u0131 kararl\u0131 bir \u015fekilde durdurun ve enerji tasarrufu yap\u0131n<\/li>\n<li>Tam port, k\u00fc\u00e7\u00fck s\u0131v\u0131 direnci<\/li>\n<li>Tamamen Otomatik \u00c7al\u0131\u015fma<\/li>\n<\/ul>\n<\/div>\n<div class=\"richtext\">\n<h2>Pompa Kontrol Vanas\u0131 \u00c7al\u0131\u015fma Prensibi<\/h2>\n<div class=\"text-center\"><img loading=\"lazy\" decoding=\"async\" class=\"alignnone size-medium wp-image-16989\" src=\"https:\/\/zecovalve.com\/wp-content\/uploads\/2022\/06\/pump-control-valve-3-300x225.png\" alt=\"\" width=\"300\" height=\"225\" srcset=\"https:\/\/zecovalve.com\/wp-content\/uploads\/2022\/06\/pump-control-valve-3-300x225.png 300w, https:\/\/zecovalve.com\/wp-content\/uploads\/2022\/06\/pump-control-valve-3.png 600w\" sizes=\"auto, (max-width: 300px) 100vw, 300px\" \/><\/div>\n<p>Pompa \u00e7al\u0131\u015ft\u0131r\u0131ld\u0131\u011f\u0131nda, elektrifikasyondan sonra solenoid pilot vana tamamen a\u00e7\u0131l\u0131r ve i\u011fne vanay\u0131 uygun a\u00e7\u0131lma derecesine ayarlay\u0131n, bu noktada yukar\u0131 ak\u0131\u015f suyu ana vana kontrol odas\u0131na boru yoluyla girer ve solenoid pilot vanadan d\u0131\u015far\u0131 akar. , ana vana kontrol odas\u0131n\u0131n bas\u0131nc\u0131, normal su beslemesini a\u015fa\u011f\u0131 y\u00f6nde tutmak i\u00e7in ana vanay\u0131 a\u00e7\u0131k ve uygun a\u00e7\u0131lma derecesinde tutar. Su pompas\u0131n\u0131n \u00e7al\u0131\u015fmas\u0131 durdu\u011funda, elektrik kesildikten sonra solenoid pilot vana kapan\u0131r, ana vana kontrol odas\u0131n\u0131n tahliyesi durur, kontrol odas\u0131n\u0131n bas\u0131nc\u0131 y\u00fckselir, ana vana kapanmaya ba\u015flar. 90% konumuna yakla\u015f\u0131ld\u0131\u011f\u0131nda ana vanan\u0131n \u00fcst y\u00f6nlendirme anahtar\u0131 durdurma sinyali verir ve pompan\u0131n \u00e7al\u0131\u015fmas\u0131 durur. Bu noktada mansaptaki durgun su pilot boru vas\u0131tas\u0131yla ana vana kontrol odas\u0131na girer, kontrol odas\u0131n\u0131n bas\u0131nc\u0131 ana vanay\u0131 kapatacak \u015fekilde artar.<\/p>\n<\/div>\n<div class=\"richtext\">\n<h2>Pompa Kontrol Vanas\u0131 Montaj\u0131 ve Devreye Al\u0131nmas\u0131<\/h2>\n<div class=\"text-center\"><img loading=\"lazy\" decoding=\"async\" class=\"alignnone size-medium wp-image-16990\" src=\"https:\/\/zecovalve.com\/wp-content\/uploads\/2022\/06\/pump-control-valve-2-300x225.png\" alt=\"\" width=\"300\" height=\"225\" srcset=\"https:\/\/zecovalve.com\/wp-content\/uploads\/2022\/06\/pump-control-valve-2-300x225.png 300w, https:\/\/zecovalve.com\/wp-content\/uploads\/2022\/06\/pump-control-valve-2.png 600w\" sizes=\"auto, (max-width: 300px) 100vw, 300px\" \/><\/div>\n<p>Su pompas\u0131 kontrol vanas\u0131, pompan\u0131n \u00e7\u0131k\u0131\u015f\u0131na monte edilecek ve ortam\u0131n tek y\u00f6nl\u00fc ak\u0131\u015f\u0131n\u0131n boru hatt\u0131na monte edilecektir. Solenoid pilot valf kontrol\u00fc d\u0131\u015f\u0131nda ba\u015fka cihazlara ve enerjiye ihtiya\u00e7 duymaz. \u00d6zel kullan\u0131m i\u00e7in l\u00fctfen ZECO Vana Grubuna dan\u0131\u015f\u0131n.<\/p>\n<\/div>\n<div class=\"richtext\">\n<h2>Pompa Kontrol Vanas\u0131 Malzemesi ve Standard\u0131<\/h2>\n<p>Boyut Aral\u0131\u011f\u0131: 2\u2033~24\u2033<br \/>\nBas\u0131n\u00e7 De\u011feri: 10bar ~ 25bar<br \/>\nY\u00fcz Y\u00fcze Boyutlar: AMSE B16.10, EN558-1<br \/>\nFlan\u015f U\u00e7 \u00d6l\u00e7\u00fcs\u00fc: AMSE B16.1\/16.42, AS4087, EN1092-2<br \/>\nKaplama: F\u00fczyon Ba\u011flant\u0131l\u0131 Epoksi Kaplama<br \/>\nMuayene ve Test: ISO 5208 \/ EN 12226-2<\/p>\n<div class=\"over-tabs\">\n<table>\n<tbody>\n<tr class=\"firstRow\">\n<td>Par\u00e7a<\/td>\n<td>Malzeme<\/td>\n<td>Standart<\/td>\n<\/tr>\n<tr>\n<td>V\u00fccut<\/td>\n<td>Sfero D\u00f6k\u00fcm<\/td>\n<td>EN 1563\/DIN 1693<\/td>\n<\/tr>\n<tr>\n<td>Bone<\/td>\n<td>Sfero D\u00f6k\u00fcm<\/td>\n<td>EN 1563\/DIN 1693<\/td>\n<\/tr>\n<tr>\n<td>D\u00f6\u015feme<\/td>\n<td>Paslanmaz \u00c7elik 431<\/td>\n<td>EN10088-1\/ASTM A959<\/td>\n<\/tr>\n<tr>\n<td>Koltuk<\/td>\n<td>Paslanmaz \u00c7elik 431<\/td>\n<td>EN10088-1\/ASTM A959<\/td>\n<\/tr>\n<tr>\n<td>Diyafram<\/td>\n<td>EPDM \/ NBR<\/td>\n<td>ISO 4633<\/td>\n<\/tr>\n<tr>\n<td>Pilot Valf<\/td>\n<td>CuZn39Pb1 \/ C37000<\/td>\n<td>EN12167\/ASTM B135<\/td>\n<\/tr>\n<tr>\n<td colspan=\"3\">Listede yer almayan malzeme se\u00e7enekleri i\u00e7in fabrikaya dan\u0131\u015f\u0131n.<\/p>\n<p>ZECO 50'den fazla farkl\u0131 ala\u015f\u0131mdan vana \u00fcretmektedir.<\/td>\n<\/tr>\n<\/tbody>\n<\/table>\n<\/div>\n<\/div>\n<\/div>\n<\/div>\n<\/div>\n<\/div>","protected":false},"excerpt":{"rendered":"<p>Pompa Kontrol Vanas\u0131 Pompa Kontrol Vanas\u0131n\u0131n \u00d6zellikleri Yava\u015f kapanma su darbesini etkili bir \u015fekilde \u00f6nler. Pompay\u0131 stabil \u015fekilde durdurun ve enerji tasarrufu yap\u0131n Tam port,\u2026 <a title=\"Pompa Kontrol Vanas\u0131\" class=\"read-more\" href=\"https:\/\/zecovalve.com\/tr\/urun\/pump-control-valve\" aria-label=\"Pompa Kontrol Vanas\u0131 hakk\u0131nda daha fazla bilgi\">Daha fazla bilgi edinin<\/a><\/p>","protected":false},"featured_media":27941,"comment_status":"closed","ping_status":"closed","template":"","meta":{"_generate-full-width-content":"","kt_blocks_editor_width":""},"product_cat":[2526],"product_tag":[2805],"class_list":["post-16985","product","type-product","status-publish","has-post-thumbnail","hentry","product_cat-water-control-valve","product_tag-pump-valve","sales-flash-overlay","woocommerce-text-align-center","woocommerce-image-align-center","do-quantity-buttons"],"featured_image_src_large":["https:\/\/zecovalve.com\/wp-content\/uploads\/2022\/06\/Pump-Control-Valve.jpg",800,600,false],"author_info":[],"comment_info":0,"taxonomy_info":{"product_cat":[{"value":2526,"label":"Water Control Valve"}],"product_tag":[{"value":2805,"label":"Pump Valve"}]},"yoast_head":"<!-- This site is optimized with the Yoast SEO Premium plugin v15.4 - https:\/\/yoast.com\/wordpress\/plugins\/seo\/ -->\n<title>Pump Control Valve - ZECO Valve<\/title>\n<meta name=\"robots\" content=\"index, follow, max-snippet:-1, max-image-preview:large, max-video-preview:-1\" \/>\n<link rel=\"canonical\" href=\"https:\/\/zecovalve.com\/tr\/urun\/pump-control-valve\" \/>\n<meta property=\"og:locale\" content=\"tr_TR\" \/>\n<meta property=\"og:type\" content=\"article\" \/>\n<meta property=\"og:title\" content=\"Pump Control Valve - ZECO Valve\" \/>\n<meta property=\"og:description\" content=\"Pump Control Valve Festures of Pump Control Valve Slow closing effectively prevents water hammer. Stop pump stable and save energy Full port, ... Read more\" \/>\n<meta property=\"og:url\" content=\"https:\/\/zecovalve.com\/tr\/urun\/pump-control-valve\" \/>\n<meta property=\"og:site_name\" content=\"ZECO Valve\" \/>\n<meta property=\"article:modified_time\" content=\"2023-06-26T05:24:32+00:00\" \/>\n<meta property=\"og:image\" content=\"https:\/\/zecovalve.com\/wp-content\/uploads\/2022\/06\/Pump-Control-Valve.jpg\" \/>\n\t<meta property=\"og:image:width\" content=\"800\" \/>\n\t<meta property=\"og:image:height\" content=\"600\" \/>\n<meta name=\"twitter:card\" content=\"summary_large_image\" \/>\n<meta name=\"twitter:label1\" content=\"Yazan:\">\n\t<meta name=\"twitter:data1\" content=\"Jerry\">\n\t<meta name=\"twitter:label2\" content=\"Tahmini okuma s\u00fcresi\">\n\t<meta name=\"twitter:data2\" content=\"1 dakika\">\n<script type=\"application\/ld+json\" class=\"yoast-schema-graph\">{\"@context\":\"https:\/\/schema.org\",\"@graph\":[{\"@type\":\"WebSite\",\"@id\":\"https:\/\/zecovalve.com\/#website\",\"url\":\"https:\/\/zecovalve.com\/\",\"name\":\"ZECO Valve\",\"description\":\"Industrial Ball Valve, Gate Valve and Globe Valve Manufacturer\",\"potentialAction\":[{\"@type\":\"SearchAction\",\"target\":\"https:\/\/zecovalve.com\/?s={search_term_string}\",\"query-input\":\"required name=search_term_string\"}],\"inLanguage\":\"tr\"},{\"@type\":\"ImageObject\",\"@id\":\"https:\/\/zecovalve.com\/product\/pump-control-valve#primaryimage\",\"inLanguage\":\"tr\",\"url\":\"https:\/\/zecovalve.com\/wp-content\/uploads\/2022\/06\/Pump-Control-Valve.jpg\",\"width\":800,\"height\":600,\"caption\":\"Pump Control Valve\"},{\"@type\":\"WebPage\",\"@id\":\"https:\/\/zecovalve.com\/product\/pump-control-valve#webpage\",\"url\":\"https:\/\/zecovalve.com\/product\/pump-control-valve\",\"name\":\"Pump Control Valve - ZECO Valve\",\"isPartOf\":{\"@id\":\"https:\/\/zecovalve.com\/#website\"},\"primaryImageOfPage\":{\"@id\":\"https:\/\/zecovalve.com\/product\/pump-control-valve#primaryimage\"},\"datePublished\":\"2022-06-25T12:42:42+00:00\",\"dateModified\":\"2023-06-26T05:24:32+00:00\",\"breadcrumb\":{\"@id\":\"https:\/\/zecovalve.com\/product\/pump-control-valve#breadcrumb\"},\"inLanguage\":\"tr\",\"potentialAction\":[{\"@type\":\"ReadAction\",\"target\":[\"https:\/\/zecovalve.com\/product\/pump-control-valve\"]}]},{\"@type\":\"BreadcrumbList\",\"@id\":\"https:\/\/zecovalve.com\/product\/pump-control-valve#breadcrumb\",\"itemListElement\":[{\"@type\":\"ListItem\",\"position\":1,\"item\":{\"@type\":\"WebPage\",\"@id\":\"https:\/\/zecovalve.com\/\",\"url\":\"https:\/\/zecovalve.com\/\",\"name\":\"Home\"}},{\"@type\":\"ListItem\",\"position\":2,\"item\":{\"@type\":\"WebPage\",\"@id\":\"https:\/\/zecovalve.com\/product-category\",\"url\":\"https:\/\/zecovalve.com\/product-category\",\"name\":\"Industrial Valve Manufacturer | Water Valve Manufacturer\"}},{\"@type\":\"ListItem\",\"position\":3,\"item\":{\"@type\":\"WebPage\",\"@id\":\"https:\/\/zecovalve.com\/product\/pump-control-valve\",\"url\":\"https:\/\/zecovalve.com\/product\/pump-control-valve\",\"name\":\"Pump Control Valve\"}}]}]}<\/script>\n<!-- \/ Yoast SEO Premium plugin. -->","_links":{"self":[{"href":"https:\/\/zecovalve.com\/tr\/wp-json\/wp\/v2\/product\/16985","targetHints":{"allow":["GET"]}}],"collection":[{"href":"https:\/\/zecovalve.com\/tr\/wp-json\/wp\/v2\/product"}],"about":[{"href":"https:\/\/zecovalve.com\/tr\/wp-json\/wp\/v2\/types\/product"}],"replies":[{"embeddable":true,"href":"https:\/\/zecovalve.com\/tr\/wp-json\/wp\/v2\/comments?post=16985"}],"wp:featuredmedia":[{"embeddable":true,"href":"https:\/\/zecovalve.com\/tr\/wp-json\/wp\/v2\/media\/27941"}],"wp:attachment":[{"href":"https:\/\/zecovalve.com\/tr\/wp-json\/wp\/v2\/media?parent=16985"}],"wp:term":[{"taxonomy":"product_cat","embeddable":true,"href":"https:\/\/zecovalve.com\/tr\/wp-json\/wp\/v2\/product_cat?post=16985"},{"taxonomy":"product_tag","embeddable":true,"href":"https:\/\/zecovalve.com\/tr\/wp-json\/wp\/v2\/product_tag?post=16985"}],"curies":[{"name":"wp","href":"https:\/\/api.w.org\/{rel}","templated":true}]}}