{"id":16996,"date":"2022-06-25T12:48:04","date_gmt":"2022-06-25T12:48:04","guid":{"rendered":"https:\/\/zecovalve.com\/?post_type=product&#038;p=16996"},"modified":"2023-06-26T05:26:49","modified_gmt":"2023-06-26T05:26:49","slug":"flow-control-valve","status":"publish","type":"product","link":"https:\/\/zecovalve.com\/tr\/urun\/flow-control-valve","title":{"rendered":"Ak\u0131\u015f Kontrol Vanas\u0131"},"content":{"rendered":"<div class=\"sep-pages-boxs bgs clearfix\">\n<div class=\"sep-container clearfix\">\n<h1 class=\"titles sizes1 cens gtj-ff-bold\">Ak\u0131\u015f Kontrol Vanas\u0131<\/h1>\n<div class=\"bq-sep-pro-detail-thumbs ons clearfix\">\n<div class=\"thumbs\">\n<div class=\"imgs ons\">\n<div class=\"swiper-container swiper-container-initialized swiper-container-horizontal\">\n<div class=\"swiper-wrapper\">\n<div class=\"swiper-slide swiper-slide-active\">\n<figure id=\"attachment_16997\" aria-describedby=\"caption-attachment-16997\" style=\"width: 254px\" class=\"wp-caption alignnone\"><img loading=\"lazy\" decoding=\"async\" class=\"size-medium wp-image-16997\" src=\"https:\/\/zecovalve.com\/wp-content\/uploads\/2022\/06\/flow-control-valve-1-264x300.jpg\" alt=\"Ak\u0131\u015f Kontrol Vanas\u0131\" width=\"264\" height=\"300\" srcset=\"https:\/\/zecovalve.com\/wp-content\/uploads\/2022\/06\/flow-control-valve-1-264x300.jpg 264w, https:\/\/zecovalve.com\/wp-content\/uploads\/2022\/06\/flow-control-valve-1.jpg 400w\" sizes=\"auto, (max-width: 264px) 100vw, 264px\" \/><figcaption id=\"caption-attachment-16997\" class=\"wp-caption-text\">Ak\u0131\u015f Kontrol Vanas\u0131<\/figcaption><\/figure>\n<\/div>\n<\/div>\n<\/div>\n<div class=\"lr-lists-boxs\"><\/div>\n<\/div>\n<\/div>\n<\/div>\n<\/div>\n<\/div>\n<div class=\"sep-pages-boxs clearfix\">\n<div class=\"sep-container clearfix\">\n<div id=\"zf-nexts\" class=\"flex clearfix\">\n<div class=\"bq-zf-lefts\">\n<div class=\"richtext\">\n<h2>Ak\u0131\u015f Kontrol Vanas\u0131n\u0131n \u00d6zellikleri<\/h2>\n<div class=\"text-center\"><img loading=\"lazy\" decoding=\"async\" class=\"alignnone size-medium wp-image-16998\" src=\"https:\/\/zecovalve.com\/wp-content\/uploads\/2022\/06\/features-of-flow-control-valve-300x225.jpg\" alt=\"\" width=\"300\" height=\"225\" srcset=\"https:\/\/zecovalve.com\/wp-content\/uploads\/2022\/06\/features-of-flow-control-valve-300x225.jpg 300w, https:\/\/zecovalve.com\/wp-content\/uploads\/2022\/06\/features-of-flow-control-valve.jpg 600w\" sizes=\"auto, (max-width: 300px) 100vw, 300px\" \/><\/div>\n<ul class=\"list-paddingleft-2\">\n<li>Rahat kurulum ve kullan\u0131m.<\/li>\n<li>Kontrol par\u00e7as\u0131n\u0131n karma\u015f\u0131k bir elektrik alg\u0131lama mekanizmas\u0131 yoktur ve ar\u0131zaya e\u011filimli de\u011fildir.<\/li>\n<li>Ayar basittir ve ayarlama i\u015flevi ayarland\u0131ktan sonra otomatik olarak tamamlanacakt\u0131r.<\/li>\n<li>Manuel i\u015flem veya ba\u015fka bir g\u00fc\u00e7 kayna\u011f\u0131 gerekmez.<\/li>\n<\/ul>\n<\/div>\n<div class=\"richtext\">\n<h2>Ak\u0131\u015f Kontrol Vanas\u0131 \u00c7al\u0131\u015fma Prensibi<\/h2>\n<div class=\"text-center\"><img loading=\"lazy\" decoding=\"async\" class=\"alignnone size-medium wp-image-16999\" src=\"https:\/\/zecovalve.com\/wp-content\/uploads\/2022\/06\/flow-control-valve-working-principle-300x225.jpg\" alt=\"\" width=\"300\" height=\"225\" srcset=\"https:\/\/zecovalve.com\/wp-content\/uploads\/2022\/06\/flow-control-valve-working-principle-300x225.jpg 300w, https:\/\/zecovalve.com\/wp-content\/uploads\/2022\/06\/flow-control-valve-working-principle.jpg 600w\" sizes=\"auto, (max-width: 300px) 100vw, 300px\" \/><\/div>\n<p>Boru hatt\u0131ndaki ak\u0131\u015f de\u011feri, ana vana diskinin a\u00e7\u0131kl\u0131k boyutunun de\u011fi\u015ftirilmesiyle kontrol edilir ve ayarlanan bir de\u011ferde stabilize edilebilir. Ana disk anahtar\u0131n\u0131n boyutu ve a\u00e7\u0131kl\u0131\u011f\u0131 pilot vanan\u0131n boyutu taraf\u0131ndan kontrol edilir. Ortam bas\u0131nc\u0131, gaz kelebe\u011fi plakas\u0131n\u0131n a\u015fa\u011f\u0131 ak\u0131\u015f taraf\u0131ndan art\u0131 yay kuvveti ve s\u0131ras\u0131yla diyafram\u0131n alt k\u0131sm\u0131na etki eden gaz kelebe\u011fi plakas\u0131n\u0131n yukar\u0131 ak\u0131\u015f taraf\u0131ndan al\u0131nan bas\u0131n\u00e7tan al\u0131n\u0131r. Gaz kelebe\u011fi orifis plakas\u0131n\u0131n her iki taraf\u0131ndaki ak\u0131\u015f h\u0131z\u0131 ve bas\u0131n\u00e7 de\u011fi\u015fti\u011finde, diyafram\u0131n alt k\u0131sm\u0131na etki eden bas\u0131n\u00e7 art\u0131k dengelenmeyecek, diyafram deformasyonu, k\u0131lavuz vanan\u0131n a\u00e7\u0131lmas\u0131 de\u011fi\u015fecek ve ana vanan\u0131n a\u00e7\u0131lmas\u0131 da buna g\u00f6re de\u011fi\u015fecektir, b\u00f6ylece ana yoldaki ak\u0131\u015f orijinal ayar de\u011ferine d\u00f6necektir.<\/p>\n<\/div>\n<div class=\"richtext\">\n<h2>Ak\u0131\u015f Kontrol Vanas\u0131n\u0131n Kurulumu ve Devreye Al\u0131nmas\u0131<\/h2>\n<div class=\"text-center\"><img loading=\"lazy\" decoding=\"async\" class=\"alignnone size-medium wp-image-17000\" src=\"https:\/\/zecovalve.com\/wp-content\/uploads\/2022\/06\/installation-and-commissioning-of-flow-control-valve-300x225.jpg\" alt=\"\" width=\"300\" height=\"225\" srcset=\"https:\/\/zecovalve.com\/wp-content\/uploads\/2022\/06\/installation-and-commissioning-of-flow-control-valve-300x225.jpg 300w, https:\/\/zecovalve.com\/wp-content\/uploads\/2022\/06\/installation-and-commissioning-of-flow-control-valve.jpg 600w\" sizes=\"auto, (max-width: 300px) 100vw, 300px\" \/><\/div>\n<p>Ana vanadan \u00f6nce bir s\u00fcrg\u00fcl\u00fc vana ve bir filtre tak\u0131lmal\u0131 ve bak\u0131m i\u00e7in ana vanadan sonra bir s\u00fcrg\u00fcl\u00fc vana tak\u0131lmal\u0131d\u0131r. K\u0131lavuz vana teslimattan \u00f6nce ayarlanm\u0131\u015ft\u0131r. Ayarlanan ak\u0131\u015f de\u011feri saha gereksinimleri i\u00e7in uygun de\u011filse, k\u0131lavuz vana ayar vidas\u0131 ayarlanabilir \u00d6zel kullan\u0131m i\u00e7in l\u00fctfen ZECO Valve Group'a dan\u0131\u015f\u0131n.<\/p>\n<\/div>\n<div class=\"richtext\">\n<h2>Ak\u0131\u015f Kontrol Vanas\u0131 Malzemesi ve Standard\u0131<\/h2>\n<p>Boyut Aral\u0131\u011f\u0131: 2\"-24\"<\/p>\n<p>Bas\u0131n\u00e7 De\u011feri : 10bar-25bar<\/p>\n<p>Y\u00fcz Y\u00fcze Boyutlar: AMSE B16.10, EN558-1<\/p>\n<p>Flan\u015f U\u00e7 \u00d6l\u00e7\u00fcs\u00fc: AMSE B16.1\/16.42, AS4087, EN1092-2<\/p>\n<p>Kaplama: F\u00fczyon Ba\u011flant\u0131l\u0131 Epoksi Kaplama<\/p>\n<p>Muayene ve Test: ISO 5208 \/ EN 12226-2<\/p>\n<div class=\"over-tabs\">\n<table>\n<tbody>\n<tr class=\"firstRow\">\n<td>Par\u00e7a<\/td>\n<td>Malzeme<\/td>\n<td>Standart<\/td>\n<\/tr>\n<tr>\n<td>V\u00fccut<\/td>\n<td>Sfero D\u00f6k\u00fcm<\/td>\n<td>EN 1563\/DIN 1693<\/td>\n<\/tr>\n<tr>\n<td>Bone<\/td>\n<td>Sfero D\u00f6k\u00fcm<\/td>\n<td>EN 1563\/DIN 1693<\/td>\n<\/tr>\n<tr>\n<td>D\u00f6\u015feme<\/td>\n<td>Paslanmaz \u00c7elik 431<\/td>\n<td>EN10088-1\/ASTM A959<\/td>\n<\/tr>\n<tr>\n<td>Koltuk<\/td>\n<td>Paslanmaz \u00c7elik 431<\/td>\n<td>EN10088-1\/ASTM A959<\/td>\n<\/tr>\n<tr>\n<td>Diyafram<\/td>\n<td>EPDM \/ NBR<\/td>\n<td>ISO 4633<\/td>\n<\/tr>\n<tr>\n<td>Pilot Valf<\/td>\n<td>Paslanmaz \u00c7elik 431<\/td>\n<td>EN10088-1\/ASTM A959<\/td>\n<\/tr>\n<tr>\n<td colspan=\"3\">Listede yer almayan malzeme se\u00e7enekleri i\u00e7in fabrikaya dan\u0131\u015f\u0131n.<\/p>\n<p>ZECO 50'den fazla farkl\u0131 ala\u015f\u0131mdan vana \u00fcretmektedir.<\/td>\n<\/tr>\n<\/tbody>\n<\/table>\n<\/div>\n<\/div>\n<\/div>\n<\/div>\n<\/div>\n<\/div>","protected":false},"excerpt":{"rendered":"<p>Ak\u0131\u015f Kontrol Vanas\u0131 Ak\u0131\u015f Kontrol Vanas\u0131n\u0131n \u00d6zellikleri Kolay kurulum ve kullan\u0131m. Kontrol k\u0131sm\u0131nda karma\u015f\u0131k bir elektrik alg\u0131lama mekanizmas\u0131 yoktur ve\u2026 <a title=\"Ak\u0131\u015f Kontrol Vanas\u0131\" class=\"read-more\" href=\"https:\/\/zecovalve.com\/tr\/urun\/flow-control-valve\" aria-label=\"Ak\u0131\u015f Kontrol Vanas\u0131 hakk\u0131nda daha fazla bilgi\">Daha fazla bilgi edinin<\/a><\/p>","protected":false},"featured_media":27943,"comment_status":"closed","ping_status":"closed","template":"","meta":{"_generate-full-width-content":"","kt_blocks_editor_width":""},"product_cat":[2526],"product_tag":[2805],"class_list":["post-16996","product","type-product","status-publish","has-post-thumbnail","hentry","product_cat-water-control-valve","product_tag-pump-valve","sales-flash-overlay","woocommerce-text-align-center","woocommerce-image-align-center","do-quantity-buttons"],"featured_image_src_large":["https:\/\/zecovalve.com\/wp-content\/uploads\/2022\/06\/Flow-Control-Valve-2.jpg",800,600,false],"author_info":[],"comment_info":0,"taxonomy_info":{"product_cat":[{"value":2526,"label":"Water Control Valve"}],"product_tag":[{"value":2805,"label":"Pump Valve"}]},"yoast_head":"<!-- This site is optimized with the Yoast SEO Premium plugin v15.4 - https:\/\/yoast.com\/wordpress\/plugins\/seo\/ -->\n<title>Flow Control Valve - ZECO Valve<\/title>\n<meta name=\"robots\" content=\"index, follow, max-snippet:-1, max-image-preview:large, max-video-preview:-1\" \/>\n<link rel=\"canonical\" href=\"https:\/\/zecovalve.com\/tr\/urun\/flow-control-valve\" \/>\n<meta property=\"og:locale\" content=\"tr_TR\" \/>\n<meta property=\"og:type\" content=\"article\" \/>\n<meta property=\"og:title\" content=\"Flow Control Valve - ZECO Valve\" \/>\n<meta property=\"og:description\" content=\"Flow Control Valve Features of Flow Control Valve Convenient installation and use. The control part has no complex electric sensing mechanism and ... Read more\" \/>\n<meta property=\"og:url\" content=\"https:\/\/zecovalve.com\/tr\/urun\/flow-control-valve\" \/>\n<meta property=\"og:site_name\" content=\"ZECO Valve\" \/>\n<meta property=\"article:modified_time\" content=\"2023-06-26T05:26:49+00:00\" \/>\n<meta property=\"og:image\" content=\"https:\/\/zecovalve.com\/wp-content\/uploads\/2022\/06\/Flow-Control-Valve-2.jpg\" \/>\n\t<meta property=\"og:image:width\" content=\"800\" \/>\n\t<meta property=\"og:image:height\" content=\"600\" \/>\n<meta name=\"twitter:card\" content=\"summary_large_image\" \/>\n<meta name=\"twitter:label1\" content=\"Yazan:\">\n\t<meta name=\"twitter:data1\" content=\"Jerry\">\n\t<meta name=\"twitter:label2\" content=\"Tahmini okuma s\u00fcresi\">\n\t<meta name=\"twitter:data2\" content=\"2 dakika\">\n<script type=\"application\/ld+json\" class=\"yoast-schema-graph\">{\"@context\":\"https:\/\/schema.org\",\"@graph\":[{\"@type\":\"WebSite\",\"@id\":\"https:\/\/zecovalve.com\/#website\",\"url\":\"https:\/\/zecovalve.com\/\",\"name\":\"ZECO Valve\",\"description\":\"Industrial Ball Valve, Gate Valve and Globe Valve Manufacturer\",\"potentialAction\":[{\"@type\":\"SearchAction\",\"target\":\"https:\/\/zecovalve.com\/?s={search_term_string}\",\"query-input\":\"required name=search_term_string\"}],\"inLanguage\":\"tr\"},{\"@type\":\"ImageObject\",\"@id\":\"https:\/\/zecovalve.com\/product\/flow-control-valve#primaryimage\",\"inLanguage\":\"tr\",\"url\":\"https:\/\/zecovalve.com\/wp-content\/uploads\/2022\/06\/Flow-Control-Valve-2.jpg\",\"width\":800,\"height\":600,\"caption\":\"Flow Control Valve\"},{\"@type\":\"WebPage\",\"@id\":\"https:\/\/zecovalve.com\/product\/flow-control-valve#webpage\",\"url\":\"https:\/\/zecovalve.com\/product\/flow-control-valve\",\"name\":\"Flow Control Valve - ZECO Valve\",\"isPartOf\":{\"@id\":\"https:\/\/zecovalve.com\/#website\"},\"primaryImageOfPage\":{\"@id\":\"https:\/\/zecovalve.com\/product\/flow-control-valve#primaryimage\"},\"datePublished\":\"2022-06-25T12:48:04+00:00\",\"dateModified\":\"2023-06-26T05:26:49+00:00\",\"breadcrumb\":{\"@id\":\"https:\/\/zecovalve.com\/product\/flow-control-valve#breadcrumb\"},\"inLanguage\":\"tr\",\"potentialAction\":[{\"@type\":\"ReadAction\",\"target\":[\"https:\/\/zecovalve.com\/product\/flow-control-valve\"]}]},{\"@type\":\"BreadcrumbList\",\"@id\":\"https:\/\/zecovalve.com\/product\/flow-control-valve#breadcrumb\",\"itemListElement\":[{\"@type\":\"ListItem\",\"position\":1,\"item\":{\"@type\":\"WebPage\",\"@id\":\"https:\/\/zecovalve.com\/\",\"url\":\"https:\/\/zecovalve.com\/\",\"name\":\"Home\"}},{\"@type\":\"ListItem\",\"position\":2,\"item\":{\"@type\":\"WebPage\",\"@id\":\"https:\/\/zecovalve.com\/product-category\",\"url\":\"https:\/\/zecovalve.com\/product-category\",\"name\":\"Industrial Valve Manufacturer | Water Valve Manufacturer\"}},{\"@type\":\"ListItem\",\"position\":3,\"item\":{\"@type\":\"WebPage\",\"@id\":\"https:\/\/zecovalve.com\/product\/flow-control-valve\",\"url\":\"https:\/\/zecovalve.com\/product\/flow-control-valve\",\"name\":\"Flow Control Valve\"}}]}]}<\/script>\n<!-- \/ Yoast SEO Premium plugin. -->","_links":{"self":[{"href":"https:\/\/zecovalve.com\/tr\/wp-json\/wp\/v2\/product\/16996","targetHints":{"allow":["GET"]}}],"collection":[{"href":"https:\/\/zecovalve.com\/tr\/wp-json\/wp\/v2\/product"}],"about":[{"href":"https:\/\/zecovalve.com\/tr\/wp-json\/wp\/v2\/types\/product"}],"replies":[{"embeddable":true,"href":"https:\/\/zecovalve.com\/tr\/wp-json\/wp\/v2\/comments?post=16996"}],"wp:featuredmedia":[{"embeddable":true,"href":"https:\/\/zecovalve.com\/tr\/wp-json\/wp\/v2\/media\/27943"}],"wp:attachment":[{"href":"https:\/\/zecovalve.com\/tr\/wp-json\/wp\/v2\/media?parent=16996"}],"wp:term":[{"taxonomy":"product_cat","embeddable":true,"href":"https:\/\/zecovalve.com\/tr\/wp-json\/wp\/v2\/product_cat?post=16996"},{"taxonomy":"product_tag","embeddable":true,"href":"https:\/\/zecovalve.com\/tr\/wp-json\/wp\/v2\/product_tag?post=16996"}],"curies":[{"name":"wp","href":"https:\/\/api.w.org\/{rel}","templated":true}]}}