{"id":17044,"date":"2022-06-26T07:21:33","date_gmt":"2022-06-26T07:21:33","guid":{"rendered":"https:\/\/zecovalve.com\/?post_type=product&#038;p=17044"},"modified":"2023-06-26T05:28:15","modified_gmt":"2023-06-26T05:28:15","slug":"altitude-control-valve","status":"publish","type":"product","link":"https:\/\/zecovalve.com\/tr\/urun\/altitude-control-valve","title":{"rendered":"\u0130rtifa Kontrol Vanas\u0131"},"content":{"rendered":"<div class=\"sep-pages-boxs bgs clearfix\">\n<div class=\"sep-container clearfix\">\n<h1 class=\"titles sizes1 cens gtj-ff-bold\">\u0130rtifa Kontrol Vanas\u0131<\/h1>\n<div class=\"bq-sep-pro-detail-thumbs ons clearfix\">\n<div class=\"thumbs\">\n<div class=\"imgs ons\">\n<div class=\"swiper-container swiper-container-initialized swiper-container-horizontal\">\n<div class=\"swiper-wrapper\">\n<div class=\"swiper-slide swiper-slide-active\">\n<figure id=\"attachment_17045\" aria-describedby=\"caption-attachment-17045\" style=\"width: 254px\" class=\"wp-caption alignnone\"><img loading=\"lazy\" decoding=\"async\" class=\"size-medium wp-image-17045\" src=\"https:\/\/zecovalve.com\/wp-content\/uploads\/2022\/06\/altitude-control-valve_1631945229-264x300.jpg\" alt=\"\u0130rtifa Kontrol Vanas\u0131\" width=\"264\" height=\"300\" srcset=\"https:\/\/zecovalve.com\/wp-content\/uploads\/2022\/06\/altitude-control-valve_1631945229-264x300.jpg 264w, https:\/\/zecovalve.com\/wp-content\/uploads\/2022\/06\/altitude-control-valve_1631945229.jpg 400w\" sizes=\"auto, (max-width: 264px) 100vw, 264px\" \/><figcaption id=\"caption-attachment-17045\" class=\"wp-caption-text\">\u0130rtifa Kontrol Vanas\u0131<\/figcaption><\/figure>\n<\/div>\n<\/div>\n<\/div>\n<div class=\"lr-lists-boxs\"><\/div>\n<\/div>\n<\/div>\n<\/div>\n<\/div>\n<\/div>\n<div class=\"sep-pages-boxs clearfix\">\n<div class=\"sep-container clearfix\">\n<div id=\"zf-nexts\" class=\"flex clearfix\">\n<div class=\"bq-zf-lefts\">\n<div class=\"richtext\">\n<h2>\u0130rtifa Kontrol Valfinin \u00d6zellikleri<\/h2>\n<div class=\"text-center\"><img loading=\"lazy\" decoding=\"async\" class=\"alignnone size-medium wp-image-17046\" src=\"https:\/\/zecovalve.com\/wp-content\/uploads\/2022\/06\/altitude-control-valve-features-300x250.png\" alt=\"\" width=\"300\" height=\"250\" srcset=\"https:\/\/zecovalve.com\/wp-content\/uploads\/2022\/06\/altitude-control-valve-features-300x250.png 300w, https:\/\/zecovalve.com\/wp-content\/uploads\/2022\/06\/altitude-control-valve-features.png 600w\" sizes=\"auto, (max-width: 300px) 100vw, 300px\" \/><\/div>\n<ul class=\"list-paddingleft-2\">\n<li>\u015eamand\u0131ra veya sens\u00f6r kullanmadan otomatik tank doldurma ve kapatma;<\/li>\n<li>Ayar noktas\u0131n\u0131n in\u00e7 dahilinde do\u011fru kapatma;<\/li>\n<li>Y\u00fcksek seviye noktas\u0131 tek vida ile ayarlanabilir;<\/li>\n<li>Egzozdan atmosfere \u00e7al\u0131\u015fma minimum bas\u0131n\u00e7 kayb\u0131na izin verir.<\/li>\n<\/ul>\n<\/div>\n<div class=\"richtext\">\n<h2>\u0130rtifa Kontrol Vanas\u0131 \u00c7al\u0131\u015fma Prensibi<\/h2>\n<div class=\"text-center\"><img loading=\"lazy\" decoding=\"async\" class=\"alignnone size-medium wp-image-17048\" src=\"https:\/\/zecovalve.com\/wp-content\/uploads\/2022\/06\/altitude-control-valve-principle-300x250.png\" alt=\"\" width=\"300\" height=\"250\" srcset=\"https:\/\/zecovalve.com\/wp-content\/uploads\/2022\/06\/altitude-control-valve-principle-300x250.png 300w, https:\/\/zecovalve.com\/wp-content\/uploads\/2022\/06\/altitude-control-valve-principle.png 600w\" sizes=\"auto, (max-width: 300px) 100vw, 300px\" \/><\/div>\n<p>Y\u00fckseklik kontrol vanas\u0131, yer \u00fcst\u00fc depolama tank\u0131ndan veya sarn\u0131\u00e7tan ta\u015fmay\u0131 \u00f6nlemek i\u00e7in \u00f6nceden ayarlanm\u0131\u015f bir maksimum su seviyesinde kapan\u0131r ve depolama tank\u0131n\u0131n veya sarn\u0131c\u0131n seviyesi d\u00fc\u015ft\u00fc\u011f\u00fcnde su doldurmak i\u00e7in a\u00e7\u0131l\u0131r. Y\u00fckseklik kontrol vanas\u0131 rezervuar\u0131n y\u00fcksek su seviyesini \u015famand\u0131ra veya di\u011fer cihazlar olmadan kontrol eder. Kapal\u0131 su seviyesine ula\u015fana kadar tamamen a\u00e7\u0131k kal\u0131r. Vana sadece tek y\u00f6nl\u00fc ak\u0131\u015f i\u00e7in tasarlanm\u0131\u015ft\u0131r. Vana bir pilot kontrol ile hidrolik olarak \u00e7al\u0131\u015ft\u0131r\u0131l\u0131r. Pilot kontrol, yay y\u00fck\u00fc ile rezervuardaki su seviyesi aras\u0131ndaki kuvvet fark\u0131na ba\u011fl\u0131 olarak \u00e7al\u0131\u015f\u0131r. Pilot kontrol, m\u00fc\u015fteri taraf\u0131ndan sa\u011flanan ve do\u011frudan rezervuara ba\u011flanan bir alg\u0131lama borusu arac\u0131l\u0131\u011f\u0131yla rezervuar y\u00fcksekli\u011fini \u00f6l\u00e7er.<\/p>\n<\/div>\n<div class=\"richtext\">\n<h2>\u0130rtifa Kontrol Valfi Kurulumu ve Devreye Alma<\/h2>\n<div class=\"text-center\"><img loading=\"lazy\" decoding=\"async\" class=\"alignnone size-medium wp-image-17047\" src=\"https:\/\/zecovalve.com\/wp-content\/uploads\/2022\/06\/altitude-control-valve-installation-and-commissioning-300x250.png\" alt=\"\" width=\"300\" height=\"250\" srcset=\"https:\/\/zecovalve.com\/wp-content\/uploads\/2022\/06\/altitude-control-valve-installation-and-commissioning-300x250.png 300w, https:\/\/zecovalve.com\/wp-content\/uploads\/2022\/06\/altitude-control-valve-installation-and-commissioning.png 600w\" sizes=\"auto, (max-width: 300px) 100vw, 300px\" \/><\/div>\n<p>Donma s\u0131cakl\u0131klar\u0131n\u0131n m\u00fcmk\u00fcn oldu\u011fu b\u00f6lgelerde, vana donma \u00e7izgisinin alt\u0131ndaki bir mahzene yerle\u015ftirilmelidir. \u00d6zel kullan\u0131m i\u00e7in l\u00fctfen Zeco Valve Group'a dan\u0131\u015f\u0131n.<\/p>\n<\/div>\n<div class=\"richtext\">\n<h2>\u0130rtifa Kontrol Vanas\u0131 Malzemesi ve Standard\u0131<\/h2>\n<p>Boyut Aral\u0131\u011f\u0131: 2\u2033~24\u2033<br \/>\nBas\u0131n\u00e7 De\u011feri: 10bar ~ 25bar<\/p>\n<p>Y\u00fcz Y\u00fcze Boyutlar: AMSE B16.10, EN558-1<\/p>\n<p>Flan\u015f U\u00e7 \u00d6l\u00e7\u00fcs\u00fc: AMSE B16.5\/16.42, AS4087, EN1092-2<\/p>\n<p>Kaplama: WRAS onayl\u0131 Fusion Bonded Epoksi Kaplama<\/p>\n<p>Muayene ve Test: ISO 5208 \/ EN 12226-2<\/p>\n<div class=\"over-tabs\">\n<table cellspacing=\"0\">\n<tbody>\n<tr class=\"firstRow\">\n<td valign=\"center\">Par\u00e7a<\/td>\n<td valign=\"center\">Malzeme<\/td>\n<td valign=\"center\">Standart<\/td>\n<\/tr>\n<tr>\n<td valign=\"center\">V\u00fccut<\/td>\n<td valign=\"center\">Sfero D\u00f6k\u00fcm<\/td>\n<td valign=\"center\">EN 1563\/DIN 1693<\/td>\n<\/tr>\n<tr>\n<td valign=\"center\">Bone<\/td>\n<td valign=\"center\">Sfero D\u00f6k\u00fcm<\/td>\n<td valign=\"center\">EN 1563\/DIN 1693<\/td>\n<\/tr>\n<tr>\n<td valign=\"center\">D\u00f6\u015feme<\/td>\n<td valign=\"center\">Paslanmaz \u00c7elik 304<\/td>\n<td valign=\"center\">EN 10088-1\/ASTM A959<\/td>\n<\/tr>\n<tr>\n<td valign=\"center\">Koltuk<\/td>\n<td valign=\"center\">Paslanmaz \u00c7elik 304<\/td>\n<td valign=\"center\">EN 10088-1\/ASTM A959<\/td>\n<\/tr>\n<tr>\n<td valign=\"center\">Diyafram<\/td>\n<td valign=\"center\">EPDM \/ NBR<\/td>\n<td valign=\"center\">ISO 4633<\/td>\n<\/tr>\n<tr>\n<td valign=\"center\">Pilot Valf<\/td>\n<td valign=\"center\">Paslanmaz \u00c7elik 304<\/td>\n<td valign=\"center\">EN 10088-1\/ASTM A959<\/td>\n<\/tr>\n<tr>\n<td colspan=\"3\" valign=\"center\">Listede yer almayan malzeme se\u00e7enekleri i\u00e7in fabrikaya dan\u0131\u015f\u0131n.<\/p>\n<p>Zeco, 50'den fazla farkl\u0131 ala\u015f\u0131mdan valf \u00fcretmektedir.<\/td>\n<\/tr>\n<\/tbody>\n<\/table>\n<\/div>\n<\/div>\n<\/div>\n<\/div>\n<\/div>\n<\/div>","protected":false},"excerpt":{"rendered":"<p>\u0130rtifa Kontrol Vanas\u0131 \u0130rtifa Kontrol Vanas\u0131n\u0131n \u00d6zellikleri \u015eamand\u0131ra veya sens\u00f6r kullanmadan otomatik tank doldurma ve kapatma; Do\u011fru kapatma\u2026 <a title=\"\u0130rtifa Kontrol Vanas\u0131\" class=\"read-more\" href=\"https:\/\/zecovalve.com\/tr\/urun\/altitude-control-valve\" aria-label=\"\u0130rtifa Kontrol Valfi hakk\u0131nda daha fazla bilgi\">Daha fazla bilgi edinin<\/a><\/p>","protected":false},"featured_media":27944,"comment_status":"closed","ping_status":"closed","template":"","meta":{"_generate-full-width-content":"","kt_blocks_editor_width":""},"product_cat":[2526],"product_tag":[],"class_list":["post-17044","product","type-product","status-publish","has-post-thumbnail","hentry","product_cat-water-control-valve","sales-flash-overlay","woocommerce-text-align-center","woocommerce-image-align-center","do-quantity-buttons"],"featured_image_src_large":["https:\/\/zecovalve.com\/wp-content\/uploads\/2022\/06\/Altitude-Control-Valve-1.jpg",800,600,false],"author_info":[],"comment_info":0,"taxonomy_info":{"product_cat":[{"value":2526,"label":"Water Control Valve"}]},"yoast_head":"<!-- This site is optimized with the Yoast SEO Premium plugin v15.4 - https:\/\/yoast.com\/wordpress\/plugins\/seo\/ -->\n<title>Altitude Control Valve - ZECO Valve<\/title>\n<meta name=\"robots\" content=\"index, follow, max-snippet:-1, max-image-preview:large, max-video-preview:-1\" \/>\n<link rel=\"canonical\" href=\"https:\/\/zecovalve.com\/tr\/urun\/altitude-control-valve\" \/>\n<meta property=\"og:locale\" content=\"tr_TR\" \/>\n<meta property=\"og:type\" content=\"article\" \/>\n<meta property=\"og:title\" content=\"Altitude Control Valve - ZECO Valve\" \/>\n<meta property=\"og:description\" content=\"Altitude Control Valve Features of Altitude Control Valve Automatic tank fill and shut-off without the use of floats or sensors; Accurate shut-off ... Read more\" \/>\n<meta property=\"og:url\" content=\"https:\/\/zecovalve.com\/tr\/urun\/altitude-control-valve\" \/>\n<meta property=\"og:site_name\" content=\"ZECO Valve\" \/>\n<meta property=\"article:modified_time\" content=\"2023-06-26T05:28:15+00:00\" \/>\n<meta property=\"og:image\" content=\"https:\/\/zecovalve.com\/wp-content\/uploads\/2022\/06\/Altitude-Control-Valve-1.jpg\" \/>\n\t<meta property=\"og:image:width\" content=\"800\" \/>\n\t<meta property=\"og:image:height\" content=\"600\" \/>\n<meta name=\"twitter:card\" content=\"summary_large_image\" \/>\n<meta name=\"twitter:label1\" content=\"Yazan:\">\n\t<meta name=\"twitter:data1\" content=\"Jerry\">\n\t<meta name=\"twitter:label2\" content=\"Tahmini okuma s\u00fcresi\">\n\t<meta name=\"twitter:data2\" content=\"1 dakika\">\n<script type=\"application\/ld+json\" class=\"yoast-schema-graph\">{\"@context\":\"https:\/\/schema.org\",\"@graph\":[{\"@type\":\"WebSite\",\"@id\":\"https:\/\/zecovalve.com\/#website\",\"url\":\"https:\/\/zecovalve.com\/\",\"name\":\"ZECO Valve\",\"description\":\"Industrial Ball Valve, Gate Valve and Globe Valve Manufacturer\",\"potentialAction\":[{\"@type\":\"SearchAction\",\"target\":\"https:\/\/zecovalve.com\/?s={search_term_string}\",\"query-input\":\"required name=search_term_string\"}],\"inLanguage\":\"tr\"},{\"@type\":\"ImageObject\",\"@id\":\"https:\/\/zecovalve.com\/product\/altitude-control-valve#primaryimage\",\"inLanguage\":\"tr\",\"url\":\"https:\/\/zecovalve.com\/wp-content\/uploads\/2022\/06\/Altitude-Control-Valve-1.jpg\",\"width\":800,\"height\":600,\"caption\":\"Altitude Control Valve\"},{\"@type\":\"WebPage\",\"@id\":\"https:\/\/zecovalve.com\/product\/altitude-control-valve#webpage\",\"url\":\"https:\/\/zecovalve.com\/product\/altitude-control-valve\",\"name\":\"Altitude Control Valve - ZECO Valve\",\"isPartOf\":{\"@id\":\"https:\/\/zecovalve.com\/#website\"},\"primaryImageOfPage\":{\"@id\":\"https:\/\/zecovalve.com\/product\/altitude-control-valve#primaryimage\"},\"datePublished\":\"2022-06-26T07:21:33+00:00\",\"dateModified\":\"2023-06-26T05:28:15+00:00\",\"breadcrumb\":{\"@id\":\"https:\/\/zecovalve.com\/product\/altitude-control-valve#breadcrumb\"},\"inLanguage\":\"tr\",\"potentialAction\":[{\"@type\":\"ReadAction\",\"target\":[\"https:\/\/zecovalve.com\/product\/altitude-control-valve\"]}]},{\"@type\":\"BreadcrumbList\",\"@id\":\"https:\/\/zecovalve.com\/product\/altitude-control-valve#breadcrumb\",\"itemListElement\":[{\"@type\":\"ListItem\",\"position\":1,\"item\":{\"@type\":\"WebPage\",\"@id\":\"https:\/\/zecovalve.com\/\",\"url\":\"https:\/\/zecovalve.com\/\",\"name\":\"Home\"}},{\"@type\":\"ListItem\",\"position\":2,\"item\":{\"@type\":\"WebPage\",\"@id\":\"https:\/\/zecovalve.com\/product-category\",\"url\":\"https:\/\/zecovalve.com\/product-category\",\"name\":\"Industrial Valve Manufacturer | Water Valve Manufacturer\"}},{\"@type\":\"ListItem\",\"position\":3,\"item\":{\"@type\":\"WebPage\",\"@id\":\"https:\/\/zecovalve.com\/product\/altitude-control-valve\",\"url\":\"https:\/\/zecovalve.com\/product\/altitude-control-valve\",\"name\":\"Altitude Control Valve\"}}]}]}<\/script>\n<!-- \/ Yoast SEO Premium plugin. -->","_links":{"self":[{"href":"https:\/\/zecovalve.com\/tr\/wp-json\/wp\/v2\/product\/17044","targetHints":{"allow":["GET"]}}],"collection":[{"href":"https:\/\/zecovalve.com\/tr\/wp-json\/wp\/v2\/product"}],"about":[{"href":"https:\/\/zecovalve.com\/tr\/wp-json\/wp\/v2\/types\/product"}],"replies":[{"embeddable":true,"href":"https:\/\/zecovalve.com\/tr\/wp-json\/wp\/v2\/comments?post=17044"}],"wp:featuredmedia":[{"embeddable":true,"href":"https:\/\/zecovalve.com\/tr\/wp-json\/wp\/v2\/media\/27944"}],"wp:attachment":[{"href":"https:\/\/zecovalve.com\/tr\/wp-json\/wp\/v2\/media?parent=17044"}],"wp:term":[{"taxonomy":"product_cat","embeddable":true,"href":"https:\/\/zecovalve.com\/tr\/wp-json\/wp\/v2\/product_cat?post=17044"},{"taxonomy":"product_tag","embeddable":true,"href":"https:\/\/zecovalve.com\/tr\/wp-json\/wp\/v2\/product_tag?post=17044"}],"curies":[{"name":"wp","href":"https:\/\/api.w.org\/{rel}","templated":true}]}}