{"id":17051,"date":"2022-06-26T07:27:59","date_gmt":"2022-06-26T07:27:59","guid":{"rendered":"https:\/\/zecovalve.com\/?post_type=product&#038;p=17051"},"modified":"2023-06-26T05:28:50","modified_gmt":"2023-06-26T05:28:50","slug":"surge-anticipating-valve","status":"publish","type":"product","link":"https:\/\/zecovalve.com\/tr\/urun\/surge-anticipating-valve","title":{"rendered":"Dalgalanma \u00d6nleyici Valf"},"content":{"rendered":"<div class=\"sep-pages-boxs bgs clearfix\">\n<div class=\"sep-container clearfix\">\n<h1 class=\"titles sizes1 cens gtj-ff-bold\">Dalgalanma \u00d6nleyici Valf<\/h1>\n<figure id=\"attachment_17052\" aria-describedby=\"caption-attachment-17052\" style=\"width: 254px\" class=\"wp-caption alignnone\"><img loading=\"lazy\" decoding=\"async\" class=\"size-medium wp-image-17052\" src=\"https:\/\/zecovalve.com\/wp-content\/uploads\/2022\/06\/surge-anticipating-valve-1-264x300.jpg\" alt=\"Dalgalanma \u00d6nleyici Valf\" width=\"264\" height=\"300\" srcset=\"https:\/\/zecovalve.com\/wp-content\/uploads\/2022\/06\/surge-anticipating-valve-1-264x300.jpg 264w, https:\/\/zecovalve.com\/wp-content\/uploads\/2022\/06\/surge-anticipating-valve-1.jpg 400w\" sizes=\"auto, (max-width: 264px) 100vw, 264px\" \/><figcaption id=\"caption-attachment-17052\" class=\"wp-caption-text\">Dalgalanma \u00d6nleyici Valf<\/figcaption><\/figure>\n<\/div>\n<\/div>\n<div class=\"sep-pages-boxs clearfix\">\n<div class=\"sep-container clearfix\">\n<div id=\"zf-nexts\" class=\"flex clearfix\">\n<div class=\"bq-zf-lefts\">\n<div class=\"richtext\">\n<h2>Dalgalanma \u00d6nleyici Valfin \u00d6zellikleri<\/h2>\n<div class=\"text-center\"><img loading=\"lazy\" decoding=\"async\" class=\"alignnone size-medium wp-image-17053\" src=\"https:\/\/zecovalve.com\/wp-content\/uploads\/2022\/06\/surge-anticipating-valve-features-300x225.png\" alt=\"\" width=\"300\" height=\"225\" srcset=\"https:\/\/zecovalve.com\/wp-content\/uploads\/2022\/06\/surge-anticipating-valve-features-300x225.png 300w, https:\/\/zecovalve.com\/wp-content\/uploads\/2022\/06\/surge-anticipating-valve-features.png 600w\" sizes=\"auto, (max-width: 300px) 100vw, 300px\" \/><\/div>\n<ul class=\"list-paddingleft-2\">\n<li>\u00c7ift pilot valf, d\u00fc\u015f\u00fck bas\u0131n\u00e7 dalgalar\u0131n\u0131 ve y\u00fcksek bas\u0131n\u00e7 dalgalar\u0131n\u0131 alg\u0131layabilir;<\/li>\n<li>Hassas ind\u00fcksiyon, h\u0131zl\u0131 kontrol;<\/li>\n<li>Hat bas\u0131nc\u0131n\u0131 korumak i\u00e7in h\u0131zl\u0131 a\u00e7\u0131lma;<\/li>\n<li>Tam port, k\u00fc\u00e7\u00fck s\u0131v\u0131 direnci.<\/li>\n<\/ul>\n<\/div>\n<div class=\"richtext\">\n<h2>Dalgalanma \u00d6nleyici Vana \u00c7al\u0131\u015fma Prensibi<\/h2>\n<div class=\"text-center\"><img loading=\"lazy\" decoding=\"async\" class=\"alignnone size-medium wp-image-17055\" src=\"https:\/\/zecovalve.com\/wp-content\/uploads\/2022\/06\/surge-anticipating-valve-principle-300x225.jpg\" alt=\"\" width=\"300\" height=\"225\" srcset=\"https:\/\/zecovalve.com\/wp-content\/uploads\/2022\/06\/surge-anticipating-valve-principle-300x225.jpg 300w, https:\/\/zecovalve.com\/wp-content\/uploads\/2022\/06\/surge-anticipating-valve-principle.jpg 600w\" sizes=\"auto, (max-width: 300px) 100vw, 300px\" \/><\/div>\n<p>Genel olarak, pompan\u0131n aniden durmas\u0131 b\u00fcy\u00fck bas\u0131n\u00e7 dalgalanmalar\u0131 yaratacakt\u0131r, numune alma t\u00fcp\u00fcndeki bas\u0131n\u00e7 da bu s\u0131rada dalgalanacakt\u0131r. Al\u00e7ak bas\u0131n\u00e7 pilot vanas\u0131 bu ilk bas\u0131n\u00e7 dalgas\u0131n\u0131 alg\u0131layarak tahliyeyi a\u00e7ar, b\u00f6ylece ana vana a\u00e7\u0131larak y\u00fcksek bas\u0131n\u00e7 dalgalanmalar\u0131n\u0131n sistemden geri d\u00f6nmesini engeller. A\u00e7\u0131lan ana valf y\u00fcksek bas\u0131n\u00e7 dalgalar\u0131n\u0131 atmosfere bo\u015falt\u0131r. Y\u00fcksek bas\u0131n\u00e7 pilot valfi, ana valfi de a\u00e7an ve a\u00e7\u0131k tutan y\u00fcksek bas\u0131n\u00e7 dalgalar\u0131n\u0131 ind\u00fckler. Sistem bas\u0131nc\u0131 pilot vanan\u0131n \u00f6n ayar bas\u0131nc\u0131ndan daha d\u00fc\u015f\u00fck oldu\u011funda, y\u00fcksek bas\u0131n\u00e7 pilot vanas\u0131 kapat\u0131l\u0131r, ana vana kontrol odas\u0131n\u0131n bas\u0131nc\u0131 art\u0131r\u0131l\u0131r ve sistem bas\u0131nc\u0131n\u0131 pilot vana \u00f6n ayar bas\u0131nc\u0131nda tutmak i\u00e7in ana vana kapat\u0131l\u0131r.<\/p>\n<\/div>\n<div class=\"richtext\">\n<h2>Dalgalanma \u00d6nleyici Vana Kurulumu ve Devreye Alma<\/h2>\n<div class=\"text-center\"><img loading=\"lazy\" decoding=\"async\" class=\"alignnone size-medium wp-image-17054\" src=\"https:\/\/zecovalve.com\/wp-content\/uploads\/2022\/06\/surge-anticipating-valve-installation-and-commissioning-300x225.jpg\" alt=\"\" width=\"300\" height=\"225\" srcset=\"https:\/\/zecovalve.com\/wp-content\/uploads\/2022\/06\/surge-anticipating-valve-installation-and-commissioning-300x225.jpg 300w, https:\/\/zecovalve.com\/wp-content\/uploads\/2022\/06\/surge-anticipating-valve-installation-and-commissioning.jpg 600w\" sizes=\"auto, (max-width: 300px) 100vw, 300px\" \/><\/div>\n<p>Y\u00fcksek ve al\u00e7ak bas\u0131n\u00e7 ayarlar\u0131n\u0131 belirleyin ve boru hatt\u0131 bas\u0131nc\u0131n\u0131 al\u00e7ak bas\u0131n\u00e7 ayarlar\u0131nda ayarlay\u0131n. Bu noktada, d\u00fc\u015f\u00fck bas\u0131n\u00e7 pilot vanas\u0131 kritik a\u00e7ma kapama ve somunu kilitleme durumuna ayarlan\u0131r. Boru hatt\u0131 bas\u0131nc\u0131n\u0131 y\u00fcksek bas\u0131n\u00e7 ayar de\u011ferine ayarlay\u0131n, y\u00fcksek bas\u0131n\u00e7 pilot valfini somunu kilitlemek i\u00e7in kritik a\u00e7\u0131lma ve kapanma durumuna ayarlay\u0131n. \u00d6zel kullan\u0131m i\u00e7in l\u00fctfen Zeco Valve Group'a dan\u0131\u015f\u0131n.<\/p>\n<\/div>\n<div class=\"richtext\">\n<h2>Dalgalanma \u00d6nleyici Vana Malzemesi ve Standard\u0131<\/h2>\n<p>Boyut Aral\u0131\u011f\u0131: 2\u2033~12\u2033<br \/>\nBas\u0131n\u00e7 De\u011feri\uff1a10bar ~ 25bar<\/p>\n<p>Y\u00fcz Y\u00fcze Boyutlar: AMSE B16.10, EN558-1<\/p>\n<p>Flan\u015f Ucu \u00d6l\u00e7\u00fcs\u00fc:AMSE B16.5, AS4087, EN1092-2<\/p>\n<p>Kaplama: WRAS onayl\u0131 Fusion Bonded Epoksi Kaplama<\/p>\n<p>Muayene ve Test: ISO 5208 \/ EN 12226-2<\/p>\n<div class=\"over-tabs\">\n<table cellspacing=\"0\">\n<tbody>\n<tr class=\"firstRow\">\n<td valign=\"center\">Par\u00e7a<\/td>\n<td valign=\"center\">Malzeme<\/td>\n<td valign=\"center\">Standart<\/td>\n<\/tr>\n<tr>\n<td valign=\"center\">V\u00fccut<\/td>\n<td valign=\"center\">Sfero D\u00f6k\u00fcm<\/td>\n<td valign=\"center\">EN 1563\/DIN 1693<\/td>\n<\/tr>\n<tr>\n<td valign=\"center\">Bone<\/td>\n<td valign=\"center\">Sfero D\u00f6k\u00fcm<\/td>\n<td valign=\"center\">EN 1563\/DIN 1693<\/td>\n<\/tr>\n<tr>\n<td valign=\"center\">D\u00f6\u015feme<\/td>\n<td valign=\"center\">Paslanmaz \u00c7elik 304<\/td>\n<td valign=\"center\">EN10088-1\/ASTM A959<\/td>\n<\/tr>\n<tr>\n<td valign=\"center\">Koltuk<\/td>\n<td valign=\"center\">Paslanmaz \u00c7elik 304<\/td>\n<td valign=\"center\">EN10088-1\/ASTM A959<\/td>\n<\/tr>\n<tr>\n<td valign=\"center\">Diyafram<\/td>\n<td valign=\"center\">EPDM \/ NBR<\/td>\n<td valign=\"center\">ISO 4633<\/td>\n<\/tr>\n<tr>\n<td valign=\"center\">Pilot Valf<\/td>\n<td valign=\"center\">Paslanmaz \u00c7elik 304<\/td>\n<td valign=\"center\">EN10088-1\/ASTM A959<\/td>\n<\/tr>\n<tr>\n<td colspan=\"3\" valign=\"center\">Listede yer almayan malzeme se\u00e7enekleri i\u00e7in fabrikaya dan\u0131\u015f\u0131n.<\/p>\n<p>Zeco, 50'den fazla farkl\u0131 ala\u015f\u0131mdan valf \u00fcretmektedir.<\/td>\n<\/tr>\n<\/tbody>\n<\/table>\n<\/div>\n<\/div>\n<\/div>\n<\/div>\n<\/div>\n<\/div>","protected":false},"excerpt":{"rendered":"<p>Dalgalanma \u00d6nleyici Valf Dalgalanma \u00d6nleyici Valfin \u00d6zellikleri \u00c7ift pilot valf, d\u00fc\u015f\u00fck bas\u0131n\u00e7 dalgalar\u0131n\u0131 ve y\u00fcksek bas\u0131n\u00e7 dalgalar\u0131n\u0131 alg\u0131layabilir; Hassas ind\u00fcksiyon,\u2026 <a title=\"Dalgalanma \u00d6nleyici Valf\" class=\"read-more\" href=\"https:\/\/zecovalve.com\/tr\/urun\/surge-anticipating-valve\" aria-label=\"Dalgalanma \u00d6nleyici Valf hakk\u0131nda daha fazla bilgi\">Daha fazla bilgi edinin<\/a><\/p>","protected":false},"featured_media":27945,"comment_status":"closed","ping_status":"closed","template":"","meta":{"_generate-full-width-content":"","kt_blocks_editor_width":""},"product_cat":[2597,2526],"product_tag":[2662,2805],"class_list":["post-17051","product","type-product","status-publish","has-post-thumbnail","hentry","product_cat-pressure-control-valve","product_cat-water-control-valve","product_tag-pressure-control-valve","product_tag-pump-valve","sales-flash-overlay","woocommerce-text-align-center","woocommerce-image-align-center","do-quantity-buttons"],"featured_image_src_large":["https:\/\/zecovalve.com\/wp-content\/uploads\/2022\/06\/Surge-Anticipating-Valve-2.jpg",800,600,false],"author_info":[],"comment_info":0,"taxonomy_info":{"product_cat":[{"value":2597,"label":"Pressure Control Valve"},{"value":2526,"label":"Water Control Valve"}],"product_tag":[{"value":2662,"label":"Pressure Control Valve"},{"value":2805,"label":"Pump Valve"}]},"yoast_head":"<!-- This site is optimized with the Yoast SEO Premium plugin v15.4 - https:\/\/yoast.com\/wordpress\/plugins\/seo\/ -->\n<title>Surge Anticipating Valve - ZECO Valve<\/title>\n<meta name=\"robots\" content=\"index, follow, max-snippet:-1, max-image-preview:large, max-video-preview:-1\" \/>\n<link rel=\"canonical\" href=\"https:\/\/zecovalve.com\/tr\/urun\/surge-anticipating-valve\" \/>\n<meta property=\"og:locale\" content=\"tr_TR\" \/>\n<meta property=\"og:type\" content=\"article\" \/>\n<meta property=\"og:title\" content=\"Surge Anticipating Valve - ZECO Valve\" \/>\n<meta property=\"og:description\" content=\"Surge Anticipating Valve Features of Surge Anticipating Valve Double pilot valve can sense low pressure waves and high pressure waves; Sensitive induction, ... Read more\" \/>\n<meta property=\"og:url\" content=\"https:\/\/zecovalve.com\/tr\/urun\/surge-anticipating-valve\" \/>\n<meta property=\"og:site_name\" content=\"ZECO Valve\" \/>\n<meta property=\"article:modified_time\" content=\"2023-06-26T05:28:50+00:00\" \/>\n<meta property=\"og:image\" content=\"https:\/\/zecovalve.com\/wp-content\/uploads\/2022\/06\/Surge-Anticipating-Valve-2.jpg\" \/>\n\t<meta property=\"og:image:width\" content=\"800\" \/>\n\t<meta property=\"og:image:height\" content=\"600\" \/>\n<meta name=\"twitter:card\" content=\"summary_large_image\" \/>\n<meta name=\"twitter:label1\" content=\"Yazan:\">\n\t<meta name=\"twitter:data1\" content=\"Jerry\">\n\t<meta name=\"twitter:label2\" content=\"Tahmini okuma s\u00fcresi\">\n\t<meta name=\"twitter:data2\" content=\"1 dakika\">\n<script type=\"application\/ld+json\" class=\"yoast-schema-graph\">{\"@context\":\"https:\/\/schema.org\",\"@graph\":[{\"@type\":\"WebSite\",\"@id\":\"https:\/\/zecovalve.com\/#website\",\"url\":\"https:\/\/zecovalve.com\/\",\"name\":\"ZECO Valve\",\"description\":\"Industrial Ball Valve, Gate Valve and Globe Valve Manufacturer\",\"potentialAction\":[{\"@type\":\"SearchAction\",\"target\":\"https:\/\/zecovalve.com\/?s={search_term_string}\",\"query-input\":\"required name=search_term_string\"}],\"inLanguage\":\"tr\"},{\"@type\":\"ImageObject\",\"@id\":\"https:\/\/zecovalve.com\/product\/surge-anticipating-valve#primaryimage\",\"inLanguage\":\"tr\",\"url\":\"https:\/\/zecovalve.com\/wp-content\/uploads\/2022\/06\/Surge-Anticipating-Valve-2.jpg\",\"width\":800,\"height\":600,\"caption\":\"Surge Anticipating Valve\"},{\"@type\":\"WebPage\",\"@id\":\"https:\/\/zecovalve.com\/product\/surge-anticipating-valve#webpage\",\"url\":\"https:\/\/zecovalve.com\/product\/surge-anticipating-valve\",\"name\":\"Surge Anticipating Valve - ZECO Valve\",\"isPartOf\":{\"@id\":\"https:\/\/zecovalve.com\/#website\"},\"primaryImageOfPage\":{\"@id\":\"https:\/\/zecovalve.com\/product\/surge-anticipating-valve#primaryimage\"},\"datePublished\":\"2022-06-26T07:27:59+00:00\",\"dateModified\":\"2023-06-26T05:28:50+00:00\",\"breadcrumb\":{\"@id\":\"https:\/\/zecovalve.com\/product\/surge-anticipating-valve#breadcrumb\"},\"inLanguage\":\"tr\",\"potentialAction\":[{\"@type\":\"ReadAction\",\"target\":[\"https:\/\/zecovalve.com\/product\/surge-anticipating-valve\"]}]},{\"@type\":\"BreadcrumbList\",\"@id\":\"https:\/\/zecovalve.com\/product\/surge-anticipating-valve#breadcrumb\",\"itemListElement\":[{\"@type\":\"ListItem\",\"position\":1,\"item\":{\"@type\":\"WebPage\",\"@id\":\"https:\/\/zecovalve.com\/\",\"url\":\"https:\/\/zecovalve.com\/\",\"name\":\"Home\"}},{\"@type\":\"ListItem\",\"position\":2,\"item\":{\"@type\":\"WebPage\",\"@id\":\"https:\/\/zecovalve.com\/product-category\",\"url\":\"https:\/\/zecovalve.com\/product-category\",\"name\":\"Industrial Valve Manufacturer | Water Valve Manufacturer\"}},{\"@type\":\"ListItem\",\"position\":3,\"item\":{\"@type\":\"WebPage\",\"@id\":\"https:\/\/zecovalve.com\/product\/surge-anticipating-valve\",\"url\":\"https:\/\/zecovalve.com\/product\/surge-anticipating-valve\",\"name\":\"Surge Anticipating Valve\"}}]}]}<\/script>\n<!-- \/ Yoast SEO Premium plugin. -->","_links":{"self":[{"href":"https:\/\/zecovalve.com\/tr\/wp-json\/wp\/v2\/product\/17051","targetHints":{"allow":["GET"]}}],"collection":[{"href":"https:\/\/zecovalve.com\/tr\/wp-json\/wp\/v2\/product"}],"about":[{"href":"https:\/\/zecovalve.com\/tr\/wp-json\/wp\/v2\/types\/product"}],"replies":[{"embeddable":true,"href":"https:\/\/zecovalve.com\/tr\/wp-json\/wp\/v2\/comments?post=17051"}],"wp:featuredmedia":[{"embeddable":true,"href":"https:\/\/zecovalve.com\/tr\/wp-json\/wp\/v2\/media\/27945"}],"wp:attachment":[{"href":"https:\/\/zecovalve.com\/tr\/wp-json\/wp\/v2\/media?parent=17051"}],"wp:term":[{"taxonomy":"product_cat","embeddable":true,"href":"https:\/\/zecovalve.com\/tr\/wp-json\/wp\/v2\/product_cat?post=17051"},{"taxonomy":"product_tag","embeddable":true,"href":"https:\/\/zecovalve.com\/tr\/wp-json\/wp\/v2\/product_tag?post=17051"}],"curies":[{"name":"wp","href":"https:\/\/api.w.org\/{rel}","templated":true}]}}