{"id":17057,"date":"2022-06-26T07:46:28","date_gmt":"2022-06-26T07:46:28","guid":{"rendered":"https:\/\/zecovalve.com\/?post_type=product&#038;p=17057"},"modified":"2023-06-26T06:01:20","modified_gmt":"2023-06-26T06:01:20","slug":"balancing-valve","status":"publish","type":"product","link":"https:\/\/zecovalve.com\/tr\/urun\/balancing-valve","title":{"rendered":"Balans Vanas\u0131"},"content":{"rendered":"<div class=\"sep-pages-boxs bgs clearfix\">\n<div class=\"sep-container clearfix\">\n<h1 class=\"titles sizes1 cens gtj-ff-bold\">Balans Vanas\u0131<\/h1>\n<div class=\"bq-sep-pro-detail-thumbs ons clearfix\">\n<div class=\"thumbs\">\n<div class=\"imgs ons\">\n<div class=\"swiper-container swiper-container-initialized swiper-container-horizontal\">\n<div class=\"swiper-wrapper\">\n<div class=\"swiper-slide swiper-slide-active\">\n<figure id=\"attachment_17031\" aria-describedby=\"caption-attachment-17031\" style=\"width: 290px\" class=\"wp-caption alignnone\"><img loading=\"lazy\" decoding=\"async\" class=\"size-medium wp-image-17031\" src=\"https:\/\/zecovalve.com\/wp-content\/uploads\/2022\/06\/manual-flow-balancing-valve-300x273.jpg\" alt=\"Ak\u0131\u015f Dengeleme Vanas\u0131\" width=\"300\" height=\"273\" srcset=\"https:\/\/zecovalve.com\/wp-content\/uploads\/2022\/06\/manual-flow-balancing-valve-300x273.jpg 300w, https:\/\/zecovalve.com\/wp-content\/uploads\/2022\/06\/manual-flow-balancing-valve.jpg 330w\" sizes=\"auto, (max-width: 300px) 100vw, 300px\" \/><figcaption id=\"caption-attachment-17031\" class=\"wp-caption-text\">Ak\u0131\u015f Dengeleme Vanas\u0131<\/figcaption><\/figure>\n<\/div>\n<\/div>\n<\/div>\n<div class=\"lr-lists-boxs\"><\/div>\n<\/div>\n<\/div>\n<\/div>\n<\/div>\n<\/div>\n<div class=\"sep-pages-boxs clearfix\">\n<div class=\"sep-container clearfix\">\n<div id=\"zf-nexts\" class=\"flex clearfix\">\n<div class=\"bq-zf-lefts\">\n<div class=\"richtext\">\n<h2>Balans Vanas\u0131 Fest\u00fcrleri<\/h2>\n<div class=\"text-center\"><img loading=\"lazy\" decoding=\"async\" class=\"alignnone size-medium wp-image-17058\" src=\"https:\/\/zecovalve.com\/wp-content\/uploads\/2022\/06\/manual-flow-balancing-valve-2-300x225.png\" alt=\"\" width=\"300\" height=\"225\" srcset=\"https:\/\/zecovalve.com\/wp-content\/uploads\/2022\/06\/manual-flow-balancing-valve-2-300x225.png 300w, https:\/\/zecovalve.com\/wp-content\/uploads\/2022\/06\/manual-flow-balancing-valve-2.png 600w\" sizes=\"auto, (max-width: 300px) 100vw, 300px\" \/><\/div>\n<ul class=\"list-paddingleft-2\">\n<li>D\u00fcz ak\u0131\u015f yap\u0131s\u0131, d\u00fc\u015f\u00fck s\u0131v\u0131 direnci;<\/li>\n<li>El \u00e7ark\u0131, kolay hata ay\u0131klama i\u00e7in a\u00e7ma \u00e7evrimi say\u0131s\u0131n\u0131 g\u00f6sterir;<\/li>\n<li>Valf giri\u015fi ve \u00e7\u0131k\u0131\u015f\u0131nda kendinden s\u0131zd\u0131rmazl\u0131k sa\u011flayan test portu bulunur;<\/li>\n<li>Vana diski kendi kendini dengeleyen tasar\u0131m, a\u00e7ma ve kapama boru hatt\u0131 bas\u0131nc\u0131ndan etkilenmez, tamamen kapat\u0131labilir.<\/li>\n<\/ul>\n<\/div>\n<div class=\"richtext\">\n<h2>Balans Vanas\u0131 \u00c7al\u0131\u015fma Prensibi<\/h2>\n<div class=\"text-center\"><img loading=\"lazy\" decoding=\"async\" class=\"alignnone size-medium wp-image-17059\" src=\"https:\/\/zecovalve.com\/wp-content\/uploads\/2022\/06\/manual-flow-balancing-valve-3-300x225.png\" alt=\"\" width=\"300\" height=\"225\" srcset=\"https:\/\/zecovalve.com\/wp-content\/uploads\/2022\/06\/manual-flow-balancing-valve-3-300x225.png 300w, https:\/\/zecovalve.com\/wp-content\/uploads\/2022\/06\/manual-flow-balancing-valve-3.png 600w\" sizes=\"auto, (max-width: 300px) 100vw, 300px\" \/><\/div>\n<p>Valf g\u00f6be\u011fi ile valf yuvas\u0131 (a\u00e7\u0131kl\u0131k) aras\u0131ndaki bo\u015flu\u011fu de\u011fi\u015ftirerek, ak\u0131\u015f ayarlama amac\u0131na ula\u015fmak i\u00e7in valf i\u00e7inden ak\u0131\u015f\u0131n ak\u0131\u015f direncini de\u011fi\u015ftirmek \u00fczere Kv valfi ak\u0131\u015f kapasitesini (valf) ayarlay\u0131n; nesnenin rol\u00fc, Sistemin direnci, sistemdeki diren\u00e7 dengesizli\u011fi olgusunu ortadan kald\u0131r\u0131r, b\u00f6ylece tasar\u0131m ve denge hesab\u0131na g\u00f6re yeni su tahsisi oran\u0131, her bran\u015f\u0131n ayn\u0131 anda orant\u0131l\u0131 olarak artmas\u0131 veya azalmas\u0131 sa\u011flan\u0131r.<\/p>\n<\/div>\n<div class=\"richtext\">\n<h2>Balans Vanas\u0131 Montaj\u0131 ve Devreye Al\u0131nmas\u0131<\/h2>\n<div class=\"text-center\"><img loading=\"lazy\" decoding=\"async\" class=\"alignnone size-medium wp-image-17060\" src=\"https:\/\/zecovalve.com\/wp-content\/uploads\/2022\/06\/pressure-control-valve1534226071-300x225.png\" alt=\"\" width=\"300\" height=\"225\" srcset=\"https:\/\/zecovalve.com\/wp-content\/uploads\/2022\/06\/pressure-control-valve1534226071-300x225.png 300w, https:\/\/zecovalve.com\/wp-content\/uploads\/2022\/06\/pressure-control-valve1534226071.png 600w\" sizes=\"auto, (max-width: 300px) 100vw, 300px\" \/><\/div>\n<p>Se\u00e7imin iki y\u00f6ntemi vard\u0131r. Birincisi, pozitif nem i\u00e7eri\u011fini hesaplamak i\u00e7in yaz\u0131l\u0131m\u0131 kullanmakt\u0131r. Tasar\u0131m ak\u0131\u015f\u0131 Q ve tasar\u0131m bas\u0131n\u00e7 fark\u0131 \u2206P, denge vanas\u0131n\u0131n boyutunu ve \u00f6nceden ayarlanm\u0131\u015f denge konumunu elde etmek i\u00e7in girilir. Daha iyi do\u011fruluk elde etmek i\u00e7in, balans vanas\u0131n\u0131n konumunun a\u00e7\u0131lma derecesinin 50-90%&#039;sinde olmas\u0131 \u00f6nerilir; \u0130kinci olarak, tasar\u0131m ak\u0131\u015f\u0131 Q bilindi\u011finde ve tasar\u0131m bas\u0131n\u00e7 fark\u0131 \u2206P bilindi\u011finde, form\u00fclle Kv de\u011feri hesaplanabilir ve ard\u0131ndan Kv de\u011feri tablosundan uygun balans vanas\u0131 boyutu ve \u00f6nceden belirlenen parametreler se\u00e7ilebilir. \u00d6zel kullan\u0131m i\u00e7in l\u00fctfen ZECO Vana Grubuna dan\u0131\u015f\u0131n.<\/p>\n<\/div>\n<div class=\"richtext\">\n<h2>Balans Vanas\u0131 Malzemesi ve Standard\u0131<\/h2>\n<p>Boyut Aral\u0131\u011f\u0131: 2\u2033~16\u2033<br \/>\nBas\u0131n\u00e7 De\u011feri: 10bar ~ 25bar<br \/>\nY\u00fcz Y\u00fcze Boyutlar: AMSE B16.10, EN558-1<br \/>\nFlan\u015f U\u00e7 \u00d6l\u00e7\u00fcs\u00fc: AMSE B16.1\/16.42, AS4087, EN1092-2<br \/>\nKaplama: F\u00fczyon Ba\u011flant\u0131l\u0131 Epoksi Kaplama<br \/>\nMuayene ve Test: ISO 5208 \/ EN 12226-2<\/p>\n<p>&nbsp;<\/p>\n<div class=\"over-tabs\">\n<table width=\"1389\">\n<tbody>\n<tr class=\"firstRow\">\n<td>Par\u00e7a<\/td>\n<td>Malzeme<\/td>\n<td>Standart<\/td>\n<\/tr>\n<tr>\n<td>V\u00fccut<\/td>\n<td>Sfero D\u00f6k\u00fcm<\/td>\n<td>EN 1563\/DIN 1693<\/td>\n<\/tr>\n<tr>\n<td>Bone<\/td>\n<td>CuZn39Pb1 \/ C37000<\/td>\n<td>EN12167\/ASTM B135<\/td>\n<\/tr>\n<tr>\n<td>D\u00f6\u015feme<\/td>\n<td>CuZn39Pb1 \/ C37000<\/td>\n<td>EN12167\/ASTM B135<\/td>\n<\/tr>\n<tr>\n<td>\u00d6l\u00e7\u00fcm Portu<\/td>\n<td>CuZn39Pb1 \/ C37000<\/td>\n<td>EN12167\/ASTM B135<\/td>\n<\/tr>\n<tr>\n<td>O-Ring<\/td>\n<td>EPDM \/ NBR<\/td>\n<td>ISO 4633<\/td>\n<\/tr>\n<tr>\n<td>El \u00c7ark\u0131<\/td>\n<td>Naylon<\/td>\n<td>ISO 4633<\/td>\n<\/tr>\n<tr>\n<td colspan=\"3\">Listede yer almayan malzeme se\u00e7enekleri i\u00e7in fabrikaya dan\u0131\u015f\u0131n.<\/p>\n<p>ZECO 50'den fazla farkl\u0131 ala\u015f\u0131mdan vana \u00fcretmektedir.<\/td>\n<\/tr>\n<\/tbody>\n<\/table>\n<\/div>\n<\/div>\n<\/div>\n<\/div>\n<\/div>\n<\/div>","protected":false},"excerpt":{"rendered":"<p>Balans Vanas\u0131 Balans Vanas\u0131 \u00d6zellikleri D\u00fcz ak\u0131\u015f yap\u0131s\u0131, d\u00fc\u015f\u00fck ak\u0131\u015fkan direnci; El \u00e7ark\u0131, kolay hata ay\u0131klama i\u00e7in a\u00e7ma \u00e7evrimi say\u0131s\u0131n\u0131 g\u00f6sterir; \u2026 <a title=\"Balans Vanas\u0131\" class=\"read-more\" href=\"https:\/\/zecovalve.com\/tr\/urun\/balancing-valve\" aria-label=\"Dengeleme Valfi hakk\u0131nda daha fazla bilgi\">Daha fazla bilgi edinin<\/a><\/p>","protected":false},"featured_media":27955,"comment_status":"closed","ping_status":"closed","template":"","meta":{"_generate-full-width-content":"","kt_blocks_editor_width":""},"product_cat":[2512],"product_tag":[2724,2654],"class_list":["post-17057","product","type-product","status-publish","has-post-thumbnail","hentry","product_cat-balancing-valve","product_tag-balancing-valve","product_tag-hvac-valve","sales-flash-overlay","woocommerce-text-align-center","woocommerce-image-align-center","do-quantity-buttons"],"featured_image_src_large":["https:\/\/zecovalve.com\/wp-content\/uploads\/2022\/06\/Balancing-Valve-1.jpg",800,600,false],"author_info":[],"comment_info":0,"taxonomy_info":{"product_cat":[{"value":2512,"label":"Balancing Valve"}],"product_tag":[{"value":2724,"label":"Balancing Valve"},{"value":2654,"label":"HVAC Valve"}]},"yoast_head":"<!-- This site is optimized with the Yoast SEO Premium plugin v15.4 - https:\/\/yoast.com\/wordpress\/plugins\/seo\/ -->\n<title>Balancing Valve - ZECO Valve<\/title>\n<meta name=\"robots\" content=\"index, follow, max-snippet:-1, max-image-preview:large, max-video-preview:-1\" \/>\n<link rel=\"canonical\" href=\"https:\/\/zecovalve.com\/tr\/urun\/balancing-valve\" \/>\n<meta property=\"og:locale\" content=\"tr_TR\" \/>\n<meta property=\"og:type\" content=\"article\" \/>\n<meta property=\"og:title\" content=\"Balancing Valve - ZECO Valve\" \/>\n<meta property=\"og:description\" content=\"Balancing Valve Festures of Balancing Valve Straight flow structure, low fluid resistance; Handwheel display the number of opening cycles for easy debugging; ... Read more\" \/>\n<meta property=\"og:url\" content=\"https:\/\/zecovalve.com\/tr\/urun\/balancing-valve\" \/>\n<meta property=\"og:site_name\" content=\"ZECO Valve\" \/>\n<meta property=\"article:modified_time\" content=\"2023-06-26T06:01:20+00:00\" \/>\n<meta property=\"og:image\" content=\"https:\/\/zecovalve.com\/wp-content\/uploads\/2022\/06\/Balancing-Valve-1.jpg\" \/>\n\t<meta property=\"og:image:width\" content=\"800\" \/>\n\t<meta property=\"og:image:height\" content=\"600\" \/>\n<meta name=\"twitter:card\" content=\"summary_large_image\" \/>\n<meta name=\"twitter:label1\" content=\"Yazan:\">\n\t<meta name=\"twitter:data1\" content=\"Jerry\">\n\t<meta name=\"twitter:label2\" content=\"Tahmini okuma s\u00fcresi\">\n\t<meta name=\"twitter:data2\" content=\"1 dakika\">\n<script type=\"application\/ld+json\" class=\"yoast-schema-graph\">{\"@context\":\"https:\/\/schema.org\",\"@graph\":[{\"@type\":\"WebSite\",\"@id\":\"https:\/\/zecovalve.com\/#website\",\"url\":\"https:\/\/zecovalve.com\/\",\"name\":\"ZECO Valve\",\"description\":\"Industrial Ball Valve, Gate Valve and Globe Valve Manufacturer\",\"potentialAction\":[{\"@type\":\"SearchAction\",\"target\":\"https:\/\/zecovalve.com\/?s={search_term_string}\",\"query-input\":\"required name=search_term_string\"}],\"inLanguage\":\"tr\"},{\"@type\":\"ImageObject\",\"@id\":\"https:\/\/zecovalve.com\/product\/balancing-valve#primaryimage\",\"inLanguage\":\"tr\",\"url\":\"https:\/\/zecovalve.com\/wp-content\/uploads\/2022\/06\/Balancing-Valve-1.jpg\",\"width\":800,\"height\":600,\"caption\":\"Balancing Valve\"},{\"@type\":\"WebPage\",\"@id\":\"https:\/\/zecovalve.com\/product\/balancing-valve#webpage\",\"url\":\"https:\/\/zecovalve.com\/product\/balancing-valve\",\"name\":\"Balancing Valve - ZECO Valve\",\"isPartOf\":{\"@id\":\"https:\/\/zecovalve.com\/#website\"},\"primaryImageOfPage\":{\"@id\":\"https:\/\/zecovalve.com\/product\/balancing-valve#primaryimage\"},\"datePublished\":\"2022-06-26T07:46:28+00:00\",\"dateModified\":\"2023-06-26T06:01:20+00:00\",\"breadcrumb\":{\"@id\":\"https:\/\/zecovalve.com\/product\/balancing-valve#breadcrumb\"},\"inLanguage\":\"tr\",\"potentialAction\":[{\"@type\":\"ReadAction\",\"target\":[\"https:\/\/zecovalve.com\/product\/balancing-valve\"]}]},{\"@type\":\"BreadcrumbList\",\"@id\":\"https:\/\/zecovalve.com\/product\/balancing-valve#breadcrumb\",\"itemListElement\":[{\"@type\":\"ListItem\",\"position\":1,\"item\":{\"@type\":\"WebPage\",\"@id\":\"https:\/\/zecovalve.com\/\",\"url\":\"https:\/\/zecovalve.com\/\",\"name\":\"Home\"}},{\"@type\":\"ListItem\",\"position\":2,\"item\":{\"@type\":\"WebPage\",\"@id\":\"https:\/\/zecovalve.com\/product-category\",\"url\":\"https:\/\/zecovalve.com\/product-category\",\"name\":\"Industrial Valve Manufacturer | Water Valve Manufacturer\"}},{\"@type\":\"ListItem\",\"position\":3,\"item\":{\"@type\":\"WebPage\",\"@id\":\"https:\/\/zecovalve.com\/product\/balancing-valve\",\"url\":\"https:\/\/zecovalve.com\/product\/balancing-valve\",\"name\":\"Balancing Valve\"}}]}]}<\/script>\n<!-- \/ Yoast SEO Premium plugin. -->","_links":{"self":[{"href":"https:\/\/zecovalve.com\/tr\/wp-json\/wp\/v2\/product\/17057","targetHints":{"allow":["GET"]}}],"collection":[{"href":"https:\/\/zecovalve.com\/tr\/wp-json\/wp\/v2\/product"}],"about":[{"href":"https:\/\/zecovalve.com\/tr\/wp-json\/wp\/v2\/types\/product"}],"replies":[{"embeddable":true,"href":"https:\/\/zecovalve.com\/tr\/wp-json\/wp\/v2\/comments?post=17057"}],"wp:featuredmedia":[{"embeddable":true,"href":"https:\/\/zecovalve.com\/tr\/wp-json\/wp\/v2\/media\/27955"}],"wp:attachment":[{"href":"https:\/\/zecovalve.com\/tr\/wp-json\/wp\/v2\/media?parent=17057"}],"wp:term":[{"taxonomy":"product_cat","embeddable":true,"href":"https:\/\/zecovalve.com\/tr\/wp-json\/wp\/v2\/product_cat?post=17057"},{"taxonomy":"product_tag","embeddable":true,"href":"https:\/\/zecovalve.com\/tr\/wp-json\/wp\/v2\/product_tag?post=17057"}],"curies":[{"name":"wp","href":"https:\/\/api.w.org\/{rel}","templated":true}]}}