{"id":17063,"date":"2022-06-26T08:20:43","date_gmt":"2022-06-26T08:20:43","guid":{"rendered":"https:\/\/zecovalve.com\/?post_type=product&#038;p=17063"},"modified":"2023-06-26T06:02:55","modified_gmt":"2023-06-26T06:02:55","slug":"flow-balancing-valve","status":"publish","type":"product","link":"https:\/\/zecovalve.com\/tr\/urun\/flow-balancing-valve","title":{"rendered":"Ak\u0131\u015f Dengeleme Vanas\u0131"},"content":{"rendered":"<div class=\"sep-pages-boxs bgs clearfix\">\n<div class=\"sep-container clearfix\">\n<h1 class=\"titles sizes1 cens gtj-ff-bold\">Ak\u0131\u015f Dengeleme Vanas\u0131<\/h1>\n<div class=\"bq-sep-pro-detail-thumbs ons clearfix\">\n<div class=\"thumbs\">\n<div class=\"imgs ons\">\n<div class=\"swiper-container swiper-container-initialized swiper-container-horizontal\">\n<div class=\"swiper-wrapper\">\n<div class=\"swiper-slide swiper-slide-active\">\n<figure id=\"attachment_17032\" aria-describedby=\"caption-attachment-17032\" style=\"width: 290px\" class=\"wp-caption alignnone\"><img loading=\"lazy\" decoding=\"async\" class=\"size-medium wp-image-17032\" src=\"https:\/\/zecovalve.com\/wp-content\/uploads\/2022\/06\/bronze-flow-balancing-valve-300x273.jpg\" alt=\"Pirin\u00e7 Ak\u0131\u015f Dengeleme Vanas\u0131\" width=\"300\" height=\"273\" srcset=\"https:\/\/zecovalve.com\/wp-content\/uploads\/2022\/06\/bronze-flow-balancing-valve-300x273.jpg 300w, https:\/\/zecovalve.com\/wp-content\/uploads\/2022\/06\/bronze-flow-balancing-valve.jpg 330w\" sizes=\"auto, (max-width: 300px) 100vw, 300px\" \/><figcaption id=\"caption-attachment-17032\" class=\"wp-caption-text\">Ak\u0131\u015f Dengeleme Vanas\u0131<\/figcaption><\/figure>\n<\/div>\n<\/div>\n<\/div>\n<div class=\"lr-lists-boxs\"><\/div>\n<\/div>\n<\/div>\n<\/div>\n<\/div>\n<\/div>\n<div class=\"sep-pages-boxs clearfix\">\n<div class=\"sep-container clearfix\">\n<div id=\"zf-nexts\" class=\"flex clearfix\">\n<div class=\"bq-zf-lefts\">\n<div class=\"richtext\">\n<h2>Ak\u0131\u015f Dengeleme Vanas\u0131 Festures<\/h2>\n<div class=\"text-center\"><img loading=\"lazy\" decoding=\"async\" class=\"alignnone size-medium wp-image-17064\" src=\"https:\/\/zecovalve.com\/wp-content\/uploads\/2022\/06\/bronze-flow-balancing-valve-2-300x225.png\" alt=\"\" width=\"300\" height=\"225\" srcset=\"https:\/\/zecovalve.com\/wp-content\/uploads\/2022\/06\/bronze-flow-balancing-valve-2-300x225.png 300w, https:\/\/zecovalve.com\/wp-content\/uploads\/2022\/06\/bronze-flow-balancing-valve-2.png 600w\" sizes=\"auto, (max-width: 300px) 100vw, 300px\" \/><\/div>\n<ul>\n<li>\u0130yi s\u0131zd\u0131rmazl\u0131k, n\u00fcfuz etme yok, d\u00f6n\u00fc\u015f\u00fcn ayarlanmas\u0131 kolay;<\/li>\n<li>K\u00fc\u00e7\u00fck montaj alan\u0131, do\u011fru ve net a\u00e7\u0131lma g\u00f6stergesi;<\/li>\n<li>E\u011fimli valf g\u00f6be\u011fi ve g\u00f6vdesinin kullan\u0131lmas\u0131 valfte daha fazla s\u0131v\u0131 ak\u0131\u015f\u0131 sa\u011flar<\/li>\n<li>Y\u00fczey p\u00fcr\u00fczs\u00fcz ve temizdir ve g\u00f6r\u00fcn\u00fcm\u00fc hassas ve g\u00fczeldir.<\/li>\n<li>Tek Ge\u00e7i\u015fli Yap\u0131, K\u00fc\u00e7\u00fck S\u0131v\u0131 Direnci<\/li>\n<li>Say\u0131sal El \u00c7ark\u0131, Dengede Do\u011fru Hata Ay\u0131klama<\/li>\n<li>Ak\u0131ll\u0131 Cihazla Kolay Ba\u011flant\u0131<\/li>\n<li>Kendini Dengeleyen Tasar\u0131m<\/li>\n<li>Komple Kesme Fonksiyonunu Tut<\/li>\n<\/ul>\n<\/div>\n<div class=\"richtext\">\n<h2>Ak\u0131\u015f Dengeleme Vanas\u0131 \u00c7al\u0131\u015fma Prensibi<\/h2>\n<div class=\"text-center\">\u00a0<img loading=\"lazy\" decoding=\"async\" class=\"alignnone size-medium wp-image-17065\" src=\"https:\/\/zecovalve.com\/wp-content\/uploads\/2022\/06\/bronze-flow-balancing-valve-3-300x225.png\" alt=\"\" width=\"300\" height=\"225\" srcset=\"https:\/\/zecovalve.com\/wp-content\/uploads\/2022\/06\/bronze-flow-balancing-valve-3-300x225.png 300w, https:\/\/zecovalve.com\/wp-content\/uploads\/2022\/06\/bronze-flow-balancing-valve-3.png 600w\" sizes=\"auto, (max-width: 300px) 100vw, 300px\" \/><\/div>\n<p>Valf, valf g\u00f6vdesi arac\u0131l\u0131\u011f\u0131yla ortam\u0131n ak\u0131\u015f h\u0131z\u0131n\u0131 d\u00fczenler, d\u00fczenleme valfi kolunu \u00e7evirerek valf g\u00f6vdesini yukar\u0131 ve a\u015fa\u011f\u0131 dengeler, ak\u0131\u015f yolunu ayarlar ve ak\u0131\u015f e\u011frisi \u00f6zelliklerini de\u011fi\u015ftirir. Denge valfi g\u00f6vdesi \u00fczerinde bulunan bas\u0131n\u00e7 g\u00f6stergeleri, ak\u0131\u015f h\u0131z\u0131n\u0131 tespit etmek ve ayarlamak i\u00e7in kullan\u0131labilen bas\u0131n\u00e7 fark\u0131n\u0131 \u00f6l\u00e7mek i\u00e7in kullan\u0131l\u0131r.<\/p>\n<\/div>\n<div class=\"richtext\">\n<h2>Ak\u0131\u015f Dengeleme Vanas\u0131 Montaj\u0131 ve Devreye Al\u0131nmas\u0131<\/h2>\n<div class=\"text-center\"><img loading=\"lazy\" decoding=\"async\" class=\"alignnone size-medium wp-image-17066\" src=\"https:\/\/zecovalve.com\/wp-content\/uploads\/2022\/06\/pressure-control-valve-300x225.png\" alt=\"\" width=\"300\" height=\"225\" srcset=\"https:\/\/zecovalve.com\/wp-content\/uploads\/2022\/06\/pressure-control-valve-300x225.png 300w, https:\/\/zecovalve.com\/wp-content\/uploads\/2022\/06\/pressure-control-valve.png 600w\" sizes=\"auto, (max-width: 300px) 100vw, 300px\" \/><\/div>\n<p>Bu vana su besleme borusuna veya su d\u00f6n\u00fc\u015f borusuna monte edilebilir. Genel olarak su d\u00f6n\u00fc\u015f borusuna, \u00f6zellikle de y\u00fcksek s\u0131cakl\u0131k d\u00f6ng\u00fcs\u00fcne tak\u0131lmas\u0131 tavsiye edilir. \u00d6zel kullan\u0131m i\u00e7in l\u00fctfen ZECO Vana Grubuna dan\u0131\u015f\u0131n.<\/p>\n<\/div>\n<div class=\"richtext\">\n<h2>Ak\u0131\u015f Dengeleme Vanas\u0131 Malzemesi ve Standard\u0131<\/h2>\n<p>Boyut Aral\u0131\u011f\u0131: 3\/4\u2033~2\u2033<\/p>\n<p>Bas\u0131n\u00e7 De\u011feri: 10bar ~ 16bar<\/p>\n<p>Y\u00fcz Y\u00fcze Boyutlar: EN 558-1, ASME B 16.10<\/p>\n<p>Flan\u015f Ucu Boyutu: BS 21<\/p>\n<p>Muayene ve Test: ISO 5208 \/ EN 12226-2<\/p>\n<p>&nbsp;<\/p>\n<div class=\"over-tabs\">\n<table width=\"1389\">\n<tbody>\n<tr class=\"firstRow\">\n<td>Par\u00e7a<\/td>\n<td>Malzeme<\/td>\n<td>Standart<\/td>\n<\/tr>\n<tr>\n<td>V\u00fccut<\/td>\n<td>CuZn39Pb1 \/ C37000<\/td>\n<td>EN12167\/ASTM B135<\/td>\n<\/tr>\n<tr>\n<td>Bone<\/td>\n<td>CuZn39Pb1 \/ C37000<\/td>\n<td>EN12167\/ASTM B135<\/td>\n<\/tr>\n<tr>\n<td>D\u00f6\u015feme<\/td>\n<td>CuZn39Pb1 \/ C37000<\/td>\n<td>EN12167\/ASTM B135<\/td>\n<\/tr>\n<tr>\n<td>\u00d6l\u00e7\u00fcm Portu<\/td>\n<td>CuZn39Pb1 \/ C37000<\/td>\n<td>EN12167\/ASTM B135<\/td>\n<\/tr>\n<tr>\n<td>O-Ring<\/td>\n<td>EPDM \/ NBR<\/td>\n<td>ISO 4633<\/td>\n<\/tr>\n<tr>\n<td>El \u00c7ark\u0131<\/td>\n<td>Naylon<\/td>\n<td>ISO 4633<\/td>\n<\/tr>\n<tr>\n<td colspan=\"3\">Listede yer almayan malzeme se\u00e7enekleri i\u00e7in fabrikaya dan\u0131\u015f\u0131n.<\/p>\n<p>ZECO 50'den fazla farkl\u0131 ala\u015f\u0131mdan vana \u00fcretmektedir.<\/td>\n<\/tr>\n<\/tbody>\n<\/table>\n<\/div>\n<table border=\"1\">\n<tbody>\n<tr>\n<td>NPS<\/td>\n<td>\u0130\u00e7inde<\/td>\n<td>3\/4<\/td>\n<td>1<\/td>\n<td>1 1\/4<\/td>\n<td>1 1\/2<\/td>\n<td>2<\/td>\n<\/tr>\n<tr>\n<td>A<\/td>\n<td>mm<\/td>\n<td>86.5<\/td>\n<td>105<\/td>\n<td>123.5<\/td>\n<td>125<\/td>\n<td>144<\/td>\n<\/tr>\n<tr>\n<td>H<\/td>\n<td>mm<\/td>\n<td>102<\/td>\n<td>105<\/td>\n<td>110<\/td>\n<td>120<\/td>\n<td>127<\/td>\n<\/tr>\n<tr>\n<td>G<\/td>\n<td>mm<\/td>\n<td>G3\/4<\/td>\n<td>G10<\/td>\n<td>G1 1\/4<\/td>\n<td>G1 1\/2<\/td>\n<td>G2<\/td>\n<\/tr>\n<tr>\n<td>GB<\/td>\n<td>mm<\/td>\n<td>32.5<\/td>\n<td>40.5<\/td>\n<td>49.5<\/td>\n<td>57<\/td>\n<td>69.5<\/td>\n<\/tr>\n<tr>\n<td>KVS<\/td>\n<td>m3\/saat<\/td>\n<td>5.77<\/td>\n<td>8.7<\/td>\n<td>14.2<\/td>\n<td>19.2<\/td>\n<td>33<\/td>\n<\/tr>\n<\/tbody>\n<\/table>\n<\/div>\n<\/div>\n<\/div>\n<\/div>\n<\/div>","protected":false},"excerpt":{"rendered":"<p>Ak\u0131\u015f Dengeleme Vanas\u0131 Ak\u0131\u015f Dengeleme Vanas\u0131n\u0131n \u00d6zellikleri \u0130yi s\u0131zd\u0131rmazl\u0131k, n\u00fcfuz etme yok, d\u00f6n\u00fc\u015f\u00fcn ayarlanmas\u0131 kolayd\u0131r; K\u00fc\u00e7\u00fck montaj alan\u0131, do\u011fru ve\u2026 <a title=\"Ak\u0131\u015f Dengeleme Vanas\u0131\" class=\"read-more\" href=\"https:\/\/zecovalve.com\/tr\/urun\/flow-balancing-valve\" aria-label=\"Ak\u0131\u015f Dengeleme Vanas\u0131 hakk\u0131nda daha fazla bilgi\">Daha fazla bilgi edinin<\/a><\/p>","protected":false},"featured_media":27957,"comment_status":"closed","ping_status":"closed","template":"","meta":{"_generate-full-width-content":"","kt_blocks_editor_width":""},"product_cat":[2512],"product_tag":[2724,2654],"class_list":["post-17063","product","type-product","status-publish","has-post-thumbnail","hentry","product_cat-balancing-valve","product_tag-balancing-valve","product_tag-hvac-valve","sales-flash-overlay","woocommerce-text-align-center","woocommerce-image-align-center","do-quantity-buttons"],"featured_image_src_large":["https:\/\/zecovalve.com\/wp-content\/uploads\/2022\/06\/Flow-Balancing-Valve.jpg",800,600,false],"author_info":[],"comment_info":0,"taxonomy_info":{"product_cat":[{"value":2512,"label":"Balancing Valve"}],"product_tag":[{"value":2724,"label":"Balancing Valve"},{"value":2654,"label":"HVAC Valve"}]},"yoast_head":"<!-- This site is optimized with the Yoast SEO Premium plugin v15.4 - https:\/\/yoast.com\/wordpress\/plugins\/seo\/ -->\n<title>Flow Balancing Valve - ZECO Valve<\/title>\n<meta name=\"robots\" content=\"index, follow, max-snippet:-1, max-image-preview:large, max-video-preview:-1\" \/>\n<link rel=\"canonical\" href=\"https:\/\/zecovalve.com\/tr\/urun\/flow-balancing-valve\" \/>\n<meta property=\"og:locale\" content=\"tr_TR\" \/>\n<meta property=\"og:type\" content=\"article\" \/>\n<meta property=\"og:title\" content=\"Flow Balancing Valve - ZECO Valve\" \/>\n<meta property=\"og:description\" content=\"Flow Balancing Valve Festures of Flow Balancing Valve Good sealing, no penetration, easy to adjust the rotation; Small mounting space, accurate and ... Read more\" \/>\n<meta property=\"og:url\" content=\"https:\/\/zecovalve.com\/tr\/urun\/flow-balancing-valve\" \/>\n<meta property=\"og:site_name\" content=\"ZECO Valve\" \/>\n<meta property=\"article:modified_time\" content=\"2023-06-26T06:02:55+00:00\" \/>\n<meta property=\"og:image\" content=\"https:\/\/zecovalve.com\/wp-content\/uploads\/2022\/06\/Flow-Balancing-Valve.jpg\" \/>\n\t<meta property=\"og:image:width\" content=\"800\" \/>\n\t<meta property=\"og:image:height\" content=\"600\" \/>\n<meta name=\"twitter:card\" content=\"summary_large_image\" \/>\n<meta name=\"twitter:label1\" content=\"Yazan:\">\n\t<meta name=\"twitter:data1\" content=\"Jerry\">\n\t<meta name=\"twitter:label2\" content=\"Tahmini okuma s\u00fcresi\">\n\t<meta name=\"twitter:data2\" content=\"1 dakika\">\n<script type=\"application\/ld+json\" class=\"yoast-schema-graph\">{\"@context\":\"https:\/\/schema.org\",\"@graph\":[{\"@type\":\"WebSite\",\"@id\":\"https:\/\/zecovalve.com\/#website\",\"url\":\"https:\/\/zecovalve.com\/\",\"name\":\"ZECO Valve\",\"description\":\"Industrial Ball Valve, Gate Valve and Globe Valve Manufacturer\",\"potentialAction\":[{\"@type\":\"SearchAction\",\"target\":\"https:\/\/zecovalve.com\/?s={search_term_string}\",\"query-input\":\"required name=search_term_string\"}],\"inLanguage\":\"tr\"},{\"@type\":\"ImageObject\",\"@id\":\"https:\/\/zecovalve.com\/product\/flow-balancing-valve#primaryimage\",\"inLanguage\":\"tr\",\"url\":\"https:\/\/zecovalve.com\/wp-content\/uploads\/2022\/06\/Flow-Balancing-Valve.jpg\",\"width\":800,\"height\":600,\"caption\":\"Flow Balancing Valve\"},{\"@type\":\"WebPage\",\"@id\":\"https:\/\/zecovalve.com\/product\/flow-balancing-valve#webpage\",\"url\":\"https:\/\/zecovalve.com\/product\/flow-balancing-valve\",\"name\":\"Flow Balancing Valve - ZECO Valve\",\"isPartOf\":{\"@id\":\"https:\/\/zecovalve.com\/#website\"},\"primaryImageOfPage\":{\"@id\":\"https:\/\/zecovalve.com\/product\/flow-balancing-valve#primaryimage\"},\"datePublished\":\"2022-06-26T08:20:43+00:00\",\"dateModified\":\"2023-06-26T06:02:55+00:00\",\"breadcrumb\":{\"@id\":\"https:\/\/zecovalve.com\/product\/flow-balancing-valve#breadcrumb\"},\"inLanguage\":\"tr\",\"potentialAction\":[{\"@type\":\"ReadAction\",\"target\":[\"https:\/\/zecovalve.com\/product\/flow-balancing-valve\"]}]},{\"@type\":\"BreadcrumbList\",\"@id\":\"https:\/\/zecovalve.com\/product\/flow-balancing-valve#breadcrumb\",\"itemListElement\":[{\"@type\":\"ListItem\",\"position\":1,\"item\":{\"@type\":\"WebPage\",\"@id\":\"https:\/\/zecovalve.com\/\",\"url\":\"https:\/\/zecovalve.com\/\",\"name\":\"Home\"}},{\"@type\":\"ListItem\",\"position\":2,\"item\":{\"@type\":\"WebPage\",\"@id\":\"https:\/\/zecovalve.com\/product-category\",\"url\":\"https:\/\/zecovalve.com\/product-category\",\"name\":\"Industrial Valve Manufacturer | Water Valve Manufacturer\"}},{\"@type\":\"ListItem\",\"position\":3,\"item\":{\"@type\":\"WebPage\",\"@id\":\"https:\/\/zecovalve.com\/product\/flow-balancing-valve\",\"url\":\"https:\/\/zecovalve.com\/product\/flow-balancing-valve\",\"name\":\"Flow Balancing Valve\"}}]}]}<\/script>\n<!-- \/ Yoast SEO Premium plugin. -->","_links":{"self":[{"href":"https:\/\/zecovalve.com\/tr\/wp-json\/wp\/v2\/product\/17063","targetHints":{"allow":["GET"]}}],"collection":[{"href":"https:\/\/zecovalve.com\/tr\/wp-json\/wp\/v2\/product"}],"about":[{"href":"https:\/\/zecovalve.com\/tr\/wp-json\/wp\/v2\/types\/product"}],"replies":[{"embeddable":true,"href":"https:\/\/zecovalve.com\/tr\/wp-json\/wp\/v2\/comments?post=17063"}],"wp:featuredmedia":[{"embeddable":true,"href":"https:\/\/zecovalve.com\/tr\/wp-json\/wp\/v2\/media\/27957"}],"wp:attachment":[{"href":"https:\/\/zecovalve.com\/tr\/wp-json\/wp\/v2\/media?parent=17063"}],"wp:term":[{"taxonomy":"product_cat","embeddable":true,"href":"https:\/\/zecovalve.com\/tr\/wp-json\/wp\/v2\/product_cat?post=17063"},{"taxonomy":"product_tag","embeddable":true,"href":"https:\/\/zecovalve.com\/tr\/wp-json\/wp\/v2\/product_tag?post=17063"}],"curies":[{"name":"wp","href":"https:\/\/api.w.org\/{rel}","templated":true}]}}