{"id":17071,"date":"2022-06-27T05:36:53","date_gmt":"2022-06-27T05:36:53","guid":{"rendered":"https:\/\/zecovalve.com\/?post_type=product&#038;p=17071"},"modified":"2023-06-26T05:29:52","modified_gmt":"2023-06-26T05:29:52","slug":"modulating-float-valve","status":"publish","type":"product","link":"https:\/\/zecovalve.com\/tr\/urun\/modulating-float-valve","title":{"rendered":"Mod\u00fclasyonlu \u015eamand\u0131ral\u0131 Vana"},"content":{"rendered":"<div class=\"sep-pages-boxs bgs clearfix\">\n<div class=\"sep-container clearfix\">\n<h1 class=\"titles sizes1 cens gtj-ff-bold\">Mod\u00fclasyonlu \u015eamand\u0131ral\u0131 Vana<\/h1>\n<div class=\"bq-sep-pro-detail-thumbs ons clearfix\">\n<div class=\"thumbs\">\n<div class=\"imgs ons\">\n<div class=\"swiper-container swiper-container-initialized swiper-container-horizontal\">\n<div class=\"swiper-wrapper\">\n<div class=\"swiper-slide swiper-slide-active\">\n<figure id=\"attachment_17069\" aria-describedby=\"caption-attachment-17069\" style=\"width: 290px\" class=\"wp-caption alignnone\"><img loading=\"lazy\" decoding=\"async\" class=\"size-medium wp-image-17069\" src=\"https:\/\/zecovalve.com\/wp-content\/uploads\/2022\/06\/modulating-float-valve-1-300x273.jpg\" alt=\"Mod\u00fclasyonlu \u015eamand\u0131ral\u0131 Vana\" width=\"300\" height=\"273\" srcset=\"https:\/\/zecovalve.com\/wp-content\/uploads\/2022\/06\/modulating-float-valve-1-300x273.jpg 300w, https:\/\/zecovalve.com\/wp-content\/uploads\/2022\/06\/modulating-float-valve-1.jpg 330w\" sizes=\"auto, (max-width: 300px) 100vw, 300px\" \/><figcaption id=\"caption-attachment-17069\" class=\"wp-caption-text\">Mod\u00fclasyonlu \u015eamand\u0131ral\u0131 Vana<\/figcaption><\/figure>\n<\/div>\n<\/div>\n<\/div>\n<div class=\"lr-lists-boxs\"><\/div>\n<\/div>\n<\/div>\n<\/div>\n<\/div>\n<\/div>\n<div class=\"sep-pages-boxs clearfix\">\n<div class=\"sep-container clearfix\">\n<div id=\"zf-nexts\" class=\"flex clearfix\">\n<div class=\"bq-zf-lefts\">\n<div class=\"richtext\">\n<h2>Mod\u00fclasyonlu \u015eamand\u0131ral\u0131 Vana \u00d6zellikleri<\/h2>\n<div class=\"text-center\"><img loading=\"lazy\" decoding=\"async\" class=\"alignnone size-medium wp-image-17053\" src=\"https:\/\/zecovalve.com\/wp-content\/uploads\/2022\/06\/surge-anticipating-valve-features-300x225.png\" alt=\"\" width=\"300\" height=\"225\" srcset=\"https:\/\/zecovalve.com\/wp-content\/uploads\/2022\/06\/surge-anticipating-valve-features-300x225.png 300w, https:\/\/zecovalve.com\/wp-content\/uploads\/2022\/06\/surge-anticipating-valve-features.png 600w\" sizes=\"auto, (max-width: 300px) 100vw, 300px\" \/><\/div>\n<ul class=\"list-paddingleft-2\">\n<li>\u0130stikrarl\u0131 ve g\u00fcvenilir i\u015f, geni\u015f ak\u0131\u015f;<\/li>\n<li>Disk h\u0131zl\u0131 a\u00e7\u0131l\u0131r ve yava\u015f kapan\u0131r, su darbesi etkisi yoktur;<\/li>\n<li>\u0130yi s\u0131zd\u0131rmazl\u0131k etkisi ve uzun servis \u00f6mr\u00fc;<\/li>\n<li>Su tank\u0131n\u0131n y\u00fcksekli\u011fi ve \u00e7al\u0131\u015fma alan\u0131 ile birlikte herhangi bir yere monte edin.<\/li>\n<\/ul>\n<\/div>\n<div class=\"richtext\">\n<h2>Mod\u00fclasyonlu Flat\u00f6rl\u00fc Vana \u00c7al\u0131\u015fma Prensibi<\/h2>\n<div class=\"text-center\"><img loading=\"lazy\" decoding=\"async\" class=\"alignnone size-medium wp-image-17072\" src=\"https:\/\/zecovalve.com\/wp-content\/uploads\/2022\/06\/modulating-float-valve-principle-300x225.jpg\" alt=\"\" width=\"300\" height=\"225\" srcset=\"https:\/\/zecovalve.com\/wp-content\/uploads\/2022\/06\/modulating-float-valve-principle-300x225.jpg 300w, https:\/\/zecovalve.com\/wp-content\/uploads\/2022\/06\/modulating-float-valve-principle.jpg 600w\" sizes=\"auto, (max-width: 300px) 100vw, 300px\" \/><\/div>\n<p>Boru giri\u015f ucundan su sa\u011flad\u0131\u011f\u0131nda, i\u011fne vana, k\u00fcresel vana ve \u015famand\u0131ral\u0131 k\u00fcresel vana normalde a\u00e7\u0131k oldu\u011fundan, su mikro filtre, i\u011fne vana, kontrol odas\u0131, k\u00fcresel vana ve \u015famand\u0131ral\u0131 k\u00fcresel vana yoluyla su tank\u0131na girer. Bu s\u0131rada kontrol odas\u0131nda bas\u0131n\u00e7 yoktur; su kulesinin su seviyesi ayarlanan y\u00fcksekli\u011fe y\u00fckseldi\u011finde, k\u00fcresel \u015famand\u0131ra k\u00fcresel \u015famand\u0131ra vanas\u0131n\u0131 kapat\u0131r, i\u00e7 mekan su bas\u0131nc\u0131 art\u0131\u015f\u0131n\u0131 kontrol eder, ana vanay\u0131 kapanmaya iter ve su beslemesini durdurur. Su seviyesi d\u00fc\u015ft\u00fc\u011f\u00fcnde, \u015famand\u0131ra valfi yeniden a\u00e7\u0131l\u0131r, kontrol odas\u0131ndaki su bas\u0131nc\u0131 d\u00fc\u015fer ve ana valf, s\u0131v\u0131 seviyesinin ayar y\u00fcksekli\u011fini koruyarak su beslemesine devam etmek i\u00e7in tekrar a\u00e7\u0131l\u0131r.<\/p>\n<\/div>\n<div class=\"richtext\">\n<h2>Mod\u00fclasyonlu Flat\u00f6rl\u00fc Vana Kurulumu ve Devreye Alma<\/h2>\n<div class=\"text-center\"><img loading=\"lazy\" decoding=\"async\" class=\"alignnone size-medium wp-image-17073\" src=\"https:\/\/zecovalve.com\/wp-content\/uploads\/2022\/06\/modulating-float-valve-installation-and-commissioning-300x225.jpg\" alt=\"\" width=\"300\" height=\"225\" srcset=\"https:\/\/zecovalve.com\/wp-content\/uploads\/2022\/06\/modulating-float-valve-installation-and-commissioning-300x225.jpg 300w, https:\/\/zecovalve.com\/wp-content\/uploads\/2022\/06\/modulating-float-valve-installation-and-commissioning.jpg 600w\" sizes=\"auto, (max-width: 300px) 100vw, 300px\" \/><\/div>\n<p>Uzaktan kumandal\u0131 k\u00fcresel \u015famand\u0131ral\u0131 vana i\u00e7in yatay montaj tercih edilir. Ana vana ve k\u00fcresel \u015famand\u0131ral\u0131 pilot vana bir b\u00fct\u00fcn olarak uzaktan monte edilebilir. Bu vana su sistemine monte edilir ve hata ay\u0131klamas\u0131 yap\u0131l\u0131r. Glob vana a\u00e7\u0131l\u0131r. Ana vana i\u011fne vanas\u0131 2 ila 4 tur a\u00e7\u0131l\u0131r. K\u00fcresel vana tamamen a\u00e7\u0131l\u0131r. \u00d6zel kullan\u0131m i\u00e7in l\u00fctfen Zeco Vana Grubu'na dan\u0131\u015f\u0131n.<\/p>\n<\/div>\n<div class=\"richtext\">\n<h2>Mod\u00fclasyonlu Flat\u00f6rl\u00fc Vana Malzemesi ve Standard\u0131<\/h2>\n<p>Boyut Aral\u0131\u011f\u0131: 2\u2033~24\u2033<br \/>\nBas\u0131n\u00e7 De\u011feri: 10bar ~ 25bar<\/p>\n<p>Y\u00fcz Y\u00fcze Boyutlar: AMSE B16.10, EN558-1<\/p>\n<p>Flan\u015f U\u00e7 \u00d6l\u00e7\u00fcs\u00fc: AMSE B16.1\/16.42, AS4087, EN1092-2<\/p>\n<p>Kaplama: F\u00fczyon Ba\u011flant\u0131l\u0131 Epoksi Kaplama<\/p>\n<p>Muayene ve Test: ISO 5208 \/ EN 12226-2<\/p>\n<div class=\"over-tabs\">\n<table cellspacing=\"0\">\n<tbody>\n<tr class=\"firstRow\">\n<td valign=\"center\">Par\u00e7a<\/td>\n<td valign=\"center\">Malzeme<\/td>\n<td valign=\"center\">Standart<\/td>\n<\/tr>\n<tr>\n<td valign=\"center\">V\u00fccut<\/td>\n<td valign=\"center\">Sfero D\u00f6k\u00fcm<\/td>\n<td valign=\"center\">EN 1563\/DIN 1693<\/td>\n<\/tr>\n<tr>\n<td valign=\"center\">Bone<\/td>\n<td valign=\"center\">Sfero D\u00f6k\u00fcm<\/td>\n<td valign=\"center\">EN 1563\/DIN 1693<\/td>\n<\/tr>\n<tr>\n<td valign=\"center\">D\u00f6\u015feme<\/td>\n<td valign=\"center\">Paslanmaz \u00c7elik 304<\/td>\n<td valign=\"center\">EN10088-1\/ASTM A959<\/td>\n<\/tr>\n<tr>\n<td valign=\"center\">Koltuk<\/td>\n<td valign=\"center\">Paslanmaz \u00c7elik 304<\/td>\n<td valign=\"center\">EN10088-1\/ASTM A959<\/td>\n<\/tr>\n<tr>\n<td valign=\"center\">Diyafram<\/td>\n<td valign=\"center\">EPDM \/ NBR<\/td>\n<td valign=\"center\">ISO 4633<\/td>\n<\/tr>\n<tr>\n<td valign=\"center\">Pilot Valf<\/td>\n<td valign=\"center\">Paslanmaz \u00c7elik 304<\/td>\n<td valign=\"center\">EN10088-1\/ASTM A959<\/td>\n<\/tr>\n<tr>\n<td colspan=\"3\" valign=\"center\">Listede yer almayan malzeme se\u00e7enekleri i\u00e7in fabrikaya dan\u0131\u015f\u0131n.<\/p>\n<p>Zeco, 50'den fazla farkl\u0131 ala\u015f\u0131mdan valf \u00fcretmektedir.<\/td>\n<\/tr>\n<\/tbody>\n<\/table>\n<\/div>\n<\/div>\n<\/div>\n<\/div>\n<\/div>\n<\/div>","protected":false},"excerpt":{"rendered":"<p>Mod\u00fclasyonlu \u015eamand\u0131ra Valf\u0131 Mod\u00fclasyonlu \u015eamand\u0131ra Valf\u0131n\u0131n \u00d6zellikleri Kararl\u0131 ve g\u00fcvenilir \u00e7al\u0131\u015fma, b\u00fcy\u00fck ak\u0131\u015f; Disk h\u0131zl\u0131 a\u00e7\u0131l\u0131r ve yava\u015f kapan\u0131r, su yok\u2026 <a title=\"Mod\u00fclasyonlu \u015eamand\u0131ral\u0131 Vana\" class=\"read-more\" href=\"https:\/\/zecovalve.com\/tr\/urun\/modulating-float-valve\" aria-label=\"Mod\u00fclasyonlu \u015eamand\u0131ral\u0131 Vana hakk\u0131nda daha fazla bilgi\">Daha fazla bilgi edinin<\/a><\/p>","protected":false},"featured_media":27946,"comment_status":"closed","ping_status":"closed","template":"","meta":{"_generate-full-width-content":"","kt_blocks_editor_width":""},"product_cat":[2526],"product_tag":[],"class_list":["post-17071","product","type-product","status-publish","has-post-thumbnail","hentry","product_cat-water-control-valve","sales-flash-overlay","woocommerce-text-align-center","woocommerce-image-align-center","do-quantity-buttons"],"featured_image_src_large":["https:\/\/zecovalve.com\/wp-content\/uploads\/2022\/06\/Modulating-Float-Valve-2.jpg",800,600,false],"author_info":[],"comment_info":0,"taxonomy_info":{"product_cat":[{"value":2526,"label":"Water Control Valve"}]},"yoast_head":"<!-- This site is optimized with the Yoast SEO Premium plugin v15.4 - https:\/\/yoast.com\/wordpress\/plugins\/seo\/ -->\n<title>Modulating Float Valve - ZECO Valve<\/title>\n<meta name=\"robots\" content=\"index, follow, max-snippet:-1, max-image-preview:large, max-video-preview:-1\" \/>\n<link rel=\"canonical\" href=\"https:\/\/zecovalve.com\/tr\/urun\/modulating-float-valve\" \/>\n<meta property=\"og:locale\" content=\"tr_TR\" \/>\n<meta property=\"og:type\" content=\"article\" \/>\n<meta property=\"og:title\" content=\"Modulating Float Valve - ZECO Valve\" \/>\n<meta property=\"og:description\" content=\"Modulating Float Valve Features of Modulating Float Valve Stable and reliable work, large flow; Disc fast open and slow closed, no water ... Read more\" \/>\n<meta property=\"og:url\" content=\"https:\/\/zecovalve.com\/tr\/urun\/modulating-float-valve\" \/>\n<meta property=\"og:site_name\" content=\"ZECO Valve\" \/>\n<meta property=\"article:modified_time\" content=\"2023-06-26T05:29:52+00:00\" \/>\n<meta property=\"og:image\" content=\"https:\/\/zecovalve.com\/wp-content\/uploads\/2022\/06\/Modulating-Float-Valve-2.jpg\" \/>\n\t<meta property=\"og:image:width\" content=\"800\" \/>\n\t<meta property=\"og:image:height\" content=\"600\" \/>\n<meta name=\"twitter:card\" content=\"summary_large_image\" \/>\n<meta name=\"twitter:label1\" content=\"Yazan:\">\n\t<meta name=\"twitter:data1\" content=\"Jerry\">\n\t<meta name=\"twitter:label2\" content=\"Tahmini okuma s\u00fcresi\">\n\t<meta name=\"twitter:data2\" content=\"1 dakika\">\n<script type=\"application\/ld+json\" class=\"yoast-schema-graph\">{\"@context\":\"https:\/\/schema.org\",\"@graph\":[{\"@type\":\"WebSite\",\"@id\":\"https:\/\/zecovalve.com\/#website\",\"url\":\"https:\/\/zecovalve.com\/\",\"name\":\"ZECO Valve\",\"description\":\"Industrial Ball Valve, Gate Valve and Globe Valve Manufacturer\",\"potentialAction\":[{\"@type\":\"SearchAction\",\"target\":\"https:\/\/zecovalve.com\/?s={search_term_string}\",\"query-input\":\"required name=search_term_string\"}],\"inLanguage\":\"tr\"},{\"@type\":\"ImageObject\",\"@id\":\"https:\/\/zecovalve.com\/product\/modulating-float-valve#primaryimage\",\"inLanguage\":\"tr\",\"url\":\"https:\/\/zecovalve.com\/wp-content\/uploads\/2022\/06\/Modulating-Float-Valve-2.jpg\",\"width\":800,\"height\":600,\"caption\":\"Modulating Float Valve\"},{\"@type\":\"WebPage\",\"@id\":\"https:\/\/zecovalve.com\/product\/modulating-float-valve#webpage\",\"url\":\"https:\/\/zecovalve.com\/product\/modulating-float-valve\",\"name\":\"Modulating Float Valve - ZECO Valve\",\"isPartOf\":{\"@id\":\"https:\/\/zecovalve.com\/#website\"},\"primaryImageOfPage\":{\"@id\":\"https:\/\/zecovalve.com\/product\/modulating-float-valve#primaryimage\"},\"datePublished\":\"2022-06-27T05:36:53+00:00\",\"dateModified\":\"2023-06-26T05:29:52+00:00\",\"breadcrumb\":{\"@id\":\"https:\/\/zecovalve.com\/product\/modulating-float-valve#breadcrumb\"},\"inLanguage\":\"tr\",\"potentialAction\":[{\"@type\":\"ReadAction\",\"target\":[\"https:\/\/zecovalve.com\/product\/modulating-float-valve\"]}]},{\"@type\":\"BreadcrumbList\",\"@id\":\"https:\/\/zecovalve.com\/product\/modulating-float-valve#breadcrumb\",\"itemListElement\":[{\"@type\":\"ListItem\",\"position\":1,\"item\":{\"@type\":\"WebPage\",\"@id\":\"https:\/\/zecovalve.com\/\",\"url\":\"https:\/\/zecovalve.com\/\",\"name\":\"Home\"}},{\"@type\":\"ListItem\",\"position\":2,\"item\":{\"@type\":\"WebPage\",\"@id\":\"https:\/\/zecovalve.com\/product-category\",\"url\":\"https:\/\/zecovalve.com\/product-category\",\"name\":\"Industrial Valve Manufacturer | Water Valve Manufacturer\"}},{\"@type\":\"ListItem\",\"position\":3,\"item\":{\"@type\":\"WebPage\",\"@id\":\"https:\/\/zecovalve.com\/product\/modulating-float-valve\",\"url\":\"https:\/\/zecovalve.com\/product\/modulating-float-valve\",\"name\":\"Modulating Float Valve\"}}]}]}<\/script>\n<!-- \/ Yoast SEO Premium plugin. -->","_links":{"self":[{"href":"https:\/\/zecovalve.com\/tr\/wp-json\/wp\/v2\/product\/17071","targetHints":{"allow":["GET"]}}],"collection":[{"href":"https:\/\/zecovalve.com\/tr\/wp-json\/wp\/v2\/product"}],"about":[{"href":"https:\/\/zecovalve.com\/tr\/wp-json\/wp\/v2\/types\/product"}],"replies":[{"embeddable":true,"href":"https:\/\/zecovalve.com\/tr\/wp-json\/wp\/v2\/comments?post=17071"}],"wp:featuredmedia":[{"embeddable":true,"href":"https:\/\/zecovalve.com\/tr\/wp-json\/wp\/v2\/media\/27946"}],"wp:attachment":[{"href":"https:\/\/zecovalve.com\/tr\/wp-json\/wp\/v2\/media?parent=17071"}],"wp:term":[{"taxonomy":"product_cat","embeddable":true,"href":"https:\/\/zecovalve.com\/tr\/wp-json\/wp\/v2\/product_cat?post=17071"},{"taxonomy":"product_tag","embeddable":true,"href":"https:\/\/zecovalve.com\/tr\/wp-json\/wp\/v2\/product_tag?post=17071"}],"curies":[{"name":"wp","href":"https:\/\/api.w.org\/{rel}","templated":true}]}}