{"id":17081,"date":"2022-06-27T05:52:25","date_gmt":"2022-06-27T05:52:25","guid":{"rendered":"https:\/\/zecovalve.com\/?post_type=product&#038;p=17081"},"modified":"2023-06-26T06:44:53","modified_gmt":"2023-06-26T06:44:53","slug":"combination-air-valve","status":"publish","type":"product","link":"https:\/\/zecovalve.com\/tr\/urun\/combination-air-valve","title":{"rendered":"Kombinasyon Hava Valfi"},"content":{"rendered":"<div class=\"sep-pages-boxs bgs clearfix\">\n<div class=\"sep-container clearfix\">\n<h1 class=\"titles sizes1 cens gtj-ff-bold\">Kombinasyon Hava Valfi<\/h1>\n<div class=\"bq-sep-pro-detail-thumbs ons clearfix\">\n<div class=\"thumbs\">\n<div class=\"imgs ons\">\n<div class=\"swiper-container swiper-container-initialized swiper-container-horizontal\">\n<div class=\"swiper-wrapper\">\n<div class=\"swiper-slide swiper-slide-active\">\n<figure id=\"attachment_16966\" aria-describedby=\"caption-attachment-16966\" style=\"width: 290px\" class=\"wp-caption alignnone\"><img loading=\"lazy\" decoding=\"async\" class=\"size-medium wp-image-16966\" src=\"https:\/\/zecovalve.com\/wp-content\/uploads\/2022\/06\/combination-air-valve-300x273.jpg\" alt=\"Kombinasyon Hava Valfi\" width=\"300\" height=\"273\" srcset=\"https:\/\/zecovalve.com\/wp-content\/uploads\/2022\/06\/combination-air-valve-300x273.jpg 300w, https:\/\/zecovalve.com\/wp-content\/uploads\/2022\/06\/combination-air-valve.jpg 330w\" sizes=\"auto, (max-width: 300px) 100vw, 300px\" \/><figcaption id=\"caption-attachment-16966\" class=\"wp-caption-text\">Kombinasyon <a href=\"https:\/\/zecovalve.com\/tr\/what-is-an-air-valve-air-valve-types-air-release-valve.html\/\" data-internallinksmanager029f6b8e52c=\"1\" title=\"Hava Valfi\" target=\"_blank\" rel=\"noopener\">Hava Valfi<\/a><\/figcaption><\/figure>\n<\/div>\n<\/div>\n<\/div>\n<div class=\"lr-lists-boxs\"><\/div>\n<\/div>\n<\/div>\n<\/div>\n<\/div>\n<\/div>\n<div class=\"sep-pages-boxs clearfix\">\n<div class=\"sep-container clearfix\">\n<div id=\"zf-nexts\" class=\"flex clearfix\">\n<div class=\"bq-zf-lefts\">\n<div class=\"richtext\">\n<h2>Kombinasyon Hava Valfinin Festures<\/h2>\n<div class=\"text-center\">\u00a0\u00a0<img loading=\"lazy\" decoding=\"async\" class=\"alignnone size-medium wp-image-17084\" src=\"https:\/\/zecovalve.com\/wp-content\/uploads\/2022\/06\/single-body-combination-air-valve-features-300x225.png\" alt=\"\" width=\"300\" height=\"225\" srcset=\"https:\/\/zecovalve.com\/wp-content\/uploads\/2022\/06\/single-body-combination-air-valve-features-300x225.png 300w, https:\/\/zecovalve.com\/wp-content\/uploads\/2022\/06\/single-body-combination-air-valve-features.png 600w\" sizes=\"auto, (max-width: 300px) 100vw, 300px\" \/><\/div>\n<ul class=\"list-paddingleft-2\">\n<li>Negatif bas\u0131n\u00e7ta emme;<\/li>\n<li>H\u0131zl\u0131 egzoz;<\/li>\n<li>Sadece egzoz tahliye olmuyor;<\/li>\n<li>Hafif egzoz ve b\u00fcy\u00fck.<\/li>\n<\/ul>\n<\/div>\n<div class=\"richtext\">\n<h2>Kombinasyon Hava Valfi \u00c7al\u0131\u015fma Prensibi<\/h2>\n<div class=\"text-center\"><img loading=\"lazy\" decoding=\"async\" class=\"alignnone size-medium wp-image-17082\" src=\"https:\/\/zecovalve.com\/wp-content\/uploads\/2022\/06\/combination-air-valve-principle-300x250.png\" alt=\"\" width=\"300\" height=\"250\" srcset=\"https:\/\/zecovalve.com\/wp-content\/uploads\/2022\/06\/combination-air-valve-principle-300x250.png 300w, https:\/\/zecovalve.com\/wp-content\/uploads\/2022\/06\/combination-air-valve-principle.png 600w\" sizes=\"auto, (max-width: 300px) 100vw, 300px\" \/><\/div>\n<p>T\u00fcp su enjeksiyonuna ba\u015flad\u0131\u011f\u0131nda, disk a\u00e7\u0131k konumda, \u00e7ok say\u0131da egzoz, hava hatt\u0131 yukar\u0131 do\u011fru oldu\u011funda, valf i\u00e7indeki su dolu, y\u00fczen top yukar\u0131 do\u011fru ve valfi kapal\u0131 olarak hareket ettirin, su t\u00fcp\u00fc oldu\u011funda egzozu durdurun normal ta\u015f\u0131mad\u0131r, e\u011fer vana i\u00e7erisinde bir dereceye kadar az miktarda hava varsa, vana i\u00e7indeki su seviyesi d\u00fc\u015f\u00fcyor, y\u00fczen top d\u00fc\u015f\u00fcyor, hava deliklerden d\u0131\u015far\u0131 at\u0131l\u0131yor. Pompa durdu\u011funda borudaki su ak\u0131\u015f\u0131 bo\u015ftur veya boruda negatif bas\u0131n\u00e7 olu\u015fur. Bu s\u0131rada tapa h\u0131zl\u0131 bir \u015fekilde a\u00e7\u0131l\u0131r ve borunun g\u00fcvenli\u011finin sa\u011flanmas\u0131 i\u00e7in hava solunur.<\/p>\n<\/div>\n<div class=\"richtext\">\n<h2>Kombinasyon Hava Valfi Montaj\u0131 ve Devreye Al\u0131nmas\u0131<\/h2>\n<div class=\"text-center\"><img loading=\"lazy\" decoding=\"async\" class=\"alignnone size-medium wp-image-17083\" src=\"https:\/\/zecovalve.com\/wp-content\/uploads\/2022\/06\/combination-air-valve-typical-applications-300x250.png\" alt=\"\" width=\"300\" height=\"250\" srcset=\"https:\/\/zecovalve.com\/wp-content\/uploads\/2022\/06\/combination-air-valve-typical-applications-300x250.png 300w, https:\/\/zecovalve.com\/wp-content\/uploads\/2022\/06\/combination-air-valve-typical-applications.png 600w\" sizes=\"auto, (max-width: 300px) 100vw, 300px\" \/><\/div>\n<p>Bu vana genellikle sistemin en y\u00fcksek noktas\u0131na monte edilir, \u00f6rne\u011fin vana g\u00f6vdesi \u00fczerindeki kaputun s\u0131k\u0131lmas\u0131,\u00a0<a href=\"https:\/\/zecovalve.com\/tr\/what-is-an-air-valve-air-valve-types-air-release-valve.html\/\" data-internallinksmanager029f6b8e52c=\"1\" title=\"Hava Valfi\" target=\"_blank\" rel=\"noopener\">hava vanas\u0131<\/a>\u00a0Egzozu durdurursa normalde kaputun a\u00e7\u0131k olmas\u0131 gerekir.\u00a0<a href=\"https:\/\/zecovalve.com\/tr\/what-is-an-air-valve-air-valve-types-air-release-valve.html\/\" data-internallinksmanager029f6b8e52c=\"1\" title=\"Hava Valfi\" target=\"_blank\" rel=\"noopener\">Hava vanas\u0131<\/a>\u00a0Ayr\u0131ca blok valf ile de kullan\u0131labilir, egzoz valfi bak\u0131m\u0131 kolayd\u0131r. \u00d6zel kullan\u0131m i\u00e7in l\u00fctfen ZECO Vana Grubuna dan\u0131\u015f\u0131n.<\/p>\n<\/div>\n<div class=\"richtext\">\n<h2>Kombinasyon Hava Valfi Malzemesi ve Standard\u0131<\/h2>\n<p>Boyut Aral\u0131\u011f\u0131: 2\u2033~8\u2033<\/p>\n<p>Bas\u0131n\u00e7 De\u011feri: 10bar ~ 25bar<\/p>\n<p>Y\u00fcz Y\u00fcze Boyutlar: AMSE B16.10, EN558-1<\/p>\n<p>Flan\u015f U\u00e7 \u00d6l\u00e7\u00fcs\u00fc: AMSE B16.1\/16.42, AS4087, EN1092-2<\/p>\n<p>Kaplama: F\u00fczyon Ba\u011flant\u0131l\u0131 Epoksi Kaplama<\/p>\n<p>Muayene ve Test: ISO 5208 \/ EN 12226-2<\/p>\n<div class=\"over-tabs\">\n<table width=\"1389\">\n<tbody>\n<tr class=\"firstRow\">\n<td>Par\u00e7a<\/td>\n<td>Malzeme<\/td>\n<td>Standart<\/td>\n<\/tr>\n<tr>\n<td>V\u00fccut<\/td>\n<td>Sfero D\u00f6k\u00fcm<\/td>\n<td>EN 1563\/DIN 1693<\/td>\n<\/tr>\n<tr>\n<td>Bone<\/td>\n<td>Sfero D\u00f6k\u00fcm<\/td>\n<td>EN 1563\/DIN 1693<\/td>\n<\/tr>\n<tr>\n<td>Egzoz Davlumbaz\u0131<\/td>\n<td>Sfero D\u00f6k\u00fcm<\/td>\n<td>EN 1563\/DIN 1693<\/td>\n<\/tr>\n<tr>\n<td>\u015eamand\u0131ra Topu<\/td>\n<td>Paslanmaz \u00c7elik 431<\/td>\n<td>EN10088-1\/ASTM A959<\/td>\n<\/tr>\n<tr>\n<td>S\u00fczge\u00e7<\/td>\n<td>Paslanmaz \u00c7elik 431<\/td>\n<td>EN10088-1\/ASTM A959<\/td>\n<\/tr>\n<tr>\n<td>M\u00fch\u00fcr<\/td>\n<td>EPDM \/ NBR<\/td>\n<td>ISO 4633<\/td>\n<\/tr>\n<tr>\n<td colspan=\"3\">Listede yer almayan malzeme se\u00e7enekleri i\u00e7in fabrikaya dan\u0131\u015f\u0131n.<\/p>\n<p>ZECO 50'den fazla farkl\u0131 ala\u015f\u0131mdan vana \u00fcretmektedir.<\/td>\n<\/tr>\n<\/tbody>\n<\/table>\n<\/div>\n<\/div>\n<\/div>\n<\/div>\n<\/div>\n<\/div>","protected":false},"excerpt":{"rendered":"<p>Negatif bas\u0131n\u00e7ta Kombinasyon Hava Valfi Emme Kombinasyon Hava Valfi Festures; H\u0131zl\u0131 egzoz; Yaln\u0131zca egzoz tahliye etmez; Hafif egzoz ve b\u00fcy\u00fck. \u2026 <a title=\"Kombinasyon Hava Valfi\" class=\"read-more\" href=\"https:\/\/zecovalve.com\/tr\/urun\/combination-air-valve\" aria-label=\"Kombinasyon Hava Valfi hakk\u0131nda daha fazlas\u0131\">Daha fazla bilgi edinin<\/a><\/p>","protected":false},"featured_media":27969,"comment_status":"closed","ping_status":"closed","template":"","meta":{"_generate-full-width-content":"","kt_blocks_editor_width":""},"product_cat":[2520],"product_tag":[2796,2765],"class_list":["post-17081","product","type-product","status-publish","has-post-thumbnail","hentry","product_cat-air-valve","product_tag-air-vent-valve","product_tag-vent-valve","sales-flash-overlay","woocommerce-text-align-center","woocommerce-image-align-center","do-quantity-buttons"],"featured_image_src_large":["https:\/\/zecovalve.com\/wp-content\/uploads\/2022\/06\/Combination-Air-Valve-1.jpg",800,600,false],"author_info":[],"comment_info":0,"taxonomy_info":{"product_cat":[{"value":2520,"label":"Air Valve Manufacturer and Supplier"}],"product_tag":[{"value":2796,"label":"Air Vent Valve"},{"value":2765,"label":"Vent Valve"}]},"yoast_head":"<!-- This site is optimized with the Yoast SEO Premium plugin v15.4 - https:\/\/yoast.com\/wordpress\/plugins\/seo\/ -->\n<title>Combination Air Valve - ZECO Valve<\/title>\n<meta name=\"robots\" content=\"index, follow, max-snippet:-1, max-image-preview:large, max-video-preview:-1\" \/>\n<link rel=\"canonical\" href=\"https:\/\/zecovalve.com\/tr\/urun\/combination-air-valve\" \/>\n<meta property=\"og:locale\" content=\"tr_TR\" \/>\n<meta property=\"og:type\" content=\"article\" \/>\n<meta property=\"og:title\" content=\"Combination Air Valve - ZECO Valve\" \/>\n<meta property=\"og:description\" content=\"Combination Air Valve Festures of Combination Air Valve \u00a0\u00a0 Suction at negative pressure\uff1b Fast exhaust\uff1b Exhaust only does not drain\uff1b Slight\u00a0exhaust\u00a0and large. ... Read more\" \/>\n<meta property=\"og:url\" content=\"https:\/\/zecovalve.com\/tr\/urun\/combination-air-valve\" \/>\n<meta property=\"og:site_name\" content=\"ZECO Valve\" \/>\n<meta property=\"article:modified_time\" content=\"2023-06-26T06:44:53+00:00\" \/>\n<meta property=\"og:image\" content=\"https:\/\/zecovalve.com\/wp-content\/uploads\/2022\/06\/Combination-Air-Valve-1.jpg\" \/>\n\t<meta property=\"og:image:width\" content=\"800\" \/>\n\t<meta property=\"og:image:height\" content=\"600\" \/>\n<meta name=\"twitter:card\" content=\"summary_large_image\" \/>\n<meta name=\"twitter:label1\" content=\"Yazan:\">\n\t<meta name=\"twitter:data1\" content=\"Jerry\">\n\t<meta name=\"twitter:label2\" content=\"Tahmini okuma s\u00fcresi\">\n\t<meta name=\"twitter:data2\" content=\"1 dakika\">\n<script type=\"application\/ld+json\" class=\"yoast-schema-graph\">{\"@context\":\"https:\/\/schema.org\",\"@graph\":[{\"@type\":\"WebSite\",\"@id\":\"https:\/\/zecovalve.com\/#website\",\"url\":\"https:\/\/zecovalve.com\/\",\"name\":\"ZECO Valve\",\"description\":\"Industrial Ball Valve, Gate Valve and Globe Valve Manufacturer\",\"potentialAction\":[{\"@type\":\"SearchAction\",\"target\":\"https:\/\/zecovalve.com\/?s={search_term_string}\",\"query-input\":\"required name=search_term_string\"}],\"inLanguage\":\"tr\"},{\"@type\":\"ImageObject\",\"@id\":\"https:\/\/zecovalve.com\/product\/combination-air-valve#primaryimage\",\"inLanguage\":\"tr\",\"url\":\"https:\/\/zecovalve.com\/wp-content\/uploads\/2022\/06\/Combination-Air-Valve-1.jpg\",\"width\":800,\"height\":600,\"caption\":\"Combination Air Valve\"},{\"@type\":\"WebPage\",\"@id\":\"https:\/\/zecovalve.com\/product\/combination-air-valve#webpage\",\"url\":\"https:\/\/zecovalve.com\/product\/combination-air-valve\",\"name\":\"Combination Air Valve - ZECO Valve\",\"isPartOf\":{\"@id\":\"https:\/\/zecovalve.com\/#website\"},\"primaryImageOfPage\":{\"@id\":\"https:\/\/zecovalve.com\/product\/combination-air-valve#primaryimage\"},\"datePublished\":\"2022-06-27T05:52:25+00:00\",\"dateModified\":\"2023-06-26T06:44:53+00:00\",\"breadcrumb\":{\"@id\":\"https:\/\/zecovalve.com\/product\/combination-air-valve#breadcrumb\"},\"inLanguage\":\"tr\",\"potentialAction\":[{\"@type\":\"ReadAction\",\"target\":[\"https:\/\/zecovalve.com\/product\/combination-air-valve\"]}]},{\"@type\":\"BreadcrumbList\",\"@id\":\"https:\/\/zecovalve.com\/product\/combination-air-valve#breadcrumb\",\"itemListElement\":[{\"@type\":\"ListItem\",\"position\":1,\"item\":{\"@type\":\"WebPage\",\"@id\":\"https:\/\/zecovalve.com\/\",\"url\":\"https:\/\/zecovalve.com\/\",\"name\":\"Home\"}},{\"@type\":\"ListItem\",\"position\":2,\"item\":{\"@type\":\"WebPage\",\"@id\":\"https:\/\/zecovalve.com\/product-category\",\"url\":\"https:\/\/zecovalve.com\/product-category\",\"name\":\"Industrial Valve Manufacturer | Water Valve Manufacturer\"}},{\"@type\":\"ListItem\",\"position\":3,\"item\":{\"@type\":\"WebPage\",\"@id\":\"https:\/\/zecovalve.com\/product\/combination-air-valve\",\"url\":\"https:\/\/zecovalve.com\/product\/combination-air-valve\",\"name\":\"Combination Air Valve\"}}]}]}<\/script>\n<!-- \/ Yoast SEO Premium plugin. -->","_links":{"self":[{"href":"https:\/\/zecovalve.com\/tr\/wp-json\/wp\/v2\/product\/17081","targetHints":{"allow":["GET"]}}],"collection":[{"href":"https:\/\/zecovalve.com\/tr\/wp-json\/wp\/v2\/product"}],"about":[{"href":"https:\/\/zecovalve.com\/tr\/wp-json\/wp\/v2\/types\/product"}],"replies":[{"embeddable":true,"href":"https:\/\/zecovalve.com\/tr\/wp-json\/wp\/v2\/comments?post=17081"}],"wp:featuredmedia":[{"embeddable":true,"href":"https:\/\/zecovalve.com\/tr\/wp-json\/wp\/v2\/media\/27969"}],"wp:attachment":[{"href":"https:\/\/zecovalve.com\/tr\/wp-json\/wp\/v2\/media?parent=17081"}],"wp:term":[{"taxonomy":"product_cat","embeddable":true,"href":"https:\/\/zecovalve.com\/tr\/wp-json\/wp\/v2\/product_cat?post=17081"},{"taxonomy":"product_tag","embeddable":true,"href":"https:\/\/zecovalve.com\/tr\/wp-json\/wp\/v2\/product_tag?post=17081"}],"curies":[{"name":"wp","href":"https:\/\/api.w.org\/{rel}","templated":true}]}}