{"id":17121,"date":"2022-06-27T06:51:32","date_gmt":"2022-06-27T06:51:32","guid":{"rendered":"https:\/\/zecovalve.com\/?post_type=product&#038;p=17121"},"modified":"2023-06-26T06:45:53","modified_gmt":"2023-06-26T06:45:53","slug":"double-orifice-air-release-valve","status":"publish","type":"product","link":"https:\/\/zecovalve.com\/tr\/urun\/double-orifice-air-release-valve","title":{"rendered":"\u00c7ift Orifisli Hava Tahliye Vanas\u0131"},"content":{"rendered":"<div class=\"sep-pages-boxs bgs clearfix\">\n<div class=\"sep-container clearfix\">\n<h1 class=\"titles sizes1 cens gtj-ff-bold\">\u00c7ift Orifisli Hava Tahliye Vanas\u0131<\/h1>\n<div class=\"bq-sep-pro-detail-thumbs ons clearfix\">\n<div class=\"thumbs\">\n<div class=\"imgs ons\">\n<div class=\"swiper-container swiper-container-initialized swiper-container-horizontal\">\n<div class=\"swiper-wrapper\">\n<div class=\"swiper-slide swiper-slide-active\">\n<figure id=\"attachment_16967\" aria-describedby=\"caption-attachment-16967\" style=\"width: 290px\" class=\"wp-caption alignnone\"><img loading=\"lazy\" decoding=\"async\" class=\"size-medium wp-image-16967\" src=\"https:\/\/zecovalve.com\/wp-content\/uploads\/2022\/06\/double-orifice-air-release-valve-300x273.jpg\" alt=\"\u00c7ift Orifisli Hava Tahliye Vanas\u0131\" width=\"300\" height=\"273\" srcset=\"https:\/\/zecovalve.com\/wp-content\/uploads\/2022\/06\/double-orifice-air-release-valve-300x273.jpg 300w, https:\/\/zecovalve.com\/wp-content\/uploads\/2022\/06\/double-orifice-air-release-valve.jpg 330w\" sizes=\"auto, (max-width: 300px) 100vw, 300px\" \/><figcaption id=\"caption-attachment-16967\" class=\"wp-caption-text\">\u00c7ift Orifisli Hava Tahliye Vanas\u0131<\/figcaption><\/figure>\n<\/div>\n<\/div>\n<\/div>\n<div class=\"lr-lists-boxs\"><\/div>\n<\/div>\n<\/div>\n<\/div>\n<\/div>\n<\/div>\n<div class=\"sep-pages-boxs clearfix\">\n<div class=\"sep-container clearfix\">\n<div id=\"zf-nexts\" class=\"flex clearfix\">\n<div class=\"bq-zf-lefts\">\n<div class=\"richtext\">\n<h2>\u00c7ift Orifisli Hava Tahliye Valfinin Fest\u00fcrleri<\/h2>\n<div class=\"text-center\"><img loading=\"lazy\" decoding=\"async\" class=\"alignnone size-medium wp-image-17122\" src=\"https:\/\/zecovalve.com\/wp-content\/uploads\/2022\/06\/double-orifice-air-release-valve-features-300x225.png\" alt=\"\" width=\"300\" height=\"225\" srcset=\"https:\/\/zecovalve.com\/wp-content\/uploads\/2022\/06\/double-orifice-air-release-valve-features-300x225.png 300w, https:\/\/zecovalve.com\/wp-content\/uploads\/2022\/06\/double-orifice-air-release-valve-features.png 600w\" sizes=\"auto, (max-width: 300px) 100vw, 300px\" \/><\/div>\n<ul class=\"list-paddingleft-2\">\n<li>G\u00f6vde, \u015famand\u0131ray\u0131 korumak i\u00e7in darbeye dayan\u0131kl\u0131 bir i\u00e7 boru ile donat\u0131lm\u0131\u015ft\u0131r;<\/li>\n<li>Drenaj\u0131 \u00f6nlemek i\u00e7in d\u00fc\u015f\u00fck su bas\u0131nc\u0131 kapat\u0131labilir;<\/li>\n<li>Negatif bas\u0131n\u00e7 oldu\u011funda piston nefes almak i\u00e7in h\u0131zla a\u00e7\u0131l\u0131r;<\/li>\n<li>Paslanmaz \u00e7elik y\u00fczen top, uzun \u00f6m\u00fcrl\u00fc.<\/li>\n<\/ul>\n<\/div>\n<div class=\"richtext\">\n<h2>\u00c7ift Orifisli Hava Tahliye Valfi \u00c7al\u0131\u015fma Prensibi<\/h2>\n<div class=\"text-center\"><img loading=\"lazy\" decoding=\"async\" class=\"alignnone size-medium wp-image-17124\" src=\"https:\/\/zecovalve.com\/wp-content\/uploads\/2022\/06\/double-orifice-air-release-valve-principle-300x225.png\" alt=\"\" width=\"300\" height=\"225\" srcset=\"https:\/\/zecovalve.com\/wp-content\/uploads\/2022\/06\/double-orifice-air-release-valve-principle-300x225.png 300w, https:\/\/zecovalve.com\/wp-content\/uploads\/2022\/06\/double-orifice-air-release-valve-principle.png 600w\" sizes=\"auto, (max-width: 300px) 100vw, 300px\" \/><\/div>\n<p>Bu valf egzozu, \u015famand\u0131ra, yer\u00e7ekimi ile kolun bir ucunu a\u015fa\u011f\u0131 \u00e7eker, kol \u015fu anda e\u011fim durumundad\u0131r, kald\u0131ra\u00e7ta ve havaland\u0131rma temas\u0131nda bo\u015fluk ortaya \u00e7\u0131kar, bo\u015fluktan havaland\u0131rma deli\u011finden hava, hava tahliyesi ile, su seviyesi y\u00fckselir, \u015famand\u0131ra suyun kald\u0131rma kuvvetinin etkisi alt\u0131nda yukar\u0131 do\u011fru y\u00fczer, conta \u00fczerindeki kol g\u00f6zeneklili\u011fe bask\u0131 yapar, havaland\u0131rma deli\u011fi tamamen t\u0131kanana kadar kademeli olarak. Egzoz valfi art\u0131k tamamen kapal\u0131d\u0131r.<\/p>\n<\/div>\n<div class=\"richtext\">\n<h2>\u00c7ift Orifisli Hava Tahliye Valfi Montaj\u0131 ve Devreye Al\u0131nmas\u0131<\/h2>\n<div class=\"text-center\"><img loading=\"lazy\" decoding=\"async\" class=\"alignnone size-medium wp-image-17123\" src=\"https:\/\/zecovalve.com\/wp-content\/uploads\/2022\/06\/double-orifice-air-release-valve-installation-and-commissioning-300x225.png\" alt=\"\" width=\"300\" height=\"225\" srcset=\"https:\/\/zecovalve.com\/wp-content\/uploads\/2022\/06\/double-orifice-air-release-valve-installation-and-commissioning-300x225.png 300w, https:\/\/zecovalve.com\/wp-content\/uploads\/2022\/06\/double-orifice-air-release-valve-installation-and-commissioning.png 600w\" sizes=\"auto, (max-width: 300px) 100vw, 300px\" \/><\/div>\n<p>\u00c7ift delikli hava tahliye vanas\u0131n\u0131 takarken, suyun test edilmesini engellememek i\u00e7in daima \u00f6n uca koruyucu bir vana tak\u0131n. \u00d6zel kullan\u0131m i\u00e7in l\u00fctfen ZECO Vana Grubuna dan\u0131\u015f\u0131n.<\/p>\n<\/div>\n<div class=\"richtext\">\n<h2>\u00c7ift Orifisli Hava Tahliye Valfi Malzemesi ve Standard\u0131<\/h2>\n<p>Boyut Aral\u0131\u011f\u0131: 2\u2033~12\u2033<\/p>\n<p>Bas\u0131n\u00e7 De\u011feri: 10bar ~ 25bar<\/p>\n<p>Y\u00fcz Y\u00fcze Boyutlar: AMSE B16.10, EN558-1<\/p>\n<p>Flan\u015f U\u00e7 \u00d6l\u00e7\u00fcs\u00fc: AMSE B16.1\/16.42, AS4087, EN1092-2<\/p>\n<p>Kaplama: F\u00fczyon Ba\u011flant\u0131l\u0131 Epoksi Kaplama<\/p>\n<p>Muayene ve Test: ISO 5208 \/ EN 12226-2<\/p>\n<div class=\"over-tabs\">\n<table width=\"1389\">\n<tbody>\n<tr class=\"firstRow\">\n<td>Par\u00e7a<\/td>\n<td>Malzeme<\/td>\n<td>Standart<\/td>\n<\/tr>\n<tr>\n<td>V\u00fccut<\/td>\n<td>Sfero D\u00f6k\u00fcm<\/td>\n<td>EN 1563\/DIN 1693<\/td>\n<\/tr>\n<tr>\n<td>Bone<\/td>\n<td>Sfero D\u00f6k\u00fcm<\/td>\n<td>EN 1563\/DIN 1693<\/td>\n<\/tr>\n<tr>\n<td>Egzoz Davlumbaz\u0131<\/td>\n<td>Sfero D\u00f6k\u00fcm<\/td>\n<td>EN 1563\/DIN 1693<\/td>\n<\/tr>\n<tr>\n<td>\u015eamand\u0131ra Topu<\/td>\n<td>Paslanmaz \u00c7elik 431<\/td>\n<td>EN10088-1\/ASTM A959<\/td>\n<\/tr>\n<tr>\n<td>S\u00fczge\u00e7<\/td>\n<td>Paslanmaz \u00c7elik 431<\/td>\n<td>EN10088-1\/ASTM A959<\/td>\n<\/tr>\n<tr>\n<td>Tank\u0131<\/td>\n<td>EPDM \/ NBR<\/td>\n<td>ISO 4633<\/td>\n<\/tr>\n<tr>\n<td colspan=\"3\">Listede yer almayan malzeme se\u00e7enekleri i\u00e7in fabrikaya dan\u0131\u015f\u0131n.<\/p>\n<p>ZECO 50'den fazla farkl\u0131 ala\u015f\u0131mdan vana \u00fcretmektedir.<\/td>\n<\/tr>\n<\/tbody>\n<\/table>\n<\/div>\n<\/div>\n<\/div>\n<\/div>\n<\/div>\n<\/div>","protected":false},"excerpt":{"rendered":"<p>\u00c7ift Orifisli Hava Tahliye Valfi \u00c7ift Orifisli Hava Tahliye Valfinin \u00d6zellikleri G\u00f6vde, darbeye dayan\u0131kl\u0131 bir i\u00e7 boru ile donat\u0131lm\u0131\u015ft\u0131r. <a title=\"\u00c7ift Orifisli Hava Tahliye Vanas\u0131\" class=\"read-more\" href=\"https:\/\/zecovalve.com\/tr\/urun\/double-orifice-air-release-valve\" aria-label=\"\u00c7ift Orifisli Hava Tahliye Valfi hakk\u0131nda daha fazlas\u0131\">Daha fazla bilgi edinin<\/a><\/p>","protected":false},"featured_media":27970,"comment_status":"closed","ping_status":"closed","template":"","meta":{"_generate-full-width-content":"","kt_blocks_editor_width":""},"product_cat":[2520],"product_tag":[2796,2765],"class_list":["post-17121","product","type-product","status-publish","has-post-thumbnail","hentry","product_cat-air-valve","product_tag-air-vent-valve","product_tag-vent-valve","sales-flash-overlay","woocommerce-text-align-center","woocommerce-image-align-center","do-quantity-buttons"],"featured_image_src_large":["https:\/\/zecovalve.com\/wp-content\/uploads\/2022\/06\/Doulbe-Orifice-Air-Release-Valve.jpg",800,600,false],"author_info":[],"comment_info":0,"taxonomy_info":{"product_cat":[{"value":2520,"label":"Air Valve Manufacturer and Supplier"}],"product_tag":[{"value":2796,"label":"Air Vent Valve"},{"value":2765,"label":"Vent Valve"}]},"yoast_head":"<!-- This site is optimized with the Yoast SEO Premium plugin v15.4 - https:\/\/yoast.com\/wordpress\/plugins\/seo\/ -->\n<title>Double Orifice Air Release Valve - ZECO Valve<\/title>\n<meta name=\"robots\" content=\"index, follow, max-snippet:-1, max-image-preview:large, max-video-preview:-1\" \/>\n<link rel=\"canonical\" href=\"https:\/\/zecovalve.com\/tr\/urun\/double-orifice-air-release-valve\" \/>\n<meta property=\"og:locale\" content=\"tr_TR\" \/>\n<meta property=\"og:type\" content=\"article\" \/>\n<meta property=\"og:title\" content=\"Double Orifice Air Release Valve - ZECO Valve\" \/>\n<meta property=\"og:description\" content=\"Double Orifice Air Release Valve Festures of Double Orifice Air Release Valve Body is provided with a shock-proof inner tube to protect ... Read more\" \/>\n<meta property=\"og:url\" content=\"https:\/\/zecovalve.com\/tr\/urun\/double-orifice-air-release-valve\" \/>\n<meta property=\"og:site_name\" content=\"ZECO Valve\" \/>\n<meta property=\"article:modified_time\" content=\"2023-06-26T06:45:53+00:00\" \/>\n<meta property=\"og:image\" content=\"https:\/\/zecovalve.com\/wp-content\/uploads\/2022\/06\/Doulbe-Orifice-Air-Release-Valve.jpg\" \/>\n\t<meta property=\"og:image:width\" content=\"800\" \/>\n\t<meta property=\"og:image:height\" content=\"600\" \/>\n<meta name=\"twitter:card\" content=\"summary_large_image\" \/>\n<meta name=\"twitter:label1\" content=\"Yazan:\">\n\t<meta name=\"twitter:data1\" content=\"Jerry\">\n\t<meta name=\"twitter:label2\" content=\"Tahmini okuma s\u00fcresi\">\n\t<meta name=\"twitter:data2\" content=\"1 dakika\">\n<script type=\"application\/ld+json\" class=\"yoast-schema-graph\">{\"@context\":\"https:\/\/schema.org\",\"@graph\":[{\"@type\":\"WebSite\",\"@id\":\"https:\/\/zecovalve.com\/#website\",\"url\":\"https:\/\/zecovalve.com\/\",\"name\":\"ZECO Valve\",\"description\":\"Industrial Ball Valve, Gate Valve and Globe Valve Manufacturer\",\"potentialAction\":[{\"@type\":\"SearchAction\",\"target\":\"https:\/\/zecovalve.com\/?s={search_term_string}\",\"query-input\":\"required name=search_term_string\"}],\"inLanguage\":\"tr\"},{\"@type\":\"ImageObject\",\"@id\":\"https:\/\/zecovalve.com\/product\/double-orifice-air-release-valve#primaryimage\",\"inLanguage\":\"tr\",\"url\":\"https:\/\/zecovalve.com\/wp-content\/uploads\/2022\/06\/Doulbe-Orifice-Air-Release-Valve.jpg\",\"width\":800,\"height\":600,\"caption\":\"Doulbe Orifice Air Release Valve\"},{\"@type\":\"WebPage\",\"@id\":\"https:\/\/zecovalve.com\/product\/double-orifice-air-release-valve#webpage\",\"url\":\"https:\/\/zecovalve.com\/product\/double-orifice-air-release-valve\",\"name\":\"Double Orifice Air Release Valve - ZECO Valve\",\"isPartOf\":{\"@id\":\"https:\/\/zecovalve.com\/#website\"},\"primaryImageOfPage\":{\"@id\":\"https:\/\/zecovalve.com\/product\/double-orifice-air-release-valve#primaryimage\"},\"datePublished\":\"2022-06-27T06:51:32+00:00\",\"dateModified\":\"2023-06-26T06:45:53+00:00\",\"breadcrumb\":{\"@id\":\"https:\/\/zecovalve.com\/product\/double-orifice-air-release-valve#breadcrumb\"},\"inLanguage\":\"tr\",\"potentialAction\":[{\"@type\":\"ReadAction\",\"target\":[\"https:\/\/zecovalve.com\/product\/double-orifice-air-release-valve\"]}]},{\"@type\":\"BreadcrumbList\",\"@id\":\"https:\/\/zecovalve.com\/product\/double-orifice-air-release-valve#breadcrumb\",\"itemListElement\":[{\"@type\":\"ListItem\",\"position\":1,\"item\":{\"@type\":\"WebPage\",\"@id\":\"https:\/\/zecovalve.com\/\",\"url\":\"https:\/\/zecovalve.com\/\",\"name\":\"Home\"}},{\"@type\":\"ListItem\",\"position\":2,\"item\":{\"@type\":\"WebPage\",\"@id\":\"https:\/\/zecovalve.com\/product-category\",\"url\":\"https:\/\/zecovalve.com\/product-category\",\"name\":\"Industrial Valve Manufacturer | Water Valve Manufacturer\"}},{\"@type\":\"ListItem\",\"position\":3,\"item\":{\"@type\":\"WebPage\",\"@id\":\"https:\/\/zecovalve.com\/product\/double-orifice-air-release-valve\",\"url\":\"https:\/\/zecovalve.com\/product\/double-orifice-air-release-valve\",\"name\":\"Double Orifice Air Release Valve\"}}]}]}<\/script>\n<!-- \/ Yoast SEO Premium plugin. -->","_links":{"self":[{"href":"https:\/\/zecovalve.com\/tr\/wp-json\/wp\/v2\/product\/17121","targetHints":{"allow":["GET"]}}],"collection":[{"href":"https:\/\/zecovalve.com\/tr\/wp-json\/wp\/v2\/product"}],"about":[{"href":"https:\/\/zecovalve.com\/tr\/wp-json\/wp\/v2\/types\/product"}],"replies":[{"embeddable":true,"href":"https:\/\/zecovalve.com\/tr\/wp-json\/wp\/v2\/comments?post=17121"}],"wp:featuredmedia":[{"embeddable":true,"href":"https:\/\/zecovalve.com\/tr\/wp-json\/wp\/v2\/media\/27970"}],"wp:attachment":[{"href":"https:\/\/zecovalve.com\/tr\/wp-json\/wp\/v2\/media?parent=17121"}],"wp:term":[{"taxonomy":"product_cat","embeddable":true,"href":"https:\/\/zecovalve.com\/tr\/wp-json\/wp\/v2\/product_cat?post=17121"},{"taxonomy":"product_tag","embeddable":true,"href":"https:\/\/zecovalve.com\/tr\/wp-json\/wp\/v2\/product_tag?post=17121"}],"curies":[{"name":"wp","href":"https:\/\/api.w.org\/{rel}","templated":true}]}}