{"id":17145,"date":"2022-06-27T08:01:07","date_gmt":"2022-06-27T08:01:07","guid":{"rendered":"https:\/\/zecovalve.com\/?post_type=product&#038;p=17145"},"modified":"2023-06-15T13:12:49","modified_gmt":"2023-06-15T13:12:49","slug":"knife-gate-valve","status":"publish","type":"product","link":"https:\/\/zecovalve.com\/tr\/urun\/knife-gate-valve","title":{"rendered":"B\u0131\u00e7ak S\u00fcrg\u00fcl\u00fc Vana"},"content":{"rendered":"<div class=\"sep-pages-boxs bgs clearfix\">\n<div class=\"sep-container clearfix\">\n<h1 class=\"titles sizes1 cens gtj-ff-bold\"><\/h1>\n<div class=\"bq-sep-pro-detail-thumbs ons clearfix\">\n<div class=\"thumbs\">\n<div class=\"imgs ons\">\n<div class=\"swiper-container swiper-container-initialized swiper-container-horizontal\">\n<div class=\"swiper-wrapper\">\n<div class=\"swiper-slide swiper-slide-active\">\n<p><img loading=\"lazy\" decoding=\"async\" class=\"wp-image-27894 size-medium\" src=\"https:\/\/zecovalve.com\/wp-content\/uploads\/2022\/06\/Knife-Gate-Valve-4-300x225.jpg\" alt=\"B\u0131\u00e7ak S\u00fcrg\u00fcl\u00fc Vana\" width=\"300\" height=\"225\" srcset=\"https:\/\/zecovalve.com\/wp-content\/uploads\/2022\/06\/Knife-Gate-Valve-4-300x225.jpg 300w, https:\/\/zecovalve.com\/wp-content\/uploads\/2022\/06\/Knife-Gate-Valve-4-768x576.jpg 768w, https:\/\/zecovalve.com\/wp-content\/uploads\/2022\/06\/Knife-Gate-Valve-4-600x450.jpg 600w, https:\/\/zecovalve.com\/wp-content\/uploads\/2022\/06\/Knife-Gate-Valve-4.jpg 800w\" sizes=\"auto, (max-width: 300px) 100vw, 300px\" \/><\/p>\n<\/div>\n<\/div>\n<\/div>\n<\/div>\n<\/div>\n<\/div>\n<\/div>\n<\/div>\n<div class=\"sep-pages-boxs clearfix\">\n<div class=\"sep-container clearfix\">\n<div id=\"zf-nexts\" class=\"flex clearfix\">\n<div class=\"bq-zf-lefts\">\n<div class=\"richtext\">\n<h2>B\u0131\u00e7ak S\u00fcrg\u00fcl\u00fc Vanan\u0131n \u00d6zellikleri<\/h2>\n<div class=\"text-center\"><img loading=\"lazy\" decoding=\"async\" class=\"alignnone size-medium wp-image-17146\" src=\"https:\/\/zecovalve.com\/wp-content\/uploads\/2022\/06\/knife-gate-valve-1-300x225.jpg\" alt=\"\" width=\"300\" height=\"225\" srcset=\"https:\/\/zecovalve.com\/wp-content\/uploads\/2022\/06\/knife-gate-valve-1-300x225.jpg 300w, https:\/\/zecovalve.com\/wp-content\/uploads\/2022\/06\/knife-gate-valve-1.jpg 600w\" sizes=\"auto, (max-width: 300px) 100vw, 300px\" \/><\/div>\n<ul class=\"list-paddingleft-2\">\n<li>Y\u00fcksek medya \u00fcretim kapasitesi i\u00e7in tam ge\u00e7i\u015fli tasar\u0131m;<\/li>\n<li>\u0130yi s\u0131zd\u0131rmazl\u0131k etkisine sahip U \u015feklinde conta;<\/li>\n<li>Kap\u0131 fonksiyonuna sahip kap\u0131 plakas\u0131, iyi kapatma etkisi, kapat\u0131ld\u0131ktan sonra topaklar, par\u00e7ac\u0131klar ve fiber ortam i\u00e7eren s\u0131z\u0131nt\u0131 olay\u0131n\u0131 \u00e7\u00f6zmek i\u00e7in ortamdaki her t\u00fcrl\u00fc pisli\u011fi etkili bir \u015fekilde kapatabilir;<\/li>\n<li>Kirli ortamda \u00e7al\u0131\u015fabilir, kurulumu kolay, s\u00f6k\u00fclmesi kolay, bak\u0131m\u0131 kolay, valfi \u00e7\u0131karmadan valf contalar\u0131n\u0131 de\u011fi\u015ftirebilir, valf bak\u0131m\u0131n\u0131 daha basit hale getirir.<\/li>\n<\/ul>\n<\/div>\n<div class=\"richtext\">\n<h2>B\u0131\u00e7ak S\u00fcrg\u00fcl\u00fc Vana \u00c7al\u0131\u015fma Prensibi<\/h2>\n<div class=\"text-center\">\n<h2 style=\"font-family: -apple-system, system-ui, BlinkMacSystemFont, 'Segoe UI', Helvetica, Arial, sans-serif, 'Apple Color Emoji', 'Segoe UI Emoji', 'Segoe UI Symbol'; font-style: normal;\"><img loading=\"lazy\" decoding=\"async\" class=\"alignnone size-medium wp-image-17147\" style=\"font-size: 17px;\" src=\"https:\/\/zecovalve.com\/wp-content\/uploads\/2022\/06\/knife-gate-valve-2-300x225.jpg\" alt=\"\" width=\"300\" height=\"225\" srcset=\"https:\/\/zecovalve.com\/wp-content\/uploads\/2022\/06\/knife-gate-valve-2-300x225.jpg 300w, https:\/\/zecovalve.com\/wp-content\/uploads\/2022\/06\/knife-gate-valve-2.jpg 600w\" sizes=\"auto, (max-width: 300px) 100vw, 300px\" \/><\/h2>\n<\/div>\n<p>Vana g\u00f6vdesi ile b\u0131\u00e7akl\u0131 vanan\u0131n kapa\u011f\u0131 aras\u0131ndaki silecek, kat\u0131 par\u00e7ac\u0131klar\u0131n kaportaya girmesini \u00f6nler. Valf g\u00f6vdesi bo\u015flu\u011fu, yatak konfig\u00fcrasyonu ve e\u011fimli kap\u0131 tasar\u0131m\u0131, kal\u0131n ortamlar\u0131n (\u00f6rn. hamur, bulama\u00e7) veya kat\u0131 ortamlar\u0131n (\u00f6rn. gran\u00fcller ve tozlar) giri\u015fini engelleyen \u00f6zellikler sa\u011flar.<\/p>\n<p>B\u0131\u00e7ak kap\u0131s\u0131 valf kap\u0131s\u0131 ve yuvas\u0131 her zaman s\u0131zd\u0131rmaz valf ile yak\u0131n temas halindedir ve ayn\u0131 kanal kap\u0131s\u0131 valf\u0131na sahip bir k\u0131lavuz deli\u011fi olan kap\u0131, kap\u0131n\u0131n a\u00e7\u0131lmas\u0131 ve kapanmas\u0131 yoluyla yuvarlak bir deli\u011fin \u00e7ap\u0131na sahiptir. Kap\u0131daki yuvarlak delik ve ge\u00e7i\u015f \u00e7ap\u0131, tamamen ayr\u0131lmay\u0131 sa\u011flamak ve hareketle \u00f6rt\u00fc\u015fmek i\u00e7in. Ek olarak yap\u0131n\u0131n avantaj\u0131, oluksuz valf g\u00f6vdesi \u00e7ap\u0131n\u0131n, ortam\u0131n engellenmemesi ve boru hatt\u0131nda toz ve par\u00e7ac\u0131k ortam\u0131n\u0131n kullan\u0131m\u0131na uygun, tam \u00e7apl\u0131 ak\u0131\u015f \u00f6zelliklerine sahip olmas\u0131d\u0131r. S\u0131zd\u0131rmazl\u0131k yap\u0131s\u0131 yumu\u015fak conta ve sert conta yap\u0131s\u0131na ayr\u0131labilir. S\u0131zd\u0131rmaz valf yuvas\u0131, a\u015f\u0131nma \u00f6nleyici ve otomatik dengeleme i\u015flevine sahip, dolay\u0131s\u0131yla daha uzun \u00f6m\u00fcrl\u00fc, hareketli bir yap\u0131yla tasarlanm\u0131\u015ft\u0131r. Valf a\u00e7ma ve kapama kuvvetinin stabil olmas\u0131 i\u00e7in, valf yuvas\u0131n\u0131n ve kapak plakas\u0131n\u0131n kapanmas\u0131 ve a\u00e7\u0131lmas\u0131 i\u015fleminde harekete yak\u0131n olmas\u0131 gerekir.<\/p>\n<\/div>\n<div class=\"richtext\">\n<h2>B\u0131\u00e7ak S\u00fcrg\u00fcl\u00fc Vanan\u0131n Montaj\u0131 ve Devreye Al\u0131nmas\u0131<\/h2>\n<div class=\"text-center\"><img loading=\"lazy\" decoding=\"async\" class=\"alignnone size-medium wp-image-17148\" src=\"https:\/\/zecovalve.com\/wp-content\/uploads\/2022\/06\/knife-gate-valve-3-300x225.jpg\" alt=\"\" width=\"300\" height=\"225\" srcset=\"https:\/\/zecovalve.com\/wp-content\/uploads\/2022\/06\/knife-gate-valve-3-300x225.jpg 300w, https:\/\/zecovalve.com\/wp-content\/uploads\/2022\/06\/knife-gate-valve-3.jpg 600w\" sizes=\"auto, (max-width: 300px) 100vw, 300px\" \/><\/div>\n<p>B\u0131\u00e7akl\u0131 s\u00fcrg\u00fcl\u00fc vana, pn\u00f6matik b\u0131\u00e7akl\u0131 s\u00fcrg\u00fcl\u00fc vana, elektrikli b\u0131\u00e7akl\u0131 s\u00fcrg\u00fcl\u00fc vana, manuel b\u0131\u00e7akl\u0131 s\u00fcrg\u00fcl\u00fc vana olarak ayr\u0131labilir. \u00c7al\u0131\u015fma moduna g\u00f6re, Farkl\u0131 \u00e7al\u0131\u015ft\u0131rma talimatlar\u0131na g\u00f6re kurulum ve \u00e7al\u0131\u015ft\u0131rma. \u00d6zel kullan\u0131m i\u00e7in l\u00fctfen Zeco Valve Group&#039;a dan\u0131\u015f\u0131n.<\/p>\n<\/div>\n<div class=\"richtext\">\n<h2>B\u0131\u00e7ak S\u00fcrg\u00fcl\u00fc Vana Malzemesi ve Standard\u0131<\/h2>\n<p>Boyut Aral\u0131\u011f\u0131: 2\u2033~48\u2033<br \/>\nBas\u0131n\u00e7 De\u011feri: 10bar ~ 20bar<\/p>\n<p>Y\u00fcz Y\u00fcze Boyutlar: MSS SP-81-2006<\/p>\n<p>Flan\u015f U\u00e7 \u00d6l\u00e7\u00fcs\u00fc: EN1092, ASME B16.5, ASME B16.47, AS2129<\/p>\n<p>Muayene ve Test: MSS SP-81-2006<\/p>\n<div class=\"over-tabs\">\n<table cellspacing=\"0\">\n<tbody>\n<tr class=\"firstRow\">\n<td valign=\"center\">Par\u00e7a<\/td>\n<td valign=\"center\">Malzeme<\/td>\n<td valign=\"center\">Standart<\/td>\n<\/tr>\n<tr>\n<td valign=\"center\">V\u00fccut<\/td>\n<td valign=\"center\">GGG40\/WCB\/CF8\/CF8M\/4A<\/td>\n<td valign=\"center\">ASTM STANDARDI<\/td>\n<\/tr>\n<tr>\n<td valign=\"center\">Bone<\/td>\n<td valign=\"center\">GGG40\/WCB\/CF8\/CF8M\/4A<\/td>\n<td valign=\"center\">ASTM STANDARDI<\/td>\n<\/tr>\n<tr>\n<td valign=\"center\">D\u00f6\u015feme<\/td>\n<td valign=\"center\">GGG40\/WCB\/CF8\/CF8M\/4A<\/td>\n<td valign=\"center\">ASTM STANDARDI<\/td>\n<\/tr>\n<tr>\n<td valign=\"center\">Koltuk<\/td>\n<td valign=\"center\">SERT M\u00dcH\u00dcR\/EPDM<\/td>\n<td valign=\"center\">ASTM STANDARDI<\/td>\n<\/tr>\n<tr>\n<td colspan=\"3\" valign=\"center\">Listede yer almayan malzeme se\u00e7enekleri i\u00e7in fabrikaya dan\u0131\u015f\u0131n.<\/p>\n<p>Zeco, 50'den fazla farkl\u0131 ala\u015f\u0131mdan valf \u00fcretmektedir.<\/td>\n<\/tr>\n<\/tbody>\n<\/table>\n<\/div>\n<\/div>\n<\/div>\n<\/div>\n<\/div>\n<\/div>","protected":false},"excerpt":{"rendered":"<p>B\u0131\u00e7ak S\u00fcrg\u00fcl\u00fc Vanan\u0131n \u00d6zellikleri Y\u00fcksek ortam \u00e7\u0131k\u0131\u015f kapasitesi i\u00e7in tam ge\u00e7i\u015fli tasar\u0131m; \u0130yi s\u0131zd\u0131rmazl\u0131k etkisine sahip U \u015feklinde conta; Kap\u0131 plakas\u0131 ile\u2026 <a title=\"B\u0131\u00e7ak S\u00fcrg\u00fcl\u00fc Vana\" class=\"read-more\" href=\"https:\/\/zecovalve.com\/tr\/urun\/knife-gate-valve\" aria-label=\"B\u0131\u00e7ak S\u00fcrg\u00fcl\u00fc Vana hakk\u0131nda daha fazlas\u0131\">Daha fazla bilgi edinin<\/a><\/p>","protected":false},"featured_media":27894,"comment_status":"closed","ping_status":"closed","template":"","meta":{"_generate-full-width-content":"","kt_blocks_editor_width":""},"product_cat":[2510],"product_tag":[],"class_list":["post-17145","product","type-product","status-publish","has-post-thumbnail","hentry","product_cat-water-gate-valve","sales-flash-overlay","woocommerce-text-align-center","woocommerce-image-align-center","do-quantity-buttons"],"featured_image_src_large":["https:\/\/zecovalve.com\/wp-content\/uploads\/2022\/06\/Knife-Gate-Valve-4.jpg",800,600,false],"author_info":[],"comment_info":0,"taxonomy_info":{"product_cat":[{"value":2510,"label":"Water Gate Valve"}]},"yoast_head":"<!-- This site is optimized with the Yoast SEO Premium plugin v15.4 - https:\/\/yoast.com\/wordpress\/plugins\/seo\/ -->\n<title>Knife Gate Valve - ZECO Valve<\/title>\n<meta name=\"robots\" content=\"index, follow, max-snippet:-1, max-image-preview:large, max-video-preview:-1\" \/>\n<link rel=\"canonical\" href=\"https:\/\/zecovalve.com\/tr\/urun\/knife-gate-valve\" \/>\n<meta property=\"og:locale\" content=\"tr_TR\" \/>\n<meta property=\"og:type\" content=\"article\" \/>\n<meta property=\"og:title\" content=\"Knife Gate Valve - ZECO Valve\" \/>\n<meta property=\"og:description\" content=\"Features of Knife Gate Valve Full bore design for high media throughput capacity; U-shaped gasket with good sealing effect; Gate plate with ... Read more\" \/>\n<meta property=\"og:url\" content=\"https:\/\/zecovalve.com\/tr\/urun\/knife-gate-valve\" \/>\n<meta property=\"og:site_name\" content=\"ZECO Valve\" \/>\n<meta property=\"article:modified_time\" content=\"2023-06-15T13:12:49+00:00\" \/>\n<meta property=\"og:image\" content=\"https:\/\/zecovalve.com\/wp-content\/uploads\/2022\/06\/Knife-Gate-Valve-4.jpg\" \/>\n\t<meta property=\"og:image:width\" content=\"800\" \/>\n\t<meta property=\"og:image:height\" content=\"600\" \/>\n<meta name=\"twitter:card\" content=\"summary_large_image\" \/>\n<meta name=\"twitter:label1\" content=\"Yazan:\">\n\t<meta name=\"twitter:data1\" content=\"Jerry\">\n\t<meta name=\"twitter:label2\" content=\"Tahmini okuma s\u00fcresi\">\n\t<meta name=\"twitter:data2\" content=\"2 dakika\">\n<script type=\"application\/ld+json\" class=\"yoast-schema-graph\">{\"@context\":\"https:\/\/schema.org\",\"@graph\":[{\"@type\":\"WebSite\",\"@id\":\"https:\/\/zecovalve.com\/#website\",\"url\":\"https:\/\/zecovalve.com\/\",\"name\":\"ZECO Valve\",\"description\":\"Industrial Ball Valve, Gate Valve and Globe Valve Manufacturer\",\"potentialAction\":[{\"@type\":\"SearchAction\",\"target\":\"https:\/\/zecovalve.com\/?s={search_term_string}\",\"query-input\":\"required name=search_term_string\"}],\"inLanguage\":\"tr\"},{\"@type\":\"ImageObject\",\"@id\":\"https:\/\/zecovalve.com\/product\/knife-gate-valve#primaryimage\",\"inLanguage\":\"tr\",\"url\":\"https:\/\/zecovalve.com\/wp-content\/uploads\/2022\/06\/Knife-Gate-Valve-4.jpg\",\"width\":800,\"height\":600,\"caption\":\"Knife Gate Valve\"},{\"@type\":\"WebPage\",\"@id\":\"https:\/\/zecovalve.com\/product\/knife-gate-valve#webpage\",\"url\":\"https:\/\/zecovalve.com\/product\/knife-gate-valve\",\"name\":\"Knife Gate Valve - ZECO Valve\",\"isPartOf\":{\"@id\":\"https:\/\/zecovalve.com\/#website\"},\"primaryImageOfPage\":{\"@id\":\"https:\/\/zecovalve.com\/product\/knife-gate-valve#primaryimage\"},\"datePublished\":\"2022-06-27T08:01:07+00:00\",\"dateModified\":\"2023-06-15T13:12:49+00:00\",\"breadcrumb\":{\"@id\":\"https:\/\/zecovalve.com\/product\/knife-gate-valve#breadcrumb\"},\"inLanguage\":\"tr\",\"potentialAction\":[{\"@type\":\"ReadAction\",\"target\":[\"https:\/\/zecovalve.com\/product\/knife-gate-valve\"]}]},{\"@type\":\"BreadcrumbList\",\"@id\":\"https:\/\/zecovalve.com\/product\/knife-gate-valve#breadcrumb\",\"itemListElement\":[{\"@type\":\"ListItem\",\"position\":1,\"item\":{\"@type\":\"WebPage\",\"@id\":\"https:\/\/zecovalve.com\/\",\"url\":\"https:\/\/zecovalve.com\/\",\"name\":\"Home\"}},{\"@type\":\"ListItem\",\"position\":2,\"item\":{\"@type\":\"WebPage\",\"@id\":\"https:\/\/zecovalve.com\/product-category\",\"url\":\"https:\/\/zecovalve.com\/product-category\",\"name\":\"Industrial Valve Manufacturer | Water Valve Manufacturer\"}},{\"@type\":\"ListItem\",\"position\":3,\"item\":{\"@type\":\"WebPage\",\"@id\":\"https:\/\/zecovalve.com\/product\/knife-gate-valve\",\"url\":\"https:\/\/zecovalve.com\/product\/knife-gate-valve\",\"name\":\"Knife Gate Valve\"}}]}]}<\/script>\n<!-- \/ Yoast SEO Premium plugin. -->","_links":{"self":[{"href":"https:\/\/zecovalve.com\/tr\/wp-json\/wp\/v2\/product\/17145","targetHints":{"allow":["GET"]}}],"collection":[{"href":"https:\/\/zecovalve.com\/tr\/wp-json\/wp\/v2\/product"}],"about":[{"href":"https:\/\/zecovalve.com\/tr\/wp-json\/wp\/v2\/types\/product"}],"replies":[{"embeddable":true,"href":"https:\/\/zecovalve.com\/tr\/wp-json\/wp\/v2\/comments?post=17145"}],"wp:featuredmedia":[{"embeddable":true,"href":"https:\/\/zecovalve.com\/tr\/wp-json\/wp\/v2\/media\/27894"}],"wp:attachment":[{"href":"https:\/\/zecovalve.com\/tr\/wp-json\/wp\/v2\/media?parent=17145"}],"wp:term":[{"taxonomy":"product_cat","embeddable":true,"href":"https:\/\/zecovalve.com\/tr\/wp-json\/wp\/v2\/product_cat?post=17145"},{"taxonomy":"product_tag","embeddable":true,"href":"https:\/\/zecovalve.com\/tr\/wp-json\/wp\/v2\/product_tag?post=17145"}],"curies":[{"name":"wp","href":"https:\/\/api.w.org\/{rel}","templated":true}]}}