{"id":17160,"date":"2022-06-27T08:25:55","date_gmt":"2022-06-27T08:25:55","guid":{"rendered":"https:\/\/zecovalve.com\/?post_type=product&#038;p=17160"},"modified":"2022-07-10T10:52:46","modified_gmt":"2022-07-10T10:52:46","slug":"wafer-butterfly-valve","status":"publish","type":"product","link":"https:\/\/zecovalve.com\/tr\/urun\/wafer-butterfly-valve","title":{"rendered":"Wafer Kelebek Vana"},"content":{"rendered":"<div class=\"sep-pages-boxs bgs clearfix\">\n<div class=\"sep-container clearfix\">\n<h1 class=\"titles sizes1 cens gtj-ff-bold\">Wafer Kelebek Vana<\/h1>\n<div class=\"bq-sep-pro-detail-thumbs ons clearfix\">\n<div class=\"thumbs\">\n<div class=\"imgs ons\">\n<div class=\"swiper-container swiper-container-initialized swiper-container-horizontal\">\n<div class=\"swiper-wrapper\">\n<div class=\"swiper-slide swiper-slide-active\">\n<figure id=\"attachment_17037\" aria-describedby=\"caption-attachment-17037\" style=\"width: 290px\" class=\"wp-caption alignnone\"><img loading=\"lazy\" decoding=\"async\" class=\"size-medium wp-image-17037\" src=\"https:\/\/zecovalve.com\/wp-content\/uploads\/2022\/06\/wafer-butterfly-valve-1-300x273.jpg\" alt=\"Wafer Kelebek Vana\" width=\"300\" height=\"273\" srcset=\"https:\/\/zecovalve.com\/wp-content\/uploads\/2022\/06\/wafer-butterfly-valve-1-300x273.jpg 300w, https:\/\/zecovalve.com\/wp-content\/uploads\/2022\/06\/wafer-butterfly-valve-1.jpg 330w\" sizes=\"auto, (max-width: 300px) 100vw, 300px\" \/><figcaption id=\"caption-attachment-17037\" class=\"wp-caption-text\">Wafer Kelebek Vana<\/figcaption><\/figure>\n<\/div>\n<\/div>\n<\/div>\n<div class=\"lr-lists-boxs\"><\/div>\n<\/div>\n<\/div>\n<\/div>\n<\/div>\n<\/div>\n<div class=\"sep-pages-boxs clearfix\">\n<div class=\"sep-container clearfix\">\n<div id=\"zf-nexts\" class=\"flex clearfix\">\n<div class=\"bq-zf-lefts\">\n<div class=\"richtext\">\n<h2>Gofret Kelebek Vana \u00d6zellikleri<\/h2>\n<div class=\"text-center\"><img loading=\"lazy\" decoding=\"async\" class=\"alignnone size-medium wp-image-17166\" src=\"https:\/\/zecovalve.com\/wp-content\/uploads\/2022\/06\/wafer-concentric-butterfly-valve-2-300x225.png\" alt=\"\" width=\"300\" height=\"225\" srcset=\"https:\/\/zecovalve.com\/wp-content\/uploads\/2022\/06\/wafer-concentric-butterfly-valve-2-300x225.png 300w, https:\/\/zecovalve.com\/wp-content\/uploads\/2022\/06\/wafer-concentric-butterfly-valve-2.png 600w\" sizes=\"auto, (max-width: 300px) 100vw, 300px\" \/><\/div>\n<ul class=\"list-paddingleft-2\">\n<li>basit ve kompakt yap\u0131da, hafif, montaj\u0131 ve onar\u0131m\u0131 kolay;<\/li>\n<li>K\u00fc\u00e7\u00fck \u00e7al\u0131\u015fma torku, 90\u00b0 ta\u015f\u0131nabilir h\u0131zl\u0131 a\u00e7ma ve kapama;<\/li>\n<li>K\u00fc\u00e7\u00fck ak\u0131\u015f direnci, enerji tasarrufu etkisi iyidir;<\/li>\n<li>G\u00fcvenilir s\u0131zd\u0131rmazl\u0131k, s\u0131z\u0131nt\u0131 s\u0131f\u0131r, uzun servis \u00f6mr\u00fc.<\/li>\n<\/ul>\n<\/div>\n<div class=\"richtext\">\n<h2>Wafer Kelebek Vana \u00c7al\u0131\u015fma Prensibi<\/h2>\n<div class=\"text-center\"><img loading=\"lazy\" decoding=\"async\" class=\"alignnone size-medium wp-image-17168\" src=\"https:\/\/zecovalve.com\/wp-content\/uploads\/2022\/06\/worm-gear-wafer-concentric-butterfly-valve-300x225.png\" alt=\"\" width=\"300\" height=\"225\" srcset=\"https:\/\/zecovalve.com\/wp-content\/uploads\/2022\/06\/worm-gear-wafer-concentric-butterfly-valve-300x225.png 300w, https:\/\/zecovalve.com\/wp-content\/uploads\/2022\/06\/worm-gear-wafer-concentric-butterfly-valve.png 600w\" sizes=\"auto, (max-width: 300px) 100vw, 300px\" \/><\/div>\n<p>Torkun artmas\u0131 nedeniyle b\u00fcy\u00fck \u00e7ap art\u0131r\u0131labilir, bu da bir t\u00fcrbin kafas\u0131 veya elektrikli akt\u00fcat\u00f6r eklenerek art\u0131r\u0131labilir. Elektrikli akt\u00fcat\u00f6rler, farkl\u0131 \u00e7al\u0131\u015fma ko\u015fullar\u0131na g\u00f6re ortak tip, ev tipi, patlamaya dayan\u0131kl\u0131 tip ve d\u00fczenleyici tip ile donat\u0131labilir.<span style=\"font-size: inherit;\">\u00a0uzaktan kontrol ve bilgisayar a\u011f\u0131 ger\u00e7ekle\u015ftirebilir.<\/span><\/p>\n<\/div>\n<div class=\"richtext\">\n<h2>Wafer Kelebek Vana Kurulumu ve Devreye Alma<\/h2>\n<div class=\"text-center\"><img loading=\"lazy\" decoding=\"async\" class=\"alignnone size-medium wp-image-17167\" src=\"https:\/\/zecovalve.com\/wp-content\/uploads\/2022\/06\/wafer-concentric-butterfly-valve-3-300x225.png\" alt=\"\" width=\"300\" height=\"225\" srcset=\"https:\/\/zecovalve.com\/wp-content\/uploads\/2022\/06\/wafer-concentric-butterfly-valve-3-300x225.png 300w, https:\/\/zecovalve.com\/wp-content\/uploads\/2022\/06\/wafer-concentric-butterfly-valve-3.png 600w\" sizes=\"auto, (max-width: 300px) 100vw, 300px\" \/><\/div>\n<p>Bu vana kelebek flan\u015f ile donat\u0131lm\u0131\u015f olmal\u0131d\u0131r. Kelebek vanay\u0131 boru hatt\u0131n\u0131n her iki ucundaki \u00f6zel flan\u015f\u0131n ortas\u0131na yerle\u015ftirin ve boru hatt\u0131 flan\u015f\u0131ndan \u00e7ift ba\u015fl\u0131 c\u0131vatay\u0131 kullan\u0131n ve kelebek vanay\u0131 s\u0131k\u0131ca kilitlemek i\u00e7in kelep\u00e7eleyin, ard\u0131ndan normal \u015fekilde kullan\u0131labilir. \u00d6zel kullan\u0131m i\u00e7in l\u00fctfen ZECO Valve Group'a dan\u0131\u015f\u0131n.<\/p>\n<\/div>\n<div class=\"richtext\">\n<h2>Wafer Kelebek Vana Malzemesi ve Standard\u0131<\/h2>\n<p>Boyut Aral\u0131\u011f\u0131: 2\u2033~48\u2033<\/p>\n<p>Bas\u0131n\u00e7 De\u011feri: 10bar ~ 25bar<\/p>\n<p>Y\u00fcz Y\u00fcze Boyutlar: EN 558-2008<\/p>\n<p>Flan\u015f U\u00e7 \u00d6l\u00e7\u00fcs\u00fc: EN1092-2, ISO 7005-2<\/p>\n<p>Kaplama: F\u00fczyon Ba\u011flant\u0131l\u0131 Epoksi Kaplama<\/p>\n<p>Muayene ve Test: EN 1074-1 ve 2, EN 12266<\/p>\n<p>&nbsp;<\/p>\n<div class=\"over-tabs\">\n<table width=\"1389\">\n<tbody>\n<tr class=\"firstRow\">\n<td>Par\u00e7a<\/td>\n<td>Malzeme<\/td>\n<td>Standart<\/td>\n<\/tr>\n<tr>\n<td>V\u00fccut<\/td>\n<td>Sfero D\u00f6k\u00fcm<\/td>\n<td>EN 1563\/DIN 1693<\/td>\n<\/tr>\n<tr>\n<td>Disk<\/td>\n<td>Sfero D\u00f6k\u00fcm<\/td>\n<td>EN 1563\/DIN 1693<\/td>\n<\/tr>\n<tr>\n<td>K\u00f6k<\/td>\n<td>Paslanmaz \u00c7elik 431<\/td>\n<td>EN10088-1\/ASTM A959<\/td>\n<\/tr>\n<tr>\n<td>Tutamak<\/td>\n<td>Sfero D\u00f6k\u00fcm<\/td>\n<td>EN 1563\/DIN 1693<\/td>\n<\/tr>\n<tr>\n<td>Koltuk<\/td>\n<td>EPDM<\/td>\n<td>ISO 4633<\/td>\n<\/tr>\n<tr>\n<td>Bur\u00e7<\/td>\n<td>CuZn39Pb1 \/ C37000<\/td>\n<td>EN12167\/ASTM B135<\/td>\n<\/tr>\n<tr>\n<td colspan=\"3\">Listede yer almayan malzeme se\u00e7enekleri i\u00e7in fabrikaya dan\u0131\u015f\u0131n.<\/p>\n<p>ZECO 50'den fazla farkl\u0131 ala\u015f\u0131mdan vana \u00fcretmektedir.<\/td>\n<\/tr>\n<\/tbody>\n<\/table>\n<\/div>\n<\/div>\n<\/div>\n<\/div>\n<\/div>\n<\/div>","protected":false},"excerpt":{"rendered":"<p>Gofret Kelebek Vana Gofret Kelebek Vana Festures yap\u0131s\u0131 basit ve kompakt, hafif, montaj\u0131 ve onar\u0131m\u0131 kolay; K\u00fc\u00e7\u00fck \u2026 <a title=\"Wafer Kelebek Vana\" class=\"read-more\" href=\"https:\/\/zecovalve.com\/tr\/urun\/wafer-butterfly-valve\" aria-label=\"Wafer Kelebek Vana hakk\u0131nda daha fazla bilgi\">Daha fazla bilgi edinin<\/a><\/p>","protected":false},"featured_media":17037,"comment_status":"closed","ping_status":"closed","template":"","meta":{"_generate-full-width-content":"","kt_blocks_editor_width":""},"product_cat":[2044,2514],"product_tag":[2806,2654,2658,2801],"class_list":["post-17160","product","type-product","status-publish","has-post-thumbnail","hentry","product_cat-butterfly-valve","product_cat-concentric-butterfly-valve","product_tag-butterfly-valve-wafer-type","product_tag-hvac-valve","product_tag-isolation-valve","product_tag-wafer-type-butterfly-valve","sales-flash-overlay","woocommerce-text-align-center","woocommerce-image-align-center","do-quantity-buttons"],"featured_image_src_large":["https:\/\/zecovalve.com\/wp-content\/uploads\/2022\/06\/wafer-butterfly-valve-1.jpg",330,300,false],"author_info":[],"comment_info":0,"taxonomy_info":{"product_cat":[{"value":2044,"label":"Butterfly Valve"},{"value":2514,"label":"Concentric Butterfly Valve"}],"product_tag":[{"value":2806,"label":"Butterfly Valve Wafer Type"},{"value":2654,"label":"HVAC Valve"},{"value":2658,"label":"Isolation Valve"},{"value":2801,"label":"Wafer Type Butterfly Valve"}]},"yoast_head":"<!-- This site is optimized with the Yoast SEO Premium plugin v15.4 - https:\/\/yoast.com\/wordpress\/plugins\/seo\/ -->\n<title>Wafer Butterfly Valve - ZECO Valve<\/title>\n<meta name=\"robots\" content=\"index, follow, max-snippet:-1, max-image-preview:large, max-video-preview:-1\" \/>\n<link rel=\"canonical\" href=\"https:\/\/zecovalve.com\/tr\/urun\/wafer-butterfly-valve\" \/>\n<meta property=\"og:locale\" content=\"tr_TR\" \/>\n<meta property=\"og:type\" content=\"article\" \/>\n<meta property=\"og:title\" content=\"Wafer Butterfly Valve - ZECO Valve\" \/>\n<meta property=\"og:description\" content=\"Wafer Butterfly Valve Festures of Wafer Butterfly Valve simple and compact in structure, light in weight, easy to assemble and repair; Small ... Read more\" \/>\n<meta property=\"og:url\" content=\"https:\/\/zecovalve.com\/tr\/urun\/wafer-butterfly-valve\" \/>\n<meta property=\"og:site_name\" content=\"ZECO Valve\" \/>\n<meta property=\"article:modified_time\" content=\"2022-07-10T10:52:46+00:00\" \/>\n<meta property=\"og:image\" content=\"https:\/\/zecovalve.com\/wp-content\/uploads\/2022\/06\/wafer-butterfly-valve-1.jpg\" \/>\n\t<meta property=\"og:image:width\" content=\"330\" \/>\n\t<meta property=\"og:image:height\" content=\"300\" \/>\n<meta name=\"twitter:card\" content=\"summary_large_image\" \/>\n<meta name=\"twitter:label1\" content=\"Yazan:\">\n\t<meta name=\"twitter:data1\" content=\"Jerry\">\n\t<meta name=\"twitter:label2\" content=\"Tahmini okuma s\u00fcresi\">\n\t<meta name=\"twitter:data2\" content=\"1 dakika\">\n<script type=\"application\/ld+json\" class=\"yoast-schema-graph\">{\"@context\":\"https:\/\/schema.org\",\"@graph\":[{\"@type\":\"WebSite\",\"@id\":\"https:\/\/zecovalve.com\/#website\",\"url\":\"https:\/\/zecovalve.com\/\",\"name\":\"ZECO Valve\",\"description\":\"Industrial Ball Valve, Gate Valve and Globe Valve Manufacturer\",\"potentialAction\":[{\"@type\":\"SearchAction\",\"target\":\"https:\/\/zecovalve.com\/?s={search_term_string}\",\"query-input\":\"required name=search_term_string\"}],\"inLanguage\":\"tr\"},{\"@type\":\"ImageObject\",\"@id\":\"https:\/\/zecovalve.com\/product\/wafer-butterfly-valve#primaryimage\",\"inLanguage\":\"tr\",\"url\":\"https:\/\/zecovalve.com\/wp-content\/uploads\/2022\/06\/wafer-butterfly-valve-1.jpg\",\"width\":330,\"height\":300,\"caption\":\"Wafer Butterfly Valve\"},{\"@type\":\"WebPage\",\"@id\":\"https:\/\/zecovalve.com\/product\/wafer-butterfly-valve#webpage\",\"url\":\"https:\/\/zecovalve.com\/product\/wafer-butterfly-valve\",\"name\":\"Wafer Butterfly Valve - ZECO Valve\",\"isPartOf\":{\"@id\":\"https:\/\/zecovalve.com\/#website\"},\"primaryImageOfPage\":{\"@id\":\"https:\/\/zecovalve.com\/product\/wafer-butterfly-valve#primaryimage\"},\"datePublished\":\"2022-06-27T08:25:55+00:00\",\"dateModified\":\"2022-07-10T10:52:46+00:00\",\"breadcrumb\":{\"@id\":\"https:\/\/zecovalve.com\/product\/wafer-butterfly-valve#breadcrumb\"},\"inLanguage\":\"tr\",\"potentialAction\":[{\"@type\":\"ReadAction\",\"target\":[\"https:\/\/zecovalve.com\/product\/wafer-butterfly-valve\"]}]},{\"@type\":\"BreadcrumbList\",\"@id\":\"https:\/\/zecovalve.com\/product\/wafer-butterfly-valve#breadcrumb\",\"itemListElement\":[{\"@type\":\"ListItem\",\"position\":1,\"item\":{\"@type\":\"WebPage\",\"@id\":\"https:\/\/zecovalve.com\/\",\"url\":\"https:\/\/zecovalve.com\/\",\"name\":\"Home\"}},{\"@type\":\"ListItem\",\"position\":2,\"item\":{\"@type\":\"WebPage\",\"@id\":\"https:\/\/zecovalve.com\/product-category\",\"url\":\"https:\/\/zecovalve.com\/product-category\",\"name\":\"Industrial Valve Manufacturer | Water Valve Manufacturer\"}},{\"@type\":\"ListItem\",\"position\":3,\"item\":{\"@type\":\"WebPage\",\"@id\":\"https:\/\/zecovalve.com\/product\/wafer-butterfly-valve\",\"url\":\"https:\/\/zecovalve.com\/product\/wafer-butterfly-valve\",\"name\":\"Wafer Butterfly Valve\"}}]}]}<\/script>\n<!-- \/ Yoast SEO Premium plugin. -->","_links":{"self":[{"href":"https:\/\/zecovalve.com\/tr\/wp-json\/wp\/v2\/product\/17160","targetHints":{"allow":["GET"]}}],"collection":[{"href":"https:\/\/zecovalve.com\/tr\/wp-json\/wp\/v2\/product"}],"about":[{"href":"https:\/\/zecovalve.com\/tr\/wp-json\/wp\/v2\/types\/product"}],"replies":[{"embeddable":true,"href":"https:\/\/zecovalve.com\/tr\/wp-json\/wp\/v2\/comments?post=17160"}],"wp:featuredmedia":[{"embeddable":true,"href":"https:\/\/zecovalve.com\/tr\/wp-json\/wp\/v2\/media\/17037"}],"wp:attachment":[{"href":"https:\/\/zecovalve.com\/tr\/wp-json\/wp\/v2\/media?parent=17160"}],"wp:term":[{"taxonomy":"product_cat","embeddable":true,"href":"https:\/\/zecovalve.com\/tr\/wp-json\/wp\/v2\/product_cat?post=17160"},{"taxonomy":"product_tag","embeddable":true,"href":"https:\/\/zecovalve.com\/tr\/wp-json\/wp\/v2\/product_tag?post=17160"}],"curies":[{"name":"wp","href":"https:\/\/api.w.org\/{rel}","templated":true}]}}