{"id":17184,"date":"2022-06-27T09:03:42","date_gmt":"2022-06-27T09:03:42","guid":{"rendered":"https:\/\/zecovalve.com\/?post_type=product&#038;p=17184"},"modified":"2022-07-03T06:37:53","modified_gmt":"2022-07-03T06:37:53","slug":"lug-butterfly-valve-2","status":"publish","type":"product","link":"https:\/\/zecovalve.com\/tr\/urun\/lug-butterfly-valve-2","title":{"rendered":"Lug Kelebek Vana"},"content":{"rendered":"<div class=\"sep-pages-boxs bgs clearfix\">\n<div class=\"sep-container clearfix\">\n<h1 class=\"titles sizes1 cens gtj-ff-bold\">Lug Kelebek Vana<\/h1>\n<div class=\"bq-sep-pro-detail-thumbs ons clearfix\">\n<div class=\"thumbs\">\n<div class=\"imgs ons\">\n<div class=\"swiper-container swiper-container-initialized swiper-container-horizontal\">\n<div class=\"swiper-wrapper\">\n<div class=\"swiper-slide swiper-slide-active\">\n<figure id=\"attachment_16941\" aria-describedby=\"caption-attachment-16941\" style=\"width: 290px\" class=\"wp-caption alignnone\"><img loading=\"lazy\" decoding=\"async\" class=\"size-medium wp-image-16941\" src=\"https:\/\/zecovalve.com\/wp-content\/uploads\/2022\/06\/lug-butterfly-valve-1-300x273.jpg\" alt=\"Lug Kelebek Vana\" width=\"300\" height=\"273\" srcset=\"https:\/\/zecovalve.com\/wp-content\/uploads\/2022\/06\/lug-butterfly-valve-1-300x273.jpg 300w, https:\/\/zecovalve.com\/wp-content\/uploads\/2022\/06\/lug-butterfly-valve-1.jpg 330w\" sizes=\"auto, (max-width: 300px) 100vw, 300px\" \/><figcaption id=\"caption-attachment-16941\" class=\"wp-caption-text\">Lug Kelebek Vana<\/figcaption><\/figure>\n<\/div>\n<\/div>\n<\/div>\n<div class=\"lr-lists-boxs\"><\/div>\n<\/div>\n<\/div>\n<\/div>\n<\/div>\n<\/div>\n<div class=\"sep-pages-boxs clearfix\">\n<div class=\"sep-container clearfix\">\n<div id=\"zf-nexts\" class=\"flex clearfix\">\n<div class=\"bq-zf-lefts\">\n<div class=\"richtext\">\n<h2>Lug Kelebek Vana \u00d6zellikleri<\/h2>\n<p><img loading=\"lazy\" decoding=\"async\" class=\"alignnone size-medium wp-image-17185\" src=\"https:\/\/zecovalve.com\/wp-content\/uploads\/2022\/06\/lug-butterfly-valve-1-1-300x225.jpg\" alt=\"\" width=\"300\" height=\"225\" srcset=\"https:\/\/zecovalve.com\/wp-content\/uploads\/2022\/06\/lug-butterfly-valve-1-1-300x225.jpg 300w, https:\/\/zecovalve.com\/wp-content\/uploads\/2022\/06\/lug-butterfly-valve-1-1.jpg 600w\" sizes=\"auto, (max-width: 300px) 100vw, 300px\" \/><\/p>\n<div class=\"text-center\"><\/div>\n<ul class=\"list-paddingleft-2\">\n<li>D\u00fc\u015f\u00fck a\u00e7ma torku, Radyal dinamik denge s\u0131zd\u0131rmazl\u0131k sistemi benimsenmi\u015ftir, b\u00f6ylece diskin giri\u015f ve \u00e7\u0131k\u0131\u015f\u0131n\u0131n her iki taraf\u0131ndaki kuvvetler kabaca dengelenir;<\/li>\n<li>\u00c7al\u0131\u015fma torkunu azaltmak ve valf milinin seyrek a\u00e7ma ve kapama ko\u015fullar\u0131nda kilitlenmesini \u00f6nlemek i\u00e7in kendinden ya\u011flamal\u0131 yatak;<\/li>\n<li>Daha iyi Conta halkas\u0131 malzemesi, conta grafit \/ karbon fiber \/ PTFE, vb. ile paslanmaz \u00e7elik sacdan yap\u0131lm\u0131\u015ft\u0131r. Kau\u00e7uk asbest levha malzemesine g\u00f6re a\u015f\u0131nmaya daha dayan\u0131kl\u0131, darbeye dayan\u0131kl\u0131, g\u00fcvenilir ve \u00e7evre dostudur;<\/li>\n<li>Salmastra-kombine s\u0131zd\u0131rmazl\u0131k sistemi, vanan\u0131n maksimum s\u0131z\u0131nt\u0131s\u0131n\u0131n \u226420ppm'ye ula\u015fmas\u0131n\u0131 sa\u011flar. Salmastra contas\u0131n\u0131n iyi durumda olmas\u0131 ve salmastran\u0131n \u00fccretsiz bak\u0131m s\u00fcresinin uzat\u0131lmas\u0131 i\u00e7in gerekirse dinamik s\u0131zd\u0131rmazl\u0131k yap\u0131s\u0131 kullan\u0131labilir.<\/li>\n<\/ul>\n<\/div>\n<div class=\"richtext\">\n<h2>Lug Kelebek Vana \u00c7al\u0131\u015fma Prensibi<\/h2>\n<div class=\"text-center\"><img loading=\"lazy\" decoding=\"async\" class=\"alignnone size-medium wp-image-17186\" src=\"https:\/\/zecovalve.com\/wp-content\/uploads\/2022\/06\/lug-butterfly-valve-2-300x225.jpg\" alt=\"\" width=\"300\" height=\"225\" srcset=\"https:\/\/zecovalve.com\/wp-content\/uploads\/2022\/06\/lug-butterfly-valve-2-300x225.jpg 300w, https:\/\/zecovalve.com\/wp-content\/uploads\/2022\/06\/lug-butterfly-valve-2.jpg 600w\" sizes=\"auto, (max-width: 300px) 100vw, 300px\" \/><\/div>\n<p>Lug tipi kelebek vanan\u0131n iki sabit se\u00e7ene\u011fi vard\u0131r <span style=\"font-size: inherit;\">sahadan ayr\u0131lmadan onar\u0131labilen, onar\u0131m s\u00fcresini k\u0131saltabilen ve verimlili\u011fi b\u00fcy\u00fck \u00f6l\u00e7\u00fcde art\u0131rabilen koltuk ve y\u00fczer koltuk. Sabit yataklar, ortam\u0131n ileri do\u011fru akt\u0131\u011f\u0131 vanalar i\u00e7in uygundur, bu nedenle conta yaln\u0131zca bir y\u00f6n i\u00e7indir ve kurulum s\u0131ras\u0131nda ak\u0131\u015f y\u00f6n\u00fcne dikkat edilmelidir. Valf yata\u011f\u0131 sabit olmas\u0131na ra\u011fmen, valf klapesinin s\u0131zd\u0131rmazl\u0131\u011f\u0131 hala \u00e7\u0131kar\u0131labilir. Vana y\u00fczer yata\u011fa sahipse, herhangi bir y\u00f6nde monte edilebilir.<\/span><\/p>\n<\/div>\n<div class=\"richtext\">\n<h2>Lug Kelebek Vana Kurulumu ve Devreye Alma<\/h2>\n<div class=\"text-center\"><img loading=\"lazy\" decoding=\"async\" class=\"alignnone size-medium wp-image-17187\" src=\"https:\/\/zecovalve.com\/wp-content\/uploads\/2022\/06\/lug-butterfly-valve-3-300x225.jpg\" alt=\"\" width=\"300\" height=\"225\" srcset=\"https:\/\/zecovalve.com\/wp-content\/uploads\/2022\/06\/lug-butterfly-valve-3-300x225.jpg 300w, https:\/\/zecovalve.com\/wp-content\/uploads\/2022\/06\/lug-butterfly-valve-3.jpg 600w\" sizes=\"auto, (max-width: 300px) 100vw, 300px\" \/><\/div>\n<p>Wafer lug tipi kelebek vana kuru, havaland\u0131rmal\u0131 bir odada depolanmal\u0131 ve vana kanal\u0131 her iki u\u00e7tan da bloke edilmelidir. Vanan\u0131n uzun s\u00fcreli depolanmas\u0131 d\u00fczenli olarak kontrol edilmeli ve kirden ar\u0131nd\u0131r\u0131lmal\u0131d\u0131r. S\u0131zd\u0131rmazl\u0131k y\u00fczeyinin zarar g\u00f6rmesini \u00f6nlemek i\u00e7in s\u0131zd\u0131rmazl\u0131k y\u00fczeyinin temizli\u011fine \u00f6zel dikkat g\u00f6sterilmelidir. \u00d6zel kullan\u0131m i\u00e7in l\u00fctfen Zeco Valve Group'a dan\u0131\u015f\u0131n.<\/p>\n<\/div>\n<div class=\"richtext\">\n<h2>Lug Kelebek Vana Malzemesi ve Standard\u0131<\/h2>\n<p>Boyut Aral\u0131\u011f\u0131: 2\u2033~48\u2033<br \/>\nBas\u0131n\u00e7 Derecesi: 150LB ~ 300LB<\/p>\n<p>Y\u00fcz Y\u00fcze Boyutlar: API 609, EN558<\/p>\n<p>Flan\u015f U\u00e7 \u00d6l\u00e7\u00fcs\u00fc: EN1092, ASME B16.5, ASME B16.47, AS2129<\/p>\n<p>Muayene ve Test: API 598<\/p>\n<div class=\"over-tabs\">\n<table cellspacing=\"0\">\n<tbody>\n<tr class=\"firstRow\">\n<td valign=\"center\">Par\u00e7a<\/td>\n<td valign=\"center\">Malzeme<\/td>\n<td valign=\"center\">Standart<\/td>\n<\/tr>\n<tr>\n<td valign=\"center\">V\u00fccut<\/td>\n<td valign=\"center\">GGG40\/WCB\/CF8M\/MONEL<\/td>\n<td valign=\"center\">ASTM STANDARDI<\/td>\n<\/tr>\n<tr>\n<td valign=\"center\">Disk<\/td>\n<td valign=\"center\">GGG40\/WCB\/CF8M\/MONEL<\/td>\n<td valign=\"center\">ASTM STANDARDI<\/td>\n<\/tr>\n<tr>\n<td valign=\"center\">K\u00f6k<\/td>\n<td valign=\"center\">SS420\/SS410\/SS316\/MONEL<\/td>\n<td valign=\"center\">ASTM STANDARDI<\/td>\n<\/tr>\n<tr>\n<td valign=\"center\">Koltuk<\/td>\n<td valign=\"center\">SERT CONTA\/PTFE\/GRAFIT<\/td>\n<td valign=\"center\">ASTM STANDARDI<\/td>\n<\/tr>\n<tr>\n<td colspan=\"3\" valign=\"center\">Listede yer almayan malzeme se\u00e7enekleri i\u00e7in fabrikaya dan\u0131\u015f\u0131n.<\/p>\n<p>Zeco, 50'den fazla farkl\u0131 ala\u015f\u0131mdan valf \u00fcretmektedir.<\/td>\n<\/tr>\n<\/tbody>\n<\/table>\n<\/div>\n<\/div>\n<\/div>\n<\/div>\n<\/div>\n<\/div>","protected":false},"excerpt":{"rendered":"<p>Lug Kelebek Vana Lug Kelebek Vanan\u0131n \u00d6zellikleri D\u00fc\u015f\u00fck a\u00e7ma torku, Radyal dinamik denge s\u0131zd\u0131rmazl\u0131k sistemi benimsenmi\u015ftir, b\u00f6ylece kuvvetler\u2026 <a title=\"Lug Kelebek Vana\" class=\"read-more\" href=\"https:\/\/zecovalve.com\/tr\/urun\/lug-butterfly-valve-2\" aria-label=\"Lug Kelebek Vana hakk\u0131nda daha fazla bilgi\">Daha fazla bilgi edinin<\/a><\/p>","protected":false},"featured_media":16941,"comment_status":"closed","ping_status":"closed","template":"","meta":{"_generate-full-width-content":"","kt_blocks_editor_width":""},"product_cat":[2044,2467],"product_tag":[2723],"class_list":["post-17184","product","type-product","status-publish","has-post-thumbnail","hentry","product_cat-butterfly-valve","product_cat-butterfly-valve-by-form","product_tag-what-is-a-valve","sales-flash-overlay","woocommerce-text-align-center","woocommerce-image-align-center","do-quantity-buttons"],"featured_image_src_large":["https:\/\/zecovalve.com\/wp-content\/uploads\/2022\/06\/lug-butterfly-valve-1.jpg",330,300,false],"author_info":[],"comment_info":0,"taxonomy_info":{"product_cat":[{"value":2044,"label":"Butterfly Valve"},{"value":2467,"label":"Butterfly Valve By Form"}],"product_tag":[{"value":2723,"label":"What is a Valve"}]},"yoast_head":"<!-- This site is optimized with the Yoast SEO Premium plugin v15.4 - https:\/\/yoast.com\/wordpress\/plugins\/seo\/ -->\n<title>Lug Butterfly Valve - ZECO Valve<\/title>\n<meta name=\"robots\" content=\"index, follow, max-snippet:-1, max-image-preview:large, max-video-preview:-1\" \/>\n<link rel=\"canonical\" href=\"https:\/\/zecovalve.com\/tr\/urun\/lug-butterfly-valve-2\" \/>\n<meta property=\"og:locale\" content=\"tr_TR\" \/>\n<meta property=\"og:type\" content=\"article\" \/>\n<meta property=\"og:title\" content=\"Lug Butterfly Valve - ZECO Valve\" \/>\n<meta property=\"og:description\" content=\"Lug Butterfly Valve Features of Lug Butterfly Valve Low opening torque, Radial dynamic balance sealing system is adopted, so that the forces ... Read more\" \/>\n<meta property=\"og:url\" content=\"https:\/\/zecovalve.com\/tr\/urun\/lug-butterfly-valve-2\" \/>\n<meta property=\"og:site_name\" content=\"ZECO Valve\" \/>\n<meta property=\"article:modified_time\" content=\"2022-07-03T06:37:53+00:00\" \/>\n<meta property=\"og:image\" content=\"https:\/\/zecovalve.com\/wp-content\/uploads\/2022\/06\/lug-butterfly-valve-1.jpg\" \/>\n\t<meta property=\"og:image:width\" content=\"330\" \/>\n\t<meta property=\"og:image:height\" content=\"300\" \/>\n<meta name=\"twitter:card\" content=\"summary_large_image\" \/>\n<meta name=\"twitter:label1\" content=\"Yazan:\">\n\t<meta name=\"twitter:data1\" content=\"Jerry\">\n\t<meta name=\"twitter:label2\" content=\"Tahmini okuma s\u00fcresi\">\n\t<meta name=\"twitter:data2\" content=\"2 dakika\">\n<script type=\"application\/ld+json\" class=\"yoast-schema-graph\">{\"@context\":\"https:\/\/schema.org\",\"@graph\":[{\"@type\":\"WebSite\",\"@id\":\"https:\/\/zecovalve.com\/#website\",\"url\":\"https:\/\/zecovalve.com\/\",\"name\":\"ZECO Valve\",\"description\":\"Industrial Ball Valve, Gate Valve and Globe Valve Manufacturer\",\"potentialAction\":[{\"@type\":\"SearchAction\",\"target\":\"https:\/\/zecovalve.com\/?s={search_term_string}\",\"query-input\":\"required name=search_term_string\"}],\"inLanguage\":\"tr\"},{\"@type\":\"ImageObject\",\"@id\":\"https:\/\/zecovalve.com\/product\/lug-butterfly-valve-2#primaryimage\",\"inLanguage\":\"tr\",\"url\":\"https:\/\/zecovalve.com\/wp-content\/uploads\/2022\/06\/lug-butterfly-valve-1.jpg\",\"width\":330,\"height\":300,\"caption\":\"Lug Butterfly Valve\"},{\"@type\":\"WebPage\",\"@id\":\"https:\/\/zecovalve.com\/product\/lug-butterfly-valve-2#webpage\",\"url\":\"https:\/\/zecovalve.com\/product\/lug-butterfly-valve-2\",\"name\":\"Lug Butterfly Valve - ZECO Valve\",\"isPartOf\":{\"@id\":\"https:\/\/zecovalve.com\/#website\"},\"primaryImageOfPage\":{\"@id\":\"https:\/\/zecovalve.com\/product\/lug-butterfly-valve-2#primaryimage\"},\"datePublished\":\"2022-06-27T09:03:42+00:00\",\"dateModified\":\"2022-07-03T06:37:53+00:00\",\"breadcrumb\":{\"@id\":\"https:\/\/zecovalve.com\/product\/lug-butterfly-valve-2#breadcrumb\"},\"inLanguage\":\"tr\",\"potentialAction\":[{\"@type\":\"ReadAction\",\"target\":[\"https:\/\/zecovalve.com\/product\/lug-butterfly-valve-2\"]}]},{\"@type\":\"BreadcrumbList\",\"@id\":\"https:\/\/zecovalve.com\/product\/lug-butterfly-valve-2#breadcrumb\",\"itemListElement\":[{\"@type\":\"ListItem\",\"position\":1,\"item\":{\"@type\":\"WebPage\",\"@id\":\"https:\/\/zecovalve.com\/\",\"url\":\"https:\/\/zecovalve.com\/\",\"name\":\"Home\"}},{\"@type\":\"ListItem\",\"position\":2,\"item\":{\"@type\":\"WebPage\",\"@id\":\"https:\/\/zecovalve.com\/product-category\",\"url\":\"https:\/\/zecovalve.com\/product-category\",\"name\":\"Industrial Valve Manufacturer | Water Valve Manufacturer\"}},{\"@type\":\"ListItem\",\"position\":3,\"item\":{\"@type\":\"WebPage\",\"@id\":\"https:\/\/zecovalve.com\/product\/lug-butterfly-valve-2\",\"url\":\"https:\/\/zecovalve.com\/product\/lug-butterfly-valve-2\",\"name\":\"Lug Butterfly Valve\"}}]}]}<\/script>\n<!-- \/ Yoast SEO Premium plugin. -->","_links":{"self":[{"href":"https:\/\/zecovalve.com\/tr\/wp-json\/wp\/v2\/product\/17184","targetHints":{"allow":["GET"]}}],"collection":[{"href":"https:\/\/zecovalve.com\/tr\/wp-json\/wp\/v2\/product"}],"about":[{"href":"https:\/\/zecovalve.com\/tr\/wp-json\/wp\/v2\/types\/product"}],"replies":[{"embeddable":true,"href":"https:\/\/zecovalve.com\/tr\/wp-json\/wp\/v2\/comments?post=17184"}],"wp:featuredmedia":[{"embeddable":true,"href":"https:\/\/zecovalve.com\/tr\/wp-json\/wp\/v2\/media\/16941"}],"wp:attachment":[{"href":"https:\/\/zecovalve.com\/tr\/wp-json\/wp\/v2\/media?parent=17184"}],"wp:term":[{"taxonomy":"product_cat","embeddable":true,"href":"https:\/\/zecovalve.com\/tr\/wp-json\/wp\/v2\/product_cat?post=17184"},{"taxonomy":"product_tag","embeddable":true,"href":"https:\/\/zecovalve.com\/tr\/wp-json\/wp\/v2\/product_tag?post=17184"}],"curies":[{"name":"wp","href":"https:\/\/api.w.org\/{rel}","templated":true}]}}