{"id":17206,"date":"2022-06-27T09:26:51","date_gmt":"2022-06-27T09:26:51","guid":{"rendered":"https:\/\/zecovalve.com\/?post_type=product&#038;p=17206"},"modified":"2023-06-26T05:40:05","modified_gmt":"2023-06-26T05:40:05","slug":"pressure-reducing-valve","status":"publish","type":"product","link":"https:\/\/zecovalve.com\/tr\/urun\/pressure-reducing-valve","title":{"rendered":"Bas\u0131n\u00e7 D\u00fc\u015f\u00fcr\u00fcc\u00fc Valf"},"content":{"rendered":"<div class=\"sep-pages-boxs bgs clearfix\">\n<div class=\"sep-container clearfix\">\n<h1 class=\"titles sizes1 cens gtj-ff-bold\">Bas\u0131n\u00e7 D\u00fc\u015f\u00fcr\u00fcc\u00fc Valf<\/h1>\n<div class=\"bq-sep-pro-detail-thumbs ons clearfix\">\n<div class=\"thumbs\">\n<div class=\"imgs ons\">\n<div class=\"swiper-container swiper-container-initialized swiper-container-horizontal\">\n<div class=\"swiper-wrapper\">\n<div class=\"swiper-slide swiper-slide-active\">\n<figure id=\"attachment_17014\" aria-describedby=\"caption-attachment-17014\" style=\"width: 290px\" class=\"wp-caption alignnone\"><img loading=\"lazy\" decoding=\"async\" class=\"size-medium wp-image-17014\" src=\"https:\/\/zecovalve.com\/wp-content\/uploads\/2022\/06\/pressure-reducing-valve-1-300x273.jpg\" alt=\"Bas\u0131n\u00e7 D\u00fc\u015f\u00fcr\u00fcc\u00fc Valf\" width=\"300\" height=\"273\" srcset=\"https:\/\/zecovalve.com\/wp-content\/uploads\/2022\/06\/pressure-reducing-valve-1-300x273.jpg 300w, https:\/\/zecovalve.com\/wp-content\/uploads\/2022\/06\/pressure-reducing-valve-1.jpg 330w\" sizes=\"auto, (max-width: 300px) 100vw, 300px\" \/><figcaption id=\"caption-attachment-17014\" class=\"wp-caption-text\"><a href=\"https:\/\/zecovalve.com\/tr\/water-pressure-reducing-valve-manufacturer-zeco-valve.html\/\" data-internallinksmanager029f6b8e52c=\"8\" title=\"Bas\u0131n\u00e7 D\u00fc\u015f\u00fcr\u00fcc\u00fc Valf\" target=\"_blank\" rel=\"noopener\">Bas\u0131n\u00e7 D\u00fc\u015f\u00fcr\u00fcc\u00fc Valf<\/a><\/figcaption><\/figure>\n<\/div>\n<\/div>\n<\/div>\n<div class=\"lr-lists-boxs\"><\/div>\n<\/div>\n<\/div>\n<\/div>\n<\/div>\n<\/div>\n<div class=\"sep-pages-boxs clearfix\">\n<div class=\"sep-container clearfix\">\n<div id=\"zf-nexts\" class=\"flex clearfix\">\n<div class=\"bq-zf-lefts\">\n<div class=\"richtext\">\n<h2>Bas\u0131n\u00e7 D\u00fc\u015f\u00fcr\u00fcc\u00fc Kontrol Vanas\u0131 \u015eenlikleri<\/h2>\n<div class=\"text-center\"><img loading=\"lazy\" decoding=\"async\" class=\"alignnone size-medium wp-image-17053\" src=\"https:\/\/zecovalve.com\/wp-content\/uploads\/2022\/06\/surge-anticipating-valve-features-300x225.png\" alt=\"\" width=\"300\" height=\"225\" srcset=\"https:\/\/zecovalve.com\/wp-content\/uploads\/2022\/06\/surge-anticipating-valve-features-300x225.png 300w, https:\/\/zecovalve.com\/wp-content\/uploads\/2022\/06\/surge-anticipating-valve-features.png 600w\" sizes=\"auto, (max-width: 300px) 100vw, 300px\" \/><\/div>\n<ul class=\"list-paddingleft-2\">\n<li>Hassas ve do\u011fru bas\u0131n\u00e7 kontrol\u00fc<\/li>\n<li>Ayarlanabilir statik bas\u0131n\u00e7 ve dinamik bas\u0131n\u00e7<\/li>\n<li>\u00c7\u0131k\u0131\u015f bas\u0131nc\u0131 giri\u015f bas\u0131nc\u0131 ile dalgalanmaz<\/li>\n<li>Tam port, k\u00fc\u00e7\u00fck s\u0131v\u0131 direnci<\/li>\n<\/ul>\n<\/div>\n<div class=\"richtext\">\n<h2>Bas\u0131n\u00e7 D\u00fc\u015f\u00fcr\u00fcc\u00fc Vana \u00c7al\u0131\u015fma Prensibi<\/h2>\n<div class=\"text-center\">\u00a0<img loading=\"lazy\" decoding=\"async\" class=\"alignnone size-medium wp-image-17208\" src=\"https:\/\/zecovalve.com\/wp-content\/uploads\/2022\/06\/pressure-reducing-control-valve-working-principle-300x225.jpg\" alt=\"\" width=\"300\" height=\"225\" srcset=\"https:\/\/zecovalve.com\/wp-content\/uploads\/2022\/06\/pressure-reducing-control-valve-working-principle-300x225.jpg 300w, https:\/\/zecovalve.com\/wp-content\/uploads\/2022\/06\/pressure-reducing-control-valve-working-principle.jpg 482w\" sizes=\"auto, (max-width: 300px) 100vw, 300px\" \/><\/div>\n<p>Su vanadan akt\u0131\u011f\u0131nda, su i\u011fneli vana arac\u0131l\u0131\u011f\u0131yla ana vana kontrol odas\u0131na akar ve \u00e7\u0131k\u0131\u015f bas\u0131nc\u0131 k\u0131lavuz kanal arac\u0131l\u0131\u011f\u0131yla pilot vanaya uygulan\u0131r. \u00c7\u0131k\u0131\u015f bas\u0131nc\u0131 pilot vanan\u0131n ayar bas\u0131nc\u0131ndan y\u00fcksek oldu\u011funda, \u00e7\u0131k\u0131\u015f bas\u0131nc\u0131 daha fazla y\u00fckselmez; vanan\u0131n \u00e7\u0131k\u0131\u015f bas\u0131nc\u0131 pilot vanan\u0131n ayar bas\u0131nc\u0131na d\u00fc\u015ft\u00fc\u011f\u00fcnde, pilot vana a\u00e7\u0131l\u0131r, su kontrol odas\u0131ndan d\u0131\u015far\u0131 bo\u015falt\u0131l\u0131r. Pilot vana sisteminden tahliye edilen su, su giri\u015finden daha fazla oldu\u011fu i\u00e7in ana vana kontrol odas\u0131ndaki bas\u0131n\u00e7 azal\u0131r. Giri\u015f bas\u0131nc\u0131 ana vanay\u0131 a\u00e7maya zorlar. Kararl\u0131 bir durumda, kontrol odas\u0131n\u0131n su giri\u015fi ve bo\u015falt\u0131lan su e\u015fittir. Ana vanan\u0131n a\u00e7\u0131lmas\u0131, sabit \u00e7\u0131k\u0131\u015f bas\u0131nc\u0131 ile sabit kal\u0131r.<\/p>\n<\/div>\n<div class=\"richtext\">\n<h2>Bas\u0131n\u00e7 D\u00fc\u015f\u00fcr\u00fcc\u00fc Vana Kurulumu ve Devreye Alma<\/h2>\n<div class=\"text-center\"><img loading=\"lazy\" decoding=\"async\" class=\"alignnone size-medium wp-image-17207\" src=\"https:\/\/zecovalve.com\/wp-content\/uploads\/2022\/06\/pressure-reducing-control-valve-installation-300x225.jpg\" alt=\"\" width=\"300\" height=\"225\" srcset=\"https:\/\/zecovalve.com\/wp-content\/uploads\/2022\/06\/pressure-reducing-control-valve-installation-300x225.jpg 300w, https:\/\/zecovalve.com\/wp-content\/uploads\/2022\/06\/pressure-reducing-control-valve-installation.jpg 489w\" sizes=\"auto, (max-width: 300px) 100vw, 300px\" \/><\/div>\n<p>\u00c7al\u0131\u015ft\u0131rma, ayarlama ve bak\u0131m kolayl\u0131\u011f\u0131 i\u00e7in <a href=\"https:\/\/zecovalve.com\/tr\/water-pressure-reducing-valve-manufacturer-zeco-valve.html\/\" data-internallinksmanager029f6b8e52c=\"8\" title=\"Bas\u0131n\u00e7 D\u00fc\u015f\u00fcr\u00fcc\u00fc Valf\" target=\"_blank\" rel=\"noopener\">bas\u0131n\u00e7 d\u00fc\u015f\u00fcr\u00fcc\u00fc valf<\/a> tipik olarak yatay bir boru \u00fczerine yedek bir boru ile birlikte monte edilir. <a href=\"https:\/\/zecovalve.com\/tr\/water-pressure-reducing-valve-manufacturer-zeco-valve.html\/\" data-internallinksmanager029f6b8e52c=\"8\" title=\"Bas\u0131n\u00e7 D\u00fc\u015f\u00fcr\u00fcc\u00fc Valf\" target=\"_blank\" rel=\"noopener\">bas\u0131n\u00e7 d\u00fc\u015f\u00fcr\u00fcc\u00fc valf<\/a> Grup. Bahar\u0131n her derecesi <a href=\"https:\/\/zecovalve.com\/tr\/water-pressure-reducing-valve-manufacturer-zeco-valve.html\/\" data-internallinksmanager029f6b8e52c=\"8\" title=\"Bas\u0131n\u00e7 D\u00fc\u015f\u00fcr\u00fcc\u00fc Valf\" target=\"_blank\" rel=\"noopener\">bas\u0131n\u00e7 d\u00fc\u015f\u00fcr\u00fcc\u00fc valf<\/a> \u00a0yaln\u0131zca belirli bir \u00e7\u0131k\u0131\u015f bas\u0131nc\u0131 aral\u0131\u011f\u0131nda uygulanabilir ve \u00e7\u0131k\u0131\u015f bas\u0131nc\u0131 yaln\u0131zca pilot valf yay\u0131n\u0131n ayarlanmas\u0131yla ayarlanabilir. \u00d6zel kullan\u0131m i\u00e7in l\u00fctfen ZECO Vana Grubuna dan\u0131\u015f\u0131n.<\/p>\n<\/div>\n<div class=\"richtext\">\n<h2>Bas\u0131n\u00e7 D\u00fc\u015f\u00fcr\u00fcc\u00fc Vana Malzemesi ve Standard\u0131<\/h2>\n<p>Boyut Aral\u0131\u011f\u0131: 2\u2033~24\u2033<\/p>\n<p>Bas\u0131n\u00e7 De\u011feri: 10bar ~ 25bar<\/p>\n<p>Y\u00fcz Y\u00fcze Boyutlar: AMSE B16.10, EN558-1<\/p>\n<p>Flan\u015f U\u00e7 \u00d6l\u00e7\u00fcs\u00fc: AMSE B16.1\/16.42, AS4087, EN1092-2<\/p>\n<p>Kaplama: F\u00fczyon Ba\u011flant\u0131l\u0131 Epoksi Kaplama<\/p>\n<p>Muayene ve Test: ISO 5208 \/ EN 12226-2<\/p>\n<div class=\"over-tabs\">\n<table width=\"1248\">\n<tbody>\n<tr class=\"firstRow\">\n<td>Par\u00e7a<\/td>\n<td>Malzeme<\/td>\n<td>Standart<\/td>\n<\/tr>\n<tr>\n<td>V\u00fccut<\/td>\n<td>Sfero D\u00f6k\u00fcm<\/td>\n<td>EN 1563\/DIN 1693<\/td>\n<\/tr>\n<tr>\n<td>Bone<\/td>\n<td>Sfero D\u00f6k\u00fcm<\/td>\n<td>EN 1563\/DIN 1693<\/td>\n<\/tr>\n<tr>\n<td>D\u00f6\u015feme<\/td>\n<td>Paslanmaz \u00c7elik 431<\/td>\n<td>EN10088-1\/ASTM A959<\/td>\n<\/tr>\n<tr>\n<td>Koltuk<\/td>\n<td>Paslanmaz \u00c7elik 431<\/td>\n<td>EN10088-1\/ASTM A959<\/td>\n<\/tr>\n<tr>\n<td>Diyafram<\/td>\n<td>EPDM \/ NBR<\/td>\n<td>ISO 4633<\/td>\n<\/tr>\n<tr>\n<td>Pilot Valf<\/td>\n<td>Paslanmaz \u00c7elik 431<\/td>\n<td>EN10088-1\/ASTM A959<\/td>\n<\/tr>\n<tr>\n<td colspan=\"3\">Listede yer almayan malzeme se\u00e7enekleri i\u00e7in fabrikaya dan\u0131\u015f\u0131n.<\/p>\n<p>ZECO 50'den fazla farkl\u0131 ala\u015f\u0131mdan vana \u00fcretmektedir.<\/td>\n<\/tr>\n<\/tbody>\n<\/table>\n<\/div>\n<\/div>\n<\/div>\n<\/div>\n<\/div>\n<\/div>","protected":false},"excerpt":{"rendered":"<p>Bas\u0131n\u00e7 D\u00fc\u015f\u00fcr\u00fcc\u00fc Vana Bas\u0131n\u00e7 D\u00fc\u015f\u00fcr\u00fcc\u00fc Kontrol Vanas\u0131n\u0131n \u00d6zellikleri Hassas ve do\u011fru bas\u0131n\u00e7 kontrol\u00fc Ayarlanabilir statik bas\u0131n\u00e7 ve dinamik bas\u0131n\u00e7 \u00c7\u0131k\u0131\u015f bas\u0131nc\u0131\u2026 <a title=\"Bas\u0131n\u00e7 D\u00fc\u015f\u00fcr\u00fcc\u00fc Valf\" class=\"read-more\" href=\"https:\/\/zecovalve.com\/tr\/urun\/pressure-reducing-valve\" aria-label=\"Bas\u0131n\u00e7 D\u00fc\u015f\u00fcr\u00fcc\u00fc Valf hakk\u0131nda daha fazla bilgi\">Daha fazla bilgi edinin<\/a><\/p>","protected":false},"featured_media":27951,"comment_status":"closed","ping_status":"closed","template":"","meta":{"_generate-full-width-content":"","kt_blocks_editor_width":""},"product_cat":[2597,2526],"product_tag":[2662,2805,2723],"class_list":["post-17206","product","type-product","status-publish","has-post-thumbnail","hentry","product_cat-pressure-control-valve","product_cat-water-control-valve","product_tag-pressure-control-valve","product_tag-pump-valve","product_tag-what-is-a-valve","sales-flash-overlay","woocommerce-text-align-center","woocommerce-image-align-center","do-quantity-buttons"],"featured_image_src_large":["https:\/\/zecovalve.com\/wp-content\/uploads\/2022\/06\/Pressure-Reducing-Valve-3.jpg",800,600,false],"author_info":[],"comment_info":0,"taxonomy_info":{"product_cat":[{"value":2597,"label":"Pressure Control Valve"},{"value":2526,"label":"Water Control Valve"}],"product_tag":[{"value":2662,"label":"Pressure Control Valve"},{"value":2805,"label":"Pump Valve"},{"value":2723,"label":"What is a Valve"}]},"yoast_head":"<!-- This site is optimized with the Yoast SEO Premium plugin v15.4 - https:\/\/yoast.com\/wordpress\/plugins\/seo\/ -->\n<title>Pressure Reducing Valve - ZECO Valve<\/title>\n<meta name=\"robots\" content=\"index, follow, max-snippet:-1, max-image-preview:large, max-video-preview:-1\" \/>\n<link rel=\"canonical\" href=\"https:\/\/zecovalve.com\/tr\/urun\/pressure-reducing-valve\" \/>\n<meta property=\"og:locale\" content=\"tr_TR\" \/>\n<meta property=\"og:type\" content=\"article\" \/>\n<meta property=\"og:title\" content=\"Pressure Reducing Valve - ZECO Valve\" \/>\n<meta property=\"og:description\" content=\"Pressure Reducing Valve Festures of Pressure Reducing Control Valve Sensitive and accurate pressure control Adjustable static pressure and dynamic pressure Outlet pressure ... Read more\" \/>\n<meta property=\"og:url\" content=\"https:\/\/zecovalve.com\/tr\/urun\/pressure-reducing-valve\" \/>\n<meta property=\"og:site_name\" content=\"ZECO Valve\" \/>\n<meta property=\"article:modified_time\" content=\"2023-06-26T05:40:05+00:00\" \/>\n<meta property=\"og:image\" content=\"https:\/\/zecovalve.com\/wp-content\/uploads\/2022\/06\/Pressure-Reducing-Valve-3.jpg\" \/>\n\t<meta property=\"og:image:width\" content=\"800\" \/>\n\t<meta property=\"og:image:height\" content=\"600\" \/>\n<meta name=\"twitter:card\" content=\"summary_large_image\" \/>\n<meta name=\"twitter:label1\" content=\"Yazan:\">\n\t<meta name=\"twitter:data1\" content=\"Jerry\">\n\t<meta name=\"twitter:label2\" content=\"Tahmini okuma s\u00fcresi\">\n\t<meta name=\"twitter:data2\" content=\"1 dakika\">\n<script type=\"application\/ld+json\" class=\"yoast-schema-graph\">{\"@context\":\"https:\/\/schema.org\",\"@graph\":[{\"@type\":\"WebSite\",\"@id\":\"https:\/\/zecovalve.com\/#website\",\"url\":\"https:\/\/zecovalve.com\/\",\"name\":\"ZECO Valve\",\"description\":\"Industrial Ball Valve, Gate Valve and Globe Valve Manufacturer\",\"potentialAction\":[{\"@type\":\"SearchAction\",\"target\":\"https:\/\/zecovalve.com\/?s={search_term_string}\",\"query-input\":\"required name=search_term_string\"}],\"inLanguage\":\"tr\"},{\"@type\":\"ImageObject\",\"@id\":\"https:\/\/zecovalve.com\/product\/pressure-reducing-valve#primaryimage\",\"inLanguage\":\"tr\",\"url\":\"https:\/\/zecovalve.com\/wp-content\/uploads\/2022\/06\/Pressure-Reducing-Valve-3.jpg\",\"width\":800,\"height\":600,\"caption\":\"Pressure Reducing Valve\"},{\"@type\":\"WebPage\",\"@id\":\"https:\/\/zecovalve.com\/product\/pressure-reducing-valve#webpage\",\"url\":\"https:\/\/zecovalve.com\/product\/pressure-reducing-valve\",\"name\":\"Pressure Reducing Valve - ZECO Valve\",\"isPartOf\":{\"@id\":\"https:\/\/zecovalve.com\/#website\"},\"primaryImageOfPage\":{\"@id\":\"https:\/\/zecovalve.com\/product\/pressure-reducing-valve#primaryimage\"},\"datePublished\":\"2022-06-27T09:26:51+00:00\",\"dateModified\":\"2023-06-26T05:40:05+00:00\",\"breadcrumb\":{\"@id\":\"https:\/\/zecovalve.com\/product\/pressure-reducing-valve#breadcrumb\"},\"inLanguage\":\"tr\",\"potentialAction\":[{\"@type\":\"ReadAction\",\"target\":[\"https:\/\/zecovalve.com\/product\/pressure-reducing-valve\"]}]},{\"@type\":\"BreadcrumbList\",\"@id\":\"https:\/\/zecovalve.com\/product\/pressure-reducing-valve#breadcrumb\",\"itemListElement\":[{\"@type\":\"ListItem\",\"position\":1,\"item\":{\"@type\":\"WebPage\",\"@id\":\"https:\/\/zecovalve.com\/\",\"url\":\"https:\/\/zecovalve.com\/\",\"name\":\"Home\"}},{\"@type\":\"ListItem\",\"position\":2,\"item\":{\"@type\":\"WebPage\",\"@id\":\"https:\/\/zecovalve.com\/product-category\",\"url\":\"https:\/\/zecovalve.com\/product-category\",\"name\":\"Industrial Valve Manufacturer | Water Valve Manufacturer\"}},{\"@type\":\"ListItem\",\"position\":3,\"item\":{\"@type\":\"WebPage\",\"@id\":\"https:\/\/zecovalve.com\/product\/pressure-reducing-valve\",\"url\":\"https:\/\/zecovalve.com\/product\/pressure-reducing-valve\",\"name\":\"Pressure Reducing Valve\"}}]}]}<\/script>\n<!-- \/ Yoast SEO Premium plugin. -->","_links":{"self":[{"href":"https:\/\/zecovalve.com\/tr\/wp-json\/wp\/v2\/product\/17206","targetHints":{"allow":["GET"]}}],"collection":[{"href":"https:\/\/zecovalve.com\/tr\/wp-json\/wp\/v2\/product"}],"about":[{"href":"https:\/\/zecovalve.com\/tr\/wp-json\/wp\/v2\/types\/product"}],"replies":[{"embeddable":true,"href":"https:\/\/zecovalve.com\/tr\/wp-json\/wp\/v2\/comments?post=17206"}],"wp:featuredmedia":[{"embeddable":true,"href":"https:\/\/zecovalve.com\/tr\/wp-json\/wp\/v2\/media\/27951"}],"wp:attachment":[{"href":"https:\/\/zecovalve.com\/tr\/wp-json\/wp\/v2\/media?parent=17206"}],"wp:term":[{"taxonomy":"product_cat","embeddable":true,"href":"https:\/\/zecovalve.com\/tr\/wp-json\/wp\/v2\/product_cat?post=17206"},{"taxonomy":"product_tag","embeddable":true,"href":"https:\/\/zecovalve.com\/tr\/wp-json\/wp\/v2\/product_tag?post=17206"}],"curies":[{"name":"wp","href":"https:\/\/api.w.org\/{rel}","templated":true}]}}