{"id":17240,"date":"2022-06-27T12:22:00","date_gmt":"2022-06-27T12:22:00","guid":{"rendered":"https:\/\/zecovalve.com\/?post_type=product&#038;p=17240"},"modified":"2023-06-26T06:05:35","modified_gmt":"2023-06-26T06:05:35","slug":"picv","status":"publish","type":"product","link":"https:\/\/zecovalve.com\/tr\/urun\/picv","title":{"rendered":"PICV"},"content":{"rendered":"<div class=\"sep-pages-boxs bgs clearfix\">\n<div class=\"sep-container clearfix\">\n<h1 class=\"titles sizes1 cens gtj-ff-bold\">PICV<\/h1>\n<div class=\"bq-sep-pro-detail-thumbs ons clearfix\">\n<div class=\"thumbs\">\n<div class=\"imgs ons\">\n<div class=\"swiper-container swiper-container-initialized swiper-container-horizontal\">\n<div class=\"swiper-wrapper\">\n<div class=\"swiper-slide swiper-slide-active\">\n<p><img loading=\"lazy\" decoding=\"async\" class=\"wp-image-27958 size-medium\" src=\"https:\/\/zecovalve.com\/wp-content\/uploads\/2022\/06\/PICV-300x225.jpg\" alt=\"PICV\" width=\"300\" height=\"225\" srcset=\"https:\/\/zecovalve.com\/wp-content\/uploads\/2022\/06\/PICV-300x225.jpg 300w, https:\/\/zecovalve.com\/wp-content\/uploads\/2022\/06\/PICV-768x576.jpg 768w, https:\/\/zecovalve.com\/wp-content\/uploads\/2022\/06\/PICV-600x450.jpg 600w, https:\/\/zecovalve.com\/wp-content\/uploads\/2022\/06\/PICV.jpg 800w\" sizes=\"auto, (max-width: 300px) 100vw, 300px\" \/><\/p>\n<\/div>\n<\/div>\n<\/div>\n<div class=\"lr-lists-boxs\"><\/div>\n<\/div>\n<\/div>\n<\/div>\n<\/div>\n<\/div>\n<div class=\"sep-pages-boxs clearfix\">\n<div class=\"sep-container clearfix\">\n<div id=\"zf-nexts\" class=\"flex clearfix\">\n<div class=\"bq-zf-lefts\">\n<div class=\"richtext\">\n<h2>Bas\u0131n\u00e7tan Ba\u011f\u0131ms\u0131z Kontrol Vanas\u0131n\u0131n \u00d6zellikleri<\/h2>\n<div class=\"text-center\"><\/div>\n<ul class=\"list-paddingleft-2\">\n<li>Otomatik ak\u0131\u015f d\u00fczenlemesi i\u00e7in harici enerjiye gerek yoktur;<\/li>\n<li>Gerekli tasar\u0131m ak\u0131\u015f\u0131n\u0131 kar\u015f\u0131lamak i\u00e7in ekipman\u0131 veya boru hatt\u0131 ak\u0131\u015f\u0131n\u0131 otomatik olarak ayarlay\u0131n;<\/li>\n<li>Sistem \u00e7al\u0131\u015ft\u0131r\u0131lmadan \u00f6nce bakiye hata ay\u0131klamas\u0131na gerek yoktur;<\/li>\n<li>Boru ak\u0131\u015f\u0131n\u0131 sabit tutun.<\/li>\n<\/ul>\n<\/div>\n<div class=\"richtext\">\n<h2>PICV \u00c7al\u0131\u015fma Prensibi<\/h2>\n<div class=\"text-center\"><\/div>\n<p>Bas\u0131n\u00e7 fark\u0131 kontrol aral\u0131\u011f\u0131 yukar\u0131da oldu\u011funda, valf tank\u0131 tamamen s\u0131k\u0131\u015ft\u0131r\u0131l\u0131r, \u00e7apraz ak\u0131\u015f alan\u0131 yaln\u0131zca minimum tasar\u0131m kanal\u0131d\u0131r ve ak\u0131\u015f h\u0131z\u0131, bas\u0131n\u00e7 fark\u0131yla birlikte de\u011fi\u015fir. Bas\u0131n\u00e7 fark\u0131 kontrol aral\u0131\u011f\u0131 dahilinde oldu\u011funda valf tank\u0131 bas\u0131n\u00e7 fark\u0131yla birlikte hareket ederek ak\u0131\u015f alan\u0131n\u0131 de\u011fi\u015ftirir ve ak\u0131\u015f\u0131 ayarlanan de\u011ferde tutar. Bas\u0131n\u00e7 fark\u0131 kontrol aral\u0131\u011f\u0131 alt\u0131nda, maksimum a\u015f\u0131r\u0131 ak\u0131m alan\u0131n\u0131 ortaya \u00e7\u0131karmak i\u00e7in vana tamamen uzat\u0131l\u0131r ve ak\u0131\u015f h\u0131z\u0131, bas\u0131n\u00e7 fark\u0131yla birlikte de\u011fi\u015fir.<\/p>\n<\/div>\n<div class=\"richtext\">\n<h2>PICV Kurulumu ve Devreye Al\u0131nmas\u0131<\/h2>\n<div class=\"text-center\"><img decoding=\"async\" title=\"Dinamik Balans Vanas\u0131 Montaj\u0131 ve Devreye Al\u0131nmas\u0131\" src=\"https:\/\/www.zhengfengvalve.com\/uploads\/image\/20210918\/14\/dynamic-balancing-valve-installation-and-commissioning.png\" alt=\"Dinamik Balans Vanas\u0131 Montaj\u0131 ve Devreye Al\u0131nmas\u0131\" \/><\/div>\n<p>Bu valf esas olarak ak\u0131\u015f reg\u00fclasyonu ve hidrolik denge i\u00e7in kullan\u0131l\u0131r. Kapat\u0131ld\u0131\u011f\u0131nda belli miktarda s\u0131z\u0131nt\u0131 oldu\u011fundan kapatma vanas\u0131 olarak kullan\u0131lamaz. \u00d6zel kullan\u0131m i\u00e7in l\u00fctfen Zeco Vana Grubuna dan\u0131\u015f\u0131n.<\/p>\n<\/div>\n<div class=\"richtext\">\n<h2>PICV Malzemesi ve Standard\u0131<\/h2>\n<p>Boyut Aral\u0131\u011f\u0131: 1\/2\u2033~2\u2033<br \/>\nBas\u0131n\u00e7 De\u011feri: 10bar ~ 25bar<\/p>\n<p>Y\u00fcz Y\u00fcze Boyutlar:EN 558-1, ASME B 16.10<\/p>\n<p>Flan\u015f Ucu Boyutu: BS 21<\/p>\n<p>Muayene ve Test: ISO 5208 \/ EN 12226-2<\/p>\n<div class=\"over-tabs\">\n<table cellspacing=\"0\">\n<tbody>\n<tr class=\"firstRow\">\n<td valign=\"center\">Par\u00e7a<\/td>\n<td valign=\"center\">Malzeme<\/td>\n<td valign=\"center\">Standart<\/td>\n<\/tr>\n<tr>\n<td valign=\"center\">V\u00fccut<\/td>\n<td valign=\"center\">CuZn39Pb1 \/ C37000<\/td>\n<td valign=\"center\">EN12167\/ASTM B135<\/td>\n<\/tr>\n<tr>\n<td valign=\"center\">Bone<\/td>\n<td valign=\"center\">CuZn39Pb1 \/ C37000<\/td>\n<td valign=\"center\">EN12167\/ASTM B135<\/td>\n<\/tr>\n<tr>\n<td valign=\"center\">D\u00f6\u015feme<\/td>\n<td valign=\"center\">CuZn39Pb1 \/ C37000<\/td>\n<td valign=\"center\">EN12167\/ASTM B135<\/td>\n<\/tr>\n<tr>\n<td valign=\"center\">\u00d6l\u00e7\u00fcm Portu<\/td>\n<td valign=\"center\">CuZn39Pb1 \/ C37000<\/td>\n<td valign=\"center\">EN12167\/ASTM B135<\/td>\n<\/tr>\n<tr>\n<td valign=\"center\">O-Ring<\/td>\n<td valign=\"center\">EPDM \/ NBR<\/td>\n<td valign=\"center\">ISO 4633<\/td>\n<\/tr>\n<tr>\n<td valign=\"center\">El \u00c7ark\u0131<\/td>\n<td valign=\"center\">Naylon<\/td>\n<td valign=\"center\">ISO 4633<\/td>\n<\/tr>\n<tr>\n<td colspan=\"3\" valign=\"center\">Listede yer almayan malzeme se\u00e7enekleri i\u00e7in fabrikaya dan\u0131\u015f\u0131n.<\/p>\n<p>Zeco, 50'den fazla farkl\u0131 ala\u015f\u0131mdan valf \u00fcretmektedir.<\/td>\n<\/tr>\n<\/tbody>\n<\/table>\n<\/div>\n<\/div>\n<\/div>\n<\/div>\n<\/div>\n<\/div>","protected":false},"excerpt":{"rendered":"<p>PICV Bas\u0131n\u00e7tan Ba\u011f\u0131ms\u0131z Kontrol Vanas\u0131n\u0131n \u00d6zellikleri Otomatik ak\u0131\u015f reg\u00fclasyonu i\u00e7in harici enerjiye gerek yoktur; Ekipman\u0131 veya boru hatt\u0131 ak\u0131\u015f\u0131n\u0131 otomatik olarak ayarlay\u0131n\u2026 <a title=\"PICV\" class=\"read-more\" href=\"https:\/\/zecovalve.com\/tr\/urun\/picv\" aria-label=\"PICV hakk\u0131nda daha fazlas\u0131\">Daha fazla bilgi edinin<\/a><\/p>","protected":false},"featured_media":27958,"comment_status":"closed","ping_status":"closed","template":"","meta":{"_generate-full-width-content":"","kt_blocks_editor_width":""},"product_cat":[2512],"product_tag":[2724,2654,2766,2727],"class_list":["post-17240","product","type-product","status-publish","has-post-thumbnail","hentry","product_cat-balancing-valve","product_tag-balancing-valve","product_tag-hvac-valve","product_tag-motorised-valve","product_tag-motorized-valve","sales-flash-overlay","woocommerce-text-align-center","woocommerce-image-align-center","do-quantity-buttons"],"featured_image_src_large":["https:\/\/zecovalve.com\/wp-content\/uploads\/2022\/06\/PICV.jpg",800,600,false],"author_info":[],"comment_info":0,"taxonomy_info":{"product_cat":[{"value":2512,"label":"Balancing Valve"}],"product_tag":[{"value":2724,"label":"Balancing Valve"},{"value":2654,"label":"HVAC Valve"},{"value":2766,"label":"Motorised Valve"},{"value":2727,"label":"Motorized Valve"}]},"yoast_head":"<!-- This site is optimized with the Yoast SEO Premium plugin v15.4 - https:\/\/yoast.com\/wordpress\/plugins\/seo\/ -->\n<title>PICV - ZECO Valve<\/title>\n<meta name=\"robots\" content=\"index, follow, max-snippet:-1, max-image-preview:large, max-video-preview:-1\" \/>\n<link rel=\"canonical\" href=\"https:\/\/zecovalve.com\/tr\/urun\/picv\" \/>\n<meta property=\"og:locale\" content=\"tr_TR\" \/>\n<meta property=\"og:type\" content=\"article\" \/>\n<meta property=\"og:title\" content=\"PICV - ZECO Valve\" \/>\n<meta property=\"og:description\" content=\"PICV Features of Pressure Independent Control Valve No external energy is required for automatic flow regulation; Automatically adjust equipment or pipeline flow ... Read more\" \/>\n<meta property=\"og:url\" content=\"https:\/\/zecovalve.com\/tr\/urun\/picv\" \/>\n<meta property=\"og:site_name\" content=\"ZECO Valve\" \/>\n<meta property=\"article:modified_time\" content=\"2023-06-26T06:05:35+00:00\" \/>\n<meta property=\"og:image\" content=\"https:\/\/zecovalve.com\/wp-content\/uploads\/2022\/06\/PICV.jpg\" \/>\n\t<meta property=\"og:image:width\" content=\"800\" \/>\n\t<meta property=\"og:image:height\" content=\"600\" \/>\n<meta name=\"twitter:card\" content=\"summary_large_image\" \/>\n<meta name=\"twitter:label1\" content=\"Yazan:\">\n\t<meta name=\"twitter:data1\" content=\"Jerry\">\n\t<meta name=\"twitter:label2\" content=\"Tahmini okuma s\u00fcresi\">\n\t<meta name=\"twitter:data2\" content=\"1 dakika\">\n<script type=\"application\/ld+json\" class=\"yoast-schema-graph\">{\"@context\":\"https:\/\/schema.org\",\"@graph\":[{\"@type\":\"WebSite\",\"@id\":\"https:\/\/zecovalve.com\/#website\",\"url\":\"https:\/\/zecovalve.com\/\",\"name\":\"ZECO Valve\",\"description\":\"Industrial Ball Valve, Gate Valve and Globe Valve Manufacturer\",\"potentialAction\":[{\"@type\":\"SearchAction\",\"target\":\"https:\/\/zecovalve.com\/?s={search_term_string}\",\"query-input\":\"required name=search_term_string\"}],\"inLanguage\":\"tr\"},{\"@type\":\"ImageObject\",\"@id\":\"https:\/\/zecovalve.com\/product\/picv#primaryimage\",\"inLanguage\":\"tr\",\"url\":\"https:\/\/zecovalve.com\/wp-content\/uploads\/2022\/06\/PICV.jpg\",\"width\":800,\"height\":600,\"caption\":\"PICV\"},{\"@type\":\"WebPage\",\"@id\":\"https:\/\/zecovalve.com\/product\/picv#webpage\",\"url\":\"https:\/\/zecovalve.com\/product\/picv\",\"name\":\"PICV - ZECO Valve\",\"isPartOf\":{\"@id\":\"https:\/\/zecovalve.com\/#website\"},\"primaryImageOfPage\":{\"@id\":\"https:\/\/zecovalve.com\/product\/picv#primaryimage\"},\"datePublished\":\"2022-06-27T12:22:00+00:00\",\"dateModified\":\"2023-06-26T06:05:35+00:00\",\"breadcrumb\":{\"@id\":\"https:\/\/zecovalve.com\/product\/picv#breadcrumb\"},\"inLanguage\":\"tr\",\"potentialAction\":[{\"@type\":\"ReadAction\",\"target\":[\"https:\/\/zecovalve.com\/product\/picv\"]}]},{\"@type\":\"BreadcrumbList\",\"@id\":\"https:\/\/zecovalve.com\/product\/picv#breadcrumb\",\"itemListElement\":[{\"@type\":\"ListItem\",\"position\":1,\"item\":{\"@type\":\"WebPage\",\"@id\":\"https:\/\/zecovalve.com\/\",\"url\":\"https:\/\/zecovalve.com\/\",\"name\":\"Home\"}},{\"@type\":\"ListItem\",\"position\":2,\"item\":{\"@type\":\"WebPage\",\"@id\":\"https:\/\/zecovalve.com\/product-category\",\"url\":\"https:\/\/zecovalve.com\/product-category\",\"name\":\"Industrial Valve Manufacturer | Water Valve Manufacturer\"}},{\"@type\":\"ListItem\",\"position\":3,\"item\":{\"@type\":\"WebPage\",\"@id\":\"https:\/\/zecovalve.com\/product\/picv\",\"url\":\"https:\/\/zecovalve.com\/product\/picv\",\"name\":\"PICV\"}}]}]}<\/script>\n<!-- \/ Yoast SEO Premium plugin. -->","_links":{"self":[{"href":"https:\/\/zecovalve.com\/tr\/wp-json\/wp\/v2\/product\/17240","targetHints":{"allow":["GET"]}}],"collection":[{"href":"https:\/\/zecovalve.com\/tr\/wp-json\/wp\/v2\/product"}],"about":[{"href":"https:\/\/zecovalve.com\/tr\/wp-json\/wp\/v2\/types\/product"}],"replies":[{"embeddable":true,"href":"https:\/\/zecovalve.com\/tr\/wp-json\/wp\/v2\/comments?post=17240"}],"wp:featuredmedia":[{"embeddable":true,"href":"https:\/\/zecovalve.com\/tr\/wp-json\/wp\/v2\/media\/27958"}],"wp:attachment":[{"href":"https:\/\/zecovalve.com\/tr\/wp-json\/wp\/v2\/media?parent=17240"}],"wp:term":[{"taxonomy":"product_cat","embeddable":true,"href":"https:\/\/zecovalve.com\/tr\/wp-json\/wp\/v2\/product_cat?post=17240"},{"taxonomy":"product_tag","embeddable":true,"href":"https:\/\/zecovalve.com\/tr\/wp-json\/wp\/v2\/product_tag?post=17240"}],"curies":[{"name":"wp","href":"https:\/\/api.w.org\/{rel}","templated":true}]}}