{"id":17283,"date":"2022-06-27T12:55:57","date_gmt":"2022-06-27T12:55:57","guid":{"rendered":"https:\/\/zecovalve.com\/?post_type=product&#038;p=17283"},"modified":"2023-06-15T13:14:22","modified_gmt":"2023-06-15T13:14:22","slug":"metal-seated-gate-valve","status":"publish","type":"product","link":"https:\/\/zecovalve.com\/tr\/urun\/metal-seated-gate-valve","title":{"rendered":"Metal Oturmal\u0131 S\u00fcrg\u00fcl\u00fc Vana"},"content":{"rendered":"<div class=\"sep-pages-boxs bgs clearfix\">\n<div class=\"sep-container clearfix\">\n<p><img loading=\"lazy\" decoding=\"async\" class=\"size-medium wp-image-27897\" src=\"https:\/\/zecovalve.com\/wp-content\/uploads\/2022\/06\/Metal-Seated-Gate-Valve-1-300x225.jpg\" alt=\"Metal Oturmal\u0131 S\u00fcrg\u00fcl\u00fc Vana\" width=\"300\" height=\"225\" srcset=\"https:\/\/zecovalve.com\/wp-content\/uploads\/2022\/06\/Metal-Seated-Gate-Valve-1-300x225.jpg 300w, https:\/\/zecovalve.com\/wp-content\/uploads\/2022\/06\/Metal-Seated-Gate-Valve-1-768x576.jpg 768w, https:\/\/zecovalve.com\/wp-content\/uploads\/2022\/06\/Metal-Seated-Gate-Valve-1-600x450.jpg 600w, https:\/\/zecovalve.com\/wp-content\/uploads\/2022\/06\/Metal-Seated-Gate-Valve-1.jpg 800w\" sizes=\"auto, (max-width: 300px) 100vw, 300px\" \/><\/p>\n<\/div>\n<\/div>\n<div class=\"sep-pages-boxs clearfix\">\n<div class=\"sep-container clearfix\">\n<div id=\"zf-nexts\" class=\"flex clearfix\">\n<div class=\"bq-zf-lefts\">\n<div class=\"richtext\">\n<h2>Metal Oturmal\u0131 S\u00fcrg\u00fcl\u00fc Vanan\u0131n \u00d6zellikleri<\/h2>\n<div class=\"text-center\"><img loading=\"lazy\" decoding=\"async\" class=\"alignnone size-medium wp-image-16925\" src=\"https:\/\/zecovalve.com\/wp-content\/uploads\/2022\/06\/how-gate-valve-works-300x300.jpg\" alt=\"\" width=\"300\" height=\"300\" srcset=\"https:\/\/zecovalve.com\/wp-content\/uploads\/2022\/06\/how-gate-valve-works-300x300.jpg 300w, https:\/\/zecovalve.com\/wp-content\/uploads\/2022\/06\/how-gate-valve-works-150x150.jpg 150w, https:\/\/zecovalve.com\/wp-content\/uploads\/2022\/06\/how-gate-valve-works-768x768.jpg 768w, https:\/\/zecovalve.com\/wp-content\/uploads\/2022\/06\/how-gate-valve-works-400x400.jpg 400w, https:\/\/zecovalve.com\/wp-content\/uploads\/2022\/06\/how-gate-valve-works-600x600.jpg 600w, https:\/\/zecovalve.com\/wp-content\/uploads\/2022\/06\/how-gate-valve-works-100x100.jpg 100w, https:\/\/zecovalve.com\/wp-content\/uploads\/2022\/06\/how-gate-valve-works.jpg 800w\" sizes=\"auto, (max-width: 300px) 100vw, 300px\" \/><\/div>\n<ul class=\"list-paddingleft-2\">\n<li>G\u00f6vde, \u00fc\u00e7 ba\u011f\u0131ms\u0131z conta ile kal\u0131c\u0131 olarak kapat\u0131lm\u0131\u015ft\u0131r ve conta uzun kullan\u0131mdan sonra a\u015f\u0131n\u0131rsa, yaln\u0131zca salmastra c\u0131vatalar\u0131n\u0131n s\u0131k\u0131lmas\u0131 gerekir;<\/li>\n<li>K\u00fcresel durdurma itme kuvveti, d\u00fc\u015f\u00fck s\u00fcrt\u00fcnme direnci, b\u00f6ylece valfin a\u00e7\u0131lmas\u0131 ve kapanmas\u0131 kolayd\u0131r, d\u00fc\u015f\u00fck \u00e7al\u0131\u015fma torku;<\/li>\n<li>Ana g\u00f6vde O-halkas\u0131 borudaki bas\u0131n\u00e7la de\u011fi\u015ftirilebilir;<\/li>\n<li>\u00dcr\u00fcn\u00fcn i\u00e7 ve d\u0131\u015f y\u00fczeyine p\u00fcsk\u00fcrt\u00fclen epoksi re\u00e7ine, paslanmas\u0131 kolay de\u011fildir.<\/li>\n<\/ul>\n<\/div>\n<div class=\"richtext\">\n<h2>Metal Oturmal\u0131 S\u00fcrg\u00fcl\u00fc Vana \u00c7al\u0131\u015fma Prensibi<\/h2>\n<div class=\"text-center\"><img loading=\"lazy\" decoding=\"async\" class=\"alignnone size-medium wp-image-17284\" src=\"https:\/\/zecovalve.com\/wp-content\/uploads\/2022\/06\/metal-seated-gate-valve-2-300x225.jpg\" alt=\"\" width=\"300\" height=\"225\" srcset=\"https:\/\/zecovalve.com\/wp-content\/uploads\/2022\/06\/metal-seated-gate-valve-2-300x225.jpg 300w, https:\/\/zecovalve.com\/wp-content\/uploads\/2022\/06\/metal-seated-gate-valve-2.jpg 600w\" sizes=\"auto, (max-width: 300px) 100vw, 300px\" \/><\/div>\n<p>Metal Oturmal\u0131 giri\u015f valfi ve esnek oturmal\u0131 giri\u015f valfi, Genellikle her ikisi de su boru hatt\u0131nda kullan\u0131labilir, esnek oturmal\u0131 giri\u015f valfi daha \u00e7ok temiz su boru hatt\u0131 i\u00e7in kullan\u0131labilir, \u00e7\u00fcnk\u00fc gran\u00fcler ortam kap\u0131n\u0131n kau\u00e7u\u011funa zarar verirken metal oturmal\u0131 giri\u015f valfi Daha yayg\u0131n olarak kullan\u0131ld\u0131\u011f\u0131nda, bronz koltu\u011fun gran\u00fcler ortamda sertli\u011fi de s\u0131zd\u0131rmazl\u0131k etkisini elde etmek i\u00e7in \u00e7ok iyi olabilir ve servis \u00f6mr\u00fc b\u00fcy\u00fck \u00f6l\u00e7\u00fcde etkilenmeyecektir. Ancak metal yatakl\u0131 s\u00fcrg\u00fcl\u00fc vana \u00fcretim d\u00f6ng\u00fcs\u00fc daha uzun oldu\u011fundan, kullan\u0131m maliyetleri daha y\u00fcksek oldu\u011fundan, ikisi aras\u0131nda se\u00e7im yapmak veya \u00e7al\u0131\u015fma ko\u015fullar\u0131na, ortam ko\u015fullar\u0131na ve b\u00fct\u00e7eye g\u00f6re se\u00e7im yapmak.<\/p>\n<\/div>\n<div class=\"richtext\">\n<h2>Metal Yatakl\u0131 S\u00fcrg\u00fcl\u00fc Vana Montaj\u0131 ve Devreye Al\u0131nmas\u0131<\/h2>\n<div class=\"text-center\"><img loading=\"lazy\" decoding=\"async\" class=\"alignnone size-medium wp-image-17285\" src=\"https:\/\/zecovalve.com\/wp-content\/uploads\/2022\/06\/metal-seated-gate-valve-3-300x225.jpg\" alt=\"\" width=\"300\" height=\"225\" srcset=\"https:\/\/zecovalve.com\/wp-content\/uploads\/2022\/06\/metal-seated-gate-valve-3-300x225.jpg 300w, https:\/\/zecovalve.com\/wp-content\/uploads\/2022\/06\/metal-seated-gate-valve-3.jpg 600w\" sizes=\"auto, (max-width: 300px) 100vw, 300px\" \/><\/div>\n<p>Boru hatt\u0131ndaki metal yatakl\u0131 s\u00fcrg\u00fcl\u00fc vana s\u0131k bak\u0131m gerektirmez, kullan\u0131m s\u00fcresine ba\u011fl\u0131 olarak, s\u0131z\u0131nt\u0131 olas\u0131l\u0131\u011f\u0131n\u0131 azaltmak i\u00e7in g\u00f6vde O-ringi periyodik olarak de\u011fi\u015ftirilebilir. \u00d6zel kullan\u0131m i\u00e7in l\u00fctfen Zeco Vana Grubuna dan\u0131\u015f\u0131n.<\/p>\n<\/div>\n<div class=\"richtext\">\n<h2>Metal Oturmal\u0131 S\u00fcrg\u00fcl\u00fc Vana Malzemesi ve Standard\u0131<\/h2>\n<p>Boyut Aral\u0131\u011f\u0131: 2\u2033~64\u2033<br \/>\nBas\u0131n\u00e7 De\u011feri: 10bar ~ 25bar<\/p>\n<p>Y\u00fcz Y\u00fcze Boyutlar: AMSE B16.10, EN558-1<\/p>\n<p>Flan\u015f Ucu Boyutu: AMSE B16.5, AS4087, EN1092-2<\/p>\n<p>Kaplama: WRAS onayl\u0131 Fusion Bonded Epoksi Kaplama<\/p>\n<p>Muayene ve Test: ISO 5208 \/ EN 12226-2<\/p>\n<div class=\"over-tabs\">\n<table cellspacing=\"0\">\n<tbody>\n<tr class=\"firstRow\">\n<td valign=\"center\">Par\u00e7a<\/td>\n<td valign=\"center\">Malzeme<\/td>\n<td valign=\"center\">Standart<\/td>\n<\/tr>\n<tr>\n<td valign=\"center\">V\u00fccut<\/td>\n<td valign=\"center\">Sfero Demir \/ D\u00f6kme Demir<\/td>\n<td valign=\"center\">EN 1563\/DIN 1693<\/td>\n<\/tr>\n<tr>\n<td valign=\"center\">Bone<\/td>\n<td valign=\"center\">Sfero Demir \/ D\u00f6kme Demir<\/td>\n<td valign=\"center\">EN 1563\/DIN 1693<\/td>\n<\/tr>\n<tr>\n<td valign=\"center\">D\u00f6\u015feme<\/td>\n<td valign=\"center\">Sfero Demir \/ D\u00f6kme Demir<\/td>\n<td valign=\"center\">EN 1563\/DIN 1693<\/td>\n<\/tr>\n<tr>\n<td valign=\"center\">Koltuk<\/td>\n<td valign=\"center\">Bronz\/Pirin\u00e7<\/td>\n<td valign=\"center\">ASTM B62\/ ASTM B148<\/td>\n<\/tr>\n<tr>\n<td valign=\"center\">O-ring<\/td>\n<td valign=\"center\">EPDM \/ NBR<\/td>\n<td valign=\"center\">ISO 4633<\/td>\n<\/tr>\n<tr>\n<td colspan=\"3\" valign=\"center\">Listede yer almayan malzeme se\u00e7enekleri i\u00e7in fabrikaya dan\u0131\u015f\u0131n.<\/p>\n<p>Zeco, 50'den fazla farkl\u0131 ala\u015f\u0131mdan valf \u00fcretmektedir.<\/td>\n<\/tr>\n<\/tbody>\n<\/table>\n<\/div>\n<\/div>\n<\/div>\n<\/div>\n<\/div>\n<\/div>","protected":false},"excerpt":{"rendered":"<p>Metal Oturmal\u0131 S\u00fcrg\u00fcl\u00fc Vanan\u0131n \u00d6zellikleri G\u00f6vde \u00fc\u00e7 ba\u011f\u0131ms\u0131z conta ile kal\u0131c\u0131 olarak kapat\u0131lm\u0131\u015ft\u0131r ve e\u011fer conta daha sonra a\u015f\u0131n\u0131rsa\u2026 <a title=\"Metal Oturmal\u0131 S\u00fcrg\u00fcl\u00fc Vana\" class=\"read-more\" href=\"https:\/\/zecovalve.com\/tr\/urun\/metal-seated-gate-valve\" aria-label=\"Metal Oturmal\u0131 S\u00fcrg\u00fcl\u00fc Vana hakk\u0131nda daha fazlas\u0131\">Daha fazla bilgi edinin<\/a><\/p>","protected":false},"featured_media":27897,"comment_status":"closed","ping_status":"closed","template":"","meta":{"_generate-full-width-content":"","kt_blocks_editor_width":""},"product_cat":[2510],"product_tag":[2658,2798],"class_list":["post-17283","product","type-product","status-publish","has-post-thumbnail","hentry","product_cat-water-gate-valve","product_tag-isolation-valve","product_tag-osy-valve","sales-flash-overlay","woocommerce-text-align-center","woocommerce-image-align-center","do-quantity-buttons"],"featured_image_src_large":["https:\/\/zecovalve.com\/wp-content\/uploads\/2022\/06\/Metal-Seated-Gate-Valve-1.jpg",800,600,false],"author_info":[],"comment_info":0,"taxonomy_info":{"product_cat":[{"value":2510,"label":"Water Gate Valve"}],"product_tag":[{"value":2658,"label":"Isolation Valve"},{"value":2798,"label":"OS&amp;Y Valve"}]},"yoast_head":"<!-- This site is optimized with the Yoast SEO Premium plugin v15.4 - https:\/\/yoast.com\/wordpress\/plugins\/seo\/ -->\n<title>Metal Seated Gate Valve - ZECO Valve<\/title>\n<meta name=\"robots\" content=\"index, follow, max-snippet:-1, max-image-preview:large, max-video-preview:-1\" \/>\n<link rel=\"canonical\" href=\"https:\/\/zecovalve.com\/tr\/urun\/metal-seated-gate-valve\" \/>\n<meta property=\"og:locale\" content=\"tr_TR\" \/>\n<meta property=\"og:type\" content=\"article\" \/>\n<meta property=\"og:title\" content=\"Metal Seated Gate Valve - ZECO Valve\" \/>\n<meta property=\"og:description\" content=\"Features of Metal Seated Gate Valve The stem is permanently sealed by three independent seals, and if the seal wears out after ... Read more\" \/>\n<meta property=\"og:url\" content=\"https:\/\/zecovalve.com\/tr\/urun\/metal-seated-gate-valve\" \/>\n<meta property=\"og:site_name\" content=\"ZECO Valve\" \/>\n<meta property=\"article:modified_time\" content=\"2023-06-15T13:14:22+00:00\" \/>\n<meta property=\"og:image\" content=\"https:\/\/zecovalve.com\/wp-content\/uploads\/2022\/06\/Metal-Seated-Gate-Valve-1.jpg\" \/>\n\t<meta property=\"og:image:width\" content=\"800\" \/>\n\t<meta property=\"og:image:height\" content=\"600\" \/>\n<meta name=\"twitter:card\" content=\"summary_large_image\" \/>\n<meta name=\"twitter:label1\" content=\"Yazan:\">\n\t<meta name=\"twitter:data1\" content=\"Jerry\">\n\t<meta name=\"twitter:label2\" content=\"Tahmini okuma s\u00fcresi\">\n\t<meta name=\"twitter:data2\" content=\"1 dakika\">\n<script type=\"application\/ld+json\" class=\"yoast-schema-graph\">{\"@context\":\"https:\/\/schema.org\",\"@graph\":[{\"@type\":\"WebSite\",\"@id\":\"https:\/\/zecovalve.com\/#website\",\"url\":\"https:\/\/zecovalve.com\/\",\"name\":\"ZECO Valve\",\"description\":\"Industrial Ball Valve, Gate Valve and Globe Valve Manufacturer\",\"potentialAction\":[{\"@type\":\"SearchAction\",\"target\":\"https:\/\/zecovalve.com\/?s={search_term_string}\",\"query-input\":\"required name=search_term_string\"}],\"inLanguage\":\"tr\"},{\"@type\":\"ImageObject\",\"@id\":\"https:\/\/zecovalve.com\/product\/metal-seated-gate-valve#primaryimage\",\"inLanguage\":\"tr\",\"url\":\"https:\/\/zecovalve.com\/wp-content\/uploads\/2022\/06\/Metal-Seated-Gate-Valve-1.jpg\",\"width\":800,\"height\":600,\"caption\":\"Metal Seated Gate Valve\"},{\"@type\":\"WebPage\",\"@id\":\"https:\/\/zecovalve.com\/product\/metal-seated-gate-valve#webpage\",\"url\":\"https:\/\/zecovalve.com\/product\/metal-seated-gate-valve\",\"name\":\"Metal Seated Gate Valve - ZECO Valve\",\"isPartOf\":{\"@id\":\"https:\/\/zecovalve.com\/#website\"},\"primaryImageOfPage\":{\"@id\":\"https:\/\/zecovalve.com\/product\/metal-seated-gate-valve#primaryimage\"},\"datePublished\":\"2022-06-27T12:55:57+00:00\",\"dateModified\":\"2023-06-15T13:14:22+00:00\",\"breadcrumb\":{\"@id\":\"https:\/\/zecovalve.com\/product\/metal-seated-gate-valve#breadcrumb\"},\"inLanguage\":\"tr\",\"potentialAction\":[{\"@type\":\"ReadAction\",\"target\":[\"https:\/\/zecovalve.com\/product\/metal-seated-gate-valve\"]}]},{\"@type\":\"BreadcrumbList\",\"@id\":\"https:\/\/zecovalve.com\/product\/metal-seated-gate-valve#breadcrumb\",\"itemListElement\":[{\"@type\":\"ListItem\",\"position\":1,\"item\":{\"@type\":\"WebPage\",\"@id\":\"https:\/\/zecovalve.com\/\",\"url\":\"https:\/\/zecovalve.com\/\",\"name\":\"Home\"}},{\"@type\":\"ListItem\",\"position\":2,\"item\":{\"@type\":\"WebPage\",\"@id\":\"https:\/\/zecovalve.com\/product-category\",\"url\":\"https:\/\/zecovalve.com\/product-category\",\"name\":\"Industrial Valve Manufacturer | Water Valve Manufacturer\"}},{\"@type\":\"ListItem\",\"position\":3,\"item\":{\"@type\":\"WebPage\",\"@id\":\"https:\/\/zecovalve.com\/product\/metal-seated-gate-valve\",\"url\":\"https:\/\/zecovalve.com\/product\/metal-seated-gate-valve\",\"name\":\"Metal Seated Gate Valve\"}}]}]}<\/script>\n<!-- \/ Yoast SEO Premium plugin. -->","_links":{"self":[{"href":"https:\/\/zecovalve.com\/tr\/wp-json\/wp\/v2\/product\/17283","targetHints":{"allow":["GET"]}}],"collection":[{"href":"https:\/\/zecovalve.com\/tr\/wp-json\/wp\/v2\/product"}],"about":[{"href":"https:\/\/zecovalve.com\/tr\/wp-json\/wp\/v2\/types\/product"}],"replies":[{"embeddable":true,"href":"https:\/\/zecovalve.com\/tr\/wp-json\/wp\/v2\/comments?post=17283"}],"wp:featuredmedia":[{"embeddable":true,"href":"https:\/\/zecovalve.com\/tr\/wp-json\/wp\/v2\/media\/27897"}],"wp:attachment":[{"href":"https:\/\/zecovalve.com\/tr\/wp-json\/wp\/v2\/media?parent=17283"}],"wp:term":[{"taxonomy":"product_cat","embeddable":true,"href":"https:\/\/zecovalve.com\/tr\/wp-json\/wp\/v2\/product_cat?post=17283"},{"taxonomy":"product_tag","embeddable":true,"href":"https:\/\/zecovalve.com\/tr\/wp-json\/wp\/v2\/product_tag?post=17283"}],"curies":[{"name":"wp","href":"https:\/\/api.w.org\/{rel}","templated":true}]}}