{"id":17313,"date":"2022-06-27T13:21:26","date_gmt":"2022-06-27T13:21:26","guid":{"rendered":"https:\/\/zecovalve.com\/?post_type=product&#038;p=17313"},"modified":"2023-06-15T13:14:51","modified_gmt":"2023-06-15T13:14:51","slug":"ductile-iron-gate-valve","status":"publish","type":"product","link":"https:\/\/zecovalve.com\/tr\/urun\/ductile-iron-gate-valve","title":{"rendered":"Sfero D\u00f6k\u00fcm S\u00fcrg\u00fcl\u00fc Vana"},"content":{"rendered":"<div class=\"sep-pages-boxs bgs clearfix\">\n<div class=\"sep-container clearfix\">\n<p class=\"titles sizes1 cens gtj-ff-bold\">\n<div class=\"bq-sep-pro-detail-thumbs ons clearfix\">\n<div class=\"thumbs\">\n<div class=\"imgs ons\">\n<div class=\"swiper-container swiper-container-initialized swiper-container-horizontal\">\n<div class=\"swiper-wrapper\">\n<div class=\"swiper-slide swiper-slide-active\">\n<p><img loading=\"lazy\" decoding=\"async\" class=\"size-medium wp-image-16922\" src=\"https:\/\/zecovalve.com\/wp-content\/uploads\/2022\/06\/ductile-iron-gate-valve-300x273.jpg\" alt=\"Sfero D\u00f6k\u00fcm S\u00fcrg\u00fcl\u00fc Vana\" width=\"300\" height=\"273\" srcset=\"https:\/\/zecovalve.com\/wp-content\/uploads\/2022\/06\/ductile-iron-gate-valve-300x273.jpg 300w, https:\/\/zecovalve.com\/wp-content\/uploads\/2022\/06\/ductile-iron-gate-valve.jpg 330w\" sizes=\"auto, (max-width: 300px) 100vw, 300px\" \/><\/p>\n<\/div>\n<\/div>\n<\/div>\n<div class=\"lr-lists-boxs\"><\/div>\n<\/div>\n<\/div>\n<\/div>\n<\/div>\n<\/div>\n<div class=\"sep-pages-boxs clearfix\">\n<div class=\"sep-container clearfix\">\n<div id=\"zf-nexts\" class=\"flex clearfix\">\n<div class=\"bq-zf-lefts\">\n<div class=\"richtext\">\n<h2>Sfero D\u00f6k\u00fcm S\u00fcrg\u00fcl\u00fc Vanan\u0131n \u00d6zellikleri<\/h2>\n<div class=\"text-center\">\u00a0\u00a0<img loading=\"lazy\" decoding=\"async\" class=\"alignnone size-medium wp-image-17316\" src=\"https:\/\/zecovalve.com\/wp-content\/uploads\/2022\/06\/resilient-gate-valve-1-300x225.jpg\" alt=\"\" width=\"300\" height=\"225\" srcset=\"https:\/\/zecovalve.com\/wp-content\/uploads\/2022\/06\/resilient-gate-valve-1-300x225.jpg 300w, https:\/\/zecovalve.com\/wp-content\/uploads\/2022\/06\/resilient-gate-valve-1.jpg 600w\" sizes=\"auto, (max-width: 300px) 100vw, 300px\" \/><\/div>\n<ul class=\"list-paddingleft-2\">\n<li>Kolayca g\u00f6rsel valf ge\u00e7i\u015fi;<\/li>\n<li>H\u0131zl\u0131 a\u00e7ma ve kapama, hafif tork;<\/li>\n<li>Pirin\u00e7 somun a\u015f\u0131nmaya dayan\u0131kl\u0131, uzun anahtar \u00f6mr\u00fc;<\/li>\n<li>Tamamen korozyona dayan\u0131kl\u0131 EPDM disk ile kaplanm\u0131\u015ft\u0131r.<\/li>\n<\/ul>\n<\/div>\n<div class=\"richtext\">\n<h2>Sfero D\u00f6k\u00fcm S\u00fcrg\u00fcl\u00fc Vana \u00c7al\u0131\u015fma Prensibi<\/h2>\n<div class=\"text-center\"><img loading=\"lazy\" decoding=\"async\" class=\"alignnone size-medium wp-image-17314\" src=\"https:\/\/zecovalve.com\/wp-content\/uploads\/2022\/06\/fm-rising-stem-resilient-gate-valve-2-300x225.jpg\" alt=\"\" width=\"300\" height=\"225\" srcset=\"https:\/\/zecovalve.com\/wp-content\/uploads\/2022\/06\/fm-rising-stem-resilient-gate-valve-2-300x225.jpg 300w, https:\/\/zecovalve.com\/wp-content\/uploads\/2022\/06\/fm-rising-stem-resilient-gate-valve-2.jpg 600w\" sizes=\"auto, (max-width: 300px) 100vw, 300px\" \/><\/div>\n<p>El \u00e7ark\u0131n\u0131n ve milin di\u015fleri arac\u0131l\u0131\u011f\u0131yla g\u00f6vdeye ba\u011fl\u0131 valf diskini a\u00e7mak ve kapatmak i\u00e7in el \u00e7ark\u0131n\u0131 \u00e7evirin.<\/p>\n<\/div>\n<div class=\"richtext\">\n<h2>Sfero D\u00f6k\u00fcm S\u00fcrg\u00fcl\u00fc Vanan\u0131n Montaj\u0131 ve Devreye Al\u0131nmas\u0131<\/h2>\n<div class=\"text-center\"><img loading=\"lazy\" decoding=\"async\" class=\"alignnone size-medium wp-image-17315\" src=\"https:\/\/zecovalve.com\/wp-content\/uploads\/2022\/06\/fm-rising-stem-resilient-gate-valve-3-300x225.jpg\" alt=\"\" width=\"300\" height=\"225\" srcset=\"https:\/\/zecovalve.com\/wp-content\/uploads\/2022\/06\/fm-rising-stem-resilient-gate-valve-3-300x225.jpg 300w, https:\/\/zecovalve.com\/wp-content\/uploads\/2022\/06\/fm-rising-stem-resilient-gate-valve-3.jpg 600w\" sizes=\"auto, (max-width: 300px) 100vw, 300px\" \/><\/div>\n<p>Bu vana genellikle yerden daha y\u00fcksek bir konuma yerle\u015ftirilir. Kullan\u0131lan kurulum alan\u0131na dikkat edin. A\u00e7\u0131ld\u0131\u011f\u0131nda g\u00f6vde belli bir mesafe y\u00fckselecektir. \u00d6zel kullan\u0131m i\u00e7in l\u00fctfen ZECO Vana Grubuna dan\u0131\u015f\u0131n.<\/p>\n<\/div>\n<div class=\"richtext\">\n<h2>Sfero D\u00f6k\u00fcm S\u00fcrg\u00fcl\u00fc Vana Malzemesi ve Standard\u0131<\/h2>\n<p>Boyut Aral\u0131\u011f\u0131: 2\u2033~24\u2033<br \/>\nBas\u0131n\u00e7 De\u011feri: 10bar ~ 25bar<br \/>\nY\u00fcz Y\u00fcze Boyutlar: AMSE B16.10, EN558-1<br \/>\nFlan\u015f U\u00e7 \u00d6l\u00e7\u00fcs\u00fc: AMSE B16.1\/16.42, AS4087, EN1092-2<br \/>\nKaplama: F\u00fczyon Ba\u011flant\u0131l\u0131 Epoksi Kaplama<br \/>\nMuayene ve Test: ISO 5208 \/ EN 12226-2<\/p>\n<div class=\"over-tabs\">\n<table>\n<tbody>\n<tr class=\"firstRow\">\n<td>Par\u00e7a<\/td>\n<td>Malzeme<\/td>\n<td>Standart<\/td>\n<\/tr>\n<tr>\n<td>V\u00fccut<\/td>\n<td>Sfero D\u00f6k\u00fcm<\/td>\n<td>EN 1563\/DIN 1693<\/td>\n<\/tr>\n<tr>\n<td>Bone<\/td>\n<td>Sfero D\u00f6k\u00fcm<\/td>\n<td>EN 1563\/DIN 1693<\/td>\n<\/tr>\n<tr>\n<td>K\u00f6k<\/td>\n<td>Paslanmaz \u00c7elik 431<\/td>\n<td>EN10088-1\/ASTM A959<\/td>\n<\/tr>\n<tr>\n<td>Kama<\/td>\n<td>Sfero D\u00f6k\u00fcm + EPDM \/ NBR<\/td>\n<td>EN 1563\/ISO 4633<\/td>\n<\/tr>\n<tr>\n<td>F\u0131nd\u0131k<\/td>\n<td>CuZn39Pb1 \/ C37000<\/td>\n<td>EN12167\/ASTM B135<\/td>\n<\/tr>\n<tr>\n<td>El \u00c7ark\u0131<\/td>\n<td>Sfero D\u00f6k\u00fcm<\/td>\n<td>EN 1563\/DIN 1693<\/td>\n<\/tr>\n<tr>\n<td colspan=\"3\">Listede yer almayan malzeme se\u00e7enekleri i\u00e7in fabrikaya dan\u0131\u015f\u0131n.<\/p>\n<p>ZECO 50'den fazla farkl\u0131 ala\u015f\u0131mdan vana \u00fcretmektedir.<\/td>\n<\/tr>\n<\/tbody>\n<\/table>\n<\/div>\n<\/div>\n<\/div>\n<\/div>\n<\/div>\n<\/div>","protected":false},"excerpt":{"rendered":"<p>Sfero D\u00f6k\u00fcm S\u00fcrg\u00fcl\u00fc Vana \u00d6zellikleri G\u00f6rsel vana kolayca ge\u00e7i\u015f yapar; H\u0131zl\u0131 a\u00e7ma ve kapama, hafif tork; Pirin\u00e7 somun a\u015f\u0131nmaya dayan\u0131kl\u0131, uzun anahtar\u2026 <a title=\"Sfero D\u00f6k\u00fcm S\u00fcrg\u00fcl\u00fc Vana\" class=\"read-more\" href=\"https:\/\/zecovalve.com\/tr\/urun\/ductile-iron-gate-valve\" aria-label=\"Sfero D\u00f6k\u00fcm S\u00fcrg\u00fcl\u00fc Vana hakk\u0131nda daha fazlas\u0131\">Daha fazla bilgi edinin<\/a><\/p>","protected":false},"featured_media":27898,"comment_status":"closed","ping_status":"closed","template":"","meta":{"_generate-full-width-content":"","kt_blocks_editor_width":""},"product_cat":[2510],"product_tag":[2654,2658,2798],"class_list":["post-17313","product","type-product","status-publish","has-post-thumbnail","hentry","product_cat-water-gate-valve","product_tag-hvac-valve","product_tag-isolation-valve","product_tag-osy-valve","sales-flash-overlay","woocommerce-text-align-center","woocommerce-image-align-center","do-quantity-buttons"],"featured_image_src_large":["https:\/\/zecovalve.com\/wp-content\/uploads\/2022\/06\/Ductile-Iron-Gate-Valve-1.jpg",800,600,false],"author_info":[],"comment_info":0,"taxonomy_info":{"product_cat":[{"value":2510,"label":"Water Gate Valve"}],"product_tag":[{"value":2654,"label":"HVAC Valve"},{"value":2658,"label":"Isolation Valve"},{"value":2798,"label":"OS&amp;Y Valve"}]},"yoast_head":"<!-- This site is optimized with the Yoast SEO Premium plugin v15.4 - https:\/\/yoast.com\/wordpress\/plugins\/seo\/ -->\n<title>Ductile Iron Gate Valve - ZECO Valve<\/title>\n<meta name=\"robots\" content=\"index, follow, max-snippet:-1, max-image-preview:large, max-video-preview:-1\" \/>\n<link rel=\"canonical\" href=\"https:\/\/zecovalve.com\/tr\/urun\/ductile-iron-gate-valve\" \/>\n<meta property=\"og:locale\" content=\"tr_TR\" \/>\n<meta property=\"og:type\" content=\"article\" \/>\n<meta property=\"og:title\" content=\"Ductile Iron Gate Valve - ZECO Valve\" \/>\n<meta property=\"og:description\" content=\"Features of Ductile Iron Gate Valve \u00a0\u00a0 Visual valve switch easily; Quick opening and closing, light torque; Brass nut wear-resistant, long switch ... Read more\" \/>\n<meta property=\"og:url\" content=\"https:\/\/zecovalve.com\/tr\/urun\/ductile-iron-gate-valve\" \/>\n<meta property=\"og:site_name\" content=\"ZECO Valve\" \/>\n<meta property=\"article:modified_time\" content=\"2023-06-15T13:14:51+00:00\" \/>\n<meta property=\"og:image\" content=\"https:\/\/zecovalve.com\/wp-content\/uploads\/2022\/06\/Ductile-Iron-Gate-Valve-1.jpg\" \/>\n\t<meta property=\"og:image:width\" content=\"800\" \/>\n\t<meta property=\"og:image:height\" content=\"600\" \/>\n<meta name=\"twitter:card\" content=\"summary_large_image\" \/>\n<meta name=\"twitter:label1\" content=\"Yazan:\">\n\t<meta name=\"twitter:data1\" content=\"Jerry\">\n\t<meta name=\"twitter:label2\" content=\"Tahmini okuma s\u00fcresi\">\n\t<meta name=\"twitter:data2\" content=\"1 dakika\">\n<script type=\"application\/ld+json\" class=\"yoast-schema-graph\">{\"@context\":\"https:\/\/schema.org\",\"@graph\":[{\"@type\":\"WebSite\",\"@id\":\"https:\/\/zecovalve.com\/#website\",\"url\":\"https:\/\/zecovalve.com\/\",\"name\":\"ZECO Valve\",\"description\":\"Industrial Ball Valve, Gate Valve and Globe Valve Manufacturer\",\"potentialAction\":[{\"@type\":\"SearchAction\",\"target\":\"https:\/\/zecovalve.com\/?s={search_term_string}\",\"query-input\":\"required name=search_term_string\"}],\"inLanguage\":\"tr\"},{\"@type\":\"ImageObject\",\"@id\":\"https:\/\/zecovalve.com\/product\/ductile-iron-gate-valve#primaryimage\",\"inLanguage\":\"tr\",\"url\":\"https:\/\/zecovalve.com\/wp-content\/uploads\/2022\/06\/Ductile-Iron-Gate-Valve-1.jpg\",\"width\":800,\"height\":600,\"caption\":\"Ductile Iron Gate Valve\"},{\"@type\":\"WebPage\",\"@id\":\"https:\/\/zecovalve.com\/product\/ductile-iron-gate-valve#webpage\",\"url\":\"https:\/\/zecovalve.com\/product\/ductile-iron-gate-valve\",\"name\":\"Ductile Iron Gate Valve - ZECO Valve\",\"isPartOf\":{\"@id\":\"https:\/\/zecovalve.com\/#website\"},\"primaryImageOfPage\":{\"@id\":\"https:\/\/zecovalve.com\/product\/ductile-iron-gate-valve#primaryimage\"},\"datePublished\":\"2022-06-27T13:21:26+00:00\",\"dateModified\":\"2023-06-15T13:14:51+00:00\",\"breadcrumb\":{\"@id\":\"https:\/\/zecovalve.com\/product\/ductile-iron-gate-valve#breadcrumb\"},\"inLanguage\":\"tr\",\"potentialAction\":[{\"@type\":\"ReadAction\",\"target\":[\"https:\/\/zecovalve.com\/product\/ductile-iron-gate-valve\"]}]},{\"@type\":\"BreadcrumbList\",\"@id\":\"https:\/\/zecovalve.com\/product\/ductile-iron-gate-valve#breadcrumb\",\"itemListElement\":[{\"@type\":\"ListItem\",\"position\":1,\"item\":{\"@type\":\"WebPage\",\"@id\":\"https:\/\/zecovalve.com\/\",\"url\":\"https:\/\/zecovalve.com\/\",\"name\":\"Home\"}},{\"@type\":\"ListItem\",\"position\":2,\"item\":{\"@type\":\"WebPage\",\"@id\":\"https:\/\/zecovalve.com\/product-category\",\"url\":\"https:\/\/zecovalve.com\/product-category\",\"name\":\"Industrial Valve Manufacturer | Water Valve Manufacturer\"}},{\"@type\":\"ListItem\",\"position\":3,\"item\":{\"@type\":\"WebPage\",\"@id\":\"https:\/\/zecovalve.com\/product\/ductile-iron-gate-valve\",\"url\":\"https:\/\/zecovalve.com\/product\/ductile-iron-gate-valve\",\"name\":\"Ductile Iron Gate Valve\"}}]}]}<\/script>\n<!-- \/ Yoast SEO Premium plugin. -->","_links":{"self":[{"href":"https:\/\/zecovalve.com\/tr\/wp-json\/wp\/v2\/product\/17313","targetHints":{"allow":["GET"]}}],"collection":[{"href":"https:\/\/zecovalve.com\/tr\/wp-json\/wp\/v2\/product"}],"about":[{"href":"https:\/\/zecovalve.com\/tr\/wp-json\/wp\/v2\/types\/product"}],"replies":[{"embeddable":true,"href":"https:\/\/zecovalve.com\/tr\/wp-json\/wp\/v2\/comments?post=17313"}],"wp:featuredmedia":[{"embeddable":true,"href":"https:\/\/zecovalve.com\/tr\/wp-json\/wp\/v2\/media\/27898"}],"wp:attachment":[{"href":"https:\/\/zecovalve.com\/tr\/wp-json\/wp\/v2\/media?parent=17313"}],"wp:term":[{"taxonomy":"product_cat","embeddable":true,"href":"https:\/\/zecovalve.com\/tr\/wp-json\/wp\/v2\/product_cat?post=17313"},{"taxonomy":"product_tag","embeddable":true,"href":"https:\/\/zecovalve.com\/tr\/wp-json\/wp\/v2\/product_tag?post=17313"}],"curies":[{"name":"wp","href":"https:\/\/api.w.org\/{rel}","templated":true}]}}