{"id":17356,"date":"2022-06-27T13:49:24","date_gmt":"2022-06-27T13:49:24","guid":{"rendered":"https:\/\/zecovalve.com\/?post_type=product&#038;p=17356"},"modified":"2022-08-03T16:06:55","modified_gmt":"2022-08-03T16:06:55","slug":"flanged-butterfly-valve","status":"publish","type":"product","link":"https:\/\/zecovalve.com\/tr\/urun\/flanged-butterfly-valve","title":{"rendered":"Flan\u015fl\u0131 Kelebek Vana"},"content":{"rendered":"<div class=\"sep-pages-boxs bgs clearfix\">\n<div class=\"sep-container clearfix\">\n<h1 class=\"titles sizes1 cens gtj-ff-bold\">Flan\u015fl\u0131 Kelebek Vana<\/h1>\n<div class=\"bq-sep-pro-detail-thumbs ons clearfix\">\n<div class=\"thumbs\">\n<div class=\"imgs ons\">\n<div class=\"swiper-container swiper-container-initialized swiper-container-horizontal\">\n<div class=\"swiper-wrapper\">\n<div class=\"swiper-slide swiper-slide-active\">\n<figure id=\"attachment_16940\" aria-describedby=\"caption-attachment-16940\" style=\"width: 290px\" class=\"wp-caption alignnone\"><img loading=\"lazy\" decoding=\"async\" class=\"size-medium wp-image-16940\" src=\"https:\/\/zecovalve.com\/wp-content\/uploads\/2022\/06\/flanged-butterfly-valve-300x273.jpg\" alt=\"Flan\u015fl\u0131 Kelebek Vana\" width=\"300\" height=\"273\" srcset=\"https:\/\/zecovalve.com\/wp-content\/uploads\/2022\/06\/flanged-butterfly-valve-300x273.jpg 300w, https:\/\/zecovalve.com\/wp-content\/uploads\/2022\/06\/flanged-butterfly-valve.jpg 330w\" sizes=\"auto, (max-width: 300px) 100vw, 300px\" \/><figcaption id=\"caption-attachment-16940\" class=\"wp-caption-text\">Flan\u015fl\u0131 Kelebek Vana<\/figcaption><\/figure>\n<\/div>\n<\/div>\n<\/div>\n<div class=\"lr-lists-boxs\"><\/div>\n<\/div>\n<\/div>\n<\/div>\n<\/div>\n<\/div>\n<div class=\"sep-pages-boxs clearfix\">\n<div class=\"sep-container clearfix\">\n<div id=\"zf-nexts\" class=\"flex clearfix\">\n<div class=\"bq-zf-lefts\">\n<div class=\"richtext\">\n<h2>Flan\u015fl\u0131 Kelebek Vana \u00d6zellikleri<\/h2>\n<div class=\"text-center\">\u00a0<img loading=\"lazy\" decoding=\"async\" class=\"alignnone size-medium wp-image-17358\" src=\"https:\/\/zecovalve.com\/wp-content\/uploads\/2022\/06\/flanged-concentric-butterfly-valve-2-300x225.png\" alt=\"\" width=\"300\" height=\"225\" srcset=\"https:\/\/zecovalve.com\/wp-content\/uploads\/2022\/06\/flanged-concentric-butterfly-valve-2-300x225.png 300w, https:\/\/zecovalve.com\/wp-content\/uploads\/2022\/06\/flanged-concentric-butterfly-valve-2.png 600w\" sizes=\"auto, (max-width: 300px) 100vw, 300px\" \/><\/div>\n<ul class=\"list-paddingleft-2\">\n<li>\u00c7ift y\u00f6nl\u00fc s\u0131zd\u0131rmazl\u0131k, ortam\u0131n ak\u0131\u015f y\u00f6n\u00fc yok;<\/li>\n<li>Vana g\u00f6vdesi vulkanize EPDM, g\u00fcvenilir s\u0131zd\u0131rmazl\u0131k;<\/li>\n<li>Disk anahtar\u0131n\u0131n konumunu g\u00f6steren bir a\u00e7\u0131kl\u0131k g\u00f6stergesine sahip bir kadran;<\/li>\n<li>Ak\u0131\u015f \u00f6zellikleri d\u00fcz \u00e7izgi, iyi d\u00fczenleme performans\u0131.<\/li>\n<\/ul>\n<\/div>\n<div class=\"richtext\">\n<h2>Flan\u015fl\u0131 Kelebek Vana \u00c7al\u0131\u015fma Prensibi<\/h2>\n<div class=\"text-center\"><img loading=\"lazy\" decoding=\"async\" class=\"alignnone size-medium wp-image-17359\" src=\"https:\/\/zecovalve.com\/wp-content\/uploads\/2022\/06\/flanged-concentric-butterfly-valve-with-electric-actuator-300x225.png\" alt=\"\" width=\"300\" height=\"225\" srcset=\"https:\/\/zecovalve.com\/wp-content\/uploads\/2022\/06\/flanged-concentric-butterfly-valve-with-electric-actuator-300x225.png 300w, https:\/\/zecovalve.com\/wp-content\/uploads\/2022\/06\/flanged-concentric-butterfly-valve-with-electric-actuator.png 600w\" sizes=\"auto, (max-width: 300px) 100vw, 300px\" \/><\/div>\n<p>Flan\u015fl\u0131 kelebek diskin d\u00f6nme merkezi (yani g\u00f6vdenin merkezi), valf g\u00f6vdesinin merkez hatt\u0131 ve diskin s\u0131zd\u0131rmazl\u0131k y\u00fczeyi b\u00f6l\u00fcm\u00fc \u00fczerinde bulunur. Disk kapat\u0131ld\u0131\u011f\u0131nda, diskin dairesel s\u0131zd\u0131rmazl\u0131k y\u00fczeyi sentetik kau\u00e7uk yuvay\u0131 s\u0131k\u0131\u015ft\u0131r\u0131r, b\u00f6ylece yuva elastik deformasyon \u00fcretir ve kelebek vanay\u0131 s\u0131zd\u0131rmaz hale getirmek i\u00e7in elastik kuvvet olu\u015fturur. Uzaktan kumanda gerekiyorsa, farkl\u0131 \u00e7al\u0131\u015fma ko\u015fullar\u0131na g\u00f6re farkl\u0131 tipte elektrikli cihazlar donat\u0131labilir.<\/p>\n<\/div>\n<div class=\"richtext\">\n<h2>Flan\u015fl\u0131 Kelebek Vana Kurulumu ve Devreye Alma<\/h2>\n<div class=\"text-center\"><img loading=\"lazy\" decoding=\"async\" class=\"alignnone size-medium wp-image-17357\" src=\"https:\/\/zecovalve.com\/wp-content\/uploads\/2022\/06\/flanged-concentric-butterfly-valve-1-300x225.png\" alt=\"\" width=\"300\" height=\"225\" srcset=\"https:\/\/zecovalve.com\/wp-content\/uploads\/2022\/06\/flanged-concentric-butterfly-valve-1-300x225.png 300w, https:\/\/zecovalve.com\/wp-content\/uploads\/2022\/06\/flanged-concentric-butterfly-valve-1.png 600w\" sizes=\"auto, (max-width: 300px) 100vw, 300px\" \/><\/div>\n<p>Montajdan \u00f6nce vanan\u0131n i\u00e7 bo\u015flu\u011funu ve s\u0131zd\u0131rmazl\u0131k kapa\u011f\u0131n\u0131 temizleyin. Bu kelebek vana yatay, dikey ve herhangi bir a\u00e7\u0131l\u0131 boruya monte edilebilir ve her iki y\u00f6nde de kullan\u0131labilir. Diskin boru flan\u015f\u0131 ile \u00e7arp\u0131\u015fmamas\u0131n\u0131 sa\u011flamak i\u00e7in kelebek vana montaj s\u0131ras\u0131nda kapal\u0131 konumda olmal\u0131d\u0131r. Flan\u015f kayna\u011f\u0131n\u0131n do\u011fru oldu\u011fundan emin olun. Kelebek vana monte edildikten sonra, kau\u00e7uk par\u00e7alar\u0131n ve korozyon \u00f6nleyici kaplaman\u0131n yanmamas\u0131 i\u00e7in flan\u015fa tekrar kaynak yap\u0131lmas\u0131na izin verilmez. \u00d6zel kullan\u0131m i\u00e7in l\u00fctfen ZECO Valve Group'a dan\u0131\u015f\u0131n.<\/p>\n<\/div>\n<div class=\"richtext\">\n<h2>Flan\u015fl\u0131 Kelebek Vana Malzemesi ve Standard\u0131<\/h2>\n<p>Boyut Aral\u0131\u011f\u0131: 2\u2033~48\u2033<\/p>\n<p>Bas\u0131n\u00e7 De\u011feri: 10bar ~ 25bar<\/p>\n<p>Y\u00fcz Y\u00fcze Boyutlar: AMSE B16.10, EN558-1<\/p>\n<p>Flan\u015f U\u00e7 \u00d6l\u00e7\u00fcs\u00fc: AMSE B16.1\/16.42, AS4087, EN1092-2<\/p>\n<p>Kaplama: F\u00fczyon Ba\u011flant\u0131l\u0131 Epoksi Kaplama<\/p>\n<p>Muayene ve Test: ISO 5208 \/ EN 12226-2<\/p>\n<div class=\"over-tabs\">\n<table width=\"1389\">\n<tbody>\n<tr class=\"firstRow\">\n<td>Par\u00e7a<\/td>\n<td>Malzeme<\/td>\n<td>Standart<\/td>\n<\/tr>\n<tr>\n<td>V\u00fccut<\/td>\n<td>Sfero D\u00f6k\u00fcm<\/td>\n<td>EN 1563\/DIN 1693<\/td>\n<\/tr>\n<tr>\n<td>Disk<\/td>\n<td>Sfero D\u00f6k\u00fcm<\/td>\n<td>EN 1563\/DIN 1693<\/td>\n<\/tr>\n<tr>\n<td>Koltuk<\/td>\n<td>EPDM \/ NBR<\/td>\n<td>ISO 4633<\/td>\n<\/tr>\n<tr>\n<td>K\u00f6k<\/td>\n<td>Paslanmaz \u00c7elik 431<\/td>\n<td>EN10088-1\/ASTM A959<\/td>\n<\/tr>\n<tr>\n<td>C\u0131vata<\/td>\n<td>Paslanmaz \u00c7elik 431<\/td>\n<td>EN10088-1\/ASTM A959<\/td>\n<\/tr>\n<tr>\n<td>Sonsuz Akt\u00fcat\u00f6r<\/td>\n<td>Sfero D\u00f6k\u00fcm<\/td>\n<td>EN 1563\/DIN 1693<\/td>\n<\/tr>\n<tr>\n<td colspan=\"3\">Listede yer almayan malzeme se\u00e7enekleri i\u00e7in fabrikaya dan\u0131\u015f\u0131n.<\/p>\n<p>ZECO 50'den fazla farkl\u0131 ala\u015f\u0131mdan vana \u00fcretmektedir.<\/td>\n<\/tr>\n<\/tbody>\n<\/table>\n<\/div>\n<\/div>\n<\/div>\n<\/div>\n<\/div>\n<\/div>","protected":false},"excerpt":{"rendered":"<p>Flan\u015fl\u0131 Kelebek Vana Flan\u015fl\u0131 Kelebek Vanan\u0131n \u00d6zellikleri \u00c7ift y\u00f6nl\u00fc s\u0131zd\u0131rmazl\u0131k, ortam\u0131n ak\u0131\u015f y\u00f6n\u00fc yok; Valf g\u00f6vdesi vulkanize edilmi\u015f EPDM, g\u00fcvenilir\u2026 <a title=\"Flan\u015fl\u0131 Kelebek Vana\" class=\"read-more\" href=\"https:\/\/zecovalve.com\/tr\/urun\/flanged-butterfly-valve\" aria-label=\"Flan\u015fl\u0131 Kelebek Vana hakk\u0131nda daha fazla bilgi\">Daha fazla bilgi edinin<\/a><\/p>","protected":false},"featured_media":16940,"comment_status":"closed","ping_status":"closed","template":"","meta":{"_generate-full-width-content":"","kt_blocks_editor_width":""},"product_cat":[2514],"product_tag":[2654,2658],"class_list":["post-17356","product","type-product","status-publish","has-post-thumbnail","hentry","product_cat-concentric-butterfly-valve","product_tag-hvac-valve","product_tag-isolation-valve","sales-flash-overlay","woocommerce-text-align-center","woocommerce-image-align-center","do-quantity-buttons"],"featured_image_src_large":["https:\/\/zecovalve.com\/wp-content\/uploads\/2022\/06\/flanged-butterfly-valve.jpg",330,300,false],"author_info":[],"comment_info":0,"taxonomy_info":{"product_cat":[{"value":2514,"label":"Concentric Butterfly Valve"}],"product_tag":[{"value":2654,"label":"HVAC Valve"},{"value":2658,"label":"Isolation Valve"}]},"yoast_head":"<!-- This site is optimized with the Yoast SEO Premium plugin v15.4 - https:\/\/yoast.com\/wordpress\/plugins\/seo\/ -->\n<title>Flanged Butterfly Valve - ZECO Valve<\/title>\n<meta name=\"robots\" content=\"index, follow, max-snippet:-1, max-image-preview:large, max-video-preview:-1\" \/>\n<link rel=\"canonical\" href=\"https:\/\/zecovalve.com\/tr\/urun\/flanged-butterfly-valve\" \/>\n<meta property=\"og:locale\" content=\"tr_TR\" \/>\n<meta property=\"og:type\" content=\"article\" \/>\n<meta property=\"og:title\" content=\"Flanged Butterfly Valve - ZECO Valve\" \/>\n<meta property=\"og:description\" content=\"Flanged Butterfly Valve Festures of Flanged Butterfly Valve \u00a0 Bidirectional sealing, no flow direction of the medium; Valve body vulcanized EPDM, reliable ... Read more\" \/>\n<meta property=\"og:url\" content=\"https:\/\/zecovalve.com\/tr\/urun\/flanged-butterfly-valve\" \/>\n<meta property=\"og:site_name\" content=\"ZECO Valve\" \/>\n<meta property=\"article:modified_time\" content=\"2022-08-03T16:06:55+00:00\" \/>\n<meta property=\"og:image\" content=\"https:\/\/zecovalve.com\/wp-content\/uploads\/2022\/06\/flanged-butterfly-valve.jpg\" \/>\n\t<meta property=\"og:image:width\" content=\"330\" \/>\n\t<meta property=\"og:image:height\" content=\"300\" \/>\n<meta name=\"twitter:card\" content=\"summary_large_image\" \/>\n<meta name=\"twitter:label1\" content=\"Yazan:\">\n\t<meta name=\"twitter:data1\" content=\"Jerry\">\n\t<meta name=\"twitter:label2\" content=\"Tahmini okuma s\u00fcresi\">\n\t<meta name=\"twitter:data2\" content=\"1 dakika\">\n<script type=\"application\/ld+json\" class=\"yoast-schema-graph\">{\"@context\":\"https:\/\/schema.org\",\"@graph\":[{\"@type\":\"WebSite\",\"@id\":\"https:\/\/zecovalve.com\/#website\",\"url\":\"https:\/\/zecovalve.com\/\",\"name\":\"ZECO Valve\",\"description\":\"Industrial Ball Valve, Gate Valve and Globe Valve Manufacturer\",\"potentialAction\":[{\"@type\":\"SearchAction\",\"target\":\"https:\/\/zecovalve.com\/?s={search_term_string}\",\"query-input\":\"required name=search_term_string\"}],\"inLanguage\":\"tr\"},{\"@type\":\"ImageObject\",\"@id\":\"https:\/\/zecovalve.com\/product\/flanged-butterfly-valve#primaryimage\",\"inLanguage\":\"tr\",\"url\":\"https:\/\/zecovalve.com\/wp-content\/uploads\/2022\/06\/flanged-butterfly-valve.jpg\",\"width\":330,\"height\":300,\"caption\":\"Flange Butterfly Valve\"},{\"@type\":\"WebPage\",\"@id\":\"https:\/\/zecovalve.com\/product\/flanged-butterfly-valve#webpage\",\"url\":\"https:\/\/zecovalve.com\/product\/flanged-butterfly-valve\",\"name\":\"Flanged Butterfly Valve - ZECO Valve\",\"isPartOf\":{\"@id\":\"https:\/\/zecovalve.com\/#website\"},\"primaryImageOfPage\":{\"@id\":\"https:\/\/zecovalve.com\/product\/flanged-butterfly-valve#primaryimage\"},\"datePublished\":\"2022-06-27T13:49:24+00:00\",\"dateModified\":\"2022-08-03T16:06:55+00:00\",\"breadcrumb\":{\"@id\":\"https:\/\/zecovalve.com\/product\/flanged-butterfly-valve#breadcrumb\"},\"inLanguage\":\"tr\",\"potentialAction\":[{\"@type\":\"ReadAction\",\"target\":[\"https:\/\/zecovalve.com\/product\/flanged-butterfly-valve\"]}]},{\"@type\":\"BreadcrumbList\",\"@id\":\"https:\/\/zecovalve.com\/product\/flanged-butterfly-valve#breadcrumb\",\"itemListElement\":[{\"@type\":\"ListItem\",\"position\":1,\"item\":{\"@type\":\"WebPage\",\"@id\":\"https:\/\/zecovalve.com\/\",\"url\":\"https:\/\/zecovalve.com\/\",\"name\":\"Home\"}},{\"@type\":\"ListItem\",\"position\":2,\"item\":{\"@type\":\"WebPage\",\"@id\":\"https:\/\/zecovalve.com\/product-category\",\"url\":\"https:\/\/zecovalve.com\/product-category\",\"name\":\"Industrial Valve Manufacturer | Water Valve Manufacturer\"}},{\"@type\":\"ListItem\",\"position\":3,\"item\":{\"@type\":\"WebPage\",\"@id\":\"https:\/\/zecovalve.com\/product\/flanged-butterfly-valve\",\"url\":\"https:\/\/zecovalve.com\/product\/flanged-butterfly-valve\",\"name\":\"Flanged Butterfly Valve\"}}]}]}<\/script>\n<!-- \/ Yoast SEO Premium plugin. -->","_links":{"self":[{"href":"https:\/\/zecovalve.com\/tr\/wp-json\/wp\/v2\/product\/17356","targetHints":{"allow":["GET"]}}],"collection":[{"href":"https:\/\/zecovalve.com\/tr\/wp-json\/wp\/v2\/product"}],"about":[{"href":"https:\/\/zecovalve.com\/tr\/wp-json\/wp\/v2\/types\/product"}],"replies":[{"embeddable":true,"href":"https:\/\/zecovalve.com\/tr\/wp-json\/wp\/v2\/comments?post=17356"}],"wp:featuredmedia":[{"embeddable":true,"href":"https:\/\/zecovalve.com\/tr\/wp-json\/wp\/v2\/media\/16940"}],"wp:attachment":[{"href":"https:\/\/zecovalve.com\/tr\/wp-json\/wp\/v2\/media?parent=17356"}],"wp:term":[{"taxonomy":"product_cat","embeddable":true,"href":"https:\/\/zecovalve.com\/tr\/wp-json\/wp\/v2\/product_cat?post=17356"},{"taxonomy":"product_tag","embeddable":true,"href":"https:\/\/zecovalve.com\/tr\/wp-json\/wp\/v2\/product_tag?post=17356"}],"curies":[{"name":"wp","href":"https:\/\/api.w.org\/{rel}","templated":true}]}}