{"id":17368,"date":"2022-06-27T13:56:15","date_gmt":"2022-06-27T13:56:15","guid":{"rendered":"https:\/\/zecovalve.com\/?post_type=product&#038;p=17368"},"modified":"2023-06-26T05:32:34","modified_gmt":"2023-06-26T05:32:34","slug":"pressure-relief-valve","status":"publish","type":"product","link":"https:\/\/zecovalve.com\/tr\/urun\/pressure-relief-valve","title":{"rendered":"Bas\u0131n\u00e7 Tahliye Valfi"},"content":{"rendered":"<div class=\"sep-pages-boxs bgs clearfix\">\n<div class=\"sep-container clearfix\">\n<h1 class=\"titles sizes1 cens gtj-ff-bold\">Bas\u0131n\u00e7 Tahliye Valfi<\/h1>\n<div class=\"bq-sep-pro-detail-thumbs ons clearfix\">\n<div class=\"thumbs\">\n<div class=\"imgs ons\">\n<div class=\"swiper-container swiper-container-initialized swiper-container-horizontal\">\n<div class=\"swiper-wrapper\">\n<div class=\"swiper-slide swiper-slide-active\">\n<figure id=\"attachment_17015\" aria-describedby=\"caption-attachment-17015\" style=\"width: 290px\" class=\"wp-caption alignnone\"><img loading=\"lazy\" decoding=\"async\" class=\"size-medium wp-image-17015\" src=\"https:\/\/zecovalve.com\/wp-content\/uploads\/2022\/06\/pressure-relief-valve-1-300x273.jpg\" alt=\"Bas\u0131n\u00e7 Tahliye Valfi\" width=\"300\" height=\"273\" srcset=\"https:\/\/zecovalve.com\/wp-content\/uploads\/2022\/06\/pressure-relief-valve-1-300x273.jpg 300w, https:\/\/zecovalve.com\/wp-content\/uploads\/2022\/06\/pressure-relief-valve-1.jpg 330w\" sizes=\"auto, (max-width: 300px) 100vw, 300px\" \/><figcaption id=\"caption-attachment-17015\" class=\"wp-caption-text\">Bas\u0131n\u00e7 Tahliye Valfi<\/figcaption><\/figure>\n<\/div>\n<\/div>\n<\/div>\n<div class=\"lr-lists-boxs\"><\/div>\n<\/div>\n<\/div>\n<\/div>\n<\/div>\n<\/div>\n<div class=\"sep-pages-boxs clearfix\">\n<div class=\"sep-container clearfix\">\n<div id=\"zf-nexts\" class=\"flex clearfix\">\n<div class=\"bq-zf-lefts\">\n<div class=\"richtext\">\n<h2>Bas\u0131n\u00e7 Tahliye Valfinin \u00d6zellikleri<\/h2>\n<div class=\"text-center\"><img loading=\"lazy\" decoding=\"async\" class=\"alignnone size-medium wp-image-17053\" src=\"https:\/\/zecovalve.com\/wp-content\/uploads\/2022\/06\/surge-anticipating-valve-features-300x225.png\" alt=\"\" width=\"300\" height=\"225\" srcset=\"https:\/\/zecovalve.com\/wp-content\/uploads\/2022\/06\/surge-anticipating-valve-features-300x225.png 300w, https:\/\/zecovalve.com\/wp-content\/uploads\/2022\/06\/surge-anticipating-valve-features.png 600w\" sizes=\"auto, (max-width: 300px) 100vw, 300px\" \/><\/div>\n<ul class=\"list-paddingleft-2\">\n<li>Do\u011fru Bas\u0131n\u00e7 Kontrol\u00fc<\/li>\n<li>Hat Bas\u0131nc\u0131n\u0131 Korumak i\u00e7in H\u0131zl\u0131 A\u00e7\u0131lma<\/li>\n<li>Dalgalanmalar\u0131 \u00d6nlemek i\u00e7in Yava\u015f Kapan\u0131\u015f<\/li>\n<li>Tamamen Otomatik \u00c7al\u0131\u015fma<\/li>\n<\/ul>\n<\/div>\n<div class=\"richtext\">\n<h2>Bas\u0131n\u00e7 Tahliye Vanas\u0131 \u00c7al\u0131\u015fma Prensibi<\/h2>\n<div class=\"text-center\">\u00a0<img loading=\"lazy\" decoding=\"async\" class=\"alignnone size-medium wp-image-17370\" src=\"https:\/\/zecovalve.com\/wp-content\/uploads\/2022\/06\/pressure-reliefsustaining-valve-3-300x225.png\" alt=\"\" width=\"300\" height=\"225\" srcset=\"https:\/\/zecovalve.com\/wp-content\/uploads\/2022\/06\/pressure-reliefsustaining-valve-3-300x225.png 300w, https:\/\/zecovalve.com\/wp-content\/uploads\/2022\/06\/pressure-reliefsustaining-valve-3.png 600w\" sizes=\"auto, (max-width: 300px) 100vw, 300px\" \/><\/div>\n<p>Giri\u015f bas\u0131n\u00e7l\u0131 su, boru hatt\u0131ndaki bas\u0131n\u00e7 k\u0131lavuz vanan\u0131n ayar bas\u0131nc\u0131n\u0131 a\u015ft\u0131\u011f\u0131nda k\u0131lavuz vanadan pilot vana diyafram\u0131n\u0131n alt bo\u015flu\u011funa girer ve k\u0131lavuz vanay\u0131 a\u00e7mak i\u00e7in bas\u0131nc\u0131n\u0131 artt\u0131r\u0131r, ana vana kontrol odas\u0131 ana vanay\u0131 a\u00e7mak i\u00e7in giri\u015f bas\u0131n\u00e7l\u0131 suyun etkisi alt\u0131nda d\u0131\u015far\u0131 do\u011fru tahliye eder, bas\u0131nc\u0131 bo\u015faltmaya ba\u015flar. Boru hatt\u0131ndaki bas\u0131n\u00e7 ayarlanan bas\u0131nca d\u00fc\u015ft\u00fc\u011f\u00fcnde, k\u0131lavuz vana diyafram\u0131n\u0131n alt bo\u015flu\u011fundaki bas\u0131n\u00e7 azal\u0131r ve k\u0131lavuz vanan\u0131n kapanmas\u0131na neden olur. Bu, k\u0131lavuz borudan pilot vanaya ve ard\u0131ndan ana vana kontrol odas\u0131na artan su bas\u0131nc\u0131 ile sonu\u00e7lan\u0131r. Ana vana plakas\u0131 kapan\u0131r ve bas\u0131nc\u0131 tutmaya ba\u015flar.<\/p>\n<\/div>\n<div class=\"richtext\">\n<h2>Bas\u0131n\u00e7 Tahliye Vanas\u0131 Kurulumu ve Devreye Alma<\/h2>\n<div class=\"text-center\"><img loading=\"lazy\" decoding=\"async\" class=\"alignnone size-medium wp-image-17369\" src=\"https:\/\/zecovalve.com\/wp-content\/uploads\/2022\/06\/pressure-reliefsustaining-valve-2-300x225.png\" alt=\"\" width=\"300\" height=\"225\" srcset=\"https:\/\/zecovalve.com\/wp-content\/uploads\/2022\/06\/pressure-reliefsustaining-valve-2-300x225.png 300w, https:\/\/zecovalve.com\/wp-content\/uploads\/2022\/06\/pressure-reliefsustaining-valve-2.png 600w\" sizes=\"auto, (max-width: 300px) 100vw, 300px\" \/><\/div>\n<p>Bas\u0131n\u00e7 tahliye (s\u00fcrd\u00fcrme) vanas\u0131 yatay ve dikey kurulumu destekler ancak kurulum s\u0131ras\u0131nda vana g\u00f6vdesi suyunun giri\u015f ve \u00e7\u0131k\u0131\u015f y\u00f6n\u00fcne dikkat edilmelidir. Genel olarak, bir yang\u0131n suyu tedarik sistemi yaln\u0131zca bir bas\u0131n\u00e7 tahliye vanas\u0131 kurabilir. \u0130sim plakas\u0131nda belirtilen yay\u0131n \u00e7al\u0131\u015fma bas\u0131nc\u0131 aral\u0131\u011f\u0131 dahilinde, yay s\u0131k\u0131\u015ft\u0131rma miktar\u0131n\u0131 de\u011fi\u015ftirmek i\u00e7in ayar vidas\u0131 d\u00f6nd\u00fcr\u00fclerek a\u00e7ma bas\u0131nc\u0131 ayarlanabilir. \u00d6zel kullan\u0131m i\u00e7in l\u00fctfen ZECO Valve Group'a dan\u0131\u015f\u0131n.<\/p>\n<\/div>\n<div class=\"richtext\">\n<h2>Bas\u0131n\u00e7 Tahliye Vanas\u0131 Malzemesi ve Standard\u0131<\/h2>\n<p>Boyut Aral\u0131\u011f\u0131: 2\u2033~24\u2033<br \/>\nBas\u0131n\u00e7 De\u011feri: 10bar ~ 25bar<br \/>\nY\u00fcz Y\u00fcze Boyutlar: AMSE B16.10, EN558-1<br \/>\nFlan\u015f U\u00e7 \u00d6l\u00e7\u00fcs\u00fc: AMSE B16.1\/16.42, AS4087, EN1092-2<br \/>\nKaplama: F\u00fczyon Ba\u011flant\u0131l\u0131 Epoksi Kaplama<br \/>\nMuayene ve Test: ISO 5208 \/ EN 12226-2<\/p>\n<p>&nbsp;<\/p>\n<div class=\"over-tabs\">\n<table width=\"1389\">\n<tbody>\n<tr class=\"firstRow\">\n<td>Par\u00e7a<\/td>\n<td>Malzeme<\/td>\n<td>Standart<\/td>\n<\/tr>\n<tr>\n<td>V\u00fccut<\/td>\n<td>Sfero D\u00f6k\u00fcm<\/td>\n<td>EN 1563\/DIN 1693<\/td>\n<\/tr>\n<tr>\n<td>Bone<\/td>\n<td>Sfero D\u00f6k\u00fcm<\/td>\n<td>EN 1563\/DIN 1693<\/td>\n<\/tr>\n<tr>\n<td>D\u00f6\u015feme<\/td>\n<td>Paslanmaz \u00c7elik 431<\/td>\n<td>EN10088-1\/ASTM A959<\/td>\n<\/tr>\n<tr>\n<td>Koltuk<\/td>\n<td>Paslanmaz \u00c7elik 431<\/td>\n<td>EN10088-1\/ASTM A959<\/td>\n<\/tr>\n<tr>\n<td>Diyafram<\/td>\n<td>EPDM \/ NBR<\/td>\n<td>ISO 4633<\/td>\n<\/tr>\n<tr>\n<td>Pilot Valf<\/td>\n<td>Paslanmaz \u00c7elik 431<\/td>\n<td>EN10088-1\/ASTM A959<\/td>\n<\/tr>\n<tr>\n<td colspan=\"3\">Listede yer almayan malzeme se\u00e7enekleri i\u00e7in fabrikaya dan\u0131\u015f\u0131n.<\/p>\n<p>ZECO 50'den fazla farkl\u0131 ala\u015f\u0131mdan vana \u00fcretmektedir.<\/td>\n<\/tr>\n<\/tbody>\n<\/table>\n<\/div>\n<\/div>\n<\/div>\n<\/div>\n<\/div>\n<\/div>","protected":false},"excerpt":{"rendered":"<p>Bas\u0131n\u00e7 Tahliye Vanas\u0131 Bas\u0131n\u00e7 Tahliye Vanas\u0131n\u0131n \u00d6zellikleri Do\u011fru Bas\u0131n\u00e7 Kontrol\u00fc Hat Bas\u0131nc\u0131n\u0131 Korumak i\u00e7in H\u0131zl\u0131 A\u00e7\u0131lma Dalgalanmalar\u0131 \u00d6nlemek i\u00e7in Yava\u015f Kapanma\u2026 <a title=\"Bas\u0131n\u00e7 Tahliye Valfi\" class=\"read-more\" href=\"https:\/\/zecovalve.com\/tr\/urun\/pressure-relief-valve\" aria-label=\"Bas\u0131n\u00e7 Tahliye Vanas\u0131 hakk\u0131nda daha fazla bilgi\">Daha fazla bilgi edinin<\/a><\/p>","protected":false},"featured_media":27948,"comment_status":"closed","ping_status":"closed","template":"","meta":{"_generate-full-width-content":"","kt_blocks_editor_width":""},"product_cat":[2597,2526],"product_tag":[2662,2805],"class_list":["post-17368","product","type-product","status-publish","has-post-thumbnail","hentry","product_cat-pressure-control-valve","product_cat-water-control-valve","product_tag-pressure-control-valve","product_tag-pump-valve","sales-flash-overlay","woocommerce-text-align-center","woocommerce-image-align-center","do-quantity-buttons"],"featured_image_src_large":["https:\/\/zecovalve.com\/wp-content\/uploads\/2022\/06\/Pressure-Relief-Valve-2.jpg",800,600,false],"author_info":[],"comment_info":0,"taxonomy_info":{"product_cat":[{"value":2597,"label":"Pressure Control Valve"},{"value":2526,"label":"Water Control Valve"}],"product_tag":[{"value":2662,"label":"Pressure Control Valve"},{"value":2805,"label":"Pump Valve"}]},"yoast_head":"<!-- This site is optimized with the Yoast SEO Premium plugin v15.4 - https:\/\/yoast.com\/wordpress\/plugins\/seo\/ -->\n<title>Pressure Relief Valve - ZECO Valve<\/title>\n<meta name=\"robots\" content=\"index, follow, max-snippet:-1, max-image-preview:large, max-video-preview:-1\" \/>\n<link rel=\"canonical\" href=\"https:\/\/zecovalve.com\/tr\/urun\/pressure-relief-valve\" \/>\n<meta property=\"og:locale\" content=\"tr_TR\" \/>\n<meta property=\"og:type\" content=\"article\" \/>\n<meta property=\"og:title\" content=\"Pressure Relief Valve - ZECO Valve\" \/>\n<meta property=\"og:description\" content=\"Pressure Relief Valve Festures of Pressure Relief Valve Accurate Pressure Control Fast Opening to Maintain Line Pressure Slow Closing to Prevents Surges ... Read more\" \/>\n<meta property=\"og:url\" content=\"https:\/\/zecovalve.com\/tr\/urun\/pressure-relief-valve\" \/>\n<meta property=\"og:site_name\" content=\"ZECO Valve\" \/>\n<meta property=\"article:modified_time\" content=\"2023-06-26T05:32:34+00:00\" \/>\n<meta property=\"og:image\" content=\"https:\/\/zecovalve.com\/wp-content\/uploads\/2022\/06\/Pressure-Relief-Valve-2.jpg\" \/>\n\t<meta property=\"og:image:width\" content=\"800\" \/>\n\t<meta property=\"og:image:height\" content=\"600\" \/>\n<meta name=\"twitter:card\" content=\"summary_large_image\" \/>\n<meta name=\"twitter:label1\" content=\"Yazan:\">\n\t<meta name=\"twitter:data1\" content=\"Jerry\">\n\t<meta name=\"twitter:label2\" content=\"Tahmini okuma s\u00fcresi\">\n\t<meta name=\"twitter:data2\" content=\"1 dakika\">\n<script type=\"application\/ld+json\" class=\"yoast-schema-graph\">{\"@context\":\"https:\/\/schema.org\",\"@graph\":[{\"@type\":\"WebSite\",\"@id\":\"https:\/\/zecovalve.com\/#website\",\"url\":\"https:\/\/zecovalve.com\/\",\"name\":\"ZECO Valve\",\"description\":\"Industrial Ball Valve, Gate Valve and Globe Valve Manufacturer\",\"potentialAction\":[{\"@type\":\"SearchAction\",\"target\":\"https:\/\/zecovalve.com\/?s={search_term_string}\",\"query-input\":\"required name=search_term_string\"}],\"inLanguage\":\"tr\"},{\"@type\":\"ImageObject\",\"@id\":\"https:\/\/zecovalve.com\/product\/pressure-relief-valve#primaryimage\",\"inLanguage\":\"tr\",\"url\":\"https:\/\/zecovalve.com\/wp-content\/uploads\/2022\/06\/Pressure-Relief-Valve-2.jpg\",\"width\":800,\"height\":600,\"caption\":\"Pressure Relief Valve\"},{\"@type\":\"WebPage\",\"@id\":\"https:\/\/zecovalve.com\/product\/pressure-relief-valve#webpage\",\"url\":\"https:\/\/zecovalve.com\/product\/pressure-relief-valve\",\"name\":\"Pressure Relief Valve - ZECO Valve\",\"isPartOf\":{\"@id\":\"https:\/\/zecovalve.com\/#website\"},\"primaryImageOfPage\":{\"@id\":\"https:\/\/zecovalve.com\/product\/pressure-relief-valve#primaryimage\"},\"datePublished\":\"2022-06-27T13:56:15+00:00\",\"dateModified\":\"2023-06-26T05:32:34+00:00\",\"breadcrumb\":{\"@id\":\"https:\/\/zecovalve.com\/product\/pressure-relief-valve#breadcrumb\"},\"inLanguage\":\"tr\",\"potentialAction\":[{\"@type\":\"ReadAction\",\"target\":[\"https:\/\/zecovalve.com\/product\/pressure-relief-valve\"]}]},{\"@type\":\"BreadcrumbList\",\"@id\":\"https:\/\/zecovalve.com\/product\/pressure-relief-valve#breadcrumb\",\"itemListElement\":[{\"@type\":\"ListItem\",\"position\":1,\"item\":{\"@type\":\"WebPage\",\"@id\":\"https:\/\/zecovalve.com\/\",\"url\":\"https:\/\/zecovalve.com\/\",\"name\":\"Home\"}},{\"@type\":\"ListItem\",\"position\":2,\"item\":{\"@type\":\"WebPage\",\"@id\":\"https:\/\/zecovalve.com\/product-category\",\"url\":\"https:\/\/zecovalve.com\/product-category\",\"name\":\"Industrial Valve Manufacturer | Water Valve Manufacturer\"}},{\"@type\":\"ListItem\",\"position\":3,\"item\":{\"@type\":\"WebPage\",\"@id\":\"https:\/\/zecovalve.com\/product\/pressure-relief-valve\",\"url\":\"https:\/\/zecovalve.com\/product\/pressure-relief-valve\",\"name\":\"Pressure Relief Valve\"}}]}]}<\/script>\n<!-- \/ Yoast SEO Premium plugin. -->","_links":{"self":[{"href":"https:\/\/zecovalve.com\/tr\/wp-json\/wp\/v2\/product\/17368","targetHints":{"allow":["GET"]}}],"collection":[{"href":"https:\/\/zecovalve.com\/tr\/wp-json\/wp\/v2\/product"}],"about":[{"href":"https:\/\/zecovalve.com\/tr\/wp-json\/wp\/v2\/types\/product"}],"replies":[{"embeddable":true,"href":"https:\/\/zecovalve.com\/tr\/wp-json\/wp\/v2\/comments?post=17368"}],"wp:featuredmedia":[{"embeddable":true,"href":"https:\/\/zecovalve.com\/tr\/wp-json\/wp\/v2\/media\/27948"}],"wp:attachment":[{"href":"https:\/\/zecovalve.com\/tr\/wp-json\/wp\/v2\/media?parent=17368"}],"wp:term":[{"taxonomy":"product_cat","embeddable":true,"href":"https:\/\/zecovalve.com\/tr\/wp-json\/wp\/v2\/product_cat?post=17368"},{"taxonomy":"product_tag","embeddable":true,"href":"https:\/\/zecovalve.com\/tr\/wp-json\/wp\/v2\/product_tag?post=17368"}],"curies":[{"name":"wp","href":"https:\/\/api.w.org\/{rel}","templated":true}]}}