{"id":17371,"date":"2022-06-27T13:58:22","date_gmt":"2022-06-27T13:58:22","guid":{"rendered":"https:\/\/zecovalve.com\/?post_type=product&#038;p=17371"},"modified":"2023-06-26T05:33:00","modified_gmt":"2023-06-26T05:33:00","slug":"solenoid-control-valve","status":"publish","type":"product","link":"https:\/\/zecovalve.com\/tr\/urun\/solenoid-control-valve","title":{"rendered":"Solenoid Kontrol Vanas\u0131"},"content":{"rendered":"<div class=\"sep-pages-boxs bgs clearfix\">\n<div class=\"sep-container clearfix\">\n<h1 class=\"titles sizes1 cens gtj-ff-bold\">Solenoid Kontrol Vanas\u0131<\/h1>\n<div class=\"bq-sep-pro-detail-thumbs ons clearfix\">\n<div class=\"thumbs\">\n<div class=\"imgs ons\">\n<div class=\"swiper-container swiper-container-initialized swiper-container-horizontal\">\n<div class=\"swiper-wrapper\">\n<div class=\"swiper-slide swiper-slide-active\">\n<figure id=\"attachment_17070\" aria-describedby=\"caption-attachment-17070\" style=\"width: 290px\" class=\"wp-caption alignnone\"><img loading=\"lazy\" decoding=\"async\" class=\"size-medium wp-image-17070\" src=\"https:\/\/zecovalve.com\/wp-content\/uploads\/2022\/06\/solenoid-control-valve-1-300x273.jpg\" alt=\"Solenoid Kontrol Vanas\u0131\" width=\"300\" height=\"273\" srcset=\"https:\/\/zecovalve.com\/wp-content\/uploads\/2022\/06\/solenoid-control-valve-1-300x273.jpg 300w, https:\/\/zecovalve.com\/wp-content\/uploads\/2022\/06\/solenoid-control-valve-1.jpg 330w\" sizes=\"auto, (max-width: 300px) 100vw, 300px\" \/><figcaption id=\"caption-attachment-17070\" class=\"wp-caption-text\">Solenoid Kontrol Vanas\u0131<\/figcaption><\/figure>\n<\/div>\n<\/div>\n<\/div>\n<div class=\"lr-lists-boxs\"><\/div>\n<\/div>\n<\/div>\n<\/div>\n<\/div>\n<\/div>\n<div class=\"sep-pages-boxs clearfix\">\n<div class=\"sep-container clearfix\">\n<div id=\"zf-nexts\" class=\"flex clearfix\">\n<div class=\"bq-zf-lefts\">\n<div class=\"richtext\">\n<h2>Solenoid Kontrol Valfinin \u00d6zellikleri<\/h2>\n<div class=\"text-center\"><img loading=\"lazy\" decoding=\"async\" class=\"alignnone size-medium wp-image-17053\" src=\"https:\/\/zecovalve.com\/wp-content\/uploads\/2022\/06\/surge-anticipating-valve-features-300x225.png\" alt=\"\" width=\"300\" height=\"225\" srcset=\"https:\/\/zecovalve.com\/wp-content\/uploads\/2022\/06\/surge-anticipating-valve-features-300x225.png 300w, https:\/\/zecovalve.com\/wp-content\/uploads\/2022\/06\/surge-anticipating-valve-features.png 600w\" sizes=\"auto, (max-width: 300px) 100vw, 300px\" \/><\/div>\n<ul class=\"list-paddingleft-2\">\n<li>K\u00fc\u00e7\u00fck boyutlu kap\u0131 ve kelebek vanalar b\u00fcy\u00fck elektrikli i\u015fletim sisteminin yerini alabilir.<\/li>\n<li>Kapanma h\u0131z\u0131 ayarlanabilir ve sabittir.<\/li>\n<li>Enerji tasarrufu<\/li>\n<li>Tam port, k\u00fc\u00e7\u00fck s\u0131v\u0131 direnci<\/li>\n<\/ul>\n<\/div>\n<div class=\"richtext\">\n<h2>Solenoid Kontrol Vanas\u0131 \u00c7al\u0131\u015fma Prensibi<\/h2>\n<div class=\"text-center\">\u00a0<img loading=\"lazy\" decoding=\"async\" class=\"alignnone size-medium wp-image-17373\" src=\"https:\/\/zecovalve.com\/wp-content\/uploads\/2022\/06\/solenoid-control-valve-sample-300x225.png\" alt=\"\" width=\"300\" height=\"225\" srcset=\"https:\/\/zecovalve.com\/wp-content\/uploads\/2022\/06\/solenoid-control-valve-sample-300x225.png 300w, https:\/\/zecovalve.com\/wp-content\/uploads\/2022\/06\/solenoid-control-valve-sample.png 600w\" sizes=\"auto, (max-width: 300px) 100vw, 300px\" \/><\/div>\n<p>Giri\u015ften su beslemesi yap\u0131l\u0131rken, su i\u011fne vanadan akar ve ana vana kontrol odas\u0131na girer. Solenoid pilot vana a\u00e7\u0131ld\u0131\u011f\u0131nda, kontrol odas\u0131ndaki su solenoid pilot vana ve k\u00fcresel vanadan d\u0131\u015far\u0131 akar. K\u00fcresel vana a\u00e7\u0131kl\u0131\u011f\u0131 i\u011fne vana a\u00e7\u0131kl\u0131\u011f\u0131ndan b\u00fcy\u00fckse, ana vana i\u00e7 bas\u0131nc\u0131 \u00e7ok d\u00fc\u015f\u00fck olarak kontrol eder, ana vana tam a\u00e7\u0131k durumdad\u0131r. Kontrol odas\u0131ndaki bas\u0131n\u00e7 artar ve solenoid pilot valf kapand\u0131\u011f\u0131nda ana valf kapanmaya ba\u015flar, ana valf kontrol odas\u0131 bo\u015falmay\u0131 durdurur.<\/p>\n<\/div>\n<div class=\"richtext\">\n<h2>Solenoid Kontrol Vanas\u0131 Kurulumu ve Devreye Alma<\/h2>\n<div class=\"text-center\"><img loading=\"lazy\" decoding=\"async\" class=\"alignnone size-medium wp-image-17372\" src=\"https:\/\/zecovalve.com\/wp-content\/uploads\/2022\/06\/solenoid-control-valve-installation-300x225.png\" alt=\"\" width=\"300\" height=\"225\" srcset=\"https:\/\/zecovalve.com\/wp-content\/uploads\/2022\/06\/solenoid-control-valve-installation-300x225.png 300w, https:\/\/zecovalve.com\/wp-content\/uploads\/2022\/06\/solenoid-control-valve-installation.png 600w\" sizes=\"auto, (max-width: 300px) 100vw, 300px\" \/><\/div>\n<p>Solenoid pilot vanadan \u00f6nce bir filtre tak\u0131lmal\u0131 ve kirlilik tahliyesine uygun olmal\u0131d\u0131r. Solenoid valf, alternatif ak\u0131m 220V veya do\u011fru ak\u0131m 24V se\u00e7ebilir. Normalde a\u00e7\u0131k veya normalde kapal\u0131 tip \u00e7e\u015fitli durumlara g\u00f6re se\u00e7ilebilir.  \u00d6zel kullan\u0131m i\u00e7in l\u00fctfen ZECO Valve Group'a dan\u0131\u015f\u0131n.<\/p>\n<\/div>\n<div class=\"richtext\">\n<h2>Solenoid Kontrol Vanas\u0131 Malzemesi ve Standard\u0131<\/h2>\n<p>Boyut Aral\u0131\u011f\u0131: 2\u2033~24\u2033<br \/>\nBas\u0131n\u00e7 De\u011feri: 10bar ~ 25bar<br \/>\nY\u00fcz Y\u00fcze Boyutlar: AMSE B16.10, EN558-1<br \/>\nFlan\u015f U\u00e7 \u00d6l\u00e7\u00fcs\u00fc: AMSE B16.1\/16.42, AS4087, EN1092-2<br \/>\nKaplama: F\u00fczyon Ba\u011flant\u0131l\u0131 Epoksi Kaplama<br \/>\nMuayene ve Test: ISO 5208 \/ EN 12226-2<\/p>\n<div class=\"over-tabs\">\n<table width=\"1389\">\n<tbody>\n<tr class=\"firstRow\">\n<td>Par\u00e7a<\/td>\n<td>Malzeme<\/td>\n<td>Standart<\/td>\n<\/tr>\n<tr>\n<td>V\u00fccut<\/td>\n<td>Sfero D\u00f6k\u00fcm<\/td>\n<td>EN 1563\/DIN 1693<\/td>\n<\/tr>\n<tr>\n<td>Bone<\/td>\n<td>Sfero D\u00f6k\u00fcm<\/td>\n<td>EN 1563\/DIN 1693<\/td>\n<\/tr>\n<tr>\n<td>D\u00f6\u015feme<\/td>\n<td>Paslanmaz \u00c7elik 431<\/td>\n<td>EN10088-1\/ASTM A959<\/td>\n<\/tr>\n<tr>\n<td>Koltuk<\/td>\n<td>Paslanmaz \u00c7elik 431<\/td>\n<td>EN10088-1\/ASTM A959<\/td>\n<\/tr>\n<tr>\n<td>Diyafram<\/td>\n<td>EPDM \/ NBR<\/td>\n<td>ISO 4633<\/td>\n<\/tr>\n<tr>\n<td>Pilot Valf<\/td>\n<td>CuZn39Pb1 \/ C37000<\/td>\n<td>EN12167\/ASTM B135<\/td>\n<\/tr>\n<tr>\n<td colspan=\"3\">Listede yer almayan malzeme se\u00e7enekleri i\u00e7in fabrikaya dan\u0131\u015f\u0131n.<\/p>\n<p>ZECO 50'den fazla farkl\u0131 ala\u015f\u0131mdan vana \u00fcretmektedir.<\/td>\n<\/tr>\n<\/tbody>\n<\/table>\n<\/div>\n<\/div>\n<\/div>\n<\/div>\n<\/div>\n<\/div>","protected":false},"excerpt":{"rendered":"<p>Solenoid Kontrol Vanas\u0131 Solenoid Kontrol Vanas\u0131n\u0131n Feturesleri K\u00fc\u00e7\u00fck boyutlar\u0131, b\u00fcy\u00fck elektrikli i\u015fletim sistemindeki s\u00fcrg\u00fcl\u00fc ve kelebek vanalar\u0131n yerini alabilir. \u2026 <a title=\"Solenoid Kontrol Vanas\u0131\" class=\"read-more\" href=\"https:\/\/zecovalve.com\/tr\/urun\/solenoid-control-valve\" aria-label=\"Solenoid Kontrol Vanas\u0131 hakk\u0131nda daha fazla bilgi\">Daha fazla bilgi edinin<\/a><\/p>","protected":false},"featured_media":27949,"comment_status":"closed","ping_status":"closed","template":"","meta":{"_generate-full-width-content":"","kt_blocks_editor_width":""},"product_cat":[2526],"product_tag":[2805],"class_list":["post-17371","product","type-product","status-publish","has-post-thumbnail","hentry","product_cat-water-control-valve","product_tag-pump-valve","sales-flash-overlay","woocommerce-text-align-center","woocommerce-image-align-center","do-quantity-buttons"],"featured_image_src_large":["https:\/\/zecovalve.com\/wp-content\/uploads\/2022\/06\/Solenoid-Control-Valve-2.jpg",800,600,false],"author_info":[],"comment_info":0,"taxonomy_info":{"product_cat":[{"value":2526,"label":"Water Control Valve"}],"product_tag":[{"value":2805,"label":"Pump Valve"}]},"yoast_head":"<!-- This site is optimized with the Yoast SEO Premium plugin v15.4 - https:\/\/yoast.com\/wordpress\/plugins\/seo\/ -->\n<title>Solenoid Control Valve - ZECO Valve<\/title>\n<meta name=\"robots\" content=\"index, follow, max-snippet:-1, max-image-preview:large, max-video-preview:-1\" \/>\n<link rel=\"canonical\" href=\"https:\/\/zecovalve.com\/tr\/urun\/solenoid-control-valve\" \/>\n<meta property=\"og:locale\" content=\"tr_TR\" \/>\n<meta property=\"og:type\" content=\"article\" \/>\n<meta property=\"og:title\" content=\"Solenoid Control Valve - ZECO Valve\" \/>\n<meta property=\"og:description\" content=\"Solenoid Control Valve Festures of Solenoid Control Valve Small in size can replace gate and butterfly valves large electric operating system. The ... Read more\" \/>\n<meta property=\"og:url\" content=\"https:\/\/zecovalve.com\/tr\/urun\/solenoid-control-valve\" \/>\n<meta property=\"og:site_name\" content=\"ZECO Valve\" \/>\n<meta property=\"article:modified_time\" content=\"2023-06-26T05:33:00+00:00\" \/>\n<meta property=\"og:image\" content=\"https:\/\/zecovalve.com\/wp-content\/uploads\/2022\/06\/Solenoid-Control-Valve-2.jpg\" \/>\n\t<meta property=\"og:image:width\" content=\"800\" \/>\n\t<meta property=\"og:image:height\" content=\"600\" \/>\n<meta name=\"twitter:card\" content=\"summary_large_image\" \/>\n<meta name=\"twitter:label1\" content=\"Yazan:\">\n\t<meta name=\"twitter:data1\" content=\"Jerry\">\n\t<meta name=\"twitter:label2\" content=\"Tahmini okuma s\u00fcresi\">\n\t<meta name=\"twitter:data2\" content=\"1 dakika\">\n<script type=\"application\/ld+json\" class=\"yoast-schema-graph\">{\"@context\":\"https:\/\/schema.org\",\"@graph\":[{\"@type\":\"WebSite\",\"@id\":\"https:\/\/zecovalve.com\/#website\",\"url\":\"https:\/\/zecovalve.com\/\",\"name\":\"ZECO Valve\",\"description\":\"Industrial Ball Valve, Gate Valve and Globe Valve Manufacturer\",\"potentialAction\":[{\"@type\":\"SearchAction\",\"target\":\"https:\/\/zecovalve.com\/?s={search_term_string}\",\"query-input\":\"required name=search_term_string\"}],\"inLanguage\":\"tr\"},{\"@type\":\"ImageObject\",\"@id\":\"https:\/\/zecovalve.com\/product\/solenoid-control-valve#primaryimage\",\"inLanguage\":\"tr\",\"url\":\"https:\/\/zecovalve.com\/wp-content\/uploads\/2022\/06\/Solenoid-Control-Valve-2.jpg\",\"width\":800,\"height\":600,\"caption\":\"Solenoid Control Valve\"},{\"@type\":\"WebPage\",\"@id\":\"https:\/\/zecovalve.com\/product\/solenoid-control-valve#webpage\",\"url\":\"https:\/\/zecovalve.com\/product\/solenoid-control-valve\",\"name\":\"Solenoid Control Valve - ZECO Valve\",\"isPartOf\":{\"@id\":\"https:\/\/zecovalve.com\/#website\"},\"primaryImageOfPage\":{\"@id\":\"https:\/\/zecovalve.com\/product\/solenoid-control-valve#primaryimage\"},\"datePublished\":\"2022-06-27T13:58:22+00:00\",\"dateModified\":\"2023-06-26T05:33:00+00:00\",\"breadcrumb\":{\"@id\":\"https:\/\/zecovalve.com\/product\/solenoid-control-valve#breadcrumb\"},\"inLanguage\":\"tr\",\"potentialAction\":[{\"@type\":\"ReadAction\",\"target\":[\"https:\/\/zecovalve.com\/product\/solenoid-control-valve\"]}]},{\"@type\":\"BreadcrumbList\",\"@id\":\"https:\/\/zecovalve.com\/product\/solenoid-control-valve#breadcrumb\",\"itemListElement\":[{\"@type\":\"ListItem\",\"position\":1,\"item\":{\"@type\":\"WebPage\",\"@id\":\"https:\/\/zecovalve.com\/\",\"url\":\"https:\/\/zecovalve.com\/\",\"name\":\"Home\"}},{\"@type\":\"ListItem\",\"position\":2,\"item\":{\"@type\":\"WebPage\",\"@id\":\"https:\/\/zecovalve.com\/product-category\",\"url\":\"https:\/\/zecovalve.com\/product-category\",\"name\":\"Industrial Valve Manufacturer | Water Valve Manufacturer\"}},{\"@type\":\"ListItem\",\"position\":3,\"item\":{\"@type\":\"WebPage\",\"@id\":\"https:\/\/zecovalve.com\/product\/solenoid-control-valve\",\"url\":\"https:\/\/zecovalve.com\/product\/solenoid-control-valve\",\"name\":\"Solenoid Control Valve\"}}]}]}<\/script>\n<!-- \/ Yoast SEO Premium plugin. -->","_links":{"self":[{"href":"https:\/\/zecovalve.com\/tr\/wp-json\/wp\/v2\/product\/17371","targetHints":{"allow":["GET"]}}],"collection":[{"href":"https:\/\/zecovalve.com\/tr\/wp-json\/wp\/v2\/product"}],"about":[{"href":"https:\/\/zecovalve.com\/tr\/wp-json\/wp\/v2\/types\/product"}],"replies":[{"embeddable":true,"href":"https:\/\/zecovalve.com\/tr\/wp-json\/wp\/v2\/comments?post=17371"}],"wp:featuredmedia":[{"embeddable":true,"href":"https:\/\/zecovalve.com\/tr\/wp-json\/wp\/v2\/media\/27949"}],"wp:attachment":[{"href":"https:\/\/zecovalve.com\/tr\/wp-json\/wp\/v2\/media?parent=17371"}],"wp:term":[{"taxonomy":"product_cat","embeddable":true,"href":"https:\/\/zecovalve.com\/tr\/wp-json\/wp\/v2\/product_cat?post=17371"},{"taxonomy":"product_tag","embeddable":true,"href":"https:\/\/zecovalve.com\/tr\/wp-json\/wp\/v2\/product_tag?post=17371"}],"curies":[{"name":"wp","href":"https:\/\/api.w.org\/{rel}","templated":true}]}}