{"id":17507,"date":"2022-06-28T02:33:45","date_gmt":"2022-06-28T02:33:45","guid":{"rendered":"https:\/\/zecovalve.com\/?post_type=product&#038;p=17507"},"modified":"2023-06-15T13:17:23","modified_gmt":"2023-06-15T13:17:23","slug":"gear-operated-gate-valve-2","status":"publish","type":"product","link":"https:\/\/zecovalve.com\/tr\/urun\/gear-operated-gate-valve-2","title":{"rendered":"Di\u015fli Kumandal\u0131 S\u00fcrg\u00fcl\u00fc Vana"},"content":{"rendered":"<div class=\"col-xs-12\">\n<div class=\"rbt\">\n<h1><img loading=\"lazy\" decoding=\"async\" class=\"size-medium wp-image-17508\" style=\"font-size: inherit;\" src=\"https:\/\/zecovalve.com\/wp-content\/uploads\/2022\/06\/g-2-105309-300x225.jpg\" alt=\"Di\u015fli Kumandal\u0131 S\u00fcrg\u00fcl\u00fc Vana-1\" width=\"300\" height=\"225\" srcset=\"https:\/\/zecovalve.com\/wp-content\/uploads\/2022\/06\/g-2-105309-300x225.jpg 300w, https:\/\/zecovalve.com\/wp-content\/uploads\/2022\/06\/g-2-105309-768x576.jpg 768w, https:\/\/zecovalve.com\/wp-content\/uploads\/2022\/06\/g-2-105309-600x450.jpg 600w, https:\/\/zecovalve.com\/wp-content\/uploads\/2022\/06\/g-2-105309.jpg 800w\" sizes=\"auto, (max-width: 300px) 100vw, 300px\" \/><\/h1>\n<\/div>\n<\/div>\n<div class=\"text\">\n<div id=\"productdetail\">\n<div id=\"productdetail_txt\" class=\"col-md-7 col-sm-6 col-xs-12\">\n<p><strong><a href=\"https:\/\/zecovalve.com\/tr\/urun\/gear-operated-gate-valve\/\" data-internallinksmanager029f6b8e52c=\"2\" title=\"di\u015fli kumandal\u0131 s\u00fcrg\u00fcl\u00fc vanalar\" target=\"_blank\" rel=\"noopener\">Di\u015fli Kumandal\u0131 S\u00fcrg\u00fcl\u00fc Vana<\/a><\/strong>Zeco&#039;nun di\u015fliyle \u00e7al\u0131\u015ft\u0131r\u0131lan s\u00fcrg\u00fcl\u00fc vanalar\u0131, ak\u0131\u015f\u0131 her iki y\u00f6nde de sa\u011flayan verimli a\u00e7ma-kapama vanalar\u0131 olarak g\u00f6rev yapar.<\/p>\n<\/div>\n<\/div>\n<div id=\"myTabContent\" class=\"tab-content\">\n<div id=\"page1\" class=\"tab-pane fade in active\">\n<div class=\"col-xs-12\">\n<div class=\"\">\n<p><b>Prensip<\/b><b>:<\/b><b>\u00a0<\/b><b><\/b><\/p>\n<p>Di\u015fliyle \u00e7al\u0131\u015ft\u0131r\u0131lan S\u00fcrg\u00fcl\u00fc vanalar, her iki y\u00f6nde de ak\u0131\u015f sa\u011flayan verimli a\u00e7ma-kapama vanalar\u0131 olarak hizmet eder. B\u00f6yle bir tasar\u0131mda, s\u0131v\u0131 ak\u0131\u015f\u0131n\u0131 kontrol etmek i\u00e7in genel bir ge\u00e7itten ge\u00e7en bir kama kayar (s\u00fcrg\u00fcl\u00fc bir kap\u0131 gibi - ad\u0131 da buradan gelir). Bu tip di\u015fliyle \u00e7al\u0131\u015ft\u0131r\u0131lan vanalar\u0131n en \u00f6nemli \u00f6zelliklerinden biri, tam a\u00e7\u0131k konuma ayarland\u0131\u011f\u0131nda d\u00fcz, engelsiz ge\u00e7i\u015f yoludur. Bu, kaman\u0131n ge\u00e7i\u015f yolundan tamamen kald\u0131r\u0131lmas\u0131yla m\u00fcmk\u00fcn olur. Sonu\u00e7 olarak, end\u00fcstriyel s\u00fcrg\u00fcl\u00fc vanalar, \u00e7al\u0131\u015fma s\u0131ras\u0131nda minimum t\u00fcrb\u00fclans ve bas\u0131n\u00e7 d\u00fc\u015f\u00fc\u015f\u00fc ile karakterize edilir.<\/p>\n<p>Di\u015fliyle \u00e7al\u0131\u015ft\u0131r\u0131lan s\u00fcrg\u00fcl\u00fc vanalar bu iki fakt\u00f6r\u00fc gerektiren uygulamalar i\u00e7in iyi olsa da, k\u0131sman\u0131n bir i\u015flev olaca\u011f\u0131 kurulumlar i\u00e7in \u00f6nerilmez. A\u00e7ma\/kapama hizmeti i\u00e7in tasarlanm\u0131\u015ft\u0131r.<\/p>\n<p>Di\u015fliyle \u00e7al\u0131\u015ft\u0131r\u0131lan s\u00fcrg\u00fcl\u00fc vanalar, m\u00fc\u015fteri taraf\u0131ndan aksi belirtilmedi\u011fi s\u00fcrece esnek bir kamaya sahiptir. Esnek kama, a\u00e7ma ve kapama s\u0131ras\u0131nda valf g\u00f6vdesi boyunca kayar ve g\u00f6vde yuvas\u0131 ile kama aras\u0131ndaki s\u00fcrt\u00fcnmeyi en aza indiren bir k\u0131lavuz yar\u0131k taraf\u0131ndan konumunda tutulur. Bu tasar\u0131m, g\u00f6vde ile kama yuvalar\u0131 aras\u0131nda daha iyi bir s\u0131zd\u0131rmazl\u0131k sa\u011flamak amac\u0131yla, vana borusunun \u00fcretti\u011fi hafif termal deformasyonlar\u0131 telafi etmek i\u00e7in \u00f6zellikle uygundur.<\/p>\n<p align=\"justify\"><b>\u00d6zellikler\uff1a<\/b><b><\/b><\/p>\n<p align=\"justify\">1. S\u0131v\u0131 i\u00e7in k\u00fc\u00e7\u00fck ak\u0131\u015f direnci;<\/p>\n<p align=\"justify\">2. A\u00e7ma\/kapama i\u00e7in yaln\u0131zca k\u00fc\u00e7\u00fck bir kuvvet gereklidir;<\/p>\n<p align=\"justify\">3. Ortam\u0131n ak\u0131\u015f y\u00f6n\u00fcnde herhangi bir s\u0131n\u0131rlama yoktur;<\/p>\n<p align=\"justify\">4. A\u00e7ma ve kapama i\u015flemi s\u0131ras\u0131nda, disk kamas\u0131 ile yuva aras\u0131ndaki s\u00fcrt\u00fcnme k\u00fc\u00e7\u00fckt\u00fcr, dolay\u0131s\u0131yla s\u0131zd\u0131rmazl\u0131k g\u00fcvenilirdir ve s\u0131zd\u0131rmazl\u0131k ve uzun servis \u00f6mr\u00fc sa\u011flar;<\/p>\n<p align=\"justify\">5. Supap sap\u0131 s\u0131zd\u0131rmazl\u0131\u011f\u0131 esnek ve dokuma grafitin i\u015fbirli\u011fiyle ger\u00e7ekle\u015ftirilir. daha g\u00fcvenilir bir s\u0131zd\u0131rmazl\u0131k sa\u011flamak;<\/p>\n<p align=\"justify\">6. \u0130ste\u011fe ba\u011fl\u0131 bas\u0131n\u00e7 contal\u0131 kaporta tipi;<\/p>\n<p align=\"justify\">7. \u0130ste\u011fe ba\u011fl\u0131 kat\u0131 kama tipi;<\/p>\n<p align=\"justify\">8. \u0130ste\u011fe ba\u011fl\u0131 y\u00fckselmeyen g\u00f6vde yap\u0131lar\u0131;<\/p>\n<p align=\"justify\">9. \u0130ste\u011fe ba\u011fl\u0131 ceket yap\u0131s\u0131.<\/p>\n<p align=\"justify\"><b>\u00dcr\u00fcn Yelpazesi:<\/b><b><\/b><\/p>\n<p>G\u00f6vde malzemesi: karbon \u00e7eli\u011fi, paslanmaz \u00e7elik, ala\u015f\u0131ml\u0131 \u00e7elik<\/p>\n<p>Nominal \u00e7ap: 1\/2~60<\/p>\n<p>Bas\u0131n\u00e7 aral\u0131\u011f\u0131: S\u0131n\u0131f150\uff5e2500<\/p>\n<p>U\u00e7 ba\u011flant\u0131s\u0131: RF, RTJ, BW<\/p>\n<p>\u00c7al\u0131\u015fma s\u0131cakl\u0131\u011f\u0131: -29 \u2103 \uff5e + 560 \u2103<\/p>\n<p>\u00c7al\u0131\u015fma modu: El \u00e7ark\u0131, Di\u015fli Kutusu, Elektrikli Akt\u00fcat\u00f6r, Pn\u00f6matik Akt\u00fcat\u00f6r, vb.<\/p>\n<table class=\"ke-zeroborder\" border=\"0\" cellspacing=\"0\">\n<tbody>\n<tr>\n<td valign=\"center\" width=\"112\">Marka<\/td>\n<td valign=\"center\" width=\"770\">Zeco<\/td>\n<\/tr>\n<tr>\n<td valign=\"center\" width=\"112\">Valf Tipi<\/td>\n<td valign=\"center\" width=\"770\"><a href=\"https:\/\/zecovalve.com\/tr\/urun\/gear-operated-gate-valve\/\" data-internallinksmanager029f6b8e52c=\"2\" title=\"di\u015fli kumandal\u0131 s\u00fcrg\u00fcl\u00fc vanalar\" target=\"_blank\" rel=\"noopener\">Di\u015fli Kumandal\u0131 S\u00fcrg\u00fcl\u00fc Vana<\/a><\/td>\n<\/tr>\n<tr>\n<td valign=\"center\" width=\"112\">Valf Malzemesi<\/td>\n<td valign=\"center\" width=\"770\">D\u00f6kme \u00e7elik, paslanmaz \u00e7elik, \u00f6zel ala\u015f\u0131m, vb.<\/td>\n<\/tr>\n<tr>\n<td valign=\"center\" width=\"112\">Valf Testi<\/td>\n<td valign=\"center\" width=\"770\">100% miktar\u0131 teslimattan \u00f6nce test edilmi\u015ftir<\/td>\n<\/tr>\n<tr>\n<td valign=\"center\" width=\"112\">Valf Garantisi<\/td>\n<td valign=\"center\" width=\"770\">Fabrika \u00e7\u0131k\u0131\u015fl\u0131 sevkiyat tarihinden itibaren 18 ay veya emtia kurulum tarihinden itibaren 12 ay.<\/td>\n<\/tr>\n<tr>\n<td valign=\"center\" width=\"112\">Valf Boyama<\/td>\n<td valign=\"center\" width=\"770\">M\u00fc\u015fteri talebi<\/td>\n<\/tr>\n<tr>\n<td valign=\"center\" width=\"112\">Valf Paketi<\/td>\n<td valign=\"center\" width=\"770\">Tahta sand\u0131k<\/td>\n<\/tr>\n<tr>\n<td valign=\"center\" width=\"112\">ADEDI<\/td>\n<td valign=\"center\" width=\"770\">Gereklilik yok<\/td>\n<\/tr>\n<tr>\n<td valign=\"center\" width=\"112\">Valf Sertifikas\u0131<\/td>\n<td valign=\"center\" width=\"770\">API 6D\/CE\/ISO9001\/ISO14001<\/td>\n<\/tr>\n<tr>\n<td valign=\"center\" width=\"112\">Teslimat Detay\u0131<\/td>\n<td valign=\"center\" width=\"770\">\u00d6deme yap\u0131ld\u0131ktan sonra 4 veya 6 hafta i\u00e7inde g\u00f6nderilir<\/td>\n<\/tr>\n<tr>\n<td valign=\"center\" width=\"112\">Liman<\/td>\n<td valign=\"center\" width=\"770\">\u015eANGHAY<\/td>\n<\/tr>\n<tr>\n<td valign=\"center\" width=\"112\">\u00d6deme Ko\u015fullar\u0131<\/td>\n<td valign=\"center\" width=\"770\">L\/C, D\/A, D\/P, T\/T<\/td>\n<\/tr>\n<tr>\n<td valign=\"center\" width=\"112\">Sunulan Sertifika<\/td>\n<td valign=\"center\" width=\"770\">Paketleme Listesi, Ticari Fatura, Test Raporlar\u0131 ve Malzeme Sertifikalar\u0131, Kalite ve Miktar Sertifikas\u0131, Sat\u0131c\u0131n\u0131n Garanti Belgesi<\/td>\n<\/tr>\n<\/tbody>\n<\/table>\n<p align=\"justify\"><img loading=\"lazy\" decoding=\"async\" class=\"alignnone size-medium wp-image-17509\" src=\"https:\/\/zecovalve.com\/wp-content\/uploads\/2022\/06\/20190205124042_9202-300x182.jpg\" alt=\"\" width=\"300\" height=\"182\" srcset=\"https:\/\/zecovalve.com\/wp-content\/uploads\/2022\/06\/20190205124042_9202-300x182.jpg 300w, https:\/\/zecovalve.com\/wp-content\/uploads\/2022\/06\/20190205124042_9202-600x365.jpg 600w, https:\/\/zecovalve.com\/wp-content\/uploads\/2022\/06\/20190205124042_9202.jpg 750w\" sizes=\"auto, (max-width: 300px) 100vw, 300px\" \/><\/p>\n<\/div>\n<\/div>\n<\/div>\n<\/div>\n<\/div>","protected":false},"excerpt":{"rendered":"<p>Di\u015fliyle \u00c7al\u0131\u015ft\u0131r\u0131lan S\u00fcrg\u00fcl\u00fc VanaZeco&#039;nun di\u015fliyle \u00e7al\u0131\u015ft\u0131r\u0131lan s\u00fcrg\u00fcl\u00fc valfleri, her iki y\u00f6nde de ak\u0131\u015f sa\u011flayan verimli a\u00e7ma-kapama valfleri olarak hizmet eder. Prensip: Di\u015fliyle \u00e7al\u0131\u015fan Kap\u0131\u2026 <a title=\"Di\u015fli Kumandal\u0131 S\u00fcrg\u00fcl\u00fc Vana\" class=\"read-more\" href=\"https:\/\/zecovalve.com\/tr\/urun\/gear-operated-gate-valve-2\" aria-label=\"Di\u015fli Kumandal\u0131 S\u00fcrg\u00fcl\u00fc Vana hakk\u0131nda daha fazlas\u0131\">Daha fazla bilgi edinin<\/a><\/p>","protected":false},"featured_media":27870,"comment_status":"closed","ping_status":"closed","template":"","meta":{"_generate-full-width-content":"","kt_blocks_editor_width":""},"product_cat":[2052,2457],"product_tag":[2658,2798],"class_list":["post-17507","product","type-product","status-publish","has-post-thumbnail","hentry","product_cat-gate-valve","product_cat-gate-valve-by-drive-mode","product_tag-isolation-valve","product_tag-osy-valve","sales-flash-overlay","woocommerce-text-align-center","woocommerce-image-align-center","do-quantity-buttons"],"featured_image_src_large":["https:\/\/zecovalve.com\/wp-content\/uploads\/2022\/06\/Gear-Valve-Gear-Operated-Gate-Valve.jpg",800,600,false],"author_info":[],"comment_info":0,"taxonomy_info":{"product_cat":[{"value":2052,"label":"Gate Valve"},{"value":2457,"label":"Gate Valve with Actuator"}],"product_tag":[{"value":2658,"label":"Isolation Valve"},{"value":2798,"label":"OS&amp;Y Valve"}]},"yoast_head":"<!-- This site is optimized with the Yoast SEO Premium plugin v15.4 - https:\/\/yoast.com\/wordpress\/plugins\/seo\/ -->\n<title>Gear Operated Gate Valve - ZECO Valve<\/title>\n<meta name=\"robots\" content=\"index, follow, max-snippet:-1, max-image-preview:large, max-video-preview:-1\" \/>\n<link rel=\"canonical\" href=\"https:\/\/zecovalve.com\/tr\/urun\/gear-operated-gate-valve-2\" \/>\n<meta property=\"og:locale\" content=\"tr_TR\" \/>\n<meta property=\"og:type\" content=\"article\" \/>\n<meta property=\"og:title\" content=\"Gear Operated Gate Valve - ZECO Valve\" \/>\n<meta property=\"og:description\" content=\"Gear Operated Gate ValveZeco&#8217;s gear operated gate valves serve as efficient on-off valves with flow in either direction. Principle:\u00a0 Gear operated Gate ... Read more\" \/>\n<meta property=\"og:url\" content=\"https:\/\/zecovalve.com\/tr\/urun\/gear-operated-gate-valve-2\" \/>\n<meta property=\"og:site_name\" content=\"ZECO Valve\" \/>\n<meta property=\"article:modified_time\" content=\"2023-06-15T13:17:23+00:00\" \/>\n<meta property=\"og:image\" content=\"https:\/\/zecovalve.com\/wp-content\/uploads\/2022\/06\/Gear-Valve-Gear-Operated-Gate-Valve.jpg\" \/>\n\t<meta property=\"og:image:width\" content=\"800\" \/>\n\t<meta property=\"og:image:height\" content=\"600\" \/>\n<meta name=\"twitter:card\" content=\"summary_large_image\" \/>\n<meta name=\"twitter:label1\" content=\"Yazan:\">\n\t<meta name=\"twitter:data1\" content=\"Jerry\">\n\t<meta name=\"twitter:label2\" content=\"Tahmini okuma s\u00fcresi\">\n\t<meta name=\"twitter:data2\" content=\"2 dakika\">\n<script type=\"application\/ld+json\" class=\"yoast-schema-graph\">{\"@context\":\"https:\/\/schema.org\",\"@graph\":[{\"@type\":\"WebSite\",\"@id\":\"https:\/\/zecovalve.com\/#website\",\"url\":\"https:\/\/zecovalve.com\/\",\"name\":\"ZECO Valve\",\"description\":\"Industrial Ball Valve, Gate Valve and Globe Valve Manufacturer\",\"potentialAction\":[{\"@type\":\"SearchAction\",\"target\":\"https:\/\/zecovalve.com\/?s={search_term_string}\",\"query-input\":\"required name=search_term_string\"}],\"inLanguage\":\"tr\"},{\"@type\":\"ImageObject\",\"@id\":\"https:\/\/zecovalve.com\/product\/gear-operated-gate-valve-2#primaryimage\",\"inLanguage\":\"tr\",\"url\":\"https:\/\/zecovalve.com\/wp-content\/uploads\/2022\/06\/Gear-Valve-Gear-Operated-Gate-Valve.jpg\",\"width\":800,\"height\":600,\"caption\":\"Gear Valve - Gear Operated Gate Valve\"},{\"@type\":\"WebPage\",\"@id\":\"https:\/\/zecovalve.com\/product\/gear-operated-gate-valve-2#webpage\",\"url\":\"https:\/\/zecovalve.com\/product\/gear-operated-gate-valve-2\",\"name\":\"Gear Operated Gate Valve - ZECO Valve\",\"isPartOf\":{\"@id\":\"https:\/\/zecovalve.com\/#website\"},\"primaryImageOfPage\":{\"@id\":\"https:\/\/zecovalve.com\/product\/gear-operated-gate-valve-2#primaryimage\"},\"datePublished\":\"2022-06-28T02:33:45+00:00\",\"dateModified\":\"2023-06-15T13:17:23+00:00\",\"breadcrumb\":{\"@id\":\"https:\/\/zecovalve.com\/product\/gear-operated-gate-valve-2#breadcrumb\"},\"inLanguage\":\"tr\",\"potentialAction\":[{\"@type\":\"ReadAction\",\"target\":[\"https:\/\/zecovalve.com\/product\/gear-operated-gate-valve-2\"]}]},{\"@type\":\"BreadcrumbList\",\"@id\":\"https:\/\/zecovalve.com\/product\/gear-operated-gate-valve-2#breadcrumb\",\"itemListElement\":[{\"@type\":\"ListItem\",\"position\":1,\"item\":{\"@type\":\"WebPage\",\"@id\":\"https:\/\/zecovalve.com\/\",\"url\":\"https:\/\/zecovalve.com\/\",\"name\":\"Home\"}},{\"@type\":\"ListItem\",\"position\":2,\"item\":{\"@type\":\"WebPage\",\"@id\":\"https:\/\/zecovalve.com\/product-category\",\"url\":\"https:\/\/zecovalve.com\/product-category\",\"name\":\"Industrial Valve Manufacturer | Water Valve Manufacturer\"}},{\"@type\":\"ListItem\",\"position\":3,\"item\":{\"@type\":\"WebPage\",\"@id\":\"https:\/\/zecovalve.com\/product\/gear-operated-gate-valve-2\",\"url\":\"https:\/\/zecovalve.com\/product\/gear-operated-gate-valve-2\",\"name\":\"Gear Operated Gate Valve\"}}]}]}<\/script>\n<!-- \/ Yoast SEO Premium plugin. -->","_links":{"self":[{"href":"https:\/\/zecovalve.com\/tr\/wp-json\/wp\/v2\/product\/17507","targetHints":{"allow":["GET"]}}],"collection":[{"href":"https:\/\/zecovalve.com\/tr\/wp-json\/wp\/v2\/product"}],"about":[{"href":"https:\/\/zecovalve.com\/tr\/wp-json\/wp\/v2\/types\/product"}],"replies":[{"embeddable":true,"href":"https:\/\/zecovalve.com\/tr\/wp-json\/wp\/v2\/comments?post=17507"}],"wp:featuredmedia":[{"embeddable":true,"href":"https:\/\/zecovalve.com\/tr\/wp-json\/wp\/v2\/media\/27870"}],"wp:attachment":[{"href":"https:\/\/zecovalve.com\/tr\/wp-json\/wp\/v2\/media?parent=17507"}],"wp:term":[{"taxonomy":"product_cat","embeddable":true,"href":"https:\/\/zecovalve.com\/tr\/wp-json\/wp\/v2\/product_cat?post=17507"},{"taxonomy":"product_tag","embeddable":true,"href":"https:\/\/zecovalve.com\/tr\/wp-json\/wp\/v2\/product_tag?post=17507"}],"curies":[{"name":"wp","href":"https:\/\/api.w.org\/{rel}","templated":true}]}}