{"id":17510,"date":"2022-06-28T02:36:35","date_gmt":"2022-06-28T02:36:35","guid":{"rendered":"https:\/\/zecovalve.com\/?post_type=product&#038;p=17510"},"modified":"2022-09-22T03:26:16","modified_gmt":"2022-09-22T03:26:16","slug":"forged-steel-trunnion-ball-valve","status":"publish","type":"product","link":"https:\/\/zecovalve.com\/tr\/urun\/forged-steel-trunnion-ball-valve","title":{"rendered":"D\u00f6vme \u00c7elik Muylu K\u00fcresel Vana"},"content":{"rendered":"D\u00f6vme \u00e7elik muyluya monteli k\u00fcresel vana, iki par\u00e7al\u0131 g\u00f6vde tipi veya \u00fc\u00e7 par\u00e7al\u0131 g\u00f6vde tipinde ve ortam bas\u0131nc\u0131 alt\u0131nda hareket edebilen iki y\u00fczer yuval\u0131 olarak tasarlanm\u0131\u015ft\u0131r.\r\n\r\n\r\n\r\n\r\n<figure class=\"wp-block-image alignnone size-medium wp-image-17511\"><img loading=\"lazy\" decoding=\"async\" width=\"300\" height=\"225\" class=\"wp-image-17511\" src=\"https:\/\/zecovalve.com\/wp-content\/uploads\/2022\/06\/F-2-104749-300x225.jpg\" alt=\"D\u00f6vme \u00c7elik Muylu K\u00fcresel Vana\" srcset=\"https:\/\/zecovalve.com\/wp-content\/uploads\/2022\/06\/F-2-104749-300x225.jpg 300w, https:\/\/zecovalve.com\/wp-content\/uploads\/2022\/06\/F-2-104749-768x576.jpg 768w, https:\/\/zecovalve.com\/wp-content\/uploads\/2022\/06\/F-2-104749-600x450.jpg 600w, https:\/\/zecovalve.com\/wp-content\/uploads\/2022\/06\/F-2-104749.jpg 800w\" sizes=\"auto, (max-width: 300px) 100vw, 300px\" \/><\/figure>\r\n\r\n\r\n\r\n\r\n<div class=\"gb-button-wrapper gb-button-wrapper-6d8495a3\">\r\n\r\n<a class=\"gb-button gb-button-3d442e11 gb-button-text\" href=\"mailto:commercial@zecovalve.com\" target=\"_blank\" rel=\"noopener noreferrer\"><strong>D\u00d6VME \u00c7EL\u0130K K\u00dcRESEL VANA F\u0130YATINI ALIN<\/strong><\/a>\r\n\r\n<\/div>\r\n\r\n\r\n<h2 class=\"wp-block-heading\">Trunnion K\u00fcresel Vana Nedir?<\/h2>\r\n\r\n\r\n\r\n\r\nK\u00fcresel vana, a\u00e7ma\/kapama ak\u0131\u015f kontrol\u00fc sa\u011flamak i\u00e7in d\u00f6nen bir bilye ve bir g\u00f6vde kullan\u0131r. Valf, deli\u011fin boru hatt\u0131yla ayn\u0131 y\u00f6nde hizaland\u0131\u011f\u0131 yere yerle\u015ftirildi\u011finde a\u00e7\u0131k konumdad\u0131r ve ak\u0131\u015fkan a\u015fa\u011f\u0131 y\u00f6nde ge\u00e7ebilir. Bilya 90 derece d\u00f6nd\u00fcr\u00fcld\u00fc\u011f\u00fcnde delik ak\u0131\u015f yoluna dik hale gelir, bu da valfin kapal\u0131 oldu\u011fu ve s\u0131v\u0131n\u0131n ge\u00e7emeyece\u011fi anlam\u0131na gelir. K\u00fcresel vanan\u0131n avantajlar\u0131 aras\u0131nda H\u0131zl\u0131 kapatma yer al\u0131r; vanay\u0131 kapatmak i\u00e7in yaln\u0131zca 90 derecelik bir d\u00f6n\u00fc\u015f yeterlidir. Vanan\u0131n a\u00e7\u0131k veya kapal\u0131 durumu kolun konumu sayesinde kolayl\u0131kla tespit edilebilir. K\u00fcresel Vana, yumu\u015fak s\u0131zd\u0131rmazl\u0131k bile\u015fenleri kullanarak uzun s\u00fcreler sonra bile s\u0131k\u0131 bir s\u0131zd\u0131rmazl\u0131k sa\u011flar. Muyluya monteli top tasar\u0131m\u0131, topun \u00fcst\u00fcnde ve alt\u0131nda bir &quot;muyluyu&quot; sabitleme \u00f6zelli\u011fine sahiptir. Bu tasar\u0131m, bas\u0131n\u00e7tan ba\u011f\u0131ms\u0131z olarak hem alt hem de \u00fcst koltuklarda pozitif bir s\u0131zd\u0131rmazl\u0131k sa\u011flayarak \u00c7ift Blok ve S\u0131zd\u0131rma veya \u00c7ift \u0130zolasyon ve S\u0131zd\u0131rma i\u015flevine olanak tan\u0131r. Bu, muylu tasar\u0131ml\u0131 k\u00fcresel vanalar\u0131 daha b\u00fcy\u00fck \u00e7apl\u0131 ve daha y\u00fcksek bas\u0131n\u00e7l\u0131 i\u015flemler i\u00e7in uygun hale getirir. Ek olarak bu tasar\u0131m, vanan\u0131n strokunu yapmak i\u00e7in gereken torku azalt\u0131r ve muylu tasar\u0131m\u0131n\u0131 otomatik k\u00fcresel vana uygulamalar\u0131 i\u00e7in ideal hale getirir.\r\n\r\n\r\n\r\n\r\n<h2 class=\"wp-block-heading\" id=\"h-specifications-of-forged-steel-trunnion-ball-valve\">D\u00f6vme \u00c7elik Muylu K\u00fcresel Vanan\u0131n \u00d6zellikleri<\/h2>\r\n\r\n\r\n\r\n\r\nZECO muyluya monteli k\u00fcresel vanalar, 2\u2033-56\u2033 aral\u0131\u011f\u0131nda vanalar, ANSI s\u0131n\u0131flar\u0131 150LB \u2013 2500LB, d\u00f6vme \u00e7elik c\u0131vatal\u0131 veya tamamen kaynakl\u0131 g\u00f6vde, d\u00fc\u015f\u00fck \u00e7al\u0131\u015fma torklar\u0131 i\u00e7in yak\u0131n ba\u011flant\u0131l\u0131 muylusu blok tasar\u0131m\u0131 ve ikincil koltuk s\u0131zd\u0131rmazl\u0131k maddesi \u00f6zelli\u011fi ile tam kapsaml\u0131 bir \u00fcr\u00fcn yelpazesine sahiptir. . API-6D valfleri, kendinden tahliyeli yuvalarla veya iste\u011fe ba\u011fl\u0131 \u00e7ift piston contas\u0131yla sunulmaktad\u0131r. \u00d6zel koltuk bile\u015fikleri de mevcuttur. Her valf API-6D, API 6FA ve Nace gereksinimlerini kar\u015f\u0131lar. Se\u00e7enekler aras\u0131nda g\u00f6vde uzant\u0131lar\u0131, akt\u00fcat\u00f6rler, boru yavrular\u0131 ve \u00f6zel kaplamalar yer al\u0131r.\r\n\r\n\r\n\r\n\r\n<ol class=\"wp-block-list\">\r\n \t<li>Sertifikasyon: ISO9001, API6D, CE, TS<\/li>\r\n \t<li>Boyut: 2\u2033-56\u2033<\/li>\r\n \t<li>Bas\u0131n\u00e7: S\u0131n\u0131f 150LB-2500LB<\/li>\r\n \t<li>Malzeme: A105, LF2, F11, F22, F5, F304, F316, F304L, F316L<\/li>\r\n \t<li>Garanti: 12 ay<\/li>\r\n \t<li>Uygun ortam: su, ya\u011f, gaz<\/li>\r\n \t<li>Tasar\u0131m ve \u00dcretim: API6D, ASME B 16.34, BS5351<\/li>\r\n \t<li>Muayene ve Test: API598<\/li>\r\n \t<li>U\u00e7 flan\u015f boyutu: ASME B16.5 (NPS\u226424 i\u00e7in); AMSE B16.47 serisi B<\/li>\r\n \t<li>Soket kaynak boyutu: ASME B16.11<\/li>\r\n \t<li>Y\u00fcz y\u00fcze ve u\u00e7tan uca: ASME B 16.10<\/li>\r\n \t<li>Bas\u0131n\u00e7\/s\u0131cakl\u0131k derecesi: ASME B16.34<\/li>\r\n<\/ol>\r\n\r\n\r\n\r\n<h2 class=\"wp-block-heading\">D\u00f6vme \u00c7elik Muyluya Monte K\u00fcresel Vanan\u0131n \u00c7al\u0131\u015fma Prensibi<\/h2>\r\n\r\n\r\n\r\n\r\nKoltuklar\u0131n alt k\u0131sm\u0131n\u0131n alt\u0131nda, koltuk \u00f6n y\u00fckleme yaylar\u0131, iki y\u00fczer koltu\u011fun topun y\u00fczeyine s\u0131k\u0131 bir \u015fekilde ba\u011flanabilmesini sa\u011flayacak \u015fekilde konumland\u0131r\u0131lm\u0131\u015ft\u0131r; ayr\u0131ca ortam\u0131n bas\u0131nc\u0131, s\u0131zd\u0131rmazl\u0131\u011f\u0131n daha g\u00fcvenilir olmas\u0131n\u0131 sa\u011flamak i\u00e7in koltuklar\u0131 topu s\u0131k\u0131ca tutturmak \u00fczere itebilir. K\u00fcresel vanalar, petrol rafinerisi, kimya, ka\u011f\u0131t yap\u0131m\u0131, eczane, g\u0131da, su enerjisi, belediye, \u00e7elik ve di\u011fer end\u00fcstrilerde yayg\u0131n olarak kullan\u0131lmaktad\u0131r. Bunlar\u0131n aras\u0131nda k\u00fck\u00fcrte dayan\u0131kl\u0131 k\u00fcresel vanalar, y\u00fcksek korozyona sahip do\u011fal gaz\u0131n s\u00fclf\u00fcr hidrojen ortam\u0131 ve bir\u00e7ok yabanc\u0131 madde ile iletimi i\u00e7in uzun mesafeli boru hatlar\u0131 i\u00e7in \u00f6zellikle uygundur. Muylu k\u00fcresel vana, ortam\u0131n bas\u0131nc\u0131 alt\u0131nda yer de\u011fi\u015ftirme olu\u015fturabilen hareketli bir yuva conta halkas\u0131 ile donat\u0131lm\u0131\u015ft\u0131r. Herhangi bir orta bas\u0131nc\u0131n mevcut olmas\u0131 durumunda, bas\u0131n\u00e7, vana yuvas\u0131 conta halkas\u0131n\u0131 bilyaya s\u0131k\u0131ca bast\u0131rarak k\u00fcresel vanan\u0131n s\u0131zd\u0131rmazl\u0131k performans\u0131n\u0131 garanti eder.\r\n\r\n\r\n\r\n\r\n<h2 class=\"wp-block-heading\">D\u00f6vme Muylu K\u00fcresel Vanan\u0131n \u00d6zellikleri<\/h2>\r\n\r\n\r\n\r\n<ul class=\"wp-block-list\">\r\n \t<li>1. \u0130yi s\u0131zd\u0131rmazl\u0131k performans\u0131 ve k\u00fc\u00e7\u00fck tork ile basit yap\u0131;<\/li>\r\n \t<li>2. Minimum ak\u0131\u015f direncine sahip (ger\u00e7ekte s\u0131f\u0131r) tam ge\u00e7i\u015fli ve azalt\u0131lm\u0131\u015f ge\u00e7i\u015fli tasar\u0131m;<\/li>\r\n \t<li>3. Acil durum s\u0131zd\u0131rmazl\u0131k maddesi enjeksiyonu;<\/li>\r\n \t<li>4. Ba\u011f\u0131ms\u0131z top ve g\u00f6vde;<\/li>\r\n \t<li>5. D\u00fc\u015f\u00fck emisyonlu paketleme;<\/li>\r\n \t<li>6. Yang\u0131na dayan\u0131kl\u0131, anti-statik ve patlama \u00f6nleyici g\u00f6vde tasar\u0131m\u0131;<\/li>\r\n \t<li>7. Bo\u015fluk bas\u0131nc\u0131n\u0131n kendi kendine giderilmesi;<\/li>\r\n \t<li>8. \u0130ste\u011fe ba\u011fl\u0131 uzat\u0131lm\u0131\u015f kaporta.<\/li>\r\n<\/ul>\r\n\r\n\r\n\r\n<h2 class=\"wp-block-heading\">D\u00f6vme \u00c7elik Muylu K\u00fcresel Vana Nakliye Bilgileri<\/h2>\r\n\r\n\r\n\r\n<figure class=\"wp-block-table\">\r\n<table>\r\n<tbody>\r\n<tr>\r\n<td>Marka<\/td>\r\n<td>ZECO<\/td>\r\n<\/tr>\r\n<tr>\r\n<td>Valf Tipi<\/td>\r\n<td>D\u00f6vme \u00c7elik Muylu K\u00fcresel Vana<\/td>\r\n<\/tr>\r\n<tr>\r\n<td>Valf Malzemesi<\/td>\r\n<td>\u00a0d\u00f6vme \u00e7elik, paslanmaz \u00e7elik vb.<\/td>\r\n<\/tr>\r\n<tr>\r\n<td>Valf Testi<\/td>\r\n<td>100% miktar\u0131 teslimattan \u00f6nce test edilmi\u015ftir<\/td>\r\n<\/tr>\r\n<tr>\r\n<td>Valf Garantisi<\/td>\r\n<td>Fabrika teslimi tarihinden itibaren 18 ay veya mal\u0131n kurulum tarihinden itibaren 12 ay.<\/td>\r\n<\/tr>\r\n<tr>\r\n<td>Valf Boyama<\/td>\r\n<td>M\u00fc\u015fteri talebi<\/td>\r\n<\/tr>\r\n<tr>\r\n<td>Valf Paketi<\/td>\r\n<td>Tahta sand\u0131k<\/td>\r\n<\/tr>\r\n<tr>\r\n<td>ADEDI<\/td>\r\n<td>Gereklilik yok<\/td>\r\n<\/tr>\r\n<tr>\r\n<td>Valf Sertifikas\u0131<\/td>\r\n<td>API 6D\/CE\/ISO9001\/ISO14001<\/td>\r\n<\/tr>\r\n<tr>\r\n<td>Teslimat Detay\u0131<\/td>\r\n<td>\u00d6deme yap\u0131ld\u0131ktan sonra 4 veya 6 hafta i\u00e7inde g\u00f6nderilir<\/td>\r\n<\/tr>\r\n<tr>\r\n<td>Liman<\/td>\r\n<td>\u015eANGAY, NINGBO<\/td>\r\n<\/tr>\r\n<tr>\r\n<td>\u00d6deme Ko\u015fullar\u0131<\/td>\r\n<td>L\/C, T\/T<\/td>\r\n<\/tr>\r\n<tr>\r\n<td>Sunulan Sertifika<\/td>\r\n<td>Paketleme Listesi, Ticari Fatura, Test Raporlar\u0131 ve Malzeme Sertifikalar\u0131, Kalite ve miktar belgesi, Sat\u0131c\u0131 Garanti Belgesi<\/td>\r\n<\/tr>\r\n<\/tbody>\r\n<\/table>\r\n<\/figure>","protected":false},"excerpt":{"rendered":"<p>D\u00f6vme \u00e7elik muylu monteli k\u00fcresel vana, iki par\u00e7al\u0131 g\u00f6vde tipi veya \u00fc\u00e7 par\u00e7al\u0131 g\u00f6vde tipi ve iki y\u00fczer g\u00f6vdeli olarak tasarlanm\u0131\u015ft\u0131r. <a title=\"D\u00f6vme \u00c7elik Muylu K\u00fcresel Vana\" class=\"read-more\" href=\"https:\/\/zecovalve.com\/tr\/urun\/forged-steel-trunnion-ball-valve\" aria-label=\"D\u00f6vme \u00c7elik Muylu K\u00fcresel Vana hakk\u0131nda daha fazlas\u0131\">Daha fazla bilgi edinin<\/a><\/p>","protected":false},"featured_media":17511,"comment_status":"closed","ping_status":"closed","template":"","meta":{"_generate-full-width-content":"","kt_blocks_editor_width":""},"product_cat":[2047,2461],"product_tag":[3920,2658,3914,2723],"class_list":["post-17510","product","type-product","status-publish","has-post-thumbnail","hentry","product_cat-ball-valve","product_cat-ball-valve-by-material","product_tag-api-6d-ball-valve","product_tag-isolation-valve","product_tag-reduced-bore-ball-valve","product_tag-what-is-a-valve","sales-flash-overlay","woocommerce-text-align-center","woocommerce-image-align-center","do-quantity-buttons"],"featured_image_src_large":["https:\/\/zecovalve.com\/wp-content\/uploads\/2022\/06\/F-2-104749.jpg",800,600,false],"author_info":[],"comment_info":0,"taxonomy_info":{"product_cat":[{"value":2047,"label":"Ball Valve"},{"value":2461,"label":"Ball Valve By Material"}],"product_tag":[{"value":3920,"label":"API 6D Ball Valve"},{"value":2658,"label":"Isolation Valve"},{"value":3914,"label":"Reduced Bore Ball Valve"},{"value":2723,"label":"What is a Valve"}]},"yoast_head":"<!-- This site is optimized with the Yoast SEO Premium plugin v15.4 - https:\/\/yoast.com\/wordpress\/plugins\/seo\/ -->\n<title>Forged Steel Trunnion Ball Valve - Trunnion Mounted Ball Valve | ZECO<\/title>\n<meta name=\"robots\" content=\"index, follow, max-snippet:-1, max-image-preview:large, max-video-preview:-1\" \/>\n<link rel=\"canonical\" href=\"https:\/\/zecovalve.com\/tr\/urun\/forged-steel-trunnion-ball-valve\" \/>\n<meta property=\"og:locale\" content=\"tr_TR\" \/>\n<meta property=\"og:type\" content=\"article\" \/>\n<meta property=\"og:title\" content=\"Forged Steel Trunnion Ball Valve - Trunnion Mounted Ball Valve | ZECO\" \/>\n<meta property=\"og:description\" content=\"Forged steel trunnion mounted ball valve has been designed two piece body type or three piece body type and with two floating ... Read more\" \/>\n<meta property=\"og:url\" content=\"https:\/\/zecovalve.com\/tr\/urun\/forged-steel-trunnion-ball-valve\" \/>\n<meta property=\"og:site_name\" content=\"ZECO Valve\" \/>\n<meta property=\"article:modified_time\" content=\"2022-09-22T03:26:16+00:00\" \/>\n<meta property=\"og:image\" content=\"https:\/\/zecovalve.com\/wp-content\/uploads\/2022\/06\/F-2-104749.jpg\" \/>\n\t<meta property=\"og:image:width\" content=\"800\" \/>\n\t<meta property=\"og:image:height\" content=\"600\" \/>\n<meta name=\"twitter:card\" content=\"summary_large_image\" \/>\n<meta name=\"twitter:label1\" content=\"Yazan:\">\n\t<meta name=\"twitter:data1\" content=\"Jerry\">\n\t<meta name=\"twitter:label2\" content=\"Tahmini okuma s\u00fcresi\">\n\t<meta name=\"twitter:data2\" content=\"3 dakika\">\n<script type=\"application\/ld+json\" class=\"yoast-schema-graph\">{\"@context\":\"https:\/\/schema.org\",\"@graph\":[{\"@type\":\"WebSite\",\"@id\":\"https:\/\/zecovalve.com\/#website\",\"url\":\"https:\/\/zecovalve.com\/\",\"name\":\"ZECO Valve\",\"description\":\"Industrial Ball Valve, Gate Valve and Globe Valve Manufacturer\",\"potentialAction\":[{\"@type\":\"SearchAction\",\"target\":\"https:\/\/zecovalve.com\/?s={search_term_string}\",\"query-input\":\"required name=search_term_string\"}],\"inLanguage\":\"tr\"},{\"@type\":\"ImageObject\",\"@id\":\"https:\/\/zecovalve.com\/product\/forged-steel-trunnion-ball-valve#primaryimage\",\"inLanguage\":\"tr\",\"url\":\"https:\/\/zecovalve.com\/wp-content\/uploads\/2022\/06\/F-2-104749.jpg\",\"width\":800,\"height\":600,\"caption\":\"Forged Steel Trunnion Ball Valve\"},{\"@type\":\"WebPage\",\"@id\":\"https:\/\/zecovalve.com\/product\/forged-steel-trunnion-ball-valve#webpage\",\"url\":\"https:\/\/zecovalve.com\/product\/forged-steel-trunnion-ball-valve\",\"name\":\"Forged Steel Trunnion Ball Valve - Trunnion Mounted Ball Valve | ZECO\",\"isPartOf\":{\"@id\":\"https:\/\/zecovalve.com\/#website\"},\"primaryImageOfPage\":{\"@id\":\"https:\/\/zecovalve.com\/product\/forged-steel-trunnion-ball-valve#primaryimage\"},\"datePublished\":\"2022-06-28T02:36:35+00:00\",\"dateModified\":\"2022-09-22T03:26:16+00:00\",\"breadcrumb\":{\"@id\":\"https:\/\/zecovalve.com\/product\/forged-steel-trunnion-ball-valve#breadcrumb\"},\"inLanguage\":\"tr\",\"potentialAction\":[{\"@type\":\"ReadAction\",\"target\":[\"https:\/\/zecovalve.com\/product\/forged-steel-trunnion-ball-valve\"]}]},{\"@type\":\"BreadcrumbList\",\"@id\":\"https:\/\/zecovalve.com\/product\/forged-steel-trunnion-ball-valve#breadcrumb\",\"itemListElement\":[{\"@type\":\"ListItem\",\"position\":1,\"item\":{\"@type\":\"WebPage\",\"@id\":\"https:\/\/zecovalve.com\/\",\"url\":\"https:\/\/zecovalve.com\/\",\"name\":\"Home\"}},{\"@type\":\"ListItem\",\"position\":2,\"item\":{\"@type\":\"WebPage\",\"@id\":\"https:\/\/zecovalve.com\/product-category\",\"url\":\"https:\/\/zecovalve.com\/product-category\",\"name\":\"Industrial Valve Manufacturer | Water Valve Manufacturer\"}},{\"@type\":\"ListItem\",\"position\":3,\"item\":{\"@type\":\"WebPage\",\"@id\":\"https:\/\/zecovalve.com\/product\/forged-steel-trunnion-ball-valve\",\"url\":\"https:\/\/zecovalve.com\/product\/forged-steel-trunnion-ball-valve\",\"name\":\"Forged Steel Trunnion Ball Valve\"}}]}]}<\/script>\n<!-- \/ Yoast SEO Premium plugin. -->","_links":{"self":[{"href":"https:\/\/zecovalve.com\/tr\/wp-json\/wp\/v2\/product\/17510","targetHints":{"allow":["GET"]}}],"collection":[{"href":"https:\/\/zecovalve.com\/tr\/wp-json\/wp\/v2\/product"}],"about":[{"href":"https:\/\/zecovalve.com\/tr\/wp-json\/wp\/v2\/types\/product"}],"replies":[{"embeddable":true,"href":"https:\/\/zecovalve.com\/tr\/wp-json\/wp\/v2\/comments?post=17510"}],"wp:featuredmedia":[{"embeddable":true,"href":"https:\/\/zecovalve.com\/tr\/wp-json\/wp\/v2\/media\/17511"}],"wp:attachment":[{"href":"https:\/\/zecovalve.com\/tr\/wp-json\/wp\/v2\/media?parent=17510"}],"wp:term":[{"taxonomy":"product_cat","embeddable":true,"href":"https:\/\/zecovalve.com\/tr\/wp-json\/wp\/v2\/product_cat?post=17510"},{"taxonomy":"product_tag","embeddable":true,"href":"https:\/\/zecovalve.com\/tr\/wp-json\/wp\/v2\/product_tag?post=17510"}],"curies":[{"name":"wp","href":"https:\/\/api.w.org\/{rel}","templated":true}]}}