{"id":17513,"date":"2022-06-28T02:39:39","date_gmt":"2022-06-28T02:39:39","guid":{"rendered":"https:\/\/zecovalve.com\/?post_type=product&#038;p=17513"},"modified":"2023-06-15T14:00:37","modified_gmt":"2023-06-15T14:00:37","slug":"gear-operated-globe-valve","status":"publish","type":"product","link":"https:\/\/zecovalve.com\/tr\/urun\/gear-operated-globe-valve","title":{"rendered":"Di\u015fli Kumandal\u0131 Glob Vana"},"content":{"rendered":"<div class=\"col-xs-12\">\n<div class=\"rbt\">\n<p><img loading=\"lazy\" decoding=\"async\" class=\"size-medium wp-image-27910\" src=\"https:\/\/zecovalve.com\/wp-content\/uploads\/2022\/06\/Gear-Operated-Globe-Valve-300x225.jpg\" alt=\"Di\u015fli Kumandal\u0131 Glob Vana\" width=\"300\" height=\"225\" srcset=\"https:\/\/zecovalve.com\/wp-content\/uploads\/2022\/06\/Gear-Operated-Globe-Valve-300x225.jpg 300w, https:\/\/zecovalve.com\/wp-content\/uploads\/2022\/06\/Gear-Operated-Globe-Valve-768x576.jpg 768w, https:\/\/zecovalve.com\/wp-content\/uploads\/2022\/06\/Gear-Operated-Globe-Valve-600x450.jpg 600w, https:\/\/zecovalve.com\/wp-content\/uploads\/2022\/06\/Gear-Operated-Globe-Valve.jpg 800w\" sizes=\"auto, (max-width: 300px) 100vw, 300px\" \/><\/p>\n<\/div>\n<\/div>\n<div class=\"text\">\n<div id=\"productdetail\">\n<div id=\"productdetail_txt\" class=\"col-md-7 col-sm-6 col-xs-12\">\n<p><strong>Di\u015fli Kumandal\u0131 Glob Vana<\/strong><\/p>\n<p>Zeco'nun di\u015fli ile \u00e7al\u0131\u015fan glob vanalar\u0131, y\u00fcksek s\u0131cakl\u0131k ve y\u00fcksek bas\u0131n\u00e7ta hizmet i\u00e7in BS1873 ve ASME B16.34'e uygun olarak tasarlanm\u0131\u015ft\u0131r ve fosil yak\u0131tl\u0131 enerji santrallerinde yayg\u0131n olarak kullan\u0131lmaktad\u0131r.<\/p>\n<\/div>\n<\/div>\n<div id=\"myTabContent\" class=\"tab-content\">\n<div id=\"page1\" class=\"tab-pane fade in active\">\n<div class=\"col-xs-12\">\n<div class=\"\">\n<p><strong>Prensip<\/strong><strong>:<\/strong><strong>\u00a0<\/strong><\/p>\n<p>\u0130\u00e7eri ve d\u0131\u015far\u0131 akan ortam i\u00e7in iki a\u00e7\u0131kl\u0131k ayn\u0131 y\u00f6ndedir ve 180\u00b0'lik bir a\u00e7\u0131 olu\u015fturur. Buna ek olarak, yatak ve disk conta y\u00fczeyinde uzun s\u00fcreli demir bazl\u0131 ala\u015f\u0131m veya Co-bazl\u0131 ala\u015f\u0131m veya karb\u00fcr ala\u015f\u0131m\u0131 ile kaplanm\u0131\u015ft\u0131r. B\u00fcy\u00fck boyutlu vanalar i\u00e7in ana disk ve yard\u0131mc\u0131 disk tipi ile tasarlanacak ve orta ak\u0131\u015f yukar\u0131 diskten a\u015fa\u011f\u0131 diske do\u011fru olacak, \u00e7al\u0131\u015fma torku b\u00fcy\u00fck \u00f6l\u00e7\u00fcde azalacak ve koltuk s\u0131zd\u0131rmazl\u0131k performans\u0131 daha g\u00fcvenilir olacakt\u0131r.<\/p>\n<p align=\"justify\"><strong>\u00d6zellikler<\/strong><strong>\uff1a<\/strong><\/p>\n<p align=\"justify\">1. Ak\u0131\u015fkan i\u00e7in k\u00fc\u00e7\u00fck ak\u0131\u015f direnci, a\u00e7ma\/kapama s\u0131ras\u0131nda sadece k\u00fc\u00e7\u00fck bir kuvvet gereklidir;<\/p>\n<p align=\"justify\">2. Ortam\u0131n ak\u0131\u015f y\u00f6n\u00fc \u00fczerinde herhangi bir s\u0131n\u0131rlama yoktur;<\/p>\n<p align=\"justify\">3. Vana tam olarak a\u00e7\u0131ld\u0131\u011f\u0131nda, s\u0131zd\u0131rmazl\u0131k y\u00fczeyi \u00e7al\u0131\u015fma ortam\u0131ndan k\u00fc\u00e7\u00fck bir s\u00fcrt\u00fcnmeye maruz kal\u0131r;<\/p>\n<p align=\"justify\">4. G\u00f6vde uzat\u0131lm\u0131\u015f tasar\u0131m se\u00e7ilebilir;<\/p>\n<p align=\"justify\">5. D\u00fc\u015f\u00fck emisyonlu ambalaj ISO 15848 gereksinimine g\u00f6re se\u00e7ilebilir;<\/p>\n<p align=\"justify\">6. By-pass tasar\u0131m\u0131 ile se\u00e7ilebilir.<\/p>\n<p align=\"justify\"><strong>\u00dcr\u00fcn Yelpazesi:<\/strong><\/p>\n<p>G\u00f6vde malzemesi: karbon \u00e7eli\u011fi, paslanmaz \u00e7elik, ala\u015f\u0131ml\u0131 \u00e7elik<\/p>\n<p>Nominal \u00e7ap: 1\/2\u2033\uff5e24\u2033<\/p>\n<p>Bas\u0131n\u00e7 aral\u0131\u011f\u0131:Class150\uff5e2500<\/p>\n<p>U\u00e7 ba\u011flant\u0131s\u0131: RF, RTJ, BW<\/p>\n<p>\u00c7al\u0131\u015fma s\u0131cakl\u0131\u011f\u0131: -29 \u2103 \uff5e 560 \u2103<\/p>\n<p>Operasyon: El \u00c7ark\u0131, Di\u015fli Kutusu, Elektrikli Akt\u00fcat\u00f6r, vb.<\/p>\n<p>&nbsp;<\/p>\n<table class=\"ke-zeroborder\" border=\"0\" cellspacing=\"0\">\n<tbody>\n<tr>\n<td valign=\"center\" width=\"112\">Marka<\/td>\n<td valign=\"center\" width=\"770\">Zeco<\/td>\n<\/tr>\n<tr>\n<td valign=\"center\" width=\"112\">Valf Tipi<\/td>\n<td valign=\"center\" width=\"770\">Di\u015fli Kumandal\u0131 Glob Vana<\/td>\n<\/tr>\n<tr>\n<td valign=\"center\" width=\"112\">Valf Malzemesi<\/td>\n<td valign=\"center\" width=\"770\">D\u00f6kme \u00e7elik, paslanmaz \u00e7elik, \u00f6zel ala\u015f\u0131m, vb.<\/td>\n<\/tr>\n<tr>\n<td valign=\"center\" width=\"112\">Valf Testi<\/td>\n<td valign=\"center\" width=\"770\">100% miktar\u0131 teslimattan \u00f6nce test edilmi\u015ftir<\/td>\n<\/tr>\n<tr>\n<td valign=\"center\" width=\"112\">Valf Garantisi<\/td>\n<td valign=\"center\" width=\"770\">Fabrika \u00e7\u0131k\u0131\u015fl\u0131 sevkiyat tarihinden itibaren 18 ay veya emtia kurulum tarihinden itibaren 12 ay.<\/td>\n<\/tr>\n<tr>\n<td valign=\"center\" width=\"112\">Valf Boyama<\/td>\n<td valign=\"center\" width=\"770\">M\u00fc\u015fteri talebi<\/td>\n<\/tr>\n<tr>\n<td valign=\"center\" width=\"112\">Valf Paketi<\/td>\n<td valign=\"center\" width=\"770\">Tahta sand\u0131k<\/td>\n<\/tr>\n<tr>\n<td valign=\"center\" width=\"112\">ADEDI<\/td>\n<td valign=\"center\" width=\"770\">Gereklilik yok<\/td>\n<\/tr>\n<tr>\n<td valign=\"center\" width=\"112\">Valf Sertifikas\u0131<\/td>\n<td valign=\"center\" width=\"770\">API 6D\/CE\/ISO9001\/ISO14001<\/td>\n<\/tr>\n<tr>\n<td valign=\"center\" width=\"112\">Teslimat Detay\u0131<\/td>\n<td valign=\"center\" width=\"770\">\u00d6deme yap\u0131ld\u0131ktan sonra 4 veya 6 hafta i\u00e7inde g\u00f6nderilir<\/td>\n<\/tr>\n<tr>\n<td valign=\"center\" width=\"112\">Liman<\/td>\n<td valign=\"center\" width=\"770\">\u015eANGHAY<\/td>\n<\/tr>\n<tr>\n<td valign=\"center\" width=\"112\">\u00d6deme Ko\u015fullar\u0131<\/td>\n<td valign=\"center\" width=\"770\">L\/C, D\/A, D\/P, T\/T<\/td>\n<\/tr>\n<tr>\n<td valign=\"center\" width=\"112\">Sunulan Sertifika<\/td>\n<td valign=\"center\" width=\"770\">Paketleme Listesi, Ticari Fatura, Test Raporlar\u0131 ve Malzeme Sertifikalar\u0131, Kalite ve Miktar Sertifikas\u0131, Sat\u0131c\u0131n\u0131n Garanti Belgesi<\/td>\n<\/tr>\n<\/tbody>\n<\/table>\n<p align=\"justify\"><img loading=\"lazy\" decoding=\"async\" class=\"alignnone size-medium wp-image-17516\" src=\"https:\/\/zecovalve.com\/wp-content\/uploads\/2022\/06\/20190203143035_6841-300x182.jpg\" alt=\"\" width=\"300\" height=\"182\" srcset=\"https:\/\/zecovalve.com\/wp-content\/uploads\/2022\/06\/20190203143035_6841-300x182.jpg 300w, https:\/\/zecovalve.com\/wp-content\/uploads\/2022\/06\/20190203143035_6841-600x365.jpg 600w, https:\/\/zecovalve.com\/wp-content\/uploads\/2022\/06\/20190203143035_6841.jpg 750w\" sizes=\"auto, (max-width: 300px) 100vw, 300px\" \/><\/p>\n<\/div>\n<\/div>\n<\/div>\n<\/div>\n<\/div>","protected":false},"excerpt":{"rendered":"<p>Di\u015fliyle \u00c7al\u0131\u015fan K\u00fcresel Vana Zeco&#039;nun di\u015fliyle \u00e7al\u0131\u015fan k\u00fcresel vanalar\u0131, y\u00fcksek hizmet i\u00e7in BS1873 ve ASME B16.34&#039;e uygun olarak tasarlanm\u0131\u015ft\u0131r\u2026 <a title=\"Di\u015fli Kumandal\u0131 Glob Vana\" class=\"read-more\" href=\"https:\/\/zecovalve.com\/tr\/urun\/gear-operated-globe-valve\" aria-label=\"Di\u015fli Kumandal\u0131 Glob Vana hakk\u0131nda daha fazla bilgi\">Daha fazla bilgi edinin<\/a><\/p>","protected":false},"featured_media":27910,"comment_status":"closed","ping_status":"closed","template":"","meta":{"_generate-full-width-content":"","kt_blocks_editor_width":""},"product_cat":[2049],"product_tag":[2658,2723],"class_list":["post-17513","product","type-product","status-publish","has-post-thumbnail","hentry","product_cat-globe-valve","product_tag-isolation-valve","product_tag-what-is-a-valve","sales-flash-overlay","woocommerce-text-align-center","woocommerce-image-align-center","do-quantity-buttons"],"featured_image_src_large":["https:\/\/zecovalve.com\/wp-content\/uploads\/2022\/06\/Gear-Operated-Globe-Valve.jpg",800,600,false],"author_info":[],"comment_info":0,"taxonomy_info":{"product_cat":[{"value":2049,"label":"Globe Valve"}],"product_tag":[{"value":2658,"label":"Isolation Valve"},{"value":2723,"label":"What is a Valve"}]},"yoast_head":"<!-- This site is optimized with the Yoast SEO Premium plugin v15.4 - https:\/\/yoast.com\/wordpress\/plugins\/seo\/ -->\n<title>Gear Operated Globe Valve - ZECO Valve<\/title>\n<meta name=\"robots\" content=\"index, follow, max-snippet:-1, max-image-preview:large, max-video-preview:-1\" \/>\n<link rel=\"canonical\" href=\"https:\/\/zecovalve.com\/tr\/urun\/gear-operated-globe-valve\" \/>\n<meta property=\"og:locale\" content=\"tr_TR\" \/>\n<meta property=\"og:type\" content=\"article\" \/>\n<meta property=\"og:title\" content=\"Gear Operated Globe Valve - ZECO Valve\" \/>\n<meta property=\"og:description\" content=\"Gear Operated Globe Valve Zeco&#8217;s gear operated globe valves are designed in accordance with BS1873 and ASME B16.34 for service of high ... Read more\" \/>\n<meta property=\"og:url\" content=\"https:\/\/zecovalve.com\/tr\/urun\/gear-operated-globe-valve\" \/>\n<meta property=\"og:site_name\" content=\"ZECO Valve\" \/>\n<meta property=\"article:modified_time\" content=\"2023-06-15T14:00:37+00:00\" \/>\n<meta property=\"og:image\" content=\"https:\/\/zecovalve.com\/wp-content\/uploads\/2022\/06\/Gear-Operated-Globe-Valve.jpg\" \/>\n\t<meta property=\"og:image:width\" content=\"800\" \/>\n\t<meta property=\"og:image:height\" content=\"600\" \/>\n<meta name=\"twitter:card\" content=\"summary_large_image\" \/>\n<meta name=\"twitter:label1\" content=\"Yazan:\">\n\t<meta name=\"twitter:data1\" content=\"Jerry\">\n\t<meta name=\"twitter:label2\" content=\"Tahmini okuma s\u00fcresi\">\n\t<meta name=\"twitter:data2\" content=\"1 dakika\">\n<script type=\"application\/ld+json\" class=\"yoast-schema-graph\">{\"@context\":\"https:\/\/schema.org\",\"@graph\":[{\"@type\":\"WebSite\",\"@id\":\"https:\/\/zecovalve.com\/#website\",\"url\":\"https:\/\/zecovalve.com\/\",\"name\":\"ZECO Valve\",\"description\":\"Industrial Ball Valve, Gate Valve and Globe Valve Manufacturer\",\"potentialAction\":[{\"@type\":\"SearchAction\",\"target\":\"https:\/\/zecovalve.com\/?s={search_term_string}\",\"query-input\":\"required name=search_term_string\"}],\"inLanguage\":\"tr\"},{\"@type\":\"ImageObject\",\"@id\":\"https:\/\/zecovalve.com\/product\/gear-operated-globe-valve#primaryimage\",\"inLanguage\":\"tr\",\"url\":\"https:\/\/zecovalve.com\/wp-content\/uploads\/2022\/06\/Gear-Operated-Globe-Valve.jpg\",\"width\":800,\"height\":600,\"caption\":\"Gear Operated Globe Valve\"},{\"@type\":\"WebPage\",\"@id\":\"https:\/\/zecovalve.com\/product\/gear-operated-globe-valve#webpage\",\"url\":\"https:\/\/zecovalve.com\/product\/gear-operated-globe-valve\",\"name\":\"Gear Operated Globe Valve - ZECO Valve\",\"isPartOf\":{\"@id\":\"https:\/\/zecovalve.com\/#website\"},\"primaryImageOfPage\":{\"@id\":\"https:\/\/zecovalve.com\/product\/gear-operated-globe-valve#primaryimage\"},\"datePublished\":\"2022-06-28T02:39:39+00:00\",\"dateModified\":\"2023-06-15T14:00:37+00:00\",\"breadcrumb\":{\"@id\":\"https:\/\/zecovalve.com\/product\/gear-operated-globe-valve#breadcrumb\"},\"inLanguage\":\"tr\",\"potentialAction\":[{\"@type\":\"ReadAction\",\"target\":[\"https:\/\/zecovalve.com\/product\/gear-operated-globe-valve\"]}]},{\"@type\":\"BreadcrumbList\",\"@id\":\"https:\/\/zecovalve.com\/product\/gear-operated-globe-valve#breadcrumb\",\"itemListElement\":[{\"@type\":\"ListItem\",\"position\":1,\"item\":{\"@type\":\"WebPage\",\"@id\":\"https:\/\/zecovalve.com\/\",\"url\":\"https:\/\/zecovalve.com\/\",\"name\":\"Home\"}},{\"@type\":\"ListItem\",\"position\":2,\"item\":{\"@type\":\"WebPage\",\"@id\":\"https:\/\/zecovalve.com\/product-category\",\"url\":\"https:\/\/zecovalve.com\/product-category\",\"name\":\"Industrial Valve Manufacturer | Water Valve Manufacturer\"}},{\"@type\":\"ListItem\",\"position\":3,\"item\":{\"@type\":\"WebPage\",\"@id\":\"https:\/\/zecovalve.com\/product\/gear-operated-globe-valve\",\"url\":\"https:\/\/zecovalve.com\/product\/gear-operated-globe-valve\",\"name\":\"Gear Operated Globe Valve\"}}]}]}<\/script>\n<!-- \/ Yoast SEO Premium plugin. -->","_links":{"self":[{"href":"https:\/\/zecovalve.com\/tr\/wp-json\/wp\/v2\/product\/17513","targetHints":{"allow":["GET"]}}],"collection":[{"href":"https:\/\/zecovalve.com\/tr\/wp-json\/wp\/v2\/product"}],"about":[{"href":"https:\/\/zecovalve.com\/tr\/wp-json\/wp\/v2\/types\/product"}],"replies":[{"embeddable":true,"href":"https:\/\/zecovalve.com\/tr\/wp-json\/wp\/v2\/comments?post=17513"}],"wp:featuredmedia":[{"embeddable":true,"href":"https:\/\/zecovalve.com\/tr\/wp-json\/wp\/v2\/media\/27910"}],"wp:attachment":[{"href":"https:\/\/zecovalve.com\/tr\/wp-json\/wp\/v2\/media?parent=17513"}],"wp:term":[{"taxonomy":"product_cat","embeddable":true,"href":"https:\/\/zecovalve.com\/tr\/wp-json\/wp\/v2\/product_cat?post=17513"},{"taxonomy":"product_tag","embeddable":true,"href":"https:\/\/zecovalve.com\/tr\/wp-json\/wp\/v2\/product_tag?post=17513"}],"curies":[{"name":"wp","href":"https:\/\/api.w.org\/{rel}","templated":true}]}}