{"id":17517,"date":"2022-06-28T02:42:43","date_gmt":"2022-06-28T02:42:43","guid":{"rendered":"https:\/\/zecovalve.com\/?post_type=product&#038;p=17517"},"modified":"2022-09-22T03:26:08","modified_gmt":"2022-09-22T03:26:08","slug":"cast-steel-trunnion-ball-valve","status":"publish","type":"product","link":"https:\/\/zecovalve.com\/tr\/urun\/cast-steel-trunnion-ball-valve","title":{"rendered":"D\u00f6kme \u00c7elik Muylu K\u00fcresel Vana"},"content":{"rendered":"<div class=\"col-xs-12\">\n<div class=\"rbt\">\n<h1>D\u00f6kme \u00c7elik Muylu K\u00fcresel Vana<\/h1>\n<figure id=\"attachment_17518\" aria-describedby=\"caption-attachment-17518\" style=\"width: 290px\" class=\"wp-caption alignnone\"><img loading=\"lazy\" decoding=\"async\" class=\"size-medium wp-image-17518\" src=\"https:\/\/zecovalve.com\/wp-content\/uploads\/2022\/06\/F-2-104945-300x225.jpg\" alt=\"D\u00f6kme \u00c7elik Muylu K\u00fcresel Vana\" width=\"300\" height=\"225\" srcset=\"https:\/\/zecovalve.com\/wp-content\/uploads\/2022\/06\/F-2-104945-300x225.jpg 300w, https:\/\/zecovalve.com\/wp-content\/uploads\/2022\/06\/F-2-104945-768x576.jpg 768w, https:\/\/zecovalve.com\/wp-content\/uploads\/2022\/06\/F-2-104945-600x450.jpg 600w, https:\/\/zecovalve.com\/wp-content\/uploads\/2022\/06\/F-2-104945.jpg 800w\" sizes=\"auto, (max-width: 300px) 100vw, 300px\" \/><figcaption id=\"caption-attachment-17518\" class=\"wp-caption-text\">D\u00f6kme \u00c7elik Muylu K\u00fcresel Vana<\/figcaption><\/figure>\n<\/div>\n<\/div>\n<div class=\"text\">\n<div id=\"productdetail\">\n<div id=\"productdetail_txt\" class=\"col-md-7 col-sm-6 col-xs-12\"><strong>D\u00f6kme \u00c7elik Muylu K\u00fcresel Vana<\/strong>Zeco&#039;nun d\u00f6kme \u00e7elik muyluya monteli k\u00fcresel vanas\u0131, iki par\u00e7al\u0131 g\u00f6vde tipi veya \u00fc\u00e7 par\u00e7al\u0131 g\u00f6vde tipinde ve orta bas\u0131n\u00e7 alt\u0131nda hareket edebilen iki y\u00fczer yatakl\u0131 olarak tasarlanm\u0131\u015ft\u0131r.<\/p>\n<\/div>\n<\/div>\n<div id=\"myTabContent\" class=\"tab-content\">\n<div id=\"page1\" class=\"tab-pane fade in active\">\n<div class=\"col-xs-12\">\n<div class=\"\">\n<p align=\"justify\"><b>Prensip:<\/b><b><\/b><\/p>\n<p>D\u00f6kme \u00e7elik muyluya monteli k\u00fcresel vana, iki par\u00e7al\u0131 g\u00f6vde tipi veya \u00fc\u00e7 par\u00e7al\u0131 g\u00f6vde tipinde ve ortam bas\u0131nc\u0131 alt\u0131nda hareket edebilen iki y\u00fczer yuval\u0131 olarak tasarlanm\u0131\u015ft\u0131r. Koltuklar\u0131n alt k\u0131sm\u0131n\u0131n alt\u0131nda, koltuk \u00f6n y\u00fckleme yaylar\u0131, iki y\u00fczer koltu\u011fun topun y\u00fczeyine s\u0131k\u0131 bir \u015fekilde ba\u011flanabilmesini sa\u011flayacak \u015fekilde konumland\u0131r\u0131lm\u0131\u015ft\u0131r; ayr\u0131ca orta bas\u0131n\u00e7, s\u0131zd\u0131rmazl\u0131\u011f\u0131n daha g\u00fcvenilir olmas\u0131n\u0131 sa\u011flamak i\u00e7in koltuklar\u0131 topu s\u0131k\u0131ca tutturmak \u00fczere itebilir.<\/p>\n<p>D\u00f6kme \u00e7elik muylu k\u00fcresel vana, ortam bas\u0131nc\u0131 alt\u0131nda yer de\u011fi\u015ftirme olu\u015fturabilen hareketli bir koltuk conta halkas\u0131 ile donat\u0131lm\u0131\u015ft\u0131r. Herhangi bir orta bas\u0131nc\u0131n mevcut olmas\u0131 durumunda, bas\u0131n\u00e7, vana yuvas\u0131 conta halkas\u0131n\u0131 bilyaya s\u0131k\u0131ca bast\u0131rarak k\u00fcresel vanan\u0131n s\u0131zd\u0131rmazl\u0131k performans\u0131n\u0131 garanti eder.<\/p>\n<p>Talep \u00fczerine s\u0131zd\u0131rmazl\u0131k maddesi ya\u011flama ba\u011flant\u0131 par\u00e7alar\u0131 monte edilir. Yatak ek par\u00e7as\u0131n\u0131n veya mil contas\u0131n\u0131n hasar g\u00f6rmesi durumunda, d\u0131\u015f veya i\u00e7 s\u0131z\u0131nt\u0131 meydana gelebilir. Acil durum s\u0131zd\u0131rmazl\u0131k maddesi enjeksiyonu, valfin d\u00fczg\u00fcn bir \u015fekilde bak\u0131m\u0131 yap\u0131lana kadar g\u00f6vdenin etraf\u0131na veya yuva ile bilye aras\u0131na bir s\u0131zd\u0131rmazl\u0131k contas\u0131 yerle\u015ftirerek valfin b\u00fct\u00fcnl\u00fc\u011f\u00fcn\u00fc koruyabilir. Sapta sa\u011flanan yay, statik y\u00fcklerin borulara iletilmesini sa\u011flar. Bu \u015fekilde topun elektrostatik y\u00fcklenmesi ortadan kald\u0131r\u0131l\u0131r. G\u00f6vde toptan ba\u011f\u0131ms\u0131zd\u0131r ve patlamaya dayan\u0131kl\u0131 bir tasar\u0131md\u0131r. Ayr\u0131lmaz bir par\u00e7a olarak sap\u0131n alt taraf\u0131nda bir flan\u015f bulunur. Bu kadar \u00f6zel bir tasar\u0131m sayesinde mil flan\u015f\u0131, milin d\u0131\u015far\u0131 f\u0131rlamas\u0131n\u0131 \u00f6nler. Bu \u00f6zellik ayn\u0131 zamanda topun c\u00f6mert\u00e7e oranlanm\u0131\u015f birle\u015fim mafsal\u0131 ile de\u011fi\u015ftirilmesine de olanak tan\u0131r, dolay\u0131s\u0131yla g\u00f6vde yan itme kuvvetinden etkilenmez.<\/p>\n<p align=\"justify\"><b>\u00d6zellikler\uff1a<\/b><b><\/b><\/p>\n<p align=\"justify\">1. \u0130yi s\u0131zd\u0131rmazl\u0131k performans\u0131 ve k\u00fc\u00e7\u00fck tork ile basit yap\u0131;<\/p>\n<p align=\"justify\">2. Minimum ak\u0131\u015f direncine sahip (ger\u00e7ekte s\u0131f\u0131r) tam ge\u00e7i\u015fli ve azalt\u0131lm\u0131\u015f ge\u00e7i\u015fli tasar\u0131m;<\/p>\n<p align=\"justify\">3. Acil durum s\u0131zd\u0131rmazl\u0131k maddesi enjeksiyonu;<\/p>\n<p align=\"justify\">4. Bo\u015fluk bas\u0131nc\u0131n\u0131n kendi kendine giderilmesi;<\/p>\n<p align=\"justify\">5. Ba\u011f\u0131ms\u0131z top ve g\u00f6vde;<\/p>\n<p align=\"justify\">6. D\u00fc\u015f\u00fck emisyonlu paketleme;<\/p>\n<p align=\"justify\">7. Yang\u0131na dayan\u0131kl\u0131, anti-statik ve patlama \u00f6nleyici g\u00f6vde tasar\u0131m\u0131;<\/p>\n<p align=\"justify\">8. \u0130ste\u011fe ba\u011fl\u0131 uzat\u0131lm\u0131\u015f kaporta.<\/p>\n<p align=\"justify\"><strong>\u00dcr\u00fcn Yelpazesi:<\/strong><\/p>\n<p>G\u00f6vde malzemesi: karbon \u00e7eli\u011fi, paslanmaz \u00e7elik, ala\u015f\u0131ml\u0131 \u00e7elik<\/p>\n<p>Nominal \u00e7ap: 1\/2\u201d~60\u201d<\/p>\n<p>Bas\u0131n\u00e7 aral\u0131\u011f\u0131: Class150 \u2013 2500<\/p>\n<p>U\u00e7 Ba\u011flant\u0131s\u0131: RF, RTJ, BW<\/p>\n<p>\u00c7al\u0131\u015fma s\u0131cakl\u0131\u011f\u0131: -46 \u2103 \uff5e + 200 \u2103<\/p>\n<p>\u00c7al\u0131\u015fma: Anahtar, sonsuz di\u015fli, elektrikli, pn\u00f6matik, gazl\u0131 ya\u011f akt\u00fcat\u00f6r\u00fc ve elektro-hidrolik akt\u00fcat\u00f6r<\/p>\n<p>&nbsp;<\/p>\n<table class=\"ke-zeroborder\" border=\"0\" cellspacing=\"0\">\n<tbody>\n<tr>\n<td valign=\"center\" width=\"112\">Marka<\/td>\n<td valign=\"center\" width=\"770\">Zeco<\/td>\n<\/tr>\n<tr>\n<td valign=\"center\" width=\"112\">Valf Tipi<\/td>\n<td valign=\"center\" width=\"770\">D\u00f6kme \u00c7elik Muylu K\u00fcresel Vana<\/td>\n<\/tr>\n<tr>\n<td valign=\"center\" width=\"112\">Valf Malzemesi<\/td>\n<td valign=\"center\" width=\"770\">D\u00f6kme \u00e7elik, paslanmaz \u00e7elik, \u00f6zel ala\u015f\u0131m vb.<\/td>\n<\/tr>\n<tr>\n<td valign=\"center\" width=\"112\">Valf Testi<\/td>\n<td valign=\"center\" width=\"770\">100% miktar\u0131 teslimattan \u00f6nce test edilmi\u015ftir<\/td>\n<\/tr>\n<tr>\n<td valign=\"center\" width=\"112\">Valf Garantisi<\/td>\n<td valign=\"center\" width=\"770\">Fabrika \u00e7\u0131k\u0131\u015fl\u0131 sevkiyat tarihinden itibaren 18 ay veya emtia kurulum tarihinden itibaren 12 ay.<\/td>\n<\/tr>\n<tr>\n<td valign=\"center\" width=\"112\">Valf Boyama<\/td>\n<td valign=\"center\" width=\"770\">M\u00fc\u015fteri talebi<\/td>\n<\/tr>\n<tr>\n<td valign=\"center\" width=\"112\">Valf Paketi<\/td>\n<td valign=\"center\" width=\"770\">Tahta sand\u0131k<\/td>\n<\/tr>\n<tr>\n<td valign=\"center\" width=\"112\">ADEDI<\/td>\n<td valign=\"center\" width=\"770\">Gereklilik yok<\/td>\n<\/tr>\n<tr>\n<td valign=\"center\" width=\"112\">Valf Sertifikas\u0131<\/td>\n<td valign=\"center\" width=\"770\">API 6D\/CE\/ISO9001\/ISO14001<\/td>\n<\/tr>\n<tr>\n<td valign=\"center\" width=\"112\">Teslimat Detay\u0131<\/td>\n<td valign=\"center\" width=\"770\">\u00d6deme yap\u0131ld\u0131ktan sonra 4 veya 6 hafta i\u00e7inde g\u00f6nderilir<\/td>\n<\/tr>\n<tr>\n<td valign=\"center\" width=\"112\">Liman<\/td>\n<td valign=\"center\" width=\"770\">\u015eANGHAY<\/td>\n<\/tr>\n<tr>\n<td valign=\"center\" width=\"112\">\u00d6deme Ko\u015fullar\u0131<\/td>\n<td valign=\"center\" width=\"770\">L\/C, D\/A, D\/P, T\/T<\/td>\n<\/tr>\n<tr>\n<td valign=\"center\" width=\"112\">Sunulan Sertifika<\/td>\n<td valign=\"center\" width=\"770\">Paketleme Listesi\uff0cTicari Fatura\uff0cTest Raporlar\u0131 ve Malzeme Sertifikalar\u0131\uff0cKalite ve miktar belgesi, Sat\u0131c\u0131n\u0131n Garanti Belgesi<\/td>\n<\/tr>\n<\/tbody>\n<\/table>\n<p><img loading=\"lazy\" decoding=\"async\" class=\"alignnone size-medium wp-image-17519\" src=\"https:\/\/zecovalve.com\/wp-content\/uploads\/2022\/06\/20190207042048_2320-300x182.jpg\" alt=\"\" width=\"300\" height=\"182\" srcset=\"https:\/\/zecovalve.com\/wp-content\/uploads\/2022\/06\/20190207042048_2320-300x182.jpg 300w, https:\/\/zecovalve.com\/wp-content\/uploads\/2022\/06\/20190207042048_2320-600x365.jpg 600w, https:\/\/zecovalve.com\/wp-content\/uploads\/2022\/06\/20190207042048_2320.jpg 750w\" sizes=\"auto, (max-width: 300px) 100vw, 300px\" \/><\/p>\n<\/div>\n<\/div>\n<\/div>\n<\/div>\n<\/div>","protected":false},"excerpt":{"rendered":"<p>D\u00f6kme \u00c7elik Muylu K\u00fcresel Vana D\u00f6kme \u00c7elik Muylu K\u00fcresel VanaZeco&#039;nun d\u00f6kme \u00e7elik muyluya monte k\u00fcresel vanas\u0131, iki par\u00e7a g\u00f6vdeli olarak tasarlanm\u0131\u015ft\u0131r\u2026 <a title=\"D\u00f6kme \u00c7elik Muylu K\u00fcresel Vana\" class=\"read-more\" href=\"https:\/\/zecovalve.com\/tr\/urun\/cast-steel-trunnion-ball-valve\" aria-label=\"D\u00f6kme \u00c7elik Muylu K\u00fcresel Vana hakk\u0131nda daha fazla bilgi\">Daha fazla bilgi edinin<\/a><\/p>","protected":false},"featured_media":17518,"comment_status":"closed","ping_status":"closed","template":"","meta":{"_generate-full-width-content":"","kt_blocks_editor_width":""},"product_cat":[2047,2461],"product_tag":[3920,2658,2723],"class_list":["post-17517","product","type-product","status-publish","has-post-thumbnail","hentry","product_cat-ball-valve","product_cat-ball-valve-by-material","product_tag-api-6d-ball-valve","product_tag-isolation-valve","product_tag-what-is-a-valve","sales-flash-overlay","woocommerce-text-align-center","woocommerce-image-align-center","do-quantity-buttons"],"featured_image_src_large":["https:\/\/zecovalve.com\/wp-content\/uploads\/2022\/06\/F-2-104945.jpg",800,600,false],"author_info":[],"comment_info":0,"taxonomy_info":{"product_cat":[{"value":2047,"label":"Ball Valve"},{"value":2461,"label":"Ball Valve By Material"}],"product_tag":[{"value":3920,"label":"API 6D Ball Valve"},{"value":2658,"label":"Isolation Valve"},{"value":2723,"label":"What is a Valve"}]},"yoast_head":"<!-- This site is optimized with the Yoast SEO Premium plugin v15.4 - https:\/\/yoast.com\/wordpress\/plugins\/seo\/ -->\n<title>Cast Steel Trunnion Ball Valve - ZECO Valve<\/title>\n<meta name=\"robots\" content=\"index, follow, max-snippet:-1, max-image-preview:large, max-video-preview:-1\" \/>\n<link rel=\"canonical\" href=\"https:\/\/zecovalve.com\/tr\/urun\/cast-steel-trunnion-ball-valve\" \/>\n<meta property=\"og:locale\" content=\"tr_TR\" \/>\n<meta property=\"og:type\" content=\"article\" \/>\n<meta property=\"og:title\" content=\"Cast Steel Trunnion Ball Valve - ZECO Valve\" \/>\n<meta property=\"og:description\" content=\"Cast Steel Trunnion Ball Valve Cast Steel Trunnion Ball ValveZeco&#8217;s cast steel trunnion mounted ball valve has been designed two piece body ... Read more\" \/>\n<meta property=\"og:url\" content=\"https:\/\/zecovalve.com\/tr\/urun\/cast-steel-trunnion-ball-valve\" \/>\n<meta property=\"og:site_name\" content=\"ZECO Valve\" \/>\n<meta property=\"article:modified_time\" content=\"2022-09-22T03:26:08+00:00\" \/>\n<meta property=\"og:image\" content=\"https:\/\/zecovalve.com\/wp-content\/uploads\/2022\/06\/F-2-104945.jpg\" \/>\n\t<meta property=\"og:image:width\" content=\"800\" \/>\n\t<meta property=\"og:image:height\" content=\"600\" \/>\n<meta name=\"twitter:card\" content=\"summary_large_image\" \/>\n<meta name=\"twitter:label1\" content=\"Yazan:\">\n\t<meta name=\"twitter:data1\" content=\"Jerry\">\n\t<meta name=\"twitter:label2\" content=\"Tahmini okuma s\u00fcresi\">\n\t<meta name=\"twitter:data2\" content=\"2 dakika\">\n<script type=\"application\/ld+json\" class=\"yoast-schema-graph\">{\"@context\":\"https:\/\/schema.org\",\"@graph\":[{\"@type\":\"WebSite\",\"@id\":\"https:\/\/zecovalve.com\/#website\",\"url\":\"https:\/\/zecovalve.com\/\",\"name\":\"ZECO Valve\",\"description\":\"Industrial Ball Valve, Gate Valve and Globe Valve Manufacturer\",\"potentialAction\":[{\"@type\":\"SearchAction\",\"target\":\"https:\/\/zecovalve.com\/?s={search_term_string}\",\"query-input\":\"required name=search_term_string\"}],\"inLanguage\":\"tr\"},{\"@type\":\"ImageObject\",\"@id\":\"https:\/\/zecovalve.com\/product\/cast-steel-trunnion-ball-valve#primaryimage\",\"inLanguage\":\"tr\",\"url\":\"https:\/\/zecovalve.com\/wp-content\/uploads\/2022\/06\/F-2-104945.jpg\",\"width\":800,\"height\":600,\"caption\":\"Cast Steel Trunnion Ball Valve\"},{\"@type\":\"WebPage\",\"@id\":\"https:\/\/zecovalve.com\/product\/cast-steel-trunnion-ball-valve#webpage\",\"url\":\"https:\/\/zecovalve.com\/product\/cast-steel-trunnion-ball-valve\",\"name\":\"Cast Steel Trunnion Ball Valve - ZECO Valve\",\"isPartOf\":{\"@id\":\"https:\/\/zecovalve.com\/#website\"},\"primaryImageOfPage\":{\"@id\":\"https:\/\/zecovalve.com\/product\/cast-steel-trunnion-ball-valve#primaryimage\"},\"datePublished\":\"2022-06-28T02:42:43+00:00\",\"dateModified\":\"2022-09-22T03:26:08+00:00\",\"breadcrumb\":{\"@id\":\"https:\/\/zecovalve.com\/product\/cast-steel-trunnion-ball-valve#breadcrumb\"},\"inLanguage\":\"tr\",\"potentialAction\":[{\"@type\":\"ReadAction\",\"target\":[\"https:\/\/zecovalve.com\/product\/cast-steel-trunnion-ball-valve\"]}]},{\"@type\":\"BreadcrumbList\",\"@id\":\"https:\/\/zecovalve.com\/product\/cast-steel-trunnion-ball-valve#breadcrumb\",\"itemListElement\":[{\"@type\":\"ListItem\",\"position\":1,\"item\":{\"@type\":\"WebPage\",\"@id\":\"https:\/\/zecovalve.com\/\",\"url\":\"https:\/\/zecovalve.com\/\",\"name\":\"Home\"}},{\"@type\":\"ListItem\",\"position\":2,\"item\":{\"@type\":\"WebPage\",\"@id\":\"https:\/\/zecovalve.com\/product-category\",\"url\":\"https:\/\/zecovalve.com\/product-category\",\"name\":\"Industrial Valve Manufacturer | Water Valve Manufacturer\"}},{\"@type\":\"ListItem\",\"position\":3,\"item\":{\"@type\":\"WebPage\",\"@id\":\"https:\/\/zecovalve.com\/product\/cast-steel-trunnion-ball-valve\",\"url\":\"https:\/\/zecovalve.com\/product\/cast-steel-trunnion-ball-valve\",\"name\":\"Cast Steel Trunnion Ball Valve\"}}]}]}<\/script>\n<!-- \/ Yoast SEO Premium plugin. -->","_links":{"self":[{"href":"https:\/\/zecovalve.com\/tr\/wp-json\/wp\/v2\/product\/17517","targetHints":{"allow":["GET"]}}],"collection":[{"href":"https:\/\/zecovalve.com\/tr\/wp-json\/wp\/v2\/product"}],"about":[{"href":"https:\/\/zecovalve.com\/tr\/wp-json\/wp\/v2\/types\/product"}],"replies":[{"embeddable":true,"href":"https:\/\/zecovalve.com\/tr\/wp-json\/wp\/v2\/comments?post=17517"}],"wp:featuredmedia":[{"embeddable":true,"href":"https:\/\/zecovalve.com\/tr\/wp-json\/wp\/v2\/media\/17518"}],"wp:attachment":[{"href":"https:\/\/zecovalve.com\/tr\/wp-json\/wp\/v2\/media?parent=17517"}],"wp:term":[{"taxonomy":"product_cat","embeddable":true,"href":"https:\/\/zecovalve.com\/tr\/wp-json\/wp\/v2\/product_cat?post=17517"},{"taxonomy":"product_tag","embeddable":true,"href":"https:\/\/zecovalve.com\/tr\/wp-json\/wp\/v2\/product_tag?post=17517"}],"curies":[{"name":"wp","href":"https:\/\/api.w.org\/{rel}","templated":true}]}}