{"id":17522,"date":"2022-06-28T02:47:32","date_gmt":"2022-06-28T02:47:32","guid":{"rendered":"https:\/\/zecovalve.com\/?post_type=product&#038;p=17522"},"modified":"2023-06-15T14:01:42","modified_gmt":"2023-06-15T14:01:42","slug":"carbon-steel-globe-valve","status":"publish","type":"product","link":"https:\/\/zecovalve.com\/tr\/urun\/carbon-steel-globe-valve","title":{"rendered":"Karbon \u00c7elik Glob Vana"},"content":{"rendered":"<p>Karbon \u00e7elik glob vana, zorlamal\u0131 s\u0131zd\u0131rmaz bir vanad\u0131r, vana kapanmas\u0131, s\u0131zd\u0131rmazl\u0131k y\u00fczeyini s\u0131zd\u0131rmamaya zorlamak i\u00e7in disk bas\u0131nc\u0131na uygulanmal\u0131d\u0131r.<\/p>\r\n\r\n\r\n\r\n<figure class=\"wp-block-image alignnone size-medium wp-image-16109\">\r\n<p><img loading=\"lazy\" decoding=\"async\" class=\"wp-image-27912 size-medium\" src=\"https:\/\/zecovalve.com\/wp-content\/uploads\/2022\/06\/Carbon-Steel-Globe-Valve-300x225.jpg\" alt=\"Karbon \u00c7elik Glob Vana\" width=\"300\" height=\"225\" srcset=\"https:\/\/zecovalve.com\/wp-content\/uploads\/2022\/06\/Carbon-Steel-Globe-Valve-300x225.jpg 300w, https:\/\/zecovalve.com\/wp-content\/uploads\/2022\/06\/Carbon-Steel-Globe-Valve-768x576.jpg 768w, https:\/\/zecovalve.com\/wp-content\/uploads\/2022\/06\/Carbon-Steel-Globe-Valve-600x450.jpg 600w, https:\/\/zecovalve.com\/wp-content\/uploads\/2022\/06\/Carbon-Steel-Globe-Valve.jpg 800w\" sizes=\"auto, (max-width: 300px) 100vw, 300px\" \/><\/p>\r\n<\/figure>\r\n\r\n\r\n<div class=\"gb-button-wrapper gb-button-wrapper-6d8495a3\">\r\n\r\n\r\n<p><a class=\"gb-button gb-button-3d442e11 gb-button-text\" href=\"https:\/\/zecovalve.com\/tr\/contact\/\" target=\"_blank\" rel=\"noopener noreferrer\"><strong>KARBON \u00c7ELI\u011eI K\u00dcRESEL VANA FIYATI ALIN<\/strong><\/a><\/p>\r\n<\/div>\r\n\r\n\r\n\r\n\r\n<h2 class=\"wp-block-heading\">Karbon \u00c7elik Malzeme Nedir?<\/h2>\r\n\r\n\r\n\r\n<p>Karbon \u00e7eli\u011fi, a\u011f\u0131rl\u0131k\u00e7a 2,%'ye kadar karbon i\u00e7eren bir demir-karbon ala\u015f\u0131m\u0131d\u0131r. Karbon \u00e7elikleri i\u00e7in, di\u011fer ala\u015f\u0131m elementlerinin belirtilen minimum i\u00e7eri\u011fi yoktur, ancak genellikle manganez i\u00e7erirler. Maksimum manganez, silisyum ve bak\u0131r i\u00e7eri\u011fi s\u0131ras\u0131yla a\u011f\u0131rl\u0131k\u00e7a 1,65TP3T, 0,6 a\u011f\u0131rl\u0131k\u00e7a % ve 0,6 a\u011f\u0131rl\u0131k\u00e7a %'den az olmal\u0131d\u0131r.<\/p>\r\n\r\n\r\n\r\n<p>Karbon \u00e7eli\u011fi daha y\u00fcksek s\u0131cakl\u0131klarda kullan\u0131l\u0131r veya termal veya mekanik \u015fokla ilgili bir sorun s\u00f6z konusudur, bu da onlar\u0131 petrol ve petrokimya end\u00fcstrilerinde pop\u00fcler k\u0131lar.<\/p>\r\n\r\n\r\n\r\n<h2 class=\"wp-block-heading\">Karbon \u00c7elik Glob Vanan\u0131n Yap\u0131s\u0131<\/h2>\r\n\r\n\r\n\r\n<p>G\u00f6vde ve kapaklar y\u00fcksek kalitede d\u00f6k\u00fcl\u00fcr ve daha sonra hassas bir \u015fekilde i\u015flenerek gerilim yo\u011funla\u015fmas\u0131n\u0131n \u00f6nlenmesine dikkat edilir. Kapaklar ya sadece tek par\u00e7adan yap\u0131l\u0131r - boyunduruk daha sonra bunun ayr\u0131lmaz bir par\u00e7as\u0131d\u0131r - ya da glob vanan\u0131n boyutuna ba\u011fl\u0131 olarak iki par\u00e7aya sahiptir. Bu, g\u00f6vde ile m\u00fckemmel bir hizalama sa\u011flayarak do\u011fru bir a\u00e7ma ve kapama sa\u011flar. Glob vanalar\u0131n g\u00f6vdeleri, s\u00fcrg\u00fcl\u00fc vanalarla ayn\u0131 \u00f6zellikler g\u00f6z \u00f6n\u00fcnde bulundurularak tasarlan\u0131r; bu durumda disk, titre\u015fimleri \u00f6nlemek ve daha iyi bir oturma sa\u011flamak i\u00e7in daha b\u00fcy\u00fck vana boyutlar\u0131nda veya y\u00fcksek bas\u0131n\u00e7l\u0131 servislerde y\u00f6nlendirilir. G\u00f6vde-bonet contas\u0131n\u0131n tasar\u0131m\u0131 glob vanan\u0131n s\u0131n\u0131f\u0131na ba\u011fl\u0131 olarak de\u011fi\u015fir. S\u0131n\u0131f 150 ila 600 glob vanalar, grafit veya spiral sarg\u0131l\u0131 bir conta ile dairesel bir erkek-di\u015fi ba\u011flant\u0131s\u0131ndan olu\u015fur. S\u0131n\u0131f 900 ve \u00fczeri glob vanalar halka tipi bir ba\u011flant\u0131dan olu\u015fur.<\/p>\r\n\r\n\r\n\r\n<p>Bas\u0131n\u00e7l\u0131 conta tasar\u0131mlar\u0131nda s\u0131zd\u0131rmazl\u0131k, hatt\u0131n i\u00e7 bas\u0131nc\u0131ndan yararlanan bir conta arac\u0131l\u0131\u011f\u0131yla sa\u011flan\u0131r. En yayg\u0131n olarak kullan\u0131lan malzeme, g\u00f6vde ile g\u00f6vde tutucu halkas\u0131 aras\u0131nda bulunan y\u00fcksek safl\u0131kta grafittir.<\/p>\r\n\r\n\r\n\r\n<h2 class=\"wp-block-heading\">Karbon \u00c7elik Glob Vana \u00dcr\u00fcn Yelpazesi<\/h2>\r\n\r\n\r\n\r\n<ul class=\"wp-block-list\">\r\n<li>G\u00f6vde malzemesi: paslanmaz \u00e7elik, karbon \u00e7eli\u011fi, d\u00f6vme \u00e7elik, ala\u015f\u0131ml\u0131 \u00e7elik<\/li>\r\n<li>Nominal \u00e7ap: 1\/2\u2033\uff5e24\u2033<\/li>\r\n<li>Bas\u0131n\u00e7 aral\u0131\u011f\u0131: S\u0131n\u0131f150\uff5e2500<\/li>\r\n<li>U\u00e7 ba\u011flant\u0131s\u0131: RF, RTJ, BW<\/li>\r\n<li>\u00c7al\u0131\u015fma s\u0131cakl\u0131\u011f\u0131: -29 \u2103 \uff5e 560 \u2103<\/li>\r\n<li>Operasyon: El \u00c7ark\u0131, Di\u015fli Kutusu, Elektrikli Akt\u00fcat\u00f6r, vb.<\/li>\r\n<\/ul>\r\n\r\n\r\n\r\n<h2 class=\"wp-block-heading\" id=\"h-specifications-of-carbon-steel-globe-valve\">Karbon \u00c7elik Glob Vana \u00d6zellikleri<\/h2>\r\n\r\n\r\n\r\n<ul class=\"wp-block-list\">\r\n<li>Y\u00fcz y\u00fcze standart: ASME B16.10<\/li>\r\n<li>Flan\u015f boyutlar\u0131: ASME B16.5<\/li>\r\n<li>Tasar\u0131m: ASME B16.34 \/ BS1873<\/li>\r\n<li>Test edin: API 598<\/li>\r\n<\/ul>\r\n\r\n\r\n\r\n<h2 class=\"wp-block-heading\">Karbon \u00c7elik Glob Vana \u00d6zellikleri<\/h2>\r\n\r\n\r\n\r\n<ul class=\"wp-block-list\">\r\n<li>T\u00fcrb\u00fclans\u0131 ve ak\u0131\u015f kay\u0131plar\u0131n\u0131 en aza indiren iyi tasarlanm\u0131\u015f g\u00f6vdeler;<\/li>\r\n<li>Arka oturma d\u00fczeni, Vana tamamen a\u00e7\u0131k konumdayken salmastran\u0131n de\u011fi\u015ftirilmesine izin verir ve iki farkl\u0131 disk tasar\u0131m\u0131nda mevcuttur ON \/ OFF tipi ve Ak\u0131\u015f kontrol tipi;<\/li>\r\n<li>Sorunsuz performans sa\u011flamak i\u00e7in, oturma y\u00fczeyleri hassas bir \u015fekilde i\u015flenmi\u015f ve m\u00fckemmel bir \u015fekilde al\u0131\u015ft\u0131r\u0131lm\u0131\u015ft\u0131r;<\/li>\r\n<li>Opsiyonel Kilitleme Cihaz\u0131 veya K\u00f6k Uzatma Bas\u0131n\u00e7 s\u0131zd\u0131rmazl\u0131k ba\u015fl\u0131\u011f\u0131;<\/li>\r\n<li>\u0130ste\u011fe Ba\u011fl\u0131 ISO 5211'e Do\u011frudan Montaj.<\/li>\r\n<\/ul>","protected":false},"excerpt":{"rendered":"<p>Karbon \u00e7elik k\u00fcresel vana, zorla kapat\u0131lm\u0131\u015f bir vanad\u0131r, vana kapatma, s\u0131zd\u0131rmazl\u0131\u011f\u0131 zorlamak i\u00e7in disk bas\u0131nc\u0131na uygulanmal\u0131d\u0131r\u2026 <a title=\"Karbon \u00c7elik Glob Vana\" class=\"read-more\" href=\"https:\/\/zecovalve.com\/tr\/urun\/carbon-steel-globe-valve\" aria-label=\"Karbon \u00c7elik Glob Vana hakk\u0131nda daha fazla bilgi\">Daha fazla bilgi edinin<\/a><\/p>","protected":false},"featured_media":27912,"comment_status":"closed","ping_status":"closed","template":"","meta":{"_generate-full-width-content":"","kt_blocks_editor_width":""},"product_cat":[2049],"product_tag":[2658],"class_list":["post-17522","product","type-product","status-publish","has-post-thumbnail","hentry","product_cat-globe-valve","product_tag-isolation-valve","sales-flash-overlay","woocommerce-text-align-center","woocommerce-image-align-center","do-quantity-buttons"],"featured_image_src_large":["https:\/\/zecovalve.com\/wp-content\/uploads\/2022\/06\/Carbon-Steel-Globe-Valve.jpg",800,600,false],"author_info":[],"comment_info":0,"taxonomy_info":{"product_cat":[{"value":2049,"label":"Globe Valve"}],"product_tag":[{"value":2658,"label":"Isolation Valve"}]},"yoast_head":"<!-- This site is optimized with the Yoast SEO Premium plugin v15.4 - https:\/\/yoast.com\/wordpress\/plugins\/seo\/ -->\n<title>Carbon Steel Globe Valve - Carbon Steel\/WCB Globe Valve | ZECO Valve<\/title>\n<meta name=\"robots\" content=\"index, follow, max-snippet:-1, max-image-preview:large, max-video-preview:-1\" \/>\n<link rel=\"canonical\" href=\"https:\/\/zecovalve.com\/tr\/urun\/carbon-steel-globe-valve\" \/>\n<meta property=\"og:locale\" content=\"tr_TR\" \/>\n<meta property=\"og:type\" content=\"article\" \/>\n<meta property=\"og:title\" content=\"Carbon Steel Globe Valve - Carbon Steel\/WCB Globe Valve | ZECO Valve\" \/>\n<meta property=\"og:description\" content=\"Carbon steel globe valve is a forced sealed valve, valve closure, must be applied to the disc pressure to force the sealing ... Read more\" \/>\n<meta property=\"og:url\" content=\"https:\/\/zecovalve.com\/tr\/urun\/carbon-steel-globe-valve\" \/>\n<meta property=\"og:site_name\" content=\"ZECO Valve\" \/>\n<meta property=\"article:modified_time\" content=\"2023-06-15T14:01:42+00:00\" \/>\n<meta property=\"og:image\" content=\"https:\/\/zecovalve.com\/wp-content\/uploads\/2022\/06\/Carbon-Steel-Globe-Valve.jpg\" \/>\n\t<meta property=\"og:image:width\" content=\"800\" \/>\n\t<meta property=\"og:image:height\" content=\"600\" \/>\n<meta name=\"twitter:card\" content=\"summary_large_image\" \/>\n<meta name=\"twitter:label1\" content=\"Yazan:\">\n\t<meta name=\"twitter:data1\" content=\"Jerry\">\n\t<meta name=\"twitter:label2\" content=\"Tahmini okuma s\u00fcresi\">\n\t<meta name=\"twitter:data2\" content=\"2 dakika\">\n<script type=\"application\/ld+json\" class=\"yoast-schema-graph\">{\"@context\":\"https:\/\/schema.org\",\"@graph\":[{\"@type\":\"WebSite\",\"@id\":\"https:\/\/zecovalve.com\/#website\",\"url\":\"https:\/\/zecovalve.com\/\",\"name\":\"ZECO Valve\",\"description\":\"Industrial Ball Valve, Gate Valve and Globe Valve Manufacturer\",\"potentialAction\":[{\"@type\":\"SearchAction\",\"target\":\"https:\/\/zecovalve.com\/?s={search_term_string}\",\"query-input\":\"required name=search_term_string\"}],\"inLanguage\":\"tr\"},{\"@type\":\"ImageObject\",\"@id\":\"https:\/\/zecovalve.com\/product\/carbon-steel-globe-valve#primaryimage\",\"inLanguage\":\"tr\",\"url\":\"https:\/\/zecovalve.com\/wp-content\/uploads\/2022\/06\/Carbon-Steel-Globe-Valve.jpg\",\"width\":800,\"height\":600,\"caption\":\"Carbon Steel Globe Valve\"},{\"@type\":\"WebPage\",\"@id\":\"https:\/\/zecovalve.com\/product\/carbon-steel-globe-valve#webpage\",\"url\":\"https:\/\/zecovalve.com\/product\/carbon-steel-globe-valve\",\"name\":\"Carbon Steel Globe Valve - Carbon Steel\/WCB Globe Valve | ZECO Valve\",\"isPartOf\":{\"@id\":\"https:\/\/zecovalve.com\/#website\"},\"primaryImageOfPage\":{\"@id\":\"https:\/\/zecovalve.com\/product\/carbon-steel-globe-valve#primaryimage\"},\"datePublished\":\"2022-06-28T02:47:32+00:00\",\"dateModified\":\"2023-06-15T14:01:42+00:00\",\"breadcrumb\":{\"@id\":\"https:\/\/zecovalve.com\/product\/carbon-steel-globe-valve#breadcrumb\"},\"inLanguage\":\"tr\",\"potentialAction\":[{\"@type\":\"ReadAction\",\"target\":[\"https:\/\/zecovalve.com\/product\/carbon-steel-globe-valve\"]}]},{\"@type\":\"BreadcrumbList\",\"@id\":\"https:\/\/zecovalve.com\/product\/carbon-steel-globe-valve#breadcrumb\",\"itemListElement\":[{\"@type\":\"ListItem\",\"position\":1,\"item\":{\"@type\":\"WebPage\",\"@id\":\"https:\/\/zecovalve.com\/\",\"url\":\"https:\/\/zecovalve.com\/\",\"name\":\"Home\"}},{\"@type\":\"ListItem\",\"position\":2,\"item\":{\"@type\":\"WebPage\",\"@id\":\"https:\/\/zecovalve.com\/product-category\",\"url\":\"https:\/\/zecovalve.com\/product-category\",\"name\":\"Industrial Valve Manufacturer | Water Valve Manufacturer\"}},{\"@type\":\"ListItem\",\"position\":3,\"item\":{\"@type\":\"WebPage\",\"@id\":\"https:\/\/zecovalve.com\/product\/carbon-steel-globe-valve\",\"url\":\"https:\/\/zecovalve.com\/product\/carbon-steel-globe-valve\",\"name\":\"Carbon Steel Globe Valve\"}}]}]}<\/script>\n<!-- \/ Yoast SEO Premium plugin. -->","_links":{"self":[{"href":"https:\/\/zecovalve.com\/tr\/wp-json\/wp\/v2\/product\/17522","targetHints":{"allow":["GET"]}}],"collection":[{"href":"https:\/\/zecovalve.com\/tr\/wp-json\/wp\/v2\/product"}],"about":[{"href":"https:\/\/zecovalve.com\/tr\/wp-json\/wp\/v2\/types\/product"}],"replies":[{"embeddable":true,"href":"https:\/\/zecovalve.com\/tr\/wp-json\/wp\/v2\/comments?post=17522"}],"wp:featuredmedia":[{"embeddable":true,"href":"https:\/\/zecovalve.com\/tr\/wp-json\/wp\/v2\/media\/27912"}],"wp:attachment":[{"href":"https:\/\/zecovalve.com\/tr\/wp-json\/wp\/v2\/media?parent=17522"}],"wp:term":[{"taxonomy":"product_cat","embeddable":true,"href":"https:\/\/zecovalve.com\/tr\/wp-json\/wp\/v2\/product_cat?post=17522"},{"taxonomy":"product_tag","embeddable":true,"href":"https:\/\/zecovalve.com\/tr\/wp-json\/wp\/v2\/product_tag?post=17522"}],"curies":[{"name":"wp","href":"https:\/\/api.w.org\/{rel}","templated":true}]}}