{"id":17524,"date":"2022-06-28T02:50:27","date_gmt":"2022-06-28T02:50:27","guid":{"rendered":"https:\/\/zecovalve.com\/?post_type=product&#038;p=17524"},"modified":"2023-06-15T13:15:14","modified_gmt":"2023-06-15T13:15:14","slug":"slab-through-conduit-gate-valve","status":"publish","type":"product","link":"https:\/\/zecovalve.com\/tr\/urun\/slab-through-conduit-gate-valve","title":{"rendered":"D\u00f6\u015feme Kanall\u0131 S\u00fcrg\u00fcl\u00fc Vana"},"content":{"rendered":"<div class=\"col-xs-12\">\n<div class=\"rbt\">\n<h1>D\u00f6\u015feme Kanall\u0131 S\u00fcrg\u00fcl\u00fc Vana<\/h1>\n<\/div>\n<\/div>\n<div class=\"text\">\n<div id=\"productdetail\">\n<div class=\"col-xs-12\">\n<div class=\"underline-solid\"><\/div>\n<\/div>\n<div id=\"productdetail_img\" class=\"col-md-5 col-sm-6 col-xs-12\">\n<div class=\"product\">\n<figure id=\"attachment_16156\" aria-describedby=\"caption-attachment-16156\" style=\"width: 290px\" class=\"wp-caption alignnone\"><img loading=\"lazy\" decoding=\"async\" class=\"size-medium wp-image-16156\" src=\"https:\/\/zecovalve.com\/wp-content\/uploads\/2022\/06\/through-conduit-gate-valve-300x225.jpg\" alt=\"Kanal S\u00fcrg\u00fcl\u00fc Vana\" width=\"300\" height=\"225\" srcset=\"https:\/\/zecovalve.com\/wp-content\/uploads\/2022\/06\/through-conduit-gate-valve-300x225.jpg 300w, https:\/\/zecovalve.com\/wp-content\/uploads\/2022\/06\/through-conduit-gate-valve-768x576.jpg 768w, https:\/\/zecovalve.com\/wp-content\/uploads\/2022\/06\/through-conduit-gate-valve-600x450.jpg 600w, https:\/\/zecovalve.com\/wp-content\/uploads\/2022\/06\/through-conduit-gate-valve.jpg 800w\" sizes=\"auto, (max-width: 300px) 100vw, 300px\" \/><figcaption id=\"caption-attachment-16156\" class=\"wp-caption-text\">D\u00f6\u015feme Kanall\u0131 S\u00fcrg\u00fcl\u00fc Vana<\/figcaption><\/figure>\n<\/div>\n<\/div>\n<div id=\"productdetail_txt\" class=\"col-md-7 col-sm-6 col-xs-12\">\n<p><strong>D\u00f6\u015feme Kanall\u0131 S\u00fcrg\u00fcl\u00fc Vana<\/strong>Zeco&#039;nun kanal ge\u00e7i\u015f valfleri levhas\u0131, hem d\u00fc\u015f\u00fck hem de y\u00fcksek diferansiyel bas\u0131n\u00e7 alt\u0131nda yukar\u0131 ve a\u015fa\u011f\u0131 y\u00f6nde kabarc\u0131k s\u0131zd\u0131rmaz bir kapatma i\u00e7in tam delikli bir port, y\u00fckselen g\u00f6vde OS&amp;Y ve y\u00fczer yuvalar ve kap\u0131, bas\u0131n\u00e7la enerjilendirilmi\u015f olarak \u00fcretilir.<\/p>\n<\/div>\n<\/div>\n<div id=\"myTabContent\" class=\"tab-content\">\n<div id=\"page1\" class=\"tab-pane fade in active\">\n<div class=\"col-xs-12\">\n<div class=\"\">\n<p><strong>Prensip<\/strong><strong>:<\/strong><strong>\u00a0<\/strong><\/p>\n<p>\u00c7ift blok ve bo\u015faltma \u00f6zelli\u011fi ve a\u015f\u0131r\u0131 v\u00fccut bas\u0131nc\u0131n\u0131n otomatik olarak hafifletilmesi bu koltuk tasar\u0131m\u0131n\u0131n standart bir \u00f6zelli\u011fidir. P\u00fcr\u00fczs\u00fcz, s\u00fcrekli delik, vana i\u00e7indeki t\u00fcrb\u00fclans\u0131 en aza indirir ve a\u00e7\u0131k konumdayken, ayn\u0131 uzunluk ve \u00e7aptaki boru k\u0131sm\u0131na e\u015fde\u011fer bir bas\u0131n\u00e7 d\u00fc\u015f\u00fc\u015f\u00fc \u00fcretir. Oturma y\u00fczeyleri ak\u0131\u015f ak\u0131\u015f\u0131n\u0131n d\u0131\u015f\u0131ndad\u0131r ve bu nedenle ak\u0131\u015f\u0131n a\u015f\u0131nd\u0131r\u0131c\u0131 etkisinden korunur. Domuzlar ve kaz\u0131y\u0131c\u0131lar vanadan zarar g\u00f6rmeden ge\u00e7irilebilir.<\/p>\n<p align=\"justify\"><strong>\u00d6zellikler<\/strong><strong>\uff1a<\/strong><\/p>\n<p align=\"justify\">1. Koltuk o-tipi halka ve y\u00fczer koltuk yap\u0131s\u0131d\u0131r, d\u00fcz valf ithalat ve ihracat contas\u0131 yapar; Ve ortak valf i\u00e7in a\u00e7ma ve kapama momentinin yap\u0131s\u0131 yaln\u0131zca 1\/2 olup, valfi kolayca a\u00e7\u0131p kapatabilir;<\/p>\n<p align=\"justify\">2. Tamamen a\u00e7\u0131k oldu\u011funda, kanal d\u00fcz ila do\u011frusald\u0131r, ak\u0131\u015f direnci katsay\u0131s\u0131 k\u00fc\u00e7\u00fckt\u00fcr, bas\u0131n\u00e7 kayb\u0131, temizleme hatt\u0131n\u0131 ba\u011flayabilir;<\/p>\n<p align=\"justify\">3. S\u0131zd\u0131rmazl\u0131k kabiliyetine sahip paketleme yap\u0131s\u0131 ile, s\u00fcrekli ayar gerektirmeden, \u00e7ok hafif a\u00e7ma ve kapama \u00f6zellikleri ve s\u0131zd\u0131rmazl\u0131k g\u00fcvenilirdir, salmastra kutusu yard\u0131mc\u0131 bir s\u0131zd\u0131rmazl\u0131k gres enjeksiyon yap\u0131s\u0131 yerle\u015ftirir, s\u0131zd\u0131rmaz performanslar kesinlikle g\u00fcvenilirdir ve ger\u00e7ek bir s\u0131f\u0131r s\u0131z\u0131nt\u0131 elde eder; Ortak valfi \u00e7\u00f6z\u00fcn k\u00f6t\u00fcl\u00fcklerin en kolay s\u0131zd\u0131\u011f\u0131 yeri paketleme;<\/p>\n<p align=\"justify\">4. Valf kapal\u0131yken, l\u00fcmen y\u00fcksek bas\u0131nc\u0131 otomatik olarak bo\u015falt\u0131labilir, g\u00fcvenli \u00e7al\u0131\u015fma sa\u011flan\u0131r;<\/p>\n<p align=\"justify\">5. Tamamen kapal\u0131 yap\u0131, koruyucu performans iyidir, gereksinimlere uygundur.<\/p>\n<p align=\"justify\"><strong>\u00dcr\u00fcn Yelpazesi:<\/strong><\/p>\n<p>G\u00f6vde malzemesi: paslanmaz \u00e7elik, karbon \u00e7eli\u011fi, d\u00f6vme \u00e7elik, ala\u015f\u0131ml\u0131 \u00e7elik<\/p>\n<p>Nominal \u00e7ap: 1\/2\u2033~48\u2033<\/p>\n<p>Bas\u0131n\u00e7 aral\u0131\u011f\u0131: Class150~1500<\/p>\n<p>Son ba\u011flant\u0131: FF, RF, RTJ, BW<\/p>\n<p>\u00c7al\u0131\u015fma s\u0131cakl\u0131\u011f\u0131:-196\u00b0C~593\u00b0C<\/p>\n<p>Operasyon: El \u00c7ark\u0131, Di\u015fli Kutusu, Elektrikli Akt\u00fcat\u00f6r, vb.<\/p>\n<p>&nbsp;<\/p>\n<table class=\"ke-zeroborder\" border=\"0\" cellspacing=\"0\">\n<tbody>\n<tr>\n<td valign=\"center\" width=\"112\">Marka<\/td>\n<td valign=\"center\" width=\"770\">Zeco<\/td>\n<\/tr>\n<tr>\n<td valign=\"center\" width=\"112\">Valf Tipi<\/td>\n<td valign=\"center\" width=\"770\">D\u00f6\u015feme Kanall\u0131 S\u00fcrg\u00fcl\u00fc Vana<\/td>\n<\/tr>\n<tr>\n<td valign=\"center\" width=\"112\">Valf Malzemesi<\/td>\n<td valign=\"center\" width=\"770\">D\u00f6kme \u00e7elik, paslanmaz \u00e7elik, \u00f6zel ala\u015f\u0131m, vb.<\/td>\n<\/tr>\n<tr>\n<td valign=\"center\" width=\"112\">Valf Testi<\/td>\n<td valign=\"center\" width=\"770\">100% miktar\u0131 teslimattan \u00f6nce test edilmi\u015ftir<\/td>\n<\/tr>\n<tr>\n<td valign=\"center\" width=\"112\">Valf Garantisi<\/td>\n<td valign=\"center\" width=\"770\">Fabrika \u00e7\u0131k\u0131\u015fl\u0131 sevkiyat tarihinden itibaren 18 ay veya emtia kurulum tarihinden itibaren 12 ay.<\/td>\n<\/tr>\n<tr>\n<td valign=\"center\" width=\"112\">Valf Boyama<\/td>\n<td valign=\"center\" width=\"770\">M\u00fc\u015fteri talebi<\/td>\n<\/tr>\n<tr>\n<td valign=\"center\" width=\"112\">Valf Paketi<\/td>\n<td valign=\"center\" width=\"770\">Tahta sand\u0131k<\/td>\n<\/tr>\n<tr>\n<td valign=\"center\" width=\"112\">ADEDI<\/td>\n<td valign=\"center\" width=\"770\">Gereklilik yok<\/td>\n<\/tr>\n<tr>\n<td valign=\"center\" width=\"112\">Valf Sertifikas\u0131<\/td>\n<td valign=\"center\" width=\"770\">API 6D\/CE\/ISO9001\/ISO14001<\/td>\n<\/tr>\n<tr>\n<td valign=\"center\" width=\"112\">Teslimat Detay\u0131<\/td>\n<td valign=\"center\" width=\"770\">\u00d6deme yap\u0131ld\u0131ktan sonra 4 veya 6 hafta i\u00e7inde g\u00f6nderilir<\/td>\n<\/tr>\n<tr>\n<td valign=\"center\" width=\"112\">Liman<\/td>\n<td valign=\"center\" width=\"770\">\u015eANGHAY<\/td>\n<\/tr>\n<tr>\n<td valign=\"center\" width=\"112\">\u00d6deme Ko\u015fullar\u0131<\/td>\n<td valign=\"center\" width=\"770\">L\/C, D\/A, D\/P, T\/T<\/td>\n<\/tr>\n<tr>\n<td valign=\"center\" width=\"112\">Sunulan Sertifika<\/td>\n<td valign=\"center\" width=\"770\">Paketleme Listesi, Ticari Fatura, Test Raporlar\u0131 ve Malzeme Sertifikalar\u0131, Kalite ve Miktar Sertifikas\u0131, Sat\u0131c\u0131n\u0131n Garanti Belgesi<\/td>\n<\/tr>\n<\/tbody>\n<\/table>\n<p><img loading=\"lazy\" decoding=\"async\" class=\"alignnone size-medium wp-image-17509\" src=\"https:\/\/zecovalve.com\/wp-content\/uploads\/2022\/06\/20190205124042_9202-300x182.jpg\" alt=\"\" width=\"300\" height=\"182\" srcset=\"https:\/\/zecovalve.com\/wp-content\/uploads\/2022\/06\/20190205124042_9202-300x182.jpg 300w, https:\/\/zecovalve.com\/wp-content\/uploads\/2022\/06\/20190205124042_9202-600x365.jpg 600w, https:\/\/zecovalve.com\/wp-content\/uploads\/2022\/06\/20190205124042_9202.jpg 750w\" sizes=\"auto, (max-width: 300px) 100vw, 300px\" \/><\/p>\n<\/div>\n<\/div>\n<\/div>\n<\/div>\n<\/div>","protected":false},"excerpt":{"rendered":"<p>Boru Ge\u00e7i\u015fli D\u00f6\u015feme Valf\u0131 Boru Ge\u00e7i\u015fli D\u00f6\u015feme Valf\u0131Zeco&#039;nun boru ge\u00e7i\u015fli valfleri, tam ge\u00e7i\u015fli bir port ile \u00fcretilmektedir, \u2026 <a title=\"D\u00f6\u015feme Kanall\u0131 S\u00fcrg\u00fcl\u00fc Vana\" class=\"read-more\" href=\"https:\/\/zecovalve.com\/tr\/urun\/slab-through-conduit-gate-valve\" aria-label=\"Boru Ge\u00e7i\u015fli Vana \u00dczerinden D\u00f6\u015feme hakk\u0131nda daha fazla bilgi\">Daha fazla bilgi edinin<\/a><\/p>","protected":false},"featured_media":27899,"comment_status":"closed","ping_status":"closed","template":"","meta":{"_generate-full-width-content":"","kt_blocks_editor_width":""},"product_cat":[2052,2456],"product_tag":[2658,2798],"class_list":["post-17524","product","type-product","status-publish","has-post-thumbnail","hentry","product_cat-gate-valve","product_cat-gate-valve-by-form","product_tag-isolation-valve","product_tag-osy-valve","sales-flash-overlay","woocommerce-text-align-center","woocommerce-image-align-center","do-quantity-buttons"],"featured_image_src_large":["https:\/\/zecovalve.com\/wp-content\/uploads\/2022\/06\/Slab-Through-Conduit-Gate-Valve.jpg",800,600,false],"author_info":[],"comment_info":0,"taxonomy_info":{"product_cat":[{"value":2052,"label":"Gate Valve"},{"value":2456,"label":"Gate Valve By Form"}],"product_tag":[{"value":2658,"label":"Isolation Valve"},{"value":2798,"label":"OS&amp;Y Valve"}]},"yoast_head":"<!-- This site is optimized with the Yoast SEO Premium plugin v15.4 - https:\/\/yoast.com\/wordpress\/plugins\/seo\/ -->\n<title>Slab Through Conduit Gate Valve - ZECO Valve<\/title>\n<meta name=\"robots\" content=\"index, follow, max-snippet:-1, max-image-preview:large, max-video-preview:-1\" \/>\n<link rel=\"canonical\" href=\"https:\/\/zecovalve.com\/tr\/urun\/slab-through-conduit-gate-valve\" \/>\n<meta property=\"og:locale\" content=\"tr_TR\" \/>\n<meta property=\"og:type\" content=\"article\" \/>\n<meta property=\"og:title\" content=\"Slab Through Conduit Gate Valve - ZECO Valve\" \/>\n<meta property=\"og:description\" content=\"Slab Through Conduit Gate Valve Slab Through Conduit Gate ValveZeco&#8217;s slab through conduit gate valves are manufactured with a full bore port, ... Read more\" \/>\n<meta property=\"og:url\" content=\"https:\/\/zecovalve.com\/tr\/urun\/slab-through-conduit-gate-valve\" \/>\n<meta property=\"og:site_name\" content=\"ZECO Valve\" \/>\n<meta property=\"article:modified_time\" content=\"2023-06-15T13:15:14+00:00\" \/>\n<meta property=\"og:image\" content=\"https:\/\/zecovalve.com\/wp-content\/uploads\/2022\/06\/Slab-Through-Conduit-Gate-Valve.jpg\" \/>\n\t<meta property=\"og:image:width\" content=\"800\" \/>\n\t<meta property=\"og:image:height\" content=\"600\" \/>\n<meta name=\"twitter:card\" content=\"summary_large_image\" \/>\n<meta name=\"twitter:label1\" content=\"Yazan:\">\n\t<meta name=\"twitter:data1\" content=\"Jerry\">\n\t<meta name=\"twitter:label2\" content=\"Tahmini okuma s\u00fcresi\">\n\t<meta name=\"twitter:data2\" content=\"2 dakika\">\n<script type=\"application\/ld+json\" class=\"yoast-schema-graph\">{\"@context\":\"https:\/\/schema.org\",\"@graph\":[{\"@type\":\"WebSite\",\"@id\":\"https:\/\/zecovalve.com\/#website\",\"url\":\"https:\/\/zecovalve.com\/\",\"name\":\"ZECO Valve\",\"description\":\"Industrial Ball Valve, Gate Valve and Globe Valve Manufacturer\",\"potentialAction\":[{\"@type\":\"SearchAction\",\"target\":\"https:\/\/zecovalve.com\/?s={search_term_string}\",\"query-input\":\"required name=search_term_string\"}],\"inLanguage\":\"tr\"},{\"@type\":\"ImageObject\",\"@id\":\"https:\/\/zecovalve.com\/product\/slab-through-conduit-gate-valve#primaryimage\",\"inLanguage\":\"tr\",\"url\":\"https:\/\/zecovalve.com\/wp-content\/uploads\/2022\/06\/Slab-Through-Conduit-Gate-Valve.jpg\",\"width\":800,\"height\":600,\"caption\":\"Slab Through Conduit Gate Valve\"},{\"@type\":\"WebPage\",\"@id\":\"https:\/\/zecovalve.com\/product\/slab-through-conduit-gate-valve#webpage\",\"url\":\"https:\/\/zecovalve.com\/product\/slab-through-conduit-gate-valve\",\"name\":\"Slab Through Conduit Gate Valve - ZECO Valve\",\"isPartOf\":{\"@id\":\"https:\/\/zecovalve.com\/#website\"},\"primaryImageOfPage\":{\"@id\":\"https:\/\/zecovalve.com\/product\/slab-through-conduit-gate-valve#primaryimage\"},\"datePublished\":\"2022-06-28T02:50:27+00:00\",\"dateModified\":\"2023-06-15T13:15:14+00:00\",\"breadcrumb\":{\"@id\":\"https:\/\/zecovalve.com\/product\/slab-through-conduit-gate-valve#breadcrumb\"},\"inLanguage\":\"tr\",\"potentialAction\":[{\"@type\":\"ReadAction\",\"target\":[\"https:\/\/zecovalve.com\/product\/slab-through-conduit-gate-valve\"]}]},{\"@type\":\"BreadcrumbList\",\"@id\":\"https:\/\/zecovalve.com\/product\/slab-through-conduit-gate-valve#breadcrumb\",\"itemListElement\":[{\"@type\":\"ListItem\",\"position\":1,\"item\":{\"@type\":\"WebPage\",\"@id\":\"https:\/\/zecovalve.com\/\",\"url\":\"https:\/\/zecovalve.com\/\",\"name\":\"Home\"}},{\"@type\":\"ListItem\",\"position\":2,\"item\":{\"@type\":\"WebPage\",\"@id\":\"https:\/\/zecovalve.com\/product-category\",\"url\":\"https:\/\/zecovalve.com\/product-category\",\"name\":\"Industrial Valve Manufacturer | Water Valve Manufacturer\"}},{\"@type\":\"ListItem\",\"position\":3,\"item\":{\"@type\":\"WebPage\",\"@id\":\"https:\/\/zecovalve.com\/product\/slab-through-conduit-gate-valve\",\"url\":\"https:\/\/zecovalve.com\/product\/slab-through-conduit-gate-valve\",\"name\":\"Slab Through Conduit Gate Valve\"}}]}]}<\/script>\n<!-- \/ Yoast SEO Premium plugin. -->","_links":{"self":[{"href":"https:\/\/zecovalve.com\/tr\/wp-json\/wp\/v2\/product\/17524","targetHints":{"allow":["GET"]}}],"collection":[{"href":"https:\/\/zecovalve.com\/tr\/wp-json\/wp\/v2\/product"}],"about":[{"href":"https:\/\/zecovalve.com\/tr\/wp-json\/wp\/v2\/types\/product"}],"replies":[{"embeddable":true,"href":"https:\/\/zecovalve.com\/tr\/wp-json\/wp\/v2\/comments?post=17524"}],"wp:featuredmedia":[{"embeddable":true,"href":"https:\/\/zecovalve.com\/tr\/wp-json\/wp\/v2\/media\/27899"}],"wp:attachment":[{"href":"https:\/\/zecovalve.com\/tr\/wp-json\/wp\/v2\/media?parent=17524"}],"wp:term":[{"taxonomy":"product_cat","embeddable":true,"href":"https:\/\/zecovalve.com\/tr\/wp-json\/wp\/v2\/product_cat?post=17524"},{"taxonomy":"product_tag","embeddable":true,"href":"https:\/\/zecovalve.com\/tr\/wp-json\/wp\/v2\/product_tag?post=17524"}],"curies":[{"name":"wp","href":"https:\/\/api.w.org\/{rel}","templated":true}]}}